{"id":479,"date":"2019-04-04T17:07:33","date_gmt":"2019-04-04T15:07:33","guid":{"rendered":"https:\/\/www.zewo.ch\/?page_id=479"},"modified":"2019-11-13T12:02:01","modified_gmt":"2019-11-13T11:02:01","slug":"der-sinnliche-spendentyp","status":"publish","type":"page","link":"https:\/\/zewo.ch\/de\/der-sinnliche-spendentyp\/","title":{"rendered":"Der sinnliche Spendentyp"},"content":{"rendered":"\n<h2 class=\"wp-block-heading\">Hier finden Sie die Aufl\u00f6sung des Spendentyp Tests<\/h2>\n\n\n\n<svg version=\"1.1\" xmlns=\"http:\/\/www.w3.org\/2000\/svg\" xmlns:xlink=\"http:\/\/www.w3.org\/1999\/xlink\" x=\"0px\" y=\"0px\" width=\"120px\" height=\"120px\" viewBox=\"0 0 120 120\" enable-background=\"new 0 0 120 120\" xml:space=\"preserve\"> \n <style type=\"text\/css\">\n<!--\ncircle { transition: .6s fill;}\ncircle:hover { fill: #F90000; }\ncircle.rot:hover {fill: #000000;}\n-->\n<\/style> \n <title>Sie sind der sinnliche Typ. Hier finden Sie Ideen f\u00fcr sinnvolle Geschenke von Hilfswerken mit Zewo-G\u00fctesiegel.<\/title> \n  <circle class=\"rot\" fill=\"#E41D0C\" cx=\"60\" cy=\"60\" r=\"60\"><\/circle>\n <g id=\"Ebene_1\"> \n  <path fill=\"#FFFFFF\" d=\"M51.18,71.53l-0.82-48.75v-0.7c0-4.3,0.66-7.03,1.99-8.2c0.66-0.59,1.5-0.88,2.52-0.88\n\t\t\tc5.7,0,10.16,1.84,13.36,5.51c3.2,3.67,4.8,8.4,4.8,14.18c0,3.63-0.96,7.4-2.87,11.31c-1.91,3.91-4.2,6.82-6.86,8.73\n\t\t\tc4.88,3.28,8.37,7.45,10.46,12.51c2.09,5.06,3.13,10.36,3.13,15.91c0,2.93-0.73,5.94-2.2,9.02c-1.46,3.09-2.93,5.55-4.39,7.38\n\t\t\tc-1.46,1.84-3.39,3.38-5.77,4.63c-2.38,1.25-5,1.88-7.85,1.88h-0.47c-3.75,0-5.62-1-5.62-2.99L51.18,71.53z M58.56,19.79\n\t\t\tc-1.13,0-1.7,1.44-1.7,4.31s0.08,7.38,0.23,13.54c0.16,6.15,0.23,10.62,0.23,13.39c2.07-0.47,3.85-2.19,5.33-5.16\n\t\t\tc1.21-2.5,2.21-4.91,2.99-7.24c0.78-2.32,1.29-3.76,1.52-4.31v-4.28c0-2.34-0.87-4.64-2.61-6.88\n\t\t\tC62.83,20.92,60.83,19.79,58.56,19.79z M67.29,92.27c2.26-3.05,3.4-6.56,3.4-10.55s-0.33-7.49-1-10.52\n\t\t\tc-0.67-3.03-1.4-5.31-2.2-6.86c-0.8-1.54-1.73-2.86-2.78-3.96c-1.29-1.33-2.34-2.13-3.16-2.4h-4.28\n\t\t\tc0.39,11.06,0.59,24.32,0.59,39.79C61.88,97.16,65.03,95.32,67.29,92.27z\"><\/path> \n <\/g> \n<\/svg>\n\n\n\n<p><strong>Sie sind der sinnliche Typ.<\/strong><\/p>\n\n\n\n<p>Sie bereiten gerne \u00adFreude, am liebsten mehrfach\u200a: Mit einem sinnvollen Geschenk \u00fcberraschen Sie liebe Menschen, geben ein pers\u00f6nliches Anliegen weiter und unterst\u00fctzen erst noch eine gute Sache. Die Auswahl ist gross. Handwerklich gefertigte Produkte aus sozialen Werkst\u00e4tten, Produkte aus fairem Handel oder Geschenke, bei denen ein Teil des Verkaufspreises einem gemeinn\u00fctzigen Zweck zugutekommt.<\/p>\n\n\n\n<p><strong>Tipp\u2002<\/strong>Hier&nbsp;finden Sie Ideen f\u00fcr <a rel=\"noreferrer noopener\" aria-label=\" (\u00f6ffnet in neuem Tab)\" href=\"\/sinnvoll-schenken\/\" target=\"_blank\">sinnvolle Geschenke<\/a> von \u00adHilfswerken mit Zewo-G\u00fctesiegel.<\/p>\n\n\n\n<div class=\"wp-block-cgb-block-zewo-block-button ab-block-button\"><a href=\"\/de\/welcher-spendentyp-bin-ich\/\" class=\"button primary\"><span class=\"button-arrow\"><\/span>zur\u00fcck zum Spendertyp-Test<\/a><\/div>\n\n\n\n<div class=\"wp-block-cgb-block-zewo-block-columns-container container bg-color-light-gray\"><div class=\"grid-x grid-margin-x\" data-columns=\"3\">\n<div class=\"cell small-12 medium-6\"><div class=\"wp-block-cgb-block-zewo-block-image-text-teaser ab-block-cta\"><div class=\"ab-cta-image-wrap bg-color-secondary\"><img decoding=\"async\" class=\"ab-cta-image\" src=\"https:\/\/zewo.ch\/wp-content\/uploads\/2019\/05\/Mit-Spenden-Steuern-sparen.png\" alt=\"Mit gutem Gewissen Steuern sparen\"\/><\/div><div class=\"ab-cta-content\"><h2 class=\"ab-cta-title\">Mit gutem Gewissen Steuern sparen<\/h2><div class=\"ab-cta-text\">\n<p>Welche Abz\u00fcge sind erlaubt? Der aktuelle \u00dcberblick zeigt Spenderinnen und Spendern, was sie in ihrem Kanton beachten sollten.<\/p>\n<\/div><\/div><div class=\"ab-cta-button\"><a href=\"\/de\/spenden-von-der-steuer-abziehen\/\" target=\"_self\" rel=\"noopener noreferrer\" class=\"button primary button-teaser\"><span class=\"button-arrow\"><\/span>Zur \u00dcbersicht<\/a><\/div><a href=\"\/de\/spenden-von-der-steuer-abziehen\/\" target=\"_self\" rel=\"noopener noreferrer\" class=\"button-teaser--is-full\"><\/a><\/div><\/div>\n\n\n\n<div class=\"cell small-12 medium-6\"><div class=\"wp-block-cgb-block-zewo-block-image-text-teaser ab-block-cta\"><div class=\"ab-cta-image-wrap bg-color-secondary\"><img decoding=\"async\" class=\"ab-cta-image\" src=\"https:\/\/zewo.ch\/wp-content\/uploads\/2019\/05\/ha\u0308ufige-fragen-7.png\" alt=\"H\u00e4ufige Fragen und Antworten rund ums Spenden\"\/><\/div><div class=\"ab-cta-content\"><h2 class=\"ab-cta-title\">H\u00e4ufige Fragen rund ums Spenden<\/h2><div class=\"ab-cta-text\">\n<p>Der Spenden-Ratgeber der Zewo gibt Ihnen Auskunft zu den wichtigsten Fragen rund ums Spenden.<\/p>\n<\/div><\/div><div class=\"ab-cta-button\"><a href=\"\/de\/fragen-und-antworten-rund-ums-spenden\/\" target=\"_self\" rel=\"noopener noreferrer\" class=\"button primary button-teaser\"><span class=\"button-arrow\"><\/span>Jetzt ansehen<\/a><\/div><a href=\"\/de\/fragen-und-antworten-rund-ums-spenden\/\" target=\"_self\" rel=\"noopener noreferrer\" class=\"button-teaser--is-full\"><\/a><\/div><\/div>\n\n\n<\/div><\/div>\n","protected":false},"excerpt":{"rendered":"<p>Hier finden Sie die Aufl\u00f6sung des Spendentyp Tests Sie sind der sinnliche Typ. Hier finden Sie Ideen f\u00fcr sinnvolle Geschenke von Hilfswerken mit Zewo-G\u00fctesiegel. Sie sind der sinnliche Typ. Sie bereiten gerne \u00adFreude, am liebsten mehrfach\u200a: Mit einem sinnvollen Geschenk \u00fcberraschen Sie liebe Menschen, geben ein pers\u00f6nliches Anliegen weiter und unterst\u00fctzen erst noch eine gute [&hellip;]<\/p>\n","protected":false},"author":6,"featured_media":0,"parent":0,"menu_order":143,"comment_status":"closed","ping_status":"closed","template":"","meta":{"_acf_changed":false,"footnotes":""},"folder":[6639],"class_list":["post-479","page","type-page","status-publish","hentry"],"acf":[],"yoast_head":"<!-- This site is optimized with the Yoast SEO Premium plugin v27.5 (Yoast SEO v27.5) - https:\/\/yoast.com\/product\/yoast-seo-premium-wordpress\/ -->\n<title>Zewo<\/title>\n<meta name=\"description\" content=\"Sie bereiten gerne \u00adFreude und \u00fcberraschen liebe Menschen mit sinnvollen Geschenken, die einer guten Sache dienen. Hier finden Sie Geschenke von zertifizierten NPO.\" \/>\n<meta name=\"robots\" content=\"index, follow, max-snippet:-1, max-image-preview:large, max-video-preview:-1\" \/>\n<link rel=\"canonical\" href=\"https:\/\/zewo.ch\/de\/der-sinnliche-spendentyp\/\" \/>\n<meta property=\"og:locale\" content=\"de_DE\" \/>\n<meta property=\"og:type\" content=\"article\" \/>\n<meta property=\"og:description\" content=\"Sie bereiten gerne \u00adFreude und \u00fcberraschen liebe Menschen mit sinnvollen Geschenken, die einer guten Sache dienen. Hier finden Sie Geschenke von zertifizierten NPO.\" \/>\n<meta property=\"og:url\" content=\"https:\/\/zewo.ch\/de\/der-sinnliche-spendentyp\/\" \/>\n<meta property=\"og:site_name\" content=\"Zewo\" \/>\n<meta property=\"article:publisher\" content=\"https:\/\/www.facebook.com\/Stiftung.ZEWO\/\" \/>\n<meta property=\"article:modified_time\" content=\"2019-11-13T11:02:01+00:00\" \/>\n<meta name=\"twitter:card\" content=\"summary_large_image\" \/>\n<meta name=\"twitter:site\" content=\"@stiftung_zewo\" \/>\n<meta name=\"twitter:label1\" content=\"Gesch\u00e4tzte Lesezeit\" \/>\n\t<meta name=\"twitter:data1\" content=\"1\u00a0Minute\" \/>\n<script type=\"application\/ld+json\" class=\"yoast-schema-graph\">{\"@context\":\"https:\\\/\\\/schema.org\",\"@graph\":[{\"@type\":\"WebPage\",\"@id\":\"https:\\\/\\\/zewo.ch\\\/de\\\/der-sinnliche-spendentyp\\\/#webpage\",\"url\":\"https:\\\/\\\/zewo.ch\\\/de\\\/der-sinnliche-spendentyp\\\/#webpage\",\"name\":\"\",\"isPartOf\":{\"@id\":\"https:\\\/\\\/zewo.ch\\\/de\\\/#website\"},\"datePublished\":\"2019-04-04T15:07:33+00:00\",\"dateModified\":\"2019-11-13T11:02:01+00:00\",\"description\":\"Sie bereiten gerne \u00adFreude und \u00fcberraschen liebe Menschen mit sinnvollen Geschenken, die einer guten Sache dienen. Hier finden Sie Geschenke von zertifizierten NPO.\",\"breadcrumb\":{\"@id\":\"https:\\\/\\\/zewo.ch\\\/de\\\/der-sinnliche-spendentyp\\\/#breadcrumb\"},\"inLanguage\":\"de\",\"potentialAction\":[{\"@type\":\"ReadAction\",\"target\":[\"https:\\\/\\\/zewo.ch\\\/de\\\/der-sinnliche-spendentyp\\\/\"]}]},{\"@type\":\"BreadcrumbList\",\"@id\":\"https:\\\/\\\/zewo.ch\\\/de\\\/der-sinnliche-spendentyp\\\/#breadcrumb\",\"itemListElement\":[{\"@type\":\"ListItem\",\"position\":1,\"name\":\"Home\",\"item\":\"https:\\\/\\\/zewo.ch\\\/de\\\/\"},{\"@type\":\"ListItem\",\"position\":2,\"name\":\"Der sinnliche Spendentyp\"}]},{\"@type\":\"WebSite\",\"@id\":\"https:\\\/\\\/zewo.ch\\\/de\\\/#website\",\"url\":\"https:\\\/\\\/zewo.ch\\\/de\\\/\",\"name\":\"Zewo\",\"description\":\"Ihre Spende in guten H\u00e4nden.\",\"publisher\":{\"@id\":\"https:\\\/\\\/zewo.ch\\\/de\\\/#organization\"},\"potentialAction\":[{\"@type\":\"SearchAction\",\"target\":{\"@type\":\"EntryPoint\",\"urlTemplate\":\"https:\\\/\\\/zewo.ch\\\/de\\\/?s={search_term_string}\"},\"query-input\":{\"@type\":\"PropertyValueSpecification\",\"valueRequired\":true,\"valueName\":\"search_term_string\"}}],\"inLanguage\":\"de\"},{\"@type\":\"Organization\",\"@id\":\"https:\\\/\\\/zewo.ch\\\/de\\\/#organization\",\"name\":\"Stiftung Zewo\",\"url\":\"https:\\\/\\\/zewo.ch\\\/de\\\/\",\"logo\":{\"@type\":\"ImageObject\",\"inLanguage\":\"de\",\"@id\":\"https:\\\/\\\/zewo.ch\\\/de\\\/#\\\/schema\\\/logo\\\/image\\\/\",\"url\":\"https:\\\/\\\/zewo.ch\\\/wp-content\\\/uploads\\\/2019\\\/08\\\/Zewo_Logo_Claim_D.svg\",\"contentUrl\":\"https:\\\/\\\/zewo.ch\\\/wp-content\\\/uploads\\\/2019\\\/08\\\/Zewo_Logo_Claim_D.svg\",\"width\":1,\"height\":1,\"caption\":\"Stiftung Zewo\"},\"image\":{\"@id\":\"https:\\\/\\\/zewo.ch\\\/de\\\/#\\\/schema\\\/logo\\\/image\\\/\"},\"sameAs\":[\"https:\\\/\\\/www.facebook.com\\\/Stiftung.ZEWO\\\/\",\"https:\\\/\\\/x.com\\\/stiftung_zewo\",\"https:\\\/\\\/www.linkedin.com\\\/company\\\/stiftung-zewo\",\"https:\\\/\\\/www.youtube.com\\\/channel\\\/UCzjsVJro12OXcvvx1LQP8tw\",\"https:\\\/\\\/de.wikipedia.org\\\/wiki\\\/Zewo\"]}]}<\/script>\n<!-- \/ Yoast SEO Premium plugin. -->","yoast_head_json":{"title":"Zewo","description":"Sie bereiten gerne \u00adFreude und \u00fcberraschen liebe Menschen mit sinnvollen Geschenken, die einer guten Sache dienen. Hier finden Sie Geschenke von zertifizierten NPO.","robots":{"index":"index","follow":"follow","max-snippet":"max-snippet:-1","max-image-preview":"max-image-preview:large","max-video-preview":"max-video-preview:-1"},"canonical":"https:\/\/zewo.ch\/de\/der-sinnliche-spendentyp\/","og_locale":"de_DE","og_type":"article","og_description":"Sie bereiten gerne \u00adFreude und \u00fcberraschen liebe Menschen mit sinnvollen Geschenken, die einer guten Sache dienen. Hier finden Sie Geschenke von zertifizierten NPO.","og_url":"https:\/\/zewo.ch\/de\/der-sinnliche-spendentyp\/","og_site_name":"Zewo","article_publisher":"https:\/\/www.facebook.com\/Stiftung.ZEWO\/","article_modified_time":"2019-11-13T11:02:01+00:00","twitter_card":"summary_large_image","twitter_site":"@stiftung_zewo","twitter_misc":{"Gesch\u00e4tzte Lesezeit":"1\u00a0Minute"},"schema":{"@context":"https:\/\/schema.org","@graph":[{"@type":"WebPage","@id":"https:\/\/zewo.ch\/de\/der-sinnliche-spendentyp\/#webpage","url":"https:\/\/zewo.ch\/de\/der-sinnliche-spendentyp\/#webpage","name":"","isPartOf":{"@id":"https:\/\/zewo.ch\/de\/#website"},"datePublished":"2019-04-04T15:07:33+00:00","dateModified":"2019-11-13T11:02:01+00:00","description":"Sie bereiten gerne \u00adFreude und \u00fcberraschen liebe Menschen mit sinnvollen Geschenken, die einer guten Sache dienen. Hier finden Sie Geschenke von zertifizierten NPO.","breadcrumb":{"@id":"https:\/\/zewo.ch\/de\/der-sinnliche-spendentyp\/#breadcrumb"},"inLanguage":"de","potentialAction":[{"@type":"ReadAction","target":["https:\/\/zewo.ch\/de\/der-sinnliche-spendentyp\/"]}]},{"@type":"BreadcrumbList","@id":"https:\/\/zewo.ch\/de\/der-sinnliche-spendentyp\/#breadcrumb","itemListElement":[{"@type":"ListItem","position":1,"name":"Home","item":"https:\/\/zewo.ch\/de\/"},{"@type":"ListItem","position":2,"name":"Der sinnliche Spendentyp"}]},{"@type":"WebSite","@id":"https:\/\/zewo.ch\/de\/#website","url":"https:\/\/zewo.ch\/de\/","name":"Zewo","description":"Ihre Spende in guten H\u00e4nden.","publisher":{"@id":"https:\/\/zewo.ch\/de\/#organization"},"potentialAction":[{"@type":"SearchAction","target":{"@type":"EntryPoint","urlTemplate":"https:\/\/zewo.ch\/de\/?s={search_term_string}"},"query-input":{"@type":"PropertyValueSpecification","valueRequired":true,"valueName":"search_term_string"}}],"inLanguage":"de"},{"@type":"Organization","@id":"https:\/\/zewo.ch\/de\/#organization","name":"Stiftung Zewo","url":"https:\/\/zewo.ch\/de\/","logo":{"@type":"ImageObject","inLanguage":"de","@id":"https:\/\/zewo.ch\/de\/#\/schema\/logo\/image\/","url":"https:\/\/zewo.ch\/wp-content\/uploads\/2019\/08\/Zewo_Logo_Claim_D.svg","contentUrl":"https:\/\/zewo.ch\/wp-content\/uploads\/2019\/08\/Zewo_Logo_Claim_D.svg","width":1,"height":1,"caption":"Stiftung Zewo"},"image":{"@id":"https:\/\/zewo.ch\/de\/#\/schema\/logo\/image\/"},"sameAs":["https:\/\/www.facebook.com\/Stiftung.ZEWO\/","https:\/\/x.com\/stiftung_zewo","https:\/\/www.linkedin.com\/company\/stiftung-zewo","https:\/\/www.youtube.com\/channel\/UCzjsVJro12OXcvvx1LQP8tw","https:\/\/de.wikipedia.org\/wiki\/Zewo"]}]}},"publishpress_future_action":{"enabled":false,"date":"2026-05-09 10:13:42","action":"change-status","newStatus":"draft","terms":[],"taxonomy":"translation_priority","extraData":[]},"publishpress_future_workflow_manual_trigger":{"enabledWorkflows":[]},"_links":{"self":[{"href":"https:\/\/zewo.ch\/de\/wp-json\/wp\/v2\/pages\/479","targetHints":{"allow":["GET"]}}],"collection":[{"href":"https:\/\/zewo.ch\/de\/wp-json\/wp\/v2\/pages"}],"about":[{"href":"https:\/\/zewo.ch\/de\/wp-json\/wp\/v2\/types\/page"}],"author":[{"embeddable":true,"href":"https:\/\/zewo.ch\/de\/wp-json\/wp\/v2\/users\/6"}],"replies":[{"embeddable":true,"href":"https:\/\/zewo.ch\/de\/wp-json\/wp\/v2\/comments?post=479"}],"version-history":[{"count":21,"href":"https:\/\/zewo.ch\/de\/wp-json\/wp\/v2\/pages\/479\/revisions"}],"predecessor-version":[{"id":562606,"href":"https:\/\/zewo.ch\/de\/wp-json\/wp\/v2\/pages\/479\/revisions\/562606"}],"wp:attachment":[{"href":"https:\/\/zewo.ch\/de\/wp-json\/wp\/v2\/media?parent=479"}],"wp:term":[{"taxonomy":"folder","embeddable":true,"href":"https:\/\/zewo.ch\/de\/wp-json\/wp\/v2\/folder?post=479"}],"curies":[{"name":"wp","href":"https:\/\/api.w.org\/{rel}","templated":true}]}}