{"id":471,"date":"2019-04-04T16:18:29","date_gmt":"2019-04-04T14:18:29","guid":{"rendered":"https:\/\/www.zewo.ch\/?page_id=471"},"modified":"2025-03-26T14:25:15","modified_gmt":"2025-03-26T13:25:15","slug":"medien","status":"publish","type":"page","link":"https:\/\/zewo.ch\/de\/medien\/","title":{"rendered":"Medien"},"content":{"rendered":"\n<h2 class=\"wp-block-heading\">Auskunft rund ums Spenden<\/h2>\n\n\n\n<p><strong>Die Zewo beantwortet gerne Fragen von Medien. Als Zertifizierungsstelle f\u00fcr NPO \u00fcberblickt sie das Spendenland Schweiz. Sie sorgt f\u00fcr Qualit\u00e4t und Klarheit rund ums Spenden. <\/strong><\/p>\n\n\n\n<p>Geht es um einen Rat f\u00fcr Spender? Interessieren Sie sich f\u00fcr den gewissenhaften Umgang mit Spenden? Oder recherchieren Sie den Hintergrund rund ums Spenden? Dann sind Sie bei der Zewo richtig. <\/p>\n\n\n\n<p>Die Schweizerische Zertifizierungsstelle <a href=\"\/de\/der-weg-zum-zewo-guetesiegel\/pruefung-beantragen\/\">pr\u00fcft<\/a> gemeinn\u00fctzige NPO, die Spenden sammeln. NPO, die die <a href=\"\/de\/die-21-zewo-standards\/\">21 Standards<\/a> der Zewo erf\u00fcllen, erhalten das <a href=\"\/de\/zewo-guetesiegel\/\">Zewo-G\u00fctesiegel<\/a>. Es zeigt, dass Spenden bei ihnen in guten H\u00e4nden sind, denn sie setzten sie zweckbestimmt, effizient und wirksam ein. Die  Zewo kontrolliert die <a href=\"\/de\/npo-suche\/\">zertifizierten NPO<\/a> regelm\u00e4ssig. Ausserdem <a href=\"\/de\/hier-raet-die-zewo-vom-spenden-ab\/\">r\u00e4t<\/a> sie vor intransparenten Sammlungen ab. Bei NPO, die nicht transparent informieren, mahnt die Zewo zur Vorsicht. <\/p>\n\n\n\n<h3 class=\"wp-block-heading\">Zahlen, Daten und Fakten <\/h3>\n\n\n\n<p>Die j\u00e4hrliche <a href=\"\/de\/spendenstatistik\/\">Spendenstatistik<\/a> der Zewo zeigt, wieviel Spenden gemeinn\u00fctzige NPO erhalten. Wissenschaftliche Studien erg\u00e4nzen das Bild. So erhebt die Zewo regelm\u00e4ssig <a href=\"\/de\/kennzahlen-fuer-npo\/\">Kennzahlen zu den Kosten, Reserven<\/a> und der <a href=\"\/de\/verguetungsstudie\/\">Verg\u00fctung von NPO<\/a>.<\/p>\n\n\n\n<h3 class=\"wp-block-heading\" id=\"1\">Anfragen von Medien<\/h3>\n\n\n\n<p>Die Gesch\u00e4ftsleiterin der Zewo gibt gerne Auskunft rund ums Spenden.<\/p>\n\n\n\n<figure class=\"wp-block-image\"><img loading=\"lazy\" decoding=\"async\" width=\"1024\" height=\"683\" src=\"https:\/\/zewo.ch\/wp-content\/uploads\/2019\/09\/Martina-Ziegerer-Stiftung-Zewo-Web-1024x683.jpg\" alt=\"Martina Ziegerer, Stiftung Zewo\" class=\"wp-image-511644\" srcset=\"https:\/\/zewo.ch\/wp-content\/uploads\/2019\/09\/Martina-Ziegerer-Stiftung-Zewo-Web-1024x683.jpg 1024w, https:\/\/zewo.ch\/wp-content\/uploads\/2019\/09\/Martina-Ziegerer-Stiftung-Zewo-Web-300x200.jpg 300w, https:\/\/zewo.ch\/wp-content\/uploads\/2019\/09\/Martina-Ziegerer-Stiftung-Zewo-Web-768x512.jpg 768w, https:\/\/zewo.ch\/wp-content\/uploads\/2019\/09\/Martina-Ziegerer-Stiftung-Zewo-Web.jpg 1500w\" sizes=\"auto, (min-width: 960px) 75vw, 100vw\" \/><\/figure>\n\n\n\n<p><strong>Martina Ziegerer<\/strong><br>Gesch\u00e4ftsleiterin<br><strong>Telefon<\/strong> 044 366 99 55<br><strong>Mail<\/strong> <a href=\"mailto:medienanfrage@zewo.ch\">medienanfrage@zewo.ch<\/a><\/p>\n\n\n\n<h3 class=\"wp-block-heading\">Foto-Download<\/h3>\n\n\n\n<ul class=\"wp-block-list\">\n<li>f\u00fcr Druck geeignet<\/li>\n\n\n\n<li><a href=\"\/wp-content\/uploads\/2019\/09\/Martina-Ziegerer-Stiftung-Zewo-Web.jpg\">f\u00fcr Web geeignet<\/a><\/li>\n<\/ul>\n\n\n\n<ul class=\"wp-block-cgb-block-zewo-block-links container container-columns-1\">\n<li class=\"wp-block-cgb-block-zewo-block-link ab-block-link\"><a href=\"\/de\/spendenstatistik\/\" class=\"button\"><span>Die Zewo Spendenstatistik<\/span><span class=\"button-arrow--long\"><\/span><\/a><\/li>\n<\/ul>\n\n\n\n<h2 class=\"wp-block-heading\" id=\"h-blog-news-feed\">Blog News Feed<\/h2>\n\n\n<div class=\"wp-block-cgb-block-zewo-block-columns-container container bg-color-light-gray margin-top-3 margin-bottom-2 wp-block--latest-posts\"><div class=\"grid-x grid-margin-x\"><div class=\"cell small-12 medium-6 large-4\"><div class=\"wp-block-cgb-block-zewo-block-image-text-teaser ab-block-cta\"><div class=\"ab-cta-image-wrap bg-color-secondary\"><img loading=\"lazy\" decoding=\"async\" width=\"600\" height=\"400\" src=\"https:\/\/zewo.ch\/wp-content\/uploads\/2026\/04\/Spendenprognose_2025_D.png\" class=\"alm-thumbnail ab-cta-image wp-post-image\" alt=\"\" srcset=\"https:\/\/zewo.ch\/wp-content\/uploads\/2026\/04\/Spendenprognose_2025_D.png 600w, https:\/\/zewo.ch\/wp-content\/uploads\/2026\/04\/Spendenprognose_2025_D-300x200.png 300w\" sizes=\"auto, (min-width: 960px) 75vw, 100vw\" \/><\/div><div class=\"ab-cta-content\"><h2 class=\"ab-cta-title\">Spendenprognose 2025: Stabiles Spendenvolumen \u2013 ver\u00e4ndertes Umfeld<\/h2><div class=\"ab-cta-text\">Die Spenden in der Schweiz bleiben auf hohem Niveau. F\u00fcr 2025 rechnet die Zewo-Prognose mit insgesamt rund 2,3 Milliarden Franken \u2013 leicht mehr als im Vorjahr. Gleichzeitig ver\u00e4ndert sich die Zusammensetzung der Spenden. W\u00e4hrend Beitr\u00e4ge aus privaten Haushalten und Legate leicht zur\u00fcckgehen, nehmen institutionelle Spenden deutlich zu.<\/div><\/div><div class=\"ab-cta-button\"><a href=\"https:\/\/zewo.ch\/de\/news-spendenprognose-2025-stabiles-spendenvolumen-verandertes-umfeld\/\" target=\"_self\" rel=\"noopener noreferrer\" class=\"button primary button-teaser\"><span class=\"button-arrow\"><\/span>Mehr <\/a><span class=\"entry-meta\">7.4.26<\/span><\/div><a href=\"https:\/\/zewo.ch\/de\/news-spendenprognose-2025-stabiles-spendenvolumen-verandertes-umfeld\/\" target=\"_self\" rel=\"noopener noreferrer\" class=\"button-teaser--is-full\"><\/a><\/div><\/div><div class=\"cell small-12 medium-6 large-4\"><div class=\"wp-block-cgb-block-zewo-block-image-text-teaser ab-block-cta\"><div class=\"ab-cta-image-wrap bg-color-secondary\"><img loading=\"lazy\" decoding=\"async\" width=\"600\" height=\"400\" src=\"https:\/\/zewo.ch\/wp-content\/uploads\/2026\/01\/Bild_QA-Expert_Suisse_DE.png?ver=1768232388\" class=\"alm-thumbnail ab-cta-image wp-post-image\" alt=\"Bild Q&amp;A Expert Suisse\" srcset=\"https:\/\/zewo.ch\/wp-content\/uploads\/2026\/01\/Bild_QA-Expert_Suisse_DE.png 600w, https:\/\/zewo.ch\/wp-content\/uploads\/2026\/01\/Bild_QA-Expert_Suisse_DE-300x200.png 300w\" sizes=\"auto, (min-width: 960px) 75vw, 100vw\" \/><\/div><div class=\"ab-cta-content\"><h2 class=\"ab-cta-title\">Jahresrechnung sicher erstellen und pr\u00fcfen: Aktualisiertes Q&amp;A zu Swiss GAAP FER 21<\/h2><div class=\"ab-cta-text\">Die Stiftung Zewo und EXPERTsuisse haben das Q&#038;A zur Rechnungslegung und Pr\u00fcfung von Jahresrechnungen nach Swiss GAAP FER 21 \u00fcberarbeitet und aktualisiert (Version Januar 2026).\n\nDas Dokument enth\u00e4lt praxisorientierte Fragen und Antworten zur Erstellung und Pr\u00fcfung der Jahresrechnung gemeinn\u00fctziger Organisationen nach Swiss GAAP FER 21. Es dient als aktuelle und verl\u00e4ssliche Arbeitshilfe zur Erstellung und \u00dcberpr\u00fcfung Ihrer Jahresrechnung 2025.<\/div><\/div><div class=\"ab-cta-button\"><a href=\"https:\/\/zewo.ch\/de\/news-neue-qas-zu-zewo-standard-13-rechnungslegung\/\" target=\"_self\" rel=\"noopener noreferrer\" class=\"button primary button-teaser\"><span class=\"button-arrow\"><\/span>Mehr <\/a><span class=\"entry-meta\">13.1.26<\/span><\/div><a href=\"https:\/\/zewo.ch\/de\/news-neue-qas-zu-zewo-standard-13-rechnungslegung\/\" target=\"_self\" rel=\"noopener noreferrer\" class=\"button-teaser--is-full\"><\/a><\/div><\/div><div class=\"cell small-12 medium-6 large-4\"><div class=\"wp-block-cgb-block-zewo-block-image-text-teaser ab-block-cta\"><div class=\"ab-cta-image-wrap bg-color-secondary\"><img loading=\"lazy\" decoding=\"async\" width=\"550\" height=\"400\" src=\"https:\/\/zewo.ch\/wp-content\/uploads\/2025\/11\/Spendenreport-2025-DE_Komm.png\" class=\"alm-thumbnail ab-cta-image wp-post-image\" alt=\"Bild Spendenreport 2025\" srcset=\"https:\/\/zewo.ch\/wp-content\/uploads\/2025\/11\/Spendenreport-2025-DE_Komm.png 550w, https:\/\/zewo.ch\/wp-content\/uploads\/2025\/11\/Spendenreport-2025-DE_Komm-300x218.png 300w\" sizes=\"auto, (min-width: 960px) 75vw, 100vw\" \/><\/div><div class=\"ab-cta-content\"><h2 class=\"ab-cta-title\">Der Spendenreport 2025 ist da \u2013 die Trends, Herausforderungen und Chancen<\/h2><div class=\"ab-cta-text\">Die Spendenbereitschaft in der Schweiz bleibt hoch \u2013 zugleich stehen Hilfswerke vor neuen Herausforderungen. Der Spendenreport 2025 zeigt, wie Organisationen dem Gegenwind begegnen und den R\u00fcckenwind der Solidarit\u00e4t nutzen. <\/div><\/div><div class=\"ab-cta-button\"><a href=\"https:\/\/zewo.ch\/de\/news-der-spendenreport-2025-ist-da-die-trends-herausforderungen-und-chancen\/\" target=\"_self\" rel=\"noopener noreferrer\" class=\"button primary button-teaser\"><span class=\"button-arrow\"><\/span>Mehr <\/a><span class=\"entry-meta\">27.11.25<\/span><\/div><a href=\"https:\/\/zewo.ch\/de\/news-der-spendenreport-2025-ist-da-die-trends-herausforderungen-und-chancen\/\" target=\"_self\" rel=\"noopener noreferrer\" class=\"button-teaser--is-full\"><\/a><\/div><\/div><\/div><\/div>\n\n\n<h2 class=\"wp-block-heading\" id=\"h-linkedin-news-feed\">LinkedIn News Feed<\/h2>\n\n\n<div class=\"juicer-feed\" data-feed-id=\"stiftung-zewo-0b62a817-8f97-4691-a347-c67ea5c7e3bc\"><\/div>\n","protected":false},"excerpt":{"rendered":"<p>Auskunft rund ums Spenden Die Zewo beantwortet gerne Fragen von Medien. Als Zertifizierungsstelle f\u00fcr NPO \u00fcberblickt sie das Spendenland Schweiz. Sie sorgt f\u00fcr Qualit\u00e4t und Klarheit rund ums Spenden. Geht es um einen Rat f\u00fcr Spender? Interessieren Sie sich f\u00fcr den gewissenhaften Umgang mit Spenden? Oder recherchieren Sie den Hintergrund rund ums Spenden? Dann sind [&hellip;]<\/p>\n","protected":false},"author":6,"featured_media":0,"parent":0,"menu_order":339,"comment_status":"closed","ping_status":"closed","template":"","meta":{"_acf_changed":false,"footnotes":""},"folder":[6639],"class_list":["post-471","page","type-page","status-publish","hentry"],"acf":[],"yoast_head":"<!-- This site is optimized with the Yoast SEO Premium plugin v26.0 (Yoast SEO v26.0) - https:\/\/yoast.com\/wordpress\/plugins\/seo\/ -->\n<title>Zewo<\/title>\n<meta name=\"description\" content=\"Fragen rund ums Spenden? Die Zertifizierungsstelle f\u00fcr gemeinn\u00fctzige NPO, die in der Schweiz Spenden sammeln, Zewo, beantwortet Anfragen von Medien.\" \/>\n<meta name=\"robots\" content=\"index, follow, max-snippet:-1, max-image-preview:large, max-video-preview:-1\" \/>\n<link rel=\"canonical\" href=\"https:\/\/zewo.ch\/de\/medien\/\" \/>\n<meta property=\"og:locale\" content=\"de_DE\" \/>\n<meta property=\"og:type\" content=\"article\" \/>\n<meta property=\"og:description\" content=\"Fragen rund ums Spenden? Die Zertifizierungsstelle f\u00fcr gemeinn\u00fctzige NPO, die in der Schweiz Spenden sammeln, Zewo, beantwortet Anfragen von Medien.\" \/>\n<meta property=\"og:url\" content=\"https:\/\/zewo.ch\/de\/medien\/\" \/>\n<meta property=\"og:site_name\" content=\"Zewo\" \/>\n<meta property=\"article:publisher\" content=\"https:\/\/www.facebook.com\/Stiftung.ZEWO\/\" \/>\n<meta property=\"article:modified_time\" content=\"2025-03-26T13:25:15+00:00\" \/>\n<meta property=\"og:image\" content=\"https:\/\/zewo.ch\/wp-content\/uploads\/2019\/09\/Martina-Ziegerer-Stiftung-Zewo-Web-1024x683.jpg\" \/>\n<meta name=\"twitter:card\" content=\"summary_large_image\" \/>\n<meta name=\"twitter:site\" content=\"@stiftung_zewo\" \/>\n<meta name=\"twitter:label1\" content=\"Gesch\u00e4tzte Lesezeit\" \/>\n\t<meta name=\"twitter:data1\" content=\"2\u00a0Minuten\" \/>\n<script type=\"application\/ld+json\" class=\"yoast-schema-graph\">{\"@context\":\"https:\/\/schema.org\",\"@graph\":[{\"@type\":\"WebPage\",\"@id\":\"https:\/\/zewo.ch\/de\/medien\/#webpage\",\"url\":\"https:\/\/zewo.ch\/de\/medien\/#webpage\",\"name\":\"\",\"isPartOf\":{\"@id\":\"https:\/\/zewo.ch\/de\/#website\"},\"primaryImageOfPage\":{\"@id\":\"https:\/\/zewo.ch\/de\/medien\/#primaryimage\"},\"image\":{\"@id\":\"https:\/\/zewo.ch\/de\/medien\/#primaryimage\"},\"thumbnailUrl\":\"https:\/\/zewo.ch\/wp-content\/uploads\/2019\/09\/Martina-Ziegerer-Stiftung-Zewo-Web-1024x683.jpg\",\"datePublished\":\"2019-04-04T14:18:29+00:00\",\"dateModified\":\"2025-03-26T13:25:15+00:00\",\"description\":\"Fragen rund ums Spenden? Die Zertifizierungsstelle f\u00fcr gemeinn\u00fctzige NPO, die in der Schweiz Spenden sammeln, Zewo, beantwortet Anfragen von Medien.\",\"breadcrumb\":{\"@id\":\"https:\/\/zewo.ch\/de\/medien\/#breadcrumb\"},\"inLanguage\":\"de\",\"potentialAction\":[{\"@type\":\"ReadAction\",\"target\":[\"https:\/\/zewo.ch\/de\/medien\/\"]}]},{\"@type\":\"ImageObject\",\"inLanguage\":\"de\",\"@id\":\"https:\/\/zewo.ch\/de\/medien\/#primaryimage\",\"url\":\"https:\/\/zewo.ch\/wp-content\/uploads\/2019\/09\/Martina-Ziegerer-Stiftung-Zewo-Web-1024x683.jpg\",\"contentUrl\":\"https:\/\/zewo.ch\/wp-content\/uploads\/2019\/09\/Martina-Ziegerer-Stiftung-Zewo-Web-1024x683.jpg\"},{\"@type\":\"BreadcrumbList\",\"@id\":\"https:\/\/zewo.ch\/de\/medien\/#breadcrumb\",\"itemListElement\":[{\"@type\":\"ListItem\",\"position\":1,\"name\":\"Home\",\"item\":\"https:\/\/zewo.ch\/de\/\"},{\"@type\":\"ListItem\",\"position\":2,\"name\":\"Medien\"}]},{\"@type\":\"WebSite\",\"@id\":\"https:\/\/zewo.ch\/de\/#website\",\"url\":\"https:\/\/zewo.ch\/de\/\",\"name\":\"Zewo\",\"description\":\"Ihre Spende in guten H\u00e4nden.\",\"publisher\":{\"@id\":\"https:\/\/zewo.ch\/de\/#organization\"},\"potentialAction\":[{\"@type\":\"SearchAction\",\"target\":{\"@type\":\"EntryPoint\",\"urlTemplate\":\"https:\/\/zewo.ch\/de\/?s={search_term_string}\"},\"query-input\":{\"@type\":\"PropertyValueSpecification\",\"valueRequired\":true,\"valueName\":\"search_term_string\"}}],\"inLanguage\":\"de\"},{\"@type\":\"Organization\",\"@id\":\"https:\/\/zewo.ch\/de\/#organization\",\"name\":\"Stiftung Zewo\",\"url\":\"https:\/\/zewo.ch\/de\/\",\"logo\":{\"@type\":\"ImageObject\",\"inLanguage\":\"de\",\"@id\":\"https:\/\/zewo.ch\/de\/#\/schema\/logo\/image\/\",\"url\":\"https:\/\/zewo.ch\/wp-content\/uploads\/2019\/08\/Zewo_Logo_Claim_D.svg\",\"contentUrl\":\"https:\/\/zewo.ch\/wp-content\/uploads\/2019\/08\/Zewo_Logo_Claim_D.svg\",\"width\":1,\"height\":1,\"caption\":\"Stiftung Zewo\"},\"image\":{\"@id\":\"https:\/\/zewo.ch\/de\/#\/schema\/logo\/image\/\"},\"sameAs\":[\"https:\/\/www.facebook.com\/Stiftung.ZEWO\/\",\"https:\/\/x.com\/stiftung_zewo\",\"https:\/\/www.linkedin.com\/company\/stiftung-zewo\",\"https:\/\/www.youtube.com\/channel\/UCzjsVJro12OXcvvx1LQP8tw\",\"https:\/\/de.wikipedia.org\/wiki\/Zewo\"]}]}<\/script>\n<!-- \/ Yoast SEO Premium plugin. -->","yoast_head_json":{"title":"Zewo","description":"Fragen rund ums Spenden? Die Zertifizierungsstelle f\u00fcr gemeinn\u00fctzige NPO, die in der Schweiz Spenden sammeln, Zewo, beantwortet Anfragen von Medien.","robots":{"index":"index","follow":"follow","max-snippet":"max-snippet:-1","max-image-preview":"max-image-preview:large","max-video-preview":"max-video-preview:-1"},"canonical":"https:\/\/zewo.ch\/de\/medien\/","og_locale":"de_DE","og_type":"article","og_description":"Fragen rund ums Spenden? Die Zertifizierungsstelle f\u00fcr gemeinn\u00fctzige NPO, die in der Schweiz Spenden sammeln, Zewo, beantwortet Anfragen von Medien.","og_url":"https:\/\/zewo.ch\/de\/medien\/","og_site_name":"Zewo","article_publisher":"https:\/\/www.facebook.com\/Stiftung.ZEWO\/","article_modified_time":"2025-03-26T13:25:15+00:00","og_image":[{"url":"https:\/\/zewo.ch\/wp-content\/uploads\/2019\/09\/Martina-Ziegerer-Stiftung-Zewo-Web-1024x683.jpg","type":"","width":"","height":""}],"twitter_card":"summary_large_image","twitter_site":"@stiftung_zewo","twitter_misc":{"Gesch\u00e4tzte Lesezeit":"2\u00a0Minuten"},"schema":{"@context":"https:\/\/schema.org","@graph":[{"@type":"WebPage","@id":"https:\/\/zewo.ch\/de\/medien\/#webpage","url":"https:\/\/zewo.ch\/de\/medien\/#webpage","name":"","isPartOf":{"@id":"https:\/\/zewo.ch\/de\/#website"},"primaryImageOfPage":{"@id":"https:\/\/zewo.ch\/de\/medien\/#primaryimage"},"image":{"@id":"https:\/\/zewo.ch\/de\/medien\/#primaryimage"},"thumbnailUrl":"https:\/\/zewo.ch\/wp-content\/uploads\/2019\/09\/Martina-Ziegerer-Stiftung-Zewo-Web-1024x683.jpg","datePublished":"2019-04-04T14:18:29+00:00","dateModified":"2025-03-26T13:25:15+00:00","description":"Fragen rund ums Spenden? Die Zertifizierungsstelle f\u00fcr gemeinn\u00fctzige NPO, die in der Schweiz Spenden sammeln, Zewo, beantwortet Anfragen von Medien.","breadcrumb":{"@id":"https:\/\/zewo.ch\/de\/medien\/#breadcrumb"},"inLanguage":"de","potentialAction":[{"@type":"ReadAction","target":["https:\/\/zewo.ch\/de\/medien\/"]}]},{"@type":"ImageObject","inLanguage":"de","@id":"https:\/\/zewo.ch\/de\/medien\/#primaryimage","url":"https:\/\/zewo.ch\/wp-content\/uploads\/2019\/09\/Martina-Ziegerer-Stiftung-Zewo-Web-1024x683.jpg","contentUrl":"https:\/\/zewo.ch\/wp-content\/uploads\/2019\/09\/Martina-Ziegerer-Stiftung-Zewo-Web-1024x683.jpg"},{"@type":"BreadcrumbList","@id":"https:\/\/zewo.ch\/de\/medien\/#breadcrumb","itemListElement":[{"@type":"ListItem","position":1,"name":"Home","item":"https:\/\/zewo.ch\/de\/"},{"@type":"ListItem","position":2,"name":"Medien"}]},{"@type":"WebSite","@id":"https:\/\/zewo.ch\/de\/#website","url":"https:\/\/zewo.ch\/de\/","name":"Zewo","description":"Ihre Spende in guten H\u00e4nden.","publisher":{"@id":"https:\/\/zewo.ch\/de\/#organization"},"potentialAction":[{"@type":"SearchAction","target":{"@type":"EntryPoint","urlTemplate":"https:\/\/zewo.ch\/de\/?s={search_term_string}"},"query-input":{"@type":"PropertyValueSpecification","valueRequired":true,"valueName":"search_term_string"}}],"inLanguage":"de"},{"@type":"Organization","@id":"https:\/\/zewo.ch\/de\/#organization","name":"Stiftung Zewo","url":"https:\/\/zewo.ch\/de\/","logo":{"@type":"ImageObject","inLanguage":"de","@id":"https:\/\/zewo.ch\/de\/#\/schema\/logo\/image\/","url":"https:\/\/zewo.ch\/wp-content\/uploads\/2019\/08\/Zewo_Logo_Claim_D.svg","contentUrl":"https:\/\/zewo.ch\/wp-content\/uploads\/2019\/08\/Zewo_Logo_Claim_D.svg","width":1,"height":1,"caption":"Stiftung Zewo"},"image":{"@id":"https:\/\/zewo.ch\/de\/#\/schema\/logo\/image\/"},"sameAs":["https:\/\/www.facebook.com\/Stiftung.ZEWO\/","https:\/\/x.com\/stiftung_zewo","https:\/\/www.linkedin.com\/company\/stiftung-zewo","https:\/\/www.youtube.com\/channel\/UCzjsVJro12OXcvvx1LQP8tw","https:\/\/de.wikipedia.org\/wiki\/Zewo"]}]}},"publishpress_future_action":{"enabled":false,"date":"2026-04-21 18:48:34","action":"change-status","newStatus":"draft","terms":[],"taxonomy":"translation_priority","extraData":[]},"publishpress_future_workflow_manual_trigger":{"enabledWorkflows":[]},"_links":{"self":[{"href":"https:\/\/zewo.ch\/de\/wp-json\/wp\/v2\/pages\/471","targetHints":{"allow":["GET"]}}],"collection":[{"href":"https:\/\/zewo.ch\/de\/wp-json\/wp\/v2\/pages"}],"about":[{"href":"https:\/\/zewo.ch\/de\/wp-json\/wp\/v2\/types\/page"}],"author":[{"embeddable":true,"href":"https:\/\/zewo.ch\/de\/wp-json\/wp\/v2\/users\/6"}],"replies":[{"embeddable":true,"href":"https:\/\/zewo.ch\/de\/wp-json\/wp\/v2\/comments?post=471"}],"version-history":[{"count":78,"href":"https:\/\/zewo.ch\/de\/wp-json\/wp\/v2\/pages\/471\/revisions"}],"predecessor-version":[{"id":5926412,"href":"https:\/\/zewo.ch\/de\/wp-json\/wp\/v2\/pages\/471\/revisions\/5926412"}],"wp:attachment":[{"href":"https:\/\/zewo.ch\/de\/wp-json\/wp\/v2\/media?parent=471"}],"wp:term":[{"taxonomy":"folder","embeddable":true,"href":"https:\/\/zewo.ch\/de\/wp-json\/wp\/v2\/folder?post=471"}],"curies":[{"name":"wp","href":"https:\/\/api.w.org\/{rel}","templated":true}]}}