{"id":4667346,"date":"2021-04-22T17:10:57","date_gmt":"2021-04-22T15:10:57","guid":{"rendered":"https:\/\/zewo.ch\/?page_id=4667346"},"modified":"2021-04-26T11:19:20","modified_gmt":"2021-04-26T09:19:20","slug":"npo-finanzkonferenz-2021","status":"publish","type":"page","link":"https:\/\/zewo.ch\/de\/npo-finanzkonferenz-2021\/","title":{"rendered":"NPO Finanzkonferenz 2021"},"content":{"rendered":"\n<h2 class=\"wp-block-heading\">Arbeitswelt der Zukunft: Finanzmanagement und -fu\u0308hrung einer nachhaltigen NPO.<\/h2>\n\n\n\n<p><strong>Am 1. September 2021 findet die NPO Finanzkonferenz zum Thema Arbeitswelt der Zukunft in Rotkreuz statt.<\/strong><\/p>\n\n\n\n<p>Welche Aufgaben verfolgt ein CFO einer NPO im Jahr 2030? Welche Technologien, Prozesse und Themen \u00e4ndern sich, wie gestaltet sich die F\u00fchrung und das Personalmanagement in der Zukunft? Das <a rel=\"noreferrer noopener\" href=\"https:\/\/npofinanzforum.ch\/konferenz\/\" target=\"_blank\">NPO Finanzforum<\/a> l\u00e4dt dieses Jahr zur f\u00fcnften <strong>NPO Finanzkonferenz<\/strong> ein, welche sich diesen Fragen widmet.\u00a0<\/p>\n\n\n\n<ul class=\"list-icons wp-block-list\"><li><a href=\"https:\/\/zewo.ch\/wp-content\/uploads\/2021\/04\/Flyer-NPO-Finanzkonferenz-2021.pdf\">Download Flyer<\/a><\/li><\/ul>\n\n\n\n<p>Die Konferenz widmet sich der Zukunft und der sich aktuell <strong>sehr schnell \u00e4ndernden Arbeitskultur<\/strong>. Dabei beleuchten Experten unter anderem die Aspekte <strong>Personalmanagement, F\u00fchrung und Kollaborationen<\/strong>, das <strong>nachhaltige operative Management<\/strong>, sowie die <strong>digitale Transformation<\/strong>. Die Themen werden reflektiert und um die Beitr\u00e4ge aus dem Publikum erg\u00e4nzt.<\/p>\n\n\n\n<p>Veranstaltungsdatum: <strong>Mittwoch, 1. September 2021, 13.30 bis 17 Uhr<\/strong><\/p>\n\n\n\n<p>Ort: &nbsp;<strong>Campus Zug-Rotkreuz, Suurstoffi 1, Rotkreuz<\/strong><\/p>\n\n\n\n<ul class=\"wp-block-cgb-block-zewo-block-links container container-columns-1\">\n<li class=\"wp-block-cgb-block-zewo-block-link ab-block-link\"><a href=\"https:\/\/npofinanzforum.ch\/konferenz\/\" target=\"_blank\" rel=\"noopener noreferrer\" class=\"button\"><span>Zur Anmeldung und Information<\/span><span class=\"button-arrow--long\"><\/span><\/a><\/li>\n<\/ul>\n\n\n\n<div class=\"wp-block-cgb-block-zewo-block-button ab-block-button\"><a href=\"\/de\/anlasse-und-kurse\/\" class=\"button primary\"><span class=\"button-arrow\"><\/span>Zur\u00fcck zur \u00dcbersicht<\/a><\/div>\n","protected":false},"excerpt":{"rendered":"<p>Arbeitswelt der Zukunft: Finanzmanagement und -fu\u0308hrung einer nachhaltigen NPO. Am 1. September 2021 findet die NPO Finanzkonferenz zum Thema Arbeitswelt der Zukunft in Rotkreuz statt. Welche Aufgaben verfolgt ein CFO einer NPO im Jahr 2030? Welche Technologien, Prozesse und Themen \u00e4ndern sich, wie gestaltet sich die F\u00fchrung und das Personalmanagement in der Zukunft? Das NPO [&hellip;]<\/p>\n","protected":false},"author":6,"featured_media":666040,"parent":0,"menu_order":323,"comment_status":"closed","ping_status":"closed","template":"","meta":{"_acf_changed":false,"footnotes":""},"folder":[6639],"class_list":["post-4667346","page","type-page","status-publish","has-post-thumbnail","hentry"],"acf":[],"yoast_head":"<!-- This site is optimized with the Yoast SEO Premium plugin v26.0 (Yoast SEO v26.0) - https:\/\/yoast.com\/wordpress\/plugins\/seo\/ -->\n<title>Zewo<\/title>\n<meta name=\"description\" content=\"Grundz\u00fcge von Planung, Steuerung und \u00dcberpr\u00fcfung von Wirkung in einer NPO - effizient und kompakt.\" \/>\n<meta name=\"robots\" content=\"index, follow, max-snippet:-1, max-image-preview:large, max-video-preview:-1\" \/>\n<link rel=\"canonical\" href=\"https:\/\/zewo.ch\/de\/npo-finanzkonferenz-2021\/\" \/>\n<meta property=\"og:locale\" content=\"de_DE\" \/>\n<meta property=\"og:type\" content=\"article\" \/>\n<meta property=\"og:description\" content=\"Grundz\u00fcge von Planung, Steuerung und \u00dcberpr\u00fcfung von Wirkung in einer NPO - effizient und kompakt.\" \/>\n<meta property=\"og:url\" content=\"https:\/\/zewo.ch\/de\/npo-finanzkonferenz-2021\/\" \/>\n<meta property=\"og:site_name\" content=\"Zewo\" \/>\n<meta property=\"article:publisher\" content=\"https:\/\/www.facebook.com\/Stiftung.ZEWO\/\" \/>\n<meta property=\"article:modified_time\" content=\"2021-04-26T09:19:20+00:00\" \/>\n<meta property=\"og:image\" content=\"https:\/\/zewo.ch\/wp-content\/uploads\/2019\/11\/shutterstock_627815009_WP.jpg\" \/>\n\t<meta property=\"og:image:width\" content=\"2200\" \/>\n\t<meta property=\"og:image:height\" content=\"440\" \/>\n\t<meta property=\"og:image:type\" content=\"image\/jpeg\" \/>\n<meta name=\"twitter:card\" content=\"summary_large_image\" \/>\n<meta name=\"twitter:site\" content=\"@stiftung_zewo\" \/>\n<meta name=\"twitter:label1\" content=\"Gesch\u00e4tzte Lesezeit\" \/>\n\t<meta name=\"twitter:data1\" content=\"1\u00a0Minute\" \/>\n<script type=\"application\/ld+json\" class=\"yoast-schema-graph\">{\"@context\":\"https:\/\/schema.org\",\"@graph\":[{\"@type\":\"WebPage\",\"@id\":\"https:\/\/zewo.ch\/de\/npo-finanzkonferenz-2021\/#webpage\",\"url\":\"https:\/\/zewo.ch\/de\/npo-finanzkonferenz-2021\/#webpage\",\"name\":\"\",\"isPartOf\":{\"@id\":\"https:\/\/zewo.ch\/de\/#website\"},\"primaryImageOfPage\":{\"@id\":\"https:\/\/zewo.ch\/de\/npo-finanzkonferenz-2021\/#primaryimage\"},\"image\":{\"@id\":\"https:\/\/zewo.ch\/de\/npo-finanzkonferenz-2021\/#primaryimage\"},\"thumbnailUrl\":\"https:\/\/zewo.ch\/wp-content\/uploads\/2019\/11\/shutterstock_627815009_WP.jpg\",\"datePublished\":\"2021-04-22T15:10:57+00:00\",\"dateModified\":\"2021-04-26T09:19:20+00:00\",\"description\":\"Grundz\u00fcge von Planung, Steuerung und \u00dcberpr\u00fcfung von Wirkung in einer NPO - effizient und kompakt.\",\"breadcrumb\":{\"@id\":\"https:\/\/zewo.ch\/de\/npo-finanzkonferenz-2021\/#breadcrumb\"},\"inLanguage\":\"de\",\"potentialAction\":[{\"@type\":\"ReadAction\",\"target\":[\"https:\/\/zewo.ch\/de\/npo-finanzkonferenz-2021\/\"]}]},{\"@type\":\"ImageObject\",\"inLanguage\":\"de\",\"@id\":\"https:\/\/zewo.ch\/de\/npo-finanzkonferenz-2021\/#primaryimage\",\"url\":\"https:\/\/zewo.ch\/wp-content\/uploads\/2019\/11\/shutterstock_627815009_WP.jpg\",\"contentUrl\":\"https:\/\/zewo.ch\/wp-content\/uploads\/2019\/11\/shutterstock_627815009_WP.jpg\",\"width\":2200,\"height\":440},{\"@type\":\"BreadcrumbList\",\"@id\":\"https:\/\/zewo.ch\/de\/npo-finanzkonferenz-2021\/#breadcrumb\",\"itemListElement\":[{\"@type\":\"ListItem\",\"position\":1,\"name\":\"Home\",\"item\":\"https:\/\/zewo.ch\/de\/\"},{\"@type\":\"ListItem\",\"position\":2,\"name\":\"NPO Finanzkonferenz 2021\"}]},{\"@type\":\"WebSite\",\"@id\":\"https:\/\/zewo.ch\/de\/#website\",\"url\":\"https:\/\/zewo.ch\/de\/\",\"name\":\"Zewo\",\"description\":\"Ihre Spende in guten H\u00e4nden.\",\"publisher\":{\"@id\":\"https:\/\/zewo.ch\/de\/#organization\"},\"potentialAction\":[{\"@type\":\"SearchAction\",\"target\":{\"@type\":\"EntryPoint\",\"urlTemplate\":\"https:\/\/zewo.ch\/de\/?s={search_term_string}\"},\"query-input\":{\"@type\":\"PropertyValueSpecification\",\"valueRequired\":true,\"valueName\":\"search_term_string\"}}],\"inLanguage\":\"de\"},{\"@type\":\"Organization\",\"@id\":\"https:\/\/zewo.ch\/de\/#organization\",\"name\":\"Stiftung Zewo\",\"url\":\"https:\/\/zewo.ch\/de\/\",\"logo\":{\"@type\":\"ImageObject\",\"inLanguage\":\"de\",\"@id\":\"https:\/\/zewo.ch\/de\/#\/schema\/logo\/image\/\",\"url\":\"https:\/\/zewo.ch\/wp-content\/uploads\/2019\/08\/Zewo_Logo_Claim_D.svg\",\"contentUrl\":\"https:\/\/zewo.ch\/wp-content\/uploads\/2019\/08\/Zewo_Logo_Claim_D.svg\",\"width\":1,\"height\":1,\"caption\":\"Stiftung Zewo\"},\"image\":{\"@id\":\"https:\/\/zewo.ch\/de\/#\/schema\/logo\/image\/\"},\"sameAs\":[\"https:\/\/www.facebook.com\/Stiftung.ZEWO\/\",\"https:\/\/x.com\/stiftung_zewo\",\"https:\/\/www.linkedin.com\/company\/stiftung-zewo\",\"https:\/\/www.youtube.com\/channel\/UCzjsVJro12OXcvvx1LQP8tw\",\"https:\/\/de.wikipedia.org\/wiki\/Zewo\"]}]}<\/script>\n<!-- \/ Yoast SEO Premium plugin. -->","yoast_head_json":{"title":"Zewo","description":"Grundz\u00fcge von Planung, Steuerung und \u00dcberpr\u00fcfung von Wirkung in einer NPO - effizient und kompakt.","robots":{"index":"index","follow":"follow","max-snippet":"max-snippet:-1","max-image-preview":"max-image-preview:large","max-video-preview":"max-video-preview:-1"},"canonical":"https:\/\/zewo.ch\/de\/npo-finanzkonferenz-2021\/","og_locale":"de_DE","og_type":"article","og_description":"Grundz\u00fcge von Planung, Steuerung und \u00dcberpr\u00fcfung von Wirkung in einer NPO - effizient und kompakt.","og_url":"https:\/\/zewo.ch\/de\/npo-finanzkonferenz-2021\/","og_site_name":"Zewo","article_publisher":"https:\/\/www.facebook.com\/Stiftung.ZEWO\/","article_modified_time":"2021-04-26T09:19:20+00:00","og_image":[{"width":2200,"height":440,"url":"https:\/\/zewo.ch\/wp-content\/uploads\/2019\/11\/shutterstock_627815009_WP.jpg","type":"image\/jpeg"}],"twitter_card":"summary_large_image","twitter_site":"@stiftung_zewo","twitter_misc":{"Gesch\u00e4tzte Lesezeit":"1\u00a0Minute"},"schema":{"@context":"https:\/\/schema.org","@graph":[{"@type":"WebPage","@id":"https:\/\/zewo.ch\/de\/npo-finanzkonferenz-2021\/#webpage","url":"https:\/\/zewo.ch\/de\/npo-finanzkonferenz-2021\/#webpage","name":"","isPartOf":{"@id":"https:\/\/zewo.ch\/de\/#website"},"primaryImageOfPage":{"@id":"https:\/\/zewo.ch\/de\/npo-finanzkonferenz-2021\/#primaryimage"},"image":{"@id":"https:\/\/zewo.ch\/de\/npo-finanzkonferenz-2021\/#primaryimage"},"thumbnailUrl":"https:\/\/zewo.ch\/wp-content\/uploads\/2019\/11\/shutterstock_627815009_WP.jpg","datePublished":"2021-04-22T15:10:57+00:00","dateModified":"2021-04-26T09:19:20+00:00","description":"Grundz\u00fcge von Planung, Steuerung und \u00dcberpr\u00fcfung von Wirkung in einer NPO - effizient und kompakt.","breadcrumb":{"@id":"https:\/\/zewo.ch\/de\/npo-finanzkonferenz-2021\/#breadcrumb"},"inLanguage":"de","potentialAction":[{"@type":"ReadAction","target":["https:\/\/zewo.ch\/de\/npo-finanzkonferenz-2021\/"]}]},{"@type":"ImageObject","inLanguage":"de","@id":"https:\/\/zewo.ch\/de\/npo-finanzkonferenz-2021\/#primaryimage","url":"https:\/\/zewo.ch\/wp-content\/uploads\/2019\/11\/shutterstock_627815009_WP.jpg","contentUrl":"https:\/\/zewo.ch\/wp-content\/uploads\/2019\/11\/shutterstock_627815009_WP.jpg","width":2200,"height":440},{"@type":"BreadcrumbList","@id":"https:\/\/zewo.ch\/de\/npo-finanzkonferenz-2021\/#breadcrumb","itemListElement":[{"@type":"ListItem","position":1,"name":"Home","item":"https:\/\/zewo.ch\/de\/"},{"@type":"ListItem","position":2,"name":"NPO Finanzkonferenz 2021"}]},{"@type":"WebSite","@id":"https:\/\/zewo.ch\/de\/#website","url":"https:\/\/zewo.ch\/de\/","name":"Zewo","description":"Ihre Spende in guten H\u00e4nden.","publisher":{"@id":"https:\/\/zewo.ch\/de\/#organization"},"potentialAction":[{"@type":"SearchAction","target":{"@type":"EntryPoint","urlTemplate":"https:\/\/zewo.ch\/de\/?s={search_term_string}"},"query-input":{"@type":"PropertyValueSpecification","valueRequired":true,"valueName":"search_term_string"}}],"inLanguage":"de"},{"@type":"Organization","@id":"https:\/\/zewo.ch\/de\/#organization","name":"Stiftung Zewo","url":"https:\/\/zewo.ch\/de\/","logo":{"@type":"ImageObject","inLanguage":"de","@id":"https:\/\/zewo.ch\/de\/#\/schema\/logo\/image\/","url":"https:\/\/zewo.ch\/wp-content\/uploads\/2019\/08\/Zewo_Logo_Claim_D.svg","contentUrl":"https:\/\/zewo.ch\/wp-content\/uploads\/2019\/08\/Zewo_Logo_Claim_D.svg","width":1,"height":1,"caption":"Stiftung Zewo"},"image":{"@id":"https:\/\/zewo.ch\/de\/#\/schema\/logo\/image\/"},"sameAs":["https:\/\/www.facebook.com\/Stiftung.ZEWO\/","https:\/\/x.com\/stiftung_zewo","https:\/\/www.linkedin.com\/company\/stiftung-zewo","https:\/\/www.youtube.com\/channel\/UCzjsVJro12OXcvvx1LQP8tw","https:\/\/de.wikipedia.org\/wiki\/Zewo"]}]}},"publishpress_future_action":{"enabled":false,"date":"2026-04-28 12:10:16","action":"change-status","newStatus":"draft","terms":[],"taxonomy":"translation_priority","extraData":[]},"publishpress_future_workflow_manual_trigger":{"enabledWorkflows":[]},"_links":{"self":[{"href":"https:\/\/zewo.ch\/de\/wp-json\/wp\/v2\/pages\/4667346","targetHints":{"allow":["GET"]}}],"collection":[{"href":"https:\/\/zewo.ch\/de\/wp-json\/wp\/v2\/pages"}],"about":[{"href":"https:\/\/zewo.ch\/de\/wp-json\/wp\/v2\/types\/page"}],"author":[{"embeddable":true,"href":"https:\/\/zewo.ch\/de\/wp-json\/wp\/v2\/users\/6"}],"replies":[{"embeddable":true,"href":"https:\/\/zewo.ch\/de\/wp-json\/wp\/v2\/comments?post=4667346"}],"version-history":[{"count":9,"href":"https:\/\/zewo.ch\/de\/wp-json\/wp\/v2\/pages\/4667346\/revisions"}],"predecessor-version":[{"id":5798259,"href":"https:\/\/zewo.ch\/de\/wp-json\/wp\/v2\/pages\/4667346\/revisions\/5798259"}],"wp:featuredmedia":[{"embeddable":true,"href":"https:\/\/zewo.ch\/de\/wp-json\/wp\/v2\/media\/666040"}],"wp:attachment":[{"href":"https:\/\/zewo.ch\/de\/wp-json\/wp\/v2\/media?parent=4667346"}],"wp:term":[{"taxonomy":"folder","embeddable":true,"href":"https:\/\/zewo.ch\/de\/wp-json\/wp\/v2\/folder?post=4667346"}],"curies":[{"name":"wp","href":"https:\/\/api.w.org\/{rel}","templated":true}]}}