{"id":4667001,"date":"2021-03-23T13:55:23","date_gmt":"2021-03-23T12:55:23","guid":{"rendered":"https:\/\/zewo.ch\/?page_id=4667001"},"modified":"2021-03-23T13:55:25","modified_gmt":"2021-03-23T12:55:25","slug":"wirkungsmanagement-in-npo-2020","status":"publish","type":"page","link":"https:\/\/zewo.ch\/de\/wirkungsmanagement-in-npo-2020\/","title":{"rendered":"CAS Wirkungsmanagement in NPO 2020"},"content":{"rendered":"\n<h2 class=\"wp-block-heading\"><strong>Grundz\u00fcge von Planung, Steuerung und \u00dcberpr\u00fcfung von Wirkung in einer NPO &#8211; effizient und kompakt.<\/strong><\/h2>\n\n\n\n<p><strong>Inwiefern f\u00fchren Ihre Aktivit\u00e4ten zu den beabsichtigen Resultaten? Wie \u00fcberpr\u00fcfen Sie als NPO Ihre Ziele, und wie k\u00f6nnen Sie die Ergebnisse gezielt nutzen?<\/strong><\/p>\n\n\n\n<p>In diesem Zertifikatslehrgang lernen Sie auf&nbsp;<strong>effiziente&nbsp;<\/strong>und&nbsp;<strong>kompakte&nbsp;<\/strong>Art die Grundz\u00fcge der wirkungsorientierten Arbeit &#8211; von der<strong>&nbsp;strategischen Projektplanung<\/strong>&nbsp;bis hin zur gezielten<strong>&nbsp;Nutzung der Wirkungsdaten&nbsp;<\/strong>in der Kommunikation und internen Weiterbildung.<\/p>\n\n\n\n<p>Modul 1  vom 17. &#8211; 21. August 2020 Seminarhotel (Schweiz)<\/p>\n\n\n\n<p>Universit\u00e4t Basel<br>Center for Philanthropy Studies<br>Steinengraben 22<br>4051 Basel, Schweiz<br>T +41 61 207 23 92<br><a href=\"mailto:ceps@unibas.ch\">ceps@unibas.ch<\/a><\/p>\n\n\n\n<p>Dieser Lehrgang eignet sich f\u00fcr alle, die im Management von Nonprofit-Organisationen t\u00e4tig sind oder mit Wirkungsmessung und Kommunikation beauftragt sind. Hierzu z\u00e4hlen insbesondere:<\/p>\n\n\n\n<ul class=\"wp-block-list\"><li>Gesch\u00e4ftsf\u00fchrende und Kader von Hilfswerken, F\u00f6rderstiftungen, Verb\u00e4nden, Sportorganisationen, EZA-Organisationen u. \u00e4.<\/li><li>Vorstandsmitglieder und andere Ehrenamtliche<\/li><li>Berater und Dienstleister von NPO<\/li><\/ul>\n\n\n\n<h3 class=\"wp-block-heading\" id=\"7\">Anmeldung und Informationen<\/h3>\n\n\n\n<ul class=\"wp-block-cgb-block-zewo-block-links container container-columns-1\">\n<li class=\"wp-block-cgb-block-zewo-block-link ab-block-link\"><a href=\"https:\/\/ceps.unibas.ch\/de\/event\/details\/cas-wirkungsmanagement-in-npo-2020-laeuft\/\" target=\"_blank\" rel=\"noopener noreferrer\" class=\"button\"><span>Zur Anmeldung und Information<\/span><span class=\"button-arrow--long\"><\/span><\/a><\/li>\n<\/ul>\n\n\n\n<div class=\"wp-block-cgb-block-zewo-block-button ab-block-button\"><a href=\"\/de\/anlasse-und-kurse\/\" class=\"button primary\"><span class=\"button-arrow\"><\/span>Zur\u00fcck zur \u00dcbersicht<\/a><\/div>\n","protected":false},"excerpt":{"rendered":"<p>Grundz\u00fcge von Planung, Steuerung und \u00dcberpr\u00fcfung von Wirkung in einer NPO &#8211; effizient und kompakt. Inwiefern f\u00fchren Ihre Aktivit\u00e4ten zu den beabsichtigen Resultaten? Wie \u00fcberpr\u00fcfen Sie als NPO Ihre Ziele, und wie k\u00f6nnen Sie die Ergebnisse gezielt nutzen? In diesem Zertifikatslehrgang lernen Sie auf&nbsp;effiziente&nbsp;und&nbsp;kompakte&nbsp;Art die Grundz\u00fcge der wirkungsorientierten Arbeit &#8211; von der&nbsp;strategischen Projektplanung&nbsp;bis hin zur [&hellip;]<\/p>\n","protected":false},"author":6,"featured_media":666036,"parent":0,"menu_order":323,"comment_status":"closed","ping_status":"closed","template":"","meta":{"_acf_changed":false,"footnotes":""},"folder":[6639],"class_list":["post-4667001","page","type-page","status-publish","has-post-thumbnail","hentry"],"acf":[],"yoast_head":"<!-- This site is optimized with the Yoast SEO Premium plugin v26.0 (Yoast SEO v26.0) - https:\/\/yoast.com\/wordpress\/plugins\/seo\/ -->\n<title>Zewo<\/title>\n<meta name=\"description\" content=\"Grundz\u00fcge von Planung, Steuerung und \u00dcberpr\u00fcfung von Wirkung in einer NPO - effizient und kompakt.\" \/>\n<meta name=\"robots\" content=\"index, follow, max-snippet:-1, max-image-preview:large, max-video-preview:-1\" \/>\n<link rel=\"canonical\" href=\"https:\/\/zewo.ch\/de\/wirkungsmanagement-in-npo-2020\/\" \/>\n<meta property=\"og:locale\" content=\"de_DE\" \/>\n<meta property=\"og:type\" content=\"article\" \/>\n<meta property=\"og:description\" content=\"Grundz\u00fcge von Planung, Steuerung und \u00dcberpr\u00fcfung von Wirkung in einer NPO - effizient und kompakt.\" \/>\n<meta property=\"og:url\" content=\"https:\/\/zewo.ch\/de\/wirkungsmanagement-in-npo-2020\/\" \/>\n<meta property=\"og:site_name\" content=\"Zewo\" \/>\n<meta property=\"article:publisher\" content=\"https:\/\/www.facebook.com\/Stiftung.ZEWO\/\" \/>\n<meta property=\"article:modified_time\" content=\"2021-03-23T12:55:25+00:00\" \/>\n<meta property=\"og:image\" content=\"https:\/\/zewo.ch\/wp-content\/uploads\/2019\/11\/shutterstock_163503779_WP.jpg\" \/>\n\t<meta property=\"og:image:width\" content=\"2200\" \/>\n\t<meta property=\"og:image:height\" content=\"440\" \/>\n\t<meta property=\"og:image:type\" content=\"image\/jpeg\" \/>\n<meta name=\"twitter:card\" content=\"summary_large_image\" \/>\n<meta name=\"twitter:site\" content=\"@stiftung_zewo\" \/>\n<meta name=\"twitter:label1\" content=\"Gesch\u00e4tzte Lesezeit\" \/>\n\t<meta name=\"twitter:data1\" content=\"1\u00a0Minute\" \/>\n<script type=\"application\/ld+json\" class=\"yoast-schema-graph\">{\"@context\":\"https:\/\/schema.org\",\"@graph\":[{\"@type\":\"WebPage\",\"@id\":\"https:\/\/zewo.ch\/de\/wirkungsmanagement-in-npo-2020\/#webpage\",\"url\":\"https:\/\/zewo.ch\/de\/wirkungsmanagement-in-npo-2020\/#webpage\",\"name\":\"\",\"isPartOf\":{\"@id\":\"https:\/\/zewo.ch\/de\/#website\"},\"primaryImageOfPage\":{\"@id\":\"https:\/\/zewo.ch\/de\/wirkungsmanagement-in-npo-2020\/#primaryimage\"},\"image\":{\"@id\":\"https:\/\/zewo.ch\/de\/wirkungsmanagement-in-npo-2020\/#primaryimage\"},\"thumbnailUrl\":\"https:\/\/zewo.ch\/wp-content\/uploads\/2019\/11\/shutterstock_163503779_WP.jpg\",\"datePublished\":\"2021-03-23T12:55:23+00:00\",\"dateModified\":\"2021-03-23T12:55:25+00:00\",\"description\":\"Grundz\u00fcge von Planung, Steuerung und \u00dcberpr\u00fcfung von Wirkung in einer NPO - effizient und kompakt.\",\"breadcrumb\":{\"@id\":\"https:\/\/zewo.ch\/de\/wirkungsmanagement-in-npo-2020\/#breadcrumb\"},\"inLanguage\":\"de\",\"potentialAction\":[{\"@type\":\"ReadAction\",\"target\":[\"https:\/\/zewo.ch\/de\/wirkungsmanagement-in-npo-2020\/\"]}]},{\"@type\":\"ImageObject\",\"inLanguage\":\"de\",\"@id\":\"https:\/\/zewo.ch\/de\/wirkungsmanagement-in-npo-2020\/#primaryimage\",\"url\":\"https:\/\/zewo.ch\/wp-content\/uploads\/2019\/11\/shutterstock_163503779_WP.jpg\",\"contentUrl\":\"https:\/\/zewo.ch\/wp-content\/uploads\/2019\/11\/shutterstock_163503779_WP.jpg\",\"width\":2200,\"height\":440},{\"@type\":\"BreadcrumbList\",\"@id\":\"https:\/\/zewo.ch\/de\/wirkungsmanagement-in-npo-2020\/#breadcrumb\",\"itemListElement\":[{\"@type\":\"ListItem\",\"position\":1,\"name\":\"Home\",\"item\":\"https:\/\/zewo.ch\/de\/\"},{\"@type\":\"ListItem\",\"position\":2,\"name\":\"CAS Wirkungsmanagement in NPO 2020\"}]},{\"@type\":\"WebSite\",\"@id\":\"https:\/\/zewo.ch\/de\/#website\",\"url\":\"https:\/\/zewo.ch\/de\/\",\"name\":\"Zewo\",\"description\":\"Ihre Spende in guten H\u00e4nden.\",\"publisher\":{\"@id\":\"https:\/\/zewo.ch\/de\/#organization\"},\"potentialAction\":[{\"@type\":\"SearchAction\",\"target\":{\"@type\":\"EntryPoint\",\"urlTemplate\":\"https:\/\/zewo.ch\/de\/?s={search_term_string}\"},\"query-input\":{\"@type\":\"PropertyValueSpecification\",\"valueRequired\":true,\"valueName\":\"search_term_string\"}}],\"inLanguage\":\"de\"},{\"@type\":\"Organization\",\"@id\":\"https:\/\/zewo.ch\/de\/#organization\",\"name\":\"Stiftung Zewo\",\"url\":\"https:\/\/zewo.ch\/de\/\",\"logo\":{\"@type\":\"ImageObject\",\"inLanguage\":\"de\",\"@id\":\"https:\/\/zewo.ch\/de\/#\/schema\/logo\/image\/\",\"url\":\"https:\/\/zewo.ch\/wp-content\/uploads\/2019\/08\/Zewo_Logo_Claim_D.svg\",\"contentUrl\":\"https:\/\/zewo.ch\/wp-content\/uploads\/2019\/08\/Zewo_Logo_Claim_D.svg\",\"width\":1,\"height\":1,\"caption\":\"Stiftung Zewo\"},\"image\":{\"@id\":\"https:\/\/zewo.ch\/de\/#\/schema\/logo\/image\/\"},\"sameAs\":[\"https:\/\/www.facebook.com\/Stiftung.ZEWO\/\",\"https:\/\/x.com\/stiftung_zewo\",\"https:\/\/www.linkedin.com\/company\/stiftung-zewo\",\"https:\/\/www.youtube.com\/channel\/UCzjsVJro12OXcvvx1LQP8tw\",\"https:\/\/de.wikipedia.org\/wiki\/Zewo\"]}]}<\/script>\n<!-- \/ Yoast SEO Premium plugin. -->","yoast_head_json":{"title":"Zewo","description":"Grundz\u00fcge von Planung, Steuerung und \u00dcberpr\u00fcfung von Wirkung in einer NPO - effizient und kompakt.","robots":{"index":"index","follow":"follow","max-snippet":"max-snippet:-1","max-image-preview":"max-image-preview:large","max-video-preview":"max-video-preview:-1"},"canonical":"https:\/\/zewo.ch\/de\/wirkungsmanagement-in-npo-2020\/","og_locale":"de_DE","og_type":"article","og_description":"Grundz\u00fcge von Planung, Steuerung und \u00dcberpr\u00fcfung von Wirkung in einer NPO - effizient und kompakt.","og_url":"https:\/\/zewo.ch\/de\/wirkungsmanagement-in-npo-2020\/","og_site_name":"Zewo","article_publisher":"https:\/\/www.facebook.com\/Stiftung.ZEWO\/","article_modified_time":"2021-03-23T12:55:25+00:00","og_image":[{"width":2200,"height":440,"url":"https:\/\/zewo.ch\/wp-content\/uploads\/2019\/11\/shutterstock_163503779_WP.jpg","type":"image\/jpeg"}],"twitter_card":"summary_large_image","twitter_site":"@stiftung_zewo","twitter_misc":{"Gesch\u00e4tzte Lesezeit":"1\u00a0Minute"},"schema":{"@context":"https:\/\/schema.org","@graph":[{"@type":"WebPage","@id":"https:\/\/zewo.ch\/de\/wirkungsmanagement-in-npo-2020\/#webpage","url":"https:\/\/zewo.ch\/de\/wirkungsmanagement-in-npo-2020\/#webpage","name":"","isPartOf":{"@id":"https:\/\/zewo.ch\/de\/#website"},"primaryImageOfPage":{"@id":"https:\/\/zewo.ch\/de\/wirkungsmanagement-in-npo-2020\/#primaryimage"},"image":{"@id":"https:\/\/zewo.ch\/de\/wirkungsmanagement-in-npo-2020\/#primaryimage"},"thumbnailUrl":"https:\/\/zewo.ch\/wp-content\/uploads\/2019\/11\/shutterstock_163503779_WP.jpg","datePublished":"2021-03-23T12:55:23+00:00","dateModified":"2021-03-23T12:55:25+00:00","description":"Grundz\u00fcge von Planung, Steuerung und \u00dcberpr\u00fcfung von Wirkung in einer NPO - effizient und kompakt.","breadcrumb":{"@id":"https:\/\/zewo.ch\/de\/wirkungsmanagement-in-npo-2020\/#breadcrumb"},"inLanguage":"de","potentialAction":[{"@type":"ReadAction","target":["https:\/\/zewo.ch\/de\/wirkungsmanagement-in-npo-2020\/"]}]},{"@type":"ImageObject","inLanguage":"de","@id":"https:\/\/zewo.ch\/de\/wirkungsmanagement-in-npo-2020\/#primaryimage","url":"https:\/\/zewo.ch\/wp-content\/uploads\/2019\/11\/shutterstock_163503779_WP.jpg","contentUrl":"https:\/\/zewo.ch\/wp-content\/uploads\/2019\/11\/shutterstock_163503779_WP.jpg","width":2200,"height":440},{"@type":"BreadcrumbList","@id":"https:\/\/zewo.ch\/de\/wirkungsmanagement-in-npo-2020\/#breadcrumb","itemListElement":[{"@type":"ListItem","position":1,"name":"Home","item":"https:\/\/zewo.ch\/de\/"},{"@type":"ListItem","position":2,"name":"CAS Wirkungsmanagement in NPO 2020"}]},{"@type":"WebSite","@id":"https:\/\/zewo.ch\/de\/#website","url":"https:\/\/zewo.ch\/de\/","name":"Zewo","description":"Ihre Spende in guten H\u00e4nden.","publisher":{"@id":"https:\/\/zewo.ch\/de\/#organization"},"potentialAction":[{"@type":"SearchAction","target":{"@type":"EntryPoint","urlTemplate":"https:\/\/zewo.ch\/de\/?s={search_term_string}"},"query-input":{"@type":"PropertyValueSpecification","valueRequired":true,"valueName":"search_term_string"}}],"inLanguage":"de"},{"@type":"Organization","@id":"https:\/\/zewo.ch\/de\/#organization","name":"Stiftung Zewo","url":"https:\/\/zewo.ch\/de\/","logo":{"@type":"ImageObject","inLanguage":"de","@id":"https:\/\/zewo.ch\/de\/#\/schema\/logo\/image\/","url":"https:\/\/zewo.ch\/wp-content\/uploads\/2019\/08\/Zewo_Logo_Claim_D.svg","contentUrl":"https:\/\/zewo.ch\/wp-content\/uploads\/2019\/08\/Zewo_Logo_Claim_D.svg","width":1,"height":1,"caption":"Stiftung Zewo"},"image":{"@id":"https:\/\/zewo.ch\/de\/#\/schema\/logo\/image\/"},"sameAs":["https:\/\/www.facebook.com\/Stiftung.ZEWO\/","https:\/\/x.com\/stiftung_zewo","https:\/\/www.linkedin.com\/company\/stiftung-zewo","https:\/\/www.youtube.com\/channel\/UCzjsVJro12OXcvvx1LQP8tw","https:\/\/de.wikipedia.org\/wiki\/Zewo"]}]}},"publishpress_future_action":{"enabled":false,"date":"2026-04-24 05:00:43","action":"change-status","newStatus":"draft","terms":[],"taxonomy":"translation_priority","extraData":[]},"publishpress_future_workflow_manual_trigger":{"enabledWorkflows":[]},"_links":{"self":[{"href":"https:\/\/zewo.ch\/de\/wp-json\/wp\/v2\/pages\/4667001","targetHints":{"allow":["GET"]}}],"collection":[{"href":"https:\/\/zewo.ch\/de\/wp-json\/wp\/v2\/pages"}],"about":[{"href":"https:\/\/zewo.ch\/de\/wp-json\/wp\/v2\/types\/page"}],"author":[{"embeddable":true,"href":"https:\/\/zewo.ch\/de\/wp-json\/wp\/v2\/users\/6"}],"replies":[{"embeddable":true,"href":"https:\/\/zewo.ch\/de\/wp-json\/wp\/v2\/comments?post=4667001"}],"version-history":[{"count":2,"href":"https:\/\/zewo.ch\/de\/wp-json\/wp\/v2\/pages\/4667001\/revisions"}],"predecessor-version":[{"id":4667005,"href":"https:\/\/zewo.ch\/de\/wp-json\/wp\/v2\/pages\/4667001\/revisions\/4667005"}],"wp:featuredmedia":[{"embeddable":true,"href":"https:\/\/zewo.ch\/de\/wp-json\/wp\/v2\/media\/666036"}],"wp:attachment":[{"href":"https:\/\/zewo.ch\/de\/wp-json\/wp\/v2\/media?parent=4667001"}],"wp:term":[{"taxonomy":"folder","embeddable":true,"href":"https:\/\/zewo.ch\/de\/wp-json\/wp\/v2\/folder?post=4667001"}],"curies":[{"name":"wp","href":"https:\/\/api.w.org\/{rel}","templated":true}]}}