{"id":4666632,"date":"2021-03-09T14:16:10","date_gmt":"2021-03-09T13:16:10","guid":{"rendered":"https:\/\/zewo.ch\/?page_id=4666632"},"modified":"2021-04-26T14:16:04","modified_gmt":"2021-04-26T12:16:04","slug":"verein-naturherzen","status":"publish","type":"page","link":"https:\/\/zewo.ch\/de\/verein-naturherzen\/","title":{"rendered":"Verein Naturherzen"},"content":{"rendered":"\n<p><strong>9. M\u00e4rz 2021<\/strong><\/p>\n\n\n\n<p><strong>Die Organisation \u00abVerein Naturherzen.ch\u00bb f\u00fchrt das Zewo-G\u00fctesiegel nicht und untersteht somit nicht unserer Kontrolle. Die Organisation ist uns aber bekannt. Aufgrund der uns vorliegenden Unterlagen (Stand Januar 2021) haben wir festgestellt, dass die Organisation mindestens in den folgenden Punkten die Zewo-Standards nicht erf\u00fcllt. F\u00fcr eine abschliessende und vollst\u00e4ndige Beurteilung m\u00fcsste die Organisation ein ordentliches Pr\u00fcfverfahren durchlaufen. Der Verein Naturherzen hat auf eine Stellungnahme verzichtet.<\/strong><\/p>\n\n\n\n<p>Die Organisation ist \u00fcberschuldet. Das heisst, die Organisation kann Ihre Verpflichtungen nicht mit ihrem Organisationskapital decken und ihr Fortbestand ist gef\u00e4hrdet. In ihrem Bericht an die Mitgliederversammlung h\u00e4lt dies auch die Revisionsstelle fest.<\/p>\n\n\n\n<p>Gem\u00e4ss der Jahresrechnung 2019 kommen rund 87\u2018000 CHF den gemeinn\u00fctzigen Projekten der Organisation zu Gute. Das sind nur 8% des Gesamtaufwandes von 1.7 Mio. CHF. Somit fliessen \u00fcber 90% der eingesetzten Mittel ins Fundraising oder in die Administration. Dies ist ein sehr hoher Anteil. Bei Zewo-zertifizierten Organisationen fliessen von 100 Franken durchschnittlich 81 Franken in die Projekte. 12 Franken werden f\u00fcr die Administration aufgewendet und 7 Franken f\u00fcr die Mittelbeschaffung.<\/p>\n\n\n\n<p>Der Vorstand der Organisation besteht nur aus der Pr\u00e4sidentin. Um die Unabh\u00e4ngigkeit der Organisation zu gew\u00e4hrleisten, muss das leitende Organ gem\u00e4ss den Zewo-Standards aus mindestens f\u00fcnf Mitgliedern bestehen.<\/p>\n\n\n\n<p>Der Verein \u00abNaturherzen.ch\u00bb erstellt keine Jahresrechnung nach dem Rechnungslegungsstandard f\u00fcr gemeinn\u00fctzige Organisationen (Swiss GAAP FER 21) wie es die Zewo von zertifizierten Organisationen verlangt. Eine Jahresrechnung, die nach diesem Rechnungslegungsstandard erstellt wird, erm\u00f6glicht es Spenderinnen und Spendern, sich ein Bild \u00fcber die tats\u00e4chlichen finanziellen Verh\u00e4ltnisse der Organisation zu machen. In der Jahresrechnung des Vereins \u00abNaturherzen.ch\u00bb fehlen dazu wichtige Angaben.<\/p>\n\n\n\n<p>Der Verein \u00abNaturherzen.ch\u00bb ver\u00f6ffentlicht keine vollst\u00e4ndige, revidierte Jahresrechnung auf seiner Website. Damit informiert die Organisation aus unserer Sicht zu wenig transparent. Die \u00d6ffentlichkeit sollte sich anhand der Jahresrechnung \u00fcber die finanzielle Lage einer Spenden sammelnden Organisation informieren k\u00f6nnen. Auf Anfrage hat die Zewo den Jahresbericht 2019 von der Organisation erhalten. Darauf, sowie auf den publizierten Unterlagen, basiert diese Auskunft.<\/p>\n\n\n\n<div class=\"wp-block-cgb-block-zewo-block-button ab-block-button\"><a href=\"\/de\/hier-raet-die-zewo-vom-spenden-ab\/\" class=\"button primary\"><span class=\"button-arrow\"><\/span>Zur\u00fcck zur \u00dcbersicht<\/a><\/div>\n","protected":false},"excerpt":{"rendered":"<p>9. M\u00e4rz 2021 Die Organisation \u00abVerein Naturherzen.ch\u00bb f\u00fchrt das Zewo-G\u00fctesiegel nicht und untersteht somit nicht unserer Kontrolle. Die Organisation ist uns aber bekannt. Aufgrund der uns vorliegenden Unterlagen (Stand Januar 2021) haben wir festgestellt, dass die Organisation mindestens in den folgenden Punkten die Zewo-Standards nicht erf\u00fcllt. F\u00fcr eine abschliessende und vollst\u00e4ndige Beurteilung m\u00fcsste die Organisation [&hellip;]<\/p>\n","protected":false},"author":38,"featured_media":501108,"parent":0,"menu_order":169,"comment_status":"closed","ping_status":"closed","template":"","meta":{"_acf_changed":false,"footnotes":""},"folder":[6639],"class_list":["post-4666632","page","type-page","status-publish","has-post-thumbnail","hentry"],"acf":[],"yoast_head":"<!-- This site is optimized with the Yoast SEO Premium plugin v26.0 (Yoast SEO v26.0) - https:\/\/yoast.com\/wordpress\/plugins\/seo\/ -->\n<title>Zewo<\/title>\n<meta name=\"description\" content=\"Die Stiftung Zewo r\u00e4t ab vor Spenden an Naturherzen.\" \/>\n<meta name=\"robots\" content=\"index, follow, max-snippet:-1, max-image-preview:large, max-video-preview:-1\" \/>\n<link rel=\"canonical\" href=\"https:\/\/zewo.ch\/de\/verein-naturherzen\/\" \/>\n<meta property=\"og:locale\" content=\"de_DE\" \/>\n<meta property=\"og:type\" content=\"article\" \/>\n<meta property=\"og:description\" content=\"Die Stiftung Zewo r\u00e4t ab vor Spenden an Naturherzen.\" \/>\n<meta property=\"og:url\" content=\"https:\/\/zewo.ch\/de\/verein-naturherzen\/\" \/>\n<meta property=\"og:site_name\" content=\"Zewo\" \/>\n<meta property=\"article:publisher\" content=\"https:\/\/www.facebook.com\/Stiftung.ZEWO\/\" \/>\n<meta property=\"article:modified_time\" content=\"2021-04-26T12:16:04+00:00\" \/>\n<meta property=\"og:image\" content=\"https:\/\/zewo.ch\/wp-content\/uploads\/2019\/08\/watchdog-header.png\" \/>\n\t<meta property=\"og:image:width\" content=\"2200\" \/>\n\t<meta property=\"og:image:height\" content=\"440\" \/>\n\t<meta property=\"og:image:type\" content=\"image\/png\" \/>\n<meta name=\"twitter:card\" content=\"summary_large_image\" \/>\n<meta name=\"twitter:site\" content=\"@stiftung_zewo\" \/>\n<meta name=\"twitter:label1\" content=\"Gesch\u00e4tzte Lesezeit\" \/>\n\t<meta name=\"twitter:data1\" content=\"2\u00a0Minuten\" \/>\n<script type=\"application\/ld+json\" class=\"yoast-schema-graph\">{\"@context\":\"https:\/\/schema.org\",\"@graph\":[{\"@type\":\"WebPage\",\"@id\":\"https:\/\/zewo.ch\/de\/verein-naturherzen\/#webpage\",\"url\":\"https:\/\/zewo.ch\/de\/verein-naturherzen\/#webpage\",\"name\":\"\",\"isPartOf\":{\"@id\":\"https:\/\/zewo.ch\/de\/#website\"},\"primaryImageOfPage\":{\"@id\":\"https:\/\/zewo.ch\/de\/verein-naturherzen\/#primaryimage\"},\"image\":{\"@id\":\"https:\/\/zewo.ch\/de\/verein-naturherzen\/#primaryimage\"},\"thumbnailUrl\":\"https:\/\/zewo.ch\/wp-content\/uploads\/2019\/08\/watchdog-header.png\",\"datePublished\":\"2021-03-09T13:16:10+00:00\",\"dateModified\":\"2021-04-26T12:16:04+00:00\",\"description\":\"Die Stiftung Zewo r\u00e4t ab vor Spenden an Naturherzen.\",\"breadcrumb\":{\"@id\":\"https:\/\/zewo.ch\/de\/verein-naturherzen\/#breadcrumb\"},\"inLanguage\":\"de\",\"potentialAction\":[{\"@type\":\"ReadAction\",\"target\":[\"https:\/\/zewo.ch\/de\/verein-naturherzen\/\"]}]},{\"@type\":\"ImageObject\",\"inLanguage\":\"de\",\"@id\":\"https:\/\/zewo.ch\/de\/verein-naturherzen\/#primaryimage\",\"url\":\"https:\/\/zewo.ch\/wp-content\/uploads\/2019\/08\/watchdog-header.png\",\"contentUrl\":\"https:\/\/zewo.ch\/wp-content\/uploads\/2019\/08\/watchdog-header.png\",\"width\":2200,\"height\":440,\"caption\":\"Hier warnt die Zewo\"},{\"@type\":\"BreadcrumbList\",\"@id\":\"https:\/\/zewo.ch\/de\/verein-naturherzen\/#breadcrumb\",\"itemListElement\":[{\"@type\":\"ListItem\",\"position\":1,\"name\":\"Home\",\"item\":\"https:\/\/zewo.ch\/de\/\"},{\"@type\":\"ListItem\",\"position\":2,\"name\":\"Verein Naturherzen\"}]},{\"@type\":\"WebSite\",\"@id\":\"https:\/\/zewo.ch\/de\/#website\",\"url\":\"https:\/\/zewo.ch\/de\/\",\"name\":\"Zewo\",\"description\":\"Ihre Spende in guten H\u00e4nden.\",\"publisher\":{\"@id\":\"https:\/\/zewo.ch\/de\/#organization\"},\"potentialAction\":[{\"@type\":\"SearchAction\",\"target\":{\"@type\":\"EntryPoint\",\"urlTemplate\":\"https:\/\/zewo.ch\/de\/?s={search_term_string}\"},\"query-input\":{\"@type\":\"PropertyValueSpecification\",\"valueRequired\":true,\"valueName\":\"search_term_string\"}}],\"inLanguage\":\"de\"},{\"@type\":\"Organization\",\"@id\":\"https:\/\/zewo.ch\/de\/#organization\",\"name\":\"Stiftung Zewo\",\"url\":\"https:\/\/zewo.ch\/de\/\",\"logo\":{\"@type\":\"ImageObject\",\"inLanguage\":\"de\",\"@id\":\"https:\/\/zewo.ch\/de\/#\/schema\/logo\/image\/\",\"url\":\"https:\/\/zewo.ch\/wp-content\/uploads\/2019\/08\/Zewo_Logo_Claim_D.svg\",\"contentUrl\":\"https:\/\/zewo.ch\/wp-content\/uploads\/2019\/08\/Zewo_Logo_Claim_D.svg\",\"width\":1,\"height\":1,\"caption\":\"Stiftung Zewo\"},\"image\":{\"@id\":\"https:\/\/zewo.ch\/de\/#\/schema\/logo\/image\/\"},\"sameAs\":[\"https:\/\/www.facebook.com\/Stiftung.ZEWO\/\",\"https:\/\/x.com\/stiftung_zewo\",\"https:\/\/www.linkedin.com\/company\/stiftung-zewo\",\"https:\/\/www.youtube.com\/channel\/UCzjsVJro12OXcvvx1LQP8tw\",\"https:\/\/de.wikipedia.org\/wiki\/Zewo\"]}]}<\/script>\n<!-- \/ Yoast SEO Premium plugin. -->","yoast_head_json":{"title":"Zewo","description":"Die Stiftung Zewo r\u00e4t ab vor Spenden an Naturherzen.","robots":{"index":"index","follow":"follow","max-snippet":"max-snippet:-1","max-image-preview":"max-image-preview:large","max-video-preview":"max-video-preview:-1"},"canonical":"https:\/\/zewo.ch\/de\/verein-naturherzen\/","og_locale":"de_DE","og_type":"article","og_description":"Die Stiftung Zewo r\u00e4t ab vor Spenden an Naturherzen.","og_url":"https:\/\/zewo.ch\/de\/verein-naturherzen\/","og_site_name":"Zewo","article_publisher":"https:\/\/www.facebook.com\/Stiftung.ZEWO\/","article_modified_time":"2021-04-26T12:16:04+00:00","og_image":[{"width":2200,"height":440,"url":"https:\/\/zewo.ch\/wp-content\/uploads\/2019\/08\/watchdog-header.png","type":"image\/png"}],"twitter_card":"summary_large_image","twitter_site":"@stiftung_zewo","twitter_misc":{"Gesch\u00e4tzte Lesezeit":"2\u00a0Minuten"},"schema":{"@context":"https:\/\/schema.org","@graph":[{"@type":"WebPage","@id":"https:\/\/zewo.ch\/de\/verein-naturherzen\/#webpage","url":"https:\/\/zewo.ch\/de\/verein-naturherzen\/#webpage","name":"","isPartOf":{"@id":"https:\/\/zewo.ch\/de\/#website"},"primaryImageOfPage":{"@id":"https:\/\/zewo.ch\/de\/verein-naturherzen\/#primaryimage"},"image":{"@id":"https:\/\/zewo.ch\/de\/verein-naturherzen\/#primaryimage"},"thumbnailUrl":"https:\/\/zewo.ch\/wp-content\/uploads\/2019\/08\/watchdog-header.png","datePublished":"2021-03-09T13:16:10+00:00","dateModified":"2021-04-26T12:16:04+00:00","description":"Die Stiftung Zewo r\u00e4t ab vor Spenden an Naturherzen.","breadcrumb":{"@id":"https:\/\/zewo.ch\/de\/verein-naturherzen\/#breadcrumb"},"inLanguage":"de","potentialAction":[{"@type":"ReadAction","target":["https:\/\/zewo.ch\/de\/verein-naturherzen\/"]}]},{"@type":"ImageObject","inLanguage":"de","@id":"https:\/\/zewo.ch\/de\/verein-naturherzen\/#primaryimage","url":"https:\/\/zewo.ch\/wp-content\/uploads\/2019\/08\/watchdog-header.png","contentUrl":"https:\/\/zewo.ch\/wp-content\/uploads\/2019\/08\/watchdog-header.png","width":2200,"height":440,"caption":"Hier warnt die Zewo"},{"@type":"BreadcrumbList","@id":"https:\/\/zewo.ch\/de\/verein-naturherzen\/#breadcrumb","itemListElement":[{"@type":"ListItem","position":1,"name":"Home","item":"https:\/\/zewo.ch\/de\/"},{"@type":"ListItem","position":2,"name":"Verein Naturherzen"}]},{"@type":"WebSite","@id":"https:\/\/zewo.ch\/de\/#website","url":"https:\/\/zewo.ch\/de\/","name":"Zewo","description":"Ihre Spende in guten H\u00e4nden.","publisher":{"@id":"https:\/\/zewo.ch\/de\/#organization"},"potentialAction":[{"@type":"SearchAction","target":{"@type":"EntryPoint","urlTemplate":"https:\/\/zewo.ch\/de\/?s={search_term_string}"},"query-input":{"@type":"PropertyValueSpecification","valueRequired":true,"valueName":"search_term_string"}}],"inLanguage":"de"},{"@type":"Organization","@id":"https:\/\/zewo.ch\/de\/#organization","name":"Stiftung Zewo","url":"https:\/\/zewo.ch\/de\/","logo":{"@type":"ImageObject","inLanguage":"de","@id":"https:\/\/zewo.ch\/de\/#\/schema\/logo\/image\/","url":"https:\/\/zewo.ch\/wp-content\/uploads\/2019\/08\/Zewo_Logo_Claim_D.svg","contentUrl":"https:\/\/zewo.ch\/wp-content\/uploads\/2019\/08\/Zewo_Logo_Claim_D.svg","width":1,"height":1,"caption":"Stiftung Zewo"},"image":{"@id":"https:\/\/zewo.ch\/de\/#\/schema\/logo\/image\/"},"sameAs":["https:\/\/www.facebook.com\/Stiftung.ZEWO\/","https:\/\/x.com\/stiftung_zewo","https:\/\/www.linkedin.com\/company\/stiftung-zewo","https:\/\/www.youtube.com\/channel\/UCzjsVJro12OXcvvx1LQP8tw","https:\/\/de.wikipedia.org\/wiki\/Zewo"]}]}},"publishpress_future_action":{"enabled":false,"date":"2026-04-22 23:07:25","action":"change-status","newStatus":"draft","terms":[],"taxonomy":"translation_priority","extraData":[]},"publishpress_future_workflow_manual_trigger":{"enabledWorkflows":[]},"_links":{"self":[{"href":"https:\/\/zewo.ch\/de\/wp-json\/wp\/v2\/pages\/4666632","targetHints":{"allow":["GET"]}}],"collection":[{"href":"https:\/\/zewo.ch\/de\/wp-json\/wp\/v2\/pages"}],"about":[{"href":"https:\/\/zewo.ch\/de\/wp-json\/wp\/v2\/types\/page"}],"author":[{"embeddable":true,"href":"https:\/\/zewo.ch\/de\/wp-json\/wp\/v2\/users\/38"}],"replies":[{"embeddable":true,"href":"https:\/\/zewo.ch\/de\/wp-json\/wp\/v2\/comments?post=4666632"}],"version-history":[{"count":6,"href":"https:\/\/zewo.ch\/de\/wp-json\/wp\/v2\/pages\/4666632\/revisions"}],"predecessor-version":[{"id":4667563,"href":"https:\/\/zewo.ch\/de\/wp-json\/wp\/v2\/pages\/4666632\/revisions\/4667563"}],"wp:featuredmedia":[{"embeddable":true,"href":"https:\/\/zewo.ch\/de\/wp-json\/wp\/v2\/media\/501108"}],"wp:attachment":[{"href":"https:\/\/zewo.ch\/de\/wp-json\/wp\/v2\/media?parent=4666632"}],"wp:term":[{"taxonomy":"folder","embeddable":true,"href":"https:\/\/zewo.ch\/de\/wp-json\/wp\/v2\/folder?post=4666632"}],"curies":[{"name":"wp","href":"https:\/\/api.w.org\/{rel}","templated":true}]}}