{"id":4580628,"date":"2020-11-17T09:26:52","date_gmt":"2020-11-17T08:26:52","guid":{"rendered":"https:\/\/zewo.ch\/?page_id=4580628"},"modified":"2022-03-09T16:06:27","modified_gmt":"2022-03-09T15:06:27","slug":"spendenverwendung","status":"publish","type":"page","link":"https:\/\/zewo.ch\/de\/spendenverwendung\/","title":{"rendered":"Spendenverwendung"},"content":{"rendered":"\n<h2 class=\"wp-block-heading\" id=\"h-wie-viel-meiner-spende-kommt-in-hilfsprojekten-an\">Wie viel meiner Spende kommt in Hilfsprojekten an?<\/h2>\n\n\n\n<p><strong>Die Schweiz ist solidarisch. Auch, wenn es ums Spenden geht: So haben Schweizer Hilfswerke im Jahr 2020 mit 2,05 Milliarden Franken mehr Spenden erhalten als je zuvor<\/strong><sup><strong>1<\/strong><\/sup><strong>. Diese Mittel sind wichtig, denn sie erm\u00f6glichen gemeinn\u00fctzigen Organisationen Hilfe zu leisten. Doch wie viel Prozent einer Spende kommen tats\u00e4chlich in den Hilfsprojekten an?<\/strong><\/p>\n\n\n\n<h3 class=\"wp-block-heading\" id=\"h-es-kommt-mehr-an-als-viele-denken\">Es kommt mehr an, als viele denken<\/h3>\n\n\n\n<p>Hilfswerke&nbsp;mit Zewo-G\u00fctesiegel setzen&nbsp;im Durchschnitt&nbsp;81 von 100 Franken direkt f\u00fcr&nbsp;Projekte und Hilfeleistungen ein. Sie ben\u00f6tigen durchschnittlich&nbsp;12 Franken f\u00fcr&nbsp;administrative Aufgaben und wenden im Schnitt&nbsp;die \u00fcbrigen 7 Franken f\u00fcr die Mittelbeschaffung auf. Aussagen einzelner Organisationen, sie liessen 100 % der Spenden in Projekte fliessen, sind kritisch zu betrachten. Denn in jeder vertrauensw\u00fcrdigen Organisation fallen notwendigerweise administrative Aufgaben an: zum Beispiel f\u00fcr das F\u00fchren einer korrekten Buchhaltung und deren Kontrolle, f\u00fcr Information und Rechenschaftsberichte oder f\u00fcr das Sammeln von Spenden. Dieser Aufwand kann aus Spenden finanziert werden oder aus anderen Einnahmen. Wichtig ist aber, dass der&nbsp;Anteil der Kosten f\u00fcr administrative Aufgaben angemessen bleibt.<\/p>\n\n\n\n<h3 class=\"wp-block-heading\" id=\"h-wie-viel-darf-ein-hilfswerk-f-r-die-administration-ausgeben\">Wie viel darf ein Hilfswerk f\u00fcr die Administration ausgeben?<\/h3>\n\n\n\n<p>Auch wenn administrative Aufgaben notwendig sind, gibt es Grenzen: Mindestens 65 % der Spendeneinnahmen sollten f\u00fcr die Leistungserbringung verwendet werden, nicht mehr als 25 % f\u00fcr Fundraising und Werbung. Nat\u00fcrlich darf man nicht \u00c4pfel mit Birnen vergleichen. Denn Hilfswerke sind vielf\u00e4ltig. Sie unterscheiden sich stark in ihrer T\u00e4tigkeit, Gr\u00f6sse, der Aufgabenteilung in Netzwerken und ihrem Zugang zu \u00f6ffentlichen Geldern. Die Zewo \u00fcberpr\u00fcft die Kosten der Hilfswerke mit Zewo-G\u00fctesiegel deshalb regelm\u00e4ssig und ber\u00fccksichtigt diese Einflussfaktoren.<\/p>\n\n\n\n<h3 class=\"wp-block-heading\" id=\"h-ihre-spende-in-guten-h-nden\">Ihre Spende in guten H\u00e4nden<\/h3>\n\n\n\n<p>Spenden ist f\u00fcr viele eine Herzensangelegenheit. Und wer sich im Vorfeld gut informiert, weiss seine Unterst\u00fctzung am richtigen Ort. Haben auch Sie vor, ein Hilfswerk zu unterst\u00fctzen? Mit diesen <a href=\"https:\/\/zewo.ch\/de\/die-5-wichtigsten-tipps-furs-spenden\/\">Tipps der Zewo<\/a> ist Ihre Spende in guten H\u00e4nden.<\/p>\n\n\n\n<p>Quellen:<\/p>\n\n\n\n<ul class=\"wp-block-list\"><li> <a href=\"https:\/\/zewo.ch\/de\/spendenstatistik\/\">Zewo Spendenstatistik 2020<\/a><\/li><\/ul>\n\n\n\n<div class=\"wp-block-cgb-block-zewo-block-columns-container container bg-color-light-gray\"><div class=\"grid-x grid-margin-x\" data-columns=\"2\">\n\n\n<div class=\"cell small-12 medium-6\"><div class=\"wp-block-cgb-block-zewo-block-image-text-teaser ab-block-cta\"><div class=\"ab-cta-image-wrap bg-color-secondary\"><img decoding=\"async\" class=\"ab-cta-image\" src=\"https:\/\/zewo.ch\/wp-content\/uploads\/2019\/08\/Zewo-Hilfswerksuche-2.jpg\" alt=\"Zewo-Hilfswerksuche\"\/><\/div><div class=\"ab-cta-content\"><h2 class=\"ab-cta-title\">Suchen Sie eine zertifizierte NPO?<\/h2><div class=\"ab-cta-text\">\n<p>Mit der Online-Suche finden Sie alle NPO, die das Zewo-G\u00fctesiegel tragen. Das Suchergebnis zeigt, wem sie helfen, wo sie t\u00e4tig sind und wie Sie die NPO unterst\u00fctzen k\u00f6nnen. <\/p>\n<\/div><\/div><div class=\"ab-cta-button\"><a href=\"\/de\/npo-suche\/\" target=\"_self\" rel=\"noopener noreferrer\" class=\"button primary button-teaser\"><span class=\"button-arrow\"><\/span>NPO finden<\/a><\/div><a href=\"\/de\/npo-suche\/\" target=\"_self\" rel=\"noopener noreferrer\" class=\"button-teaser--is-full\"><\/a><\/div><\/div>\n\n\n<\/div><\/div>\n","protected":false},"excerpt":{"rendered":"<p>Wie viel meiner Spende kommt in Hilfsprojekten an? Die Schweiz ist solidarisch. Auch, wenn es ums Spenden geht: So haben Schweizer Hilfswerke im Jahr 2020 mit 2,05 Milliarden Franken mehr Spenden erhalten als je zuvor1. Diese Mittel sind wichtig, denn sie erm\u00f6glichen gemeinn\u00fctzigen Organisationen Hilfe zu leisten. Doch wie viel Prozent einer Spende kommen tats\u00e4chlich [&hellip;]<\/p>\n","protected":false},"author":6,"featured_media":4580646,"parent":0,"menu_order":0,"comment_status":"closed","ping_status":"closed","template":"","meta":{"_acf_changed":false,"footnotes":""},"folder":[6639],"class_list":["post-4580628","page","type-page","status-publish","has-post-thumbnail","hentry"],"acf":[],"yoast_head":"<!-- This site is optimized with the Yoast SEO Premium plugin v26.0 (Yoast SEO v26.0) - https:\/\/yoast.com\/wordpress\/plugins\/seo\/ -->\n<title>Zewo<\/title>\n<meta name=\"description\" content=\"Die Schweiz ist solidarisch. So haben Schweizer Hilfswerke im Jahr 2019 mit 1,91 Milliarden Franken mehr Spenden erhalten als je zuvor.\" \/>\n<meta name=\"robots\" content=\"index, follow, max-snippet:-1, max-image-preview:large, max-video-preview:-1\" \/>\n<link rel=\"canonical\" href=\"https:\/\/zewo.ch\/de\/spendenverwendung\/\" \/>\n<meta property=\"og:locale\" content=\"de_DE\" \/>\n<meta property=\"og:type\" content=\"article\" \/>\n<meta property=\"og:description\" content=\"Die Schweiz ist solidarisch. So haben Schweizer Hilfswerke im Jahr 2019 mit 1,91 Milliarden Franken mehr Spenden erhalten als je zuvor.\" \/>\n<meta property=\"og:url\" content=\"https:\/\/zewo.ch\/de\/spendenverwendung\/\" \/>\n<meta property=\"og:site_name\" content=\"Zewo\" \/>\n<meta property=\"article:publisher\" content=\"https:\/\/www.facebook.com\/Stiftung.ZEWO\/\" \/>\n<meta property=\"article:modified_time\" content=\"2022-03-09T15:06:27+00:00\" \/>\n<meta property=\"og:image\" content=\"https:\/\/zewo.ch\/wp-content\/uploads\/2020\/11\/bild-wasser-hand.jpg\" \/>\n\t<meta property=\"og:image:width\" content=\"2200\" \/>\n\t<meta property=\"og:image:height\" content=\"440\" \/>\n\t<meta property=\"og:image:type\" content=\"image\/jpeg\" \/>\n<meta name=\"twitter:card\" content=\"summary_large_image\" \/>\n<meta name=\"twitter:site\" content=\"@stiftung_zewo\" \/>\n<meta name=\"twitter:label1\" content=\"Gesch\u00e4tzte Lesezeit\" \/>\n\t<meta name=\"twitter:data1\" content=\"2\u00a0Minuten\" \/>\n<script type=\"application\/ld+json\" class=\"yoast-schema-graph\">{\"@context\":\"https:\/\/schema.org\",\"@graph\":[{\"@type\":\"WebPage\",\"@id\":\"https:\/\/zewo.ch\/de\/spendenverwendung\/#webpage\",\"url\":\"https:\/\/zewo.ch\/de\/spendenverwendung\/#webpage\",\"name\":\"\",\"isPartOf\":{\"@id\":\"https:\/\/zewo.ch\/de\/#website\"},\"primaryImageOfPage\":{\"@id\":\"https:\/\/zewo.ch\/de\/spendenverwendung\/#primaryimage\"},\"image\":{\"@id\":\"https:\/\/zewo.ch\/de\/spendenverwendung\/#primaryimage\"},\"thumbnailUrl\":\"https:\/\/zewo.ch\/wp-content\/uploads\/2020\/11\/bild-wasser-hand.jpg\",\"datePublished\":\"2020-11-17T08:26:52+00:00\",\"dateModified\":\"2022-03-09T15:06:27+00:00\",\"description\":\"Die Schweiz ist solidarisch. So haben Schweizer Hilfswerke im Jahr 2019 mit 1,91 Milliarden Franken mehr Spenden erhalten als je zuvor.\",\"breadcrumb\":{\"@id\":\"https:\/\/zewo.ch\/de\/spendenverwendung\/#breadcrumb\"},\"inLanguage\":\"de\",\"potentialAction\":[{\"@type\":\"ReadAction\",\"target\":[\"https:\/\/zewo.ch\/de\/spendenverwendung\/\"]}]},{\"@type\":\"ImageObject\",\"inLanguage\":\"de\",\"@id\":\"https:\/\/zewo.ch\/de\/spendenverwendung\/#primaryimage\",\"url\":\"https:\/\/zewo.ch\/wp-content\/uploads\/2020\/11\/bild-wasser-hand.jpg\",\"contentUrl\":\"https:\/\/zewo.ch\/wp-content\/uploads\/2020\/11\/bild-wasser-hand.jpg\",\"width\":2200,\"height\":440,\"caption\":\"Header Spendenverwendung Hand Wasser\"},{\"@type\":\"BreadcrumbList\",\"@id\":\"https:\/\/zewo.ch\/de\/spendenverwendung\/#breadcrumb\",\"itemListElement\":[{\"@type\":\"ListItem\",\"position\":1,\"name\":\"Home\",\"item\":\"https:\/\/zewo.ch\/de\/\"},{\"@type\":\"ListItem\",\"position\":2,\"name\":\"Spendenverwendung\"}]},{\"@type\":\"WebSite\",\"@id\":\"https:\/\/zewo.ch\/de\/#website\",\"url\":\"https:\/\/zewo.ch\/de\/\",\"name\":\"Zewo\",\"description\":\"Ihre Spende in guten H\u00e4nden.\",\"publisher\":{\"@id\":\"https:\/\/zewo.ch\/de\/#organization\"},\"potentialAction\":[{\"@type\":\"SearchAction\",\"target\":{\"@type\":\"EntryPoint\",\"urlTemplate\":\"https:\/\/zewo.ch\/de\/?s={search_term_string}\"},\"query-input\":{\"@type\":\"PropertyValueSpecification\",\"valueRequired\":true,\"valueName\":\"search_term_string\"}}],\"inLanguage\":\"de\"},{\"@type\":\"Organization\",\"@id\":\"https:\/\/zewo.ch\/de\/#organization\",\"name\":\"Stiftung Zewo\",\"url\":\"https:\/\/zewo.ch\/de\/\",\"logo\":{\"@type\":\"ImageObject\",\"inLanguage\":\"de\",\"@id\":\"https:\/\/zewo.ch\/de\/#\/schema\/logo\/image\/\",\"url\":\"https:\/\/zewo.ch\/wp-content\/uploads\/2019\/08\/Zewo_Logo_Claim_D.svg\",\"contentUrl\":\"https:\/\/zewo.ch\/wp-content\/uploads\/2019\/08\/Zewo_Logo_Claim_D.svg\",\"width\":1,\"height\":1,\"caption\":\"Stiftung Zewo\"},\"image\":{\"@id\":\"https:\/\/zewo.ch\/de\/#\/schema\/logo\/image\/\"},\"sameAs\":[\"https:\/\/www.facebook.com\/Stiftung.ZEWO\/\",\"https:\/\/x.com\/stiftung_zewo\",\"https:\/\/www.linkedin.com\/company\/stiftung-zewo\",\"https:\/\/www.youtube.com\/channel\/UCzjsVJro12OXcvvx1LQP8tw\",\"https:\/\/de.wikipedia.org\/wiki\/Zewo\"]}]}<\/script>\n<!-- \/ Yoast SEO Premium plugin. -->","yoast_head_json":{"title":"Zewo","description":"Die Schweiz ist solidarisch. So haben Schweizer Hilfswerke im Jahr 2019 mit 1,91 Milliarden Franken mehr Spenden erhalten als je zuvor.","robots":{"index":"index","follow":"follow","max-snippet":"max-snippet:-1","max-image-preview":"max-image-preview:large","max-video-preview":"max-video-preview:-1"},"canonical":"https:\/\/zewo.ch\/de\/spendenverwendung\/","og_locale":"de_DE","og_type":"article","og_description":"Die Schweiz ist solidarisch. So haben Schweizer Hilfswerke im Jahr 2019 mit 1,91 Milliarden Franken mehr Spenden erhalten als je zuvor.","og_url":"https:\/\/zewo.ch\/de\/spendenverwendung\/","og_site_name":"Zewo","article_publisher":"https:\/\/www.facebook.com\/Stiftung.ZEWO\/","article_modified_time":"2022-03-09T15:06:27+00:00","og_image":[{"width":2200,"height":440,"url":"https:\/\/zewo.ch\/wp-content\/uploads\/2020\/11\/bild-wasser-hand.jpg","type":"image\/jpeg"}],"twitter_card":"summary_large_image","twitter_site":"@stiftung_zewo","twitter_misc":{"Gesch\u00e4tzte Lesezeit":"2\u00a0Minuten"},"schema":{"@context":"https:\/\/schema.org","@graph":[{"@type":"WebPage","@id":"https:\/\/zewo.ch\/de\/spendenverwendung\/#webpage","url":"https:\/\/zewo.ch\/de\/spendenverwendung\/#webpage","name":"","isPartOf":{"@id":"https:\/\/zewo.ch\/de\/#website"},"primaryImageOfPage":{"@id":"https:\/\/zewo.ch\/de\/spendenverwendung\/#primaryimage"},"image":{"@id":"https:\/\/zewo.ch\/de\/spendenverwendung\/#primaryimage"},"thumbnailUrl":"https:\/\/zewo.ch\/wp-content\/uploads\/2020\/11\/bild-wasser-hand.jpg","datePublished":"2020-11-17T08:26:52+00:00","dateModified":"2022-03-09T15:06:27+00:00","description":"Die Schweiz ist solidarisch. So haben Schweizer Hilfswerke im Jahr 2019 mit 1,91 Milliarden Franken mehr Spenden erhalten als je zuvor.","breadcrumb":{"@id":"https:\/\/zewo.ch\/de\/spendenverwendung\/#breadcrumb"},"inLanguage":"de","potentialAction":[{"@type":"ReadAction","target":["https:\/\/zewo.ch\/de\/spendenverwendung\/"]}]},{"@type":"ImageObject","inLanguage":"de","@id":"https:\/\/zewo.ch\/de\/spendenverwendung\/#primaryimage","url":"https:\/\/zewo.ch\/wp-content\/uploads\/2020\/11\/bild-wasser-hand.jpg","contentUrl":"https:\/\/zewo.ch\/wp-content\/uploads\/2020\/11\/bild-wasser-hand.jpg","width":2200,"height":440,"caption":"Header Spendenverwendung Hand Wasser"},{"@type":"BreadcrumbList","@id":"https:\/\/zewo.ch\/de\/spendenverwendung\/#breadcrumb","itemListElement":[{"@type":"ListItem","position":1,"name":"Home","item":"https:\/\/zewo.ch\/de\/"},{"@type":"ListItem","position":2,"name":"Spendenverwendung"}]},{"@type":"WebSite","@id":"https:\/\/zewo.ch\/de\/#website","url":"https:\/\/zewo.ch\/de\/","name":"Zewo","description":"Ihre Spende in guten H\u00e4nden.","publisher":{"@id":"https:\/\/zewo.ch\/de\/#organization"},"potentialAction":[{"@type":"SearchAction","target":{"@type":"EntryPoint","urlTemplate":"https:\/\/zewo.ch\/de\/?s={search_term_string}"},"query-input":{"@type":"PropertyValueSpecification","valueRequired":true,"valueName":"search_term_string"}}],"inLanguage":"de"},{"@type":"Organization","@id":"https:\/\/zewo.ch\/de\/#organization","name":"Stiftung Zewo","url":"https:\/\/zewo.ch\/de\/","logo":{"@type":"ImageObject","inLanguage":"de","@id":"https:\/\/zewo.ch\/de\/#\/schema\/logo\/image\/","url":"https:\/\/zewo.ch\/wp-content\/uploads\/2019\/08\/Zewo_Logo_Claim_D.svg","contentUrl":"https:\/\/zewo.ch\/wp-content\/uploads\/2019\/08\/Zewo_Logo_Claim_D.svg","width":1,"height":1,"caption":"Stiftung Zewo"},"image":{"@id":"https:\/\/zewo.ch\/de\/#\/schema\/logo\/image\/"},"sameAs":["https:\/\/www.facebook.com\/Stiftung.ZEWO\/","https:\/\/x.com\/stiftung_zewo","https:\/\/www.linkedin.com\/company\/stiftung-zewo","https:\/\/www.youtube.com\/channel\/UCzjsVJro12OXcvvx1LQP8tw","https:\/\/de.wikipedia.org\/wiki\/Zewo"]}]}},"publishpress_future_action":{"enabled":false,"date":"2026-04-25 11:10:40","action":"change-status","newStatus":"draft","terms":[],"taxonomy":"translation_priority","extraData":[]},"publishpress_future_workflow_manual_trigger":{"enabledWorkflows":[]},"_links":{"self":[{"href":"https:\/\/zewo.ch\/de\/wp-json\/wp\/v2\/pages\/4580628","targetHints":{"allow":["GET"]}}],"collection":[{"href":"https:\/\/zewo.ch\/de\/wp-json\/wp\/v2\/pages"}],"about":[{"href":"https:\/\/zewo.ch\/de\/wp-json\/wp\/v2\/types\/page"}],"author":[{"embeddable":true,"href":"https:\/\/zewo.ch\/de\/wp-json\/wp\/v2\/users\/6"}],"replies":[{"embeddable":true,"href":"https:\/\/zewo.ch\/de\/wp-json\/wp\/v2\/comments?post=4580628"}],"version-history":[{"count":20,"href":"https:\/\/zewo.ch\/de\/wp-json\/wp\/v2\/pages\/4580628\/revisions"}],"predecessor-version":[{"id":5787424,"href":"https:\/\/zewo.ch\/de\/wp-json\/wp\/v2\/pages\/4580628\/revisions\/5787424"}],"wp:featuredmedia":[{"embeddable":true,"href":"https:\/\/zewo.ch\/de\/wp-json\/wp\/v2\/media\/4580646"}],"wp:attachment":[{"href":"https:\/\/zewo.ch\/de\/wp-json\/wp\/v2\/media?parent=4580628"}],"wp:term":[{"taxonomy":"folder","embeddable":true,"href":"https:\/\/zewo.ch\/de\/wp-json\/wp\/v2\/folder?post=4580628"}],"curies":[{"name":"wp","href":"https:\/\/api.w.org\/{rel}","templated":true}]}}