{"id":4575969,"date":"2020-10-29T15:26:16","date_gmt":"2020-10-29T14:26:16","guid":{"rendered":"https:\/\/zewo.ch\/?page_id=4575969"},"modified":"2021-04-26T14:09:31","modified_gmt":"2021-04-26T12:09:31","slug":"falschsammler-im-kanton-st-gallen-festgenommen","status":"publish","type":"page","link":"https:\/\/zewo.ch\/de\/falschsammler-im-kanton-st-gallen-festgenommen\/","title":{"rendered":"Falschsammler im Kanton St.Gallen festgenommen"},"content":{"rendered":"\n<p><strong><strong>29. Oktober 2020<\/strong><\/strong><\/p>\n\n\n\n<p><strong>Falschsammler geben sich als Beauftragte eines Hilfswerks aus und halten Passanten in zum Spenden an. Sie halten sich in der N\u00e4he von Einkaufszentren auf, oftmals erwecken sie den Anschein taubstumm zu sein. Die Hilfswerke, f\u00fcr die sie angeblich sammeln, sind erfunden. Der Kantonspolizei St. Gallen sind in den letzten Tagen zwei Festnahmen gelungen<\/strong>.<\/p>\n\n\n\n<p>Die \u00fcberf\u00fchrten Falschsammler gaben vor f\u00fcr ein Hilfswerk zu sammeln. Sie f\u00fchrten Spendenformulare in einem Klemmbrett mit, die mit einkopierten oder erfundenen Logos versehen waren. Das Klemmbrett und die Spendenformulare wurden von der Polizei eingezogen und vernichtet. Wie die Staatsanwaltschaft des Kanton St. Gallen meldet, wurden zwei Strafbefehle ausgestellt und die festgenommen Personen verurteilt.<\/p>\n\n\n\n<p>Seri\u00f6se Spendensammler k\u00f6nnen sich ausweisen und geben Unterlagen ab.&nbsp;Hilfswerke bitten auch selten um Barspenden. Die Zewo empfiehlt darum Spenderinnen und Spendern direkt die Spendenm\u00f6glichkeiten der Organisationen zu nutzen, die das Zewo-G\u00fctesiegel tragen. <a href=\"\/de\/npo-suche\">Hier<\/a> finden Sie die Organisationen, die Ihre Spende zweckbestimmt, effizient und wirksam einsetzen. Ihre Spende ist hier in guten H\u00e4nden.<\/p>\n\n\n\n<div class=\"wp-block-cgb-block-zewo-block-button ab-block-button\"><a href=\"\/de\/hier-raet-die-zewo-vom-spenden-ab\/\" class=\"button primary\"><span class=\"button-arrow\"><\/span>Zur\u00fcck zur \u00dcbersicht<\/a><\/div>\n\n\n\n<p><\/p>\n","protected":false},"excerpt":{"rendered":"<p>29. Oktober 2020 Falschsammler geben sich als Beauftragte eines Hilfswerks aus und halten Passanten in zum Spenden an. Sie halten sich in der N\u00e4he von Einkaufszentren auf, oftmals erwecken sie den Anschein taubstumm zu sein. Die Hilfswerke, f\u00fcr die sie angeblich sammeln, sind erfunden. Der Kantonspolizei St. Gallen sind in den letzten Tagen zwei Festnahmen [&hellip;]<\/p>\n","protected":false},"author":6,"featured_media":501108,"parent":0,"menu_order":170,"comment_status":"closed","ping_status":"closed","template":"","meta":{"_acf_changed":false,"footnotes":""},"folder":[6639],"class_list":["post-4575969","page","type-page","status-publish","has-post-thumbnail","hentry"],"acf":[],"yoast_head":"<!-- This site is optimized with the Yoast SEO Premium plugin v26.0 (Yoast SEO v26.0) - https:\/\/yoast.com\/wordpress\/plugins\/seo\/ -->\n<title>Zewo<\/title>\n<meta name=\"description\" content=\"Die Kantonspolizei St. Gallen hat zwei Falschsammler festgenommen.\" \/>\n<meta name=\"robots\" content=\"index, follow, max-snippet:-1, max-image-preview:large, max-video-preview:-1\" \/>\n<link rel=\"canonical\" href=\"https:\/\/zewo.ch\/de\/falschsammler-im-kanton-st-gallen-festgenommen\/\" \/>\n<meta property=\"og:locale\" content=\"de_DE\" \/>\n<meta property=\"og:type\" content=\"article\" \/>\n<meta property=\"og:description\" content=\"Die Kantonspolizei St. Gallen hat zwei Falschsammler festgenommen.\" \/>\n<meta property=\"og:url\" content=\"https:\/\/zewo.ch\/de\/falschsammler-im-kanton-st-gallen-festgenommen\/\" \/>\n<meta property=\"og:site_name\" content=\"Zewo\" \/>\n<meta property=\"article:publisher\" content=\"https:\/\/www.facebook.com\/Stiftung.ZEWO\/\" \/>\n<meta property=\"article:modified_time\" content=\"2021-04-26T12:09:31+00:00\" \/>\n<meta property=\"og:image\" content=\"https:\/\/zewo.ch\/wp-content\/uploads\/2019\/08\/watchdog-header.png\" \/>\n\t<meta property=\"og:image:width\" content=\"2200\" \/>\n\t<meta property=\"og:image:height\" content=\"440\" \/>\n\t<meta property=\"og:image:type\" content=\"image\/png\" \/>\n<meta name=\"twitter:card\" content=\"summary_large_image\" \/>\n<meta name=\"twitter:site\" content=\"@stiftung_zewo\" \/>\n<meta name=\"twitter:label1\" content=\"Gesch\u00e4tzte Lesezeit\" \/>\n\t<meta name=\"twitter:data1\" content=\"1\u00a0Minute\" \/>\n<script type=\"application\/ld+json\" class=\"yoast-schema-graph\">{\"@context\":\"https:\/\/schema.org\",\"@graph\":[{\"@type\":\"WebPage\",\"@id\":\"https:\/\/zewo.ch\/de\/falschsammler-im-kanton-st-gallen-festgenommen\/#webpage\",\"url\":\"https:\/\/zewo.ch\/de\/falschsammler-im-kanton-st-gallen-festgenommen\/#webpage\",\"name\":\"\",\"isPartOf\":{\"@id\":\"https:\/\/zewo.ch\/de\/#website\"},\"primaryImageOfPage\":{\"@id\":\"https:\/\/zewo.ch\/de\/falschsammler-im-kanton-st-gallen-festgenommen\/#primaryimage\"},\"image\":{\"@id\":\"https:\/\/zewo.ch\/de\/falschsammler-im-kanton-st-gallen-festgenommen\/#primaryimage\"},\"thumbnailUrl\":\"https:\/\/zewo.ch\/wp-content\/uploads\/2019\/08\/watchdog-header.png\",\"datePublished\":\"2020-10-29T14:26:16+00:00\",\"dateModified\":\"2021-04-26T12:09:31+00:00\",\"description\":\"Die Kantonspolizei St. Gallen hat zwei Falschsammler festgenommen.\",\"breadcrumb\":{\"@id\":\"https:\/\/zewo.ch\/de\/falschsammler-im-kanton-st-gallen-festgenommen\/#breadcrumb\"},\"inLanguage\":\"de\",\"potentialAction\":[{\"@type\":\"ReadAction\",\"target\":[\"https:\/\/zewo.ch\/de\/falschsammler-im-kanton-st-gallen-festgenommen\/\"]}]},{\"@type\":\"ImageObject\",\"inLanguage\":\"de\",\"@id\":\"https:\/\/zewo.ch\/de\/falschsammler-im-kanton-st-gallen-festgenommen\/#primaryimage\",\"url\":\"https:\/\/zewo.ch\/wp-content\/uploads\/2019\/08\/watchdog-header.png\",\"contentUrl\":\"https:\/\/zewo.ch\/wp-content\/uploads\/2019\/08\/watchdog-header.png\",\"width\":2200,\"height\":440,\"caption\":\"Hier warnt die Zewo\"},{\"@type\":\"BreadcrumbList\",\"@id\":\"https:\/\/zewo.ch\/de\/falschsammler-im-kanton-st-gallen-festgenommen\/#breadcrumb\",\"itemListElement\":[{\"@type\":\"ListItem\",\"position\":1,\"name\":\"Home\",\"item\":\"https:\/\/zewo.ch\/de\/\"},{\"@type\":\"ListItem\",\"position\":2,\"name\":\"Falschsammler im Kanton St.Gallen festgenommen\"}]},{\"@type\":\"WebSite\",\"@id\":\"https:\/\/zewo.ch\/de\/#website\",\"url\":\"https:\/\/zewo.ch\/de\/\",\"name\":\"Zewo\",\"description\":\"Ihre Spende in guten H\u00e4nden.\",\"publisher\":{\"@id\":\"https:\/\/zewo.ch\/de\/#organization\"},\"potentialAction\":[{\"@type\":\"SearchAction\",\"target\":{\"@type\":\"EntryPoint\",\"urlTemplate\":\"https:\/\/zewo.ch\/de\/?s={search_term_string}\"},\"query-input\":{\"@type\":\"PropertyValueSpecification\",\"valueRequired\":true,\"valueName\":\"search_term_string\"}}],\"inLanguage\":\"de\"},{\"@type\":\"Organization\",\"@id\":\"https:\/\/zewo.ch\/de\/#organization\",\"name\":\"Stiftung Zewo\",\"url\":\"https:\/\/zewo.ch\/de\/\",\"logo\":{\"@type\":\"ImageObject\",\"inLanguage\":\"de\",\"@id\":\"https:\/\/zewo.ch\/de\/#\/schema\/logo\/image\/\",\"url\":\"https:\/\/zewo.ch\/wp-content\/uploads\/2019\/08\/Zewo_Logo_Claim_D.svg\",\"contentUrl\":\"https:\/\/zewo.ch\/wp-content\/uploads\/2019\/08\/Zewo_Logo_Claim_D.svg\",\"width\":1,\"height\":1,\"caption\":\"Stiftung Zewo\"},\"image\":{\"@id\":\"https:\/\/zewo.ch\/de\/#\/schema\/logo\/image\/\"},\"sameAs\":[\"https:\/\/www.facebook.com\/Stiftung.ZEWO\/\",\"https:\/\/x.com\/stiftung_zewo\",\"https:\/\/www.linkedin.com\/company\/stiftung-zewo\",\"https:\/\/www.youtube.com\/channel\/UCzjsVJro12OXcvvx1LQP8tw\",\"https:\/\/de.wikipedia.org\/wiki\/Zewo\"]}]}<\/script>\n<!-- \/ Yoast SEO Premium plugin. -->","yoast_head_json":{"title":"Zewo","description":"Die Kantonspolizei St. Gallen hat zwei Falschsammler festgenommen.","robots":{"index":"index","follow":"follow","max-snippet":"max-snippet:-1","max-image-preview":"max-image-preview:large","max-video-preview":"max-video-preview:-1"},"canonical":"https:\/\/zewo.ch\/de\/falschsammler-im-kanton-st-gallen-festgenommen\/","og_locale":"de_DE","og_type":"article","og_description":"Die Kantonspolizei St. Gallen hat zwei Falschsammler festgenommen.","og_url":"https:\/\/zewo.ch\/de\/falschsammler-im-kanton-st-gallen-festgenommen\/","og_site_name":"Zewo","article_publisher":"https:\/\/www.facebook.com\/Stiftung.ZEWO\/","article_modified_time":"2021-04-26T12:09:31+00:00","og_image":[{"width":2200,"height":440,"url":"https:\/\/zewo.ch\/wp-content\/uploads\/2019\/08\/watchdog-header.png","type":"image\/png"}],"twitter_card":"summary_large_image","twitter_site":"@stiftung_zewo","twitter_misc":{"Gesch\u00e4tzte Lesezeit":"1\u00a0Minute"},"schema":{"@context":"https:\/\/schema.org","@graph":[{"@type":"WebPage","@id":"https:\/\/zewo.ch\/de\/falschsammler-im-kanton-st-gallen-festgenommen\/#webpage","url":"https:\/\/zewo.ch\/de\/falschsammler-im-kanton-st-gallen-festgenommen\/#webpage","name":"","isPartOf":{"@id":"https:\/\/zewo.ch\/de\/#website"},"primaryImageOfPage":{"@id":"https:\/\/zewo.ch\/de\/falschsammler-im-kanton-st-gallen-festgenommen\/#primaryimage"},"image":{"@id":"https:\/\/zewo.ch\/de\/falschsammler-im-kanton-st-gallen-festgenommen\/#primaryimage"},"thumbnailUrl":"https:\/\/zewo.ch\/wp-content\/uploads\/2019\/08\/watchdog-header.png","datePublished":"2020-10-29T14:26:16+00:00","dateModified":"2021-04-26T12:09:31+00:00","description":"Die Kantonspolizei St. Gallen hat zwei Falschsammler festgenommen.","breadcrumb":{"@id":"https:\/\/zewo.ch\/de\/falschsammler-im-kanton-st-gallen-festgenommen\/#breadcrumb"},"inLanguage":"de","potentialAction":[{"@type":"ReadAction","target":["https:\/\/zewo.ch\/de\/falschsammler-im-kanton-st-gallen-festgenommen\/"]}]},{"@type":"ImageObject","inLanguage":"de","@id":"https:\/\/zewo.ch\/de\/falschsammler-im-kanton-st-gallen-festgenommen\/#primaryimage","url":"https:\/\/zewo.ch\/wp-content\/uploads\/2019\/08\/watchdog-header.png","contentUrl":"https:\/\/zewo.ch\/wp-content\/uploads\/2019\/08\/watchdog-header.png","width":2200,"height":440,"caption":"Hier warnt die Zewo"},{"@type":"BreadcrumbList","@id":"https:\/\/zewo.ch\/de\/falschsammler-im-kanton-st-gallen-festgenommen\/#breadcrumb","itemListElement":[{"@type":"ListItem","position":1,"name":"Home","item":"https:\/\/zewo.ch\/de\/"},{"@type":"ListItem","position":2,"name":"Falschsammler im Kanton St.Gallen festgenommen"}]},{"@type":"WebSite","@id":"https:\/\/zewo.ch\/de\/#website","url":"https:\/\/zewo.ch\/de\/","name":"Zewo","description":"Ihre Spende in guten H\u00e4nden.","publisher":{"@id":"https:\/\/zewo.ch\/de\/#organization"},"potentialAction":[{"@type":"SearchAction","target":{"@type":"EntryPoint","urlTemplate":"https:\/\/zewo.ch\/de\/?s={search_term_string}"},"query-input":{"@type":"PropertyValueSpecification","valueRequired":true,"valueName":"search_term_string"}}],"inLanguage":"de"},{"@type":"Organization","@id":"https:\/\/zewo.ch\/de\/#organization","name":"Stiftung Zewo","url":"https:\/\/zewo.ch\/de\/","logo":{"@type":"ImageObject","inLanguage":"de","@id":"https:\/\/zewo.ch\/de\/#\/schema\/logo\/image\/","url":"https:\/\/zewo.ch\/wp-content\/uploads\/2019\/08\/Zewo_Logo_Claim_D.svg","contentUrl":"https:\/\/zewo.ch\/wp-content\/uploads\/2019\/08\/Zewo_Logo_Claim_D.svg","width":1,"height":1,"caption":"Stiftung Zewo"},"image":{"@id":"https:\/\/zewo.ch\/de\/#\/schema\/logo\/image\/"},"sameAs":["https:\/\/www.facebook.com\/Stiftung.ZEWO\/","https:\/\/x.com\/stiftung_zewo","https:\/\/www.linkedin.com\/company\/stiftung-zewo","https:\/\/www.youtube.com\/channel\/UCzjsVJro12OXcvvx1LQP8tw","https:\/\/de.wikipedia.org\/wiki\/Zewo"]}]}},"publishpress_future_action":{"enabled":false,"date":"2026-04-22 23:11:06","action":"change-status","newStatus":"draft","terms":[],"taxonomy":"translation_priority","extraData":[]},"publishpress_future_workflow_manual_trigger":{"enabledWorkflows":[]},"_links":{"self":[{"href":"https:\/\/zewo.ch\/de\/wp-json\/wp\/v2\/pages\/4575969","targetHints":{"allow":["GET"]}}],"collection":[{"href":"https:\/\/zewo.ch\/de\/wp-json\/wp\/v2\/pages"}],"about":[{"href":"https:\/\/zewo.ch\/de\/wp-json\/wp\/v2\/types\/page"}],"author":[{"embeddable":true,"href":"https:\/\/zewo.ch\/de\/wp-json\/wp\/v2\/users\/6"}],"replies":[{"embeddable":true,"href":"https:\/\/zewo.ch\/de\/wp-json\/wp\/v2\/comments?post=4575969"}],"version-history":[{"count":6,"href":"https:\/\/zewo.ch\/de\/wp-json\/wp\/v2\/pages\/4575969\/revisions"}],"predecessor-version":[{"id":4667542,"href":"https:\/\/zewo.ch\/de\/wp-json\/wp\/v2\/pages\/4575969\/revisions\/4667542"}],"wp:featuredmedia":[{"embeddable":true,"href":"https:\/\/zewo.ch\/de\/wp-json\/wp\/v2\/media\/501108"}],"wp:attachment":[{"href":"https:\/\/zewo.ch\/de\/wp-json\/wp\/v2\/media?parent=4575969"}],"wp:term":[{"taxonomy":"folder","embeddable":true,"href":"https:\/\/zewo.ch\/de\/wp-json\/wp\/v2\/folder?post=4575969"}],"curies":[{"name":"wp","href":"https:\/\/api.w.org\/{rel}","templated":true}]}}