{"id":4575892,"date":"2020-10-26T16:04:48","date_gmt":"2020-10-26T15:04:48","guid":{"rendered":"https:\/\/zewo.ch\/?page_id=4575892"},"modified":"2020-10-26T16:07:42","modified_gmt":"2020-10-26T15:07:42","slug":"der-schweizer-stiftungstag-2020","status":"publish","type":"page","link":"https:\/\/zewo.ch\/de\/der-schweizer-stiftungstag-2020\/","title":{"rendered":"Der Schweizer Stiftungstag 2020"},"content":{"rendered":"\n<h2 class=\"wp-block-heading\">Die erste virtuelle proFonds-Tagung<\/h2>\n\n\n\n<p><strong>Zum ersten Mal in seiner \u00fcber 30-j\u00e4hrigen Geschichte wird der Schweizer Stiftungstag in virtueller Form durchgef\u00fchrt. Die Referate und Gespr\u00e4che werden in der Villa Bleuler gefilmt und live gestreamt.&nbsp; <\/strong><\/p>\n\n\n\n<p>Neben dem traditionellen Aktualit\u00e4tenbericht von proFonds wird es einen Programmblock zum Thema \u00abGemeinn\u00fctzige Arbeit unter erschwerten Bedingungen: Stiftungen\/NPO trotzen Corona\u00bb geben. Veranstaltet wird der Schweizer Stiftungstag 2020 von proFonds, Dachverband gemeinn\u00fctziger Stiftungen der Schweiz.&nbsp;<\/p>\n\n\n\n<p>Der Schweizer Stiftungstag richtet sich an die verschiedenen Akteure im Stiftungs- und Gemeinn\u00fctzigkeitsbereich: Stifter\/innen, Gr\u00fcnder\/innen von NPO, Stiftungsrats- bzw. Vorstandsmitglieder, Gesch\u00e4ftsleitungsmitglieder von Stiftungen und NPO, Beh\u00f6rdenvertreter (vor allem Stiftungsaufsichts- und Steuerbeh\u00f6rden), Politiker\/innen und an alle anderen am Stiftungs- und Gemeinn\u00fctzigkeitsbereich interessierte Personen.<\/p>\n\n\n\n<figure class=\"wp-block-image size-large\"><img loading=\"lazy\" decoding=\"async\" width=\"1024\" height=\"683\" src=\"https:\/\/zewo.ch\/wp-content\/uploads\/2020\/10\/Villa_Bleuler-1024x683.jpg\" alt=\"Villa Bleuer\" class=\"wp-image-4575896\" srcset=\"https:\/\/zewo.ch\/wp-content\/uploads\/2020\/10\/Villa_Bleuler-1024x683.jpg 1024w, https:\/\/zewo.ch\/wp-content\/uploads\/2020\/10\/Villa_Bleuler-300x200.jpg 300w, https:\/\/zewo.ch\/wp-content\/uploads\/2020\/10\/Villa_Bleuler-768x512.jpg 768w, https:\/\/zewo.ch\/wp-content\/uploads\/2020\/10\/Villa_Bleuler-1536x1024.jpg 1536w, https:\/\/zewo.ch\/wp-content\/uploads\/2020\/10\/Villa_Bleuler-2048x1366.jpg 2048w\" sizes=\"auto, (min-width: 960px) 75vw, 100vw\" \/><figcaption>@ SIK-ISEA, Z\u00fcrich (Philipp Hitz)<\/figcaption><\/figure>\n\n\n\n<h3 class=\"wp-block-heading\" id=\"1\">Zeit und Datum<\/h3>\n\n\n\n<p>Freitag, 20. November 2020 von 9.00 bis 12.30 Uhr<\/p>\n\n\n\n<h3 class=\"wp-block-heading\" id=\"2\">Kursprogramm und Anmeldung<\/h3>\n\n\n\n<ul class=\"wp-block-cgb-block-zewo-block-links container container-columns-1\">\n<li class=\"wp-block-cgb-block-zewo-block-link ab-block-link\"><a href=\"https:\/\/www.onlineevent.ch\/Profond\/stiftungstag-2020\" target=\"_blank\" rel=\"noopener noreferrer\" class=\"button\"><span>Anmeldung Schweizer Stiftungstag 2020<\/span><span class=\"button-arrow--long\"><\/span><\/a><\/li>\n\n\n\n<p><\/p>\n<\/ul>\n\n\n\n<p><strong>ProFonds<\/strong><br>Dachverband gemeinn\u00fctziger Stiftungen der Schweiz<br>Dufourstrasse 49<br>4052 Basel<br>061 272 10 80<br><a href=\"mailto:info@profonds.org\">info@profonds.org<\/a><\/p>\n\n\n\n<p><\/p>\n\n\n\n<div class=\"wp-block-cgb-block-zewo-block-button ab-block-button\"><a href=\"\/de\/anlasse-und-kurse\/\" class=\"button primary\"><span class=\"button-arrow\"><\/span>Zur\u00fcck zur \u00dcbersicht<\/a><\/div>\n","protected":false},"excerpt":{"rendered":"<p>Die erste virtuelle proFonds-Tagung Zum ersten Mal in seiner \u00fcber 30-j\u00e4hrigen Geschichte wird der Schweizer Stiftungstag in virtueller Form durchgef\u00fchrt. Die Referate und Gespr\u00e4che werden in der Villa Bleuler gefilmt und live gestreamt.&nbsp; Neben dem traditionellen Aktualit\u00e4tenbericht von proFonds wird es einen Programmblock zum Thema \u00abGemeinn\u00fctzige Arbeit unter erschwerten Bedingungen: Stiftungen\/NPO trotzen Corona\u00bb geben. Veranstaltet [&hellip;]<\/p>\n","protected":false},"author":38,"featured_media":4575899,"parent":0,"menu_order":323,"comment_status":"closed","ping_status":"closed","template":"","meta":{"_acf_changed":false,"footnotes":""},"folder":[6639],"class_list":["post-4575892","page","type-page","status-publish","has-post-thumbnail","hentry"],"acf":[],"yoast_head":"<!-- This site is optimized with the Yoast SEO Premium plugin v26.0 (Yoast SEO v26.0) - https:\/\/yoast.com\/wordpress\/plugins\/seo\/ -->\n<title>Zewo<\/title>\n<meta name=\"description\" content=\"Der Schweizer Stiftungstag in virtueller Form \u2013 Referate und Gespr\u00e4che werden in der Villa Bleuler gefilmt und live gestreamt.\" \/>\n<meta name=\"robots\" content=\"index, follow, max-snippet:-1, max-image-preview:large, max-video-preview:-1\" \/>\n<link rel=\"canonical\" href=\"https:\/\/zewo.ch\/de\/der-schweizer-stiftungstag-2020\/\" \/>\n<meta property=\"og:locale\" content=\"de_DE\" \/>\n<meta property=\"og:type\" content=\"article\" \/>\n<meta property=\"og:description\" content=\"Der Schweizer Stiftungstag in virtueller Form \u2013 Referate und Gespr\u00e4che werden in der Villa Bleuler gefilmt und live gestreamt.\" \/>\n<meta property=\"og:url\" content=\"https:\/\/zewo.ch\/de\/der-schweizer-stiftungstag-2020\/\" \/>\n<meta property=\"og:site_name\" content=\"Zewo\" \/>\n<meta property=\"article:publisher\" content=\"https:\/\/www.facebook.com\/Stiftung.ZEWO\/\" \/>\n<meta property=\"article:modified_time\" content=\"2020-10-26T15:07:42+00:00\" \/>\n<meta property=\"og:image\" content=\"https:\/\/zewo.ch\/wp-content\/uploads\/2020\/10\/VorauswahlSchweizerStiftungstag-011-14.11.19.jpg\" \/>\n\t<meta property=\"og:image:width\" content=\"1000\" \/>\n\t<meta property=\"og:image:height\" content=\"563\" \/>\n\t<meta property=\"og:image:type\" content=\"image\/jpeg\" \/>\n<meta name=\"twitter:card\" content=\"summary_large_image\" \/>\n<meta name=\"twitter:site\" content=\"@stiftung_zewo\" \/>\n<meta name=\"twitter:label1\" content=\"Gesch\u00e4tzte Lesezeit\" \/>\n\t<meta name=\"twitter:data1\" content=\"1\u00a0Minute\" \/>\n<script type=\"application\/ld+json\" class=\"yoast-schema-graph\">{\"@context\":\"https:\/\/schema.org\",\"@graph\":[{\"@type\":\"WebPage\",\"@id\":\"https:\/\/zewo.ch\/de\/der-schweizer-stiftungstag-2020\/#webpage\",\"url\":\"https:\/\/zewo.ch\/de\/der-schweizer-stiftungstag-2020\/#webpage\",\"name\":\"\",\"isPartOf\":{\"@id\":\"https:\/\/zewo.ch\/de\/#website\"},\"primaryImageOfPage\":{\"@id\":\"https:\/\/zewo.ch\/de\/der-schweizer-stiftungstag-2020\/#primaryimage\"},\"image\":{\"@id\":\"https:\/\/zewo.ch\/de\/der-schweizer-stiftungstag-2020\/#primaryimage\"},\"thumbnailUrl\":\"https:\/\/zewo.ch\/wp-content\/uploads\/2020\/10\/VorauswahlSchweizerStiftungstag-011-14.11.19.jpg\",\"datePublished\":\"2020-10-26T15:04:48+00:00\",\"dateModified\":\"2020-10-26T15:07:42+00:00\",\"description\":\"Der Schweizer Stiftungstag in virtueller Form \u2013 Referate und Gespr\u00e4che werden in der Villa Bleuler gefilmt und live gestreamt.\",\"breadcrumb\":{\"@id\":\"https:\/\/zewo.ch\/de\/der-schweizer-stiftungstag-2020\/#breadcrumb\"},\"inLanguage\":\"de\",\"potentialAction\":[{\"@type\":\"ReadAction\",\"target\":[\"https:\/\/zewo.ch\/de\/der-schweizer-stiftungstag-2020\/\"]}]},{\"@type\":\"ImageObject\",\"inLanguage\":\"de\",\"@id\":\"https:\/\/zewo.ch\/de\/der-schweizer-stiftungstag-2020\/#primaryimage\",\"url\":\"https:\/\/zewo.ch\/wp-content\/uploads\/2020\/10\/VorauswahlSchweizerStiftungstag-011-14.11.19.jpg\",\"contentUrl\":\"https:\/\/zewo.ch\/wp-content\/uploads\/2020\/10\/VorauswahlSchweizerStiftungstag-011-14.11.19.jpg\",\"width\":1000,\"height\":563,\"caption\":\"Schweizer Stiftungstag 2019\"},{\"@type\":\"BreadcrumbList\",\"@id\":\"https:\/\/zewo.ch\/de\/der-schweizer-stiftungstag-2020\/#breadcrumb\",\"itemListElement\":[{\"@type\":\"ListItem\",\"position\":1,\"name\":\"Home\",\"item\":\"https:\/\/zewo.ch\/de\/\"},{\"@type\":\"ListItem\",\"position\":2,\"name\":\"Der Schweizer Stiftungstag 2020\"}]},{\"@type\":\"WebSite\",\"@id\":\"https:\/\/zewo.ch\/de\/#website\",\"url\":\"https:\/\/zewo.ch\/de\/\",\"name\":\"Zewo\",\"description\":\"Ihre Spende in guten H\u00e4nden.\",\"publisher\":{\"@id\":\"https:\/\/zewo.ch\/de\/#organization\"},\"potentialAction\":[{\"@type\":\"SearchAction\",\"target\":{\"@type\":\"EntryPoint\",\"urlTemplate\":\"https:\/\/zewo.ch\/de\/?s={search_term_string}\"},\"query-input\":{\"@type\":\"PropertyValueSpecification\",\"valueRequired\":true,\"valueName\":\"search_term_string\"}}],\"inLanguage\":\"de\"},{\"@type\":\"Organization\",\"@id\":\"https:\/\/zewo.ch\/de\/#organization\",\"name\":\"Stiftung Zewo\",\"url\":\"https:\/\/zewo.ch\/de\/\",\"logo\":{\"@type\":\"ImageObject\",\"inLanguage\":\"de\",\"@id\":\"https:\/\/zewo.ch\/de\/#\/schema\/logo\/image\/\",\"url\":\"https:\/\/zewo.ch\/wp-content\/uploads\/2019\/08\/Zewo_Logo_Claim_D.svg\",\"contentUrl\":\"https:\/\/zewo.ch\/wp-content\/uploads\/2019\/08\/Zewo_Logo_Claim_D.svg\",\"width\":1,\"height\":1,\"caption\":\"Stiftung Zewo\"},\"image\":{\"@id\":\"https:\/\/zewo.ch\/de\/#\/schema\/logo\/image\/\"},\"sameAs\":[\"https:\/\/www.facebook.com\/Stiftung.ZEWO\/\",\"https:\/\/x.com\/stiftung_zewo\",\"https:\/\/www.linkedin.com\/company\/stiftung-zewo\",\"https:\/\/www.youtube.com\/channel\/UCzjsVJro12OXcvvx1LQP8tw\",\"https:\/\/de.wikipedia.org\/wiki\/Zewo\"]}]}<\/script>\n<!-- \/ Yoast SEO Premium plugin. -->","yoast_head_json":{"title":"Zewo","description":"Der Schweizer Stiftungstag in virtueller Form \u2013 Referate und Gespr\u00e4che werden in der Villa Bleuler gefilmt und live gestreamt.","robots":{"index":"index","follow":"follow","max-snippet":"max-snippet:-1","max-image-preview":"max-image-preview:large","max-video-preview":"max-video-preview:-1"},"canonical":"https:\/\/zewo.ch\/de\/der-schweizer-stiftungstag-2020\/","og_locale":"de_DE","og_type":"article","og_description":"Der Schweizer Stiftungstag in virtueller Form \u2013 Referate und Gespr\u00e4che werden in der Villa Bleuler gefilmt und live gestreamt.","og_url":"https:\/\/zewo.ch\/de\/der-schweizer-stiftungstag-2020\/","og_site_name":"Zewo","article_publisher":"https:\/\/www.facebook.com\/Stiftung.ZEWO\/","article_modified_time":"2020-10-26T15:07:42+00:00","og_image":[{"width":1000,"height":563,"url":"https:\/\/zewo.ch\/wp-content\/uploads\/2020\/10\/VorauswahlSchweizerStiftungstag-011-14.11.19.jpg","type":"image\/jpeg"}],"twitter_card":"summary_large_image","twitter_site":"@stiftung_zewo","twitter_misc":{"Gesch\u00e4tzte Lesezeit":"1\u00a0Minute"},"schema":{"@context":"https:\/\/schema.org","@graph":[{"@type":"WebPage","@id":"https:\/\/zewo.ch\/de\/der-schweizer-stiftungstag-2020\/#webpage","url":"https:\/\/zewo.ch\/de\/der-schweizer-stiftungstag-2020\/#webpage","name":"","isPartOf":{"@id":"https:\/\/zewo.ch\/de\/#website"},"primaryImageOfPage":{"@id":"https:\/\/zewo.ch\/de\/der-schweizer-stiftungstag-2020\/#primaryimage"},"image":{"@id":"https:\/\/zewo.ch\/de\/der-schweizer-stiftungstag-2020\/#primaryimage"},"thumbnailUrl":"https:\/\/zewo.ch\/wp-content\/uploads\/2020\/10\/VorauswahlSchweizerStiftungstag-011-14.11.19.jpg","datePublished":"2020-10-26T15:04:48+00:00","dateModified":"2020-10-26T15:07:42+00:00","description":"Der Schweizer Stiftungstag in virtueller Form \u2013 Referate und Gespr\u00e4che werden in der Villa Bleuler gefilmt und live gestreamt.","breadcrumb":{"@id":"https:\/\/zewo.ch\/de\/der-schweizer-stiftungstag-2020\/#breadcrumb"},"inLanguage":"de","potentialAction":[{"@type":"ReadAction","target":["https:\/\/zewo.ch\/de\/der-schweizer-stiftungstag-2020\/"]}]},{"@type":"ImageObject","inLanguage":"de","@id":"https:\/\/zewo.ch\/de\/der-schweizer-stiftungstag-2020\/#primaryimage","url":"https:\/\/zewo.ch\/wp-content\/uploads\/2020\/10\/VorauswahlSchweizerStiftungstag-011-14.11.19.jpg","contentUrl":"https:\/\/zewo.ch\/wp-content\/uploads\/2020\/10\/VorauswahlSchweizerStiftungstag-011-14.11.19.jpg","width":1000,"height":563,"caption":"Schweizer Stiftungstag 2019"},{"@type":"BreadcrumbList","@id":"https:\/\/zewo.ch\/de\/der-schweizer-stiftungstag-2020\/#breadcrumb","itemListElement":[{"@type":"ListItem","position":1,"name":"Home","item":"https:\/\/zewo.ch\/de\/"},{"@type":"ListItem","position":2,"name":"Der Schweizer Stiftungstag 2020"}]},{"@type":"WebSite","@id":"https:\/\/zewo.ch\/de\/#website","url":"https:\/\/zewo.ch\/de\/","name":"Zewo","description":"Ihre Spende in guten H\u00e4nden.","publisher":{"@id":"https:\/\/zewo.ch\/de\/#organization"},"potentialAction":[{"@type":"SearchAction","target":{"@type":"EntryPoint","urlTemplate":"https:\/\/zewo.ch\/de\/?s={search_term_string}"},"query-input":{"@type":"PropertyValueSpecification","valueRequired":true,"valueName":"search_term_string"}}],"inLanguage":"de"},{"@type":"Organization","@id":"https:\/\/zewo.ch\/de\/#organization","name":"Stiftung Zewo","url":"https:\/\/zewo.ch\/de\/","logo":{"@type":"ImageObject","inLanguage":"de","@id":"https:\/\/zewo.ch\/de\/#\/schema\/logo\/image\/","url":"https:\/\/zewo.ch\/wp-content\/uploads\/2019\/08\/Zewo_Logo_Claim_D.svg","contentUrl":"https:\/\/zewo.ch\/wp-content\/uploads\/2019\/08\/Zewo_Logo_Claim_D.svg","width":1,"height":1,"caption":"Stiftung Zewo"},"image":{"@id":"https:\/\/zewo.ch\/de\/#\/schema\/logo\/image\/"},"sameAs":["https:\/\/www.facebook.com\/Stiftung.ZEWO\/","https:\/\/x.com\/stiftung_zewo","https:\/\/www.linkedin.com\/company\/stiftung-zewo","https:\/\/www.youtube.com\/channel\/UCzjsVJro12OXcvvx1LQP8tw","https:\/\/de.wikipedia.org\/wiki\/Zewo"]}]}},"publishpress_future_action":{"enabled":false,"date":"2026-04-24 02:07:42","action":"change-status","newStatus":"draft","terms":[],"taxonomy":"translation_priority","extraData":[]},"publishpress_future_workflow_manual_trigger":{"enabledWorkflows":[]},"_links":{"self":[{"href":"https:\/\/zewo.ch\/de\/wp-json\/wp\/v2\/pages\/4575892","targetHints":{"allow":["GET"]}}],"collection":[{"href":"https:\/\/zewo.ch\/de\/wp-json\/wp\/v2\/pages"}],"about":[{"href":"https:\/\/zewo.ch\/de\/wp-json\/wp\/v2\/types\/page"}],"author":[{"embeddable":true,"href":"https:\/\/zewo.ch\/de\/wp-json\/wp\/v2\/users\/38"}],"replies":[{"embeddable":true,"href":"https:\/\/zewo.ch\/de\/wp-json\/wp\/v2\/comments?post=4575892"}],"version-history":[{"count":11,"href":"https:\/\/zewo.ch\/de\/wp-json\/wp\/v2\/pages\/4575892\/revisions"}],"predecessor-version":[{"id":5800079,"href":"https:\/\/zewo.ch\/de\/wp-json\/wp\/v2\/pages\/4575892\/revisions\/5800079"}],"wp:featuredmedia":[{"embeddable":true,"href":"https:\/\/zewo.ch\/de\/wp-json\/wp\/v2\/media\/4575899"}],"wp:attachment":[{"href":"https:\/\/zewo.ch\/de\/wp-json\/wp\/v2\/media?parent=4575892"}],"wp:term":[{"taxonomy":"folder","embeddable":true,"href":"https:\/\/zewo.ch\/de\/wp-json\/wp\/v2\/folder?post=4575892"}],"curies":[{"name":"wp","href":"https:\/\/api.w.org\/{rel}","templated":true}]}}