{"id":4568785,"date":"2020-09-30T14:42:42","date_gmt":"2020-09-30T12:42:42","guid":{"rendered":"https:\/\/zewo.ch\/?page_id=4568785"},"modified":"2024-03-28T14:36:58","modified_gmt":"2024-03-28T13:36:58","slug":"retten-sie-leben","status":"publish","type":"page","link":"https:\/\/zewo.ch\/de\/retten-sie-leben\/","title":{"rendered":"Retten Sie Leben"},"content":{"rendered":"\n<p><strong>13. Oktober 2020<\/strong><\/p>\n\n\n\n<p><strong>Der Verein \u00abRetten Sie Leben\u00bb f\u00fchrt das&nbsp;Zewo-G\u00fctesiegel nicht und untersteht somit nicht unserer Kontrolle. Die&nbsp;Organisation ist uns aber&nbsp;bekannt. Aufgrund der uns vorliegenden,&nbsp;\u00f6ffentlich verf\u00fcgbaren Unterlagen (Stand&nbsp;Oktober 2020)&nbsp;haben wir festgestellt, dass die Organisation mindestens in den&nbsp;folgenden&nbsp;Punkten die Zewo-Standards nicht erf\u00fcllt. F\u00fcr eine abschliessende und&nbsp;vollst\u00e4ndige Beurteilung m\u00fcsste die Organisation ein ordentliches Pr\u00fcfverfahren durchlaufen.<\/strong><\/p>\n\n\n\n<p>Der Verein \u00abRetten Sie Leben\u00bb erstellt keine Jahresrechnung nach dem Rechnungslegungsstandard f\u00fcr gemeinn\u00fctzige Organisationen (Swiss GAAP FER 21) wie es die Zewo von zertifizierten Organisationen verlangt. Diese Anforderung geht \u00fcber die gesetzlich vorgeschriebenen Minimalvorschriften hinaus und erm\u00f6glicht es, Spenderinnen und Spendern, sich ein Bild \u00fcber die tats\u00e4chlichen finanziellen Verh\u00e4ltnisse der Organisation zu machen. In der Jahresrechnung des Vereins \u00abRetten Sie Leben\u00bb fehlen dazu wichtige Angaben.<\/p>\n\n\n\n<p>Gem\u00e4ss Jahresbericht des Vereins \u00abRetten Sie Leben\u00bb f\u00e4llt 88% des Aufwands f\u00fcr Projekte an. Gem\u00e4ss Jahresrechnung 2019 besteht der Aufwand f\u00fcr Administration ausschliesslich aus dem Honorar an die Revision. Folglich wird der Aufwand, der f\u00fcr das Spendensammeln anf\u00e4llt, wie etwa das Versenden der handgeschriebenen Briefe, dem Projektaufwand zugerechnet. Dies vermittelt den Spendenden ein falsches Bild von den Kosten der Organisation. Denn Spenden, die angeblich direkt der bed\u00fcrftigen Person zukommen, werden auch f\u00fcr das Sammeln eingesetzt. Wie hoch dieser Betrag ist, wird weder im Jahresbericht noch in der Jahresrechnung ver\u00f6ffentlicht. Die Zewo verlangt von zertifizierten Hilfswerken, dass sie ihre Kosten nach einer einheitlichen Methode berechnen und den Aufwand f\u00fcr das Spendensammeln separat ausweisen.<\/p>\n\n\n\n<p>Der Verein \u00abRetten Sie Leben\u00bb sammelt mittels handschriftlich verfasster Briefe und emotional belastenden Fotos Spenden. Die Spendenaufrufe f\u00fchren bei der Zewo immer wieder zu Beschwerden. Gem\u00e4ss Zewo-Standard 18 sind Sammlungsmethoden, die die W\u00fcrde der Unterst\u00fctzten untergraben, nicht erlaubt. Die Zewo lehnt stark aufdringlich wirkende Spendenwerbung ab.<\/p>\n\n\n\n<p>Es gibt keine Datenschutzerkl\u00e4rung auf der Webseite, wie dies Zewo-Standard 19 verlangt. Die Zewo erh\u00e4lt zudem regelm\u00e4ssig Beschwerden, dass der Verein \u00abRetten Sie Leben\u00bb weiterhin Personen kontaktiert, die mehrmals gebeten haben, keine Spendenaufrufe mehr zu erhalten.<\/p>\n\n\n\n<p>Die Aussage \u00abNur die Grossen d\u00fcrfen [der Zewo] beitreten\u00bb auf der Webseite des Vereins \u00abRetten Sie Leben\u00bb entbehrt jeglicher Grundlage. Alle Organisationen, die sie von der Zewo pr\u00fcfen lassen und die Anforderungen erf\u00fcllen, erhalten das Zewo-G\u00fctesiegel. Zahlreiche Organisationen, die das Zewo-G\u00fctesiegel tragen, sind kleiner als der Verein \u00abRetten Sie Leben\u00bb.<\/p>\n\n\n\n<p>Der Verein \u00abRetten Sie Leben\u00bb schreibt auf der Webseite, dass die Zewo den Zewo-zertifizierten Organisationen festgesetzte Termine f\u00fcr Spendenaufrufe vorschreibe, welche der Verein nicht einhalten k\u00f6nne. Diese Koordination im Sammlungskalender gilt nur f\u00fcr nationale Sammlungen von zertifizierten Organisationen, die j\u00e4hrlich mehr als 5 Millionen Spenden sammeln. Mit etwas mehr als 50&#8217;000 Franken Spendeneinnahmen ist der Verein \u00abRetten Sie Leben\u00bb nicht von dieser Koordination betroffen. Er muss sich auch nicht an Termine halten, die die Zewo vorgibt.<\/p>\n\n\n\n<p>Die Aussage auf der Webseite \u00abDie Reglemente, welche die Zewo ihren Mitgliedern vorgibt, entsprechen nicht dem Sinne des geltenden Gesetzes.\u00bb stimmt nicht. Die Zewo-Standards erg\u00e4nzen das Gesetz. Sie widersprechen ihm nicht<\/p>\n\n\n\n<p>Auf der Webseite macht der Verein \u00abRetten Sie Leben\u00bb keine Angaben zu den Interessenbindungen seiner Vorstandsmitglieder. Im Rahmen einer Pr\u00fcfung durch die Zewo w\u00fcrde insbesondere abgekl\u00e4rt, welche Verbindung mit der SOS Gerasjuta Stiftung bestehen, da die beiden eingetragenen Vorstandsmitglieder des Vereins \u00abRetten Sie Leben\u00bb gleichzeitig Stiftungsrat bzw. Gesch\u00e4ftsf\u00fchrer der Stiftung SOS Gerasjuta sind. Der SOS Gerasjuta Stiftung wurde per 30. September 2019 durch die Eidgen\u00f6ssische Stiftungsaufsicht das Sammeln von Spenden in der Schweiz untersagt und ein Sachverwalter eingesetzt. Ein Rekurs ist noch beim Bundesverwaltungsgericht h\u00e4ngig. An derselben Adresse wie der Verein \u00abRetten Sie Leben\u00bb ist auch das Einzelunternehmen JUGENDPROJEKT Retten Sie Leben Herasiuta domiziliert. Gem\u00e4ss Zewo-Standard 5 werden Interessenbindungen des obersten Leitungsorgans offengelegt. Ferner m\u00fcssen Transaktionen mit nahestehenden Personen gegebenenfalls in der Jahresrechnung offengelegt werden. Das gibt der Rechnungslegungsstandard f\u00fcr gemeinn\u00fctzige Organisationen, Swiss GAAP FER, so vor.<\/p>\n\n\n\n<p>Gem\u00e4ss Zewo-Standard 4 setzt sich das oberste Leitungsorgan aus mindestens f\u00fcnf Mitgliedern zusammen, um die Unabh\u00e4ngigkeit der Organisation zu gew\u00e4hrleisten. Im Handelsregister sind jedoch nur Sergej Gerasjuta und Oleksandr Vlasenko als Vorstandsmitglieder eingetragen und auf der Webseite gibt es keine Informationen \u00fcber die Organe des Vereins.<\/p>\n\n\n\n<p>Gem\u00e4ss dem Handelsregister hat der Pr\u00e4sident des Vereins \u00abRetten Sie Leben\u00bb Einzelunterschriftsberechtigung. Die Zewo verlangt in Standard 7 f\u00fcr rechtlich bindende Gesch\u00e4fte und im Zahlungsverkehr eine kollektive Zeichnungsberechtigung.<\/p>\n\n\n\n<p>Folgende Parallelen wurden zwischen der Stiftung \u00abSOS Gerasjuta\u00bb und dem Verein \u00abRetten Sie Leben\u00bb festgestellt: Der Gr\u00fcnder und Stiftungsratspr\u00e4sident der beiden Organisationen ist derselbe, die auf den Webseiten beschriebenen Projekte sind dieselben und die versandten Spendenbriefe sind in ihrer Art ebenfalls identisch. Der Stiftung \u00abSOS Gerasjuta\u00bb wurde im Jahr 2019 das Sammeln von Spenden untersagt. Es ist davon auszugehen, dass die bem\u00e4ngelten Punkte auch beim Verein \u00abRetten Sie Leben\u00bb zutreffen.<\/p>\n\n\n\n<div class=\"wp-block-cgb-block-zewo-block-button ab-block-button\"><a href=\"\/de\/hier-raet-die-zewo-vom-spenden-ab\/\" class=\"button primary\"><span class=\"button-arrow\"><\/span>Zur\u00fcck zur \u00dcbersicht<\/a><\/div>\n","protected":false},"excerpt":{"rendered":"<p>13. Oktober 2020 Der Verein \u00abRetten Sie Leben\u00bb f\u00fchrt das&nbsp;Zewo-G\u00fctesiegel nicht und untersteht somit nicht unserer Kontrolle. Die&nbsp;Organisation ist uns aber&nbsp;bekannt. Aufgrund der uns vorliegenden,&nbsp;\u00f6ffentlich verf\u00fcgbaren Unterlagen (Stand&nbsp;Oktober 2020)&nbsp;haben wir festgestellt, dass die Organisation mindestens in den&nbsp;folgenden&nbsp;Punkten die Zewo-Standards nicht erf\u00fcllt. F\u00fcr eine abschliessende und&nbsp;vollst\u00e4ndige Beurteilung m\u00fcsste die Organisation ein ordentliches Pr\u00fcfverfahren durchlaufen. Der Verein [&hellip;]<\/p>\n","protected":false},"author":6,"featured_media":501108,"parent":0,"menu_order":169,"comment_status":"closed","ping_status":"closed","template":"","meta":{"_acf_changed":false,"footnotes":""},"folder":[6639],"class_list":["post-4568785","page","type-page","status-publish","has-post-thumbnail","hentry"],"acf":[],"yoast_head":"<!-- This site is optimized with the Yoast SEO Premium plugin v26.0 (Yoast SEO v26.0) - https:\/\/yoast.com\/wordpress\/plugins\/seo\/ -->\n<title>Zewo<\/title>\n<meta name=\"description\" content=\"Die Stiftung Zewo r\u00e4t vom Spenden an Retten Sie Leben und SOS Gerasjuta ab. Erfahren Sie, warum.\" \/>\n<meta name=\"robots\" content=\"index, follow, max-snippet:-1, max-image-preview:large, max-video-preview:-1\" \/>\n<link rel=\"canonical\" href=\"https:\/\/zewo.ch\/de\/retten-sie-leben\/\" \/>\n<meta property=\"og:locale\" content=\"de_DE\" \/>\n<meta property=\"og:type\" content=\"article\" \/>\n<meta property=\"og:description\" content=\"Die Stiftung Zewo r\u00e4t vom Spenden an Retten Sie Leben und SOS Gerasjuta ab. Erfahren Sie, warum.\" \/>\n<meta property=\"og:url\" content=\"https:\/\/zewo.ch\/de\/retten-sie-leben\/\" \/>\n<meta property=\"og:site_name\" content=\"Zewo\" \/>\n<meta property=\"article:publisher\" content=\"https:\/\/www.facebook.com\/Stiftung.ZEWO\/\" \/>\n<meta property=\"article:modified_time\" content=\"2024-03-28T13:36:58+00:00\" \/>\n<meta property=\"og:image\" content=\"https:\/\/zewo.ch\/wp-content\/uploads\/2019\/08\/watchdog-header.png\" \/>\n\t<meta property=\"og:image:width\" content=\"2200\" \/>\n\t<meta property=\"og:image:height\" content=\"440\" \/>\n\t<meta property=\"og:image:type\" content=\"image\/png\" \/>\n<meta name=\"twitter:card\" content=\"summary_large_image\" \/>\n<meta name=\"twitter:site\" content=\"@stiftung_zewo\" \/>\n<meta name=\"twitter:label1\" content=\"Gesch\u00e4tzte Lesezeit\" \/>\n\t<meta name=\"twitter:data1\" content=\"5\u00a0Minuten\" \/>\n<script type=\"application\/ld+json\" class=\"yoast-schema-graph\">{\"@context\":\"https:\/\/schema.org\",\"@graph\":[{\"@type\":\"WebPage\",\"@id\":\"https:\/\/zewo.ch\/de\/retten-sie-leben\/#webpage\",\"url\":\"https:\/\/zewo.ch\/de\/retten-sie-leben\/#webpage\",\"name\":\"\",\"isPartOf\":{\"@id\":\"https:\/\/zewo.ch\/de\/#website\"},\"primaryImageOfPage\":{\"@id\":\"https:\/\/zewo.ch\/de\/retten-sie-leben\/#primaryimage\"},\"image\":{\"@id\":\"https:\/\/zewo.ch\/de\/retten-sie-leben\/#primaryimage\"},\"thumbnailUrl\":\"https:\/\/zewo.ch\/wp-content\/uploads\/2019\/08\/watchdog-header.png\",\"datePublished\":\"2020-09-30T12:42:42+00:00\",\"dateModified\":\"2024-03-28T13:36:58+00:00\",\"description\":\"Die Stiftung Zewo r\u00e4t vom Spenden an Retten Sie Leben und SOS Gerasjuta ab. Erfahren Sie, warum.\",\"breadcrumb\":{\"@id\":\"https:\/\/zewo.ch\/de\/retten-sie-leben\/#breadcrumb\"},\"inLanguage\":\"de\",\"potentialAction\":[{\"@type\":\"ReadAction\",\"target\":[\"https:\/\/zewo.ch\/de\/retten-sie-leben\/\"]}]},{\"@type\":\"ImageObject\",\"inLanguage\":\"de\",\"@id\":\"https:\/\/zewo.ch\/de\/retten-sie-leben\/#primaryimage\",\"url\":\"https:\/\/zewo.ch\/wp-content\/uploads\/2019\/08\/watchdog-header.png\",\"contentUrl\":\"https:\/\/zewo.ch\/wp-content\/uploads\/2019\/08\/watchdog-header.png\",\"width\":2200,\"height\":440,\"caption\":\"Hier warnt die Zewo\"},{\"@type\":\"BreadcrumbList\",\"@id\":\"https:\/\/zewo.ch\/de\/retten-sie-leben\/#breadcrumb\",\"itemListElement\":[{\"@type\":\"ListItem\",\"position\":1,\"name\":\"Home\",\"item\":\"https:\/\/zewo.ch\/de\/\"},{\"@type\":\"ListItem\",\"position\":2,\"name\":\"Retten Sie Leben\"}]},{\"@type\":\"WebSite\",\"@id\":\"https:\/\/zewo.ch\/de\/#website\",\"url\":\"https:\/\/zewo.ch\/de\/\",\"name\":\"Zewo\",\"description\":\"Ihre Spende in guten H\u00e4nden.\",\"publisher\":{\"@id\":\"https:\/\/zewo.ch\/de\/#organization\"},\"potentialAction\":[{\"@type\":\"SearchAction\",\"target\":{\"@type\":\"EntryPoint\",\"urlTemplate\":\"https:\/\/zewo.ch\/de\/?s={search_term_string}\"},\"query-input\":{\"@type\":\"PropertyValueSpecification\",\"valueRequired\":true,\"valueName\":\"search_term_string\"}}],\"inLanguage\":\"de\"},{\"@type\":\"Organization\",\"@id\":\"https:\/\/zewo.ch\/de\/#organization\",\"name\":\"Stiftung Zewo\",\"url\":\"https:\/\/zewo.ch\/de\/\",\"logo\":{\"@type\":\"ImageObject\",\"inLanguage\":\"de\",\"@id\":\"https:\/\/zewo.ch\/de\/#\/schema\/logo\/image\/\",\"url\":\"https:\/\/zewo.ch\/wp-content\/uploads\/2019\/08\/Zewo_Logo_Claim_D.svg\",\"contentUrl\":\"https:\/\/zewo.ch\/wp-content\/uploads\/2019\/08\/Zewo_Logo_Claim_D.svg\",\"width\":1,\"height\":1,\"caption\":\"Stiftung Zewo\"},\"image\":{\"@id\":\"https:\/\/zewo.ch\/de\/#\/schema\/logo\/image\/\"},\"sameAs\":[\"https:\/\/www.facebook.com\/Stiftung.ZEWO\/\",\"https:\/\/x.com\/stiftung_zewo\",\"https:\/\/www.linkedin.com\/company\/stiftung-zewo\",\"https:\/\/www.youtube.com\/channel\/UCzjsVJro12OXcvvx1LQP8tw\",\"https:\/\/de.wikipedia.org\/wiki\/Zewo\"]}]}<\/script>\n<!-- \/ Yoast SEO Premium plugin. -->","yoast_head_json":{"title":"Zewo","description":"Die Stiftung Zewo r\u00e4t vom Spenden an Retten Sie Leben und SOS Gerasjuta ab. Erfahren Sie, warum.","robots":{"index":"index","follow":"follow","max-snippet":"max-snippet:-1","max-image-preview":"max-image-preview:large","max-video-preview":"max-video-preview:-1"},"canonical":"https:\/\/zewo.ch\/de\/retten-sie-leben\/","og_locale":"de_DE","og_type":"article","og_description":"Die Stiftung Zewo r\u00e4t vom Spenden an Retten Sie Leben und SOS Gerasjuta ab. Erfahren Sie, warum.","og_url":"https:\/\/zewo.ch\/de\/retten-sie-leben\/","og_site_name":"Zewo","article_publisher":"https:\/\/www.facebook.com\/Stiftung.ZEWO\/","article_modified_time":"2024-03-28T13:36:58+00:00","og_image":[{"width":2200,"height":440,"url":"https:\/\/zewo.ch\/wp-content\/uploads\/2019\/08\/watchdog-header.png","type":"image\/png"}],"twitter_card":"summary_large_image","twitter_site":"@stiftung_zewo","twitter_misc":{"Gesch\u00e4tzte Lesezeit":"5\u00a0Minuten"},"schema":{"@context":"https:\/\/schema.org","@graph":[{"@type":"WebPage","@id":"https:\/\/zewo.ch\/de\/retten-sie-leben\/#webpage","url":"https:\/\/zewo.ch\/de\/retten-sie-leben\/#webpage","name":"","isPartOf":{"@id":"https:\/\/zewo.ch\/de\/#website"},"primaryImageOfPage":{"@id":"https:\/\/zewo.ch\/de\/retten-sie-leben\/#primaryimage"},"image":{"@id":"https:\/\/zewo.ch\/de\/retten-sie-leben\/#primaryimage"},"thumbnailUrl":"https:\/\/zewo.ch\/wp-content\/uploads\/2019\/08\/watchdog-header.png","datePublished":"2020-09-30T12:42:42+00:00","dateModified":"2024-03-28T13:36:58+00:00","description":"Die Stiftung Zewo r\u00e4t vom Spenden an Retten Sie Leben und SOS Gerasjuta ab. Erfahren Sie, warum.","breadcrumb":{"@id":"https:\/\/zewo.ch\/de\/retten-sie-leben\/#breadcrumb"},"inLanguage":"de","potentialAction":[{"@type":"ReadAction","target":["https:\/\/zewo.ch\/de\/retten-sie-leben\/"]}]},{"@type":"ImageObject","inLanguage":"de","@id":"https:\/\/zewo.ch\/de\/retten-sie-leben\/#primaryimage","url":"https:\/\/zewo.ch\/wp-content\/uploads\/2019\/08\/watchdog-header.png","contentUrl":"https:\/\/zewo.ch\/wp-content\/uploads\/2019\/08\/watchdog-header.png","width":2200,"height":440,"caption":"Hier warnt die Zewo"},{"@type":"BreadcrumbList","@id":"https:\/\/zewo.ch\/de\/retten-sie-leben\/#breadcrumb","itemListElement":[{"@type":"ListItem","position":1,"name":"Home","item":"https:\/\/zewo.ch\/de\/"},{"@type":"ListItem","position":2,"name":"Retten Sie Leben"}]},{"@type":"WebSite","@id":"https:\/\/zewo.ch\/de\/#website","url":"https:\/\/zewo.ch\/de\/","name":"Zewo","description":"Ihre Spende in guten H\u00e4nden.","publisher":{"@id":"https:\/\/zewo.ch\/de\/#organization"},"potentialAction":[{"@type":"SearchAction","target":{"@type":"EntryPoint","urlTemplate":"https:\/\/zewo.ch\/de\/?s={search_term_string}"},"query-input":{"@type":"PropertyValueSpecification","valueRequired":true,"valueName":"search_term_string"}}],"inLanguage":"de"},{"@type":"Organization","@id":"https:\/\/zewo.ch\/de\/#organization","name":"Stiftung Zewo","url":"https:\/\/zewo.ch\/de\/","logo":{"@type":"ImageObject","inLanguage":"de","@id":"https:\/\/zewo.ch\/de\/#\/schema\/logo\/image\/","url":"https:\/\/zewo.ch\/wp-content\/uploads\/2019\/08\/Zewo_Logo_Claim_D.svg","contentUrl":"https:\/\/zewo.ch\/wp-content\/uploads\/2019\/08\/Zewo_Logo_Claim_D.svg","width":1,"height":1,"caption":"Stiftung Zewo"},"image":{"@id":"https:\/\/zewo.ch\/de\/#\/schema\/logo\/image\/"},"sameAs":["https:\/\/www.facebook.com\/Stiftung.ZEWO\/","https:\/\/x.com\/stiftung_zewo","https:\/\/www.linkedin.com\/company\/stiftung-zewo","https:\/\/www.youtube.com\/channel\/UCzjsVJro12OXcvvx1LQP8tw","https:\/\/de.wikipedia.org\/wiki\/Zewo"]}]}},"publishpress_future_action":{"enabled":false,"date":"2026-05-06 04:28:08","action":"change-status","newStatus":"draft","terms":[],"taxonomy":"translation_priority","extraData":[]},"publishpress_future_workflow_manual_trigger":{"enabledWorkflows":[]},"_links":{"self":[{"href":"https:\/\/zewo.ch\/de\/wp-json\/wp\/v2\/pages\/4568785","targetHints":{"allow":["GET"]}}],"collection":[{"href":"https:\/\/zewo.ch\/de\/wp-json\/wp\/v2\/pages"}],"about":[{"href":"https:\/\/zewo.ch\/de\/wp-json\/wp\/v2\/types\/page"}],"author":[{"embeddable":true,"href":"https:\/\/zewo.ch\/de\/wp-json\/wp\/v2\/users\/6"}],"replies":[{"embeddable":true,"href":"https:\/\/zewo.ch\/de\/wp-json\/wp\/v2\/comments?post=4568785"}],"version-history":[{"count":19,"href":"https:\/\/zewo.ch\/de\/wp-json\/wp\/v2\/pages\/4568785\/revisions"}],"predecessor-version":[{"id":4667547,"href":"https:\/\/zewo.ch\/de\/wp-json\/wp\/v2\/pages\/4568785\/revisions\/4667547"}],"wp:featuredmedia":[{"embeddable":true,"href":"https:\/\/zewo.ch\/de\/wp-json\/wp\/v2\/media\/501108"}],"wp:attachment":[{"href":"https:\/\/zewo.ch\/de\/wp-json\/wp\/v2\/media?parent=4568785"}],"wp:term":[{"taxonomy":"folder","embeddable":true,"href":"https:\/\/zewo.ch\/de\/wp-json\/wp\/v2\/folder?post=4568785"}],"curies":[{"name":"wp","href":"https:\/\/api.w.org\/{rel}","templated":true}]}}