{"id":425651,"date":"2019-07-17T16:36:18","date_gmt":"2019-07-17T14:36:18","guid":{"rendered":"https:\/\/www.zewo.ch\/?page_id=425651"},"modified":"2023-10-25T15:52:56","modified_gmt":"2023-10-25T13:52:56","slug":"zewo-methode","status":"publish","type":"page","link":"https:\/\/zewo.ch\/de\/zewo-methode\/","title":{"rendered":"Zewo-Methode"},"content":{"rendered":"\n<h2 class=\"wp-block-heading\" id=\"h-so-berechnen-npo-ihre-kosten-einheitlich\">So berechnen NPO ihre Kosten einheitlich<\/h2>\n\n\n\n<p><strong>Transparenz schafft Vertrauen. Zertifizierte NPO berechnen ihre Kosten f\u00fcr den Ausweis in der Jahresrechnung einheitlich. Die aktuelle Methode der Zewo ist seit dem 1. Januar 2018 in Kraft.<\/strong><\/p>\n\n\n\n<p>NPO mit Zewo-G\u00fctesiegel informieren in ihrer Jahresrechnung, wieviel Mittel sie f\u00fcr Projekte einsetzen, was das Fundraising kostet und wie hoch der administrative Aufwand ist. Die Zewo-Methode sorgt daf\u00fcr, dass sie diese Zahlen einheitlich berechnen. Sie regelt in wenigen Ziffern, wie NPO ihren gesamten Betriebsaufwand den Projekten, der Mittelbeschaffung und der Administration zuordnen. Die \u00fcberarbeitete und aktualisierte Methode ist f\u00fcr zertifizierte NPO seit der Jahresrechnung 2018 verbindlich.<\/p>\n\n\n\n<pre class=\"wp-block-preformatted\"><style>.embed-container { position: relative; padding-bottom:56.25%; height:0; overflow: hidden; max-width: 100%; } .embed-container iframe, .embed-container object, .embed-container embed { position: absolute; top: 0; left: 0; width: 100%; height: 100%;}<\/style><div class=\"embed-container\" data-page-width=\"452\" data-page-height=\"640\" id=\"ypembedcontainer\"><iframe src=\"https:\/\/www.yumpu.com\/de\/embed\/view\/xMPbaOuZhSgCRQUj\" frameborder=\"0\" allowfullscreen=\"true\" allowtransparency=\"true\"><\/iframe><\/div><script src=\"https:\/\/players.yumpu.com\/modules\/embed\/yp_r_iframe.js\"><\/script><\/pre>\n\n\n\n<h3 class=\"wp-block-heading\" id=\"h-kernfrage-was-verursacht-den-aufwand\">Kernfrage: Was verursacht den Aufwand?<\/h3>\n\n\n\n<p>Die Grunds\u00e4tze sind einfach: Die T\u00e4tigkeit, die einen Aufwand verursacht, bestimmt, wohin der Aufwand geh\u00f6rt. Er z\u00e4hlt zum Projekt, wenn er ohne dieses nicht n\u00f6tig w\u00e4re. Das trifft also nicht nur f\u00fcr die Durchf\u00fchrung eines Projektes zu, sondern auch f\u00fcr dessen Planung und Kontrolle. Ist eine T\u00e4tigkeit unabh\u00e4ngig von einem konkreten Projekt n\u00f6tig, so z\u00e4hlt der Aufwand zur Administration. Das trifft zum Beispiel auf das F\u00fchren der Buchhaltung zu. Aufwand, der im Zusammenhang mit der Finanzierung von Projekten entsteht, z\u00e4hlt immer zur Mittelbeschaffung, also auch dann, wenn die Finanzierung projektbezogen erfolgt.<\/p>\n\n\n\n<p>Die Zewo-Methode behandelt besondere Fragen zur Abgrenzung der Kosten und zeigt anhand von Beispielen, wie NPO ihre Kosten richtig zuordnen. <\/p>\n\n\n\n<ul class=\"list-icons wp-block-list\"><li><a aria-label=\"Zewo-Methode zum Download (\u00f6ffnet in neuem Tab)\" href=\"\/de\/zewo-methode-d\/\" target=\"_blank\" rel=\"noreferrer noopener\">Zewo-Methode zum Download<\/a><\/li><li><a href=\"https:\/\/zewo.ch\/wp-content\/uploads\/2023\/10\/Fit-fu\u0308r-die-Kostenrechnung-\u2013-Zewo-Methode.pdf\">Zewo Newsletter zur Lancierung der Zewo-Methode (zum Download)<\/a><\/li><\/ul>\n\n\n\n<div class=\"wp-block-cgb-block-zewo-block-columns-container container bg-color-light-gray\"><div class=\"grid-x grid-margin-x\" data-columns=\"2\">\n<div class=\"wp-block-columns is-layout-flex wp-container-core-columns-is-layout-9d6595d7 wp-block-columns-is-layout-flex\">\n<div class=\"wp-block-column is-layout-flow wp-block-column-is-layout-flow\" style=\"flex-basis:100%\">\n<div class=\"wp-block-columns is-layout-flex wp-container-core-columns-is-layout-9d6595d7 wp-block-columns-is-layout-flex\">\n<div class=\"wp-block-column is-layout-flow wp-block-column-is-layout-flow\" style=\"flex-basis:100%\">\n<div class=\"wp-block-group is-nowrap is-layout-flex wp-container-core-group-is-layout-ad2f72ca wp-block-group-is-layout-flex\">\n<div class=\"cell small-12 medium-6\"><div class=\"wp-block-cgb-block-zewo-block-image-teaser ab-block-cta bg-color-secondary\"><div class=\"ab-cta-image-wrap bg-color-secondary\"><img decoding=\"async\" class=\"ab-cta-image\" src=\"https:\/\/zewo.ch\/wp-content\/uploads\/2019\/05\/21-zewo-standards-1.png\" alt=\"Die 21 Zewo-Standards f\u00fcr Spenden sammelnde NPO\"\/><\/div><div class=\"ab-cta-content\"><h2 class=\"ab-cta-title\">Die 21 Zewo-Standards<\/h2><\/div><div class=\"ab-cta-button\"><a href=\"\/de\/die-21-zewo-standards\/\" target=\"_self\" rel=\"noopener noreferrer\" class=\"button primary button-teaser\"><span class=\"button-arrow\"><\/span>Mehr erfahren<\/a><\/div><a href=\"\/de\/die-21-zewo-standards\/\" target=\"_self\" rel=\"noopener noreferrer\" class=\"button-teaser--is-full\"><\/a><\/div><\/div>\n<\/div>\n<\/div>\n<\/div>\n<\/div>\n<\/div>\n\n\n\n<div class=\"wp-block-columns is-layout-flex wp-container-core-columns-is-layout-9d6595d7 wp-block-columns-is-layout-flex\">\n<div class=\"wp-block-column is-layout-flow wp-block-column-is-layout-flow\" style=\"flex-basis:100%\"><\/div>\n<\/div>\n\n\n\n<div class=\"cell small-12 medium-6\"><div class=\"wp-block-cgb-block-zewo-block-image-teaser ab-block-cta bg-color-secondary\"><div class=\"ab-cta-image-wrap bg-color-secondary\"><img decoding=\"async\" class=\"ab-cta-image\" src=\"https:\/\/zewo.ch\/wp-content\/uploads\/2019\/07\/Pokal-1.png\" alt=\"Der Weg zum Zewo-G\u00fctesiegel\"\/><\/div><div class=\"ab-cta-content\"><h2 class=\"ab-cta-title\">Der Weg zum Zewo-G\u00fctesiegel<\/h2><\/div><div class=\"ab-cta-button\"><a href=\"\/de\/der-weg-zum-zewo-guetesiegel\/\" target=\"_self\" rel=\"noopener noreferrer\" class=\"button primary button-teaser\"><span class=\"button-arrow\"><\/span>Jetzt informieren<\/a><\/div><a href=\"\/de\/der-weg-zum-zewo-guetesiegel\/\" target=\"_self\" rel=\"noopener noreferrer\" class=\"button-teaser--is-full\"><\/a><\/div><\/div>\n<\/div><\/div>\n","protected":false},"excerpt":{"rendered":"<p>So berechnen NPO ihre Kosten einheitlich Transparenz schafft Vertrauen. Zertifizierte NPO berechnen ihre Kosten f\u00fcr den Ausweis in der Jahresrechnung einheitlich. Die aktuelle Methode der Zewo ist seit dem 1. Januar 2018 in Kraft. NPO mit Zewo-G\u00fctesiegel informieren in ihrer Jahresrechnung, wieviel Mittel sie f\u00fcr Projekte einsetzen, was das Fundraising kostet und wie hoch der [&hellip;]<\/p>\n","protected":false},"author":38,"featured_media":666059,"parent":0,"menu_order":185,"comment_status":"closed","ping_status":"closed","template":"","meta":{"_acf_changed":false,"footnotes":""},"folder":[6639],"class_list":["post-425651","page","type-page","status-publish","has-post-thumbnail","hentry"],"acf":[],"yoast_head":"<!-- This site is optimized with the Yoast SEO Premium plugin v26.0 (Yoast SEO v26.0) - https:\/\/yoast.com\/wordpress\/plugins\/seo\/ -->\n<title>Zewo<\/title>\n<meta name=\"description\" content=\"So berechnen NPO ihre Kosten einheitlich. Die Zewo-Methode grenzt die Kosten f\u00fcr Projekte, Administration und Mittelbeschaffung ab.\" \/>\n<meta name=\"robots\" content=\"index, follow, max-snippet:-1, max-image-preview:large, max-video-preview:-1\" \/>\n<link rel=\"canonical\" href=\"https:\/\/zewo.ch\/de\/zewo-methode\/\" \/>\n<meta property=\"og:locale\" content=\"de_DE\" \/>\n<meta property=\"og:type\" content=\"article\" \/>\n<meta property=\"og:description\" content=\"So berechnen NPO ihre Kosten einheitlich. Die Zewo-Methode grenzt die Kosten f\u00fcr Projekte, Administration und Mittelbeschaffung ab.\" \/>\n<meta property=\"og:url\" content=\"https:\/\/zewo.ch\/de\/zewo-methode\/\" \/>\n<meta property=\"og:site_name\" content=\"Zewo\" \/>\n<meta property=\"article:publisher\" content=\"https:\/\/www.facebook.com\/Stiftung.ZEWO\/\" \/>\n<meta property=\"article:modified_time\" content=\"2023-10-25T13:52:56+00:00\" \/>\n<meta property=\"og:image\" content=\"https:\/\/zewo.ch\/wp-content\/uploads\/2019\/11\/shutterstock_1399301303_2_WP.jpg\" \/>\n\t<meta property=\"og:image:width\" content=\"2200\" \/>\n\t<meta property=\"og:image:height\" content=\"440\" \/>\n\t<meta property=\"og:image:type\" content=\"image\/jpeg\" \/>\n<meta name=\"twitter:card\" content=\"summary_large_image\" \/>\n<meta name=\"twitter:site\" content=\"@stiftung_zewo\" \/>\n<meta name=\"twitter:label1\" content=\"Gesch\u00e4tzte Lesezeit\" \/>\n\t<meta name=\"twitter:data1\" content=\"2\u00a0Minuten\" \/>\n<script type=\"application\/ld+json\" class=\"yoast-schema-graph\">{\"@context\":\"https:\/\/schema.org\",\"@graph\":[{\"@type\":\"WebPage\",\"@id\":\"https:\/\/zewo.ch\/de\/zewo-methode\/#webpage\",\"url\":\"https:\/\/zewo.ch\/de\/zewo-methode\/#webpage\",\"name\":\"\",\"isPartOf\":{\"@id\":\"https:\/\/zewo.ch\/de\/#website\"},\"primaryImageOfPage\":{\"@id\":\"https:\/\/zewo.ch\/de\/zewo-methode\/#primaryimage\"},\"image\":{\"@id\":\"https:\/\/zewo.ch\/de\/zewo-methode\/#primaryimage\"},\"thumbnailUrl\":\"https:\/\/zewo.ch\/wp-content\/uploads\/2019\/11\/shutterstock_1399301303_2_WP.jpg\",\"datePublished\":\"2019-07-17T14:36:18+00:00\",\"dateModified\":\"2023-10-25T13:52:56+00:00\",\"description\":\"So berechnen NPO ihre Kosten einheitlich. Die Zewo-Methode grenzt die Kosten f\u00fcr Projekte, Administration und Mittelbeschaffung ab.\",\"breadcrumb\":{\"@id\":\"https:\/\/zewo.ch\/de\/zewo-methode\/#breadcrumb\"},\"inLanguage\":\"de\",\"potentialAction\":[{\"@type\":\"ReadAction\",\"target\":[\"https:\/\/zewo.ch\/de\/zewo-methode\/\"]}]},{\"@type\":\"ImageObject\",\"inLanguage\":\"de\",\"@id\":\"https:\/\/zewo.ch\/de\/zewo-methode\/#primaryimage\",\"url\":\"https:\/\/zewo.ch\/wp-content\/uploads\/2019\/11\/shutterstock_1399301303_2_WP.jpg\",\"contentUrl\":\"https:\/\/zewo.ch\/wp-content\/uploads\/2019\/11\/shutterstock_1399301303_2_WP.jpg\",\"width\":2200,\"height\":440},{\"@type\":\"BreadcrumbList\",\"@id\":\"https:\/\/zewo.ch\/de\/zewo-methode\/#breadcrumb\",\"itemListElement\":[{\"@type\":\"ListItem\",\"position\":1,\"name\":\"Home\",\"item\":\"https:\/\/zewo.ch\/de\/\"},{\"@type\":\"ListItem\",\"position\":2,\"name\":\"Zewo-Methode\"}]},{\"@type\":\"WebSite\",\"@id\":\"https:\/\/zewo.ch\/de\/#website\",\"url\":\"https:\/\/zewo.ch\/de\/\",\"name\":\"Zewo\",\"description\":\"Ihre Spende in guten H\u00e4nden.\",\"publisher\":{\"@id\":\"https:\/\/zewo.ch\/de\/#organization\"},\"potentialAction\":[{\"@type\":\"SearchAction\",\"target\":{\"@type\":\"EntryPoint\",\"urlTemplate\":\"https:\/\/zewo.ch\/de\/?s={search_term_string}\"},\"query-input\":{\"@type\":\"PropertyValueSpecification\",\"valueRequired\":true,\"valueName\":\"search_term_string\"}}],\"inLanguage\":\"de\"},{\"@type\":\"Organization\",\"@id\":\"https:\/\/zewo.ch\/de\/#organization\",\"name\":\"Stiftung Zewo\",\"url\":\"https:\/\/zewo.ch\/de\/\",\"logo\":{\"@type\":\"ImageObject\",\"inLanguage\":\"de\",\"@id\":\"https:\/\/zewo.ch\/de\/#\/schema\/logo\/image\/\",\"url\":\"https:\/\/zewo.ch\/wp-content\/uploads\/2019\/08\/Zewo_Logo_Claim_D.svg\",\"contentUrl\":\"https:\/\/zewo.ch\/wp-content\/uploads\/2019\/08\/Zewo_Logo_Claim_D.svg\",\"width\":1,\"height\":1,\"caption\":\"Stiftung Zewo\"},\"image\":{\"@id\":\"https:\/\/zewo.ch\/de\/#\/schema\/logo\/image\/\"},\"sameAs\":[\"https:\/\/www.facebook.com\/Stiftung.ZEWO\/\",\"https:\/\/x.com\/stiftung_zewo\",\"https:\/\/www.linkedin.com\/company\/stiftung-zewo\",\"https:\/\/www.youtube.com\/channel\/UCzjsVJro12OXcvvx1LQP8tw\",\"https:\/\/de.wikipedia.org\/wiki\/Zewo\"]}]}<\/script>\n<!-- \/ Yoast SEO Premium plugin. -->","yoast_head_json":{"title":"Zewo","description":"So berechnen NPO ihre Kosten einheitlich. Die Zewo-Methode grenzt die Kosten f\u00fcr Projekte, Administration und Mittelbeschaffung ab.","robots":{"index":"index","follow":"follow","max-snippet":"max-snippet:-1","max-image-preview":"max-image-preview:large","max-video-preview":"max-video-preview:-1"},"canonical":"https:\/\/zewo.ch\/de\/zewo-methode\/","og_locale":"de_DE","og_type":"article","og_description":"So berechnen NPO ihre Kosten einheitlich. Die Zewo-Methode grenzt die Kosten f\u00fcr Projekte, Administration und Mittelbeschaffung ab.","og_url":"https:\/\/zewo.ch\/de\/zewo-methode\/","og_site_name":"Zewo","article_publisher":"https:\/\/www.facebook.com\/Stiftung.ZEWO\/","article_modified_time":"2023-10-25T13:52:56+00:00","og_image":[{"width":2200,"height":440,"url":"https:\/\/zewo.ch\/wp-content\/uploads\/2019\/11\/shutterstock_1399301303_2_WP.jpg","type":"image\/jpeg"}],"twitter_card":"summary_large_image","twitter_site":"@stiftung_zewo","twitter_misc":{"Gesch\u00e4tzte Lesezeit":"2\u00a0Minuten"},"schema":{"@context":"https:\/\/schema.org","@graph":[{"@type":"WebPage","@id":"https:\/\/zewo.ch\/de\/zewo-methode\/#webpage","url":"https:\/\/zewo.ch\/de\/zewo-methode\/#webpage","name":"","isPartOf":{"@id":"https:\/\/zewo.ch\/de\/#website"},"primaryImageOfPage":{"@id":"https:\/\/zewo.ch\/de\/zewo-methode\/#primaryimage"},"image":{"@id":"https:\/\/zewo.ch\/de\/zewo-methode\/#primaryimage"},"thumbnailUrl":"https:\/\/zewo.ch\/wp-content\/uploads\/2019\/11\/shutterstock_1399301303_2_WP.jpg","datePublished":"2019-07-17T14:36:18+00:00","dateModified":"2023-10-25T13:52:56+00:00","description":"So berechnen NPO ihre Kosten einheitlich. Die Zewo-Methode grenzt die Kosten f\u00fcr Projekte, Administration und Mittelbeschaffung ab.","breadcrumb":{"@id":"https:\/\/zewo.ch\/de\/zewo-methode\/#breadcrumb"},"inLanguage":"de","potentialAction":[{"@type":"ReadAction","target":["https:\/\/zewo.ch\/de\/zewo-methode\/"]}]},{"@type":"ImageObject","inLanguage":"de","@id":"https:\/\/zewo.ch\/de\/zewo-methode\/#primaryimage","url":"https:\/\/zewo.ch\/wp-content\/uploads\/2019\/11\/shutterstock_1399301303_2_WP.jpg","contentUrl":"https:\/\/zewo.ch\/wp-content\/uploads\/2019\/11\/shutterstock_1399301303_2_WP.jpg","width":2200,"height":440},{"@type":"BreadcrumbList","@id":"https:\/\/zewo.ch\/de\/zewo-methode\/#breadcrumb","itemListElement":[{"@type":"ListItem","position":1,"name":"Home","item":"https:\/\/zewo.ch\/de\/"},{"@type":"ListItem","position":2,"name":"Zewo-Methode"}]},{"@type":"WebSite","@id":"https:\/\/zewo.ch\/de\/#website","url":"https:\/\/zewo.ch\/de\/","name":"Zewo","description":"Ihre Spende in guten H\u00e4nden.","publisher":{"@id":"https:\/\/zewo.ch\/de\/#organization"},"potentialAction":[{"@type":"SearchAction","target":{"@type":"EntryPoint","urlTemplate":"https:\/\/zewo.ch\/de\/?s={search_term_string}"},"query-input":{"@type":"PropertyValueSpecification","valueRequired":true,"valueName":"search_term_string"}}],"inLanguage":"de"},{"@type":"Organization","@id":"https:\/\/zewo.ch\/de\/#organization","name":"Stiftung Zewo","url":"https:\/\/zewo.ch\/de\/","logo":{"@type":"ImageObject","inLanguage":"de","@id":"https:\/\/zewo.ch\/de\/#\/schema\/logo\/image\/","url":"https:\/\/zewo.ch\/wp-content\/uploads\/2019\/08\/Zewo_Logo_Claim_D.svg","contentUrl":"https:\/\/zewo.ch\/wp-content\/uploads\/2019\/08\/Zewo_Logo_Claim_D.svg","width":1,"height":1,"caption":"Stiftung Zewo"},"image":{"@id":"https:\/\/zewo.ch\/de\/#\/schema\/logo\/image\/"},"sameAs":["https:\/\/www.facebook.com\/Stiftung.ZEWO\/","https:\/\/x.com\/stiftung_zewo","https:\/\/www.linkedin.com\/company\/stiftung-zewo","https:\/\/www.youtube.com\/channel\/UCzjsVJro12OXcvvx1LQP8tw","https:\/\/de.wikipedia.org\/wiki\/Zewo"]}]}},"publishpress_future_action":{"enabled":false,"date":"2026-04-21 12:19:51","action":"change-status","newStatus":"draft","terms":[],"taxonomy":"translation_priority","extraData":[]},"publishpress_future_workflow_manual_trigger":{"enabledWorkflows":[]},"_links":{"self":[{"href":"https:\/\/zewo.ch\/de\/wp-json\/wp\/v2\/pages\/425651","targetHints":{"allow":["GET"]}}],"collection":[{"href":"https:\/\/zewo.ch\/de\/wp-json\/wp\/v2\/pages"}],"about":[{"href":"https:\/\/zewo.ch\/de\/wp-json\/wp\/v2\/types\/page"}],"author":[{"embeddable":true,"href":"https:\/\/zewo.ch\/de\/wp-json\/wp\/v2\/users\/38"}],"replies":[{"embeddable":true,"href":"https:\/\/zewo.ch\/de\/wp-json\/wp\/v2\/comments?post=425651"}],"version-history":[{"count":18,"href":"https:\/\/zewo.ch\/de\/wp-json\/wp\/v2\/pages\/425651\/revisions"}],"predecessor-version":[{"id":5801127,"href":"https:\/\/zewo.ch\/de\/wp-json\/wp\/v2\/pages\/425651\/revisions\/5801127"}],"wp:featuredmedia":[{"embeddable":true,"href":"https:\/\/zewo.ch\/de\/wp-json\/wp\/v2\/media\/666059"}],"wp:attachment":[{"href":"https:\/\/zewo.ch\/de\/wp-json\/wp\/v2\/media?parent=425651"}],"wp:term":[{"taxonomy":"folder","embeddable":true,"href":"https:\/\/zewo.ch\/de\/wp-json\/wp\/v2\/folder?post=425651"}],"curies":[{"name":"wp","href":"https:\/\/api.w.org\/{rel}","templated":true}]}}