{"id":41089,"date":"2019-05-13T16:56:34","date_gmt":"2019-05-13T14:56:34","guid":{"rendered":"https:\/\/www.zewo.ch\/?page_id=41089"},"modified":"2025-01-23T15:22:41","modified_gmt":"2025-01-23T14:22:41","slug":"fragen-und-antworten-zur-zertifizierung","status":"publish","type":"page","link":"https:\/\/zewo.ch\/de\/der-weg-zum-zewo-guetesiegel\/fragen-und-antworten-zur-zertifizierung\/","title":{"rendered":"Fragen und Antworten zur Zertifizierung"},"content":{"rendered":"\n<h2 class=\"wp-block-heading\">Das sagt die Zewo zu den h\u00e4ufigsten Fragen von NPO<\/h2>\n\n\n\n<p><strong>Wie lange dauert es, bis wir das G\u00fctesiegel von der Zewo erhalten? Solche und \u00e4hnliche Fragen tauchen auf dem Weg zum Zewo-G\u00fctesiegel immer wieder auf. Hier finden Sie die Antworten der Zewo per Mausklick. <\/strong><\/p>\n\n\n\n<p>Die Zewo hat die wichtigsten Fragen von NPO rund um das Pr\u00fcfverfahren zusammengestellt und beantwortet. So haben NPO schnell und einfach den Durchblick.<\/p>\n\n\n\n<ul class=\"wp-block-cgb-block-zewo-block-accordion accordion\" data-accordion=\"true\" data-allow-all-closed=\"true\">\n<li class=\"accordion-item \" data-accordion-item=\"true\"><a href=\"#\" class=\"accordion-title\">K\u00f6nnen wir unsere Organisation aus einer laufenden Pr\u00fcfung zur\u00fcckziehen?<\/a><div class=\"accordion-content\" data-tab-content=\"true\">\n<p>Sie haben zu jeder Zeit die M\u00f6glichkeit, das Verfahren einzustellen und das Gesuch Ihrer Organisation zur\u00fcckzuziehen. Der bis dahin angefallene Aufwand wird in Rechnung gestellt.<\/p>\n<\/div><\/li>\n\n\n\n<li class=\"accordion-item \" data-accordion-item=\"true\"><a href=\"#\" class=\"accordion-title\">Was sind die Vorteile und Nachteile einer unverbindlichen Einsch\u00e4tzung?<\/a><div class=\"accordion-content\" data-tab-content=\"true\">\n<p><strong>Vorteile<\/strong><br>Unsicherheiten und offene Fragen k\u00f6nnen in der unverbindlichen Einsch\u00e4tzung abgekl\u00e4rt werden. Ausserdem erfahren Sie vor der umfassenden Pr\u00fcfung, ob Sie noch wesentliche Anpassungen vornehmen m\u00fcssen. Sie k\u00f6nnen diese Punkte vor der Pr\u00fcfung bereits erledigen. Wir lernen Ihre Organisation kennen und k\u00f6nnen dieses Wissen f\u00fcr die umfassende Pr\u00fcfung nutzen. Die unverbindliche Einsch\u00e4tzung erm\u00f6glicht es, Zeit und Kosten bei der umfassenden Pr\u00fcfung zu sparen. Ausserdem sinkt das Risiko, die Pr\u00fcfung nicht erfolgreich zu durchlaufen.<\/p>\n\n\n\n<p><strong>Nachteile<\/strong><br>Die Einsch\u00e4tzung ist unverbindlich. Es wird auf einige wesentliche und grundlegende Punkte der 21 Zewo-Standards eingegangen, soweit sie aus den eingereichten Basisunterlagen beurteilt werden k\u00f6nnen. Der schriftliche Bericht der unverbindlichen Einsch\u00e4tzung enth\u00e4lt keine Beurteilung \u00fcber die gesamten Standards und gibt keine Garantie, dass Ihre Organisation die umfassende Pr\u00fcfung erfolgreich durchlaufen wird. Die Zewo beh\u00e4lt sich vor, alle Punkte der Standards in der umfassenden Pr\u00fcfung&nbsp;zu pr\u00fcfen und n\u00f6tigenfalls neu zu beurteilen.<\/p>\n<\/div><\/li>\n\n\n\n<li class=\"accordion-item \" data-accordion-item=\"true\"><a href=\"#\" class=\"accordion-title\">Weshalb gilt die unverbindliche Einsch\u00e4tzung nur f\u00fcr 12 Monate?<\/a><div class=\"accordion-content\" data-tab-content=\"true\">\n<p>Die unverbindliche Einsch\u00e4tzung beruht auf dem aktuellen Jahresbericht und der letzten&nbsp;Jahresrechnung Ihrer Organisation. Nach 12 Monaten m\u00fcssen die neuen&nbsp;Unterlagen&nbsp;eingereicht werden. Ausserdem ver\u00e4ndert sich&nbsp;eine&nbsp;Organisation im Laufe der Zeit. Damit die Spenderinnen und Spender darauf vertrauen k\u00f6nnen, dass die Organisation die&nbsp;Anforderungen der Zewo erf\u00fcllt, muss die Pr\u00fcfung auf den aktuellsten Unterlagen basieren. Nach&nbsp;mehr als 12 Monaten beginnt das Verfahren deshalb wieder von&nbsp;vorne.&nbsp;<\/p>\n<\/div><\/li>\n\n\n\n<li class=\"accordion-item \" data-accordion-item=\"true\"><a href=\"#\" class=\"accordion-title\">Was sind die Vorteile und Nachteile eines direkten Gesuchs auf eine umfassende Pr\u00fcfung?<\/a><div class=\"accordion-content\" data-tab-content=\"true\">\n<p><strong>Vorteile<\/strong><br>Wenn Ihre Organisation die gesamten Anforderungen der Zewo erf\u00fcllt, sparen Sie beim direkten Verfahren Zeit, da sie nicht auf das Ergebnis der unverbindlichen Einsch\u00e4tzung warten m\u00fcssen.<\/p>\n\n\n\n<p><strong>Nachteile<\/strong><br>Das Risiko, dass Ihre Organisation die Pr\u00fcfung nicht erfolgreich durchl\u00e4uft, ist gr\u00f6sser, weil wesentliche&nbsp;M\u00e4ngel m\u00f6glicherweise nicht&nbsp;rechtzeitig behoben werden k\u00f6nnen.&nbsp;Bei Nichterteilung des G\u00fctesiegels kann Ihre Organisation fr\u00fchestens zwei Jahre nach dem Entscheid des Stiftungsrats eine neue Pr\u00fcfung beantragen.<\/p>\n<\/div><\/li>\n\n\n\n<li class=\"accordion-item \" data-accordion-item=\"true\"><a href=\"#\" class=\"accordion-title\">Welcher Weg ist der g\u00fcnstigste und k\u00fcrzeste?<\/a><div class=\"accordion-content\" data-tab-content=\"true\">\n<p>Die Kosten und die Dauer einer Pr\u00fcfung h\u00e4ngen stark von der Vorbereitung und der Mitarbeit Ihrer Organisation ab. Wenn Ihre Organisation die Zewo-Standards vollumf\u00e4nglich einh\u00e4lt, ist ein direktes Gesuch ohne Einsch\u00e4tzung insgesamt k\u00fcrzer und g\u00fcnstiger. Ihre Organisation muss nicht auf den Bericht der unverbindlichen Einsch\u00e4tzung warten. Erf\u00fcllt Ihre Organisation hingegen einzelne Anforderungen der Zewo nicht, so kann sich bei einem direkten Gesuch die Pr\u00fcfung in die L\u00e4nge ziehen und es entstehen Zusatzkosten. Deshalb empfehlen wir bei Unsicherheiten oder offenen Fragen, eine unverbindliche Einsch\u00e4tzung einzuholen. Diese wird zwar zus\u00e4tzlich pauschal fakturiert, doch durch das selbst\u00e4ndige und fr\u00fchzeitige Beheben von M\u00e4ngeln kann Ihre Organisation in der umfassenden Pr\u00fcfung Zeit und Kosten sparen.<\/p>\n<\/div><\/li>\n\n\n\n<li class=\"accordion-item \" data-accordion-item=\"true\"><a href=\"#\" class=\"accordion-title\">Was passiert, wenn ich die Bedingungen des Pr\u00fcfberichts nicht erf\u00fclle?<\/a><div class=\"accordion-content\" data-tab-content=\"true\">\n<p>Erf\u00fcllt Ihre Organisation die im abschliessenden Pr\u00fcfbericht festgehaltenen Bedingungen nicht,&nbsp;so muss grunds\u00e4tzlich&nbsp;ein&nbsp;Antrag auf Nicht-Erteilung des G\u00fctesiegels gestellt werden. Handelt es sich um weniger&nbsp;wesentliche Punkte, deren Behebung absehbar ist, so ist auch eine Zertifizierung unter Auflagen m\u00f6glich. Der Stiftungsrat entscheidet endg\u00fcltig, ob Ihrer Organisation das G\u00fctesiegel verliehen wird oder nicht. Bei einem negativen Entscheid kann Ihre Organisation fr\u00fchestens 2 Jahre nach dem Entscheid des Stiftungsrats wieder ein Gesuch einreichen.<\/p>\n<\/div><\/li>\n\n\n\n<li class=\"accordion-item \" data-accordion-item=\"true\"><a href=\"#\" class=\"accordion-title\">Wird \u00f6ffentlich \u00fcber die Zertifizierung berichtet?<\/a><div class=\"accordion-content\" data-tab-content=\"true\">\n<p>Die Zewo informiert die \u00d6ffentlichkeit dar\u00fcber, welche Organisationen das G\u00fctesiegel tragen und welche Organisation dazu nicht mehr berechtigt sind. Die Zewo erteilt aber gegen\u00fcber Dritten keine Auskunft \u00fcber ein laufendes Pr\u00fcfverfahren. Nach Abschluss des Verfahrens, kann sie \u00fcber Auflagen, unter denen das Recht zum F\u00fchren des G\u00fctesiegels erteilt oder erneuert wurde, Auskunft erteilen.<\/p>\n<\/div><\/li>\n\n\n\n<li class=\"accordion-item \" data-accordion-item=\"true\"><a href=\"#\" class=\"accordion-title\">Wie lange dauert der Gespr\u00e4chstermin bei der Zertifizierung?<\/a><div class=\"accordion-content\" data-tab-content=\"true\">\n<p>Es werden offene Fragen und m\u00f6gliche Probleme besprochen.&nbsp;Die L\u00e4nge des Gespr\u00e4chs variiert mit der&nbsp;Anzahl der zu besprechenden Punkte.&nbsp;F\u00fcr den Gespr\u00e4chstermin bei einer umfassenden Pr\u00fcfung ist erfahrungsgem\u00e4ss mit rund 2&nbsp;Stunden zu rechnen, allenfalls&nbsp;auch mit mehr. F\u00fcr das Gespr\u00e4ch bei einer ersten unverbindlichen Einsch\u00e4tzung ist 1 Stunde eingeplant.&nbsp;Falls noch Dokumente fehlen, kann Ihre Organisation diese auch nach dem Gespr\u00e4chstermin nachreichen. Sie erhalten eine Aktennotiz, die die Besprechung&nbsp;und die Ergebnisse zusammenfasst.<\/p>\n<\/div><\/li>\n<\/ul>\n\n\n\n<div class=\"wp-block-cgb-block-zewo-block-columns-container container bg-color-light-gray\"><div class=\"grid-x grid-margin-x\" data-columns=\"2\">\n<div class=\"cell small-12 medium-6\"><div class=\"wp-block-cgb-block-zewo-block-image-teaser ab-block-cta bg-color-secondary\"><div class=\"ab-cta-image-wrap bg-color-secondary\"><img decoding=\"async\" class=\"ab-cta-image\" src=\"https:\/\/zewo.ch\/wp-content\/uploads\/2019\/10\/frau-am-bildschirm-1.png\" alt=\"Finden Sie heraus, ob sich Ihre NPO pr\u00fcfen lassen kann.\"\/><\/div><div class=\"ab-cta-content\"><h2 class=\"ab-cta-title\">Kann sich Ihre NPO pr\u00fcfen lassen?<\/h2><\/div><div class=\"ab-cta-button\"><a href=\"\/de\/der-weg-zum-zewo-guetesiegel\/eignungstest\/\" target=\"_self\" rel=\"noopener noreferrer\" class=\"button primary button-teaser\"><span class=\"button-arrow\"><\/span>Eignungstest machen<\/a><\/div><a href=\"\/de\/der-weg-zum-zewo-guetesiegel\/eignungstest\/\" target=\"_self\" rel=\"noopener noreferrer\" class=\"button-teaser--is-full\"><\/a><\/div><\/div>\n\n\n\n<div class=\"cell small-12 medium-6\"><div class=\"wp-block-cgb-block-zewo-block-image-teaser ab-block-cta bg-color-secondary\"><div class=\"ab-cta-image-wrap bg-color-secondary\"><img decoding=\"async\" class=\"ab-cta-image\" src=\"https:\/\/zewo.ch\/wp-content\/uploads\/2019\/07\/Pokal-1.png\" alt=\"Der Weg zum Zewo-G\u00fctesiegel\"\/><\/div><div class=\"ab-cta-content\"><h2 class=\"ab-cta-title\">Der Weg zum Zewo-G\u00fctesiegel<\/h2><\/div><div class=\"ab-cta-button\"><a href=\"\/de\/der-weg-zum-zewo-guetesiegel\/\" target=\"_self\" rel=\"noopener noreferrer\" class=\"button primary button-teaser\"><span class=\"button-arrow\"><\/span>Jetzt informieren<\/a><\/div><a href=\"\/de\/der-weg-zum-zewo-guetesiegel\/\" target=\"_self\" rel=\"noopener noreferrer\" class=\"button-teaser--is-full\"><\/a><\/div><\/div>\n<\/div><\/div>\n","protected":false},"excerpt":{"rendered":"<p>Das sagt die Zewo zu den h\u00e4ufigsten Fragen von NPO Wie lange dauert es, bis wir das G\u00fctesiegel von der Zewo erhalten? Solche und \u00e4hnliche Fragen tauchen auf dem Weg zum Zewo-G\u00fctesiegel immer wieder auf. Hier finden Sie die Antworten der Zewo per Mausklick. Die Zewo hat die wichtigsten Fragen von NPO rund um das [&hellip;]<\/p>\n","protected":false},"author":6,"featured_media":666062,"parent":20210,"menu_order":19,"comment_status":"closed","ping_status":"closed","template":"","meta":{"_acf_changed":false,"footnotes":""},"folder":[6639],"class_list":["post-41089","page","type-page","status-publish","has-post-thumbnail","hentry"],"acf":[],"yoast_head":"<!-- This site is optimized with the Yoast SEO Premium plugin v26.0 (Yoast SEO v26.0) - https:\/\/yoast.com\/wordpress\/plugins\/seo\/ -->\n<title>Zewo<\/title>\n<meta name=\"description\" content=\"Finden Sie Antworten auf h\u00e4ufige Fragen zur Zertifizierung f\u00fcr das Zewo-G\u00fctesiegel. Erfahren Sie alles \u00fcber den Ablauf und die Voraussetzungen.\" \/>\n<meta name=\"robots\" content=\"index, follow, max-snippet:-1, max-image-preview:large, max-video-preview:-1\" \/>\n<link rel=\"canonical\" href=\"https:\/\/zewo.ch\/de\/der-weg-zum-zewo-guetesiegel\/fragen-und-antworten-zur-zertifizierung\/\" \/>\n<meta property=\"og:locale\" content=\"de_DE\" \/>\n<meta property=\"og:type\" content=\"article\" \/>\n<meta property=\"og:description\" content=\"Finden Sie Antworten auf h\u00e4ufige Fragen zur Zertifizierung f\u00fcr das Zewo-G\u00fctesiegel. Erfahren Sie alles \u00fcber den Ablauf und die Voraussetzungen.\" \/>\n<meta property=\"og:url\" content=\"https:\/\/zewo.ch\/de\/der-weg-zum-zewo-guetesiegel\/fragen-und-antworten-zur-zertifizierung\/\" \/>\n<meta property=\"og:site_name\" content=\"Zewo\" \/>\n<meta property=\"article:publisher\" content=\"https:\/\/www.facebook.com\/Stiftung.ZEWO\/\" \/>\n<meta property=\"article:modified_time\" content=\"2025-01-23T14:22:41+00:00\" \/>\n<meta property=\"og:image\" content=\"https:\/\/zewo.ch\/wp-content\/uploads\/2019\/11\/shutterstock_1463233415_2_WP.jpg\" \/>\n\t<meta property=\"og:image:width\" content=\"2200\" \/>\n\t<meta property=\"og:image:height\" content=\"440\" \/>\n\t<meta property=\"og:image:type\" content=\"image\/jpeg\" \/>\n<meta name=\"twitter:card\" content=\"summary_large_image\" \/>\n<meta name=\"twitter:site\" content=\"@stiftung_zewo\" \/>\n<meta name=\"twitter:label1\" content=\"Gesch\u00e4tzte Lesezeit\" \/>\n\t<meta name=\"twitter:data1\" content=\"13\u00a0Minuten\" \/>\n<script type=\"application\/ld+json\" class=\"yoast-schema-graph\">{\"@context\":\"https:\/\/schema.org\",\"@graph\":[{\"@type\":\"WebPage\",\"@id\":\"https:\/\/zewo.ch\/de\/der-weg-zum-zewo-guetesiegel\/fragen-und-antworten-zur-zertifizierung\/#webpage\",\"url\":\"https:\/\/zewo.ch\/de\/der-weg-zum-zewo-guetesiegel\/fragen-und-antworten-zur-zertifizierung\/#webpage\",\"name\":\"\",\"isPartOf\":{\"@id\":\"https:\/\/zewo.ch\/de\/#website\"},\"primaryImageOfPage\":{\"@id\":\"https:\/\/zewo.ch\/de\/der-weg-zum-zewo-guetesiegel\/fragen-und-antworten-zur-zertifizierung\/#primaryimage\"},\"image\":{\"@id\":\"https:\/\/zewo.ch\/de\/der-weg-zum-zewo-guetesiegel\/fragen-und-antworten-zur-zertifizierung\/#primaryimage\"},\"thumbnailUrl\":\"https:\/\/zewo.ch\/wp-content\/uploads\/2019\/11\/shutterstock_1463233415_2_WP.jpg\",\"datePublished\":\"2019-05-13T14:56:34+00:00\",\"dateModified\":\"2025-01-23T14:22:41+00:00\",\"description\":\"Finden Sie Antworten auf h\u00e4ufige Fragen zur Zertifizierung f\u00fcr das Zewo-G\u00fctesiegel. Erfahren Sie alles \u00fcber den Ablauf und die Voraussetzungen.\",\"breadcrumb\":{\"@id\":\"https:\/\/zewo.ch\/de\/der-weg-zum-zewo-guetesiegel\/fragen-und-antworten-zur-zertifizierung\/#breadcrumb\"},\"inLanguage\":\"de\",\"potentialAction\":[{\"@type\":\"ReadAction\",\"target\":[\"https:\/\/zewo.ch\/de\/der-weg-zum-zewo-guetesiegel\/fragen-und-antworten-zur-zertifizierung\/\"]}]},{\"@type\":\"ImageObject\",\"inLanguage\":\"de\",\"@id\":\"https:\/\/zewo.ch\/de\/der-weg-zum-zewo-guetesiegel\/fragen-und-antworten-zur-zertifizierung\/#primaryimage\",\"url\":\"https:\/\/zewo.ch\/wp-content\/uploads\/2019\/11\/shutterstock_1463233415_2_WP.jpg\",\"contentUrl\":\"https:\/\/zewo.ch\/wp-content\/uploads\/2019\/11\/shutterstock_1463233415_2_WP.jpg\",\"width\":2200,\"height\":440,\"caption\":\"Header Pr\u00fcfung beantragen\"},{\"@type\":\"BreadcrumbList\",\"@id\":\"https:\/\/zewo.ch\/de\/der-weg-zum-zewo-guetesiegel\/fragen-und-antworten-zur-zertifizierung\/#breadcrumb\",\"itemListElement\":[{\"@type\":\"ListItem\",\"position\":1,\"name\":\"Home\",\"item\":\"https:\/\/zewo.ch\/de\/\"},{\"@type\":\"ListItem\",\"position\":2,\"name\":\"Der Weg zum Zewo-G\u00fctesiegel\",\"item\":\"https:\/\/zewo.ch\/de\/der-weg-zum-zewo-guetesiegel\/\"},{\"@type\":\"ListItem\",\"position\":3,\"name\":\"Fragen und Antworten zur Zertifizierung\"}]},{\"@type\":\"WebSite\",\"@id\":\"https:\/\/zewo.ch\/de\/#website\",\"url\":\"https:\/\/zewo.ch\/de\/\",\"name\":\"Zewo\",\"description\":\"Ihre Spende in guten H\u00e4nden.\",\"publisher\":{\"@id\":\"https:\/\/zewo.ch\/de\/#organization\"},\"potentialAction\":[{\"@type\":\"SearchAction\",\"target\":{\"@type\":\"EntryPoint\",\"urlTemplate\":\"https:\/\/zewo.ch\/de\/?s={search_term_string}\"},\"query-input\":{\"@type\":\"PropertyValueSpecification\",\"valueRequired\":true,\"valueName\":\"search_term_string\"}}],\"inLanguage\":\"de\"},{\"@type\":\"Organization\",\"@id\":\"https:\/\/zewo.ch\/de\/#organization\",\"name\":\"Stiftung Zewo\",\"url\":\"https:\/\/zewo.ch\/de\/\",\"logo\":{\"@type\":\"ImageObject\",\"inLanguage\":\"de\",\"@id\":\"https:\/\/zewo.ch\/de\/#\/schema\/logo\/image\/\",\"url\":\"https:\/\/zewo.ch\/wp-content\/uploads\/2019\/08\/Zewo_Logo_Claim_D.svg\",\"contentUrl\":\"https:\/\/zewo.ch\/wp-content\/uploads\/2019\/08\/Zewo_Logo_Claim_D.svg\",\"width\":1,\"height\":1,\"caption\":\"Stiftung Zewo\"},\"image\":{\"@id\":\"https:\/\/zewo.ch\/de\/#\/schema\/logo\/image\/\"},\"sameAs\":[\"https:\/\/www.facebook.com\/Stiftung.ZEWO\/\",\"https:\/\/x.com\/stiftung_zewo\",\"https:\/\/www.linkedin.com\/company\/stiftung-zewo\",\"https:\/\/www.youtube.com\/channel\/UCzjsVJro12OXcvvx1LQP8tw\",\"https:\/\/de.wikipedia.org\/wiki\/Zewo\"]}]}<\/script>\n<!-- \/ Yoast SEO Premium plugin. -->","yoast_head_json":{"title":"Zewo","description":"Finden Sie Antworten auf h\u00e4ufige Fragen zur Zertifizierung f\u00fcr das Zewo-G\u00fctesiegel. Erfahren Sie alles \u00fcber den Ablauf und die Voraussetzungen.","robots":{"index":"index","follow":"follow","max-snippet":"max-snippet:-1","max-image-preview":"max-image-preview:large","max-video-preview":"max-video-preview:-1"},"canonical":"https:\/\/zewo.ch\/de\/der-weg-zum-zewo-guetesiegel\/fragen-und-antworten-zur-zertifizierung\/","og_locale":"de_DE","og_type":"article","og_description":"Finden Sie Antworten auf h\u00e4ufige Fragen zur Zertifizierung f\u00fcr das Zewo-G\u00fctesiegel. Erfahren Sie alles \u00fcber den Ablauf und die Voraussetzungen.","og_url":"https:\/\/zewo.ch\/de\/der-weg-zum-zewo-guetesiegel\/fragen-und-antworten-zur-zertifizierung\/","og_site_name":"Zewo","article_publisher":"https:\/\/www.facebook.com\/Stiftung.ZEWO\/","article_modified_time":"2025-01-23T14:22:41+00:00","og_image":[{"width":2200,"height":440,"url":"https:\/\/zewo.ch\/wp-content\/uploads\/2019\/11\/shutterstock_1463233415_2_WP.jpg","type":"image\/jpeg"}],"twitter_card":"summary_large_image","twitter_site":"@stiftung_zewo","twitter_misc":{"Gesch\u00e4tzte Lesezeit":"13\u00a0Minuten"},"schema":{"@context":"https:\/\/schema.org","@graph":[{"@type":"WebPage","@id":"https:\/\/zewo.ch\/de\/der-weg-zum-zewo-guetesiegel\/fragen-und-antworten-zur-zertifizierung\/#webpage","url":"https:\/\/zewo.ch\/de\/der-weg-zum-zewo-guetesiegel\/fragen-und-antworten-zur-zertifizierung\/#webpage","name":"","isPartOf":{"@id":"https:\/\/zewo.ch\/de\/#website"},"primaryImageOfPage":{"@id":"https:\/\/zewo.ch\/de\/der-weg-zum-zewo-guetesiegel\/fragen-und-antworten-zur-zertifizierung\/#primaryimage"},"image":{"@id":"https:\/\/zewo.ch\/de\/der-weg-zum-zewo-guetesiegel\/fragen-und-antworten-zur-zertifizierung\/#primaryimage"},"thumbnailUrl":"https:\/\/zewo.ch\/wp-content\/uploads\/2019\/11\/shutterstock_1463233415_2_WP.jpg","datePublished":"2019-05-13T14:56:34+00:00","dateModified":"2025-01-23T14:22:41+00:00","description":"Finden Sie Antworten auf h\u00e4ufige Fragen zur Zertifizierung f\u00fcr das Zewo-G\u00fctesiegel. Erfahren Sie alles \u00fcber den Ablauf und die Voraussetzungen.","breadcrumb":{"@id":"https:\/\/zewo.ch\/de\/der-weg-zum-zewo-guetesiegel\/fragen-und-antworten-zur-zertifizierung\/#breadcrumb"},"inLanguage":"de","potentialAction":[{"@type":"ReadAction","target":["https:\/\/zewo.ch\/de\/der-weg-zum-zewo-guetesiegel\/fragen-und-antworten-zur-zertifizierung\/"]}]},{"@type":"ImageObject","inLanguage":"de","@id":"https:\/\/zewo.ch\/de\/der-weg-zum-zewo-guetesiegel\/fragen-und-antworten-zur-zertifizierung\/#primaryimage","url":"https:\/\/zewo.ch\/wp-content\/uploads\/2019\/11\/shutterstock_1463233415_2_WP.jpg","contentUrl":"https:\/\/zewo.ch\/wp-content\/uploads\/2019\/11\/shutterstock_1463233415_2_WP.jpg","width":2200,"height":440,"caption":"Header Pr\u00fcfung beantragen"},{"@type":"BreadcrumbList","@id":"https:\/\/zewo.ch\/de\/der-weg-zum-zewo-guetesiegel\/fragen-und-antworten-zur-zertifizierung\/#breadcrumb","itemListElement":[{"@type":"ListItem","position":1,"name":"Home","item":"https:\/\/zewo.ch\/de\/"},{"@type":"ListItem","position":2,"name":"Der Weg zum Zewo-G\u00fctesiegel","item":"https:\/\/zewo.ch\/de\/der-weg-zum-zewo-guetesiegel\/"},{"@type":"ListItem","position":3,"name":"Fragen und Antworten zur Zertifizierung"}]},{"@type":"WebSite","@id":"https:\/\/zewo.ch\/de\/#website","url":"https:\/\/zewo.ch\/de\/","name":"Zewo","description":"Ihre Spende in guten H\u00e4nden.","publisher":{"@id":"https:\/\/zewo.ch\/de\/#organization"},"potentialAction":[{"@type":"SearchAction","target":{"@type":"EntryPoint","urlTemplate":"https:\/\/zewo.ch\/de\/?s={search_term_string}"},"query-input":{"@type":"PropertyValueSpecification","valueRequired":true,"valueName":"search_term_string"}}],"inLanguage":"de"},{"@type":"Organization","@id":"https:\/\/zewo.ch\/de\/#organization","name":"Stiftung Zewo","url":"https:\/\/zewo.ch\/de\/","logo":{"@type":"ImageObject","inLanguage":"de","@id":"https:\/\/zewo.ch\/de\/#\/schema\/logo\/image\/","url":"https:\/\/zewo.ch\/wp-content\/uploads\/2019\/08\/Zewo_Logo_Claim_D.svg","contentUrl":"https:\/\/zewo.ch\/wp-content\/uploads\/2019\/08\/Zewo_Logo_Claim_D.svg","width":1,"height":1,"caption":"Stiftung Zewo"},"image":{"@id":"https:\/\/zewo.ch\/de\/#\/schema\/logo\/image\/"},"sameAs":["https:\/\/www.facebook.com\/Stiftung.ZEWO\/","https:\/\/x.com\/stiftung_zewo","https:\/\/www.linkedin.com\/company\/stiftung-zewo","https:\/\/www.youtube.com\/channel\/UCzjsVJro12OXcvvx1LQP8tw","https:\/\/de.wikipedia.org\/wiki\/Zewo"]}]}},"publishpress_future_action":{"enabled":false,"date":"2026-04-21 18:56:03","action":"change-status","newStatus":"draft","terms":[],"taxonomy":"translation_priority","extraData":[]},"publishpress_future_workflow_manual_trigger":{"enabledWorkflows":[]},"_links":{"self":[{"href":"https:\/\/zewo.ch\/de\/wp-json\/wp\/v2\/pages\/41089","targetHints":{"allow":["GET"]}}],"collection":[{"href":"https:\/\/zewo.ch\/de\/wp-json\/wp\/v2\/pages"}],"about":[{"href":"https:\/\/zewo.ch\/de\/wp-json\/wp\/v2\/types\/page"}],"author":[{"embeddable":true,"href":"https:\/\/zewo.ch\/de\/wp-json\/wp\/v2\/users\/6"}],"replies":[{"embeddable":true,"href":"https:\/\/zewo.ch\/de\/wp-json\/wp\/v2\/comments?post=41089"}],"version-history":[{"count":34,"href":"https:\/\/zewo.ch\/de\/wp-json\/wp\/v2\/pages\/41089\/revisions"}],"predecessor-version":[{"id":512002,"href":"https:\/\/zewo.ch\/de\/wp-json\/wp\/v2\/pages\/41089\/revisions\/512002"}],"up":[{"embeddable":true,"href":"https:\/\/zewo.ch\/de\/wp-json\/wp\/v2\/pages\/20210"}],"wp:featuredmedia":[{"embeddable":true,"href":"https:\/\/zewo.ch\/de\/wp-json\/wp\/v2\/media\/666062"}],"wp:attachment":[{"href":"https:\/\/zewo.ch\/de\/wp-json\/wp\/v2\/media?parent=41089"}],"wp:term":[{"taxonomy":"folder","embeddable":true,"href":"https:\/\/zewo.ch\/de\/wp-json\/wp\/v2\/folder?post=41089"}],"curies":[{"name":"wp","href":"https:\/\/api.w.org\/{rel}","templated":true}]}}