{"id":41052,"date":"2019-05-13T15:46:28","date_gmt":"2019-05-13T13:46:28","guid":{"rendered":"https:\/\/www.zewo.ch\/?page_id=41052"},"modified":"2019-11-15T14:53:16","modified_gmt":"2019-11-15T13:53:16","slug":"guetesiegel-behalten","status":"publish","type":"page","link":"https:\/\/zewo.ch\/de\/der-weg-zum-zewo-guetesiegel\/guetesiegel-behalten\/","title":{"rendered":"G\u00fctesiegel behalten"},"content":{"rendered":"\n<h2 class=\"wp-block-heading\">Kontrollen bestehen<\/h2>\n\n\n\n<p><strong>Die Zewo hat ein Auge darauf, dass zertifizierte NPO die Zewo-Standards einhalten. Zeigen die Kontrollen, dass eine NPO die 21 Zewo-Standards verletzt, hat dies Konsequenzen.<\/strong> <\/p>\n\n\n\n<p>Alle f\u00fcnf Jahre durchlaufen zertifizierte NPO turnusgem\u00e4ss eine umfassende Pr\u00fcfung zur Rezertifizierung. Sollte die Pr\u00fcfung zeigen, dass eine NPO die Zewo-Standards nicht mehr vollumf\u00e4nglich erf\u00fcllt, erneuert der Zewo-Stiftungsrat das G\u00fctesiegel unter Auflagen. Die NPO muss die Auflage fristgerecht erf\u00fcllen. <\/p>\n\n\n\n<h3 class=\"wp-block-heading\" id=\"1\">Kontrolle von Auflagen<\/h3>\n\n\n\n<p>Die Zewo kontrolliert, ob NPO, die das Zewo-G\u00fctesiegel unter Auflagen erhalten haben, diese innert der gesetzten Fristen umsetzen. Stellt sie fest, dass dies nicht der Fall ist, leitet die Zewo den Entzug des G\u00fctesiegels ein. Die NPO kann in diesem Fall fr\u00fchestens zwei Jahre nach dem Entzug eine erneute Pr\u00fcfung beantragen. <\/p>\n\n\n\n<h3 class=\"wp-block-heading\" id=\"2\">Hinweise und Beschwerden kl\u00e4ren<\/h3>\n\n\n\n<p>Erh\u00e4lt die Zewo Hinweise oder Beschwerden zu einer zertifizierten NPO, kl\u00e4rt sie ab, ob diese die Zewo-Standards betreffen. In begr\u00fcndeten F\u00e4llen holt sie eine Stellungnahme der NPO ein. Besteht Verdacht auf massive Abweichungen von den Zewo-Standards, kann die Zewo eine vorzeitige Sonderpr\u00fcfung einleiten.<\/p>\n\n\n\n<h3 class=\"wp-block-heading\" id=\"3\">Mitwirkungspflicht wahrnehmen<\/h3>\n\n\n\n<p>Zertifizierte NPO m\u00fcssen bei der Zewo jedes Jahr ihren Jahresbericht, die Jahresrechnung und den Revisionsbericht einreichen. Sie sind zudem verpflichtet, die Zewo unaufgefordert \u00fcber grundlegende interne Ver\u00e4nderungen zu informieren. In besonderen F\u00e4llen kann die Zewo vorzeitig \u00fcberpr\u00fcfen, ob eine NPO die Zewo-Standards noch einh\u00e4lt. Zertifizierte NPO m\u00fcssen ihr jederzeit Einblick gew\u00e4hren.<\/p>\n\n\n\n<div class=\"wp-block-cgb-block-zewo-block-columns-container container bg-color-light-gray\"><div class=\"grid-x grid-margin-x\" data-columns=\"2\">\n<div class=\"cell small-12 medium-6\"><div class=\"wp-block-cgb-block-zewo-block-image-teaser ab-block-cta bg-color-secondary\"><div class=\"ab-cta-image-wrap bg-color-secondary\"><img decoding=\"async\" class=\"ab-cta-image\" src=\"https:\/\/zewo.ch\/wp-content\/uploads\/2019\/10\/frau-am-bildschirm-1.png\" alt=\"Finden Sie heraus, ob sich Ihre NPO pr\u00fcfen lassen kann.\"\/><\/div><div class=\"ab-cta-content\"><h2 class=\"ab-cta-title\">Kann sich Ihre NPO pr\u00fcfen lassen?<\/h2><\/div><div class=\"ab-cta-button\"><a href=\"\/de\/der-weg-zum-zewo-guetesiegel\/eignungstest\/\" target=\"_self\" rel=\"noopener noreferrer\" class=\"button primary button-teaser\"><span class=\"button-arrow\"><\/span>Eignungstest machen<\/a><\/div><a href=\"\/de\/der-weg-zum-zewo-guetesiegel\/eignungstest\/\" target=\"_self\" rel=\"noopener noreferrer\" class=\"button-teaser--is-full\"><\/a><\/div><\/div>\n\n\n\n<div class=\"wp-block-columns is-layout-flex wp-container-core-columns-is-layout-9d6595d7 wp-block-columns-is-layout-flex\">\n<div class=\"wp-block-column is-layout-flow wp-block-column-is-layout-flow\" style=\"flex-basis:100%\">\n<div class=\"wp-block-columns is-layout-flex wp-container-core-columns-is-layout-9d6595d7 wp-block-columns-is-layout-flex\">\n<div class=\"wp-block-column is-layout-flow wp-block-column-is-layout-flow\" style=\"flex-basis:100%\">\n<div class=\"wp-block-group is-nowrap is-layout-flex wp-container-core-group-is-layout-ad2f72ca wp-block-group-is-layout-flex\">\n<div class=\"cell small-12 medium-6\"><div class=\"wp-block-cgb-block-zewo-block-image-teaser ab-block-cta bg-color-secondary\"><div class=\"ab-cta-image-wrap bg-color-secondary\"><img decoding=\"async\" class=\"ab-cta-image\" src=\"https:\/\/zewo.ch\/wp-content\/uploads\/2019\/05\/21-zewo-standards-1.png\" alt=\"Die 21 Zewo-Standards f\u00fcr Spenden sammelnde NPO\"\/><\/div><div class=\"ab-cta-content\"><h2 class=\"ab-cta-title\">Die 21 Zewo-Standards<\/h2><\/div><div class=\"ab-cta-button\"><a href=\"\/de\/die-21-zewo-standards\/\" target=\"_self\" rel=\"noopener noreferrer\" class=\"button primary button-teaser\"><span class=\"button-arrow\"><\/span>Mehr erfahren<\/a><\/div><a href=\"\/de\/die-21-zewo-standards\/\" target=\"_self\" rel=\"noopener noreferrer\" class=\"button-teaser--is-full\"><\/a><\/div><\/div>\n<\/div>\n<\/div>\n<\/div>\n<\/div>\n<\/div>\n\n\n\n<div class=\"wp-block-columns is-layout-flex wp-container-core-columns-is-layout-9d6595d7 wp-block-columns-is-layout-flex\">\n<div class=\"wp-block-column is-layout-flow wp-block-column-is-layout-flow\" style=\"flex-basis:100%\"><\/div>\n<\/div>\n<\/div><\/div>\n","protected":false},"excerpt":{"rendered":"<p>Kontrollen bestehen Die Zewo hat ein Auge darauf, dass zertifizierte NPO die Zewo-Standards einhalten. Zeigen die Kontrollen, dass eine NPO die 21 Zewo-Standards verletzt, hat dies Konsequenzen. Alle f\u00fcnf Jahre durchlaufen zertifizierte NPO turnusgem\u00e4ss eine umfassende Pr\u00fcfung zur Rezertifizierung. Sollte die Pr\u00fcfung zeigen, dass eine NPO die Zewo-Standards nicht mehr vollumf\u00e4nglich erf\u00fcllt, erneuert der Zewo-Stiftungsrat [&hellip;]<\/p>\n","protected":false},"author":6,"featured_media":666062,"parent":20210,"menu_order":14,"comment_status":"closed","ping_status":"closed","template":"","meta":{"_acf_changed":false,"footnotes":""},"folder":[6639],"class_list":["post-41052","page","type-page","status-publish","has-post-thumbnail","hentry"],"acf":[],"yoast_head":"<!-- This site is optimized with the Yoast SEO Premium plugin v26.0 (Yoast SEO v26.0) - https:\/\/yoast.com\/wordpress\/plugins\/seo\/ -->\n<title>Zewo<\/title>\n<meta name=\"description\" content=\"Jahreskontrollen und Rezertifizierung werden durchgef\u00fchrt. Verst\u00f6sse gegen die Zewo-Standards und den G\u00fctesiegel-Entzug vermeiden.\" \/>\n<meta name=\"robots\" content=\"index, follow, max-snippet:-1, max-image-preview:large, max-video-preview:-1\" \/>\n<link rel=\"canonical\" href=\"https:\/\/zewo.ch\/de\/der-weg-zum-zewo-guetesiegel\/guetesiegel-behalten\/\" \/>\n<meta property=\"og:locale\" content=\"de_DE\" \/>\n<meta property=\"og:type\" content=\"article\" \/>\n<meta property=\"og:description\" content=\"Jahreskontrollen und Rezertifizierung werden durchgef\u00fchrt. Verst\u00f6sse gegen die Zewo-Standards und den G\u00fctesiegel-Entzug vermeiden.\" \/>\n<meta property=\"og:url\" content=\"https:\/\/zewo.ch\/de\/der-weg-zum-zewo-guetesiegel\/guetesiegel-behalten\/\" \/>\n<meta property=\"og:site_name\" content=\"Zewo\" \/>\n<meta property=\"article:publisher\" content=\"https:\/\/www.facebook.com\/Stiftung.ZEWO\/\" \/>\n<meta property=\"article:modified_time\" content=\"2019-11-15T13:53:16+00:00\" \/>\n<meta property=\"og:image\" content=\"https:\/\/zewo.ch\/wp-content\/uploads\/2019\/11\/shutterstock_1463233415_2_WP.jpg\" \/>\n\t<meta property=\"og:image:width\" content=\"2200\" \/>\n\t<meta property=\"og:image:height\" content=\"440\" \/>\n\t<meta property=\"og:image:type\" content=\"image\/jpeg\" \/>\n<meta name=\"twitter:card\" content=\"summary_large_image\" \/>\n<meta name=\"twitter:site\" content=\"@stiftung_zewo\" \/>\n<meta name=\"twitter:label1\" content=\"Gesch\u00e4tzte Lesezeit\" \/>\n\t<meta name=\"twitter:data1\" content=\"1\u00a0Minute\" \/>\n<script type=\"application\/ld+json\" class=\"yoast-schema-graph\">{\"@context\":\"https:\/\/schema.org\",\"@graph\":[{\"@type\":\"WebPage\",\"@id\":\"https:\/\/zewo.ch\/de\/der-weg-zum-zewo-guetesiegel\/guetesiegel-behalten\/#webpage\",\"url\":\"https:\/\/zewo.ch\/de\/der-weg-zum-zewo-guetesiegel\/guetesiegel-behalten\/#webpage\",\"name\":\"\",\"isPartOf\":{\"@id\":\"https:\/\/zewo.ch\/de\/#website\"},\"primaryImageOfPage\":{\"@id\":\"https:\/\/zewo.ch\/de\/der-weg-zum-zewo-guetesiegel\/guetesiegel-behalten\/#primaryimage\"},\"image\":{\"@id\":\"https:\/\/zewo.ch\/de\/der-weg-zum-zewo-guetesiegel\/guetesiegel-behalten\/#primaryimage\"},\"thumbnailUrl\":\"https:\/\/zewo.ch\/wp-content\/uploads\/2019\/11\/shutterstock_1463233415_2_WP.jpg\",\"datePublished\":\"2019-05-13T13:46:28+00:00\",\"dateModified\":\"2019-11-15T13:53:16+00:00\",\"description\":\"Jahreskontrollen und Rezertifizierung werden durchgef\u00fchrt. Verst\u00f6sse gegen die Zewo-Standards und den G\u00fctesiegel-Entzug vermeiden.\",\"breadcrumb\":{\"@id\":\"https:\/\/zewo.ch\/de\/der-weg-zum-zewo-guetesiegel\/guetesiegel-behalten\/#breadcrumb\"},\"inLanguage\":\"de\",\"potentialAction\":[{\"@type\":\"ReadAction\",\"target\":[\"https:\/\/zewo.ch\/de\/der-weg-zum-zewo-guetesiegel\/guetesiegel-behalten\/\"]}]},{\"@type\":\"ImageObject\",\"inLanguage\":\"de\",\"@id\":\"https:\/\/zewo.ch\/de\/der-weg-zum-zewo-guetesiegel\/guetesiegel-behalten\/#primaryimage\",\"url\":\"https:\/\/zewo.ch\/wp-content\/uploads\/2019\/11\/shutterstock_1463233415_2_WP.jpg\",\"contentUrl\":\"https:\/\/zewo.ch\/wp-content\/uploads\/2019\/11\/shutterstock_1463233415_2_WP.jpg\",\"width\":2200,\"height\":440,\"caption\":\"Header Pr\u00fcfung beantragen\"},{\"@type\":\"BreadcrumbList\",\"@id\":\"https:\/\/zewo.ch\/de\/der-weg-zum-zewo-guetesiegel\/guetesiegel-behalten\/#breadcrumb\",\"itemListElement\":[{\"@type\":\"ListItem\",\"position\":1,\"name\":\"Home\",\"item\":\"https:\/\/zewo.ch\/de\/\"},{\"@type\":\"ListItem\",\"position\":2,\"name\":\"Der Weg zum Zewo-G\u00fctesiegel\",\"item\":\"https:\/\/zewo.ch\/de\/der-weg-zum-zewo-guetesiegel\/\"},{\"@type\":\"ListItem\",\"position\":3,\"name\":\"G\u00fctesiegel behalten\"}]},{\"@type\":\"WebSite\",\"@id\":\"https:\/\/zewo.ch\/de\/#website\",\"url\":\"https:\/\/zewo.ch\/de\/\",\"name\":\"Zewo\",\"description\":\"Ihre Spende in guten H\u00e4nden.\",\"publisher\":{\"@id\":\"https:\/\/zewo.ch\/de\/#organization\"},\"potentialAction\":[{\"@type\":\"SearchAction\",\"target\":{\"@type\":\"EntryPoint\",\"urlTemplate\":\"https:\/\/zewo.ch\/de\/?s={search_term_string}\"},\"query-input\":{\"@type\":\"PropertyValueSpecification\",\"valueRequired\":true,\"valueName\":\"search_term_string\"}}],\"inLanguage\":\"de\"},{\"@type\":\"Organization\",\"@id\":\"https:\/\/zewo.ch\/de\/#organization\",\"name\":\"Stiftung Zewo\",\"url\":\"https:\/\/zewo.ch\/de\/\",\"logo\":{\"@type\":\"ImageObject\",\"inLanguage\":\"de\",\"@id\":\"https:\/\/zewo.ch\/de\/#\/schema\/logo\/image\/\",\"url\":\"https:\/\/zewo.ch\/wp-content\/uploads\/2019\/08\/Zewo_Logo_Claim_D.svg\",\"contentUrl\":\"https:\/\/zewo.ch\/wp-content\/uploads\/2019\/08\/Zewo_Logo_Claim_D.svg\",\"width\":1,\"height\":1,\"caption\":\"Stiftung Zewo\"},\"image\":{\"@id\":\"https:\/\/zewo.ch\/de\/#\/schema\/logo\/image\/\"},\"sameAs\":[\"https:\/\/www.facebook.com\/Stiftung.ZEWO\/\",\"https:\/\/x.com\/stiftung_zewo\",\"https:\/\/www.linkedin.com\/company\/stiftung-zewo\",\"https:\/\/www.youtube.com\/channel\/UCzjsVJro12OXcvvx1LQP8tw\",\"https:\/\/de.wikipedia.org\/wiki\/Zewo\"]}]}<\/script>\n<!-- \/ Yoast SEO Premium plugin. -->","yoast_head_json":{"title":"Zewo","description":"Jahreskontrollen und Rezertifizierung werden durchgef\u00fchrt. Verst\u00f6sse gegen die Zewo-Standards und den G\u00fctesiegel-Entzug vermeiden.","robots":{"index":"index","follow":"follow","max-snippet":"max-snippet:-1","max-image-preview":"max-image-preview:large","max-video-preview":"max-video-preview:-1"},"canonical":"https:\/\/zewo.ch\/de\/der-weg-zum-zewo-guetesiegel\/guetesiegel-behalten\/","og_locale":"de_DE","og_type":"article","og_description":"Jahreskontrollen und Rezertifizierung werden durchgef\u00fchrt. Verst\u00f6sse gegen die Zewo-Standards und den G\u00fctesiegel-Entzug vermeiden.","og_url":"https:\/\/zewo.ch\/de\/der-weg-zum-zewo-guetesiegel\/guetesiegel-behalten\/","og_site_name":"Zewo","article_publisher":"https:\/\/www.facebook.com\/Stiftung.ZEWO\/","article_modified_time":"2019-11-15T13:53:16+00:00","og_image":[{"width":2200,"height":440,"url":"https:\/\/zewo.ch\/wp-content\/uploads\/2019\/11\/shutterstock_1463233415_2_WP.jpg","type":"image\/jpeg"}],"twitter_card":"summary_large_image","twitter_site":"@stiftung_zewo","twitter_misc":{"Gesch\u00e4tzte Lesezeit":"1\u00a0Minute"},"schema":{"@context":"https:\/\/schema.org","@graph":[{"@type":"WebPage","@id":"https:\/\/zewo.ch\/de\/der-weg-zum-zewo-guetesiegel\/guetesiegel-behalten\/#webpage","url":"https:\/\/zewo.ch\/de\/der-weg-zum-zewo-guetesiegel\/guetesiegel-behalten\/#webpage","name":"","isPartOf":{"@id":"https:\/\/zewo.ch\/de\/#website"},"primaryImageOfPage":{"@id":"https:\/\/zewo.ch\/de\/der-weg-zum-zewo-guetesiegel\/guetesiegel-behalten\/#primaryimage"},"image":{"@id":"https:\/\/zewo.ch\/de\/der-weg-zum-zewo-guetesiegel\/guetesiegel-behalten\/#primaryimage"},"thumbnailUrl":"https:\/\/zewo.ch\/wp-content\/uploads\/2019\/11\/shutterstock_1463233415_2_WP.jpg","datePublished":"2019-05-13T13:46:28+00:00","dateModified":"2019-11-15T13:53:16+00:00","description":"Jahreskontrollen und Rezertifizierung werden durchgef\u00fchrt. Verst\u00f6sse gegen die Zewo-Standards und den G\u00fctesiegel-Entzug vermeiden.","breadcrumb":{"@id":"https:\/\/zewo.ch\/de\/der-weg-zum-zewo-guetesiegel\/guetesiegel-behalten\/#breadcrumb"},"inLanguage":"de","potentialAction":[{"@type":"ReadAction","target":["https:\/\/zewo.ch\/de\/der-weg-zum-zewo-guetesiegel\/guetesiegel-behalten\/"]}]},{"@type":"ImageObject","inLanguage":"de","@id":"https:\/\/zewo.ch\/de\/der-weg-zum-zewo-guetesiegel\/guetesiegel-behalten\/#primaryimage","url":"https:\/\/zewo.ch\/wp-content\/uploads\/2019\/11\/shutterstock_1463233415_2_WP.jpg","contentUrl":"https:\/\/zewo.ch\/wp-content\/uploads\/2019\/11\/shutterstock_1463233415_2_WP.jpg","width":2200,"height":440,"caption":"Header Pr\u00fcfung beantragen"},{"@type":"BreadcrumbList","@id":"https:\/\/zewo.ch\/de\/der-weg-zum-zewo-guetesiegel\/guetesiegel-behalten\/#breadcrumb","itemListElement":[{"@type":"ListItem","position":1,"name":"Home","item":"https:\/\/zewo.ch\/de\/"},{"@type":"ListItem","position":2,"name":"Der Weg zum Zewo-G\u00fctesiegel","item":"https:\/\/zewo.ch\/de\/der-weg-zum-zewo-guetesiegel\/"},{"@type":"ListItem","position":3,"name":"G\u00fctesiegel behalten"}]},{"@type":"WebSite","@id":"https:\/\/zewo.ch\/de\/#website","url":"https:\/\/zewo.ch\/de\/","name":"Zewo","description":"Ihre Spende in guten H\u00e4nden.","publisher":{"@id":"https:\/\/zewo.ch\/de\/#organization"},"potentialAction":[{"@type":"SearchAction","target":{"@type":"EntryPoint","urlTemplate":"https:\/\/zewo.ch\/de\/?s={search_term_string}"},"query-input":{"@type":"PropertyValueSpecification","valueRequired":true,"valueName":"search_term_string"}}],"inLanguage":"de"},{"@type":"Organization","@id":"https:\/\/zewo.ch\/de\/#organization","name":"Stiftung Zewo","url":"https:\/\/zewo.ch\/de\/","logo":{"@type":"ImageObject","inLanguage":"de","@id":"https:\/\/zewo.ch\/de\/#\/schema\/logo\/image\/","url":"https:\/\/zewo.ch\/wp-content\/uploads\/2019\/08\/Zewo_Logo_Claim_D.svg","contentUrl":"https:\/\/zewo.ch\/wp-content\/uploads\/2019\/08\/Zewo_Logo_Claim_D.svg","width":1,"height":1,"caption":"Stiftung Zewo"},"image":{"@id":"https:\/\/zewo.ch\/de\/#\/schema\/logo\/image\/"},"sameAs":["https:\/\/www.facebook.com\/Stiftung.ZEWO\/","https:\/\/x.com\/stiftung_zewo","https:\/\/www.linkedin.com\/company\/stiftung-zewo","https:\/\/www.youtube.com\/channel\/UCzjsVJro12OXcvvx1LQP8tw","https:\/\/de.wikipedia.org\/wiki\/Zewo"]}]}},"publishpress_future_action":{"enabled":false,"date":"2026-04-21 18:55:05","action":"change-status","newStatus":"draft","terms":[],"taxonomy":"translation_priority","extraData":[]},"publishpress_future_workflow_manual_trigger":{"enabledWorkflows":[]},"_links":{"self":[{"href":"https:\/\/zewo.ch\/de\/wp-json\/wp\/v2\/pages\/41052","targetHints":{"allow":["GET"]}}],"collection":[{"href":"https:\/\/zewo.ch\/de\/wp-json\/wp\/v2\/pages"}],"about":[{"href":"https:\/\/zewo.ch\/de\/wp-json\/wp\/v2\/types\/page"}],"author":[{"embeddable":true,"href":"https:\/\/zewo.ch\/de\/wp-json\/wp\/v2\/users\/6"}],"replies":[{"embeddable":true,"href":"https:\/\/zewo.ch\/de\/wp-json\/wp\/v2\/comments?post=41052"}],"version-history":[{"count":20,"href":"https:\/\/zewo.ch\/de\/wp-json\/wp\/v2\/pages\/41052\/revisions"}],"predecessor-version":[{"id":512301,"href":"https:\/\/zewo.ch\/de\/wp-json\/wp\/v2\/pages\/41052\/revisions\/512301"}],"up":[{"embeddable":true,"href":"https:\/\/zewo.ch\/de\/wp-json\/wp\/v2\/pages\/20210"}],"wp:featuredmedia":[{"embeddable":true,"href":"https:\/\/zewo.ch\/de\/wp-json\/wp\/v2\/media\/666062"}],"wp:attachment":[{"href":"https:\/\/zewo.ch\/de\/wp-json\/wp\/v2\/media?parent=41052"}],"wp:term":[{"taxonomy":"folder","embeddable":true,"href":"https:\/\/zewo.ch\/de\/wp-json\/wp\/v2\/folder?post=41052"}],"curies":[{"name":"wp","href":"https:\/\/api.w.org\/{rel}","templated":true}]}}