{"id":41047,"date":"2019-05-13T15:35:55","date_gmt":"2019-05-13T13:35:55","guid":{"rendered":"https:\/\/www.zewo.ch\/?page_id=41047"},"modified":"2024-08-19T09:43:39","modified_gmt":"2024-08-19T07:43:39","slug":"pruefung-beantragen","status":"publish","type":"page","link":"https:\/\/zewo.ch\/de\/der-weg-zum-zewo-guetesiegel\/pruefung-beantragen\/","title":{"rendered":"Pr\u00fcfung beantragen"},"content":{"rendered":"\n<h2 class=\"wp-block-heading\">G\u00fctesiegel erhalten<\/h2>\n\n\n\n<p><strong>Beantragen Sie hier die Pr\u00fcfung und Zertifizierung durch die Zewo. Ihre NPO hat sich auf die Pr\u00fcfung vorbereitet und Sie sind \u00fcberzeugt, dass sie die 21 Zewo-Standards erf\u00fcllt.  <\/strong><\/p>\n\n\n\n<p>Fordern Sie mit diesem Formular Ihr pers\u00f6nliches Passwort f\u00fcr den Zugang zum Online-Fragebogen an. <\/p>\n\n\n\n<h3 class=\"wp-block-heading\" id=\"1\">Gesuch einreichen<\/h3>\n\n\n\n<div class=\"wpcf7 no-js\" id=\"wpcf7-f503856-o1\" lang=\"de-DE\" dir=\"ltr\" data-wpcf7-id=\"503856\">\n<div class=\"screen-reader-response\"><p role=\"status\" aria-live=\"polite\" aria-atomic=\"true\"><\/p> <ul><\/ul><\/div>\n<form action=\"\/de\/wp-json\/wp\/v2\/pages\/41047#wpcf7-f503856-o1\" method=\"post\" class=\"wpcf7-form init\" name=\"pruefung-beantragen\" aria-label=\"Kontaktformular\" novalidate=\"novalidate\" data-status=\"init\">\n<fieldset class=\"hidden-fields-container\"><input type=\"hidden\" name=\"_wpcf7\" value=\"503856\" \/><input type=\"hidden\" name=\"_wpcf7_version\" value=\"6.1.5\" \/><input type=\"hidden\" name=\"_wpcf7_locale\" value=\"de_DE\" \/><input type=\"hidden\" name=\"_wpcf7_unit_tag\" value=\"wpcf7-f503856-o1\" \/><input type=\"hidden\" name=\"_wpcf7_container_post\" value=\"0\" \/><input type=\"hidden\" name=\"_wpcf7_posted_data_hash\" value=\"\" \/><input type=\"hidden\" name=\"_wpcf7_recaptcha_response\" value=\"\" \/>\n<\/fieldset>\n<div class=\"form-field\">\n\t<p><label> Organisationsname* <\/label><br \/>\n<span class=\"wpcf7-form-control-wrap\" data-name=\"f-company\"><input size=\"40\" maxlength=\"400\" class=\"wpcf7-form-control wpcf7-text wpcf7-validates-as-required\" aria-required=\"true\" aria-invalid=\"false\" value=\"\" type=\"text\" name=\"f-company\" \/><\/span>\n\t<\/p>\n<\/div>\n<div class=\"form-field\">\n\t<p><label> Vor- und Nachname* <\/label><br \/>\n<span class=\"wpcf7-form-control-wrap\" data-name=\"f-name\"><input size=\"40\" maxlength=\"400\" class=\"wpcf7-form-control wpcf7-text wpcf7-validates-as-required\" aria-required=\"true\" aria-invalid=\"false\" value=\"\" type=\"text\" name=\"f-name\" \/><\/span>\n\t<\/p>\n<\/div>\n<div class=\"form-field\">\n\t<p><label> E-Mail* <\/label><br \/>\n<span class=\"wpcf7-form-control-wrap\" data-name=\"f-email\"><input size=\"40\" maxlength=\"400\" class=\"wpcf7-form-control wpcf7-email wpcf7-validates-as-required wpcf7-text wpcf7-validates-as-email\" aria-required=\"true\" aria-invalid=\"false\" value=\"\" type=\"email\" name=\"f-email\" \/><\/span>\n\t<\/p>\n<\/div>\n<div class=\"form-field\">\n\t<p><label> Telefon* <\/label><br \/>\n<span class=\"wpcf7-form-control-wrap\" data-name=\"f-phone\"><input size=\"40\" maxlength=\"400\" class=\"wpcf7-form-control wpcf7-text wpcf7-validates-as-required\" aria-required=\"true\" aria-invalid=\"false\" value=\"\" type=\"text\" name=\"f-phone\" \/><\/span>\n\t<\/p>\n<\/div>\n<div class=\"form-field\">\n\t<p><label> Bemerkung <\/label><br \/>\n<span class=\"wpcf7-form-control-wrap\" data-name=\"f-message\"><textarea cols=\"40\" rows=\"10\" maxlength=\"2000\" class=\"wpcf7-form-control wpcf7-textarea\" aria-invalid=\"false\" name=\"f-message\"><\/textarea><\/span>\n\t<\/p>\n<\/div>\n<p><button id='submit' class='wpcf7-form-control wpcf7-submit button is--transparent'><span class=\"button-arrow\"><\/span>Passwort zur Zertifizierung anfordern<\/button>\n<\/p><div class=\"wpcf7-response-output\" aria-hidden=\"true\"><\/div>\n<\/form>\n<\/div>\n\n\n\n\n<p>F\u00fcllen Sie den Fragebogen sorgf\u00e4ltig aus und laden Sie die erforderlichen Dokumente hoch. Wenn alles fertig ist, drucken Sie den Antrag auf der letzten Seite aus. Unterzeichnen Sie diesen rechtsg\u00fcltig und senden Sie ihn an: Stiftung Zewo, Pfingstweidstrasse 10, 8005 Z\u00fcrich. Sobald die Zewo die vollst\u00e4ndigen Unterlagen erhalten hat, best\u00e4tigt Sie Ihnen schriftlich, dass Ihr Gesuch eingereicht ist und die Pr\u00fcfung beginnt. Sollten grundlegende <a href=\"\/de\/der-weg-zum-zewo-guetesiegel\/eignungstest\/\">Voraussetzungen f\u00fcr eine Zertifizierung<\/a>&nbsp;fehlen, empfiehlt die Zewo Ihrer NPO, zuerst eine&nbsp;<a href=\"\/de\/der-weg-zum-zewo-guetesiegel\/unverbindliche-einschaetzung\/\">Einsch\u00e4tzung<\/a>&nbsp;vornehmen zu lassen.<\/p>\n\n\n\n<h3 class=\"wp-block-heading\" id=\"2\">So l\u00e4uft die Pr\u00fcfung ab<\/h3>\n\n\n\n<p>Die Zewo pr\u00fcft, ob Ihre NPO die 21 Zewo-Standards einh\u00e4lt. Dazu  analysiert sie die eingereichten Unterlagen und besucht Ihre NPO. Sie erhalten einen Pr\u00fcfbericht, der auf allf\u00e4llige Abweichungen in Bezug auf die Zewo-Standards hinweist. Ihre NPO kann dazu Stellung nehmen. Zudem erh\u00e4lt sie die M\u00f6glichkeit, die beanstandeten Punkte innerhalb einer bestimmten Frist zu beheben. <\/p>\n\n\n\n<h3 class=\"wp-block-heading\" id=\"3\">Antrag und Entscheid<\/h3>\n\n\n\n<p>Nur NPO, die die Zewo-Standards erf\u00fcllen, erhalten das Zewo-G\u00fctesiegel. Es steht f\u00fcr vertrauensw\u00fcrdige NPO, die Spenden zweckbestimmt, effizient und wirkungsorientiert einsetzen. <\/p>\n\n\n\n<p>Der Stiftungsrat der Zewo entscheidet auf Antrag der Gesch\u00e4ftsstelle \u00fcber die Verleihung des G\u00fctesiegels. Der Zewo-Stiftungsrat kann das Recht, das G\u00fctesiegel zu f\u00fchren,<\/p>\n\n\n\n<ul class=\"wp-block-list\"><li>unter Auflagen erteilen, die innerhalb einer bestimmten Frist umgesetzt werden m\u00fcssen. Die Zewo kontrolliert deren fristgerechte Umsetzung. <\/li><li>an Empfehlungen kn\u00fcpfen, die auf w\u00fcnschenswerte Verbesserungen hinweisen.<\/li><\/ul>\n\n\n\n<p>Ihre NPO erh\u00e4lt den Entscheid schriftlich. Sollte die Pr\u00fcfung der Zewo ergeben, dass Ihre NPO die&nbsp;Zewo-Standards nicht erf\u00fcllt, beantragt die Gesch\u00e4ftsstelle der Zewo beim Stiftungsrat, das G\u00fctesiegel nicht zu verleihen.  <\/p>\n\n\n\n<p>Das Recht zum Tragen des Zewo-G\u00fctesiegels wird grunds\u00e4tzlich f\u00fcr f\u00fcnf Jahre erteilt.&nbsp;Danach erfolgt&nbsp;eine&nbsp;Pr\u00fcfung zur Erneuerung des G\u00fctesiegels (Rezertifzierung).&nbsp;<\/p>\n\n\n\n<h3 class=\"wp-block-heading\" id=\"4\">Kosten<\/h3>\n\n\n\n<p>Die Kosten f\u00fcr die Pr\u00fcfung richten sich nach dem Aufwand und lassen sich durch eine gute Vorbereitung niedrig halten. Erfahrungsgem\u00e4ss muss eine NPO mit einmaligen Kosten von 3000 bis 5000 Franken rechnen, um das G\u00fctesiegel zu erhalten. Um es nach f\u00fcnf Jahren zu erneuern, kostet die Pr\u00fcfung im Normalfall zwischen 2500 und 3500 Franken. <\/p>\n\n\n\n<ul class=\"wp-block-list\"><li>Kleine NPO, die weniger als 750&#8217;000 Franken einnehmen, bezahlen eine Minimalpauschale von 500 Franken pro Jahr. <br><\/li><li>F\u00fcr regionale Sektionen von Mutterorganisationen gilt unabh\u00e4ngig von ihrer Gr\u00f6sse eine Pauschale von 300 Franken pro Jahr.<\/li><\/ul>\n\n\n\n<ul class=\"wp-block-list\"><li>F\u00fcr sehr grosse NPO, die mehr als 38 Millionen Franken pro Jahr einnehmen, betr\u00e4gt die Maximalpauschale 13&#8217;000 Franken pro Jahr. <br><\/li><li>F\u00fcr die sonstigen NPO betr\u00e4gt die Jahresgeb\u00fchr 1\/3 Promille ihrer Gesamteinnahmen, bei Heimen 1\/8 Promille ihrer Gesamteinnahmen.<\/li><\/ul>\n\n\n\n<p>Alles in allem m\u00fcssen kleine NPO f\u00fcr eine Zewo-Zertifizierung im 10-Jahres-Durchschnitt rund 1300 Franken pro Jahr budgetieren. <\/p>\n\n\n\n<h3 class=\"wp-block-heading\" id=\"5\">Diese Reglemente gelten<\/h3>\n\n\n\n<ul class=\"list-icons wp-block-list\"><li><a aria-label=\"21 Standards\u2028 (\u00f6ffnet in neuem Tab)\" rel=\"noreferrer noopener\" href=\"\/de\/21-zewo-standards\/\" target=\"_blank\">21 Standards<\/a><\/li><li><a href=\"\/de\/gebuehrenreglement-zewo\/\">Geb\u00fchrenreglement<\/a><\/li><li><a href=\"\/de\/reglement-zewo-guetesiegel-d-2021\/\" target=\"_blank\" rel=\"noreferrer noopener\">Reglement zum Zewo-G\u00fctesiegel<\/a><\/li><\/ul>\n\n\n\n<div class=\"wp-block-cgb-block-zewo-block-columns-container container bg-color-light-gray\"><div class=\"grid-x grid-margin-x\" data-columns=\"2\">\n<div class=\"cell small-12 medium-6\"><div class=\"wp-block-cgb-block-zewo-block-image-teaser ab-block-cta bg-color-secondary\"><div class=\"ab-cta-image-wrap bg-color-secondary\"><img decoding=\"async\" class=\"ab-cta-image\" src=\"https:\/\/zewo.ch\/wp-content\/uploads\/2019\/10\/frau-am-bildschirm-1.png\" alt=\"Finden Sie heraus, ob sich Ihre NPO pr\u00fcfen lassen kann.\"\/><\/div><div class=\"ab-cta-content\"><h2 class=\"ab-cta-title\">Kann sich Ihre NPO pr\u00fcfen lassen?<\/h2><\/div><div class=\"ab-cta-button\"><a href=\"\/de\/der-weg-zum-zewo-guetesiegel\/eignungstest\/\" target=\"_self\" rel=\"noopener noreferrer\" class=\"button primary button-teaser\"><span class=\"button-arrow\"><\/span>Eignungstest machen<\/a><\/div><a href=\"\/de\/der-weg-zum-zewo-guetesiegel\/eignungstest\/\" target=\"_self\" rel=\"noopener noreferrer\" class=\"button-teaser--is-full\"><\/a><\/div><\/div>\n\n\n<\/div><\/div>\n","protected":false},"excerpt":{"rendered":"<p>G\u00fctesiegel erhalten Beantragen Sie hier die Pr\u00fcfung und Zertifizierung durch die Zewo. Ihre NPO hat sich auf die Pr\u00fcfung vorbereitet und Sie sind \u00fcberzeugt, dass sie die 21 Zewo-Standards erf\u00fcllt. Fordern Sie mit diesem Formular Ihr pers\u00f6nliches Passwort f\u00fcr den Zugang zum Online-Fragebogen an. Gesuch einreichen F\u00fcllen Sie den Fragebogen sorgf\u00e4ltig aus und laden Sie [&hellip;]<\/p>\n","protected":false},"author":6,"featured_media":666062,"parent":20210,"menu_order":13,"comment_status":"closed","ping_status":"closed","template":"","meta":{"_acf_changed":false,"footnotes":""},"folder":[6639],"class_list":["post-41047","page","type-page","status-publish","has-post-thumbnail","hentry"],"acf":[],"yoast_head":"<!-- This site is optimized with the Yoast SEO Premium plugin v27.5 (Yoast SEO v27.5) - https:\/\/yoast.com\/product\/yoast-seo-premium-wordpress\/ -->\n<title>Zewo<\/title>\n<meta name=\"description\" content=\"Sie m\u00f6chten die vollst\u00e4ndige Pr\u00fcfung beantragen? Hier k\u00f6nnen Sie alle n\u00f6tigen Informationen und das Gesuchformular herunterladen.\" \/>\n<meta name=\"robots\" content=\"index, follow, max-snippet:-1, max-image-preview:large, max-video-preview:-1\" \/>\n<link rel=\"canonical\" href=\"https:\/\/zewo.ch\/de\/der-weg-zum-zewo-guetesiegel\/pruefung-beantragen\/\" \/>\n<meta property=\"og:locale\" content=\"de_DE\" \/>\n<meta property=\"og:type\" content=\"article\" \/>\n<meta property=\"og:description\" content=\"Sie m\u00f6chten die vollst\u00e4ndige Pr\u00fcfung beantragen? Hier k\u00f6nnen Sie alle n\u00f6tigen Informationen und das Gesuchformular herunterladen.\" \/>\n<meta property=\"og:url\" content=\"https:\/\/zewo.ch\/de\/der-weg-zum-zewo-guetesiegel\/pruefung-beantragen\/\" \/>\n<meta property=\"og:site_name\" content=\"Zewo\" \/>\n<meta property=\"article:publisher\" content=\"https:\/\/www.facebook.com\/Stiftung.ZEWO\/\" \/>\n<meta property=\"article:modified_time\" content=\"2024-08-19T07:43:39+00:00\" \/>\n<meta property=\"og:image\" content=\"https:\/\/zewo.ch\/wp-content\/uploads\/2019\/11\/shutterstock_1463233415_2_WP.jpg\" \/>\n\t<meta property=\"og:image:width\" content=\"2200\" \/>\n\t<meta property=\"og:image:height\" content=\"440\" \/>\n\t<meta property=\"og:image:type\" content=\"image\/jpeg\" \/>\n<meta name=\"twitter:card\" content=\"summary_large_image\" \/>\n<meta name=\"twitter:site\" content=\"@stiftung_zewo\" \/>\n<meta name=\"twitter:label1\" content=\"Gesch\u00e4tzte Lesezeit\" \/>\n\t<meta name=\"twitter:data1\" content=\"9\u00a0Minuten\" \/>\n<script type=\"application\/ld+json\" class=\"yoast-schema-graph\">{\"@context\":\"https:\\\/\\\/schema.org\",\"@graph\":[{\"@type\":\"WebPage\",\"@id\":\"https:\\\/\\\/zewo.ch\\\/de\\\/der-weg-zum-zewo-guetesiegel\\\/pruefung-beantragen\\\/#webpage\",\"url\":\"https:\\\/\\\/zewo.ch\\\/de\\\/der-weg-zum-zewo-guetesiegel\\\/pruefung-beantragen\\\/#webpage\",\"name\":\"\",\"isPartOf\":{\"@id\":\"https:\\\/\\\/zewo.ch\\\/de\\\/#website\"},\"primaryImageOfPage\":{\"@id\":\"https:\\\/\\\/zewo.ch\\\/de\\\/der-weg-zum-zewo-guetesiegel\\\/pruefung-beantragen\\\/#primaryimage\"},\"image\":{\"@id\":\"https:\\\/\\\/zewo.ch\\\/de\\\/der-weg-zum-zewo-guetesiegel\\\/pruefung-beantragen\\\/#primaryimage\"},\"thumbnailUrl\":\"https:\\\/\\\/zewo.ch\\\/wp-content\\\/uploads\\\/2019\\\/11\\\/shutterstock_1463233415_2_WP.jpg\",\"datePublished\":\"2019-05-13T13:35:55+00:00\",\"dateModified\":\"2024-08-19T07:43:39+00:00\",\"description\":\"Sie m\u00f6chten die vollst\u00e4ndige Pr\u00fcfung beantragen? Hier k\u00f6nnen Sie alle n\u00f6tigen Informationen und das Gesuchformular herunterladen.\",\"breadcrumb\":{\"@id\":\"https:\\\/\\\/zewo.ch\\\/de\\\/der-weg-zum-zewo-guetesiegel\\\/pruefung-beantragen\\\/#breadcrumb\"},\"inLanguage\":\"de\",\"potentialAction\":[{\"@type\":\"ReadAction\",\"target\":[\"https:\\\/\\\/zewo.ch\\\/de\\\/der-weg-zum-zewo-guetesiegel\\\/pruefung-beantragen\\\/\"]}]},{\"@type\":\"ImageObject\",\"inLanguage\":\"de\",\"@id\":\"https:\\\/\\\/zewo.ch\\\/de\\\/der-weg-zum-zewo-guetesiegel\\\/pruefung-beantragen\\\/#primaryimage\",\"url\":\"https:\\\/\\\/zewo.ch\\\/wp-content\\\/uploads\\\/2019\\\/11\\\/shutterstock_1463233415_2_WP.jpg\",\"contentUrl\":\"https:\\\/\\\/zewo.ch\\\/wp-content\\\/uploads\\\/2019\\\/11\\\/shutterstock_1463233415_2_WP.jpg\",\"width\":2200,\"height\":440,\"caption\":\"Header Pr\u00fcfung beantragen\"},{\"@type\":\"BreadcrumbList\",\"@id\":\"https:\\\/\\\/zewo.ch\\\/de\\\/der-weg-zum-zewo-guetesiegel\\\/pruefung-beantragen\\\/#breadcrumb\",\"itemListElement\":[{\"@type\":\"ListItem\",\"position\":1,\"name\":\"Home\",\"item\":\"https:\\\/\\\/zewo.ch\\\/de\\\/\"},{\"@type\":\"ListItem\",\"position\":2,\"name\":\"Der Weg zum Zewo-G\u00fctesiegel\",\"item\":\"https:\\\/\\\/zewo.ch\\\/de\\\/der-weg-zum-zewo-guetesiegel\\\/\"},{\"@type\":\"ListItem\",\"position\":3,\"name\":\"Pr\u00fcfung beantragen\"}]},{\"@type\":\"WebSite\",\"@id\":\"https:\\\/\\\/zewo.ch\\\/de\\\/#website\",\"url\":\"https:\\\/\\\/zewo.ch\\\/de\\\/\",\"name\":\"Zewo\",\"description\":\"Ihre Spende in guten H\u00e4nden.\",\"publisher\":{\"@id\":\"https:\\\/\\\/zewo.ch\\\/de\\\/#organization\"},\"potentialAction\":[{\"@type\":\"SearchAction\",\"target\":{\"@type\":\"EntryPoint\",\"urlTemplate\":\"https:\\\/\\\/zewo.ch\\\/de\\\/?s={search_term_string}\"},\"query-input\":{\"@type\":\"PropertyValueSpecification\",\"valueRequired\":true,\"valueName\":\"search_term_string\"}}],\"inLanguage\":\"de\"},{\"@type\":\"Organization\",\"@id\":\"https:\\\/\\\/zewo.ch\\\/de\\\/#organization\",\"name\":\"Stiftung Zewo\",\"url\":\"https:\\\/\\\/zewo.ch\\\/de\\\/\",\"logo\":{\"@type\":\"ImageObject\",\"inLanguage\":\"de\",\"@id\":\"https:\\\/\\\/zewo.ch\\\/de\\\/#\\\/schema\\\/logo\\\/image\\\/\",\"url\":\"https:\\\/\\\/zewo.ch\\\/wp-content\\\/uploads\\\/2019\\\/08\\\/Zewo_Logo_Claim_D.svg\",\"contentUrl\":\"https:\\\/\\\/zewo.ch\\\/wp-content\\\/uploads\\\/2019\\\/08\\\/Zewo_Logo_Claim_D.svg\",\"width\":1,\"height\":1,\"caption\":\"Stiftung Zewo\"},\"image\":{\"@id\":\"https:\\\/\\\/zewo.ch\\\/de\\\/#\\\/schema\\\/logo\\\/image\\\/\"},\"sameAs\":[\"https:\\\/\\\/www.facebook.com\\\/Stiftung.ZEWO\\\/\",\"https:\\\/\\\/x.com\\\/stiftung_zewo\",\"https:\\\/\\\/www.linkedin.com\\\/company\\\/stiftung-zewo\",\"https:\\\/\\\/www.youtube.com\\\/channel\\\/UCzjsVJro12OXcvvx1LQP8tw\",\"https:\\\/\\\/de.wikipedia.org\\\/wiki\\\/Zewo\"]}]}<\/script>\n<!-- \/ Yoast SEO Premium plugin. -->","yoast_head_json":{"title":"Zewo","description":"Sie m\u00f6chten die vollst\u00e4ndige Pr\u00fcfung beantragen? Hier k\u00f6nnen Sie alle n\u00f6tigen Informationen und das Gesuchformular herunterladen.","robots":{"index":"index","follow":"follow","max-snippet":"max-snippet:-1","max-image-preview":"max-image-preview:large","max-video-preview":"max-video-preview:-1"},"canonical":"https:\/\/zewo.ch\/de\/der-weg-zum-zewo-guetesiegel\/pruefung-beantragen\/","og_locale":"de_DE","og_type":"article","og_description":"Sie m\u00f6chten die vollst\u00e4ndige Pr\u00fcfung beantragen? Hier k\u00f6nnen Sie alle n\u00f6tigen Informationen und das Gesuchformular herunterladen.","og_url":"https:\/\/zewo.ch\/de\/der-weg-zum-zewo-guetesiegel\/pruefung-beantragen\/","og_site_name":"Zewo","article_publisher":"https:\/\/www.facebook.com\/Stiftung.ZEWO\/","article_modified_time":"2024-08-19T07:43:39+00:00","og_image":[{"width":2200,"height":440,"url":"https:\/\/zewo.ch\/wp-content\/uploads\/2019\/11\/shutterstock_1463233415_2_WP.jpg","type":"image\/jpeg"}],"twitter_card":"summary_large_image","twitter_site":"@stiftung_zewo","twitter_misc":{"Gesch\u00e4tzte Lesezeit":"9\u00a0Minuten"},"schema":{"@context":"https:\/\/schema.org","@graph":[{"@type":"WebPage","@id":"https:\/\/zewo.ch\/de\/der-weg-zum-zewo-guetesiegel\/pruefung-beantragen\/#webpage","url":"https:\/\/zewo.ch\/de\/der-weg-zum-zewo-guetesiegel\/pruefung-beantragen\/#webpage","name":"","isPartOf":{"@id":"https:\/\/zewo.ch\/de\/#website"},"primaryImageOfPage":{"@id":"https:\/\/zewo.ch\/de\/der-weg-zum-zewo-guetesiegel\/pruefung-beantragen\/#primaryimage"},"image":{"@id":"https:\/\/zewo.ch\/de\/der-weg-zum-zewo-guetesiegel\/pruefung-beantragen\/#primaryimage"},"thumbnailUrl":"https:\/\/zewo.ch\/wp-content\/uploads\/2019\/11\/shutterstock_1463233415_2_WP.jpg","datePublished":"2019-05-13T13:35:55+00:00","dateModified":"2024-08-19T07:43:39+00:00","description":"Sie m\u00f6chten die vollst\u00e4ndige Pr\u00fcfung beantragen? Hier k\u00f6nnen Sie alle n\u00f6tigen Informationen und das Gesuchformular herunterladen.","breadcrumb":{"@id":"https:\/\/zewo.ch\/de\/der-weg-zum-zewo-guetesiegel\/pruefung-beantragen\/#breadcrumb"},"inLanguage":"de","potentialAction":[{"@type":"ReadAction","target":["https:\/\/zewo.ch\/de\/der-weg-zum-zewo-guetesiegel\/pruefung-beantragen\/"]}]},{"@type":"ImageObject","inLanguage":"de","@id":"https:\/\/zewo.ch\/de\/der-weg-zum-zewo-guetesiegel\/pruefung-beantragen\/#primaryimage","url":"https:\/\/zewo.ch\/wp-content\/uploads\/2019\/11\/shutterstock_1463233415_2_WP.jpg","contentUrl":"https:\/\/zewo.ch\/wp-content\/uploads\/2019\/11\/shutterstock_1463233415_2_WP.jpg","width":2200,"height":440,"caption":"Header Pr\u00fcfung beantragen"},{"@type":"BreadcrumbList","@id":"https:\/\/zewo.ch\/de\/der-weg-zum-zewo-guetesiegel\/pruefung-beantragen\/#breadcrumb","itemListElement":[{"@type":"ListItem","position":1,"name":"Home","item":"https:\/\/zewo.ch\/de\/"},{"@type":"ListItem","position":2,"name":"Der Weg zum Zewo-G\u00fctesiegel","item":"https:\/\/zewo.ch\/de\/der-weg-zum-zewo-guetesiegel\/"},{"@type":"ListItem","position":3,"name":"Pr\u00fcfung beantragen"}]},{"@type":"WebSite","@id":"https:\/\/zewo.ch\/de\/#website","url":"https:\/\/zewo.ch\/de\/","name":"Zewo","description":"Ihre Spende in guten H\u00e4nden.","publisher":{"@id":"https:\/\/zewo.ch\/de\/#organization"},"potentialAction":[{"@type":"SearchAction","target":{"@type":"EntryPoint","urlTemplate":"https:\/\/zewo.ch\/de\/?s={search_term_string}"},"query-input":{"@type":"PropertyValueSpecification","valueRequired":true,"valueName":"search_term_string"}}],"inLanguage":"de"},{"@type":"Organization","@id":"https:\/\/zewo.ch\/de\/#organization","name":"Stiftung Zewo","url":"https:\/\/zewo.ch\/de\/","logo":{"@type":"ImageObject","inLanguage":"de","@id":"https:\/\/zewo.ch\/de\/#\/schema\/logo\/image\/","url":"https:\/\/zewo.ch\/wp-content\/uploads\/2019\/08\/Zewo_Logo_Claim_D.svg","contentUrl":"https:\/\/zewo.ch\/wp-content\/uploads\/2019\/08\/Zewo_Logo_Claim_D.svg","width":1,"height":1,"caption":"Stiftung Zewo"},"image":{"@id":"https:\/\/zewo.ch\/de\/#\/schema\/logo\/image\/"},"sameAs":["https:\/\/www.facebook.com\/Stiftung.ZEWO\/","https:\/\/x.com\/stiftung_zewo","https:\/\/www.linkedin.com\/company\/stiftung-zewo","https:\/\/www.youtube.com\/channel\/UCzjsVJro12OXcvvx1LQP8tw","https:\/\/de.wikipedia.org\/wiki\/Zewo"]}]}},"publishpress_future_action":{"enabled":false,"date":"2026-05-13 12:03:11","action":"change-status","newStatus":"draft","terms":[],"taxonomy":"translation_priority","extraData":[]},"publishpress_future_workflow_manual_trigger":{"enabledWorkflows":[]},"_links":{"self":[{"href":"https:\/\/zewo.ch\/de\/wp-json\/wp\/v2\/pages\/41047","targetHints":{"allow":["GET"]}}],"collection":[{"href":"https:\/\/zewo.ch\/de\/wp-json\/wp\/v2\/pages"}],"about":[{"href":"https:\/\/zewo.ch\/de\/wp-json\/wp\/v2\/types\/page"}],"author":[{"embeddable":true,"href":"https:\/\/zewo.ch\/de\/wp-json\/wp\/v2\/users\/6"}],"replies":[{"embeddable":true,"href":"https:\/\/zewo.ch\/de\/wp-json\/wp\/v2\/comments?post=41047"}],"version-history":[{"count":55,"href":"https:\/\/zewo.ch\/de\/wp-json\/wp\/v2\/pages\/41047\/revisions"}],"predecessor-version":[{"id":5787900,"href":"https:\/\/zewo.ch\/de\/wp-json\/wp\/v2\/pages\/41047\/revisions\/5787900"}],"up":[{"embeddable":true,"href":"https:\/\/zewo.ch\/de\/wp-json\/wp\/v2\/pages\/20210"}],"wp:featuredmedia":[{"embeddable":true,"href":"https:\/\/zewo.ch\/de\/wp-json\/wp\/v2\/media\/666062"}],"wp:attachment":[{"href":"https:\/\/zewo.ch\/de\/wp-json\/wp\/v2\/media?parent=41047"}],"wp:term":[{"taxonomy":"folder","embeddable":true,"href":"https:\/\/zewo.ch\/de\/wp-json\/wp\/v2\/folder?post=41047"}],"curies":[{"name":"wp","href":"https:\/\/api.w.org\/{rel}","templated":true}]}}