{"id":41027,"date":"2019-05-13T15:06:04","date_gmt":"2019-05-13T13:06:04","guid":{"rendered":"https:\/\/www.zewo.ch\/?page_id=41027"},"modified":"2025-07-23T16:53:43","modified_gmt":"2025-07-23T14:53:43","slug":"unverbindliche-einschaetzung","status":"publish","type":"page","link":"https:\/\/zewo.ch\/de\/der-weg-zum-zewo-guetesiegel\/unverbindliche-einschaetzung\/","title":{"rendered":"Unverbindliche Einsch\u00e4tzung"},"content":{"rendered":"\n<p>Bereit f\u00fcr das Zewo-G\u00fctesiegel?<\/p>\n\n\n\n<h2 class=\"wp-block-heading\">Unverbindliche Einsch\u00e4tzung f\u00fcr Ihre NPO \u2013 schnell, einfach und individuell  <\/h2>\n\n\n\n<p>Wie gut ist Ihre NPO auf die Zewo-Zertifizierung vorbereitet? Finden Sie es heraus \u2013 mit einer professionellen, unverbindlichen Einsch\u00e4tzung durch die Zewo. Sie erhalten eine fundierte Standortbestimmung und konkrete Empfehlungen, wie Sie Ihre NPO optimal auf das Zewo-G\u00fctesiegel vorbereiten.<\/p>\n\n\n\n<h2 class=\"wp-block-heading\" id=\"h-warum-sich-eine-einschatzung-lohnt\">Warum sich eine Einsch\u00e4tzung lohnt<\/h2>\n\n\n\n<p>Sie m\u00f6chten einen ersten \u00dcberblick gewinnen oder einzelne Fragen kl\u00e4ren? Schon mit wenigen Unterlagen erhalten Sie eine fundierte R\u00fcckmeldung mit konkreten Hinweisen f\u00fcr die n\u00e4chsten Schritte auf dem Weg zum Zewo-G\u00fctesiegel.<\/p>\n\n\n\n<h2 class=\"wp-block-heading\" id=\"h-so-einfach-lauft-die-einschatzung-ab-nbsp\">So einfach l\u00e4uft die Einsch\u00e4tzung ab&nbsp;<\/h2>\n\n\n\n<ol class=\"wp-block-list\" start=\"1\">\n<li><strong>Kurzfragebogen ausf\u00fcllen und<\/strong> <strong>Unterlagen einreichen<\/strong>&nbsp;<br>Beantworten Sie den kurzen Fragebogen unten und reichen Sie die bereits vorhandenen Dokumente Ihrer Organisation ein.&nbsp;<\/li>\n\n\n\n<li><strong>Gespr\u00e4ch mit der Zewo<\/strong>&nbsp;<br>Nachdem wir Ihre Unterlagen durchgesehen haben, laden wir Sie zu einem Gespr\u00e4ch ein. Gemeinsam besprechen wir, wo Ihre Organisation bereits gut auf Kurs ist \u2013 und wo es noch etwas zu tun gibt, um die <a href=\"\/de\/die-21-zewo-standards\/\">Anforderungen der Zewo<\/a> zu erf\u00fcllen.<\/li>\n\n\n\n<li><strong>Schriftliche Einsch\u00e4tzung<\/strong>&nbsp;<br>Wenige Tage nach dem Gespr\u00e4ch erhalten Sie das Ergebnis schriftlich. Es enth\u00e4lt klare Hinweise, woran Sie vor der Pr\u00fcfung noch arbeiten sollten, um optimal vorbereitet zu sein \u2013 und zeigt auf, welche Themen bei einer umfassenden Pr\u00fcfung vertieft werden.<\/li>\n<\/ol>\n\n\n\n<h2 class=\"wp-block-heading\" id=\"h-sie-haben-ein-besonderes-anliegen\">Sie haben ein besonderes Anliegen? <\/h2>\n\n\n\n<p>Kein Problem. Falls Sie bestimmte Fragen kl\u00e4ren m\u00f6chten \u2013 etwa zu F\u00fchrung und Struktur, zu den Kosten oder zur Wirkung Ihrer Organisation \u2013, dann teilen Sie uns dies einfach gleich zu Beginn mit. So k\u00f6nnen wir gezielt auf Ihre Anliegen eingehen und die Einsch\u00e4tzung entsprechend anpassen.<\/p>\n\n\n\n<h2 class=\"wp-block-heading\" id=\"h-kosten-und-dauer-auf-einen-blick-nbsp\">Kosten und Dauer auf einen Blick&nbsp;<\/h2>\n\n\n\n<ul class=\"wp-block-list\">\n<li><strong>Kosten:<\/strong> Pauschal 500 Franken (zzgl. MwSt.)&nbsp;<\/li>\n\n\n\n<li><strong>Dauer:<\/strong> Innerhalb von 30 Tagen nach Erhalt Ihrer Unterlagen erhalten Sie die Einladung zum Gespr\u00e4ch. Die schriftliche Einsch\u00e4tzung folgt wenige Tage sp\u00e4ter.<\/li>\n<\/ul>\n\n\n\n<p><\/p>\n\n\n\n<h2 class=\"wp-block-heading\" id=\"h-unverbindliche-einschatzung-einholen\">Unverbindliche Einsch\u00e4tzung einholen<\/h2>\n\n\n\n<div id=\"surveyhero-embed-rryict77\"><\/div>\n<script src=\"https:\/\/embed-cdn.surveyhero.com\/js\/user\/embed.rryict77.js\" async><\/script>\n\n\n\n<p><\/p>\n\n\n\n<h2 class=\"wp-block-heading\" id=\"h-weitere-informationen\">Weitere Informationen<\/h2>\n\n\n\n<div class=\"wp-block-columns is-layout-flex wp-container-core-columns-is-layout-9d6595d7 wp-block-columns-is-layout-flex\">\n<div class=\"wp-block-column is-layout-flow wp-block-column-is-layout-flow\"><\/div>\n<\/div>\n\n\n\n<div class=\"wp-block-columns is-layout-flex wp-container-core-columns-is-layout-9d6595d7 wp-block-columns-is-layout-flex\">\n<div class=\"wp-block-column is-layout-flow wp-block-column-is-layout-flow\">\n<div class=\"cell small-12 medium-6\"><div class=\"wp-block-cgb-block-zewo-block-image-teaser ab-block-cta bg-color-secondary\"><div class=\"ab-cta-image-wrap bg-color-secondary\"><img decoding=\"async\" class=\"ab-cta-image\" src=\"https:\/\/zewo.ch\/wp-content\/uploads\/2019\/11\/shutterstock_1463233415_2_WP.jpg\" alt=\"Header Pr\u00fcfung beantragen\"\/><\/div><div class=\"ab-cta-content\"><h2 class=\"ab-cta-title\">Sie m\u00f6chten Ihre NPO zertifizieren lassen?<\/h2><\/div><div class=\"ab-cta-button\"><a href=\"\/de\/der-weg-zum-zewo-guetesiegel\/pruefung-beantragen\/\" target=\"_self\" rel=\"noopener noreferrer\" class=\"button primary button-teaser\"><span class=\"button-arrow\"><\/span>Pr\u00fcfung beantragen<\/a><\/div><a href=\"\/de\/der-weg-zum-zewo-guetesiegel\/pruefung-beantragen\/\" target=\"_self\" rel=\"noopener noreferrer\" class=\"button-teaser--is-full\"><\/a><\/div><\/div>\n<\/div>\n\n\n\n<div class=\"wp-block-column is-layout-flow wp-block-column-is-layout-flow\">\n<div class=\"wp-block-columns is-layout-flex wp-container-core-columns-is-layout-9d6595d7 wp-block-columns-is-layout-flex\">\n<div class=\"wp-block-column is-layout-flow wp-block-column-is-layout-flow\" style=\"flex-basis:100%\">\n<div class=\"wp-block-columns is-layout-flex wp-container-core-columns-is-layout-9d6595d7 wp-block-columns-is-layout-flex\">\n<div class=\"wp-block-column is-layout-flow wp-block-column-is-layout-flow\" style=\"flex-basis:100%\">\n<div class=\"wp-block-group is-nowrap is-layout-flex wp-container-core-group-is-layout-ad2f72ca wp-block-group-is-layout-flex\">\n<div class=\"cell small-12 medium-6\"><div class=\"wp-block-cgb-block-zewo-block-image-teaser ab-block-cta bg-color-secondary\"><div class=\"ab-cta-image-wrap bg-color-secondary\"><img decoding=\"async\" class=\"ab-cta-image\" src=\"https:\/\/zewo.ch\/wp-content\/uploads\/2019\/05\/21-zewo-standards-1.png\" alt=\"Die 21 Zewo-Standards f\u00fcr Spenden sammelnde NPO\"\/><\/div><div class=\"ab-cta-content\"><h2 class=\"ab-cta-title\">Die 21 Zewo-Standards<\/h2><\/div><div class=\"ab-cta-button\"><a href=\"\/de\/die-21-zewo-standards\/\" target=\"_self\" rel=\"noopener noreferrer\" class=\"button primary button-teaser\"><span class=\"button-arrow\"><\/span>Mehr erfahren<\/a><\/div><a href=\"\/de\/die-21-zewo-standards\/\" target=\"_self\" rel=\"noopener noreferrer\" class=\"button-teaser--is-full\"><\/a><\/div><\/div>\n<\/div>\n<\/div>\n<\/div>\n<\/div>\n<\/div>\n\n\n\n<div class=\"wp-block-columns is-layout-flex wp-container-core-columns-is-layout-9d6595d7 wp-block-columns-is-layout-flex\">\n<div class=\"wp-block-column is-layout-flow wp-block-column-is-layout-flow\" style=\"flex-basis:100%\"><\/div>\n<\/div>\n<\/div>\n<\/div>\n\n\n\n<div class=\"wp-block-columns is-layout-flex wp-container-core-columns-is-layout-9d6595d7 wp-block-columns-is-layout-flex\"><\/div>\n","protected":false},"excerpt":{"rendered":"<p>Bereit f\u00fcr das Zewo-G\u00fctesiegel? Unverbindliche Einsch\u00e4tzung f\u00fcr Ihre NPO \u2013 schnell, einfach und individuell Wie gut ist Ihre NPO auf die Zewo-Zertifizierung vorbereitet? Finden Sie es heraus \u2013 mit einer professionellen, unverbindlichen Einsch\u00e4tzung durch die Zewo. Sie erhalten eine fundierte Standortbestimmung und konkrete Empfehlungen, wie Sie Ihre NPO optimal auf das Zewo-G\u00fctesiegel vorbereiten. Warum sich [&hellip;]<\/p>\n","protected":false},"author":6,"featured_media":666062,"parent":20210,"menu_order":6,"comment_status":"closed","ping_status":"closed","template":"","meta":{"_acf_changed":false,"footnotes":""},"folder":[6639],"class_list":["post-41027","page","type-page","status-publish","has-post-thumbnail","hentry"],"acf":[],"yoast_head":"<!-- This site is optimized with the Yoast SEO Premium plugin v26.0 (Yoast SEO v26.0) - https:\/\/yoast.com\/wordpress\/plugins\/seo\/ -->\n<title>Zewo<\/title>\n<meta name=\"description\" content=\"Jetzt eine schnelle und kosteng\u00fcnstige unverbindliche Einsch\u00e4tzung erhalten \u2013 ideal zur Vorbereitung auf die Zewo-Zertifizierung.\" \/>\n<meta name=\"robots\" content=\"index, follow, max-snippet:-1, max-image-preview:large, max-video-preview:-1\" \/>\n<link rel=\"canonical\" href=\"https:\/\/zewo.ch\/de\/der-weg-zum-zewo-guetesiegel\/unverbindliche-einschaetzung\/\" \/>\n<meta property=\"og:locale\" content=\"de_DE\" \/>\n<meta property=\"og:type\" content=\"article\" \/>\n<meta property=\"og:description\" content=\"Jetzt eine schnelle und kosteng\u00fcnstige unverbindliche Einsch\u00e4tzung erhalten \u2013 ideal zur Vorbereitung auf die Zewo-Zertifizierung.\" \/>\n<meta property=\"og:url\" content=\"https:\/\/zewo.ch\/de\/der-weg-zum-zewo-guetesiegel\/unverbindliche-einschaetzung\/\" \/>\n<meta property=\"og:site_name\" content=\"Zewo\" \/>\n<meta property=\"article:publisher\" content=\"https:\/\/www.facebook.com\/Stiftung.ZEWO\/\" \/>\n<meta property=\"article:modified_time\" content=\"2025-07-23T14:53:43+00:00\" \/>\n<meta property=\"og:image\" content=\"https:\/\/zewo.ch\/wp-content\/uploads\/2019\/11\/shutterstock_1463233415_2_WP.jpg\" \/>\n\t<meta property=\"og:image:width\" content=\"2200\" \/>\n\t<meta property=\"og:image:height\" content=\"440\" \/>\n\t<meta property=\"og:image:type\" content=\"image\/jpeg\" \/>\n<meta name=\"twitter:card\" content=\"summary_large_image\" \/>\n<meta name=\"twitter:site\" content=\"@stiftung_zewo\" \/>\n<meta name=\"twitter:label1\" content=\"Gesch\u00e4tzte Lesezeit\" \/>\n\t<meta name=\"twitter:data1\" content=\"5\u00a0Minuten\" \/>\n<script type=\"application\/ld+json\" class=\"yoast-schema-graph\">{\"@context\":\"https:\/\/schema.org\",\"@graph\":[{\"@type\":\"WebPage\",\"@id\":\"https:\/\/zewo.ch\/de\/der-weg-zum-zewo-guetesiegel\/unverbindliche-einschaetzung\/#webpage\",\"url\":\"https:\/\/zewo.ch\/de\/der-weg-zum-zewo-guetesiegel\/unverbindliche-einschaetzung\/#webpage\",\"name\":\"\",\"isPartOf\":{\"@id\":\"https:\/\/zewo.ch\/de\/#website\"},\"primaryImageOfPage\":{\"@id\":\"https:\/\/zewo.ch\/de\/der-weg-zum-zewo-guetesiegel\/unverbindliche-einschaetzung\/#primaryimage\"},\"image\":{\"@id\":\"https:\/\/zewo.ch\/de\/der-weg-zum-zewo-guetesiegel\/unverbindliche-einschaetzung\/#primaryimage\"},\"thumbnailUrl\":\"https:\/\/zewo.ch\/wp-content\/uploads\/2019\/11\/shutterstock_1463233415_2_WP.jpg\",\"datePublished\":\"2019-05-13T13:06:04+00:00\",\"dateModified\":\"2025-07-23T14:53:43+00:00\",\"description\":\"Jetzt eine schnelle und kosteng\u00fcnstige unverbindliche Einsch\u00e4tzung erhalten \u2013 ideal zur Vorbereitung auf die Zewo-Zertifizierung.\",\"breadcrumb\":{\"@id\":\"https:\/\/zewo.ch\/de\/der-weg-zum-zewo-guetesiegel\/unverbindliche-einschaetzung\/#breadcrumb\"},\"inLanguage\":\"de\",\"potentialAction\":[{\"@type\":\"ReadAction\",\"target\":[\"https:\/\/zewo.ch\/de\/der-weg-zum-zewo-guetesiegel\/unverbindliche-einschaetzung\/\"]}]},{\"@type\":\"ImageObject\",\"inLanguage\":\"de\",\"@id\":\"https:\/\/zewo.ch\/de\/der-weg-zum-zewo-guetesiegel\/unverbindliche-einschaetzung\/#primaryimage\",\"url\":\"https:\/\/zewo.ch\/wp-content\/uploads\/2019\/11\/shutterstock_1463233415_2_WP.jpg\",\"contentUrl\":\"https:\/\/zewo.ch\/wp-content\/uploads\/2019\/11\/shutterstock_1463233415_2_WP.jpg\",\"width\":2200,\"height\":440,\"caption\":\"Header Pr\u00fcfung beantragen\"},{\"@type\":\"BreadcrumbList\",\"@id\":\"https:\/\/zewo.ch\/de\/der-weg-zum-zewo-guetesiegel\/unverbindliche-einschaetzung\/#breadcrumb\",\"itemListElement\":[{\"@type\":\"ListItem\",\"position\":1,\"name\":\"Home\",\"item\":\"https:\/\/zewo.ch\/de\/\"},{\"@type\":\"ListItem\",\"position\":2,\"name\":\"Der Weg zum Zewo-G\u00fctesiegel\",\"item\":\"https:\/\/zewo.ch\/de\/der-weg-zum-zewo-guetesiegel\/\"},{\"@type\":\"ListItem\",\"position\":3,\"name\":\"Unverbindliche Einsch\u00e4tzung\"}]},{\"@type\":\"WebSite\",\"@id\":\"https:\/\/zewo.ch\/de\/#website\",\"url\":\"https:\/\/zewo.ch\/de\/\",\"name\":\"Zewo\",\"description\":\"Ihre Spende in guten H\u00e4nden.\",\"publisher\":{\"@id\":\"https:\/\/zewo.ch\/de\/#organization\"},\"potentialAction\":[{\"@type\":\"SearchAction\",\"target\":{\"@type\":\"EntryPoint\",\"urlTemplate\":\"https:\/\/zewo.ch\/de\/?s={search_term_string}\"},\"query-input\":{\"@type\":\"PropertyValueSpecification\",\"valueRequired\":true,\"valueName\":\"search_term_string\"}}],\"inLanguage\":\"de\"},{\"@type\":\"Organization\",\"@id\":\"https:\/\/zewo.ch\/de\/#organization\",\"name\":\"Stiftung Zewo\",\"url\":\"https:\/\/zewo.ch\/de\/\",\"logo\":{\"@type\":\"ImageObject\",\"inLanguage\":\"de\",\"@id\":\"https:\/\/zewo.ch\/de\/#\/schema\/logo\/image\/\",\"url\":\"https:\/\/zewo.ch\/wp-content\/uploads\/2019\/08\/Zewo_Logo_Claim_D.svg\",\"contentUrl\":\"https:\/\/zewo.ch\/wp-content\/uploads\/2019\/08\/Zewo_Logo_Claim_D.svg\",\"width\":1,\"height\":1,\"caption\":\"Stiftung Zewo\"},\"image\":{\"@id\":\"https:\/\/zewo.ch\/de\/#\/schema\/logo\/image\/\"},\"sameAs\":[\"https:\/\/www.facebook.com\/Stiftung.ZEWO\/\",\"https:\/\/x.com\/stiftung_zewo\",\"https:\/\/www.linkedin.com\/company\/stiftung-zewo\",\"https:\/\/www.youtube.com\/channel\/UCzjsVJro12OXcvvx1LQP8tw\",\"https:\/\/de.wikipedia.org\/wiki\/Zewo\"]}]}<\/script>\n<!-- \/ Yoast SEO Premium plugin. -->","yoast_head_json":{"title":"Zewo","description":"Jetzt eine schnelle und kosteng\u00fcnstige unverbindliche Einsch\u00e4tzung erhalten \u2013 ideal zur Vorbereitung auf die Zewo-Zertifizierung.","robots":{"index":"index","follow":"follow","max-snippet":"max-snippet:-1","max-image-preview":"max-image-preview:large","max-video-preview":"max-video-preview:-1"},"canonical":"https:\/\/zewo.ch\/de\/der-weg-zum-zewo-guetesiegel\/unverbindliche-einschaetzung\/","og_locale":"de_DE","og_type":"article","og_description":"Jetzt eine schnelle und kosteng\u00fcnstige unverbindliche Einsch\u00e4tzung erhalten \u2013 ideal zur Vorbereitung auf die Zewo-Zertifizierung.","og_url":"https:\/\/zewo.ch\/de\/der-weg-zum-zewo-guetesiegel\/unverbindliche-einschaetzung\/","og_site_name":"Zewo","article_publisher":"https:\/\/www.facebook.com\/Stiftung.ZEWO\/","article_modified_time":"2025-07-23T14:53:43+00:00","og_image":[{"width":2200,"height":440,"url":"https:\/\/zewo.ch\/wp-content\/uploads\/2019\/11\/shutterstock_1463233415_2_WP.jpg","type":"image\/jpeg"}],"twitter_card":"summary_large_image","twitter_site":"@stiftung_zewo","twitter_misc":{"Gesch\u00e4tzte Lesezeit":"5\u00a0Minuten"},"schema":{"@context":"https:\/\/schema.org","@graph":[{"@type":"WebPage","@id":"https:\/\/zewo.ch\/de\/der-weg-zum-zewo-guetesiegel\/unverbindliche-einschaetzung\/#webpage","url":"https:\/\/zewo.ch\/de\/der-weg-zum-zewo-guetesiegel\/unverbindliche-einschaetzung\/#webpage","name":"","isPartOf":{"@id":"https:\/\/zewo.ch\/de\/#website"},"primaryImageOfPage":{"@id":"https:\/\/zewo.ch\/de\/der-weg-zum-zewo-guetesiegel\/unverbindliche-einschaetzung\/#primaryimage"},"image":{"@id":"https:\/\/zewo.ch\/de\/der-weg-zum-zewo-guetesiegel\/unverbindliche-einschaetzung\/#primaryimage"},"thumbnailUrl":"https:\/\/zewo.ch\/wp-content\/uploads\/2019\/11\/shutterstock_1463233415_2_WP.jpg","datePublished":"2019-05-13T13:06:04+00:00","dateModified":"2025-07-23T14:53:43+00:00","description":"Jetzt eine schnelle und kosteng\u00fcnstige unverbindliche Einsch\u00e4tzung erhalten \u2013 ideal zur Vorbereitung auf die Zewo-Zertifizierung.","breadcrumb":{"@id":"https:\/\/zewo.ch\/de\/der-weg-zum-zewo-guetesiegel\/unverbindliche-einschaetzung\/#breadcrumb"},"inLanguage":"de","potentialAction":[{"@type":"ReadAction","target":["https:\/\/zewo.ch\/de\/der-weg-zum-zewo-guetesiegel\/unverbindliche-einschaetzung\/"]}]},{"@type":"ImageObject","inLanguage":"de","@id":"https:\/\/zewo.ch\/de\/der-weg-zum-zewo-guetesiegel\/unverbindliche-einschaetzung\/#primaryimage","url":"https:\/\/zewo.ch\/wp-content\/uploads\/2019\/11\/shutterstock_1463233415_2_WP.jpg","contentUrl":"https:\/\/zewo.ch\/wp-content\/uploads\/2019\/11\/shutterstock_1463233415_2_WP.jpg","width":2200,"height":440,"caption":"Header Pr\u00fcfung beantragen"},{"@type":"BreadcrumbList","@id":"https:\/\/zewo.ch\/de\/der-weg-zum-zewo-guetesiegel\/unverbindliche-einschaetzung\/#breadcrumb","itemListElement":[{"@type":"ListItem","position":1,"name":"Home","item":"https:\/\/zewo.ch\/de\/"},{"@type":"ListItem","position":2,"name":"Der Weg zum Zewo-G\u00fctesiegel","item":"https:\/\/zewo.ch\/de\/der-weg-zum-zewo-guetesiegel\/"},{"@type":"ListItem","position":3,"name":"Unverbindliche Einsch\u00e4tzung"}]},{"@type":"WebSite","@id":"https:\/\/zewo.ch\/de\/#website","url":"https:\/\/zewo.ch\/de\/","name":"Zewo","description":"Ihre Spende in guten H\u00e4nden.","publisher":{"@id":"https:\/\/zewo.ch\/de\/#organization"},"potentialAction":[{"@type":"SearchAction","target":{"@type":"EntryPoint","urlTemplate":"https:\/\/zewo.ch\/de\/?s={search_term_string}"},"query-input":{"@type":"PropertyValueSpecification","valueRequired":true,"valueName":"search_term_string"}}],"inLanguage":"de"},{"@type":"Organization","@id":"https:\/\/zewo.ch\/de\/#organization","name":"Stiftung Zewo","url":"https:\/\/zewo.ch\/de\/","logo":{"@type":"ImageObject","inLanguage":"de","@id":"https:\/\/zewo.ch\/de\/#\/schema\/logo\/image\/","url":"https:\/\/zewo.ch\/wp-content\/uploads\/2019\/08\/Zewo_Logo_Claim_D.svg","contentUrl":"https:\/\/zewo.ch\/wp-content\/uploads\/2019\/08\/Zewo_Logo_Claim_D.svg","width":1,"height":1,"caption":"Stiftung Zewo"},"image":{"@id":"https:\/\/zewo.ch\/de\/#\/schema\/logo\/image\/"},"sameAs":["https:\/\/www.facebook.com\/Stiftung.ZEWO\/","https:\/\/x.com\/stiftung_zewo","https:\/\/www.linkedin.com\/company\/stiftung-zewo","https:\/\/www.youtube.com\/channel\/UCzjsVJro12OXcvvx1LQP8tw","https:\/\/de.wikipedia.org\/wiki\/Zewo"]}]}},"publishpress_future_action":{"enabled":false,"date":"2026-04-24 10:39:34","action":"change-status","newStatus":"draft","terms":[],"taxonomy":"translation_priority","extraData":[]},"publishpress_future_workflow_manual_trigger":{"enabledWorkflows":[]},"_links":{"self":[{"href":"https:\/\/zewo.ch\/de\/wp-json\/wp\/v2\/pages\/41027","targetHints":{"allow":["GET"]}}],"collection":[{"href":"https:\/\/zewo.ch\/de\/wp-json\/wp\/v2\/pages"}],"about":[{"href":"https:\/\/zewo.ch\/de\/wp-json\/wp\/v2\/types\/page"}],"author":[{"embeddable":true,"href":"https:\/\/zewo.ch\/de\/wp-json\/wp\/v2\/users\/6"}],"replies":[{"embeddable":true,"href":"https:\/\/zewo.ch\/de\/wp-json\/wp\/v2\/comments?post=41027"}],"version-history":[{"count":42,"href":"https:\/\/zewo.ch\/de\/wp-json\/wp\/v2\/pages\/41027\/revisions"}],"predecessor-version":[{"id":5931326,"href":"https:\/\/zewo.ch\/de\/wp-json\/wp\/v2\/pages\/41027\/revisions\/5931326"}],"up":[{"embeddable":true,"href":"https:\/\/zewo.ch\/de\/wp-json\/wp\/v2\/pages\/20210"}],"wp:featuredmedia":[{"embeddable":true,"href":"https:\/\/zewo.ch\/de\/wp-json\/wp\/v2\/media\/666062"}],"wp:attachment":[{"href":"https:\/\/zewo.ch\/de\/wp-json\/wp\/v2\/media?parent=41027"}],"wp:term":[{"taxonomy":"folder","embeddable":true,"href":"https:\/\/zewo.ch\/de\/wp-json\/wp\/v2\/folder?post=41027"}],"curies":[{"name":"wp","href":"https:\/\/api.w.org\/{rel}","templated":true}]}}