{"id":346,"date":"2019-04-03T13:59:32","date_gmt":"2019-04-03T11:59:32","guid":{"rendered":"https:\/\/www.zewo.ch\/?page_id=346"},"modified":"2019-11-13T12:01:18","modified_gmt":"2019-11-13T11:01:18","slug":"der-traditionelle-spendentyp","status":"publish","type":"page","link":"https:\/\/zewo.ch\/de\/der-traditionelle-spendentyp\/","title":{"rendered":"Der traditionelle Spendentyp"},"content":{"rendered":"\n<h2 class=\"wp-block-heading\">Hier finden Sie die Aufl\u00f6sung des Spendentyp Tests<\/h2>\n\n\n\n<svg version=\"1.1\" xmlns=\"http:\/\/www.w3.org\/2000\/svg\" xmlns:xlink=\"http:\/\/www.w3.org\/1999\/xlink\" x=\"0px\" y=\"0px\" width=\"120px\" height=\"120px\" viewBox=\"0 0 120 120\" enable-background=\"new 0 0 120 120\" xml:space=\"preserve\"> \n <style type=\"text\/css\">\n<!--\ncircle { transition: .6s fill;}\ncircle:hover { fill: #F90000; }\ncircle.rot:hover {fill: #000000;}\n-->\n<\/style> \n <title>Sie sind der traditionelle Typ. Nutzen Sie das Zewo-G\u00fctesiegel als Kompass, damit Ihre Spende ankommt.<\/title>\n  <circle fill=\"#351588\" cx=\"60\" cy=\"60\" r=\"60\"><\/circle>\n <g id=\"Ebene_1\"> \n  <g> \n   <path fill=\"#FFFFFF\" d=\"M72.13,98.05c-2.47,0-3.71-0.99-3.71-2.96v-14.9c-1.14-0.74-3.19-1.38-6.15-1.9\n\t\t\tc-2.96-0.52-5.6-0.86-7.91-1c-0.82,1.34-1.5,3.27-2.03,5.8c-0.53,2.53-1.08,5.08-1.65,7.65c-0.57,2.57-1.32,4.6-2.26,6.08\n\t\t\tc-3.14,0-4.9-0.76-5.3-2.29c1.1-1.49,2.88-9.1,5.35-22.83c2.47-13.73,4.5-24.47,6.09-32.23s3.3-14.28,5.15-19.56\n\t\t\tc1.84-5.28,3.61-7.93,5.29-7.93s2.98,0.33,3.88,1c0,2.72,0.78,10.06,2.35,22.05c1.57,11.98,2.35,19.73,2.35,23.25\n\t\t\tc0,3.52,0.42,9.36,1.26,17.52s1.27,14.3,1.27,18.39C76.13,96.77,74.79,98.05,72.13,98.05z M67.07,60.74\n\t\t\tc-0.71-6.75-1.34-13.19-1.91-19.31c-0.57-6.12-0.85-9.82-0.85-11.11c0-1.28,0.02-2.02,0.06-2.2c-1.25,1.23-3.07,8.06-5.44,20.48\n\t\t\tc-2.37,12.43-3.64,20.3-3.79,23.61c3.33,0.86,6.13,1.28,8.39,1.28c2.25,0,3.85-0.11,4.79-0.33C68.19,71.64,67.77,67.5,67.07,60.74\n\t\t\tz\"><\/path> \n  <\/g> \n <\/g> \n<\/svg>\n\n\n\n<p><strong>Sie sind der traditionelle Spendentyp.<\/strong><\/p>\n\n\n\n<p>Sie spenden per Einzahlungsschein. Wenn Sie viele verschiedene Organisationen ber\u00fccksichtigen und h\u00e4ufig wechseln, erhalten Sie viel Post. Wenn Sie wenige Hilfswerke regelm\u00e4ssig unterst\u00fctzen, reduziert sich die Post in Ihrem Briefkasten. Falls Sie sich \u00fcber kleine Geschenke freuen, behalten Sie diese. Falls nicht, geben Sie sie weiter. Sie m\u00fcssen nicht aufbewahrt oder bezahlt werden und verpflichten nicht zur Spende. <\/p>\n\n\n\n<p><strong>Tipp<\/strong>\u2002Nutzen Sie das Zewo-G\u00fcte\u00adsiegel als Kompass, damit Ihre Spende ankommt. Finden Sie hier ein <a href=\"\/de\/npo-suche\/\">Hilfswerk mit Zewo-G\u00fctesiegel<\/a>.<\/p>\n\n\n\n<div class=\"wp-block-cgb-block-zewo-block-button ab-block-button\"><a href=\"\/de\/welcher-spendentyp-bin-ich\/\" class=\"button primary\"><span class=\"button-arrow\"><\/span>zur\u00fcck zum Spendertyp-Test<\/a><\/div>\n\n\n\n<div class=\"wp-block-cgb-block-zewo-block-columns-container container bg-color-light-gray\"><div class=\"grid-x grid-margin-x\" data-columns=\"3\">\n<div class=\"cell small-12 medium-6\"><div class=\"wp-block-cgb-block-zewo-block-image-text-teaser ab-block-cta\"><div class=\"ab-cta-image-wrap bg-color-secondary\"><img decoding=\"async\" class=\"ab-cta-image\" src=\"https:\/\/zewo.ch\/wp-content\/uploads\/2019\/05\/sinnvollegeschenke-teaserbox.jpg\" alt=\"Sinnvolle Geschenke\"\/><\/div><div class=\"ab-cta-content\"><h2 class=\"ab-cta-title\">Sinnvoll schenken macht doppelt Freude<\/h2><div class=\"ab-cta-text\">\n<p>Geschenkideen von Schweizer Hilfswerken<\/p>\n<\/div><\/div><div class=\"ab-cta-button\"><a href=\"\/de\/sinnvoll-schenken\/\" target=\"_self\" rel=\"noopener noreferrer\" class=\"button primary button-teaser\"><span class=\"button-arrow\"><\/span>Jetzt ausprobieren<\/a><\/div><a href=\"\/de\/sinnvoll-schenken\/\" target=\"_self\" rel=\"noopener noreferrer\" class=\"button-teaser--is-full\"><\/a><\/div><\/div>\n\n\n\n<div class=\"cell small-12 medium-6\"><div class=\"wp-block-cgb-block-zewo-block-image-text-teaser ab-block-cta\"><div class=\"ab-cta-image-wrap bg-color-secondary\"><img decoding=\"async\" class=\"ab-cta-image\" src=\"https:\/\/zewo.ch\/wp-content\/uploads\/2019\/05\/Mit-Spenden-Steuern-sparen.png\" alt=\"Mit gutem Gewissen Steuern sparen\"\/><\/div><div class=\"ab-cta-content\"><h2 class=\"ab-cta-title\">Mit gutem Gewissen Steuern sparen<\/h2><div class=\"ab-cta-text\">\n<p>Welche Abz\u00fcge sind erlaubt? Der aktuelle \u00dcberblick zeigt Spenderinnen und Spendern, was sie in ihrem Kanton beachten sollten.<\/p>\n<\/div><\/div><div class=\"ab-cta-button\"><a href=\"\/de\/spenden-von-der-steuer-abziehen\/\" target=\"_self\" rel=\"noopener noreferrer\" class=\"button primary button-teaser\"><span class=\"button-arrow\"><\/span>Zur \u00dcbersicht<\/a><\/div><a href=\"\/de\/spenden-von-der-steuer-abziehen\/\" target=\"_self\" rel=\"noopener noreferrer\" class=\"button-teaser--is-full\"><\/a><\/div><\/div>\n\n\n\n<div class=\"cell small-12 medium-6\"><div class=\"wp-block-cgb-block-zewo-block-image-text-teaser ab-block-cta\"><div class=\"ab-cta-image-wrap bg-color-secondary\"><img decoding=\"async\" class=\"ab-cta-image\" src=\"https:\/\/zewo.ch\/wp-content\/uploads\/2019\/05\/ha\u0308ufige-fragen-7.png\" alt=\"H\u00e4ufige Fragen und Antworten rund ums Spenden\"\/><\/div><div class=\"ab-cta-content\"><h2 class=\"ab-cta-title\">H\u00e4ufige Fragen rund ums Spenden<\/h2><div class=\"ab-cta-text\">\n<p>Der Spenden-Ratgeber der Zewo gibt Ihnen Auskunft zu den wichtigsten Fragen rund ums Spenden.<\/p>\n<\/div><\/div><div class=\"ab-cta-button\"><a href=\"\/de\/fragen-und-antworten-rund-ums-spenden\/\" target=\"_self\" rel=\"noopener noreferrer\" class=\"button primary button-teaser\"><span class=\"button-arrow\"><\/span>Jetzt ansehen<\/a><\/div><a href=\"\/de\/fragen-und-antworten-rund-ums-spenden\/\" target=\"_self\" rel=\"noopener noreferrer\" class=\"button-teaser--is-full\"><\/a><\/div><\/div>\n<\/div><\/div>\n","protected":false},"excerpt":{"rendered":"<p>Hier finden Sie die Aufl\u00f6sung des Spendentyp Tests Sie sind der traditionelle Typ. Nutzen Sie das Zewo-G\u00fctesiegel als Kompass, damit Ihre Spende ankommt. Sie sind der traditionelle Spendentyp. Sie spenden per Einzahlungsschein. Wenn Sie viele verschiedene Organisationen ber\u00fccksichtigen und h\u00e4ufig wechseln, erhalten Sie viel Post. Wenn Sie wenige Hilfswerke regelm\u00e4ssig unterst\u00fctzen, reduziert sich die Post [&hellip;]<\/p>\n","protected":false},"author":6,"featured_media":0,"parent":0,"menu_order":142,"comment_status":"closed","ping_status":"closed","template":"","meta":{"_acf_changed":false,"footnotes":""},"folder":[6639],"class_list":["post-346","page","type-page","status-publish","hentry"],"acf":[],"yoast_head":"<!-- This site is optimized with the Yoast SEO Premium plugin v26.0 (Yoast SEO v26.0) - https:\/\/yoast.com\/wordpress\/plugins\/seo\/ -->\n<title>Zewo<\/title>\n<meta name=\"description\" content=\"Sie sind der traditionelle Spendentyp und spenden gerne per Einzahlungsschein. Benutzen Sie das Zewo-G\u00fctesiegel als Kompass, damit Ihre Spende ankommt.\" \/>\n<meta name=\"robots\" content=\"index, follow, max-snippet:-1, max-image-preview:large, max-video-preview:-1\" \/>\n<link rel=\"canonical\" href=\"https:\/\/zewo.ch\/de\/der-traditionelle-spendentyp\/\" \/>\n<meta property=\"og:locale\" content=\"de_DE\" \/>\n<meta property=\"og:type\" content=\"article\" \/>\n<meta property=\"og:description\" content=\"Sie sind der traditionelle Spendentyp und spenden gerne per Einzahlungsschein. Benutzen Sie das Zewo-G\u00fctesiegel als Kompass, damit Ihre Spende ankommt.\" \/>\n<meta property=\"og:url\" content=\"https:\/\/zewo.ch\/de\/der-traditionelle-spendentyp\/\" \/>\n<meta property=\"og:site_name\" content=\"Zewo\" \/>\n<meta property=\"article:publisher\" content=\"https:\/\/www.facebook.com\/Stiftung.ZEWO\/\" \/>\n<meta property=\"article:modified_time\" content=\"2019-11-13T11:01:18+00:00\" \/>\n<meta name=\"twitter:card\" content=\"summary_large_image\" \/>\n<meta name=\"twitter:site\" content=\"@stiftung_zewo\" \/>\n<meta name=\"twitter:label1\" content=\"Gesch\u00e4tzte Lesezeit\" \/>\n\t<meta name=\"twitter:data1\" content=\"1\u00a0Minute\" \/>\n<script type=\"application\/ld+json\" class=\"yoast-schema-graph\">{\"@context\":\"https:\/\/schema.org\",\"@graph\":[{\"@type\":\"WebPage\",\"@id\":\"https:\/\/zewo.ch\/de\/der-traditionelle-spendentyp\/#webpage\",\"url\":\"https:\/\/zewo.ch\/de\/der-traditionelle-spendentyp\/#webpage\",\"name\":\"\",\"isPartOf\":{\"@id\":\"https:\/\/zewo.ch\/de\/#website\"},\"datePublished\":\"2019-04-03T11:59:32+00:00\",\"dateModified\":\"2019-11-13T11:01:18+00:00\",\"description\":\"Sie sind der traditionelle Spendentyp und spenden gerne per Einzahlungsschein. Benutzen Sie das Zewo-G\u00fctesiegel als Kompass, damit Ihre Spende ankommt.\",\"breadcrumb\":{\"@id\":\"https:\/\/zewo.ch\/de\/der-traditionelle-spendentyp\/#breadcrumb\"},\"inLanguage\":\"de\",\"potentialAction\":[{\"@type\":\"ReadAction\",\"target\":[\"https:\/\/zewo.ch\/de\/der-traditionelle-spendentyp\/\"]}]},{\"@type\":\"BreadcrumbList\",\"@id\":\"https:\/\/zewo.ch\/de\/der-traditionelle-spendentyp\/#breadcrumb\",\"itemListElement\":[{\"@type\":\"ListItem\",\"position\":1,\"name\":\"Home\",\"item\":\"https:\/\/zewo.ch\/de\/\"},{\"@type\":\"ListItem\",\"position\":2,\"name\":\"Der traditionelle Spendentyp\"}]},{\"@type\":\"WebSite\",\"@id\":\"https:\/\/zewo.ch\/de\/#website\",\"url\":\"https:\/\/zewo.ch\/de\/\",\"name\":\"Zewo\",\"description\":\"Ihre Spende in guten H\u00e4nden.\",\"publisher\":{\"@id\":\"https:\/\/zewo.ch\/de\/#organization\"},\"potentialAction\":[{\"@type\":\"SearchAction\",\"target\":{\"@type\":\"EntryPoint\",\"urlTemplate\":\"https:\/\/zewo.ch\/de\/?s={search_term_string}\"},\"query-input\":{\"@type\":\"PropertyValueSpecification\",\"valueRequired\":true,\"valueName\":\"search_term_string\"}}],\"inLanguage\":\"de\"},{\"@type\":\"Organization\",\"@id\":\"https:\/\/zewo.ch\/de\/#organization\",\"name\":\"Stiftung Zewo\",\"url\":\"https:\/\/zewo.ch\/de\/\",\"logo\":{\"@type\":\"ImageObject\",\"inLanguage\":\"de\",\"@id\":\"https:\/\/zewo.ch\/de\/#\/schema\/logo\/image\/\",\"url\":\"https:\/\/zewo.ch\/wp-content\/uploads\/2019\/08\/Zewo_Logo_Claim_D.svg\",\"contentUrl\":\"https:\/\/zewo.ch\/wp-content\/uploads\/2019\/08\/Zewo_Logo_Claim_D.svg\",\"width\":1,\"height\":1,\"caption\":\"Stiftung Zewo\"},\"image\":{\"@id\":\"https:\/\/zewo.ch\/de\/#\/schema\/logo\/image\/\"},\"sameAs\":[\"https:\/\/www.facebook.com\/Stiftung.ZEWO\/\",\"https:\/\/x.com\/stiftung_zewo\",\"https:\/\/www.linkedin.com\/company\/stiftung-zewo\",\"https:\/\/www.youtube.com\/channel\/UCzjsVJro12OXcvvx1LQP8tw\",\"https:\/\/de.wikipedia.org\/wiki\/Zewo\"]}]}<\/script>\n<!-- \/ Yoast SEO Premium plugin. -->","yoast_head_json":{"title":"Zewo","description":"Sie sind der traditionelle Spendentyp und spenden gerne per Einzahlungsschein. Benutzen Sie das Zewo-G\u00fctesiegel als Kompass, damit Ihre Spende ankommt.","robots":{"index":"index","follow":"follow","max-snippet":"max-snippet:-1","max-image-preview":"max-image-preview:large","max-video-preview":"max-video-preview:-1"},"canonical":"https:\/\/zewo.ch\/de\/der-traditionelle-spendentyp\/","og_locale":"de_DE","og_type":"article","og_description":"Sie sind der traditionelle Spendentyp und spenden gerne per Einzahlungsschein. Benutzen Sie das Zewo-G\u00fctesiegel als Kompass, damit Ihre Spende ankommt.","og_url":"https:\/\/zewo.ch\/de\/der-traditionelle-spendentyp\/","og_site_name":"Zewo","article_publisher":"https:\/\/www.facebook.com\/Stiftung.ZEWO\/","article_modified_time":"2019-11-13T11:01:18+00:00","twitter_card":"summary_large_image","twitter_site":"@stiftung_zewo","twitter_misc":{"Gesch\u00e4tzte Lesezeit":"1\u00a0Minute"},"schema":{"@context":"https:\/\/schema.org","@graph":[{"@type":"WebPage","@id":"https:\/\/zewo.ch\/de\/der-traditionelle-spendentyp\/#webpage","url":"https:\/\/zewo.ch\/de\/der-traditionelle-spendentyp\/#webpage","name":"","isPartOf":{"@id":"https:\/\/zewo.ch\/de\/#website"},"datePublished":"2019-04-03T11:59:32+00:00","dateModified":"2019-11-13T11:01:18+00:00","description":"Sie sind der traditionelle Spendentyp und spenden gerne per Einzahlungsschein. Benutzen Sie das Zewo-G\u00fctesiegel als Kompass, damit Ihre Spende ankommt.","breadcrumb":{"@id":"https:\/\/zewo.ch\/de\/der-traditionelle-spendentyp\/#breadcrumb"},"inLanguage":"de","potentialAction":[{"@type":"ReadAction","target":["https:\/\/zewo.ch\/de\/der-traditionelle-spendentyp\/"]}]},{"@type":"BreadcrumbList","@id":"https:\/\/zewo.ch\/de\/der-traditionelle-spendentyp\/#breadcrumb","itemListElement":[{"@type":"ListItem","position":1,"name":"Home","item":"https:\/\/zewo.ch\/de\/"},{"@type":"ListItem","position":2,"name":"Der traditionelle Spendentyp"}]},{"@type":"WebSite","@id":"https:\/\/zewo.ch\/de\/#website","url":"https:\/\/zewo.ch\/de\/","name":"Zewo","description":"Ihre Spende in guten H\u00e4nden.","publisher":{"@id":"https:\/\/zewo.ch\/de\/#organization"},"potentialAction":[{"@type":"SearchAction","target":{"@type":"EntryPoint","urlTemplate":"https:\/\/zewo.ch\/de\/?s={search_term_string}"},"query-input":{"@type":"PropertyValueSpecification","valueRequired":true,"valueName":"search_term_string"}}],"inLanguage":"de"},{"@type":"Organization","@id":"https:\/\/zewo.ch\/de\/#organization","name":"Stiftung Zewo","url":"https:\/\/zewo.ch\/de\/","logo":{"@type":"ImageObject","inLanguage":"de","@id":"https:\/\/zewo.ch\/de\/#\/schema\/logo\/image\/","url":"https:\/\/zewo.ch\/wp-content\/uploads\/2019\/08\/Zewo_Logo_Claim_D.svg","contentUrl":"https:\/\/zewo.ch\/wp-content\/uploads\/2019\/08\/Zewo_Logo_Claim_D.svg","width":1,"height":1,"caption":"Stiftung Zewo"},"image":{"@id":"https:\/\/zewo.ch\/de\/#\/schema\/logo\/image\/"},"sameAs":["https:\/\/www.facebook.com\/Stiftung.ZEWO\/","https:\/\/x.com\/stiftung_zewo","https:\/\/www.linkedin.com\/company\/stiftung-zewo","https:\/\/www.youtube.com\/channel\/UCzjsVJro12OXcvvx1LQP8tw","https:\/\/de.wikipedia.org\/wiki\/Zewo"]}]}},"publishpress_future_action":{"enabled":false,"date":"2026-04-22 06:07:29","action":"change-status","newStatus":"draft","terms":[],"taxonomy":"translation_priority","extraData":[]},"publishpress_future_workflow_manual_trigger":{"enabledWorkflows":[]},"_links":{"self":[{"href":"https:\/\/zewo.ch\/de\/wp-json\/wp\/v2\/pages\/346","targetHints":{"allow":["GET"]}}],"collection":[{"href":"https:\/\/zewo.ch\/de\/wp-json\/wp\/v2\/pages"}],"about":[{"href":"https:\/\/zewo.ch\/de\/wp-json\/wp\/v2\/types\/page"}],"author":[{"embeddable":true,"href":"https:\/\/zewo.ch\/de\/wp-json\/wp\/v2\/users\/6"}],"replies":[{"embeddable":true,"href":"https:\/\/zewo.ch\/de\/wp-json\/wp\/v2\/comments?post=346"}],"version-history":[{"count":17,"href":"https:\/\/zewo.ch\/de\/wp-json\/wp\/v2\/pages\/346\/revisions"}],"predecessor-version":[{"id":4498511,"href":"https:\/\/zewo.ch\/de\/wp-json\/wp\/v2\/pages\/346\/revisions\/4498511"}],"wp:attachment":[{"href":"https:\/\/zewo.ch\/de\/wp-json\/wp\/v2\/media?parent=346"}],"wp:term":[{"taxonomy":"folder","embeddable":true,"href":"https:\/\/zewo.ch\/de\/wp-json\/wp\/v2\/folder?post=346"}],"curies":[{"name":"wp","href":"https:\/\/api.w.org\/{rel}","templated":true}]}}