{"id":247541,"date":"2019-06-17T16:39:25","date_gmt":"2019-06-17T14:39:25","guid":{"rendered":"https:\/\/www.zewo.ch\/?page_id=247541"},"modified":"2025-09-04T12:11:53","modified_gmt":"2025-09-04T10:11:53","slug":"archiv-zewo-tagungen","status":"publish","type":"page","link":"https:\/\/zewo.ch\/de\/archiv-zewo-tagungen\/","title":{"rendered":"Fr\u00fchere Zewo-Tagungen"},"content":{"rendered":"\n<div class=\"wp-block-media-text alignwide is-stacked-on-mobile\"><figure class=\"wp-block-media-text__media\"><img loading=\"lazy\" decoding=\"async\" width=\"600\" height=\"400\" src=\"https:\/\/zewo.ch\/wp-content\/uploads\/2025\/09\/Bild_Tagung_25_D.jpg\" alt=\"Bild Zewo Tagung 2025\" class=\"wp-image-5932211 size-full\" srcset=\"https:\/\/zewo.ch\/wp-content\/uploads\/2025\/09\/Bild_Tagung_25_D.jpg 600w, https:\/\/zewo.ch\/wp-content\/uploads\/2025\/09\/Bild_Tagung_25_D-300x200.jpg 300w\" sizes=\"auto, (min-width: 960px) 75vw, 100vw\" \/><\/figure><div class=\"wp-block-media-text__content\">\n<h3 class=\"wp-block-heading\" id=\"h-turbulente-zeiten-wie-npos-kurs-halten-und-haltung-zeigen-zwischen-gegenwind-und-gestaltungswille-impulse-fur-npos-2-september-2025-im-kongresshaus-biel\">Turbulente Zeiten &#8211; wie NPOs Kurs halten und Haltung zeigen: Zwischen Gegenwind und Gestaltungswille &#8211; Impulse f\u00fcr NPOs<br><strong>2. September 2025 im Kongresshaus Biel<\/strong><\/h3>\n\n\n\n<p>Unsere Welt ist aus den Fugen geraten. Inmitten der aufziehenden St\u00fcrme suchen Menschen nach Orientierung, Halt und Hoffnung. Gemeinn\u00fctzige Organisationen k\u00f6nnen Kompass, Stimme der Vernunft und Motoren f\u00fcr Ver\u00e4nderung sein \u2013 m\u00fcssen aber zugleich dem wachsenden Gegenwind standhalten.<\/p>\n\n\n\n<div class=\"wp-block-cgb-block-zewo-block-button ab-block-button\"><a href=\"https:\/\/zewo.ch\/wp-content\/uploads\/2025\/07\/Programm_Tagung_2025_DE.pdf\" class=\"button primary\"><span class=\"button-arrow\"><\/span>Zum Programm der Zewo-Tagung 2025<\/a><\/div>\n<\/div><\/div>\n\n\n\n<div class=\"wp-block-media-text alignwide is-stacked-on-mobile\"><figure class=\"wp-block-media-text__media\"><img loading=\"lazy\" decoding=\"async\" width=\"600\" height=\"400\" src=\"https:\/\/zewo.ch\/wp-content\/uploads\/2024\/06\/Bild_Tagung_24_D.png\" alt=\"Bild Zewo Tagung 2024\" class=\"wp-image-5920205 size-full\" srcset=\"https:\/\/zewo.ch\/wp-content\/uploads\/2024\/06\/Bild_Tagung_24_D.png 600w, https:\/\/zewo.ch\/wp-content\/uploads\/2024\/06\/Bild_Tagung_24_D-300x200.png 300w\" sizes=\"auto, (min-width: 960px) 75vw, 100vw\" \/><\/figure><div class=\"wp-block-media-text__content\">\n<h3 class=\"wp-block-heading\" id=\"h-verantwortung-ubernehmen-strategien-fur-zukunftsfahige-npo-arbeit-12-september-2024-im-volkshaus-zurich\">Verantwortung \u00fcbernehmen: Strategien f\u00fcr zukunftsf\u00e4hige NPO-Arbeit<br><strong>12. September 2024 im Volkshaus Z\u00fcrich<\/strong><\/h3>\n\n\n\n<p>Bereit, die Zukunft zu gestalten? Lassen Sie sich zu neuen Ans\u00e4tzen und innovativen Strategien inspirieren. Gemeinsam packen wir Herausforderungen der NPO-Welt von morgen an und stellen die Weichen f\u00fcr eine erfolgreiche Zukunft.<\/p>\n\n\n\n<div class=\"wp-block-cgb-block-zewo-block-button ab-block-button\"><a href=\"https:\/\/zewo.ch\/wp-content\/uploads\/2024\/06\/Programm_Tagung_2024_D.pdf\" target=\"_blank\" rel=\"noopener noreferrer\" class=\"button primary\"><span class=\"button-arrow\"><\/span>Zum Programm der Zewo-Tagung 2024<\/a><\/div>\n<\/div><\/div>\n\n\n\n<div class=\"wp-block-media-text alignwide is-stacked-on-mobile\"><figure class=\"wp-block-media-text__media\"><img loading=\"lazy\" decoding=\"async\" width=\"1024\" height=\"614\" src=\"https:\/\/zewo.ch\/wp-content\/uploads\/2023\/07\/Bild-Newsletter-Tagung-2023-D_WEB-scaled-1024x614.jpg\" alt=\"Tagung 2023 Newsletter\" class=\"wp-image-5798150 size-full\" srcset=\"https:\/\/zewo.ch\/wp-content\/uploads\/2023\/07\/Bild-Newsletter-Tagung-2023-D_WEB-scaled-1024x614.jpg 1024w, https:\/\/zewo.ch\/wp-content\/uploads\/2023\/07\/Bild-Newsletter-Tagung-2023-D_WEB-scaled-300x180.jpg 300w, https:\/\/zewo.ch\/wp-content\/uploads\/2023\/07\/Bild-Newsletter-Tagung-2023-D_WEB-scaled-768x461.jpg 768w, https:\/\/zewo.ch\/wp-content\/uploads\/2023\/07\/Bild-Newsletter-Tagung-2023-D_WEB-scaled-1536x921.jpg 1536w, https:\/\/zewo.ch\/wp-content\/uploads\/2023\/07\/Bild-Newsletter-Tagung-2023-D_WEB-scaled-2048x1228.jpg 2048w\" sizes=\"auto, (min-width: 960px) 75vw, 100vw\" \/><\/figure><div class=\"wp-block-media-text__content\">\n<h3 class=\"wp-block-heading\" id=\"h-potenzial-entfalten-kunstliche-intelligenz-und-neue-horizonte-in-der-npo-welt-12-september-2023-im-casino-bern\">Potenzial entfalten: K\u00fcnstliche Intelligenz und neue Horizonte in der NPO-Welt<br><strong>12. September 2023 im Casino Bern<\/strong><\/h3>\n\n\n\n<p>Wie gemeinn\u00fctzige Organisationen neue technische M\u00f6glichkeiten verantwortungsvoll nutzen und welche Entwicklungen auf sie zu kommen. Welche Spielregeln braucht es? Was erwartet sie bei der \u00dcberarbeitung der Zewo-Standards?<\/p>\n\n\n\n<div class=\"wp-block-cgb-block-zewo-block-button ab-block-button\"><a href=\"https:\/\/zewo.ch\/wp-content\/uploads\/2023\/08\/Programm_Tagung_2023_D_.pdf\" target=\"_blank\" rel=\"noopener noreferrer\" class=\"button primary\"><span class=\"button-arrow\"><\/span>Zum Programm der Zewo-Tagung 2023<\/a><\/div>\n<\/div><\/div>\n\n\n\n<div class=\"wp-block-media-text alignwide is-stacked-on-mobile\"><figure class=\"wp-block-media-text__media\"><img loading=\"lazy\" decoding=\"async\" width=\"600\" height=\"333\" src=\"https:\/\/zewo.ch\/wp-content\/uploads\/2022\/09\/Tagung-2022.jpg\" alt=\"\" class=\"wp-image-5790492 size-full\" srcset=\"https:\/\/zewo.ch\/wp-content\/uploads\/2022\/09\/Tagung-2022.jpg 600w, https:\/\/zewo.ch\/wp-content\/uploads\/2022\/09\/Tagung-2022-300x167.jpg 300w\" sizes=\"auto, (min-width: 960px) 75vw, 100vw\" \/><\/figure><div class=\"wp-block-media-text__content\">\n<h3 class=\"wp-block-heading\" id=\"h-new-normal-fur-npo-zeit-fur-etwas-neues-13-september-2022-im-volkshaus-zurich\">New Normal f\u00fcr NPO \u2013 Zeit f\u00fcr etwas Neues?<br><strong>13. September 2022 im Volkshaus Z\u00fcrich<\/strong><\/h3>\n\n\n\n<p>Die Post-Pandemie paart sich mit einer geopolitischen Zeitenwende, w\u00e4hrend der Wandel der Gesellschaft weiter Fahrt auf nimmt. Wie gestalten NPO ihre Zukunft ideenreich, wirkungsvoll und mit Erfolg?<\/p>\n\n\n\n<div class=\"wp-block-cgb-block-zewo-block-button ab-block-button\"><a href=\"https:\/\/zewo.ch\/wp-content\/uploads\/2022\/05\/programm-tagung-2022-DE.pdf\" target=\"_blank\" rel=\"noopener noreferrer\" class=\"button primary\"><span class=\"button-arrow\"><\/span>Zum Programm der Zewo-Tagung 2022<\/a><\/div>\n<\/div><\/div>\n\n\n\n<div class=\"wp-block-media-text alignwide is-stacked-on-mobile\"><figure class=\"wp-block-media-text__media\"><img loading=\"lazy\" decoding=\"async\" width=\"600\" height=\"346\" src=\"https:\/\/zewo.ch\/wp-content\/uploads\/2021\/09\/zewo-tagung-2021.jpg\" alt=\"\" class=\"wp-image-5784469 size-full\" srcset=\"https:\/\/zewo.ch\/wp-content\/uploads\/2021\/09\/zewo-tagung-2021.jpg 600w, https:\/\/zewo.ch\/wp-content\/uploads\/2021\/09\/zewo-tagung-2021-300x173.jpg 300w\" sizes=\"auto, (min-width: 960px) 75vw, 100vw\" \/><\/figure><div class=\"wp-block-media-text__content\">\n<h3 class=\"wp-block-heading\" id=\"h-wie-npos-die-welt-verandern-9-september-2021-im-kultur-casino-bern\">Wie NPOs die Welt ver\u00e4ndern<br><strong>9. September 2021 im Kultur Casino Bern<\/strong><\/h3>\n\n\n\n<p>Wie weiss eine NPO, was ihre Arbeit bewirkt? Was n\u00fctzt ihr diese Erkenntnis und wozu nutzt sie sie? Zeit f\u00fcr eine Zwischenbilanz. Wir gehen der Frage nach, wo NPO heute in Bezug auf ihre Wirkung stehen. Wie gut erf\u00fcllen sie die an sie gestellten Erwartungen? Welche Fortschritte gibt es und was ist ungel\u00f6st? Die Tagung zeigt, wie NPO ihre Wirkung f\u00fcr andere sichtbar machen und wohin die Reise geht.<\/p>\n<\/div><\/div>\n\n\n\n<div class=\"wp-block-media-text alignwide is-stacked-on-mobile\"><figure class=\"wp-block-media-text__media\"><img loading=\"lazy\" decoding=\"async\" width=\"1000\" height=\"598\" src=\"https:\/\/zewo.ch\/wp-content\/uploads\/2020\/01\/tagung-2019.jpg\" alt=\"Zewo-Tagung 2019\" class=\"wp-image-4493652 size-full\" srcset=\"https:\/\/zewo.ch\/wp-content\/uploads\/2020\/01\/tagung-2019.jpg 1000w, https:\/\/zewo.ch\/wp-content\/uploads\/2020\/01\/tagung-2019-300x179.jpg 300w, https:\/\/zewo.ch\/wp-content\/uploads\/2020\/01\/tagung-2019-768x459.jpg 768w\" sizes=\"auto, (min-width: 960px) 75vw, 100vw\" \/><\/figure><div class=\"wp-block-media-text__content\">\n<h3 class=\"wp-block-heading\" id=\"h-npo-in-politischen-debatten-19-september-2019-im-volkshaus-zurich\">NPO in politischen Debatten<br><strong>19. September 2019 im Volkshaus Z\u00fcrich<\/strong><\/h3>\n\n\n\n<p>Politische Debatten pr\u00e4gen die Arbeit von NPO und umgekehrt. An der Zewo-Tagung 2019 zeigen NPO wie sie ihre politische Arbeit gestalten und ihre Anliegen einbringen. Erfahren Sie, welche Themen im Brennpunkt stehen.<\/p>\n<\/div><\/div>\n\n\n\n<hr class=\"wp-block-separator has-css-opacity\"\/>\n\n\n\n<div class=\"wp-block-media-text alignwide is-stacked-on-mobile\"><figure class=\"wp-block-media-text__media\"><img loading=\"lazy\" decoding=\"async\" width=\"900\" height=\"593\" src=\"https:\/\/zewo.ch\/wp-content\/uploads\/2019\/08\/tagung-900px.png\" alt=\"Zewo Tagung 2018 &quot;Spendenkultur pflegen&quot;\" class=\"wp-image-503919 size-full\" srcset=\"https:\/\/zewo.ch\/wp-content\/uploads\/2019\/08\/tagung-900px.png 900w, https:\/\/zewo.ch\/wp-content\/uploads\/2019\/08\/tagung-900px-300x198.png 300w, https:\/\/zewo.ch\/wp-content\/uploads\/2019\/08\/tagung-900px-768x506.png 768w\" sizes=\"auto, (min-width: 960px) 75vw, 100vw\" \/><\/figure><div class=\"wp-block-media-text__content\">\n<h3 class=\"wp-block-heading\" id=\"h-spendenkultur-pflegen-4-september-2018-an-der-universitat-bern\">Spendenkultur pflegen<br><strong>4. September 2018 an der Universit\u00e4t Bern<\/strong> <\/h3>\n\n\n\n<p>Blick ins Spenderhirn, sanfte Stupser und Blockchain f\u00fcr NPO. Die Zewo-Tagung 2018 mit Top-Referaten rund ums Spenden wurde von Ladina Spiess moderiert.<\/p>\n<\/div><\/div>\n\n\n\n<hr class=\"wp-block-separator has-css-opacity\"\/>\n\n\n\n<div class=\"wp-block-media-text alignwide is-stacked-on-mobile\"><figure class=\"wp-block-media-text__media\"><img loading=\"lazy\" decoding=\"async\" width=\"600\" height=\"413\" src=\"https:\/\/zewo.ch\/wp-content\/uploads\/2019\/08\/Zewo-Tagung-2017.jpg\" alt=\"Zewo Tagung Flyer 2017\" class=\"wp-image-503927 size-full\" srcset=\"https:\/\/zewo.ch\/wp-content\/uploads\/2019\/08\/Zewo-Tagung-2017.jpg 600w, https:\/\/zewo.ch\/wp-content\/uploads\/2019\/08\/Zewo-Tagung-2017-300x207.jpg 300w\" sizes=\"auto, (min-width: 960px) 75vw, 100vw\" \/><\/figure><div class=\"wp-block-media-text__content\">\n<h3 class=\"wp-block-heading\" id=\"h-npo-unterwegs-in-die-digitale-zukunft-13-september-2017-im-volkshaus-zurich\">NPO unterwegs in die digitale Zukunft<br><strong>13. September 2017 im Volkshaus Z\u00fcrich<\/strong><\/h3>\n\n\n\n<p>Wir stehen an der Schwelle zu einer digitalen Gesellschaft. Wie ver\u00e4ndert dies die Welt der NPO? Die Zewo-Tagung beleuchtet, wie sich der digitale Wandel auf die Arbeit von NPO auswirkt. Sie die NPO-Themen der digitalen Zukunft und geht der Frage nach, wie sich das Spendenwesen ver\u00e4ndern wird. Vortr\u00e4ge, Diskussionen und Live-Demos zeigen, wie NPO die neuen M\u00f6glichkeiten nutzen und welche Risiken sie bergen.<\/p>\n<\/div><\/div>\n\n\n\n<hr class=\"wp-block-separator has-css-opacity\"\/>\n\n\n\n<div class=\"wp-block-media-text alignwide is-stacked-on-mobile\"><figure class=\"wp-block-media-text__media\"><img loading=\"lazy\" decoding=\"async\" width=\"600\" height=\"485\" src=\"https:\/\/zewo.ch\/wp-content\/uploads\/2019\/08\/Zewo-Forum-Tagung-600px.jpg\" alt=\"Zewo Forum Tagung 2016\" class=\"wp-image-503934 size-full\" srcset=\"https:\/\/zewo.ch\/wp-content\/uploads\/2019\/08\/Zewo-Forum-Tagung-600px.jpg 600w, https:\/\/zewo.ch\/wp-content\/uploads\/2019\/08\/Zewo-Forum-Tagung-600px-300x243.jpg 300w\" sizes=\"auto, (min-width: 960px) 75vw, 100vw\" \/><\/figure><div class=\"wp-block-media-text__content\">\n<h3 class=\"wp-block-heading\" id=\"h-npo-in-bewegung-6-september-2016-im-kultur-casino-bern\">NPO in Bewegung<br><strong>6. September 2016 im Kultur Casino Bern <\/strong><\/h3>\n\n\n\n<p>Klassischerweise decken drei Sektoren die Bed\u00fcrfnisse einer Gesellschaft ab. Zum einen die gewinnorientierte Wirtschaft, die durch den freien Markt reguliert wir. Dann der Staat, der mit Steuern gesetzlich festgelegte Leistungen erbringt. Und schliesslich der gemeinn\u00fctzige Sektor, der sich jener Bed\u00fcrfnisse annimmt, die weder durch die Wirtschaft noch durch den Staat abgedeckt werden. Die Solidarit\u00e4t der Zivilgesellschaft tr\u00e4gt diesen dritten Sektor. Er basiert auf Spenden, freiwilligem Engagement und reguliert sich weitgehend selbst. Doch dieses Gef\u00fcge ist in Bewegung.<\/p>\n<\/div><\/div>\n\n\n\n<hr class=\"wp-block-separator has-css-opacity\"\/>\n\n\n\n<div class=\"wp-block-media-text alignwide is-stacked-on-mobile\"><figure class=\"wp-block-media-text__media\"><img loading=\"lazy\" decoding=\"async\" width=\"360\" height=\"200\" src=\"https:\/\/zewo.ch\/wp-content\/uploads\/2019\/08\/tagung-2015-d-360px.png\" alt=\"Zewo Tagung 2015 &quot;Vom Sinn und Unsinn von Mythen&quot;\" class=\"wp-image-503940 size-full\" srcset=\"https:\/\/zewo.ch\/wp-content\/uploads\/2019\/08\/tagung-2015-d-360px.png 360w, https:\/\/zewo.ch\/wp-content\/uploads\/2019\/08\/tagung-2015-d-360px-300x167.png 300w\" sizes=\"auto, (min-width: 960px) 75vw, 100vw\" \/><\/figure><div class=\"wp-block-media-text__content\">\n<h3 class=\"wp-block-heading\" id=\"h-vom-sinn-und-unsinn-von-mythen-8-september-2015-im-volkshaus-zurich\">Vom Sinn und Unsinn von Mythen<br><strong>8. September 2015 im Volkshaus Z\u00fcrich <\/strong><\/h3>\n\n\n\n<p>Bilder, Geschichten und Verhaltensweisen, die sich wiederholen, pr\u00e4gen unsere Wahrnehmung. Sie schaffen Mythen, die Sinn stiften und Orientierung geben. Die Zewo-Tagung widmet sich im geschichtstr\u00e4chtigen Jahr 2015 jenen Mythen, die Hilfswerke umranken.<\/p>\n<\/div><\/div>\n\n\n\n<hr class=\"wp-block-separator has-css-opacity\"\/>\n\n\n\n<div class=\"wp-block-media-text alignwide is-stacked-on-mobile\"><figure class=\"wp-block-media-text__media\"><img loading=\"lazy\" decoding=\"async\" width=\"430\" height=\"432\" src=\"https:\/\/zewo.ch\/wp-content\/uploads\/2019\/06\/jongleur.png\" alt=\"Mann am jonglieren\" class=\"wp-image-247560 size-full\" srcset=\"https:\/\/zewo.ch\/wp-content\/uploads\/2019\/06\/jongleur.png 430w, https:\/\/zewo.ch\/wp-content\/uploads\/2019\/06\/jongleur-150x150.png 150w, https:\/\/zewo.ch\/wp-content\/uploads\/2019\/06\/jongleur-300x300.png 300w\" sizes=\"auto, (min-width: 960px) 75vw, 100vw\" \/><\/figure><div class=\"wp-block-media-text__content\">\n<h3 class=\"wp-block-heading\" id=\"h-vertrauen-ist-gut-kontrolle-ist-burokratisch-23-september-2014-im-hotel-kreuz-in-bern\">Vertrauen ist gut \u2013 Kontrolle ist b\u00fcrokratisch<strong><br>23. September 2014 im Hotel Kreuz in Bern<\/strong><\/h3>\n\n\n\n<p>Wie gelingt es NPO, Vertrauen zu schaffen, immer h\u00f6heren Anspr\u00fcchen zu gen\u00fcgen, ohne unter der Last b\u00fcrokratischer Kontrollen zu ersticken? Die Zewo-Tagung 2014 steht im Zeichen der Standards und Pr\u00fcfmethoden, die die Zewo \u00fcberarbeiten wird.  <\/p>\n<\/div><\/div>\n\n\n\n<hr class=\"wp-block-separator has-css-opacity\"\/>\n\n\n\n<div class=\"wp-block-media-text alignwide is-stacked-on-mobile has-background-background-color has-background\"><figure class=\"wp-block-media-text__media\"><img loading=\"lazy\" decoding=\"async\" width=\"1000\" height=\"724\" src=\"https:\/\/zewo.ch\/wp-content\/uploads\/2022\/04\/Zewo-Tagung-2013-2.jpg\" alt=\"Zewo-Tagung 2013\" class=\"wp-image-5787853 size-full\" srcset=\"https:\/\/zewo.ch\/wp-content\/uploads\/2022\/04\/Zewo-Tagung-2013-2.jpg 1000w, https:\/\/zewo.ch\/wp-content\/uploads\/2022\/04\/Zewo-Tagung-2013-2-300x217.jpg 300w, https:\/\/zewo.ch\/wp-content\/uploads\/2022\/04\/Zewo-Tagung-2013-2-768x556.jpg 768w\" sizes=\"auto, (min-width: 960px) 75vw, 100vw\" \/><\/figure><div class=\"wp-block-media-text__content\">\n<h3 class=\"wp-block-heading\" id=\"h-krisen-kommunikation-17-september-2013-im-volkshaus-zurich\">Krisen-Kommunikation<br><strong>17. September 2013 im Volkshaus Z\u00fcrich<\/strong><\/h3>\n\n\n\n<p>Krise? Kann es bei uns nicht geben. Schon manches Hilfswerk wurde j\u00e4h aus seiner falschen Sicherheit gerissen. Dabei muss es sich nicht einmal um einen riesigen Skandal handeln, Krisen k\u00f6nnen ganz klein beginnen. Und vor allem: Krisen k\u00f6nnen alle treffen!<\/p>\n<\/div><\/div>\n\n\n\n<hr class=\"wp-block-separator has-css-opacity\"\/>\n","protected":false},"excerpt":{"rendered":"<p>Wie NPOs die Welt ver\u00e4ndern9. September 2021 im Kultur Casino Bern Wie weiss eine NPO, was ihre Arbeit bewirkt? Was n\u00fctzt ihr diese Erkenntnis und wozu nutzt sie sie? Zeit f\u00fcr eine Zwischenbilanz. Wir gehen der Frage nach, wo NPO heute in Bezug auf ihre Wirkung stehen. Wie gut erf\u00fcllen sie die an sie gestellten [&hellip;]<\/p>\n","protected":false},"author":6,"featured_media":666040,"parent":0,"menu_order":326,"comment_status":"closed","ping_status":"closed","template":"","meta":{"_acf_changed":false,"footnotes":""},"folder":[6639],"class_list":["post-247541","page","type-page","status-publish","has-post-thumbnail","hentry"],"acf":[],"yoast_head":"<!-- This site is optimized with the Yoast SEO Premium plugin v26.0 (Yoast SEO v26.0) - https:\/\/yoast.com\/wordpress\/plugins\/seo\/ -->\n<title>Zewo<\/title>\n<meta name=\"description\" content=\"Hier finden Sie die vergangenen Zewo-Tagungen mit interessanten Themen im \u00dcberblick.\" \/>\n<meta name=\"robots\" content=\"index, follow, max-snippet:-1, max-image-preview:large, max-video-preview:-1\" \/>\n<link rel=\"canonical\" href=\"https:\/\/zewo.ch\/de\/archiv-zewo-tagungen\/\" \/>\n<meta property=\"og:locale\" content=\"de_DE\" \/>\n<meta property=\"og:type\" content=\"article\" \/>\n<meta property=\"og:description\" content=\"Hier finden Sie die vergangenen Zewo-Tagungen mit interessanten Themen im \u00dcberblick.\" \/>\n<meta property=\"og:url\" content=\"https:\/\/zewo.ch\/de\/archiv-zewo-tagungen\/\" \/>\n<meta property=\"og:site_name\" content=\"Zewo\" \/>\n<meta property=\"article:publisher\" content=\"https:\/\/www.facebook.com\/Stiftung.ZEWO\/\" \/>\n<meta property=\"article:modified_time\" content=\"2025-09-04T10:11:53+00:00\" \/>\n<meta property=\"og:image\" content=\"https:\/\/zewo.ch\/wp-content\/uploads\/2019\/11\/shutterstock_627815009_WP.jpg\" \/>\n\t<meta property=\"og:image:width\" content=\"2200\" \/>\n\t<meta property=\"og:image:height\" content=\"440\" \/>\n\t<meta property=\"og:image:type\" content=\"image\/jpeg\" \/>\n<meta name=\"twitter:card\" content=\"summary_large_image\" \/>\n<meta name=\"twitter:site\" content=\"@stiftung_zewo\" \/>\n<meta name=\"twitter:label1\" content=\"Gesch\u00e4tzte Lesezeit\" \/>\n\t<meta name=\"twitter:data1\" content=\"7\u00a0Minuten\" \/>\n<script type=\"application\/ld+json\" class=\"yoast-schema-graph\">{\"@context\":\"https:\/\/schema.org\",\"@graph\":[{\"@type\":\"WebPage\",\"@id\":\"https:\/\/zewo.ch\/de\/archiv-zewo-tagungen\/#webpage\",\"url\":\"https:\/\/zewo.ch\/de\/archiv-zewo-tagungen\/#webpage\",\"name\":\"\",\"isPartOf\":{\"@id\":\"https:\/\/zewo.ch\/de\/#website\"},\"primaryImageOfPage\":{\"@id\":\"https:\/\/zewo.ch\/de\/archiv-zewo-tagungen\/#primaryimage\"},\"image\":{\"@id\":\"https:\/\/zewo.ch\/de\/archiv-zewo-tagungen\/#primaryimage\"},\"thumbnailUrl\":\"https:\/\/zewo.ch\/wp-content\/uploads\/2019\/11\/shutterstock_627815009_WP.jpg\",\"datePublished\":\"2019-06-17T14:39:25+00:00\",\"dateModified\":\"2025-09-04T10:11:53+00:00\",\"description\":\"Hier finden Sie die vergangenen Zewo-Tagungen mit interessanten Themen im \u00dcberblick.\",\"breadcrumb\":{\"@id\":\"https:\/\/zewo.ch\/de\/archiv-zewo-tagungen\/#breadcrumb\"},\"inLanguage\":\"de\",\"potentialAction\":[{\"@type\":\"ReadAction\",\"target\":[\"https:\/\/zewo.ch\/de\/archiv-zewo-tagungen\/\"]}]},{\"@type\":\"ImageObject\",\"inLanguage\":\"de\",\"@id\":\"https:\/\/zewo.ch\/de\/archiv-zewo-tagungen\/#primaryimage\",\"url\":\"https:\/\/zewo.ch\/wp-content\/uploads\/2019\/11\/shutterstock_627815009_WP.jpg\",\"contentUrl\":\"https:\/\/zewo.ch\/wp-content\/uploads\/2019\/11\/shutterstock_627815009_WP.jpg\",\"width\":2200,\"height\":440},{\"@type\":\"BreadcrumbList\",\"@id\":\"https:\/\/zewo.ch\/de\/archiv-zewo-tagungen\/#breadcrumb\",\"itemListElement\":[{\"@type\":\"ListItem\",\"position\":1,\"name\":\"Home\",\"item\":\"https:\/\/zewo.ch\/de\/\"},{\"@type\":\"ListItem\",\"position\":2,\"name\":\"Fr\u00fchere Zewo-Tagungen\"}]},{\"@type\":\"WebSite\",\"@id\":\"https:\/\/zewo.ch\/de\/#website\",\"url\":\"https:\/\/zewo.ch\/de\/\",\"name\":\"Zewo\",\"description\":\"Ihre Spende in guten H\u00e4nden.\",\"publisher\":{\"@id\":\"https:\/\/zewo.ch\/de\/#organization\"},\"potentialAction\":[{\"@type\":\"SearchAction\",\"target\":{\"@type\":\"EntryPoint\",\"urlTemplate\":\"https:\/\/zewo.ch\/de\/?s={search_term_string}\"},\"query-input\":{\"@type\":\"PropertyValueSpecification\",\"valueRequired\":true,\"valueName\":\"search_term_string\"}}],\"inLanguage\":\"de\"},{\"@type\":\"Organization\",\"@id\":\"https:\/\/zewo.ch\/de\/#organization\",\"name\":\"Stiftung Zewo\",\"url\":\"https:\/\/zewo.ch\/de\/\",\"logo\":{\"@type\":\"ImageObject\",\"inLanguage\":\"de\",\"@id\":\"https:\/\/zewo.ch\/de\/#\/schema\/logo\/image\/\",\"url\":\"https:\/\/zewo.ch\/wp-content\/uploads\/2019\/08\/Zewo_Logo_Claim_D.svg\",\"contentUrl\":\"https:\/\/zewo.ch\/wp-content\/uploads\/2019\/08\/Zewo_Logo_Claim_D.svg\",\"width\":1,\"height\":1,\"caption\":\"Stiftung Zewo\"},\"image\":{\"@id\":\"https:\/\/zewo.ch\/de\/#\/schema\/logo\/image\/\"},\"sameAs\":[\"https:\/\/www.facebook.com\/Stiftung.ZEWO\/\",\"https:\/\/x.com\/stiftung_zewo\",\"https:\/\/www.linkedin.com\/company\/stiftung-zewo\",\"https:\/\/www.youtube.com\/channel\/UCzjsVJro12OXcvvx1LQP8tw\",\"https:\/\/de.wikipedia.org\/wiki\/Zewo\"]}]}<\/script>\n<!-- \/ Yoast SEO Premium plugin. -->","yoast_head_json":{"title":"Zewo","description":"Hier finden Sie die vergangenen Zewo-Tagungen mit interessanten Themen im \u00dcberblick.","robots":{"index":"index","follow":"follow","max-snippet":"max-snippet:-1","max-image-preview":"max-image-preview:large","max-video-preview":"max-video-preview:-1"},"canonical":"https:\/\/zewo.ch\/de\/archiv-zewo-tagungen\/","og_locale":"de_DE","og_type":"article","og_description":"Hier finden Sie die vergangenen Zewo-Tagungen mit interessanten Themen im \u00dcberblick.","og_url":"https:\/\/zewo.ch\/de\/archiv-zewo-tagungen\/","og_site_name":"Zewo","article_publisher":"https:\/\/www.facebook.com\/Stiftung.ZEWO\/","article_modified_time":"2025-09-04T10:11:53+00:00","og_image":[{"width":2200,"height":440,"url":"https:\/\/zewo.ch\/wp-content\/uploads\/2019\/11\/shutterstock_627815009_WP.jpg","type":"image\/jpeg"}],"twitter_card":"summary_large_image","twitter_site":"@stiftung_zewo","twitter_misc":{"Gesch\u00e4tzte Lesezeit":"7\u00a0Minuten"},"schema":{"@context":"https:\/\/schema.org","@graph":[{"@type":"WebPage","@id":"https:\/\/zewo.ch\/de\/archiv-zewo-tagungen\/#webpage","url":"https:\/\/zewo.ch\/de\/archiv-zewo-tagungen\/#webpage","name":"","isPartOf":{"@id":"https:\/\/zewo.ch\/de\/#website"},"primaryImageOfPage":{"@id":"https:\/\/zewo.ch\/de\/archiv-zewo-tagungen\/#primaryimage"},"image":{"@id":"https:\/\/zewo.ch\/de\/archiv-zewo-tagungen\/#primaryimage"},"thumbnailUrl":"https:\/\/zewo.ch\/wp-content\/uploads\/2019\/11\/shutterstock_627815009_WP.jpg","datePublished":"2019-06-17T14:39:25+00:00","dateModified":"2025-09-04T10:11:53+00:00","description":"Hier finden Sie die vergangenen Zewo-Tagungen mit interessanten Themen im \u00dcberblick.","breadcrumb":{"@id":"https:\/\/zewo.ch\/de\/archiv-zewo-tagungen\/#breadcrumb"},"inLanguage":"de","potentialAction":[{"@type":"ReadAction","target":["https:\/\/zewo.ch\/de\/archiv-zewo-tagungen\/"]}]},{"@type":"ImageObject","inLanguage":"de","@id":"https:\/\/zewo.ch\/de\/archiv-zewo-tagungen\/#primaryimage","url":"https:\/\/zewo.ch\/wp-content\/uploads\/2019\/11\/shutterstock_627815009_WP.jpg","contentUrl":"https:\/\/zewo.ch\/wp-content\/uploads\/2019\/11\/shutterstock_627815009_WP.jpg","width":2200,"height":440},{"@type":"BreadcrumbList","@id":"https:\/\/zewo.ch\/de\/archiv-zewo-tagungen\/#breadcrumb","itemListElement":[{"@type":"ListItem","position":1,"name":"Home","item":"https:\/\/zewo.ch\/de\/"},{"@type":"ListItem","position":2,"name":"Fr\u00fchere Zewo-Tagungen"}]},{"@type":"WebSite","@id":"https:\/\/zewo.ch\/de\/#website","url":"https:\/\/zewo.ch\/de\/","name":"Zewo","description":"Ihre Spende in guten H\u00e4nden.","publisher":{"@id":"https:\/\/zewo.ch\/de\/#organization"},"potentialAction":[{"@type":"SearchAction","target":{"@type":"EntryPoint","urlTemplate":"https:\/\/zewo.ch\/de\/?s={search_term_string}"},"query-input":{"@type":"PropertyValueSpecification","valueRequired":true,"valueName":"search_term_string"}}],"inLanguage":"de"},{"@type":"Organization","@id":"https:\/\/zewo.ch\/de\/#organization","name":"Stiftung Zewo","url":"https:\/\/zewo.ch\/de\/","logo":{"@type":"ImageObject","inLanguage":"de","@id":"https:\/\/zewo.ch\/de\/#\/schema\/logo\/image\/","url":"https:\/\/zewo.ch\/wp-content\/uploads\/2019\/08\/Zewo_Logo_Claim_D.svg","contentUrl":"https:\/\/zewo.ch\/wp-content\/uploads\/2019\/08\/Zewo_Logo_Claim_D.svg","width":1,"height":1,"caption":"Stiftung Zewo"},"image":{"@id":"https:\/\/zewo.ch\/de\/#\/schema\/logo\/image\/"},"sameAs":["https:\/\/www.facebook.com\/Stiftung.ZEWO\/","https:\/\/x.com\/stiftung_zewo","https:\/\/www.linkedin.com\/company\/stiftung-zewo","https:\/\/www.youtube.com\/channel\/UCzjsVJro12OXcvvx1LQP8tw","https:\/\/de.wikipedia.org\/wiki\/Zewo"]}]}},"publishpress_future_action":{"enabled":false,"date":"2026-04-28 11:56:08","action":"change-status","newStatus":"draft","terms":[],"taxonomy":"translation_priority","extraData":[]},"publishpress_future_workflow_manual_trigger":{"enabledWorkflows":[]},"_links":{"self":[{"href":"https:\/\/zewo.ch\/de\/wp-json\/wp\/v2\/pages\/247541","targetHints":{"allow":["GET"]}}],"collection":[{"href":"https:\/\/zewo.ch\/de\/wp-json\/wp\/v2\/pages"}],"about":[{"href":"https:\/\/zewo.ch\/de\/wp-json\/wp\/v2\/types\/page"}],"author":[{"embeddable":true,"href":"https:\/\/zewo.ch\/de\/wp-json\/wp\/v2\/users\/6"}],"replies":[{"embeddable":true,"href":"https:\/\/zewo.ch\/de\/wp-json\/wp\/v2\/comments?post=247541"}],"version-history":[{"count":37,"href":"https:\/\/zewo.ch\/de\/wp-json\/wp\/v2\/pages\/247541\/revisions"}],"predecessor-version":[{"id":5932214,"href":"https:\/\/zewo.ch\/de\/wp-json\/wp\/v2\/pages\/247541\/revisions\/5932214"}],"wp:featuredmedia":[{"embeddable":true,"href":"https:\/\/zewo.ch\/de\/wp-json\/wp\/v2\/media\/666040"}],"wp:attachment":[{"href":"https:\/\/zewo.ch\/de\/wp-json\/wp\/v2\/media?parent=247541"}],"wp:term":[{"taxonomy":"folder","embeddable":true,"href":"https:\/\/zewo.ch\/de\/wp-json\/wp\/v2\/folder?post=247541"}],"curies":[{"name":"wp","href":"https:\/\/api.w.org\/{rel}","templated":true}]}}