{"id":2323,"date":"2019-07-08T16:21:26","date_gmt":"2019-07-08T14:21:26","guid":{"rendered":"https:\/\/www.zewo.ch\/?page_id=2323"},"modified":"2021-06-30T08:49:51","modified_gmt":"2021-06-30T06:49:51","slug":"anmeldung-tagung-2021","status":"publish","type":"page","link":"https:\/\/zewo.ch\/de\/anmeldung-tagung-2021\/","title":{"rendered":"Anmeldung zur Zewo-Tagung"},"content":{"rendered":"\n<p>Wir freuen uns, dass wir Sie an der Zewo-Tagung begr\u00fcssen d\u00fcrfen.<br>Bitte melden Sie sich hier an und w\u00e4hlen Sie Ihre Fokusgruppe aus. <\/p>\n\n\n\n<p><strong>Preis f\u00fcr zertifizierte NPO:<\/strong> 280 Franken pro Person<br><strong>Regul\u00e4rer Preis:<\/strong> 420 Franken pro Person<br><strong>Rabatt:<\/strong> 15% Rabatt <strong>nur bei gleichzeitiger Anmeldung<\/strong> von mehr als drei Personen derselben NPO<\/p>\n\n\n\n<p><strong>Beschr\u00e4nkte Platzzahl m\u00f6glich<\/strong><br>Beh\u00f6rdliche Weisungen zum Zeitpunkt der Tagung k\u00f6nnen die Platzzahl einschr\u00e4nken. Wir behalten uns vor, die Pl\u00e4tze nach Eingang der Anmeldung zu ber\u00fccksichtigen.<\/p>\n\n\n\n<p><strong>Pr\u00e4sentationen oder Handouts<\/strong><br>Die Teilnehmerinnen und Teilnehmer erhalten im Anschluss an die Tagung Zugang zu den Pr\u00e4sentationen oder Handouts.<\/p>\n\n\n\n<p><strong>Teilnahmebedingungen<\/strong><br>Die Anmeldung ist f\u00fcr die Teilnehmerin oder den Teilnehmer verbindlich. Bei Abmeldungen sp\u00e4ter als zehn Kalendertage vor der Tagung wird eine Annullierungsgeb\u00fchr von 50 Prozent der Kosten verrechnet. Bei Abmeldungen von weniger als f\u00fcnf Tage vor dem Anlass werden die vollen Kosten verrechnet. Sie k\u00f6nnen aber gerne das Ticket auf eine Stellvertretung \u00fcbertragen lassen. Kontaktieren Sie uns f\u00fcr den neuen Anmeldenamen.<\/p>\n\n\n\n<p>Der Zugang zur Zewo-Tagung ist auf Personen mit Covid-Zertifikat begrenzt. Das Covid-Zertifikat enth\u00e4lt neben dem QR-Code, Name, Vorname, Geburtsdatum und einer Zertifikatsnummer auch die Angaben zur Covid-19-Impfung, zur Genesung oder zum negativen PCR-Test- bzw. Antigen-Schnelltest-Resultat, letzterer darf nicht \u00e4lter als 48 Std. sein. Das Covid-Zertifikat wird beim beim Eintritt zur Zewo-Tagung gescannt.<\/p>\n\n\n\n<div class=\"wpcf7 no-js\" id=\"wpcf7-f903-o1\" lang=\"de-DE\" dir=\"ltr\" data-wpcf7-id=\"903\">\n<div class=\"screen-reader-response\"><p role=\"status\" aria-live=\"polite\" aria-atomic=\"true\"><\/p> <ul><\/ul><\/div>\n<form action=\"\/de\/wp-json\/wp\/v2\/pages\/2323#wpcf7-f903-o1\" method=\"post\" class=\"wpcf7-form init\" aria-label=\"Kontaktformular\" novalidate=\"novalidate\" data-status=\"init\">\n<fieldset class=\"hidden-fields-container\"><input type=\"hidden\" name=\"_wpcf7\" value=\"903\" \/><input type=\"hidden\" name=\"_wpcf7_version\" value=\"6.1.2\" \/><input type=\"hidden\" name=\"_wpcf7_locale\" value=\"de_DE\" \/><input type=\"hidden\" name=\"_wpcf7_unit_tag\" value=\"wpcf7-f903-o1\" \/><input type=\"hidden\" name=\"_wpcf7_container_post\" value=\"0\" \/><input type=\"hidden\" name=\"_wpcf7_posted_data_hash\" value=\"\" \/><input type=\"hidden\" name=\"_wpcf7_recaptcha_response\" value=\"\" \/>\n<\/fieldset>\n<p>Anrede<br \/>\n<span class=\"wpcf7-form-control-wrap\" data-name=\"Anrede\"><select class=\"wpcf7-form-control wpcf7-select wpcf7-validates-as-required\" aria-required=\"true\" aria-invalid=\"false\" name=\"Anrede\"><option value=\"\">&#8211; Bitte ausw\u00e4hlen &#8211;<\/option><option value=\"Frau\">Frau<\/option><option value=\"Herr\">Herr<\/option><\/select><\/span>\n<\/p>\n<div class=\"form-field\">\n\t<p><label> Vorname* <\/label><br \/>\n<span class=\"wpcf7-form-control-wrap\" data-name=\"f-name\"><input size=\"40\" maxlength=\"400\" class=\"wpcf7-form-control wpcf7-text wpcf7-validates-as-required\" aria-required=\"true\" aria-invalid=\"false\" value=\"\" type=\"text\" name=\"f-name\" \/><\/span>\n\t<\/p>\n<\/div>\n<div class=\"form-field\">\n\t<p><label> Name* <\/label><br \/>\n<span class=\"wpcf7-form-control-wrap\" data-name=\"f-surname\"><input size=\"40\" maxlength=\"400\" class=\"wpcf7-form-control wpcf7-text wpcf7-validates-as-required\" aria-required=\"true\" aria-invalid=\"false\" value=\"\" type=\"text\" name=\"f-surname\" \/><\/span>\n\t<\/p>\n<\/div>\n<div class=\"form-field\">\n\t<p><label> E-Mail* <\/label><br \/>\n<span class=\"wpcf7-form-control-wrap\" data-name=\"f-email\"><input size=\"40\" maxlength=\"400\" class=\"wpcf7-form-control wpcf7-email wpcf7-validates-as-required wpcf7-text wpcf7-validates-as-email\" aria-required=\"true\" aria-invalid=\"false\" value=\"\" type=\"email\" name=\"f-email\" \/><\/span>\n\t<\/p>\n<\/div>\n<div class=\"form-field\">\n\t<p><label> Telefon <\/label><br \/>\n<span class=\"wpcf7-form-control-wrap\" data-name=\"f-phone\"><input size=\"40\" maxlength=\"400\" class=\"wpcf7-form-control wpcf7-text\" aria-invalid=\"false\" value=\"\" type=\"text\" name=\"f-phone\" \/><\/span>\n\t<\/p>\n<\/div>\n<div class=\"form-field\">\n\t<p><label> Organisation \/ Firma <\/label><br \/>\n<span class=\"wpcf7-form-control-wrap\" data-name=\"f-company\"><input size=\"40\" maxlength=\"400\" class=\"wpcf7-form-control wpcf7-text\" aria-invalid=\"false\" value=\"\" type=\"text\" name=\"f-company\" \/><\/span>\n\t<\/p>\n<\/div>\n<div class=\"form-field\">\n\t<p><label> Adresse* <\/label><br \/>\n<span class=\"wpcf7-form-control-wrap\" data-name=\"f-strasse\"><input size=\"40\" maxlength=\"400\" class=\"wpcf7-form-control wpcf7-text wpcf7-validates-as-required\" aria-required=\"true\" aria-invalid=\"false\" value=\"\" type=\"text\" name=\"f-strasse\" \/><\/span>\n\t<\/p>\n<\/div>\n<div class=\"form-field\">\n\t<p><label> PLZ\/Ort* <\/label><br \/>\n<span class=\"wpcf7-form-control-wrap\" data-name=\"f-address\"><input size=\"40\" maxlength=\"400\" class=\"wpcf7-form-control wpcf7-text wpcf7-validates-as-required\" aria-required=\"true\" aria-invalid=\"false\" value=\"\" type=\"text\" name=\"f-address\" \/><\/span>\n\t<\/p>\n<\/div>\n<p>Fokusgruppe<br \/>\n<span class=\"wpcf7-form-control-wrap\" data-name=\"Fokusgruppen\"><select class=\"wpcf7-form-control wpcf7-select wpcf7-validates-as-required\" aria-required=\"true\" aria-invalid=\"false\" name=\"Fokusgruppen\"><option value=\"\">&#8211; Bitte ausw\u00e4hlen &#8211;<\/option><option value=\"1: Kommunikation bei Gegenwind - wie NPOs sich Geh\u00f6r verschaffen \n(zweisprachig f\/d, simultan \u00fcbersetzt d\/f)\">1: Kommunikation bei Gegenwind - wie NPOs sich Geh\u00f6r verschaffen \n(zweisprachig f\/d, simultan \u00fcbersetzt d\/f)<\/option><option value=\"2: Neue Communities erreichen - Menschen digital begeistern (Input d, Diskussion und Fragen jeder spricht seine Sprache)\">2: Neue Communities erreichen - Menschen digital begeistern (Input d, Diskussion und Fragen jeder spricht seine Sprache)<\/option><option value=\"3: Demokratie digital denken \u2013 Zwischen Roboter-Unterschriften und echtem Engagement (deutsch)\">3: Demokratie digital denken \u2013 Zwischen Roboter-Unterschriften und echtem Engagement (deutsch)<\/option><option value=\"4: Fl\u00fcgel, die tragen - Wie NGOs Wirkung entfalten (Input f, Diskussion und Fragen jeder spricht seine Sprache)\">4: Fl\u00fcgel, die tragen - Wie NGOs Wirkung entfalten (Input f, Diskussion und Fragen jeder spricht seine Sprache)<\/option><\/select><\/span>\n<\/p>\n<p>Bitte teilen Sie uns mit, ob Sie ein vegetarisches Mittagsmen\u00fc w\u00fcnschen<br \/>\n<span class=\"wpcf7-form-control-wrap\" data-name=\"menu-184\"><select class=\"wpcf7-form-control wpcf7-select wpcf7-validates-as-required\" aria-required=\"true\" aria-invalid=\"false\" name=\"menu-184\"><option value=\"\">&#8211; Bitte ausw\u00e4hlen &#8211;<\/option><option value=\"Ja, ich m\u00f6chte ein vegetarisches Mittagsmen\u00fc.\">Ja, ich m\u00f6chte ein vegetarisches Mittagsmen\u00fc.<\/option><option value=\"Nein, ich m\u00f6chte kein vegetarisches Mittagsmen\u00fc.\">Nein, ich m\u00f6chte kein vegetarisches Mittagsmen\u00fc.<\/option><\/select><\/span>\n<\/p>\n<div class=\"form-field\">\n\t<p><label> Nachricht <\/label><br \/>\n<span class=\"wpcf7-form-control-wrap\" data-name=\"f-message\"><textarea cols=\"40\" rows=\"10\" maxlength=\"2000\" class=\"wpcf7-form-control wpcf7-textarea\" aria-invalid=\"false\" name=\"f-message\"><\/textarea><\/span>\n\t<\/p>\n<\/div>\n<p><button id='submit' class='wpcf7-form-control wpcf7-submit button is--transparent'><span class=\"button-arrow\"><\/span>Anmeldung abschicken<\/button>\n<\/p><div class=\"wpcf7-response-output\" aria-hidden=\"true\"><\/div>\n<\/form>\n<\/div>\n\n","protected":false},"excerpt":{"rendered":"<p>Wir freuen uns, dass wir Sie an der Zewo-Tagung begr\u00fcssen d\u00fcrfen.Bitte melden Sie sich hier an und w\u00e4hlen Sie Ihre Fokusgruppe aus. Preis f\u00fcr zertifizierte NPO: 280 Franken pro PersonRegul\u00e4rer Preis: 420 Franken pro PersonRabatt: 15% Rabatt nur bei gleichzeitiger Anmeldung von mehr als drei Personen derselben NPO Beschr\u00e4nkte Platzzahl m\u00f6glichBeh\u00f6rdliche Weisungen zum Zeitpunkt der [&hellip;]<\/p>\n","protected":false},"author":6,"featured_media":666029,"parent":0,"menu_order":333,"comment_status":"closed","ping_status":"closed","template":"","meta":{"_acf_changed":false,"footnotes":""},"folder":[6639],"class_list":["post-2323","page","type-page","status-publish","has-post-thumbnail","hentry"],"acf":[],"yoast_head":"<!-- This site is optimized with the Yoast SEO Premium plugin v26.0 (Yoast SEO v26.0) - https:\/\/yoast.com\/wordpress\/plugins\/seo\/ -->\n<title>Zewo<\/title>\n<meta name=\"description\" content=\"Bei der Zewo-Tagung werden jedes Jahr interessante Referate und Workshops zu aktuellen Themen im Spendenmarkt angeboten. Anmeldung zur Tagung.\" \/>\n<meta name=\"robots\" content=\"index, follow, max-snippet:-1, max-image-preview:large, max-video-preview:-1\" \/>\n<link rel=\"canonical\" href=\"https:\/\/zewo.ch\/de\/anmeldung-tagung-2021\/\" \/>\n<meta property=\"og:locale\" content=\"de_DE\" \/>\n<meta property=\"og:type\" content=\"article\" \/>\n<meta property=\"og:description\" content=\"Bei der Zewo-Tagung werden jedes Jahr interessante Referate und Workshops zu aktuellen Themen im Spendenmarkt angeboten. Anmeldung zur Tagung.\" \/>\n<meta property=\"og:url\" content=\"https:\/\/zewo.ch\/de\/anmeldung-tagung-2021\/\" \/>\n<meta property=\"og:site_name\" content=\"Zewo\" \/>\n<meta property=\"article:publisher\" content=\"https:\/\/www.facebook.com\/Stiftung.ZEWO\/\" \/>\n<meta property=\"article:modified_time\" content=\"2021-06-30T06:49:51+00:00\" \/>\n<meta property=\"og:image\" content=\"https:\/\/zewo.ch\/wp-content\/uploads\/2019\/11\/shutterstock_169271552_WP.jpg\" \/>\n\t<meta property=\"og:image:width\" content=\"2200\" \/>\n\t<meta property=\"og:image:height\" content=\"440\" \/>\n\t<meta property=\"og:image:type\" content=\"image\/jpeg\" \/>\n<meta name=\"twitter:card\" content=\"summary_large_image\" \/>\n<meta name=\"twitter:site\" content=\"@stiftung_zewo\" \/>\n<meta name=\"twitter:label1\" content=\"Gesch\u00e4tzte Lesezeit\" \/>\n\t<meta name=\"twitter:data1\" content=\"1\u00a0Minute\" \/>\n<script type=\"application\/ld+json\" class=\"yoast-schema-graph\">{\"@context\":\"https:\/\/schema.org\",\"@graph\":[{\"@type\":\"WebPage\",\"@id\":\"https:\/\/zewo.ch\/de\/anmeldung-tagung-2021\/#webpage\",\"url\":\"https:\/\/zewo.ch\/de\/anmeldung-tagung-2021\/#webpage\",\"name\":\"\",\"isPartOf\":{\"@id\":\"https:\/\/zewo.ch\/de\/#website\"},\"primaryImageOfPage\":{\"@id\":\"https:\/\/zewo.ch\/de\/anmeldung-tagung-2021\/#primaryimage\"},\"image\":{\"@id\":\"https:\/\/zewo.ch\/de\/anmeldung-tagung-2021\/#primaryimage\"},\"thumbnailUrl\":\"https:\/\/zewo.ch\/wp-content\/uploads\/2019\/11\/shutterstock_169271552_WP.jpg\",\"datePublished\":\"2019-07-08T14:21:26+00:00\",\"dateModified\":\"2021-06-30T06:49:51+00:00\",\"description\":\"Bei der Zewo-Tagung werden jedes Jahr interessante Referate und Workshops zu aktuellen Themen im Spendenmarkt angeboten. Anmeldung zur Tagung.\",\"breadcrumb\":{\"@id\":\"https:\/\/zewo.ch\/de\/anmeldung-tagung-2021\/#breadcrumb\"},\"inLanguage\":\"de\",\"potentialAction\":[{\"@type\":\"ReadAction\",\"target\":[\"https:\/\/zewo.ch\/de\/anmeldung-tagung-2021\/\"]}]},{\"@type\":\"ImageObject\",\"inLanguage\":\"de\",\"@id\":\"https:\/\/zewo.ch\/de\/anmeldung-tagung-2021\/#primaryimage\",\"url\":\"https:\/\/zewo.ch\/wp-content\/uploads\/2019\/11\/shutterstock_169271552_WP.jpg\",\"contentUrl\":\"https:\/\/zewo.ch\/wp-content\/uploads\/2019\/11\/shutterstock_169271552_WP.jpg\",\"width\":2200,\"height\":440},{\"@type\":\"BreadcrumbList\",\"@id\":\"https:\/\/zewo.ch\/de\/anmeldung-tagung-2021\/#breadcrumb\",\"itemListElement\":[{\"@type\":\"ListItem\",\"position\":1,\"name\":\"Home\",\"item\":\"https:\/\/zewo.ch\/de\/\"},{\"@type\":\"ListItem\",\"position\":2,\"name\":\"Anmeldung zur Zewo-Tagung\"}]},{\"@type\":\"WebSite\",\"@id\":\"https:\/\/zewo.ch\/de\/#website\",\"url\":\"https:\/\/zewo.ch\/de\/\",\"name\":\"Zewo\",\"description\":\"Ihre Spende in guten H\u00e4nden.\",\"publisher\":{\"@id\":\"https:\/\/zewo.ch\/de\/#organization\"},\"potentialAction\":[{\"@type\":\"SearchAction\",\"target\":{\"@type\":\"EntryPoint\",\"urlTemplate\":\"https:\/\/zewo.ch\/de\/?s={search_term_string}\"},\"query-input\":{\"@type\":\"PropertyValueSpecification\",\"valueRequired\":true,\"valueName\":\"search_term_string\"}}],\"inLanguage\":\"de\"},{\"@type\":\"Organization\",\"@id\":\"https:\/\/zewo.ch\/de\/#organization\",\"name\":\"Stiftung Zewo\",\"url\":\"https:\/\/zewo.ch\/de\/\",\"logo\":{\"@type\":\"ImageObject\",\"inLanguage\":\"de\",\"@id\":\"https:\/\/zewo.ch\/de\/#\/schema\/logo\/image\/\",\"url\":\"https:\/\/zewo.ch\/wp-content\/uploads\/2019\/08\/Zewo_Logo_Claim_D.svg\",\"contentUrl\":\"https:\/\/zewo.ch\/wp-content\/uploads\/2019\/08\/Zewo_Logo_Claim_D.svg\",\"width\":1,\"height\":1,\"caption\":\"Stiftung Zewo\"},\"image\":{\"@id\":\"https:\/\/zewo.ch\/de\/#\/schema\/logo\/image\/\"},\"sameAs\":[\"https:\/\/www.facebook.com\/Stiftung.ZEWO\/\",\"https:\/\/x.com\/stiftung_zewo\",\"https:\/\/www.linkedin.com\/company\/stiftung-zewo\",\"https:\/\/www.youtube.com\/channel\/UCzjsVJro12OXcvvx1LQP8tw\",\"https:\/\/de.wikipedia.org\/wiki\/Zewo\"]}]}<\/script>\n<!-- \/ Yoast SEO Premium plugin. -->","yoast_head_json":{"title":"Zewo","description":"Bei der Zewo-Tagung werden jedes Jahr interessante Referate und Workshops zu aktuellen Themen im Spendenmarkt angeboten. Anmeldung zur Tagung.","robots":{"index":"index","follow":"follow","max-snippet":"max-snippet:-1","max-image-preview":"max-image-preview:large","max-video-preview":"max-video-preview:-1"},"canonical":"https:\/\/zewo.ch\/de\/anmeldung-tagung-2021\/","og_locale":"de_DE","og_type":"article","og_description":"Bei der Zewo-Tagung werden jedes Jahr interessante Referate und Workshops zu aktuellen Themen im Spendenmarkt angeboten. Anmeldung zur Tagung.","og_url":"https:\/\/zewo.ch\/de\/anmeldung-tagung-2021\/","og_site_name":"Zewo","article_publisher":"https:\/\/www.facebook.com\/Stiftung.ZEWO\/","article_modified_time":"2021-06-30T06:49:51+00:00","og_image":[{"width":2200,"height":440,"url":"https:\/\/zewo.ch\/wp-content\/uploads\/2019\/11\/shutterstock_169271552_WP.jpg","type":"image\/jpeg"}],"twitter_card":"summary_large_image","twitter_site":"@stiftung_zewo","twitter_misc":{"Gesch\u00e4tzte Lesezeit":"1\u00a0Minute"},"schema":{"@context":"https:\/\/schema.org","@graph":[{"@type":"WebPage","@id":"https:\/\/zewo.ch\/de\/anmeldung-tagung-2021\/#webpage","url":"https:\/\/zewo.ch\/de\/anmeldung-tagung-2021\/#webpage","name":"","isPartOf":{"@id":"https:\/\/zewo.ch\/de\/#website"},"primaryImageOfPage":{"@id":"https:\/\/zewo.ch\/de\/anmeldung-tagung-2021\/#primaryimage"},"image":{"@id":"https:\/\/zewo.ch\/de\/anmeldung-tagung-2021\/#primaryimage"},"thumbnailUrl":"https:\/\/zewo.ch\/wp-content\/uploads\/2019\/11\/shutterstock_169271552_WP.jpg","datePublished":"2019-07-08T14:21:26+00:00","dateModified":"2021-06-30T06:49:51+00:00","description":"Bei der Zewo-Tagung werden jedes Jahr interessante Referate und Workshops zu aktuellen Themen im Spendenmarkt angeboten. Anmeldung zur Tagung.","breadcrumb":{"@id":"https:\/\/zewo.ch\/de\/anmeldung-tagung-2021\/#breadcrumb"},"inLanguage":"de","potentialAction":[{"@type":"ReadAction","target":["https:\/\/zewo.ch\/de\/anmeldung-tagung-2021\/"]}]},{"@type":"ImageObject","inLanguage":"de","@id":"https:\/\/zewo.ch\/de\/anmeldung-tagung-2021\/#primaryimage","url":"https:\/\/zewo.ch\/wp-content\/uploads\/2019\/11\/shutterstock_169271552_WP.jpg","contentUrl":"https:\/\/zewo.ch\/wp-content\/uploads\/2019\/11\/shutterstock_169271552_WP.jpg","width":2200,"height":440},{"@type":"BreadcrumbList","@id":"https:\/\/zewo.ch\/de\/anmeldung-tagung-2021\/#breadcrumb","itemListElement":[{"@type":"ListItem","position":1,"name":"Home","item":"https:\/\/zewo.ch\/de\/"},{"@type":"ListItem","position":2,"name":"Anmeldung zur Zewo-Tagung"}]},{"@type":"WebSite","@id":"https:\/\/zewo.ch\/de\/#website","url":"https:\/\/zewo.ch\/de\/","name":"Zewo","description":"Ihre Spende in guten H\u00e4nden.","publisher":{"@id":"https:\/\/zewo.ch\/de\/#organization"},"potentialAction":[{"@type":"SearchAction","target":{"@type":"EntryPoint","urlTemplate":"https:\/\/zewo.ch\/de\/?s={search_term_string}"},"query-input":{"@type":"PropertyValueSpecification","valueRequired":true,"valueName":"search_term_string"}}],"inLanguage":"de"},{"@type":"Organization","@id":"https:\/\/zewo.ch\/de\/#organization","name":"Stiftung Zewo","url":"https:\/\/zewo.ch\/de\/","logo":{"@type":"ImageObject","inLanguage":"de","@id":"https:\/\/zewo.ch\/de\/#\/schema\/logo\/image\/","url":"https:\/\/zewo.ch\/wp-content\/uploads\/2019\/08\/Zewo_Logo_Claim_D.svg","contentUrl":"https:\/\/zewo.ch\/wp-content\/uploads\/2019\/08\/Zewo_Logo_Claim_D.svg","width":1,"height":1,"caption":"Stiftung Zewo"},"image":{"@id":"https:\/\/zewo.ch\/de\/#\/schema\/logo\/image\/"},"sameAs":["https:\/\/www.facebook.com\/Stiftung.ZEWO\/","https:\/\/x.com\/stiftung_zewo","https:\/\/www.linkedin.com\/company\/stiftung-zewo","https:\/\/www.youtube.com\/channel\/UCzjsVJro12OXcvvx1LQP8tw","https:\/\/de.wikipedia.org\/wiki\/Zewo"]}]}},"publishpress_future_action":{"enabled":false,"date":"2026-04-22 23:27:32","action":"change-status","newStatus":"draft","terms":[],"taxonomy":"translation_priority","extraData":[]},"publishpress_future_workflow_manual_trigger":{"enabledWorkflows":[]},"_links":{"self":[{"href":"https:\/\/zewo.ch\/de\/wp-json\/wp\/v2\/pages\/2323","targetHints":{"allow":["GET"]}}],"collection":[{"href":"https:\/\/zewo.ch\/de\/wp-json\/wp\/v2\/pages"}],"about":[{"href":"https:\/\/zewo.ch\/de\/wp-json\/wp\/v2\/types\/page"}],"author":[{"embeddable":true,"href":"https:\/\/zewo.ch\/de\/wp-json\/wp\/v2\/users\/6"}],"replies":[{"embeddable":true,"href":"https:\/\/zewo.ch\/de\/wp-json\/wp\/v2\/comments?post=2323"}],"version-history":[{"count":18,"href":"https:\/\/zewo.ch\/de\/wp-json\/wp\/v2\/pages\/2323\/revisions"}],"predecessor-version":[{"id":5784505,"href":"https:\/\/zewo.ch\/de\/wp-json\/wp\/v2\/pages\/2323\/revisions\/5784505"}],"wp:featuredmedia":[{"embeddable":true,"href":"https:\/\/zewo.ch\/de\/wp-json\/wp\/v2\/media\/666029"}],"wp:attachment":[{"href":"https:\/\/zewo.ch\/de\/wp-json\/wp\/v2\/media?parent=2323"}],"wp:term":[{"taxonomy":"folder","embeddable":true,"href":"https:\/\/zewo.ch\/de\/wp-json\/wp\/v2\/folder?post=2323"}],"curies":[{"name":"wp","href":"https:\/\/api.w.org\/{rel}","templated":true}]}}