{"id":218109,"date":"2019-06-12T09:54:11","date_gmt":"2019-06-12T07:54:11","guid":{"rendered":"https:\/\/www.zewo.ch\/?page_id=218109"},"modified":"2026-02-17T11:32:21","modified_gmt":"2026-02-17T10:32:21","slug":"zewo-tagung","status":"publish","type":"page","link":"https:\/\/zewo.ch\/de\/zewo-tagung\/","title":{"rendered":"Zewo-Tagung"},"content":{"rendered":"\n<p>Die letzte Zewo-Tagung fand am 2. September 2025 im Kongresshaus CTS Biel-Bienne statt unter dem Titel:<\/p>\n\n\n\n<p class=\"has-text-align-center\"><strong>Turbulente Zeiten &#8211; wie NPOs Kurs halten und Haltung zeigen <\/strong><\/p>\n\n\n\n<p>Wir danken allen Teilnehmerinnen und Teilnehmern sowie Referentinnen und Referenten ganz herzlich f\u00fcr ihr Engagement und ihren wertvollen Beitrag. <br><br>Gemeinsam haben wir inspirierende Pr\u00e4sentationen geh\u00f6rt, spannende Diskussionen gef\u00fchrt und neue Impulse gesetzt und so zu einem gelungenen Austausch zwischen NPOs beigetragen.  <\/p>\n\n\n\n<h2 class=\"wp-block-heading\">Impressionen Zewo-Tagung 2025<\/h2>\n\n\n\n<p>Hier einige Impressionen vom 2. September 2025:<\/p>\n\n\n\n<iframe loading=\"lazy\" title=\"Zewo Tagung 2025\/Congr\u00e8s Zewo 2025 Impressionen\/ impressions\" width=\"720\" height=\"405\" src=\"https:\/\/www.youtube.com\/embed\/GDvo4hxKVok?feature=oembed&#038;enablejsapi=1&#038;origin=https:\/\/zewo.ch\" frameborder=\"0\" allow=\"accelerometer; autoplay; clipboard-write; encrypted-media; gyroscope; picture-in-picture; web-share\" referrerpolicy=\"strict-origin-when-cross-origin\" allowfullscreen><\/iframe>\n\n\n\n<div style=\"height:42px\" aria-hidden=\"true\" class=\"wp-block-spacer\"><\/div>\n\n\n\n<h2 class=\"wp-block-heading\" id=\"h-auf-ein-wiedersehen-an-der-zewo-tagung-2026-reservieren-sie-jetzt-das-datum\">Auf ein Wiedersehen an der Zewo-Tagung 2026 &#8211; reservieren Sie jetzt das Datum!<\/h2>\n\n\n\n<figure class=\"wp-block-image size-full is-resized\"><img loading=\"lazy\" decoding=\"async\" width=\"600\" height=\"400\" src=\"https:\/\/zewo.ch\/wp-content\/uploads\/2025\/07\/savethedate2026.jpg\" alt=\"Bild Save the date Zewo Tagung\" class=\"wp-image-5931248\" style=\"width:840px;height:auto\" srcset=\"https:\/\/zewo.ch\/wp-content\/uploads\/2025\/07\/savethedate2026.jpg 600w, https:\/\/zewo.ch\/wp-content\/uploads\/2025\/07\/savethedate2026-300x200.jpg 300w\" sizes=\"auto, (min-width: 960px) 75vw, 100vw\" \/><\/figure>\n\n\n\n<div style=\"height:31px\" aria-hidden=\"true\" class=\"wp-block-spacer\"><\/div>\n\n\n\n<h2 class=\"wp-block-heading\" id=\"h-save-the-date-die-nachsten-zewo-tagungen\">Save the date &#8211; die n\u00e4chsten Zewo-Tagungen<\/h2>\n\n\n\n<p>Tragen Sie schon jetzt die Daten der Zewo-Tagungen 2027 und 2028 ein, damit Sie an diesen inspirierenden Veranstaltungen f\u00fcr NPOs dabei sein k\u00f6nnen:<\/p>\n\n\n\n<p><strong>7.9.2027 im Casino Bern<br>31.8.2028 im Volkshaus Z\u00fcrich<\/strong><\/p>\n\n\n\n<div style=\"height:44px\" aria-hidden=\"true\" class=\"wp-block-spacer\"><\/div>\n\n\n\n<h2 class=\"wp-block-heading\" id=\"h-archiv-zewo-tagungen\">Archiv Zewo-Tagungen<\/h2>\n\n\n\n<ul class=\"wp-block-cgb-block-zewo-block-links container container-columns-1\">\n<li class=\"wp-block-cgb-block-zewo-block-link ab-block-link\"><a href=\"\/de\/archiv-zewo-tagungen\/\" class=\"button\"><span>Zum Archiv der Zewo-Tagungen<\/span><span class=\"button-arrow--long\"><\/span><\/a><\/li>\n<\/ul>\n\n\n\n<div class=\"wp-block-cgb-block-zewo-block-button ab-block-button\"><a href=\"\/de\/anlasse-und-kurse\/\" class=\"button primary\"><span class=\"button-arrow\"><\/span>Zur\u00fcck zur \u00dcbersicht<\/a><\/div>\n","protected":false},"excerpt":{"rendered":"<p>Die letzte Zewo-Tagung fand am 2. September 2025 im Kongresshaus CTS Biel-Bienne statt unter dem Titel: Turbulente Zeiten &#8211; wie NPOs Kurs halten und Haltung zeigen Wir danken allen Teilnehmerinnen und Teilnehmern sowie Referentinnen und Referenten ganz herzlich f\u00fcr ihr Engagement und ihren wertvollen Beitrag. Gemeinsam haben wir inspirierende Pr\u00e4sentationen geh\u00f6rt, spannende Diskussionen gef\u00fchrt und [&hellip;]<\/p>\n","protected":false},"author":6,"featured_media":5929317,"parent":0,"menu_order":325,"comment_status":"closed","ping_status":"closed","template":"","meta":{"_acf_changed":false,"footnotes":""},"folder":[6639],"class_list":["post-218109","page","type-page","status-publish","has-post-thumbnail","hentry"],"acf":[],"yoast_head":"<!-- This site is optimized with the Yoast SEO Premium plugin v26.0 (Yoast SEO v26.0) - https:\/\/yoast.com\/wordpress\/plugins\/seo\/ -->\n<title>Zewo<\/title>\n<meta name=\"description\" content=\"Die Zewo-Tagung ist der j\u00e4hrliche Treffpunkt f\u00fcr Schweizer NPOs \u2013 mit Fachreferaten, Workshops und wertvollem Austausch unter Fachleuten.\" \/>\n<meta name=\"robots\" content=\"index, follow, max-snippet:-1, max-image-preview:large, max-video-preview:-1\" \/>\n<link rel=\"canonical\" href=\"https:\/\/zewo.ch\/de\/zewo-tagung\/\" \/>\n<meta property=\"og:locale\" content=\"de_DE\" \/>\n<meta property=\"og:type\" content=\"article\" \/>\n<meta property=\"og:description\" content=\"Die Zewo-Tagung ist der j\u00e4hrliche Treffpunkt f\u00fcr Schweizer NPOs \u2013 mit Fachreferaten, Workshops und wertvollem Austausch unter Fachleuten.\" \/>\n<meta property=\"og:url\" content=\"https:\/\/zewo.ch\/de\/zewo-tagung\/\" \/>\n<meta property=\"og:site_name\" content=\"Zewo\" \/>\n<meta property=\"article:publisher\" content=\"https:\/\/www.facebook.com\/Stiftung.ZEWO\/\" \/>\n<meta property=\"article:modified_time\" content=\"2026-02-17T10:32:21+00:00\" \/>\n<meta property=\"og:image\" content=\"https:\/\/zewo.ch\/wp-content\/uploads\/2025\/06\/headertagungCTS.jpg\" \/>\n\t<meta property=\"og:image:width\" content=\"2200\" \/>\n\t<meta property=\"og:image:height\" content=\"591\" \/>\n\t<meta property=\"og:image:type\" content=\"image\/jpeg\" \/>\n<meta name=\"twitter:card\" content=\"summary_large_image\" \/>\n<meta name=\"twitter:site\" content=\"@stiftung_zewo\" \/>\n<meta name=\"twitter:label1\" content=\"Gesch\u00e4tzte Lesezeit\" \/>\n\t<meta name=\"twitter:data1\" content=\"2\u00a0Minuten\" \/>\n<script type=\"application\/ld+json\" class=\"yoast-schema-graph\">{\"@context\":\"https:\/\/schema.org\",\"@graph\":[{\"@type\":\"WebPage\",\"@id\":\"https:\/\/zewo.ch\/de\/zewo-tagung\/#webpage\",\"url\":\"https:\/\/zewo.ch\/de\/zewo-tagung\/#webpage\",\"name\":\"\",\"isPartOf\":{\"@id\":\"https:\/\/zewo.ch\/de\/#website\"},\"primaryImageOfPage\":{\"@id\":\"https:\/\/zewo.ch\/de\/zewo-tagung\/#primaryimage\"},\"image\":{\"@id\":\"https:\/\/zewo.ch\/de\/zewo-tagung\/#primaryimage\"},\"thumbnailUrl\":\"https:\/\/zewo.ch\/wp-content\/uploads\/2025\/06\/headertagungCTS.jpg\",\"datePublished\":\"2019-06-12T07:54:11+00:00\",\"dateModified\":\"2026-02-17T10:32:21+00:00\",\"description\":\"Die Zewo-Tagung ist der j\u00e4hrliche Treffpunkt f\u00fcr Schweizer NPOs \u2013 mit Fachreferaten, Workshops und wertvollem Austausch unter Fachleuten.\",\"breadcrumb\":{\"@id\":\"https:\/\/zewo.ch\/de\/zewo-tagung\/#breadcrumb\"},\"inLanguage\":\"de\",\"potentialAction\":[{\"@type\":\"ReadAction\",\"target\":[\"https:\/\/zewo.ch\/de\/zewo-tagung\/\"]}]},{\"@type\":\"ImageObject\",\"inLanguage\":\"de\",\"@id\":\"https:\/\/zewo.ch\/de\/zewo-tagung\/#primaryimage\",\"url\":\"https:\/\/zewo.ch\/wp-content\/uploads\/2025\/06\/headertagungCTS.jpg\",\"contentUrl\":\"https:\/\/zewo.ch\/wp-content\/uploads\/2025\/06\/headertagungCTS.jpg\",\"width\":2200,\"height\":591},{\"@type\":\"BreadcrumbList\",\"@id\":\"https:\/\/zewo.ch\/de\/zewo-tagung\/#breadcrumb\",\"itemListElement\":[{\"@type\":\"ListItem\",\"position\":1,\"name\":\"Home\",\"item\":\"https:\/\/zewo.ch\/de\/\"},{\"@type\":\"ListItem\",\"position\":2,\"name\":\"Zewo-Tagung\"}]},{\"@type\":\"WebSite\",\"@id\":\"https:\/\/zewo.ch\/de\/#website\",\"url\":\"https:\/\/zewo.ch\/de\/\",\"name\":\"Zewo\",\"description\":\"Ihre Spende in guten H\u00e4nden.\",\"publisher\":{\"@id\":\"https:\/\/zewo.ch\/de\/#organization\"},\"potentialAction\":[{\"@type\":\"SearchAction\",\"target\":{\"@type\":\"EntryPoint\",\"urlTemplate\":\"https:\/\/zewo.ch\/de\/?s={search_term_string}\"},\"query-input\":{\"@type\":\"PropertyValueSpecification\",\"valueRequired\":true,\"valueName\":\"search_term_string\"}}],\"inLanguage\":\"de\"},{\"@type\":\"Organization\",\"@id\":\"https:\/\/zewo.ch\/de\/#organization\",\"name\":\"Stiftung Zewo\",\"url\":\"https:\/\/zewo.ch\/de\/\",\"logo\":{\"@type\":\"ImageObject\",\"inLanguage\":\"de\",\"@id\":\"https:\/\/zewo.ch\/de\/#\/schema\/logo\/image\/\",\"url\":\"https:\/\/zewo.ch\/wp-content\/uploads\/2019\/08\/Zewo_Logo_Claim_D.svg\",\"contentUrl\":\"https:\/\/zewo.ch\/wp-content\/uploads\/2019\/08\/Zewo_Logo_Claim_D.svg\",\"width\":1,\"height\":1,\"caption\":\"Stiftung Zewo\"},\"image\":{\"@id\":\"https:\/\/zewo.ch\/de\/#\/schema\/logo\/image\/\"},\"sameAs\":[\"https:\/\/www.facebook.com\/Stiftung.ZEWO\/\",\"https:\/\/x.com\/stiftung_zewo\",\"https:\/\/www.linkedin.com\/company\/stiftung-zewo\",\"https:\/\/www.youtube.com\/channel\/UCzjsVJro12OXcvvx1LQP8tw\",\"https:\/\/de.wikipedia.org\/wiki\/Zewo\"]}]}<\/script>\n<!-- \/ Yoast SEO Premium plugin. -->","yoast_head_json":{"title":"Zewo","description":"Die Zewo-Tagung ist der j\u00e4hrliche Treffpunkt f\u00fcr Schweizer NPOs \u2013 mit Fachreferaten, Workshops und wertvollem Austausch unter Fachleuten.","robots":{"index":"index","follow":"follow","max-snippet":"max-snippet:-1","max-image-preview":"max-image-preview:large","max-video-preview":"max-video-preview:-1"},"canonical":"https:\/\/zewo.ch\/de\/zewo-tagung\/","og_locale":"de_DE","og_type":"article","og_description":"Die Zewo-Tagung ist der j\u00e4hrliche Treffpunkt f\u00fcr Schweizer NPOs \u2013 mit Fachreferaten, Workshops und wertvollem Austausch unter Fachleuten.","og_url":"https:\/\/zewo.ch\/de\/zewo-tagung\/","og_site_name":"Zewo","article_publisher":"https:\/\/www.facebook.com\/Stiftung.ZEWO\/","article_modified_time":"2026-02-17T10:32:21+00:00","og_image":[{"width":2200,"height":591,"url":"https:\/\/zewo.ch\/wp-content\/uploads\/2025\/06\/headertagungCTS.jpg","type":"image\/jpeg"}],"twitter_card":"summary_large_image","twitter_site":"@stiftung_zewo","twitter_misc":{"Gesch\u00e4tzte Lesezeit":"2\u00a0Minuten"},"schema":{"@context":"https:\/\/schema.org","@graph":[{"@type":"WebPage","@id":"https:\/\/zewo.ch\/de\/zewo-tagung\/#webpage","url":"https:\/\/zewo.ch\/de\/zewo-tagung\/#webpage","name":"","isPartOf":{"@id":"https:\/\/zewo.ch\/de\/#website"},"primaryImageOfPage":{"@id":"https:\/\/zewo.ch\/de\/zewo-tagung\/#primaryimage"},"image":{"@id":"https:\/\/zewo.ch\/de\/zewo-tagung\/#primaryimage"},"thumbnailUrl":"https:\/\/zewo.ch\/wp-content\/uploads\/2025\/06\/headertagungCTS.jpg","datePublished":"2019-06-12T07:54:11+00:00","dateModified":"2026-02-17T10:32:21+00:00","description":"Die Zewo-Tagung ist der j\u00e4hrliche Treffpunkt f\u00fcr Schweizer NPOs \u2013 mit Fachreferaten, Workshops und wertvollem Austausch unter Fachleuten.","breadcrumb":{"@id":"https:\/\/zewo.ch\/de\/zewo-tagung\/#breadcrumb"},"inLanguage":"de","potentialAction":[{"@type":"ReadAction","target":["https:\/\/zewo.ch\/de\/zewo-tagung\/"]}]},{"@type":"ImageObject","inLanguage":"de","@id":"https:\/\/zewo.ch\/de\/zewo-tagung\/#primaryimage","url":"https:\/\/zewo.ch\/wp-content\/uploads\/2025\/06\/headertagungCTS.jpg","contentUrl":"https:\/\/zewo.ch\/wp-content\/uploads\/2025\/06\/headertagungCTS.jpg","width":2200,"height":591},{"@type":"BreadcrumbList","@id":"https:\/\/zewo.ch\/de\/zewo-tagung\/#breadcrumb","itemListElement":[{"@type":"ListItem","position":1,"name":"Home","item":"https:\/\/zewo.ch\/de\/"},{"@type":"ListItem","position":2,"name":"Zewo-Tagung"}]},{"@type":"WebSite","@id":"https:\/\/zewo.ch\/de\/#website","url":"https:\/\/zewo.ch\/de\/","name":"Zewo","description":"Ihre Spende in guten H\u00e4nden.","publisher":{"@id":"https:\/\/zewo.ch\/de\/#organization"},"potentialAction":[{"@type":"SearchAction","target":{"@type":"EntryPoint","urlTemplate":"https:\/\/zewo.ch\/de\/?s={search_term_string}"},"query-input":{"@type":"PropertyValueSpecification","valueRequired":true,"valueName":"search_term_string"}}],"inLanguage":"de"},{"@type":"Organization","@id":"https:\/\/zewo.ch\/de\/#organization","name":"Stiftung Zewo","url":"https:\/\/zewo.ch\/de\/","logo":{"@type":"ImageObject","inLanguage":"de","@id":"https:\/\/zewo.ch\/de\/#\/schema\/logo\/image\/","url":"https:\/\/zewo.ch\/wp-content\/uploads\/2019\/08\/Zewo_Logo_Claim_D.svg","contentUrl":"https:\/\/zewo.ch\/wp-content\/uploads\/2019\/08\/Zewo_Logo_Claim_D.svg","width":1,"height":1,"caption":"Stiftung Zewo"},"image":{"@id":"https:\/\/zewo.ch\/de\/#\/schema\/logo\/image\/"},"sameAs":["https:\/\/www.facebook.com\/Stiftung.ZEWO\/","https:\/\/x.com\/stiftung_zewo","https:\/\/www.linkedin.com\/company\/stiftung-zewo","https:\/\/www.youtube.com\/channel\/UCzjsVJro12OXcvvx1LQP8tw","https:\/\/de.wikipedia.org\/wiki\/Zewo"]}]}},"publishpress_future_action":{"enabled":false,"date":"2026-04-26 15:07:10","action":"change-status","newStatus":"draft","terms":[],"taxonomy":"translation_priority","extraData":[]},"publishpress_future_workflow_manual_trigger":{"enabledWorkflows":[]},"_links":{"self":[{"href":"https:\/\/zewo.ch\/de\/wp-json\/wp\/v2\/pages\/218109","targetHints":{"allow":["GET"]}}],"collection":[{"href":"https:\/\/zewo.ch\/de\/wp-json\/wp\/v2\/pages"}],"about":[{"href":"https:\/\/zewo.ch\/de\/wp-json\/wp\/v2\/types\/page"}],"author":[{"embeddable":true,"href":"https:\/\/zewo.ch\/de\/wp-json\/wp\/v2\/users\/6"}],"replies":[{"embeddable":true,"href":"https:\/\/zewo.ch\/de\/wp-json\/wp\/v2\/comments?post=218109"}],"version-history":[{"count":137,"href":"https:\/\/zewo.ch\/de\/wp-json\/wp\/v2\/pages\/218109\/revisions"}],"predecessor-version":[{"id":5938447,"href":"https:\/\/zewo.ch\/de\/wp-json\/wp\/v2\/pages\/218109\/revisions\/5938447"}],"wp:featuredmedia":[{"embeddable":true,"href":"https:\/\/zewo.ch\/de\/wp-json\/wp\/v2\/media\/5929317"}],"wp:attachment":[{"href":"https:\/\/zewo.ch\/de\/wp-json\/wp\/v2\/media?parent=218109"}],"wp:term":[{"taxonomy":"folder","embeddable":true,"href":"https:\/\/zewo.ch\/de\/wp-json\/wp\/v2\/folder?post=218109"}],"curies":[{"name":"wp","href":"https:\/\/api.w.org\/{rel}","templated":true}]}}