{"id":2108,"date":"2019-05-02T14:59:56","date_gmt":"2019-05-02T12:59:56","guid":{"rendered":"https:\/\/www.zewo.ch\/?page_id=2108"},"modified":"2019-11-13T13:02:50","modified_gmt":"2019-11-13T12:02:50","slug":"der-rationale-spendentyp","status":"publish","type":"page","link":"https:\/\/zewo.ch\/de\/der-rationale-spendentyp\/","title":{"rendered":"Der rationale Spendentyp"},"content":{"rendered":"\n<h2 class=\"wp-block-heading\">Hier finden Sie die Aufl\u00f6sung des Spendentyp Tests<\/h2>\n\n\n\n<svg version=\"1.1\" xmlns=\"http:\/\/www.w3.org\/2000\/svg\" xmlns:xlink=\"http:\/\/www.w3.org\/1999\/xlink\" x=\"0px\" y=\"0px\" width=\"120px\" height=\"120px\" viewbox=\"0 0 120 120\" enable-background=\"new 0 0 120 120\" xml:space=\"preserve\"> \n <style type=\"text\/css\">\n<!--\ncircle { transition: .6s fill;}\ncircle:hover { fill: #F90000; }\ncircle.rot:hover {fill: #000000;}\n-->\n<\/style> \n <title>Sie sind der rationale Typ. Sie finden das Spendenkonto von seri\u00f6sen Hilfswerken mit der Zewo Online-Suche.<\/title> \n  <circle fill=\"#000000\" cx=\"60\" cy=\"60\" r=\"60\" \/>\n <g id=\"Ebene_1\"> \n  <g> \n   <path fill=\"#FFFFFF\" d=\"M61.2,97.55l-0.29,0.76c0.16,0.47,0.23,1.08,0.23,1.85s-0.37,1.46-1.11,2.08\n\t\t\tc-0.74,0.62-1.72,0.94-2.93,0.94c-2.31,0-3.46-2.56-3.46-7.68c0-7.62-0.4-22.01-1.2-43.18c-0.8-21.17-1.61-32.38-2.43-33.63\n\t\t\tc0.04-4.14,2.87-6.35,8.5-6.62c0.86-0.04,2.02-0.06,3.49-0.06s2.62,0.27,3.46,0.82c0.84,0.55,1.26,1.66,1.26,3.34\n\t\t\tc0,1.68-1.11,2.52-3.34,2.52l-2.93-0.12c-2.23,0-3.34,0.45-3.34,1.35c0,3.71,0.29,9.15,0.88,16.32c0.59,7.17,0.9,12.47,0.94,15.91\n\t\t\tc0.51-0.08,1.19-0.23,2.05-0.47c2.03-0.55,3.54-0.82,4.51-0.82c0.98,0,1.79,0.38,2.43,1.14s0.97,1.61,0.97,2.55\n\t\t\tc0,2.62-3.32,3.93-9.96,3.93c0,4.34,0.38,10.84,1.14,19.51S61.2,93.17,61.2,97.55z\" \/> \n  <\/g> \n <\/g> \n<\/svg>\n\n\n\n<p><strong>Sie sind der rationale Spendentyp.<\/strong><\/p>\n\n\n\n<p>Spenden im Internet ist wie gemacht f\u00fcr Sie. \u00dcberweisen Sie den Betrag direkt von Ihrem Bank- oder Postkonto auf das Spendenkonto eines vertrauensw\u00fcrdigen Hilfswerks.<\/p>\n\n\n\n<p><strong>Tipp\u2002<\/strong>Sie finden das Spendenkonto von seri\u00f6sen Hilfswerken mit der <a href=\"\/de\/npo-suche\/\">Online-Suche<\/a> auf zewo.ch.<\/p>\n\n\n\n<div class=\"wp-block-cgb-block-zewo-block-button ab-block-button\"><a href=\"\/de\/welcher-spendentyp-bin-ich\/\" class=\"button primary\"><span class=\"button-arrow\"><\/span>zur\u00fcck zum Spendertyp-Test<\/a><\/div>\n\n\n\n<div class=\"wp-block-cgb-block-zewo-block-columns-container container bg-color-light-gray\"><div class=\"grid-x grid-margin-x\" data-columns=\"3\">\n<div class=\"cell small-12 medium-6\"><div class=\"wp-block-cgb-block-zewo-block-image-text-teaser ab-block-cta\"><div class=\"ab-cta-image-wrap bg-color-secondary\"><img decoding=\"async\" class=\"ab-cta-image\" src=\"https:\/\/zewo.ch\/wp-content\/uploads\/2019\/05\/ha\u0308ufige-fragen-7.png\" alt=\"H\u00e4ufige Fragen und Antworten rund ums Spenden\"\/><\/div><div class=\"ab-cta-content\"><h2 class=\"ab-cta-title\">H\u00e4ufige Fragen rund ums Spenden<\/h2><div class=\"ab-cta-text\">\n<p>Der Spenden-Ratgeber der Zewo gibt Ihnen Auskunft zu den wichtigsten Fragen rund ums Spenden.<\/p>\n<\/div><\/div><div class=\"ab-cta-button\"><a href=\"\/de\/fragen-und-antworten-rund-ums-spenden\/\" target=\"_self\" rel=\"noopener noreferrer\" class=\"button primary button-teaser\"><span class=\"button-arrow\"><\/span>Jetzt ansehen<\/a><\/div><a href=\"\/de\/fragen-und-antworten-rund-ums-spenden\/\" target=\"_self\" rel=\"noopener noreferrer\" class=\"button-teaser--is-full\"><\/a><\/div><\/div>\n\n\n\n<div class=\"cell small-12 medium-6\"><div class=\"wp-block-cgb-block-zewo-block-image-text-teaser ab-block-cta\"><div class=\"ab-cta-image-wrap bg-color-secondary\"><img decoding=\"async\" class=\"ab-cta-image\" src=\"https:\/\/zewo.ch\/wp-content\/uploads\/2019\/05\/verma\u0308chtnis-teaserbox.jpg\" alt=\"Verm\u00e4chtnis Legat\"\/><\/div><div class=\"ab-cta-content\"><h2 class=\"ab-cta-title\">Erbe f\u00fcr einen guten Zweck<\/h2><div class=\"ab-cta-text\">\n<p>NPO im Nachlass ber\u00fccksichtigen<\/p>\n<\/div><\/div><div class=\"ab-cta-button\"><a href=\"\/de\/erbe-fuer-einen-guten-zweck\/\" target=\"_self\" rel=\"noopener noreferrer\" class=\"button primary button-teaser\"><span class=\"button-arrow\"><\/span>Das m\u00fcssen Sie beachten.<\/a><\/div><a href=\"\/de\/erbe-fuer-einen-guten-zweck\/\" target=\"_self\" rel=\"noopener noreferrer\" class=\"button-teaser--is-full\"><\/a><\/div><\/div>\n\n\n\n<div class=\"cell small-12 medium-6\"><div class=\"wp-block-cgb-block-zewo-block-image-text-teaser ab-block-cta\"><div class=\"ab-cta-image-wrap bg-color-secondary\"><img decoding=\"async\" class=\"ab-cta-image\" src=\"https:\/\/zewo.ch\/wp-content\/uploads\/2019\/05\/Mit-Spenden-Steuern-sparen.png\" alt=\"Mit gutem Gewissen Steuern sparen\"\/><\/div><div class=\"ab-cta-content\"><h2 class=\"ab-cta-title\">Mit gutem Gewissen Steuern sparen<\/h2><div class=\"ab-cta-text\">\n<p>Welche Abz\u00fcge sind erlaubt? Der aktuelle \u00dcberblick zeigt Spenderinnen und Spendern, was sie in ihrem Kanton beachten sollten.<\/p>\n<\/div><\/div><div class=\"ab-cta-button\"><a href=\"\/de\/spenden-von-der-steuer-abziehen\/\" target=\"_self\" rel=\"noopener noreferrer\" class=\"button primary button-teaser\"><span class=\"button-arrow\"><\/span>Zur \u00dcbersicht<\/a><\/div><a href=\"\/de\/spenden-von-der-steuer-abziehen\/\" target=\"_self\" rel=\"noopener noreferrer\" class=\"button-teaser--is-full\"><\/a><\/div><\/div>\n<\/div><\/div>\n","protected":false},"excerpt":{"rendered":"<p>Hier finden Sie die Aufl\u00f6sung des Spendentyp Tests Sie sind der rationale Typ. Sie finden das Spendenkonto von seri\u00f6sen Hilfswerken mit der Zewo Online-Suche. Sie sind der rationale Spendentyp. Spenden im Internet ist wie gemacht f\u00fcr Sie. \u00dcberweisen Sie den Betrag direkt von Ihrem Bank- oder Postkonto auf das Spendenkonto eines vertrauensw\u00fcrdigen Hilfswerks. Tipp\u2002Sie finden [&hellip;]<\/p>\n","protected":false},"author":6,"featured_media":0,"parent":0,"menu_order":160,"comment_status":"closed","ping_status":"closed","template":"","meta":{"_acf_changed":false,"footnotes":""},"folder":[6639],"class_list":["post-2108","page","type-page","status-publish","hentry"],"acf":[],"yoast_head":"<!-- This site is optimized with the Yoast SEO Premium plugin v26.0 (Yoast SEO v26.0) - https:\/\/yoast.com\/wordpress\/plugins\/seo\/ -->\n<title>Zewo<\/title>\n<meta name=\"description\" content=\"Sie sind der rationale Spendentyp. Spenden im Internet ist wie gemacht f\u00fcr Sie. Sie \u00fcberweisen Ihre Spende per Bank- oder Postkonto direkt an eine NPO.\" \/>\n<meta name=\"robots\" content=\"index, follow, max-snippet:-1, max-image-preview:large, max-video-preview:-1\" \/>\n<link rel=\"canonical\" href=\"https:\/\/zewo.ch\/de\/der-rationale-spendentyp\/\" \/>\n<meta property=\"og:locale\" content=\"de_DE\" \/>\n<meta property=\"og:type\" content=\"article\" \/>\n<meta property=\"og:description\" content=\"Sie sind der rationale Spendentyp. Spenden im Internet ist wie gemacht f\u00fcr Sie. Sie \u00fcberweisen Ihre Spende per Bank- oder Postkonto direkt an eine NPO.\" \/>\n<meta property=\"og:url\" content=\"https:\/\/zewo.ch\/de\/der-rationale-spendentyp\/\" \/>\n<meta property=\"og:site_name\" content=\"Zewo\" \/>\n<meta property=\"article:publisher\" content=\"https:\/\/www.facebook.com\/Stiftung.ZEWO\/\" \/>\n<meta property=\"article:modified_time\" content=\"2019-11-13T12:02:50+00:00\" \/>\n<meta name=\"twitter:card\" content=\"summary_large_image\" \/>\n<meta name=\"twitter:site\" content=\"@stiftung_zewo\" \/>\n<script type=\"application\/ld+json\" class=\"yoast-schema-graph\">{\"@context\":\"https:\/\/schema.org\",\"@graph\":[{\"@type\":\"WebPage\",\"@id\":\"https:\/\/zewo.ch\/de\/der-rationale-spendentyp\/#webpage\",\"url\":\"https:\/\/zewo.ch\/de\/der-rationale-spendentyp\/#webpage\",\"name\":\"\",\"isPartOf\":{\"@id\":\"https:\/\/zewo.ch\/de\/#website\"},\"datePublished\":\"2019-05-02T12:59:56+00:00\",\"dateModified\":\"2019-11-13T12:02:50+00:00\",\"description\":\"Sie sind der rationale Spendentyp. Spenden im Internet ist wie gemacht f\u00fcr Sie. Sie \u00fcberweisen Ihre Spende per Bank- oder Postkonto direkt an eine NPO.\",\"breadcrumb\":{\"@id\":\"https:\/\/zewo.ch\/de\/der-rationale-spendentyp\/#breadcrumb\"},\"inLanguage\":\"de\",\"potentialAction\":[{\"@type\":\"ReadAction\",\"target\":[\"https:\/\/zewo.ch\/de\/der-rationale-spendentyp\/\"]}]},{\"@type\":\"BreadcrumbList\",\"@id\":\"https:\/\/zewo.ch\/de\/der-rationale-spendentyp\/#breadcrumb\",\"itemListElement\":[{\"@type\":\"ListItem\",\"position\":1,\"name\":\"Home\",\"item\":\"https:\/\/zewo.ch\/de\/\"},{\"@type\":\"ListItem\",\"position\":2,\"name\":\"Der rationale Spendentyp\"}]},{\"@type\":\"WebSite\",\"@id\":\"https:\/\/zewo.ch\/de\/#website\",\"url\":\"https:\/\/zewo.ch\/de\/\",\"name\":\"Zewo\",\"description\":\"Ihre Spende in guten H\u00e4nden.\",\"publisher\":{\"@id\":\"https:\/\/zewo.ch\/de\/#organization\"},\"potentialAction\":[{\"@type\":\"SearchAction\",\"target\":{\"@type\":\"EntryPoint\",\"urlTemplate\":\"https:\/\/zewo.ch\/de\/?s={search_term_string}\"},\"query-input\":{\"@type\":\"PropertyValueSpecification\",\"valueRequired\":true,\"valueName\":\"search_term_string\"}}],\"inLanguage\":\"de\"},{\"@type\":\"Organization\",\"@id\":\"https:\/\/zewo.ch\/de\/#organization\",\"name\":\"Stiftung Zewo\",\"url\":\"https:\/\/zewo.ch\/de\/\",\"logo\":{\"@type\":\"ImageObject\",\"inLanguage\":\"de\",\"@id\":\"https:\/\/zewo.ch\/de\/#\/schema\/logo\/image\/\",\"url\":\"https:\/\/zewo.ch\/wp-content\/uploads\/2019\/08\/Zewo_Logo_Claim_D.svg\",\"contentUrl\":\"https:\/\/zewo.ch\/wp-content\/uploads\/2019\/08\/Zewo_Logo_Claim_D.svg\",\"width\":1,\"height\":1,\"caption\":\"Stiftung Zewo\"},\"image\":{\"@id\":\"https:\/\/zewo.ch\/de\/#\/schema\/logo\/image\/\"},\"sameAs\":[\"https:\/\/www.facebook.com\/Stiftung.ZEWO\/\",\"https:\/\/x.com\/stiftung_zewo\",\"https:\/\/www.linkedin.com\/company\/stiftung-zewo\",\"https:\/\/www.youtube.com\/channel\/UCzjsVJro12OXcvvx1LQP8tw\",\"https:\/\/de.wikipedia.org\/wiki\/Zewo\"]}]}<\/script>\n<!-- \/ Yoast SEO Premium plugin. -->","yoast_head_json":{"title":"Zewo","description":"Sie sind der rationale Spendentyp. Spenden im Internet ist wie gemacht f\u00fcr Sie. Sie \u00fcberweisen Ihre Spende per Bank- oder Postkonto direkt an eine NPO.","robots":{"index":"index","follow":"follow","max-snippet":"max-snippet:-1","max-image-preview":"max-image-preview:large","max-video-preview":"max-video-preview:-1"},"canonical":"https:\/\/zewo.ch\/de\/der-rationale-spendentyp\/","og_locale":"de_DE","og_type":"article","og_description":"Sie sind der rationale Spendentyp. Spenden im Internet ist wie gemacht f\u00fcr Sie. Sie \u00fcberweisen Ihre Spende per Bank- oder Postkonto direkt an eine NPO.","og_url":"https:\/\/zewo.ch\/de\/der-rationale-spendentyp\/","og_site_name":"Zewo","article_publisher":"https:\/\/www.facebook.com\/Stiftung.ZEWO\/","article_modified_time":"2019-11-13T12:02:50+00:00","twitter_card":"summary_large_image","twitter_site":"@stiftung_zewo","schema":{"@context":"https:\/\/schema.org","@graph":[{"@type":"WebPage","@id":"https:\/\/zewo.ch\/de\/der-rationale-spendentyp\/#webpage","url":"https:\/\/zewo.ch\/de\/der-rationale-spendentyp\/#webpage","name":"","isPartOf":{"@id":"https:\/\/zewo.ch\/de\/#website"},"datePublished":"2019-05-02T12:59:56+00:00","dateModified":"2019-11-13T12:02:50+00:00","description":"Sie sind der rationale Spendentyp. Spenden im Internet ist wie gemacht f\u00fcr Sie. Sie \u00fcberweisen Ihre Spende per Bank- oder Postkonto direkt an eine NPO.","breadcrumb":{"@id":"https:\/\/zewo.ch\/de\/der-rationale-spendentyp\/#breadcrumb"},"inLanguage":"de","potentialAction":[{"@type":"ReadAction","target":["https:\/\/zewo.ch\/de\/der-rationale-spendentyp\/"]}]},{"@type":"BreadcrumbList","@id":"https:\/\/zewo.ch\/de\/der-rationale-spendentyp\/#breadcrumb","itemListElement":[{"@type":"ListItem","position":1,"name":"Home","item":"https:\/\/zewo.ch\/de\/"},{"@type":"ListItem","position":2,"name":"Der rationale Spendentyp"}]},{"@type":"WebSite","@id":"https:\/\/zewo.ch\/de\/#website","url":"https:\/\/zewo.ch\/de\/","name":"Zewo","description":"Ihre Spende in guten H\u00e4nden.","publisher":{"@id":"https:\/\/zewo.ch\/de\/#organization"},"potentialAction":[{"@type":"SearchAction","target":{"@type":"EntryPoint","urlTemplate":"https:\/\/zewo.ch\/de\/?s={search_term_string}"},"query-input":{"@type":"PropertyValueSpecification","valueRequired":true,"valueName":"search_term_string"}}],"inLanguage":"de"},{"@type":"Organization","@id":"https:\/\/zewo.ch\/de\/#organization","name":"Stiftung Zewo","url":"https:\/\/zewo.ch\/de\/","logo":{"@type":"ImageObject","inLanguage":"de","@id":"https:\/\/zewo.ch\/de\/#\/schema\/logo\/image\/","url":"https:\/\/zewo.ch\/wp-content\/uploads\/2019\/08\/Zewo_Logo_Claim_D.svg","contentUrl":"https:\/\/zewo.ch\/wp-content\/uploads\/2019\/08\/Zewo_Logo_Claim_D.svg","width":1,"height":1,"caption":"Stiftung Zewo"},"image":{"@id":"https:\/\/zewo.ch\/de\/#\/schema\/logo\/image\/"},"sameAs":["https:\/\/www.facebook.com\/Stiftung.ZEWO\/","https:\/\/x.com\/stiftung_zewo","https:\/\/www.linkedin.com\/company\/stiftung-zewo","https:\/\/www.youtube.com\/channel\/UCzjsVJro12OXcvvx1LQP8tw","https:\/\/de.wikipedia.org\/wiki\/Zewo"]}]}},"publishpress_future_action":{"enabled":false,"date":"2026-04-23 03:21:55","action":"change-status","newStatus":"draft","terms":[],"taxonomy":"translation_priority","extraData":[]},"publishpress_future_workflow_manual_trigger":{"enabledWorkflows":[]},"_links":{"self":[{"href":"https:\/\/zewo.ch\/de\/wp-json\/wp\/v2\/pages\/2108","targetHints":{"allow":["GET"]}}],"collection":[{"href":"https:\/\/zewo.ch\/de\/wp-json\/wp\/v2\/pages"}],"about":[{"href":"https:\/\/zewo.ch\/de\/wp-json\/wp\/v2\/types\/page"}],"author":[{"embeddable":true,"href":"https:\/\/zewo.ch\/de\/wp-json\/wp\/v2\/users\/6"}],"replies":[{"embeddable":true,"href":"https:\/\/zewo.ch\/de\/wp-json\/wp\/v2\/comments?post=2108"}],"version-history":[{"count":14,"href":"https:\/\/zewo.ch\/de\/wp-json\/wp\/v2\/pages\/2108\/revisions"}],"predecessor-version":[{"id":562613,"href":"https:\/\/zewo.ch\/de\/wp-json\/wp\/v2\/pages\/2108\/revisions\/562613"}],"wp:attachment":[{"href":"https:\/\/zewo.ch\/de\/wp-json\/wp\/v2\/media?parent=2108"}],"wp:term":[{"taxonomy":"folder","embeddable":true,"href":"https:\/\/zewo.ch\/de\/wp-json\/wp\/v2\/folder?post=2108"}],"curies":[{"name":"wp","href":"https:\/\/api.w.org\/{rel}","templated":true}]}}