{"id":2106,"date":"2019-06-03T15:42:24","date_gmt":"2019-06-03T13:42:24","guid":{"rendered":"https:\/\/www.zewo.ch\/?page_id=2106"},"modified":"2019-11-13T13:02:05","modified_gmt":"2019-11-13T12:02:05","slug":"der-spontane-spendentyp","status":"publish","type":"page","link":"https:\/\/zewo.ch\/de\/der-spontane-spendentyp\/","title":{"rendered":"Der spontane Spendentyp"},"content":{"rendered":"\n<h2 class=\"wp-block-heading\">Hier finden Sie die Aufl\u00f6sung des Spendentyp Tests<\/h2>\n\n\n\n<svg version=\"1.1\" xmlns=\"http:\/\/www.w3.org\/2000\/svg\" xmlns:xlink=\"http:\/\/www.w3.org\/1999\/xlink\" x=\"0px\" y=\"0px\" width=\"120px\" height=\"120px\" viewbox=\"0 0 120 120\" enable-background=\"new 0 0 120 120\" xml:space=\"preserve\"> \n <style type=\"text\/css\">\n<!--\ncircle { transition: .6s fill;}\ncircle:hover { fill: #F90000; }\ncircle.rot:hover {fill: #000000;}\n-->\n<\/style> \n <title>Sie sind der spontane Typ. Hier finden Sie die Vor- und Nachteile von SMS-Spenden.<\/title> \n  <circle fill=\"#F28D00\" cx=\"60\" cy=\"60\" r=\"60\" \/>\n <g id=\"Ebene_1\"> \n  <g> \n   <path fill=\"#FFFFFF\" d=\"M63.19,59.11l-2.99-0.12c-1.17,0-1.99,0.29-2.46,0.88V96.9c4.1-0.23,6.33-0.35,6.68-0.35\n\t\t\tc4.57,0,6.86,1.05,6.86,3.16v0.41c-0.55,1.09-1.49,1.93-2.81,2.52c-1.33,0.59-2.5,0.92-3.52,1c-1.02,0.08-2.32,0.12-3.93,0.12\n\t\t\th-3.75c-2.97,0-4.8-0.59-5.51-1.76c-0.31-0.55-0.47-1.27-0.47-2.17V30.1c0-1.37-0.27-3.4-0.82-6.09s-0.82-4.75-0.82-6.15v-0.41\n\t\t\tc1.33-2.19,2.32-3.59,2.99-4.22l8.91-1.05c1.21,0,2.43,0.36,3.66,1.08c1.23,0.72,1.85,1.67,1.85,2.84c0,2.38-1.82,3.57-5.45,3.57\n\t\t\tl-3.46-0.12c-0.59,0-1.02,0.02-1.29,0.06l0.94,19.8c0,1.6-0.1,3.94-0.29,7c-0.2,3.07-0.29,5.3-0.29,6.71\n\t\t\tc0.43-0.08,1.02-0.21,1.76-0.41c1.64-0.43,2.92-0.64,3.84-0.64c0.92,0,1.74,0.33,2.46,1c0.72,0.67,1.08,1.46,1.08,2.4\n\t\t\ts-0.29,1.78-0.88,2.52C64.89,58.74,64.13,59.11,63.19,59.11z\" \/> \n  <\/g> \n <\/g> \n<\/svg>\n\n\n\n<p><strong>Sie sind der spontane Spendentyp.<\/strong><\/p>\n\n\n\n<p>Der spontane Spendentyp spendet schnell, unkompliziert und papierlos. Sie finden es praktisch, dass Ihre Spende gleich durch den Mobilfunkanbieter eingezogen und Ihrer Monatsrechnung belastet wird. Sie haben die Wahl, ob Sie \u00adIhre pers\u00f6nlichen Daten angeben wollen und daf\u00fcr eine Spendenbest\u00e4tigung erhalten. Diese k\u00f6nnen Sie sp\u00e4ter bei den Steuern geltend machen. Sie wissen, dass Mobilfunkanbieter einen Teil der Spende zur\u00fcckbehalten k\u00f6nnen.<\/p>\n\n\n\n<p><strong>Tipp\u2002<\/strong>\u00ad\u00adMehr zu den&nbsp;Vor- und Nachteilen zu den unterschiedlichen Spendenmethoden finden Sie <a href=\"\/de\/fragen-und-antworten-rund-ums-spenden\/\">hier<\/a>.<\/p>\n\n\n\n<div class=\"wp-block-cgb-block-zewo-block-button ab-block-button\"><a href=\"\/de\/welcher-spendentyp-bin-ich\/\" class=\"button primary\"><span class=\"button-arrow\"><\/span>zur\u00fcck zum Spendertyp-Test<\/a><\/div>\n\n\n\n<div class=\"wp-block-cgb-block-zewo-block-columns-container container bg-color-light-gray\"><div class=\"grid-x grid-margin-x\" data-columns=\"3\">\n<div class=\"cell small-12 medium-6\"><div class=\"wp-block-cgb-block-zewo-block-image-text-teaser ab-block-cta\"><div class=\"ab-cta-image-wrap bg-color-secondary\"><img decoding=\"async\" class=\"ab-cta-image\" src=\"https:\/\/zewo.ch\/wp-content\/uploads\/2019\/05\/sinnvollegeschenke-teaserbox.jpg\" alt=\"Sinnvolle Geschenke\"\/><\/div><div class=\"ab-cta-content\"><h2 class=\"ab-cta-title\">Sinnvoll schenken macht doppelt Freude<\/h2><div class=\"ab-cta-text\">\n<p>Geschenkideen von Schweizer Hilfswerken<\/p>\n<\/div><\/div><div class=\"ab-cta-button\"><a href=\"\/de\/sinnvoll-schenken\/\" target=\"_self\" rel=\"noopener noreferrer\" class=\"button primary button-teaser\"><span class=\"button-arrow\"><\/span>Jetzt ausprobieren<\/a><\/div><a href=\"\/de\/sinnvoll-schenken\/\" target=\"_self\" rel=\"noopener noreferrer\" class=\"button-teaser--is-full\"><\/a><\/div><\/div>\n\n\n\n<div class=\"cell small-12 medium-6\"><div class=\"wp-block-cgb-block-zewo-block-image-text-teaser ab-block-cta\"><div class=\"ab-cta-image-wrap bg-color-secondary\"><img decoding=\"async\" class=\"ab-cta-image\" src=\"https:\/\/zewo.ch\/wp-content\/uploads\/2019\/05\/kleiderspende-teaserbox.jpg\" alt=\"Sachspende\"\/><\/div><div class=\"ab-cta-content\"><h2 class=\"ab-cta-title\">Zeit- und Sachspenden<\/h2><div class=\"ab-cta-text\">\n<p>Wenn Hilfswerke konkret um Sachspenden bitten, so hat dies Hand und Fuss. Was ist zu beachten?<\/p>\n<\/div><\/div><div class=\"ab-cta-button\"><a href=\"\/de\/zeit-oder-sachen-spenden\/\" target=\"_self\" rel=\"noopener noreferrer\" class=\"button primary button-teaser\"><span class=\"button-arrow\"><\/span>Statt Geld spenden<\/a><\/div><a href=\"\/de\/zeit-oder-sachen-spenden\/\" target=\"_self\" rel=\"noopener noreferrer\" class=\"button-teaser--is-full\"><\/a><\/div><\/div>\n\n\n<\/div><\/div>\n","protected":false},"excerpt":{"rendered":"<p>Hier finden Sie die Aufl\u00f6sung des Spendentyp Tests Sie sind der spontane Typ. Hier finden Sie die Vor- und Nachteile von SMS-Spenden. Sie sind der spontane Spendentyp. Der spontane Spendentyp spendet schnell, unkompliziert und papierlos. Sie finden es praktisch, dass Ihre Spende gleich durch den Mobilfunkanbieter eingezogen und Ihrer Monatsrechnung belastet wird. Sie haben die [&hellip;]<\/p>\n","protected":false},"author":6,"featured_media":0,"parent":0,"menu_order":159,"comment_status":"closed","ping_status":"closed","template":"","meta":{"_acf_changed":false,"footnotes":""},"folder":[6639],"class_list":["post-2106","page","type-page","status-publish","hentry"],"acf":[],"yoast_head":"<!-- This site is optimized with the Yoast SEO Premium plugin v26.0 (Yoast SEO v26.0) - https:\/\/yoast.com\/wordpress\/plugins\/seo\/ -->\n<title>Zewo<\/title>\n<meta name=\"description\" content=\"Sie sind der spontane Spendentyp und spenden schnell, unkompliziert und papierlos. Sie finden eine SMS-Spende praktisch und wissen \u00fcber die Kosten Bescheid.\" \/>\n<meta name=\"robots\" content=\"index, follow, max-snippet:-1, max-image-preview:large, max-video-preview:-1\" \/>\n<link rel=\"canonical\" href=\"https:\/\/zewo.ch\/de\/der-spontane-spendentyp\/\" \/>\n<meta property=\"og:locale\" content=\"de_DE\" \/>\n<meta property=\"og:type\" content=\"article\" \/>\n<meta property=\"og:description\" content=\"Sie sind der spontane Spendentyp und spenden schnell, unkompliziert und papierlos. Sie finden eine SMS-Spende praktisch und wissen \u00fcber die Kosten Bescheid.\" \/>\n<meta property=\"og:url\" content=\"https:\/\/zewo.ch\/de\/der-spontane-spendentyp\/\" \/>\n<meta property=\"og:site_name\" content=\"Zewo\" \/>\n<meta property=\"article:publisher\" content=\"https:\/\/www.facebook.com\/Stiftung.ZEWO\/\" \/>\n<meta property=\"article:modified_time\" content=\"2019-11-13T12:02:05+00:00\" \/>\n<meta name=\"twitter:card\" content=\"summary_large_image\" \/>\n<meta name=\"twitter:site\" content=\"@stiftung_zewo\" \/>\n<meta name=\"twitter:label1\" content=\"Gesch\u00e4tzte Lesezeit\" \/>\n\t<meta name=\"twitter:data1\" content=\"1\u00a0Minute\" \/>\n<script type=\"application\/ld+json\" class=\"yoast-schema-graph\">{\"@context\":\"https:\/\/schema.org\",\"@graph\":[{\"@type\":\"WebPage\",\"@id\":\"https:\/\/zewo.ch\/de\/der-spontane-spendentyp\/#webpage\",\"url\":\"https:\/\/zewo.ch\/de\/der-spontane-spendentyp\/#webpage\",\"name\":\"\",\"isPartOf\":{\"@id\":\"https:\/\/zewo.ch\/de\/#website\"},\"datePublished\":\"2019-06-03T13:42:24+00:00\",\"dateModified\":\"2019-11-13T12:02:05+00:00\",\"description\":\"Sie sind der spontane Spendentyp und spenden schnell, unkompliziert und papierlos. Sie finden eine SMS-Spende praktisch und wissen \u00fcber die Kosten Bescheid.\",\"breadcrumb\":{\"@id\":\"https:\/\/zewo.ch\/de\/der-spontane-spendentyp\/#breadcrumb\"},\"inLanguage\":\"de\",\"potentialAction\":[{\"@type\":\"ReadAction\",\"target\":[\"https:\/\/zewo.ch\/de\/der-spontane-spendentyp\/\"]}]},{\"@type\":\"BreadcrumbList\",\"@id\":\"https:\/\/zewo.ch\/de\/der-spontane-spendentyp\/#breadcrumb\",\"itemListElement\":[{\"@type\":\"ListItem\",\"position\":1,\"name\":\"Home\",\"item\":\"https:\/\/zewo.ch\/de\/\"},{\"@type\":\"ListItem\",\"position\":2,\"name\":\"Der spontane Spendentyp\"}]},{\"@type\":\"WebSite\",\"@id\":\"https:\/\/zewo.ch\/de\/#website\",\"url\":\"https:\/\/zewo.ch\/de\/\",\"name\":\"Zewo\",\"description\":\"Ihre Spende in guten H\u00e4nden.\",\"publisher\":{\"@id\":\"https:\/\/zewo.ch\/de\/#organization\"},\"potentialAction\":[{\"@type\":\"SearchAction\",\"target\":{\"@type\":\"EntryPoint\",\"urlTemplate\":\"https:\/\/zewo.ch\/de\/?s={search_term_string}\"},\"query-input\":{\"@type\":\"PropertyValueSpecification\",\"valueRequired\":true,\"valueName\":\"search_term_string\"}}],\"inLanguage\":\"de\"},{\"@type\":\"Organization\",\"@id\":\"https:\/\/zewo.ch\/de\/#organization\",\"name\":\"Stiftung Zewo\",\"url\":\"https:\/\/zewo.ch\/de\/\",\"logo\":{\"@type\":\"ImageObject\",\"inLanguage\":\"de\",\"@id\":\"https:\/\/zewo.ch\/de\/#\/schema\/logo\/image\/\",\"url\":\"https:\/\/zewo.ch\/wp-content\/uploads\/2019\/08\/Zewo_Logo_Claim_D.svg\",\"contentUrl\":\"https:\/\/zewo.ch\/wp-content\/uploads\/2019\/08\/Zewo_Logo_Claim_D.svg\",\"width\":1,\"height\":1,\"caption\":\"Stiftung Zewo\"},\"image\":{\"@id\":\"https:\/\/zewo.ch\/de\/#\/schema\/logo\/image\/\"},\"sameAs\":[\"https:\/\/www.facebook.com\/Stiftung.ZEWO\/\",\"https:\/\/x.com\/stiftung_zewo\",\"https:\/\/www.linkedin.com\/company\/stiftung-zewo\",\"https:\/\/www.youtube.com\/channel\/UCzjsVJro12OXcvvx1LQP8tw\",\"https:\/\/de.wikipedia.org\/wiki\/Zewo\"]}]}<\/script>\n<!-- \/ Yoast SEO Premium plugin. -->","yoast_head_json":{"title":"Zewo","description":"Sie sind der spontane Spendentyp und spenden schnell, unkompliziert und papierlos. Sie finden eine SMS-Spende praktisch und wissen \u00fcber die Kosten Bescheid.","robots":{"index":"index","follow":"follow","max-snippet":"max-snippet:-1","max-image-preview":"max-image-preview:large","max-video-preview":"max-video-preview:-1"},"canonical":"https:\/\/zewo.ch\/de\/der-spontane-spendentyp\/","og_locale":"de_DE","og_type":"article","og_description":"Sie sind der spontane Spendentyp und spenden schnell, unkompliziert und papierlos. Sie finden eine SMS-Spende praktisch und wissen \u00fcber die Kosten Bescheid.","og_url":"https:\/\/zewo.ch\/de\/der-spontane-spendentyp\/","og_site_name":"Zewo","article_publisher":"https:\/\/www.facebook.com\/Stiftung.ZEWO\/","article_modified_time":"2019-11-13T12:02:05+00:00","twitter_card":"summary_large_image","twitter_site":"@stiftung_zewo","twitter_misc":{"Gesch\u00e4tzte Lesezeit":"1\u00a0Minute"},"schema":{"@context":"https:\/\/schema.org","@graph":[{"@type":"WebPage","@id":"https:\/\/zewo.ch\/de\/der-spontane-spendentyp\/#webpage","url":"https:\/\/zewo.ch\/de\/der-spontane-spendentyp\/#webpage","name":"","isPartOf":{"@id":"https:\/\/zewo.ch\/de\/#website"},"datePublished":"2019-06-03T13:42:24+00:00","dateModified":"2019-11-13T12:02:05+00:00","description":"Sie sind der spontane Spendentyp und spenden schnell, unkompliziert und papierlos. Sie finden eine SMS-Spende praktisch und wissen \u00fcber die Kosten Bescheid.","breadcrumb":{"@id":"https:\/\/zewo.ch\/de\/der-spontane-spendentyp\/#breadcrumb"},"inLanguage":"de","potentialAction":[{"@type":"ReadAction","target":["https:\/\/zewo.ch\/de\/der-spontane-spendentyp\/"]}]},{"@type":"BreadcrumbList","@id":"https:\/\/zewo.ch\/de\/der-spontane-spendentyp\/#breadcrumb","itemListElement":[{"@type":"ListItem","position":1,"name":"Home","item":"https:\/\/zewo.ch\/de\/"},{"@type":"ListItem","position":2,"name":"Der spontane Spendentyp"}]},{"@type":"WebSite","@id":"https:\/\/zewo.ch\/de\/#website","url":"https:\/\/zewo.ch\/de\/","name":"Zewo","description":"Ihre Spende in guten H\u00e4nden.","publisher":{"@id":"https:\/\/zewo.ch\/de\/#organization"},"potentialAction":[{"@type":"SearchAction","target":{"@type":"EntryPoint","urlTemplate":"https:\/\/zewo.ch\/de\/?s={search_term_string}"},"query-input":{"@type":"PropertyValueSpecification","valueRequired":true,"valueName":"search_term_string"}}],"inLanguage":"de"},{"@type":"Organization","@id":"https:\/\/zewo.ch\/de\/#organization","name":"Stiftung Zewo","url":"https:\/\/zewo.ch\/de\/","logo":{"@type":"ImageObject","inLanguage":"de","@id":"https:\/\/zewo.ch\/de\/#\/schema\/logo\/image\/","url":"https:\/\/zewo.ch\/wp-content\/uploads\/2019\/08\/Zewo_Logo_Claim_D.svg","contentUrl":"https:\/\/zewo.ch\/wp-content\/uploads\/2019\/08\/Zewo_Logo_Claim_D.svg","width":1,"height":1,"caption":"Stiftung Zewo"},"image":{"@id":"https:\/\/zewo.ch\/de\/#\/schema\/logo\/image\/"},"sameAs":["https:\/\/www.facebook.com\/Stiftung.ZEWO\/","https:\/\/x.com\/stiftung_zewo","https:\/\/www.linkedin.com\/company\/stiftung-zewo","https:\/\/www.youtube.com\/channel\/UCzjsVJro12OXcvvx1LQP8tw","https:\/\/de.wikipedia.org\/wiki\/Zewo"]}]}},"publishpress_future_action":{"enabled":false,"date":"2026-04-22 21:45:54","action":"change-status","newStatus":"draft","terms":[],"taxonomy":"translation_priority","extraData":[]},"publishpress_future_workflow_manual_trigger":{"enabledWorkflows":[]},"_links":{"self":[{"href":"https:\/\/zewo.ch\/de\/wp-json\/wp\/v2\/pages\/2106","targetHints":{"allow":["GET"]}}],"collection":[{"href":"https:\/\/zewo.ch\/de\/wp-json\/wp\/v2\/pages"}],"about":[{"href":"https:\/\/zewo.ch\/de\/wp-json\/wp\/v2\/types\/page"}],"author":[{"embeddable":true,"href":"https:\/\/zewo.ch\/de\/wp-json\/wp\/v2\/users\/6"}],"replies":[{"embeddable":true,"href":"https:\/\/zewo.ch\/de\/wp-json\/wp\/v2\/comments?post=2106"}],"version-history":[{"count":10,"href":"https:\/\/zewo.ch\/de\/wp-json\/wp\/v2\/pages\/2106\/revisions"}],"predecessor-version":[{"id":562610,"href":"https:\/\/zewo.ch\/de\/wp-json\/wp\/v2\/pages\/2106\/revisions\/562610"}],"wp:attachment":[{"href":"https:\/\/zewo.ch\/de\/wp-json\/wp\/v2\/media?parent=2106"}],"wp:term":[{"taxonomy":"folder","embeddable":true,"href":"https:\/\/zewo.ch\/de\/wp-json\/wp\/v2\/folder?post=2106"}],"curies":[{"name":"wp","href":"https:\/\/api.w.org\/{rel}","templated":true}]}}