{"id":2080,"date":"2019-05-02T13:57:10","date_gmt":"2019-05-02T11:57:10","guid":{"rendered":"https:\/\/www.zewo.ch\/?page_id=2080"},"modified":"2019-11-13T13:02:18","modified_gmt":"2019-11-13T12:02:18","slug":"der-verlassliche-spendentyp","status":"publish","type":"page","link":"https:\/\/zewo.ch\/de\/der-verlassliche-spendentyp\/","title":{"rendered":"Der verl\u00e4ssliche Spendentyp"},"content":{"rendered":"\n<h2 class=\"wp-block-heading\">Hier finden Sie die Aufl\u00f6sung des Spendentyp Tests<\/h2>\n\n\n\n<svg version=\"1.1\" xmlns=\"http:\/\/www.w3.org\/2000\/svg\" xmlns:xlink=\"http:\/\/www.w3.org\/1999\/xlink\" x=\"0px\" y=\"0px\" width=\"120px\" height=\"120px\" viewbox=\"0 0 120 120\" enable-background=\"new 0 0 120 120\" xml:space=\"preserve\"> \n <style type=\"text\/css\">\n<!--\ncircle { transition: .6s fill;}\ncircle:hover { fill: #F90000; }\ncircle.rot:hover {fill: #000000;}\n-->\n<\/style> \n<title>Sie sind der verl\u00e4ssliche Typ. Hier erfahren Sie, welche Patenschaften empfehlenswert sind.<\/title> \n  <circle fill=\"#CABB9F\" cx=\"60\" cy=\"60\" r=\"60\" \/>\n <g id=\"Ebene_1\"> \n  <g> \n   <path fill=\"#FFFFFF\" d=\"M53.5,44.52l-1.05,8.38v2.87c0,9.3,0.21,15.45,0.62,18.46c0.41,3.01,0.83,5.7,1.26,8.09\n\t\t\tc0.43,2.38,0.99,4.42,1.67,6.09c0.68,1.68,1.49,3.26,2.43,4.75c1.88,2.97,4.47,4.45,7.79,4.45c1.37,0,3.07-0.71,5.1-2.14\n\t\t\tc2.03-1.42,3.57-2.14,4.63-2.14s2.19,0.61,3.4,1.82c0,4.02-2.29,6.89-6.86,8.61c-2.27,0.82-4.73,1.23-7.38,1.23\n\t\t\tc-2.66,0-4.92-0.54-6.8-1.61s-3.44-2.46-4.69-4.16c-1.25-1.7-2.34-3.88-3.28-6.53c-0.94-2.66-1.68-5.29-2.23-7.91\n\t\t\tc-0.47-2.66-0.86-5.7-1.17-9.14c-0.47-5.78-0.72-12.11-0.76-18.98l0.12-14.36c0-4.57,0.27-8.26,0.82-11.07\n\t\t\tc-0.23-1.29-0.35-2.54-0.35-3.75c0-4.92,1.84-8.84,5.51-11.75c3.67-2.91,8.2-4.37,13.59-4.37c1.91,0,3.79,0.54,5.62,1.61\n\t\t\tc1.84,1.07,2.75,2.49,2.75,4.25c0,0.86-0.33,1.52-1,1.99c-0.67,0.47-1.79,0.7-3.37,0.7s-2.67-0.49-3.25-1.46v0.06h-1.64v-0.29\n\t\t\tc-4.65,0-7.81,1.45-9.49,4.34c-1.56,2.66-2.34,7.23-2.34,13.71L53.5,44.52z\" \/> \n  <\/g> \n <\/g> \n<\/svg>\n\n\n\n<p><strong>Sie sind der verl\u00e4ssliche Typ.<\/strong><\/p>\n\n\n\n<p>Sie wollen sich langfristig engagieren, nachhaltig und wirksam helfen. Vertritt eine Organisation Anliegen, die Ihnen besonders am Herzen liegen, so werden Sie Mitglied. Oder Sie \u00fcbernehmen eine Projekt-, L\u00e4nder-&nbsp; oder Themenpatenschaft. Sie verzichten auf Patenschaften, bei denen Sie ein Kind ausw\u00e4hlen m\u00fcssen. Denn es ist ungerecht, wenn ein einzelnes Kind bevorzugt wird. Die Spende \u00fcberweisen Sie regelm\u00e4ssig von Ihrem Konto, z.B. per LSV.&nbsp;<\/p>\n\n\n\n<p><strong>Tipp\u2002<\/strong>Erfahren Sie mehr dazu, welche&nbsp;<a href=\"\/de\/augen-auf-bei-patenschaften\/\">Patenschaften<\/a>&nbsp;empfehlenswert sind.<\/p>\n\n\n\n<div class=\"wp-block-cgb-block-zewo-block-button ab-block-button\"><a href=\"\/de\/welcher-spendentyp-bin-ich\/\" class=\"button primary\"><span class=\"button-arrow\"><\/span>zur\u00fcck zum Spendertyp-Test<\/a><\/div>\n\n\n\n<div class=\"wp-block-cgb-block-zewo-block-columns-container container bg-color-light-gray\"><div class=\"grid-x grid-margin-x\" data-columns=\"3\">\n<div class=\"cell small-12 medium-6\"><div class=\"wp-block-cgb-block-zewo-block-image-text-teaser ab-block-cta\"><div class=\"ab-cta-image-wrap bg-color-secondary\"><img decoding=\"async\" class=\"ab-cta-image\" src=\"https:\/\/zewo.ch\/wp-content\/uploads\/2019\/05\/Mit-Spenden-Steuern-sparen.png\" alt=\"Mit gutem Gewissen Steuern sparen\"\/><\/div><div class=\"ab-cta-content\"><h2 class=\"ab-cta-title\">Mit gutem Gewissen Steuern sparen<\/h2><div class=\"ab-cta-text\">\n<p>Welche Abz\u00fcge sind erlaubt? Der aktuelle \u00dcberblick zeigt Spenderinnen und Spendern, was sie in ihrem Kanton beachten sollten.<\/p>\n<\/div><\/div><div class=\"ab-cta-button\"><a href=\"\/de\/spenden-von-der-steuer-abziehen\/\" target=\"_self\" rel=\"noopener noreferrer\" class=\"button primary button-teaser\"><span class=\"button-arrow\"><\/span>Zur \u00dcbersicht<\/a><\/div><a href=\"\/de\/spenden-von-der-steuer-abziehen\/\" target=\"_self\" rel=\"noopener noreferrer\" class=\"button-teaser--is-full\"><\/a><\/div><\/div>\n\n\n\n<div class=\"cell small-12 medium-6\"><div class=\"wp-block-cgb-block-zewo-block-image-text-teaser ab-block-cta\"><div class=\"ab-cta-image-wrap bg-color-secondary\"><img decoding=\"async\" class=\"ab-cta-image\" src=\"https:\/\/zewo.ch\/wp-content\/uploads\/2019\/05\/sinnvollegeschenke-teaserbox.jpg\" alt=\"Sinnvolle Geschenke\"\/><\/div><div class=\"ab-cta-content\"><h2 class=\"ab-cta-title\">Sinnvoll schenken macht doppelt Freude<\/h2><div class=\"ab-cta-text\">\n<p>Geschenkideen von Schweizer Hilfswerken<\/p>\n<\/div><\/div><div class=\"ab-cta-button\"><a href=\"\/de\/sinnvoll-schenken\/\" target=\"_self\" rel=\"noopener noreferrer\" class=\"button primary button-teaser\"><span class=\"button-arrow\"><\/span>Jetzt ausprobieren<\/a><\/div><a href=\"\/de\/sinnvoll-schenken\/\" target=\"_self\" rel=\"noopener noreferrer\" class=\"button-teaser--is-full\"><\/a><\/div><\/div>\n\n\n\n<div class=\"cell small-12 medium-6\"><div class=\"wp-block-cgb-block-zewo-block-image-text-teaser ab-block-cta\"><div class=\"ab-cta-image-wrap bg-color-secondary\"><img decoding=\"async\" class=\"ab-cta-image\" src=\"https:\/\/zewo.ch\/wp-content\/uploads\/2019\/05\/ha\u0308ufige-fragen-7.png\" alt=\"H\u00e4ufige Fragen und Antworten rund ums Spenden\"\/><\/div><div class=\"ab-cta-content\"><h2 class=\"ab-cta-title\">H\u00e4ufige Fragen rund ums Spenden<\/h2><div class=\"ab-cta-text\">\n<p>Der Spenden-Ratgeber der Zewo gibt Ihnen Auskunft zu den wichtigsten Fragen rund ums Spenden.<\/p>\n<\/div><\/div><div class=\"ab-cta-button\"><a href=\"\/de\/fragen-und-antworten-rund-ums-spenden\/\" target=\"_self\" rel=\"noopener noreferrer\" class=\"button primary button-teaser\"><span class=\"button-arrow\"><\/span>Jetzt ansehen<\/a><\/div><a href=\"\/de\/fragen-und-antworten-rund-ums-spenden\/\" target=\"_self\" rel=\"noopener noreferrer\" class=\"button-teaser--is-full\"><\/a><\/div><\/div>\n<\/div><\/div>\n","protected":false},"excerpt":{"rendered":"<p>Hier finden Sie die Aufl\u00f6sung des Spendentyp Tests Sie sind der verl\u00e4ssliche Typ. Hier erfahren Sie, welche Patenschaften empfehlenswert sind. Sie sind der verl\u00e4ssliche Typ. Sie wollen sich langfristig engagieren, nachhaltig und wirksam helfen. Vertritt eine Organisation Anliegen, die Ihnen besonders am Herzen liegen, so werden Sie Mitglied. Oder Sie \u00fcbernehmen eine Projekt-, L\u00e4nder-&nbsp; oder [&hellip;]<\/p>\n","protected":false},"author":6,"featured_media":0,"parent":0,"menu_order":144,"comment_status":"closed","ping_status":"closed","template":"","meta":{"_acf_changed":false,"footnotes":""},"folder":[6639],"class_list":["post-2080","page","type-page","status-publish","hentry"],"acf":[],"yoast_head":"<!-- This site is optimized with the Yoast SEO Premium plugin v27.5 (Yoast SEO v27.5) - https:\/\/yoast.com\/product\/yoast-seo-premium-wordpress\/ -->\n<title>Zewo<\/title>\n<meta name=\"description\" content=\"Sie sind der verl\u00e4ssliche Spendentyp und wollen sich langfristig engagieren. Sie helfen nachhaltig und werden Mitglied einer NPO.\" \/>\n<meta name=\"robots\" content=\"index, follow, max-snippet:-1, max-image-preview:large, max-video-preview:-1\" \/>\n<link rel=\"canonical\" href=\"https:\/\/zewo.ch\/de\/der-verlassliche-spendentyp\/\" \/>\n<meta property=\"og:locale\" content=\"de_DE\" \/>\n<meta property=\"og:type\" content=\"article\" \/>\n<meta property=\"og:description\" content=\"Sie sind der verl\u00e4ssliche Spendentyp und wollen sich langfristig engagieren. Sie helfen nachhaltig und werden Mitglied einer NPO.\" \/>\n<meta property=\"og:url\" content=\"https:\/\/zewo.ch\/de\/der-verlassliche-spendentyp\/\" \/>\n<meta property=\"og:site_name\" content=\"Zewo\" \/>\n<meta property=\"article:publisher\" content=\"https:\/\/www.facebook.com\/Stiftung.ZEWO\/\" \/>\n<meta property=\"article:modified_time\" content=\"2019-11-13T12:02:18+00:00\" \/>\n<meta name=\"twitter:card\" content=\"summary_large_image\" \/>\n<meta name=\"twitter:site\" content=\"@stiftung_zewo\" \/>\n<meta name=\"twitter:label1\" content=\"Gesch\u00e4tzte Lesezeit\" \/>\n\t<meta name=\"twitter:data1\" content=\"1\u00a0Minute\" \/>\n<script type=\"application\/ld+json\" class=\"yoast-schema-graph\">{\"@context\":\"https:\\\/\\\/schema.org\",\"@graph\":[{\"@type\":\"WebPage\",\"@id\":\"https:\\\/\\\/zewo.ch\\\/de\\\/der-verlassliche-spendentyp\\\/#webpage\",\"url\":\"https:\\\/\\\/zewo.ch\\\/de\\\/der-verlassliche-spendentyp\\\/#webpage\",\"name\":\"\",\"isPartOf\":{\"@id\":\"https:\\\/\\\/zewo.ch\\\/de\\\/#website\"},\"datePublished\":\"2019-05-02T11:57:10+00:00\",\"dateModified\":\"2019-11-13T12:02:18+00:00\",\"description\":\"Sie sind der verl\u00e4ssliche Spendentyp und wollen sich langfristig engagieren. Sie helfen nachhaltig und werden Mitglied einer NPO.\",\"breadcrumb\":{\"@id\":\"https:\\\/\\\/zewo.ch\\\/de\\\/der-verlassliche-spendentyp\\\/#breadcrumb\"},\"inLanguage\":\"de\",\"potentialAction\":[{\"@type\":\"ReadAction\",\"target\":[\"https:\\\/\\\/zewo.ch\\\/de\\\/der-verlassliche-spendentyp\\\/\"]}]},{\"@type\":\"BreadcrumbList\",\"@id\":\"https:\\\/\\\/zewo.ch\\\/de\\\/der-verlassliche-spendentyp\\\/#breadcrumb\",\"itemListElement\":[{\"@type\":\"ListItem\",\"position\":1,\"name\":\"Home\",\"item\":\"https:\\\/\\\/zewo.ch\\\/de\\\/\"},{\"@type\":\"ListItem\",\"position\":2,\"name\":\"Der verl\u00e4ssliche Spendentyp\"}]},{\"@type\":\"WebSite\",\"@id\":\"https:\\\/\\\/zewo.ch\\\/de\\\/#website\",\"url\":\"https:\\\/\\\/zewo.ch\\\/de\\\/\",\"name\":\"Zewo\",\"description\":\"Ihre Spende in guten H\u00e4nden.\",\"publisher\":{\"@id\":\"https:\\\/\\\/zewo.ch\\\/de\\\/#organization\"},\"potentialAction\":[{\"@type\":\"SearchAction\",\"target\":{\"@type\":\"EntryPoint\",\"urlTemplate\":\"https:\\\/\\\/zewo.ch\\\/de\\\/?s={search_term_string}\"},\"query-input\":{\"@type\":\"PropertyValueSpecification\",\"valueRequired\":true,\"valueName\":\"search_term_string\"}}],\"inLanguage\":\"de\"},{\"@type\":\"Organization\",\"@id\":\"https:\\\/\\\/zewo.ch\\\/de\\\/#organization\",\"name\":\"Stiftung Zewo\",\"url\":\"https:\\\/\\\/zewo.ch\\\/de\\\/\",\"logo\":{\"@type\":\"ImageObject\",\"inLanguage\":\"de\",\"@id\":\"https:\\\/\\\/zewo.ch\\\/de\\\/#\\\/schema\\\/logo\\\/image\\\/\",\"url\":\"https:\\\/\\\/zewo.ch\\\/wp-content\\\/uploads\\\/2019\\\/08\\\/Zewo_Logo_Claim_D.svg\",\"contentUrl\":\"https:\\\/\\\/zewo.ch\\\/wp-content\\\/uploads\\\/2019\\\/08\\\/Zewo_Logo_Claim_D.svg\",\"width\":1,\"height\":1,\"caption\":\"Stiftung Zewo\"},\"image\":{\"@id\":\"https:\\\/\\\/zewo.ch\\\/de\\\/#\\\/schema\\\/logo\\\/image\\\/\"},\"sameAs\":[\"https:\\\/\\\/www.facebook.com\\\/Stiftung.ZEWO\\\/\",\"https:\\\/\\\/x.com\\\/stiftung_zewo\",\"https:\\\/\\\/www.linkedin.com\\\/company\\\/stiftung-zewo\",\"https:\\\/\\\/www.youtube.com\\\/channel\\\/UCzjsVJro12OXcvvx1LQP8tw\",\"https:\\\/\\\/de.wikipedia.org\\\/wiki\\\/Zewo\"]}]}<\/script>\n<!-- \/ Yoast SEO Premium plugin. -->","yoast_head_json":{"title":"Zewo","description":"Sie sind der verl\u00e4ssliche Spendentyp und wollen sich langfristig engagieren. Sie helfen nachhaltig und werden Mitglied einer NPO.","robots":{"index":"index","follow":"follow","max-snippet":"max-snippet:-1","max-image-preview":"max-image-preview:large","max-video-preview":"max-video-preview:-1"},"canonical":"https:\/\/zewo.ch\/de\/der-verlassliche-spendentyp\/","og_locale":"de_DE","og_type":"article","og_description":"Sie sind der verl\u00e4ssliche Spendentyp und wollen sich langfristig engagieren. Sie helfen nachhaltig und werden Mitglied einer NPO.","og_url":"https:\/\/zewo.ch\/de\/der-verlassliche-spendentyp\/","og_site_name":"Zewo","article_publisher":"https:\/\/www.facebook.com\/Stiftung.ZEWO\/","article_modified_time":"2019-11-13T12:02:18+00:00","twitter_card":"summary_large_image","twitter_site":"@stiftung_zewo","twitter_misc":{"Gesch\u00e4tzte Lesezeit":"1\u00a0Minute"},"schema":{"@context":"https:\/\/schema.org","@graph":[{"@type":"WebPage","@id":"https:\/\/zewo.ch\/de\/der-verlassliche-spendentyp\/#webpage","url":"https:\/\/zewo.ch\/de\/der-verlassliche-spendentyp\/#webpage","name":"","isPartOf":{"@id":"https:\/\/zewo.ch\/de\/#website"},"datePublished":"2019-05-02T11:57:10+00:00","dateModified":"2019-11-13T12:02:18+00:00","description":"Sie sind der verl\u00e4ssliche Spendentyp und wollen sich langfristig engagieren. Sie helfen nachhaltig und werden Mitglied einer NPO.","breadcrumb":{"@id":"https:\/\/zewo.ch\/de\/der-verlassliche-spendentyp\/#breadcrumb"},"inLanguage":"de","potentialAction":[{"@type":"ReadAction","target":["https:\/\/zewo.ch\/de\/der-verlassliche-spendentyp\/"]}]},{"@type":"BreadcrumbList","@id":"https:\/\/zewo.ch\/de\/der-verlassliche-spendentyp\/#breadcrumb","itemListElement":[{"@type":"ListItem","position":1,"name":"Home","item":"https:\/\/zewo.ch\/de\/"},{"@type":"ListItem","position":2,"name":"Der verl\u00e4ssliche Spendentyp"}]},{"@type":"WebSite","@id":"https:\/\/zewo.ch\/de\/#website","url":"https:\/\/zewo.ch\/de\/","name":"Zewo","description":"Ihre Spende in guten H\u00e4nden.","publisher":{"@id":"https:\/\/zewo.ch\/de\/#organization"},"potentialAction":[{"@type":"SearchAction","target":{"@type":"EntryPoint","urlTemplate":"https:\/\/zewo.ch\/de\/?s={search_term_string}"},"query-input":{"@type":"PropertyValueSpecification","valueRequired":true,"valueName":"search_term_string"}}],"inLanguage":"de"},{"@type":"Organization","@id":"https:\/\/zewo.ch\/de\/#organization","name":"Stiftung Zewo","url":"https:\/\/zewo.ch\/de\/","logo":{"@type":"ImageObject","inLanguage":"de","@id":"https:\/\/zewo.ch\/de\/#\/schema\/logo\/image\/","url":"https:\/\/zewo.ch\/wp-content\/uploads\/2019\/08\/Zewo_Logo_Claim_D.svg","contentUrl":"https:\/\/zewo.ch\/wp-content\/uploads\/2019\/08\/Zewo_Logo_Claim_D.svg","width":1,"height":1,"caption":"Stiftung Zewo"},"image":{"@id":"https:\/\/zewo.ch\/de\/#\/schema\/logo\/image\/"},"sameAs":["https:\/\/www.facebook.com\/Stiftung.ZEWO\/","https:\/\/x.com\/stiftung_zewo","https:\/\/www.linkedin.com\/company\/stiftung-zewo","https:\/\/www.youtube.com\/channel\/UCzjsVJro12OXcvvx1LQP8tw","https:\/\/de.wikipedia.org\/wiki\/Zewo"]}]}},"publishpress_future_action":{"enabled":false,"date":"2026-05-08 23:15:13","action":"change-status","newStatus":"draft","terms":[],"taxonomy":"translation_priority","extraData":[]},"publishpress_future_workflow_manual_trigger":{"enabledWorkflows":[]},"_links":{"self":[{"href":"https:\/\/zewo.ch\/de\/wp-json\/wp\/v2\/pages\/2080","targetHints":{"allow":["GET"]}}],"collection":[{"href":"https:\/\/zewo.ch\/de\/wp-json\/wp\/v2\/pages"}],"about":[{"href":"https:\/\/zewo.ch\/de\/wp-json\/wp\/v2\/types\/page"}],"author":[{"embeddable":true,"href":"https:\/\/zewo.ch\/de\/wp-json\/wp\/v2\/users\/6"}],"replies":[{"embeddable":true,"href":"https:\/\/zewo.ch\/de\/wp-json\/wp\/v2\/comments?post=2080"}],"version-history":[{"count":13,"href":"https:\/\/zewo.ch\/de\/wp-json\/wp\/v2\/pages\/2080\/revisions"}],"predecessor-version":[{"id":562607,"href":"https:\/\/zewo.ch\/de\/wp-json\/wp\/v2\/pages\/2080\/revisions\/562607"}],"wp:attachment":[{"href":"https:\/\/zewo.ch\/de\/wp-json\/wp\/v2\/media?parent=2080"}],"wp:term":[{"taxonomy":"folder","embeddable":true,"href":"https:\/\/zewo.ch\/de\/wp-json\/wp\/v2\/folder?post=2080"}],"curies":[{"name":"wp","href":"https:\/\/api.w.org\/{rel}","templated":true}]}}