{"id":20210,"date":"2019-05-09T16:36:04","date_gmt":"2019-05-09T14:36:04","guid":{"rendered":"https:\/\/www.zewo.ch\/?page_id=20210"},"modified":"2025-02-03T11:37:43","modified_gmt":"2025-02-03T10:37:43","slug":"der-weg-zum-zewo-guetesiegel","status":"publish","type":"page","link":"https:\/\/zewo.ch\/de\/der-weg-zum-zewo-guetesiegel\/","title":{"rendered":"Der Weg zum Zewo-G\u00fctesiegel"},"content":{"rendered":"\n<h2 class=\"wp-block-heading\">Pr\u00fcfverfahren im \u00dcberblick<\/h2>\n\n\n\n<p><strong>Gute Vorbereitung lohnt sich. Erfahren Sie, wie Ihre NPO erfolgreich zum Zewo-G\u00fctesiegel gelangt und wie sie es beh\u00e4lt.<\/strong><\/p>\n\n\n\n<h3 class=\"wp-block-heading\" id=\"1\">Eignungstest: Voraussetzungen kl\u00e4ren<\/h3>\n\n\n\n<p>Sie m\u00f6chten wissen, ob sich Ihre NPO von der Zewo pr\u00fcfen lassen kann? Mit dem Eignungstest haben Sie in wenigen Sekunden Klarheit. Er zeigt, ob in Ihrer Organisation die wichtigsten Grundlagen bereits vorhanden sind, um sich auf den Weg zum Zewo-G\u00fctesiegel zu machen. <\/p>\n\n\n\n<ul class=\"wp-block-cgb-block-zewo-block-links container container-columns-1\">\n<li class=\"wp-block-cgb-block-zewo-block-link ab-block-link\"><a href=\"\/de\/der-weg-zum-zewo-guetesiegel\/eignungstest\/\" class=\"button\"><span>Zum Eignungstest<\/span><span class=\"button-arrow--long\"><\/span><\/a><\/li>\n<\/ul>\n\n\n\n<h3 class=\"wp-block-heading\" id=\"2\">Unverbindliche Einsch\u00e4tzung: Optimal vorbereitet f\u00fcr die Pr\u00fcfung <\/h3>\n\n\n\n<p>Sie m\u00f6chten wissen, wie wahrscheinlich es ist, dass Ihre&nbsp;NPO die&nbsp;Pr\u00fcfung erfolgreich durchl\u00e4uft? Dann ist eine unverbindliche Einsch\u00e4tzung&nbsp;das Richtige f\u00fcr Sie. Sie erfahren fr\u00fch, was es noch zu tun gibt. Gut vorbereitet wird Ihre NPO schlank durch die Pr\u00fcfung kommen.<\/p>\n\n\n\n<ul class=\"wp-block-cgb-block-zewo-block-links container container-columns-1\">\n<li class=\"wp-block-cgb-block-zewo-block-link ab-block-link\"><a href=\"\/de\/der-weg-zum-zewo-guetesiegel\/unverbindliche-einschaetzung\/\" class=\"button\"><span>Einsch\u00e4tzung einholen<\/span><span class=\"button-arrow--long\"><\/span><\/a><\/li>\n\n\n\n<p><\/p>\n<\/ul>\n\n\n\n<h3 class=\"wp-block-heading\" id=\"3\">Pr\u00fcfung beantragen: G\u00fctesiegel erhalten<\/h3>\n\n\n\n<p>Sie haben sich gut&nbsp;vorbereitet&nbsp;und&nbsp;sind \u00fcberzeugt, dass Ihre NPO die 21 Zewo-Standards erf\u00fcllt?&nbsp;Dann beantragen Sie jetzt die Pr\u00fcfung. NPO, die das Pr\u00fcfverfahren erfolgreich durchlaufen, erhalten das Zewo-G\u00fctesiegel. <\/p>\n\n\n\n<p>&nbsp;<\/p>\n\n\n\n<ul class=\"wp-block-cgb-block-zewo-block-links container container-columns-1\">\n<li class=\"wp-block-cgb-block-zewo-block-link ab-block-link\"><a href=\"\/de\/der-weg-zum-zewo-guetesiegel\/pruefung-beantragen\/\" class=\"button\"><span>Pr\u00fcfung beantragen<\/span><span class=\"button-arrow--long\"><\/span><\/a><\/li>\n\n\n\n<li class=\"wp-block-cgb-block-zewo-block-link ab-block-link\"><a href=\"\/de\/die-21-zewo-standards\/\" class=\"button\"><span>Die 21 Standards im \u00dcberblick<\/span><span class=\"button-arrow--long\"><\/span><\/a><\/li>\n<\/ul>\n\n\n\n<h3 class=\"wp-block-heading\">Diese Reglemente gelten:<\/h3>\n\n\n\n<ul class=\"list-icons wp-block-list\">\n<li><a href=\"\/de\/reglement-zewo-guetesiegel-2016\/\">Reglement zum G\u00fctesiegel<\/a><\/li>\n\n\n\n<li><a href=\"https:\/\/zewo.ch\/wp-content\/uploads\/2020\/02\/Gebuehrenreglement-Zewo.pdf\">Geb\u00fchrenreglement<\/a><\/li>\n<\/ul>\n\n\n\n<h3 class=\"wp-block-heading\" id=\"5\">G\u00fctesiegel behalten: Die Kontrollen bestehen<\/h3>\n\n\n\n<p>Alle f\u00fcnf Jahre \u00fcberpr\u00fcft die Zewo die zertifizierte NPO umfassend. So stellt sie sicher, sich Ihre NPO weiterhin an die 21 Zewo-Standards h\u00e4lt. Stellt die Zewo Abweichungen fest, kn\u00fcpft sie die Erneuerung des G\u00fctesiegels an Auflagen. Setzen Sie diese innerhalb der gesetzten Frist um. Denn die Zewo kontrolliert streng. Bei Verst\u00f6ssen gegen die 21 Zewo-Standards droht der Entzug des G\u00fctesiegels.<\/p>\n\n\n\n<ul class=\"wp-block-cgb-block-zewo-block-links container container-columns-1\">\n<li class=\"wp-block-cgb-block-zewo-block-link ab-block-link\"><a href=\"\/de\/der-weg-zum-zewo-guetesiegel\/guetesiegel-behalten\/\" class=\"button\"><span>So kontrolliert die Zewo<\/span><span class=\"button-arrow--long\"><\/span><\/a><\/li>\n<\/ul>\n\n\n\n<h3 class=\"wp-block-heading\" id=\"6\">Rekursm\u00f6glichkeit<\/h3>\n\n\n\n<p>NPO, die das G\u00fctesiegel nicht erhalten haben oder denen es entzogen wurde, k\u00f6nnen den Entscheid des Zewo-Stiftungsrates beim Rekursgericht&nbsp;anfechten.<\/p>\n\n\n\n<ul class=\"wp-block-cgb-block-zewo-block-links container container-columns-1\">\n<li class=\"wp-block-cgb-block-zewo-block-link ab-block-link\"><a href=\"\/de\/rekursgericht\/\" class=\"button\"><span>Weitere Informationen zum Rekursgericht<\/span><span class=\"button-arrow--long\"><\/span><\/a><\/li>\n\n\n\n<p><\/p>\n<\/ul>\n\n\n\n<h3 class=\"wp-block-heading\" id=\"7\">Fragen und Antworten zur Zertifizierung<\/h3>\n\n\n\n<p>Haben Sie Fragen zum Pr\u00fcfverfahren? Dann rufen Sie uns an unter&nbsp;044 366 99 55 oder schreiben Sie uns ein&nbsp;<a href=\"mailto:info@zewo.ch\">E-Mail<\/a>. Das Team der Zewo gibt gerne Auskunft. <\/p>\n\n\n\n<ul class=\"wp-block-cgb-block-zewo-block-links container container-columns-1\">\n<li class=\"wp-block-cgb-block-zewo-block-link ab-block-link\"><a href=\"\/de\/der-weg-zum-zewo-guetesiegel\/fragen-und-antworten-zur-zertifizierung\/\" class=\"button\"><span>Antworten auf wichtige Fragen rund um die Zertifizierung<\/span><span class=\"button-arrow--long\"><\/span><\/a><\/li>\n<\/ul>\n\n\n\n<div class=\"wp-block-cgb-block-zewo-block-columns-container container bg-color-light-gray\"><div class=\"grid-x grid-margin-x\" data-columns=\"2\">\n<div class=\"wp-block-columns is-layout-flex wp-container-core-columns-is-layout-9d6595d7 wp-block-columns-is-layout-flex\">\n<div class=\"wp-block-column is-layout-flow wp-block-column-is-layout-flow\" style=\"flex-basis:100%\">\n<div class=\"wp-block-columns is-layout-flex wp-container-core-columns-is-layout-9d6595d7 wp-block-columns-is-layout-flex\">\n<div class=\"wp-block-column is-layout-flow wp-block-column-is-layout-flow\" style=\"flex-basis:100%\">\n<div class=\"wp-block-group is-nowrap is-layout-flex wp-container-core-group-is-layout-ad2f72ca wp-block-group-is-layout-flex\">\n<div class=\"cell small-12 medium-6\"><div class=\"wp-block-cgb-block-zewo-block-image-teaser ab-block-cta bg-color-secondary\"><div class=\"ab-cta-image-wrap bg-color-secondary\"><img decoding=\"async\" class=\"ab-cta-image\" src=\"https:\/\/zewo.ch\/wp-content\/uploads\/2019\/05\/21-zewo-standards-1.png\" alt=\"Die 21 Zewo-Standards f\u00fcr Spenden sammelnde NPO\"\/><\/div><div class=\"ab-cta-content\"><h2 class=\"ab-cta-title\">Die 21 Zewo-Standards<\/h2><\/div><div class=\"ab-cta-button\"><a href=\"\/de\/die-21-zewo-standards\/\" target=\"_self\" rel=\"noopener noreferrer\" class=\"button primary button-teaser\"><span class=\"button-arrow\"><\/span>Mehr erfahren<\/a><\/div><a href=\"\/de\/die-21-zewo-standards\/\" target=\"_self\" rel=\"noopener noreferrer\" class=\"button-teaser--is-full\"><\/a><\/div><\/div>\n<\/div>\n<\/div>\n<\/div>\n<\/div>\n<\/div>\n\n\n\n<div class=\"wp-block-columns is-layout-flex wp-container-core-columns-is-layout-9d6595d7 wp-block-columns-is-layout-flex\">\n<div class=\"wp-block-column is-layout-flow wp-block-column-is-layout-flow\" style=\"flex-basis:100%\"><\/div>\n<\/div>\n\n\n<\/div><\/div>\n","protected":false},"excerpt":{"rendered":"<p>Pr\u00fcfverfahren im \u00dcberblick Gute Vorbereitung lohnt sich. Erfahren Sie, wie Ihre NPO erfolgreich zum Zewo-G\u00fctesiegel gelangt und wie sie es beh\u00e4lt. Eignungstest: Voraussetzungen kl\u00e4ren Sie m\u00f6chten wissen, ob sich Ihre NPO von der Zewo pr\u00fcfen lassen kann? Mit dem Eignungstest haben Sie in wenigen Sekunden Klarheit. Er zeigt, ob in Ihrer Organisation die wichtigsten Grundlagen [&hellip;]<\/p>\n","protected":false},"author":6,"featured_media":666077,"parent":0,"menu_order":192,"comment_status":"closed","ping_status":"closed","template":"","meta":{"_acf_changed":false,"footnotes":""},"folder":[6639],"class_list":["post-20210","page","type-page","status-publish","has-post-thumbnail","hentry"],"acf":[],"yoast_head":"<!-- This site is optimized with the Yoast SEO Premium plugin v26.0 (Yoast SEO v26.0) - https:\/\/yoast.com\/wordpress\/plugins\/seo\/ -->\n<title>Zewo<\/title>\n<meta name=\"description\" content=\"Mit diesen 5 Schritten erfolgreich auf dem Weg zum Zewo-G\u00fctesiegel: Das Pr\u00fcfverfahren testet, ob gemeinn\u00fctzige NPO die Standards der Zewo einhalten.\" \/>\n<meta name=\"robots\" content=\"index, follow, max-snippet:-1, max-image-preview:large, max-video-preview:-1\" \/>\n<link rel=\"canonical\" href=\"https:\/\/zewo.ch\/de\/der-weg-zum-zewo-guetesiegel\/\" \/>\n<meta property=\"og:locale\" content=\"de_DE\" \/>\n<meta property=\"og:type\" content=\"article\" \/>\n<meta property=\"og:description\" content=\"Mit diesen 5 Schritten erfolgreich auf dem Weg zum Zewo-G\u00fctesiegel: Das Pr\u00fcfverfahren testet, ob gemeinn\u00fctzige NPO die Standards der Zewo einhalten.\" \/>\n<meta property=\"og:url\" content=\"https:\/\/zewo.ch\/de\/der-weg-zum-zewo-guetesiegel\/\" \/>\n<meta property=\"og:site_name\" content=\"Zewo\" \/>\n<meta property=\"article:publisher\" content=\"https:\/\/www.facebook.com\/Stiftung.ZEWO\/\" \/>\n<meta property=\"article:modified_time\" content=\"2025-02-03T10:37:43+00:00\" \/>\n<meta property=\"og:image\" content=\"https:\/\/zewo.ch\/wp-content\/uploads\/2019\/11\/shutterstock_327359792_WP.jpg\" \/>\n\t<meta property=\"og:image:width\" content=\"2200\" \/>\n\t<meta property=\"og:image:height\" content=\"440\" \/>\n\t<meta property=\"og:image:type\" content=\"image\/jpeg\" \/>\n<meta name=\"twitter:card\" content=\"summary_large_image\" \/>\n<meta name=\"twitter:site\" content=\"@stiftung_zewo\" \/>\n<meta name=\"twitter:label1\" content=\"Gesch\u00e4tzte Lesezeit\" \/>\n\t<meta name=\"twitter:data1\" content=\"6\u00a0Minuten\" \/>\n<script type=\"application\/ld+json\" class=\"yoast-schema-graph\">{\"@context\":\"https:\/\/schema.org\",\"@graph\":[{\"@type\":\"WebPage\",\"@id\":\"https:\/\/zewo.ch\/de\/der-weg-zum-zewo-guetesiegel\/#webpage\",\"url\":\"https:\/\/zewo.ch\/de\/der-weg-zum-zewo-guetesiegel\/#webpage\",\"name\":\"\",\"isPartOf\":{\"@id\":\"https:\/\/zewo.ch\/de\/#website\"},\"primaryImageOfPage\":{\"@id\":\"https:\/\/zewo.ch\/de\/der-weg-zum-zewo-guetesiegel\/#primaryimage\"},\"image\":{\"@id\":\"https:\/\/zewo.ch\/de\/der-weg-zum-zewo-guetesiegel\/#primaryimage\"},\"thumbnailUrl\":\"https:\/\/zewo.ch\/wp-content\/uploads\/2019\/11\/shutterstock_327359792_WP.jpg\",\"datePublished\":\"2019-05-09T14:36:04+00:00\",\"dateModified\":\"2025-02-03T10:37:43+00:00\",\"description\":\"Mit diesen 5 Schritten erfolgreich auf dem Weg zum Zewo-G\u00fctesiegel: Das Pr\u00fcfverfahren testet, ob gemeinn\u00fctzige NPO die Standards der Zewo einhalten.\",\"breadcrumb\":{\"@id\":\"https:\/\/zewo.ch\/de\/der-weg-zum-zewo-guetesiegel\/#breadcrumb\"},\"inLanguage\":\"de\",\"potentialAction\":[{\"@type\":\"ReadAction\",\"target\":[\"https:\/\/zewo.ch\/de\/der-weg-zum-zewo-guetesiegel\/\"]}]},{\"@type\":\"ImageObject\",\"inLanguage\":\"de\",\"@id\":\"https:\/\/zewo.ch\/de\/der-weg-zum-zewo-guetesiegel\/#primaryimage\",\"url\":\"https:\/\/zewo.ch\/wp-content\/uploads\/2019\/11\/shutterstock_327359792_WP.jpg\",\"contentUrl\":\"https:\/\/zewo.ch\/wp-content\/uploads\/2019\/11\/shutterstock_327359792_WP.jpg\",\"width\":2200,\"height\":440},{\"@type\":\"BreadcrumbList\",\"@id\":\"https:\/\/zewo.ch\/de\/der-weg-zum-zewo-guetesiegel\/#breadcrumb\",\"itemListElement\":[{\"@type\":\"ListItem\",\"position\":1,\"name\":\"Home\",\"item\":\"https:\/\/zewo.ch\/de\/\"},{\"@type\":\"ListItem\",\"position\":2,\"name\":\"Der Weg zum Zewo-G\u00fctesiegel\"}]},{\"@type\":\"WebSite\",\"@id\":\"https:\/\/zewo.ch\/de\/#website\",\"url\":\"https:\/\/zewo.ch\/de\/\",\"name\":\"Zewo\",\"description\":\"Ihre Spende in guten H\u00e4nden.\",\"publisher\":{\"@id\":\"https:\/\/zewo.ch\/de\/#organization\"},\"potentialAction\":[{\"@type\":\"SearchAction\",\"target\":{\"@type\":\"EntryPoint\",\"urlTemplate\":\"https:\/\/zewo.ch\/de\/?s={search_term_string}\"},\"query-input\":{\"@type\":\"PropertyValueSpecification\",\"valueRequired\":true,\"valueName\":\"search_term_string\"}}],\"inLanguage\":\"de\"},{\"@type\":\"Organization\",\"@id\":\"https:\/\/zewo.ch\/de\/#organization\",\"name\":\"Stiftung Zewo\",\"url\":\"https:\/\/zewo.ch\/de\/\",\"logo\":{\"@type\":\"ImageObject\",\"inLanguage\":\"de\",\"@id\":\"https:\/\/zewo.ch\/de\/#\/schema\/logo\/image\/\",\"url\":\"https:\/\/zewo.ch\/wp-content\/uploads\/2019\/08\/Zewo_Logo_Claim_D.svg\",\"contentUrl\":\"https:\/\/zewo.ch\/wp-content\/uploads\/2019\/08\/Zewo_Logo_Claim_D.svg\",\"width\":1,\"height\":1,\"caption\":\"Stiftung Zewo\"},\"image\":{\"@id\":\"https:\/\/zewo.ch\/de\/#\/schema\/logo\/image\/\"},\"sameAs\":[\"https:\/\/www.facebook.com\/Stiftung.ZEWO\/\",\"https:\/\/x.com\/stiftung_zewo\",\"https:\/\/www.linkedin.com\/company\/stiftung-zewo\",\"https:\/\/www.youtube.com\/channel\/UCzjsVJro12OXcvvx1LQP8tw\",\"https:\/\/de.wikipedia.org\/wiki\/Zewo\"]}]}<\/script>\n<!-- \/ Yoast SEO Premium plugin. -->","yoast_head_json":{"title":"Zewo","description":"Mit diesen 5 Schritten erfolgreich auf dem Weg zum Zewo-G\u00fctesiegel: Das Pr\u00fcfverfahren testet, ob gemeinn\u00fctzige NPO die Standards der Zewo einhalten.","robots":{"index":"index","follow":"follow","max-snippet":"max-snippet:-1","max-image-preview":"max-image-preview:large","max-video-preview":"max-video-preview:-1"},"canonical":"https:\/\/zewo.ch\/de\/der-weg-zum-zewo-guetesiegel\/","og_locale":"de_DE","og_type":"article","og_description":"Mit diesen 5 Schritten erfolgreich auf dem Weg zum Zewo-G\u00fctesiegel: Das Pr\u00fcfverfahren testet, ob gemeinn\u00fctzige NPO die Standards der Zewo einhalten.","og_url":"https:\/\/zewo.ch\/de\/der-weg-zum-zewo-guetesiegel\/","og_site_name":"Zewo","article_publisher":"https:\/\/www.facebook.com\/Stiftung.ZEWO\/","article_modified_time":"2025-02-03T10:37:43+00:00","og_image":[{"width":2200,"height":440,"url":"https:\/\/zewo.ch\/wp-content\/uploads\/2019\/11\/shutterstock_327359792_WP.jpg","type":"image\/jpeg"}],"twitter_card":"summary_large_image","twitter_site":"@stiftung_zewo","twitter_misc":{"Gesch\u00e4tzte Lesezeit":"6\u00a0Minuten"},"schema":{"@context":"https:\/\/schema.org","@graph":[{"@type":"WebPage","@id":"https:\/\/zewo.ch\/de\/der-weg-zum-zewo-guetesiegel\/#webpage","url":"https:\/\/zewo.ch\/de\/der-weg-zum-zewo-guetesiegel\/#webpage","name":"","isPartOf":{"@id":"https:\/\/zewo.ch\/de\/#website"},"primaryImageOfPage":{"@id":"https:\/\/zewo.ch\/de\/der-weg-zum-zewo-guetesiegel\/#primaryimage"},"image":{"@id":"https:\/\/zewo.ch\/de\/der-weg-zum-zewo-guetesiegel\/#primaryimage"},"thumbnailUrl":"https:\/\/zewo.ch\/wp-content\/uploads\/2019\/11\/shutterstock_327359792_WP.jpg","datePublished":"2019-05-09T14:36:04+00:00","dateModified":"2025-02-03T10:37:43+00:00","description":"Mit diesen 5 Schritten erfolgreich auf dem Weg zum Zewo-G\u00fctesiegel: Das Pr\u00fcfverfahren testet, ob gemeinn\u00fctzige NPO die Standards der Zewo einhalten.","breadcrumb":{"@id":"https:\/\/zewo.ch\/de\/der-weg-zum-zewo-guetesiegel\/#breadcrumb"},"inLanguage":"de","potentialAction":[{"@type":"ReadAction","target":["https:\/\/zewo.ch\/de\/der-weg-zum-zewo-guetesiegel\/"]}]},{"@type":"ImageObject","inLanguage":"de","@id":"https:\/\/zewo.ch\/de\/der-weg-zum-zewo-guetesiegel\/#primaryimage","url":"https:\/\/zewo.ch\/wp-content\/uploads\/2019\/11\/shutterstock_327359792_WP.jpg","contentUrl":"https:\/\/zewo.ch\/wp-content\/uploads\/2019\/11\/shutterstock_327359792_WP.jpg","width":2200,"height":440},{"@type":"BreadcrumbList","@id":"https:\/\/zewo.ch\/de\/der-weg-zum-zewo-guetesiegel\/#breadcrumb","itemListElement":[{"@type":"ListItem","position":1,"name":"Home","item":"https:\/\/zewo.ch\/de\/"},{"@type":"ListItem","position":2,"name":"Der Weg zum Zewo-G\u00fctesiegel"}]},{"@type":"WebSite","@id":"https:\/\/zewo.ch\/de\/#website","url":"https:\/\/zewo.ch\/de\/","name":"Zewo","description":"Ihre Spende in guten H\u00e4nden.","publisher":{"@id":"https:\/\/zewo.ch\/de\/#organization"},"potentialAction":[{"@type":"SearchAction","target":{"@type":"EntryPoint","urlTemplate":"https:\/\/zewo.ch\/de\/?s={search_term_string}"},"query-input":{"@type":"PropertyValueSpecification","valueRequired":true,"valueName":"search_term_string"}}],"inLanguage":"de"},{"@type":"Organization","@id":"https:\/\/zewo.ch\/de\/#organization","name":"Stiftung Zewo","url":"https:\/\/zewo.ch\/de\/","logo":{"@type":"ImageObject","inLanguage":"de","@id":"https:\/\/zewo.ch\/de\/#\/schema\/logo\/image\/","url":"https:\/\/zewo.ch\/wp-content\/uploads\/2019\/08\/Zewo_Logo_Claim_D.svg","contentUrl":"https:\/\/zewo.ch\/wp-content\/uploads\/2019\/08\/Zewo_Logo_Claim_D.svg","width":1,"height":1,"caption":"Stiftung Zewo"},"image":{"@id":"https:\/\/zewo.ch\/de\/#\/schema\/logo\/image\/"},"sameAs":["https:\/\/www.facebook.com\/Stiftung.ZEWO\/","https:\/\/x.com\/stiftung_zewo","https:\/\/www.linkedin.com\/company\/stiftung-zewo","https:\/\/www.youtube.com\/channel\/UCzjsVJro12OXcvvx1LQP8tw","https:\/\/de.wikipedia.org\/wiki\/Zewo"]}]}},"publishpress_future_action":{"enabled":false,"date":"2026-04-21 18:47:16","action":"change-status","newStatus":"draft","terms":[],"taxonomy":"translation_priority","extraData":[]},"publishpress_future_workflow_manual_trigger":{"enabledWorkflows":[]},"_links":{"self":[{"href":"https:\/\/zewo.ch\/de\/wp-json\/wp\/v2\/pages\/20210","targetHints":{"allow":["GET"]}}],"collection":[{"href":"https:\/\/zewo.ch\/de\/wp-json\/wp\/v2\/pages"}],"about":[{"href":"https:\/\/zewo.ch\/de\/wp-json\/wp\/v2\/types\/page"}],"author":[{"embeddable":true,"href":"https:\/\/zewo.ch\/de\/wp-json\/wp\/v2\/users\/6"}],"replies":[{"embeddable":true,"href":"https:\/\/zewo.ch\/de\/wp-json\/wp\/v2\/comments?post=20210"}],"version-history":[{"count":95,"href":"https:\/\/zewo.ch\/de\/wp-json\/wp\/v2\/pages\/20210\/revisions"}],"predecessor-version":[{"id":5926411,"href":"https:\/\/zewo.ch\/de\/wp-json\/wp\/v2\/pages\/20210\/revisions\/5926411"}],"wp:featuredmedia":[{"embeddable":true,"href":"https:\/\/zewo.ch\/de\/wp-json\/wp\/v2\/media\/666077"}],"wp:attachment":[{"href":"https:\/\/zewo.ch\/de\/wp-json\/wp\/v2\/media?parent=20210"}],"wp:term":[{"taxonomy":"folder","embeddable":true,"href":"https:\/\/zewo.ch\/de\/wp-json\/wp\/v2\/folder?post=20210"}],"curies":[{"name":"wp","href":"https:\/\/api.w.org\/{rel}","templated":true}]}}