{"id":20202,"date":"2019-05-09T16:17:50","date_gmt":"2019-05-09T14:17:50","guid":{"rendered":"https:\/\/www.zewo.ch\/?page_id=20202"},"modified":"2025-10-29T11:35:21","modified_gmt":"2025-10-29T10:35:21","slug":"zewo-guetesiegel","status":"publish","type":"page","link":"https:\/\/zewo.ch\/de\/zewo-guetesiegel\/","title":{"rendered":"Zewo-G\u00fctesiegel"},"content":{"rendered":"\n<h2 class=\"wp-block-heading\">Ihre Spende in guten H\u00e4nden<\/h2>\n\n\n\n<p><strong>Achten Sie beim Spenden auf das Zewo-G\u00fctesiegel. Das Signet zeichnet NPO aus, die Spenden zweckbestimmt, wirtschaftlich und wirksam einsetzen.<\/strong><\/p>\n\n\n\n<p>Gemeinn\u00fctzige NPO, die das G\u00fctezeichen der Zewo tragen, haben das <a href=\"\/de\/der-weg-zum-zewo-guetesiegel\/\">Pr\u00fcfverfahren<\/a> der Zewo erfolgreich durchlaufen. Sie erf\u00fcllen die <a href=\"\/de\/die-21-zewo-standards\/\">Zewo-Standards<\/a> und lassen sich regelm\u00e4ssig von der Zewo kontrollieren. Bei zertifizierten NPO sind Spenden in guten H\u00e4nden. <\/p>\n\n\n\n<figure class=\"wp-block-image is-resized\"><img loading=\"lazy\" decoding=\"async\" width=\"750\" height=\"188\" src=\"https:\/\/zewo.ch\/wp-content\/uploads\/2019\/08\/ZEWO_Logo_Claim_D_4c.png\" alt=\"ZEWO Logo Claim Transparent\" class=\"wp-image-499670\" style=\"width:563px;height:141px\" srcset=\"https:\/\/zewo.ch\/wp-content\/uploads\/2019\/08\/ZEWO_Logo_Claim_D_4c.png 750w, https:\/\/zewo.ch\/wp-content\/uploads\/2019\/08\/ZEWO_Logo_Claim_D_4c-300x75.png 300w\" sizes=\"auto, (min-width: 960px) 75vw, 100vw\" \/><\/figure>\n\n\n\n<p>Spenderinnen und Spender finden das Zewo-G\u00fctesiegel auf den folgenden Unterlagen von zertifizierten NPO: <\/p>\n\n\n\n<ul class=\"wp-block-list\">\n<li>Sammlungsaufrufe<\/li>\n\n\n\n<li>Einzahlungsscheine<\/li>\n\n\n\n<li>Inserate<\/li>\n\n\n\n<li>Plakate <\/li>\n\n\n\n<li>Brosch\u00fcren<\/li>\n\n\n\n<li>Briefpapier<\/li>\n\n\n\n<li>Jahresbericht<\/li>\n\n\n\n<li>Website<\/li>\n\n\n\n<li>Werbespots<\/li>\n<\/ul>\n\n\n\n<h2 class=\"wp-block-heading\" id=\"h-gutesiegel-manual\">G\u00fctesiegel-Manual<\/h2>\n\n\n\n<p>NPO erfahren in diesem <a rel=\"noreferrer noopener\" href=\"https:\/\/zewo.ch\/de\/zewo-gu%CC%88tesiegel-mit-slogan_label-de-qualite-zewo-avec-le-slogan\/\" target=\"_blank\">Manual<\/a>, wie sie das G\u00fctesiegel &#8211; mit und ohne Slogan &#8211; richtig anwenden. <\/p>\n\n\n\n<iframe loading=\"lazy\" width=\"620px\" height=\"323px\" src=\"https:\/\/www.yumpu.com\/de\/embed\/view\/dIU5qCHbYrkiDMFG\" frameborder=\"0\" allowfullscreen=\"true\"  allowtransparency=\"true\"><\/iframe>\n\n\n\n<h2 class=\"wp-block-heading\">G\u00fctesiegel abbilden <\/h2>\n\n\n\n<p>Das Zewo-G\u00fctesiegel ist eine gesch\u00fctzte Qualit\u00e4tsmarke. Nur zertifizierte NPO, die von der Zewo das Recht erhalten haben, d\u00fcrfen es abbilden. Die Vorlagen f\u00fcr den Druck, Online-Publikationen und Office-Anwendungen stehen ihnen hier zum Herunterladen bereit:<\/p>\n\n\n\n<h3 class=\"wp-block-heading\" id=\"h-druck-eps\">Druck (EPS)<\/h3>\n\n\n\n<ul class=\"wp-block-list list-icons\">\n<li><a href=\"https:\/\/zewo.ch\/wp-content\/uploads\/2019\/08\/Zewo_Logo_Claim_D_PRINT.zip\" target=\"_blank\" rel=\"noreferrer noopener\">Deutsch: Siegel mit Slogan<\/a><\/li>\n\n\n\n<li><a href=\"https:\/\/zewo.ch\/wp-content\/uploads\/2019\/08\/Zewo_Logo_Claim_F_PRINT.zip\" target=\"_blank\" rel=\"noreferrer noopener\">Franz\u00f6sisch: Siegel mit Slogan<\/a><\/li>\n\n\n\n<li><a aria-label=\"undefined (opens in a new tab)\" href=\"\/de\/zewo_logo_claim_e_print\/\" target=\"_blank\" rel=\"noreferrer noopener\">Englisch: Siegel mit Slogan<\/a><\/li>\n\n\n\n<li><a aria-label=\"undefined (opens in a new tab)\" href=\"\/de\/zewo_logo_claim_i_print\/\" target=\"_blank\" rel=\"noreferrer noopener\">Italienisch: Siegel mit Slogan<\/a><\/li>\n\n\n\n<li><a aria-label=\"undefined (opens in a new tab)\" href=\"\/de\/zewo-logo-print\/\" target=\"_blank\" rel=\"noreferrer noopener\">Siegel ohne Slogan<\/a><\/li>\n<\/ul>\n\n\n\n<h3 class=\"wp-block-heading\" id=\"h-online-publikationen-svg\">Online-Publikationen (SVG)<\/h3>\n\n\n\n<ul class=\"wp-block-list list-icons\">\n<li><a aria-label=\" (\u00f6ffnet in neuem Tab)\" href=\"\/de\/zewo_logo_claim_d\/\" target=\"_blank\" rel=\"noreferrer noopener\">Deutsch: Siegel mit Slogan<\/a><\/li>\n\n\n\n<li><a aria-label=\" (\u00f6ffnet in neuem Tab)\" href=\"\/de\/zewo_logo_claim_f\/\" target=\"_blank\" rel=\"noreferrer noopener\">Franz\u00f6sisch: Siegel mit Slogan<\/a><\/li>\n\n\n\n<li><a aria-label=\" (\u00f6ffnet in neuem Tab)\" href=\"\/de\/zewo_logo_claim_e\/\" target=\"_blank\" rel=\"noreferrer noopener\">Englisch: Siegel mit Slogan<\/a><\/li>\n\n\n\n<li><a aria-label=\" (\u00f6ffnet in neuem Tab)\" href=\"\/de\/zewo_logo_claim_i\/\" target=\"_blank\" rel=\"noreferrer noopener\">Italienisch: Siegel mit Slogan<\/a><\/li>\n\n\n\n<li><a href=\"\/de\/zewo-logo-web\/\">Siegel mit Slogan<\/a><\/li>\n<\/ul>\n\n\n\n<h3 class=\"wp-block-heading\" id=\"h-office-anwendungen-png\">Office-Anwendungen (PNG)  <\/h3>\n\n\n\n<p>Verwendbar in Word, Excel, PowerPoint, Outlook und vergleichbaren Anwendungen.<\/p>\n\n\n\n<ul class=\"wp-block-list list-icons\">\n<li><a aria-label=\"undefined (opens in a new tab)\" href=\"\/de\/zewo_logo_claim_d_office\/\" target=\"_blank\" rel=\"noreferrer noopener\">Deutsch: Siegel mit Slogan<\/a><\/li>\n\n\n\n<li><a aria-label=\"undefined (opens in a new tab)\" href=\"\/de\/zewo_logo-claim_f_office\/\" target=\"_blank\" rel=\"noreferrer noopener\">Franz\u00f6sisch: Siegel mit Slogan<\/a><\/li>\n\n\n\n<li><a aria-label=\"undefined (opens in a new tab)\" href=\"\/de\/zewo_logo_claim_e_office\/\" target=\"_blank\" rel=\"noreferrer noopener\">Englisch: Siegel mit Slogan<\/a><\/li>\n\n\n\n<li><a aria-label=\"Logo mit Claim Italienisch\u2028 (\u00f6ffnet in neuem Tab)\" href=\"\/de\/zewo_logo-claim_i_office\/\" target=\"_blank\" rel=\"noreferrer noopener\">Italienisch: Siegel mit Slogan<\/a><\/li>\n\n\n\n<li><a aria-label=\"undefined (opens in a new tab)\" href=\"\/de\/zewo_logo_office\/\" target=\"_blank\" rel=\"noreferrer noopener\">Logo ohne Slogan<\/a><\/li>\n<\/ul>\n\n\n\n<div style=\"height:25px\" aria-hidden=\"true\" class=\"wp-block-spacer\"><\/div>\n\n\n\n<ul class=\"wp-block-cgb-block-zewo-block-links container container-columns-1\">\n<li class=\"wp-block-cgb-block-zewo-block-link ab-block-link\"><a href=\"https:\/\/zewo.ch\/fr\/label-de-qualite\/\" class=\"button\"><span>Hier geht es zur franz\u00f6sischen Version<\/span><span class=\"button-arrow--long\"><\/span><\/a><\/li>\n<\/ul>\n\n\n\n<div class=\"wp-block-cgb-block-zewo-block-button ab-block-button\"><a href=\"https:\/\/zewo.ch\/de\/ihr-spendenverstaerker\/\" class=\"button primary\"><span class=\"button-arrow\"><\/span>Weitere Vorlagen &#8211; ideal f\u00fcr Ihre Online-Kommunikation<\/a><\/div>\n\n\n\n<div style=\"height:25px\" aria-hidden=\"true\" class=\"wp-block-spacer\"><\/div>\n\n\n\n<h2 class=\"wp-block-heading\" id=\"2\">Bekanntheit Zewo-G\u00fctesiegel<\/h2>\n\n\n\n<p>Das Zewo-G\u00fctesiegel ist seit der Einf\u00fchrung des neuen Signets deutlich bekannter geworden und wird beim Spenden mehr beachtet. Besonders h\u00e4ufig achten jene darauf, die in einem Jahr mehr als 200 Franken gespendet haben. Das zeigt der Vergleich von zwei repr\u00e4sentativen Umfragen, die die Bekanntheit des Zewo-G\u00fctesiegels untersucht haben.<\/p>\n\n\n\n<ul class=\"wp-block-cgb-block-zewo-block-links container container-columns-1\">\n<li class=\"wp-block-cgb-block-zewo-block-link ab-block-link\"><a href=\"\/de\/news-so-bekannt-ist-das-zewo-guetesiegel\/\" class=\"button\"><span>Zum News-Beitrag<\/span><span class=\"button-arrow--long\"><\/span><\/a><\/li>\n<\/ul>\n\n\n\n<h2 class=\"wp-block-heading\" id=\"3\">Das Zewo-G\u00fctesiegel im Zeitverlauf <\/h2>\n\n\n\n<div class=\"wp-block-columns has-2-columns is-layout-flex wp-container-core-columns-is-layout-9d6595d7 wp-block-columns-is-layout-flex\">\n<div class=\"wp-block-column is-layout-flow wp-block-column-is-layout-flow\"><div class=\"wp-block-image is-resized\">\n<figure class=\"alignleft\"><img loading=\"lazy\" decoding=\"async\" width=\"501\" height=\"536\" src=\"https:\/\/zewo.ch\/wp-content\/uploads\/2019\/08\/Stiftung-Zewo-HG-transp.png\" alt=\"Stiftung Zewo Logo Transparent\" class=\"wp-image-501414\" style=\"object-fit:cover;width:256px;height:auto\" srcset=\"https:\/\/zewo.ch\/wp-content\/uploads\/2019\/08\/Stiftung-Zewo-HG-transp.png 501w, https:\/\/zewo.ch\/wp-content\/uploads\/2019\/08\/Stiftung-Zewo-HG-transp-280x300.png 280w\" sizes=\"auto, (min-width: 960px) 75vw, 100vw\" \/><\/figure><\/div><\/div>\n\n\n\n<div class=\"wp-block-column is-layout-flow wp-block-column-is-layout-flow\">\n<p><strong>Seit 2009: Sprechende Bildmarke<\/strong><\/p>\n\n\n\n<p>So sieht das G\u00fctesiegel der Zewo heute aus. Es ist markenrechtlich gesch\u00fctzt. Nur NPO, denen es die Zewo verliehen hat, d\u00fcrfen es verwenden. Mit der bildlichen Darstellung, die zeigt, dass die Organisation gepr\u00fcft und f\u00fcr gut befunden wurde, wird das G\u00fctesiegel zu einer sprechenden Bildmarke. Im Jahr 2017 wird sie  mit dem Claim \u00abIhre Spende in guten H\u00e4nden\u00bb erg\u00e4nzt.<\/p>\n\n\n\n<p>Vereinzelt sind noch fr\u00fchere Versionen des G\u00fctesiegels in Gebrauch. Auch diese sind markenrechtlich gesch\u00fctzt.<\/p>\n<\/div>\n<\/div>\n\n\n\n<div class=\"wp-block-columns has-2-columns is-layout-flex wp-container-core-columns-is-layout-9d6595d7 wp-block-columns-is-layout-flex\">\n<div class=\"wp-block-column is-layout-flow wp-block-column-is-layout-flow\"><div class=\"wp-block-image\">\n<figure class=\"alignleft\"><img loading=\"lazy\" decoding=\"async\" width=\"175\" height=\"171\" src=\"https:\/\/zewo.ch\/wp-content\/uploads\/2019\/05\/zewo_warm_red175.jpg\" alt=\"\" class=\"wp-image-58989\"\/><\/figure><\/div><\/div>\n\n\n\n<div class=\"wp-block-column is-layout-flow wp-block-column-is-layout-flow\">\n<p><strong>2001: Das G\u00fctesiegel wird farbig<\/strong><\/p>\n\n\n\n<p>Die Zewo wird eine un\u00adabh\u00e4ngige Stiftung und modernisiert ihr  G\u00fctesiegel. Es wird farbig. Ein Zusatz erkl\u00e4rt seine Bedeutung. <\/p>\n<\/div>\n<\/div>\n\n\n\n<div class=\"wp-block-columns has-2-columns is-layout-flex wp-container-core-columns-is-layout-9d6595d7 wp-block-columns-is-layout-flex\">\n<div class=\"wp-block-column is-layout-flow wp-block-column-is-layout-flow\"><div class=\"wp-block-image is-resized\">\n<figure class=\"alignleft\"><img loading=\"lazy\" decoding=\"async\" width=\"176\" height=\"171\" src=\"https:\/\/zewo.ch\/wp-content\/uploads\/2019\/05\/GS-1990.jpg\" alt=\"\" class=\"wp-image-58975\"\/><\/figure><\/div><\/div>\n\n\n\n<div class=\"wp-block-column is-layout-flow wp-block-column-is-layout-flow\">\n<p><strong>1990: Leicht modifiziert<\/strong><\/p>\n\n\n\n<p>Die Zentrale Auskunftsstelle f\u00fcr Wohlfahrtsunternehmungen<strong> <\/strong> entscheidet, in allen Sprachregionen k\u00fcnftig nur noch die Kurzform <strong>\u00ab\u200aZewo\u200a\u00bb<\/strong> zu verwenden, in allen Sprachregionen. Gleichzeitig modifiziert sie das G\u00fctesiegel leicht. Es wird zweidimensional. <\/p>\n<\/div>\n<\/div>\n\n\n\n<div class=\"wp-block-columns has-2-columns is-layout-flex wp-container-core-columns-is-layout-9d6595d7 wp-block-columns-is-layout-flex\">\n<div class=\"wp-block-column is-layout-flow wp-block-column-is-layout-flow\"><div class=\"wp-block-image\">\n<figure class=\"alignleft\"><img loading=\"lazy\" decoding=\"async\" width=\"175\" height=\"167\" src=\"https:\/\/zewo.ch\/wp-content\/uploads\/2019\/05\/GS-1940.jpg\" alt=\"\" class=\"wp-image-58972\"\/><\/figure><\/div><\/div>\n\n\n\n<div class=\"wp-block-column is-layout-flow wp-block-column-is-layout-flow\">\n<p><strong>1940: Das erste Zewo-G\u00fctesiegel<\/strong><\/p>\n\n\n\n<p>Nur wenige Jahre nach der Gr\u00fcndung des Vereins registriert die <strong>Zentrale Auskunftsstelle f\u00fcr Wohlfahrtsunternehmungen, Zewo<\/strong>, das erste G\u00fctesiegel amtlich. Es steht f\u00fcr Zusammenhalt und Schutz.<\/p>\n<\/div>\n<\/div>\n\n\n\n<p><\/p>\n","protected":false},"excerpt":{"rendered":"<p>Ihre Spende in guten H\u00e4nden Achten Sie beim Spenden auf das Zewo-G\u00fctesiegel. Das Signet zeichnet NPO aus, die Spenden zweckbestimmt, wirtschaftlich und wirksam einsetzen. Gemeinn\u00fctzige NPO, die das G\u00fctezeichen der Zewo tragen, haben das Pr\u00fcfverfahren der Zewo erfolgreich durchlaufen. Sie erf\u00fcllen die Zewo-Standards und lassen sich regelm\u00e4ssig von der Zewo kontrollieren. Bei zertifizierten NPO sind [&hellip;]<\/p>\n","protected":false},"author":6,"featured_media":0,"parent":0,"menu_order":419,"comment_status":"closed","ping_status":"closed","template":"","meta":{"_acf_changed":false,"footnotes":""},"folder":[6639],"class_list":["post-20202","page","type-page","status-publish","hentry"],"acf":[],"yoast_head":"<!-- This site is optimized with the Yoast SEO Premium plugin v26.0 (Yoast SEO v26.0) - https:\/\/yoast.com\/wordpress\/plugins\/seo\/ -->\n<title>Zewo<\/title>\n<meta name=\"description\" content=\"Achten Sie auf beim Spenden das Zewo-G\u00fctesiegel. Es zeichnet NPO aus, die Spenden zweckbestimmt, wirtschaftlich und wirksam einsetzen.\" \/>\n<meta name=\"robots\" content=\"index, follow, max-snippet:-1, max-image-preview:large, max-video-preview:-1\" \/>\n<link rel=\"canonical\" href=\"https:\/\/zewo.ch\/de\/zewo-guetesiegel\/\" \/>\n<meta property=\"og:locale\" content=\"de_DE\" \/>\n<meta property=\"og:type\" content=\"article\" \/>\n<meta property=\"og:description\" content=\"Achten Sie auf beim Spenden das Zewo-G\u00fctesiegel. Es zeichnet NPO aus, die Spenden zweckbestimmt, wirtschaftlich und wirksam einsetzen.\" \/>\n<meta property=\"og:url\" content=\"https:\/\/zewo.ch\/de\/zewo-guetesiegel\/\" \/>\n<meta property=\"og:site_name\" content=\"Zewo\" \/>\n<meta property=\"article:publisher\" content=\"https:\/\/www.facebook.com\/Stiftung.ZEWO\/\" \/>\n<meta property=\"article:modified_time\" content=\"2025-10-29T10:35:21+00:00\" \/>\n<meta property=\"og:image\" content=\"https:\/\/zewo.ch\/wp-content\/uploads\/2019\/08\/ZEWO_Logo_Claim_D_4c.png\" \/>\n\t<meta property=\"og:image:width\" content=\"750\" \/>\n\t<meta property=\"og:image:height\" content=\"188\" \/>\n\t<meta property=\"og:image:type\" content=\"image\/png\" \/>\n<meta name=\"twitter:card\" content=\"summary_large_image\" \/>\n<meta name=\"twitter:site\" content=\"@stiftung_zewo\" \/>\n<meta name=\"twitter:label1\" content=\"Gesch\u00e4tzte Lesezeit\" \/>\n\t<meta name=\"twitter:data1\" content=\"4\u00a0Minuten\" \/>\n<script type=\"application\/ld+json\" class=\"yoast-schema-graph\">{\"@context\":\"https:\/\/schema.org\",\"@graph\":[{\"@type\":\"WebPage\",\"@id\":\"https:\/\/zewo.ch\/de\/zewo-guetesiegel\/#webpage\",\"url\":\"https:\/\/zewo.ch\/de\/zewo-guetesiegel\/#webpage\",\"name\":\"\",\"isPartOf\":{\"@id\":\"https:\/\/zewo.ch\/de\/#website\"},\"primaryImageOfPage\":{\"@id\":\"https:\/\/zewo.ch\/de\/zewo-guetesiegel\/#primaryimage\"},\"image\":{\"@id\":\"https:\/\/zewo.ch\/de\/zewo-guetesiegel\/#primaryimage\"},\"thumbnailUrl\":\"https:\/\/zewo.ch\/wp-content\/uploads\/2019\/08\/ZEWO_Logo_Claim_D_4c.png\",\"datePublished\":\"2019-05-09T14:17:50+00:00\",\"dateModified\":\"2025-10-29T10:35:21+00:00\",\"description\":\"Achten Sie auf beim Spenden das Zewo-G\u00fctesiegel. Es zeichnet NPO aus, die Spenden zweckbestimmt, wirtschaftlich und wirksam einsetzen.\",\"breadcrumb\":{\"@id\":\"https:\/\/zewo.ch\/de\/zewo-guetesiegel\/#breadcrumb\"},\"inLanguage\":\"de\",\"potentialAction\":[{\"@type\":\"ReadAction\",\"target\":[\"https:\/\/zewo.ch\/de\/zewo-guetesiegel\/\"]}]},{\"@type\":\"ImageObject\",\"inLanguage\":\"de\",\"@id\":\"https:\/\/zewo.ch\/de\/zewo-guetesiegel\/#primaryimage\",\"url\":\"https:\/\/zewo.ch\/wp-content\/uploads\/2019\/08\/ZEWO_Logo_Claim_D_4c.png\",\"contentUrl\":\"https:\/\/zewo.ch\/wp-content\/uploads\/2019\/08\/ZEWO_Logo_Claim_D_4c.png\"},{\"@type\":\"BreadcrumbList\",\"@id\":\"https:\/\/zewo.ch\/de\/zewo-guetesiegel\/#breadcrumb\",\"itemListElement\":[{\"@type\":\"ListItem\",\"position\":1,\"name\":\"Home\",\"item\":\"https:\/\/zewo.ch\/de\/\"},{\"@type\":\"ListItem\",\"position\":2,\"name\":\"Zewo-G\u00fctesiegel\"}]},{\"@type\":\"WebSite\",\"@id\":\"https:\/\/zewo.ch\/de\/#website\",\"url\":\"https:\/\/zewo.ch\/de\/\",\"name\":\"Zewo\",\"description\":\"Ihre Spende in guten H\u00e4nden.\",\"publisher\":{\"@id\":\"https:\/\/zewo.ch\/de\/#organization\"},\"potentialAction\":[{\"@type\":\"SearchAction\",\"target\":{\"@type\":\"EntryPoint\",\"urlTemplate\":\"https:\/\/zewo.ch\/de\/?s={search_term_string}\"},\"query-input\":{\"@type\":\"PropertyValueSpecification\",\"valueRequired\":true,\"valueName\":\"search_term_string\"}}],\"inLanguage\":\"de\"},{\"@type\":\"Organization\",\"@id\":\"https:\/\/zewo.ch\/de\/#organization\",\"name\":\"Stiftung Zewo\",\"url\":\"https:\/\/zewo.ch\/de\/\",\"logo\":{\"@type\":\"ImageObject\",\"inLanguage\":\"de\",\"@id\":\"https:\/\/zewo.ch\/de\/#\/schema\/logo\/image\/\",\"url\":\"https:\/\/zewo.ch\/wp-content\/uploads\/2019\/08\/Zewo_Logo_Claim_D.svg\",\"contentUrl\":\"https:\/\/zewo.ch\/wp-content\/uploads\/2019\/08\/Zewo_Logo_Claim_D.svg\",\"width\":1,\"height\":1,\"caption\":\"Stiftung Zewo\"},\"image\":{\"@id\":\"https:\/\/zewo.ch\/de\/#\/schema\/logo\/image\/\"},\"sameAs\":[\"https:\/\/www.facebook.com\/Stiftung.ZEWO\/\",\"https:\/\/x.com\/stiftung_zewo\",\"https:\/\/www.linkedin.com\/company\/stiftung-zewo\",\"https:\/\/www.youtube.com\/channel\/UCzjsVJro12OXcvvx1LQP8tw\",\"https:\/\/de.wikipedia.org\/wiki\/Zewo\"]}]}<\/script>\n<!-- \/ Yoast SEO Premium plugin. -->","yoast_head_json":{"title":"Zewo","description":"Achten Sie auf beim Spenden das Zewo-G\u00fctesiegel. Es zeichnet NPO aus, die Spenden zweckbestimmt, wirtschaftlich und wirksam einsetzen.","robots":{"index":"index","follow":"follow","max-snippet":"max-snippet:-1","max-image-preview":"max-image-preview:large","max-video-preview":"max-video-preview:-1"},"canonical":"https:\/\/zewo.ch\/de\/zewo-guetesiegel\/","og_locale":"de_DE","og_type":"article","og_description":"Achten Sie auf beim Spenden das Zewo-G\u00fctesiegel. Es zeichnet NPO aus, die Spenden zweckbestimmt, wirtschaftlich und wirksam einsetzen.","og_url":"https:\/\/zewo.ch\/de\/zewo-guetesiegel\/","og_site_name":"Zewo","article_publisher":"https:\/\/www.facebook.com\/Stiftung.ZEWO\/","article_modified_time":"2025-10-29T10:35:21+00:00","og_image":[{"width":750,"height":188,"url":"https:\/\/zewo.ch\/wp-content\/uploads\/2019\/08\/ZEWO_Logo_Claim_D_4c.png","type":"image\/png"}],"twitter_card":"summary_large_image","twitter_site":"@stiftung_zewo","twitter_misc":{"Gesch\u00e4tzte Lesezeit":"4\u00a0Minuten"},"schema":{"@context":"https:\/\/schema.org","@graph":[{"@type":"WebPage","@id":"https:\/\/zewo.ch\/de\/zewo-guetesiegel\/#webpage","url":"https:\/\/zewo.ch\/de\/zewo-guetesiegel\/#webpage","name":"","isPartOf":{"@id":"https:\/\/zewo.ch\/de\/#website"},"primaryImageOfPage":{"@id":"https:\/\/zewo.ch\/de\/zewo-guetesiegel\/#primaryimage"},"image":{"@id":"https:\/\/zewo.ch\/de\/zewo-guetesiegel\/#primaryimage"},"thumbnailUrl":"https:\/\/zewo.ch\/wp-content\/uploads\/2019\/08\/ZEWO_Logo_Claim_D_4c.png","datePublished":"2019-05-09T14:17:50+00:00","dateModified":"2025-10-29T10:35:21+00:00","description":"Achten Sie auf beim Spenden das Zewo-G\u00fctesiegel. Es zeichnet NPO aus, die Spenden zweckbestimmt, wirtschaftlich und wirksam einsetzen.","breadcrumb":{"@id":"https:\/\/zewo.ch\/de\/zewo-guetesiegel\/#breadcrumb"},"inLanguage":"de","potentialAction":[{"@type":"ReadAction","target":["https:\/\/zewo.ch\/de\/zewo-guetesiegel\/"]}]},{"@type":"ImageObject","inLanguage":"de","@id":"https:\/\/zewo.ch\/de\/zewo-guetesiegel\/#primaryimage","url":"https:\/\/zewo.ch\/wp-content\/uploads\/2019\/08\/ZEWO_Logo_Claim_D_4c.png","contentUrl":"https:\/\/zewo.ch\/wp-content\/uploads\/2019\/08\/ZEWO_Logo_Claim_D_4c.png"},{"@type":"BreadcrumbList","@id":"https:\/\/zewo.ch\/de\/zewo-guetesiegel\/#breadcrumb","itemListElement":[{"@type":"ListItem","position":1,"name":"Home","item":"https:\/\/zewo.ch\/de\/"},{"@type":"ListItem","position":2,"name":"Zewo-G\u00fctesiegel"}]},{"@type":"WebSite","@id":"https:\/\/zewo.ch\/de\/#website","url":"https:\/\/zewo.ch\/de\/","name":"Zewo","description":"Ihre Spende in guten H\u00e4nden.","publisher":{"@id":"https:\/\/zewo.ch\/de\/#organization"},"potentialAction":[{"@type":"SearchAction","target":{"@type":"EntryPoint","urlTemplate":"https:\/\/zewo.ch\/de\/?s={search_term_string}"},"query-input":{"@type":"PropertyValueSpecification","valueRequired":true,"valueName":"search_term_string"}}],"inLanguage":"de"},{"@type":"Organization","@id":"https:\/\/zewo.ch\/de\/#organization","name":"Stiftung Zewo","url":"https:\/\/zewo.ch\/de\/","logo":{"@type":"ImageObject","inLanguage":"de","@id":"https:\/\/zewo.ch\/de\/#\/schema\/logo\/image\/","url":"https:\/\/zewo.ch\/wp-content\/uploads\/2019\/08\/Zewo_Logo_Claim_D.svg","contentUrl":"https:\/\/zewo.ch\/wp-content\/uploads\/2019\/08\/Zewo_Logo_Claim_D.svg","width":1,"height":1,"caption":"Stiftung Zewo"},"image":{"@id":"https:\/\/zewo.ch\/de\/#\/schema\/logo\/image\/"},"sameAs":["https:\/\/www.facebook.com\/Stiftung.ZEWO\/","https:\/\/x.com\/stiftung_zewo","https:\/\/www.linkedin.com\/company\/stiftung-zewo","https:\/\/www.youtube.com\/channel\/UCzjsVJro12OXcvvx1LQP8tw","https:\/\/de.wikipedia.org\/wiki\/Zewo"]}]}},"publishpress_future_action":{"enabled":false,"date":"2026-04-24 19:05:41","action":"change-status","newStatus":"draft","terms":[],"taxonomy":"translation_priority","extraData":[]},"publishpress_future_workflow_manual_trigger":{"enabledWorkflows":[]},"_links":{"self":[{"href":"https:\/\/zewo.ch\/de\/wp-json\/wp\/v2\/pages\/20202","targetHints":{"allow":["GET"]}}],"collection":[{"href":"https:\/\/zewo.ch\/de\/wp-json\/wp\/v2\/pages"}],"about":[{"href":"https:\/\/zewo.ch\/de\/wp-json\/wp\/v2\/types\/page"}],"author":[{"embeddable":true,"href":"https:\/\/zewo.ch\/de\/wp-json\/wp\/v2\/users\/6"}],"replies":[{"embeddable":true,"href":"https:\/\/zewo.ch\/de\/wp-json\/wp\/v2\/comments?post=20202"}],"version-history":[{"count":93,"href":"https:\/\/zewo.ch\/de\/wp-json\/wp\/v2\/pages\/20202\/revisions"}],"predecessor-version":[{"id":5934079,"href":"https:\/\/zewo.ch\/de\/wp-json\/wp\/v2\/pages\/20202\/revisions\/5934079"}],"wp:attachment":[{"href":"https:\/\/zewo.ch\/de\/wp-json\/wp\/v2\/media?parent=20202"}],"wp:term":[{"taxonomy":"folder","embeddable":true,"href":"https:\/\/zewo.ch\/de\/wp-json\/wp\/v2\/folder?post=20202"}],"curies":[{"name":"wp","href":"https:\/\/api.w.org\/{rel}","templated":true}]}}