{"id":2,"date":"2019-02-27T15:36:37","date_gmt":"2019-02-27T15:36:37","guid":{"rendered":"https:\/\/www.zewo.ch\/?page_id=2"},"modified":"2026-04-01T09:01:03","modified_gmt":"2026-04-01T07:01:03","slug":"fuer-spendende","status":"publish","type":"page","link":"https:\/\/zewo.ch\/de\/fuer-spendende\/","title":{"rendered":"Wen m\u00f6chten Sie heute mit Ihrer Spende unterst\u00fctzen?"},"content":{"rendered":"\n<h2 class=\"wp-block-heading\" id=\"h-liste-mit-seriosen-hilfswerken\">Liste mit seri\u00f6sen Hilfswerken <\/h2>\n\n\n\n<p>Spenden ist f\u00fcr viele Menschen eine Herzensangelegenheit. Doch wer sich einzig von Emotionen leiten l\u00e4sst, riskiert unn\u00f6tigen \u00c4rger. Vergewissern Sie sich deshalb vor dem Spenden, ob eine Hilfsorganisation Ihr Vertrauen verdient. Ein verl\u00e4sslicher Hinweis daf\u00fcr ist das G\u00fctesiegel der Zewo. Gemeinn\u00fctzige Non-Profit Organisationen, die dieses Zeichen tragen, lassen sich regelm\u00e4ssig von der Zewo kontrollieren. Auf der <a href=\"\/de\/verzeichnis-der-organisationen-mit-zewo-guetesiegel\/\">Liste mit allen von der Zewo gepr\u00fcften Organisationen<\/a> finden Sie seri\u00f6se Hilfswerke, denen Sie vertrauen k\u00f6nnen. <\/p>\n\n\n\n<figure class=\"wp-block-image size-full is-resized\"><img loading=\"lazy\" decoding=\"async\" width=\"600\" height=\"400\" src=\"https:\/\/zewo.ch\/wp-content\/uploads\/2025\/07\/Verzeichnis_GS_D.png\" alt=\"\" class=\"wp-image-5929698\" style=\"width:477px;height:auto\" srcset=\"https:\/\/zewo.ch\/wp-content\/uploads\/2025\/07\/Verzeichnis_GS_D.png 600w, https:\/\/zewo.ch\/wp-content\/uploads\/2025\/07\/Verzeichnis_GS_D-300x200.png 300w\" sizes=\"auto, (min-width: 960px) 75vw, 100vw\" \/><\/figure>\n\n\n\n<p><\/p>\n\n\n\n<h2 class=\"wp-block-heading\" id=\"h-online-passende-hilfswerke-finden\">Online passende Hilfswerke finden<\/h2>\n\n\n\n<p>Sie werden nicht alle rund 500 Organisationen auf der Liste der Zewo, die auf Spenden angewiesen sind, unterst\u00fctzen k\u00f6nnen. \u00dcberlegen Sie sich deshalb genau, wem Ihre Spende helfen soll. Zum Beispiel Kindern in einem bestimmten Land, der Umwelt und Natur oder Menschen in einer bestimmten Notlage? Mit der&nbsp;<a href=\"\/de\/npo-suche\/\" target=\"_blank\" rel=\"noreferrer noopener\">Online-Suche<\/a>&nbsp;grenzen Sie die Auswahl an seri\u00f6sen Hilfswerken Klick um Klick ein. Sie sehen schnell, welche Organisation am besten zu Ihrem pers\u00f6nlichen Anliegen passt. So spenden Sie nicht nur sicher, sondern auch gezielt und direkt. Die Informationen \u00fcber die zertifizierten Hilfswerke werden laufend aktualisiert.<\/p>\n\n\n\n<h2 class=\"wp-block-heading\" id=\"h-was-hilft-am-besten\">Was hilft am besten?<\/h2>\n\n\n\n<p>Es gibt viel Arten zu spenden und zu helfen. Als Patin unterst\u00fctzen Sie ein Projekt \u00fcber l\u00e4ngere Zeit finanziell. Als Mitglied engagieren sich nicht nur finanziell, sondern auch ideell f\u00fcr eine gute Sache. Und als freiwilliger Helfer widmen Sie Ihre Zeit einem gemeinn\u00fctzigen Zweck. Durch diese  vielf\u00e4ltigen Formen zu spenden und zu helfen und dank grossz\u00fcgiger Unterst\u00fctzung erhalten die Schweizer Hilfswerke jedes Jahr rund 2,5 Milliarden Franken. Finden Sie mit dem <a aria-label=\"undefined (opens in a new tab)\" href=\"\/de\/welcher-spendentyp-bin-ich\/\" target=\"_blank\" rel=\"noreferrer noopener\">Quiz<\/a> der Zewo heraus, welche Art zu spenden, am besten zu Ihnen passt. Der Test verr\u00e4t Ihnen, welcher Spendentyp Sie sind. <\/p>\n\n\n\n<h2 class=\"wp-block-heading\" id=\"h-die-zewo-rat-vom-spenden-ab\">Die Zewo r\u00e4t vom Spenden ab <\/h2>\n\n\n\n<p>Leider bitten nicht nur seri\u00f6se Hilfswerke um Spenden. Informieren Sie sich deshalb, <a href=\"https:\/\/zewo.ch\/de\/hier-raet-die-zewo-vom-spenden-ab\/\">wo Vorsicht geboten ist<\/a>. Wenn Sie die <a aria-label=\"undefined (opens in a new tab)\" rel=\"noreferrer noopener\" href=\"\/de\/die-5-wichtigsten-tipps-furs-spenden\/\" target=\"_blank\">Tipps<\/a> der Zewo beherzigen, kommt Ihre Spende am richtigen Ort an und hilft in Ihrem Sinn. So bereitet Spenden rundum Freude.  <\/p>\n\n\n\n<div class=\"wp-block-cgb-block-zewo-block-columns-container container bg-color-light-gray\"><div class=\"grid-x grid-margin-x\" data-columns=\"3\">\n<div class=\"cell small-12 medium-6\"><div class=\"wp-block-cgb-block-zewo-block-image-text-teaser ab-block-cta\"><div class=\"ab-cta-image-wrap bg-color-secondary\"><img decoding=\"async\" class=\"ab-cta-image\" src=\"https:\/\/zewo.ch\/wp-content\/uploads\/2019\/10\/National-Sammlungen.jpg\" alt=\"Nationale Sammlungen\"\/><\/div><div class=\"ab-cta-content\"><h2 class=\"ab-cta-title\">Wer sammelt diese Woche?<\/h2><div class=\"ab-cta-text\">\n<p>Die Zewo koordiniert Spendensammlungen, die NPO in der gesamten Schweiz durchf\u00fchren im Sammlungskalender. Schauen Sie nach, welche zertifizierten NPO zur Zeit sammeln.<\/p>\n<\/div><\/div><div class=\"ab-cta-button\"><a href=\"\/de\/nationaler-sammlungskalender\/\" target=\"_self\" rel=\"noopener noreferrer\" class=\"button primary button-teaser\"><span class=\"button-arrow\"><\/span>Aktuelle nationale Sammlungen<\/a><\/div><a href=\"\/de\/nationaler-sammlungskalender\/\" target=\"_self\" rel=\"noopener noreferrer\" class=\"button-teaser--is-full\"><\/a><\/div><\/div>\n\n\n\n<div class=\"cell small-12 medium-6\"><div class=\"wp-block-cgb-block-zewo-block-image-text-teaser ab-block-cta\"><div class=\"ab-cta-image-wrap bg-color-secondary\"><img decoding=\"async\" class=\"ab-cta-image\" src=\"https:\/\/zewo.ch\/wp-content\/uploads\/2019\/05\/Mit-Spenden-Steuern-sparen.png\" alt=\"Mit gutem Gewissen Steuern sparen\"\/><\/div><div class=\"ab-cta-content\"><h2 class=\"ab-cta-title\">Mit gutem Gewissen Steuern sparen<\/h2><div class=\"ab-cta-text\">\n<p>Welche Abz\u00fcge sind erlaubt? Der aktuelle \u00dcberblick zeigt Spenderinnen und Spendern, was sie in ihrem Kanton beachten sollten.<\/p>\n<\/div><\/div><div class=\"ab-cta-button\"><a href=\"\/de\/spenden-von-der-steuer-abziehen\/\" target=\"_self\" rel=\"noopener noreferrer\" class=\"button primary button-teaser\"><span class=\"button-arrow\"><\/span>Zur \u00dcbersicht<\/a><\/div><a href=\"\/de\/spenden-von-der-steuer-abziehen\/\" target=\"_self\" rel=\"noopener noreferrer\" class=\"button-teaser--is-full\"><\/a><\/div><\/div>\n\n\n\n<p><\/p>\n<\/div><\/div>\n\n\n\n<div class=\"wp-block-cgb-block-zewo-block-wrapper ab-block-wrapper\">\n<p><\/p>\n\n\n\n<div style=\"text-align:center\" class=\"wp-block-cgb-block-zewo-block-button alignwide ab-block-button\"><a href=\"\/de\/die-5-wichtigsten-tipps-furs-spenden\/\" class=\"button primary\"><span class=\"button-arrow\"><\/span>Zu den Spendentipps<\/a><\/div>\n<\/div>\n\n\n\n<h2 class=\"wp-block-heading\" id=\"h-fur-sie-auch-interessant\">F\u00fcr Sie auch interessant<\/h2>\n\n\n\n<ul class=\"wp-block-cgb-block-zewo-block-links container container-columns-1\">\n<li class=\"wp-block-cgb-block-zewo-block-link ab-block-link\"><a href=\"\/de\/sinnvoll-schenken\/\" class=\"button\"><span>Sinnvoll schenken<\/span><span class=\"button-arrow--long\"><\/span><\/a><\/li>\n\n\n\n<li class=\"wp-block-cgb-block-zewo-block-link ab-block-link\"><a href=\"\/de\/spenden-bei-einer-katastrophe\/\" class=\"button\"><span>Spenden bei einer Katastrophe<\/span><span class=\"button-arrow--long\"><\/span><\/a><\/li>\n\n\n\n<li class=\"wp-block-cgb-block-zewo-block-link ab-block-link\"><a href=\"\/de\/fragen-und-antworten-rund-ums-spenden\/\" class=\"button\"><span>Fragen und Antworten rund ums Spenden<\/span><span class=\"button-arrow--long\"><\/span><\/a><\/li>\n\n\n\n<li class=\"wp-block-cgb-block-zewo-block-link ab-block-link\"><a href=\"\/de\/nicht-mehr-zertifiziert\/\" class=\"button\"><span>Nicht mehr zertifiziert<\/span><span class=\"button-arrow--long\"><\/span><\/a><\/li>\n<\/ul>\n","protected":false},"excerpt":{"rendered":"<p>Liste mit seri\u00f6sen Hilfswerken Spenden ist f\u00fcr viele Menschen eine Herzensangelegenheit. Doch wer sich einzig von Emotionen leiten l\u00e4sst, riskiert unn\u00f6tigen \u00c4rger. Vergewissern Sie sich deshalb vor dem Spenden, ob eine Hilfsorganisation Ihr Vertrauen verdient. Ein verl\u00e4sslicher Hinweis daf\u00fcr ist das G\u00fctesiegel der Zewo. Gemeinn\u00fctzige Non-Profit Organisationen, die dieses Zeichen tragen, lassen sich regelm\u00e4ssig von [&hellip;]<\/p>\n","protected":false},"author":6,"featured_media":512497,"parent":0,"menu_order":72,"comment_status":"closed","ping_status":"closed","template":"front-page.php","meta":{"_acf_changed":false,"footnotes":""},"folder":[6639],"class_list":["post-2","page","type-page","status-publish","has-post-thumbnail","hentry"],"acf":[],"yoast_head":"<!-- This site is optimized with the Yoast SEO Premium plugin v26.0 (Yoast SEO v26.0) - https:\/\/yoast.com\/wordpress\/plugins\/seo\/ -->\n<title>Zewo<\/title>\n<meta name=\"description\" content=\"Auf der Liste der Zewo finden Sie alle gepr\u00fcften Hilfswerke. Grenzen Sie Ihre Auswahl mit der Online Suche ein. So spenden Sie sicher und gezielt.\" \/>\n<meta name=\"robots\" content=\"index, follow, max-snippet:-1, max-image-preview:large, max-video-preview:-1\" \/>\n<link rel=\"canonical\" href=\"https:\/\/zewo.ch\/de\/fuer-spendende\/\" \/>\n<meta property=\"og:locale\" content=\"de_DE\" \/>\n<meta property=\"og:type\" content=\"article\" \/>\n<meta property=\"og:description\" content=\"Auf der Liste der Zewo finden Sie alle gepr\u00fcften Hilfswerke. Grenzen Sie Ihre Auswahl mit der Online Suche ein. So spenden Sie sicher und gezielt.\" \/>\n<meta property=\"og:url\" content=\"https:\/\/zewo.ch\/de\/fuer-spendende\/\" \/>\n<meta property=\"og:site_name\" content=\"Zewo\" \/>\n<meta property=\"article:publisher\" content=\"https:\/\/www.facebook.com\/Stiftung.ZEWO\/\" \/>\n<meta property=\"article:modified_time\" content=\"2026-04-01T07:01:03+00:00\" \/>\n<meta property=\"og:image\" content=\"https:\/\/zewo.ch\/wp-content\/uploads\/2019\/10\/Frau-im-Maisfeld.jpg\" \/>\n\t<meta property=\"og:image:width\" content=\"2200\" \/>\n\t<meta property=\"og:image:height\" content=\"1500\" \/>\n\t<meta property=\"og:image:type\" content=\"image\/jpeg\" \/>\n<meta name=\"twitter:card\" content=\"summary_large_image\" \/>\n<meta name=\"twitter:site\" content=\"@stiftung_zewo\" \/>\n<meta name=\"twitter:label1\" content=\"Gesch\u00e4tzte Lesezeit\" \/>\n\t<meta name=\"twitter:data1\" content=\"7\u00a0Minuten\" \/>\n<script type=\"application\/ld+json\" class=\"yoast-schema-graph\">{\"@context\":\"https:\/\/schema.org\",\"@graph\":[{\"@type\":\"WebPage\",\"@id\":\"https:\/\/zewo.ch\/de\/fuer-spendende\/#webpage\",\"url\":\"https:\/\/zewo.ch\/de\/fuer-spendende\/#webpage\",\"name\":\"\",\"isPartOf\":{\"@id\":\"https:\/\/zewo.ch\/de\/#website\"},\"primaryImageOfPage\":{\"@id\":\"https:\/\/zewo.ch\/de\/fuer-spendende\/#primaryimage\"},\"image\":{\"@id\":\"https:\/\/zewo.ch\/de\/fuer-spendende\/#primaryimage\"},\"thumbnailUrl\":\"https:\/\/zewo.ch\/wp-content\/uploads\/2019\/10\/Frau-im-Maisfeld.jpg\",\"datePublished\":\"2019-02-27T15:36:37+00:00\",\"dateModified\":\"2026-04-01T07:01:03+00:00\",\"description\":\"Auf der Liste der Zewo finden Sie alle gepr\u00fcften Hilfswerke. Grenzen Sie Ihre Auswahl mit der Online Suche ein. So spenden Sie sicher und gezielt.\",\"breadcrumb\":{\"@id\":\"https:\/\/zewo.ch\/de\/fuer-spendende\/#breadcrumb\"},\"inLanguage\":\"de\",\"potentialAction\":[{\"@type\":\"ReadAction\",\"target\":[\"https:\/\/zewo.ch\/de\/fuer-spendende\/\"]}]},{\"@type\":\"ImageObject\",\"inLanguage\":\"de\",\"@id\":\"https:\/\/zewo.ch\/de\/fuer-spendende\/#primaryimage\",\"url\":\"https:\/\/zewo.ch\/wp-content\/uploads\/2019\/10\/Frau-im-Maisfeld.jpg\",\"contentUrl\":\"https:\/\/zewo.ch\/wp-content\/uploads\/2019\/10\/Frau-im-Maisfeld.jpg\",\"width\":2200,\"height\":1500,\"caption\":\"Frau im Maisfeld\"},{\"@type\":\"BreadcrumbList\",\"@id\":\"https:\/\/zewo.ch\/de\/fuer-spendende\/#breadcrumb\",\"itemListElement\":[{\"@type\":\"ListItem\",\"position\":1,\"name\":\"Home\",\"item\":\"https:\/\/zewo.ch\/de\/\"},{\"@type\":\"ListItem\",\"position\":2,\"name\":\"Wen m\u00f6chten Sie heute mit Ihrer Spende unterst\u00fctzen?\"}]},{\"@type\":\"WebSite\",\"@id\":\"https:\/\/zewo.ch\/de\/#website\",\"url\":\"https:\/\/zewo.ch\/de\/\",\"name\":\"Zewo\",\"description\":\"Ihre Spende in guten H\u00e4nden.\",\"publisher\":{\"@id\":\"https:\/\/zewo.ch\/de\/#organization\"},\"potentialAction\":[{\"@type\":\"SearchAction\",\"target\":{\"@type\":\"EntryPoint\",\"urlTemplate\":\"https:\/\/zewo.ch\/de\/?s={search_term_string}\"},\"query-input\":{\"@type\":\"PropertyValueSpecification\",\"valueRequired\":true,\"valueName\":\"search_term_string\"}}],\"inLanguage\":\"de\"},{\"@type\":\"Organization\",\"@id\":\"https:\/\/zewo.ch\/de\/#organization\",\"name\":\"Stiftung Zewo\",\"url\":\"https:\/\/zewo.ch\/de\/\",\"logo\":{\"@type\":\"ImageObject\",\"inLanguage\":\"de\",\"@id\":\"https:\/\/zewo.ch\/de\/#\/schema\/logo\/image\/\",\"url\":\"https:\/\/zewo.ch\/wp-content\/uploads\/2019\/08\/Zewo_Logo_Claim_D.svg\",\"contentUrl\":\"https:\/\/zewo.ch\/wp-content\/uploads\/2019\/08\/Zewo_Logo_Claim_D.svg\",\"width\":1,\"height\":1,\"caption\":\"Stiftung Zewo\"},\"image\":{\"@id\":\"https:\/\/zewo.ch\/de\/#\/schema\/logo\/image\/\"},\"sameAs\":[\"https:\/\/www.facebook.com\/Stiftung.ZEWO\/\",\"https:\/\/x.com\/stiftung_zewo\",\"https:\/\/www.linkedin.com\/company\/stiftung-zewo\",\"https:\/\/www.youtube.com\/channel\/UCzjsVJro12OXcvvx1LQP8tw\",\"https:\/\/de.wikipedia.org\/wiki\/Zewo\"]}]}<\/script>\n<!-- \/ Yoast SEO Premium plugin. -->","yoast_head_json":{"title":"Zewo","description":"Auf der Liste der Zewo finden Sie alle gepr\u00fcften Hilfswerke. Grenzen Sie Ihre Auswahl mit der Online Suche ein. So spenden Sie sicher und gezielt.","robots":{"index":"index","follow":"follow","max-snippet":"max-snippet:-1","max-image-preview":"max-image-preview:large","max-video-preview":"max-video-preview:-1"},"canonical":"https:\/\/zewo.ch\/de\/fuer-spendende\/","og_locale":"de_DE","og_type":"article","og_description":"Auf der Liste der Zewo finden Sie alle gepr\u00fcften Hilfswerke. Grenzen Sie Ihre Auswahl mit der Online Suche ein. So spenden Sie sicher und gezielt.","og_url":"https:\/\/zewo.ch\/de\/fuer-spendende\/","og_site_name":"Zewo","article_publisher":"https:\/\/www.facebook.com\/Stiftung.ZEWO\/","article_modified_time":"2026-04-01T07:01:03+00:00","og_image":[{"width":2200,"height":1500,"url":"https:\/\/zewo.ch\/wp-content\/uploads\/2019\/10\/Frau-im-Maisfeld.jpg","type":"image\/jpeg"}],"twitter_card":"summary_large_image","twitter_site":"@stiftung_zewo","twitter_misc":{"Gesch\u00e4tzte Lesezeit":"7\u00a0Minuten"},"schema":{"@context":"https:\/\/schema.org","@graph":[{"@type":"WebPage","@id":"https:\/\/zewo.ch\/de\/fuer-spendende\/#webpage","url":"https:\/\/zewo.ch\/de\/fuer-spendende\/#webpage","name":"","isPartOf":{"@id":"https:\/\/zewo.ch\/de\/#website"},"primaryImageOfPage":{"@id":"https:\/\/zewo.ch\/de\/fuer-spendende\/#primaryimage"},"image":{"@id":"https:\/\/zewo.ch\/de\/fuer-spendende\/#primaryimage"},"thumbnailUrl":"https:\/\/zewo.ch\/wp-content\/uploads\/2019\/10\/Frau-im-Maisfeld.jpg","datePublished":"2019-02-27T15:36:37+00:00","dateModified":"2026-04-01T07:01:03+00:00","description":"Auf der Liste der Zewo finden Sie alle gepr\u00fcften Hilfswerke. Grenzen Sie Ihre Auswahl mit der Online Suche ein. So spenden Sie sicher und gezielt.","breadcrumb":{"@id":"https:\/\/zewo.ch\/de\/fuer-spendende\/#breadcrumb"},"inLanguage":"de","potentialAction":[{"@type":"ReadAction","target":["https:\/\/zewo.ch\/de\/fuer-spendende\/"]}]},{"@type":"ImageObject","inLanguage":"de","@id":"https:\/\/zewo.ch\/de\/fuer-spendende\/#primaryimage","url":"https:\/\/zewo.ch\/wp-content\/uploads\/2019\/10\/Frau-im-Maisfeld.jpg","contentUrl":"https:\/\/zewo.ch\/wp-content\/uploads\/2019\/10\/Frau-im-Maisfeld.jpg","width":2200,"height":1500,"caption":"Frau im Maisfeld"},{"@type":"BreadcrumbList","@id":"https:\/\/zewo.ch\/de\/fuer-spendende\/#breadcrumb","itemListElement":[{"@type":"ListItem","position":1,"name":"Home","item":"https:\/\/zewo.ch\/de\/"},{"@type":"ListItem","position":2,"name":"Wen m\u00f6chten Sie heute mit Ihrer Spende unterst\u00fctzen?"}]},{"@type":"WebSite","@id":"https:\/\/zewo.ch\/de\/#website","url":"https:\/\/zewo.ch\/de\/","name":"Zewo","description":"Ihre Spende in guten H\u00e4nden.","publisher":{"@id":"https:\/\/zewo.ch\/de\/#organization"},"potentialAction":[{"@type":"SearchAction","target":{"@type":"EntryPoint","urlTemplate":"https:\/\/zewo.ch\/de\/?s={search_term_string}"},"query-input":{"@type":"PropertyValueSpecification","valueRequired":true,"valueName":"search_term_string"}}],"inLanguage":"de"},{"@type":"Organization","@id":"https:\/\/zewo.ch\/de\/#organization","name":"Stiftung Zewo","url":"https:\/\/zewo.ch\/de\/","logo":{"@type":"ImageObject","inLanguage":"de","@id":"https:\/\/zewo.ch\/de\/#\/schema\/logo\/image\/","url":"https:\/\/zewo.ch\/wp-content\/uploads\/2019\/08\/Zewo_Logo_Claim_D.svg","contentUrl":"https:\/\/zewo.ch\/wp-content\/uploads\/2019\/08\/Zewo_Logo_Claim_D.svg","width":1,"height":1,"caption":"Stiftung Zewo"},"image":{"@id":"https:\/\/zewo.ch\/de\/#\/schema\/logo\/image\/"},"sameAs":["https:\/\/www.facebook.com\/Stiftung.ZEWO\/","https:\/\/x.com\/stiftung_zewo","https:\/\/www.linkedin.com\/company\/stiftung-zewo","https:\/\/www.youtube.com\/channel\/UCzjsVJro12OXcvvx1LQP8tw","https:\/\/de.wikipedia.org\/wiki\/Zewo"]}]}},"publishpress_future_action":{"enabled":false,"date":"2026-04-21 18:57:13","action":"change-status","newStatus":"draft","terms":[],"taxonomy":"translation_priority","extraData":[]},"publishpress_future_workflow_manual_trigger":{"enabledWorkflows":[]},"_links":{"self":[{"href":"https:\/\/zewo.ch\/de\/wp-json\/wp\/v2\/pages\/2","targetHints":{"allow":["GET"]}}],"collection":[{"href":"https:\/\/zewo.ch\/de\/wp-json\/wp\/v2\/pages"}],"about":[{"href":"https:\/\/zewo.ch\/de\/wp-json\/wp\/v2\/types\/page"}],"author":[{"embeddable":true,"href":"https:\/\/zewo.ch\/de\/wp-json\/wp\/v2\/users\/6"}],"replies":[{"embeddable":true,"href":"https:\/\/zewo.ch\/de\/wp-json\/wp\/v2\/comments?post=2"}],"version-history":[{"count":68,"href":"https:\/\/zewo.ch\/de\/wp-json\/wp\/v2\/pages\/2\/revisions"}],"predecessor-version":[{"id":5938996,"href":"https:\/\/zewo.ch\/de\/wp-json\/wp\/v2\/pages\/2\/revisions\/5938996"}],"wp:featuredmedia":[{"embeddable":true,"href":"https:\/\/zewo.ch\/de\/wp-json\/wp\/v2\/media\/512497"}],"wp:attachment":[{"href":"https:\/\/zewo.ch\/de\/wp-json\/wp\/v2\/media?parent=2"}],"wp:term":[{"taxonomy":"folder","embeddable":true,"href":"https:\/\/zewo.ch\/de\/wp-json\/wp\/v2\/folder?post=2"}],"curies":[{"name":"wp","href":"https:\/\/api.w.org\/{rel}","templated":true}]}}