{"id":1767,"date":"2019-04-25T11:31:05","date_gmt":"2019-04-25T09:31:05","guid":{"rendered":"https:\/\/www.zewo.ch\/?page_id=1767"},"modified":"2022-02-17T11:45:35","modified_gmt":"2022-02-17T10:45:35","slug":"npo-news","status":"publish","type":"page","link":"https:\/\/zewo.ch\/de\/npo-news\/","title":{"rendered":"NPO-News"},"content":{"rendered":"\n<h2 class=\"wp-block-heading\">Bleiben Sie auf dem Laufenden<\/h2>\n\n\n\n<p><strong>Minimaler Aufwand, maximaler Nutzen. Dank der NPO-News verpassen Sie keine Neuigkeiten, die Ihnen in Ihrem NPO-Alltag n\u00fctzen. Ein Email k\u00fcndigt Publikationen an, weist auf aktuelle <\/strong><a href=\"\/de\/kennzahlen-fuer-npo\/\"><strong>Kennzahlen<\/strong><\/a><strong> oder <a href=\"\/de\/spendenstatistik\/\">Statistiken<\/a> hin und macht auf wichtige <a href=\"\/de\/npo-news\/\">Anl\u00e4sse <\/a>sowie besondere Angebote aufmerksam. <\/strong><\/p>\n\n\n\n<p>F\u00fcllen Sie einfach das Formular unten aus und melden Sie sich mit einem Klick f\u00fcr die NPO-News an. Sie sind so jederzeit auf dem Laufenden was die Zewo, das G\u00fctesiegel und die Standards anbelangt. Der Service ist wertvoll und erst noch kostenlos.   <\/p>\n\n\n\n<h3 class=\"wp-block-heading\" id=\"1\">Jetzt f\u00fcr NPO-News anmelden<\/h3>\n\n\n<script>(function() {\n\twindow.mc4wp = window.mc4wp || {\n\t\tlisteners: [],\n\t\tforms: {\n\t\t\ton: function(evt, cb) {\n\t\t\t\twindow.mc4wp.listeners.push(\n\t\t\t\t\t{\n\t\t\t\t\t\tevent   : evt,\n\t\t\t\t\t\tcallback: cb\n\t\t\t\t\t}\n\t\t\t\t);\n\t\t\t}\n\t\t}\n\t}\n})();\n<\/script><!-- Mailchimp for WordPress v4.10.7 - https:\/\/wordpress.org\/plugins\/mailchimp-for-wp\/ --><form id=\"mc4wp-form-1\" class=\"mc4wp-form mc4wp-form-835\" method=\"post\" data-id=\"835\" data-name=\"Zewo Newsletter\" ><div class=\"mc4wp-form-fields\"><div class=\"form-field\">\r\n  <label for=\"field_news1\"> Vorname* <\/label><br>\r\n  <span>\r\n  \t<input id=\"field_news1\" type=\"text\" name=\"FNAME\" value=\"\" aria-required=\"true\" aria-invalid=\"false\" required=\"\">\r\n  <\/span>\r\n<\/div>\r\n                                                                                                  \r\n<div class=\"form-field\">\r\n  <label for=\"field_news2\"> Nachname* <\/label><br>\r\n  <span>\r\n  \t<input id=\"field_news2\" type=\"text\" name=\"LNAME\" value=\"\" aria-required=\"true\" aria-invalid=\"false\" required=\"\">\r\n  <\/span>\r\n<\/div>\r\n               \r\n<div class=\"form-field\">\r\n  <label for=\"field_news3\"> E-Mail* <\/label><br>\r\n  <span>\r\n  \t<input id=\"field_news3\" type=\"email\" name=\"EMAIL\" value=\"\" aria-required=\"true\" aria-invalid=\"false\" required=\"\">\r\n  <\/span>\r\n<\/div>\r\n\r\n<div class=\"form-field\">\r\n  <label for=\"field_news4\"> Organisation <\/label><br>\r\n  <span>\r\n  \t<input id=\"field_news4\" type=\"text\" name=\"ORAGNI\" value=\"\">\r\n  <\/span>\r\n<\/div>\r\n\r\n<p>\r\n  <button type=\"submit\" class=\"button is--transparent margin-top-1\"><span class=\"button-arrow\"><\/span>Abonnieren<\/button>\r\n<\/p>\r\n\r\n<p>\r\n  <div class=\"custom-field\">\r\n    <span class=\"opt-call\">\r\n        <span>\r\n            <span class=\"first last\">\r\n                <label>\r\n                    <input type=\"checkbox\" name=\"AGREE_TO_TERMS\" value=\"1\" aria-required=\"true\" aria-invalid=\"false\">\r\n                    <span><a href=\"\/de\/impressum-und-datenschutzerklaerung\/\" target=\"_blank\">Ich stimme den Datenschutzbestimmungen zu. <\/a><\/span>\r\n                <\/label>\r\n            <\/span>\r\n        <\/span>\r\n    <\/span>\r\n  <\/div>\r\n<\/p><\/div><label style=\"display: none !important;\">Wenn du ein Mensch bist, lasse das Feld leer: <input type=\"text\" name=\"_mc4wp_honeypot\" value=\"\" tabindex=\"-1\" autocomplete=\"off\" \/><\/label><input type=\"hidden\" name=\"_mc4wp_timestamp\" value=\"1776220841\" \/><input type=\"hidden\" name=\"_mc4wp_form_id\" value=\"835\" \/><input type=\"hidden\" name=\"_mc4wp_form_element_id\" value=\"mc4wp-form-1\" \/><div class=\"mc4wp-response\"><\/div><\/form><!-- \/ Mailchimp for WordPress Plugin -->\n\n\n<div class=\"wp-block-cgb-block-zewo-block-columns-container container bg-color-light-gray\"><div class=\"grid-x grid-margin-x\" data-columns=\"3\">\n<p><\/p>\n\n\n\n<div class=\"cell small-12 medium-6\"><div class=\"wp-block-cgb-block-zewo-block-image-text-teaser ab-block-cta\"><div class=\"ab-cta-image-wrap bg-color-secondary\"><img decoding=\"async\" class=\"ab-cta-image\" src=\"https:\/\/zewo.ch\/wp-content\/uploads\/2019\/08\/Zewo-News-Box.png\" alt=\"Zewo News Teaser\"\/><\/div><div class=\"ab-cta-content\"><h2 class=\"ab-cta-title\">Neues f\u00fcr NPO<\/h2><div class=\"ab-cta-text\">\n<p>Kennen Sie die Zewo-News mit Beitr\u00e4gen rund ums Spenden, die Zertifizierung das G\u00fctesiegel und die Standards f\u00fcr NPO?<\/p>\n<\/div><\/div><div class=\"ab-cta-button\"><a href=\"\/de\/zewo-news\/\" target=\"_self\" rel=\"noopener noreferrer\" class=\"button primary button-teaser\"><span class=\"button-arrow\"><\/span>Beitr\u00e4ge lesen<\/a><\/div><a href=\"\/de\/zewo-news\/\" target=\"_self\" rel=\"noopener noreferrer\" class=\"button-teaser--is-full\"><\/a><\/div><\/div>\n\n\n\n<div class=\"cell small-12 medium-6\"><div class=\"wp-block-cgb-block-zewo-block-image-text-teaser ab-block-cta\"><div class=\"ab-cta-image-wrap bg-color-secondary\"><img decoding=\"async\" class=\"ab-cta-image\" src=\"https:\/\/zewo.ch\/wp-content\/uploads\/2019\/08\/Spendenland-CH-2017-900px.png\" alt=\"Spendenland Schweiz\"\/><\/div><div class=\"ab-cta-content\"><h2 class=\"ab-cta-title\">Spendenstatistik<\/h2><div class=\"ab-cta-text\">\n<p>Erfahren Sie wer in der Schweiz spendet und wieviel Zuwendungen gemeinn\u00fctzige NPO erhalten. <\/p>\n<\/div><\/div><div class=\"ab-cta-button\"><a href=\"\/de\/spendenstatistik\/\" target=\"_self\" rel=\"noopener noreferrer\" class=\"button primary button-teaser\"><span class=\"button-arrow\"><\/span>So spendet die Schweiz   <\/a><\/div><a href=\"\/de\/spendenstatistik\/\" target=\"_self\" rel=\"noopener noreferrer\" class=\"button-teaser--is-full\"><\/a><\/div><\/div>\n\n\n\n<div class=\"cell small-12 medium-6\"><div class=\"wp-block-cgb-block-zewo-block-image-text-teaser ab-block-cta\"><div class=\"ab-cta-image-wrap bg-color-secondary\"><img decoding=\"async\" class=\"ab-cta-image\" src=\"https:\/\/zewo.ch\/wp-content\/uploads\/2020\/01\/adressliste.png\" alt=\"Verzeichnis der Organisationen mit Zewo-G\u00fctesiegel\"\/><\/div><div class=\"ab-cta-content\"><h2 class=\"ab-cta-title\">Liste der Organisationen mit Zewo-G\u00fctesiegel<\/h2><div class=\"ab-cta-text\">\n<p>Hier finden Sie alle Hilfswerke mit Zewo-G\u00fctesiegel in einem PDF-Verzeichnis (Download)<\/p>\n<\/div><\/div><div class=\"ab-cta-button\"><a href=\"https:\/\/zewo.ch\/wp-content\/uploads\/2024\/01\/Verzeichnis_der_Organisationen_mit_Zewo_Guetesiegel_D.pdf\" target=\"_blank\" rel=\"noopener noreferrer\" class=\"button primary button-teaser\"><span class=\"button-arrow\"><\/span>Jetzt als Download<\/a><\/div><a href=\"https:\/\/zewo.ch\/wp-content\/uploads\/2024\/01\/Verzeichnis_der_Organisationen_mit_Zewo_Guetesiegel_D.pdf\" target=\"_blank\" rel=\"noopener noreferrer\" class=\"button-teaser--is-full\"><\/a><\/div><\/div>\n\n\n<\/div><\/div>\n","protected":false},"excerpt":{"rendered":"<p>Bleiben Sie auf dem Laufenden Minimaler Aufwand, maximaler Nutzen. Dank der NPO-News verpassen Sie keine Neuigkeiten, die Ihnen in Ihrem NPO-Alltag n\u00fctzen. Ein Email k\u00fcndigt Publikationen an, weist auf aktuelle Kennzahlen oder Statistiken hin und macht auf wichtige Anl\u00e4sse sowie besondere Angebote aufmerksam. F\u00fcllen Sie einfach das Formular unten aus und melden Sie sich mit [&hellip;]<\/p>\n","protected":false},"author":6,"featured_media":666033,"parent":0,"menu_order":302,"comment_status":"closed","ping_status":"closed","template":"","meta":{"_acf_changed":false,"footnotes":""},"folder":[6639],"class_list":["post-1767","page","type-page","status-publish","has-post-thumbnail","hentry"],"acf":[],"yoast_head":"<!-- This site is optimized with the Yoast SEO Premium plugin v26.0 (Yoast SEO v26.0) - https:\/\/yoast.com\/wordpress\/plugins\/seo\/ -->\n<title>Zewo<\/title>\n<meta name=\"description\" content=\"Zewo-Newsletter informiert zu Themen rund um die Zertifizierung, das G\u00fctesiegel und das Spenden, Statistiken und Studien, Anl\u00e4sse sowie exklusive Angebote f\u00fcr zertifizierte Hilfswerke.\" \/>\n<meta name=\"robots\" content=\"index, follow, max-snippet:-1, max-image-preview:large, max-video-preview:-1\" \/>\n<link rel=\"canonical\" href=\"https:\/\/zewo.ch\/de\/npo-news\/\" \/>\n<meta property=\"og:locale\" content=\"de_DE\" \/>\n<meta property=\"og:type\" content=\"article\" \/>\n<meta property=\"og:description\" content=\"Zewo-Newsletter informiert zu Themen rund um die Zertifizierung, das G\u00fctesiegel und das Spenden, Statistiken und Studien, Anl\u00e4sse sowie exklusive Angebote f\u00fcr zertifizierte Hilfswerke.\" \/>\n<meta property=\"og:url\" content=\"https:\/\/zewo.ch\/de\/npo-news\/\" \/>\n<meta property=\"og:site_name\" content=\"Zewo\" \/>\n<meta property=\"article:publisher\" content=\"https:\/\/www.facebook.com\/Stiftung.ZEWO\/\" \/>\n<meta property=\"article:modified_time\" content=\"2022-02-17T10:45:35+00:00\" \/>\n<meta property=\"og:image\" content=\"https:\/\/zewo.ch\/wp-content\/uploads\/2019\/11\/shutterstock_641494546_WP.jpg\" \/>\n\t<meta property=\"og:image:width\" content=\"2200\" \/>\n\t<meta property=\"og:image:height\" content=\"440\" \/>\n\t<meta property=\"og:image:type\" content=\"image\/jpeg\" \/>\n<meta name=\"twitter:card\" content=\"summary_large_image\" \/>\n<meta name=\"twitter:site\" content=\"@stiftung_zewo\" \/>\n<meta name=\"twitter:label1\" content=\"Gesch\u00e4tzte Lesezeit\" \/>\n\t<meta name=\"twitter:data1\" content=\"1\u00a0Minute\" \/>\n<script type=\"application\/ld+json\" class=\"yoast-schema-graph\">{\"@context\":\"https:\/\/schema.org\",\"@graph\":[{\"@type\":\"WebPage\",\"@id\":\"https:\/\/zewo.ch\/de\/npo-news\/#webpage\",\"url\":\"https:\/\/zewo.ch\/de\/npo-news\/#webpage\",\"name\":\"\",\"isPartOf\":{\"@id\":\"https:\/\/zewo.ch\/de\/#website\"},\"primaryImageOfPage\":{\"@id\":\"https:\/\/zewo.ch\/de\/npo-news\/#primaryimage\"},\"image\":{\"@id\":\"https:\/\/zewo.ch\/de\/npo-news\/#primaryimage\"},\"thumbnailUrl\":\"https:\/\/zewo.ch\/wp-content\/uploads\/2019\/11\/shutterstock_641494546_WP.jpg\",\"datePublished\":\"2019-04-25T09:31:05+00:00\",\"dateModified\":\"2022-02-17T10:45:35+00:00\",\"description\":\"Zewo-Newsletter informiert zu Themen rund um die Zertifizierung, das G\u00fctesiegel und das Spenden, Statistiken und Studien, Anl\u00e4sse sowie exklusive Angebote f\u00fcr zertifizierte Hilfswerke.\",\"breadcrumb\":{\"@id\":\"https:\/\/zewo.ch\/de\/npo-news\/#breadcrumb\"},\"inLanguage\":\"de\",\"potentialAction\":[{\"@type\":\"ReadAction\",\"target\":[\"https:\/\/zewo.ch\/de\/npo-news\/\"]}]},{\"@type\":\"ImageObject\",\"inLanguage\":\"de\",\"@id\":\"https:\/\/zewo.ch\/de\/npo-news\/#primaryimage\",\"url\":\"https:\/\/zewo.ch\/wp-content\/uploads\/2019\/11\/shutterstock_641494546_WP.jpg\",\"contentUrl\":\"https:\/\/zewo.ch\/wp-content\/uploads\/2019\/11\/shutterstock_641494546_WP.jpg\",\"width\":2200,\"height\":440},{\"@type\":\"BreadcrumbList\",\"@id\":\"https:\/\/zewo.ch\/de\/npo-news\/#breadcrumb\",\"itemListElement\":[{\"@type\":\"ListItem\",\"position\":1,\"name\":\"Home\",\"item\":\"https:\/\/zewo.ch\/de\/\"},{\"@type\":\"ListItem\",\"position\":2,\"name\":\"NPO-News\"}]},{\"@type\":\"WebSite\",\"@id\":\"https:\/\/zewo.ch\/de\/#website\",\"url\":\"https:\/\/zewo.ch\/de\/\",\"name\":\"Zewo\",\"description\":\"Ihre Spende in guten H\u00e4nden.\",\"publisher\":{\"@id\":\"https:\/\/zewo.ch\/de\/#organization\"},\"potentialAction\":[{\"@type\":\"SearchAction\",\"target\":{\"@type\":\"EntryPoint\",\"urlTemplate\":\"https:\/\/zewo.ch\/de\/?s={search_term_string}\"},\"query-input\":{\"@type\":\"PropertyValueSpecification\",\"valueRequired\":true,\"valueName\":\"search_term_string\"}}],\"inLanguage\":\"de\"},{\"@type\":\"Organization\",\"@id\":\"https:\/\/zewo.ch\/de\/#organization\",\"name\":\"Stiftung Zewo\",\"url\":\"https:\/\/zewo.ch\/de\/\",\"logo\":{\"@type\":\"ImageObject\",\"inLanguage\":\"de\",\"@id\":\"https:\/\/zewo.ch\/de\/#\/schema\/logo\/image\/\",\"url\":\"https:\/\/zewo.ch\/wp-content\/uploads\/2019\/08\/Zewo_Logo_Claim_D.svg\",\"contentUrl\":\"https:\/\/zewo.ch\/wp-content\/uploads\/2019\/08\/Zewo_Logo_Claim_D.svg\",\"width\":1,\"height\":1,\"caption\":\"Stiftung Zewo\"},\"image\":{\"@id\":\"https:\/\/zewo.ch\/de\/#\/schema\/logo\/image\/\"},\"sameAs\":[\"https:\/\/www.facebook.com\/Stiftung.ZEWO\/\",\"https:\/\/x.com\/stiftung_zewo\",\"https:\/\/www.linkedin.com\/company\/stiftung-zewo\",\"https:\/\/www.youtube.com\/channel\/UCzjsVJro12OXcvvx1LQP8tw\",\"https:\/\/de.wikipedia.org\/wiki\/Zewo\"]}]}<\/script>\n<!-- \/ Yoast SEO Premium plugin. -->","yoast_head_json":{"title":"Zewo","description":"Zewo-Newsletter informiert zu Themen rund um die Zertifizierung, das G\u00fctesiegel und das Spenden, Statistiken und Studien, Anl\u00e4sse sowie exklusive Angebote f\u00fcr zertifizierte Hilfswerke.","robots":{"index":"index","follow":"follow","max-snippet":"max-snippet:-1","max-image-preview":"max-image-preview:large","max-video-preview":"max-video-preview:-1"},"canonical":"https:\/\/zewo.ch\/de\/npo-news\/","og_locale":"de_DE","og_type":"article","og_description":"Zewo-Newsletter informiert zu Themen rund um die Zertifizierung, das G\u00fctesiegel und das Spenden, Statistiken und Studien, Anl\u00e4sse sowie exklusive Angebote f\u00fcr zertifizierte Hilfswerke.","og_url":"https:\/\/zewo.ch\/de\/npo-news\/","og_site_name":"Zewo","article_publisher":"https:\/\/www.facebook.com\/Stiftung.ZEWO\/","article_modified_time":"2022-02-17T10:45:35+00:00","og_image":[{"width":2200,"height":440,"url":"https:\/\/zewo.ch\/wp-content\/uploads\/2019\/11\/shutterstock_641494546_WP.jpg","type":"image\/jpeg"}],"twitter_card":"summary_large_image","twitter_site":"@stiftung_zewo","twitter_misc":{"Gesch\u00e4tzte Lesezeit":"1\u00a0Minute"},"schema":{"@context":"https:\/\/schema.org","@graph":[{"@type":"WebPage","@id":"https:\/\/zewo.ch\/de\/npo-news\/#webpage","url":"https:\/\/zewo.ch\/de\/npo-news\/#webpage","name":"","isPartOf":{"@id":"https:\/\/zewo.ch\/de\/#website"},"primaryImageOfPage":{"@id":"https:\/\/zewo.ch\/de\/npo-news\/#primaryimage"},"image":{"@id":"https:\/\/zewo.ch\/de\/npo-news\/#primaryimage"},"thumbnailUrl":"https:\/\/zewo.ch\/wp-content\/uploads\/2019\/11\/shutterstock_641494546_WP.jpg","datePublished":"2019-04-25T09:31:05+00:00","dateModified":"2022-02-17T10:45:35+00:00","description":"Zewo-Newsletter informiert zu Themen rund um die Zertifizierung, das G\u00fctesiegel und das Spenden, Statistiken und Studien, Anl\u00e4sse sowie exklusive Angebote f\u00fcr zertifizierte Hilfswerke.","breadcrumb":{"@id":"https:\/\/zewo.ch\/de\/npo-news\/#breadcrumb"},"inLanguage":"de","potentialAction":[{"@type":"ReadAction","target":["https:\/\/zewo.ch\/de\/npo-news\/"]}]},{"@type":"ImageObject","inLanguage":"de","@id":"https:\/\/zewo.ch\/de\/npo-news\/#primaryimage","url":"https:\/\/zewo.ch\/wp-content\/uploads\/2019\/11\/shutterstock_641494546_WP.jpg","contentUrl":"https:\/\/zewo.ch\/wp-content\/uploads\/2019\/11\/shutterstock_641494546_WP.jpg","width":2200,"height":440},{"@type":"BreadcrumbList","@id":"https:\/\/zewo.ch\/de\/npo-news\/#breadcrumb","itemListElement":[{"@type":"ListItem","position":1,"name":"Home","item":"https:\/\/zewo.ch\/de\/"},{"@type":"ListItem","position":2,"name":"NPO-News"}]},{"@type":"WebSite","@id":"https:\/\/zewo.ch\/de\/#website","url":"https:\/\/zewo.ch\/de\/","name":"Zewo","description":"Ihre Spende in guten H\u00e4nden.","publisher":{"@id":"https:\/\/zewo.ch\/de\/#organization"},"potentialAction":[{"@type":"SearchAction","target":{"@type":"EntryPoint","urlTemplate":"https:\/\/zewo.ch\/de\/?s={search_term_string}"},"query-input":{"@type":"PropertyValueSpecification","valueRequired":true,"valueName":"search_term_string"}}],"inLanguage":"de"},{"@type":"Organization","@id":"https:\/\/zewo.ch\/de\/#organization","name":"Stiftung Zewo","url":"https:\/\/zewo.ch\/de\/","logo":{"@type":"ImageObject","inLanguage":"de","@id":"https:\/\/zewo.ch\/de\/#\/schema\/logo\/image\/","url":"https:\/\/zewo.ch\/wp-content\/uploads\/2019\/08\/Zewo_Logo_Claim_D.svg","contentUrl":"https:\/\/zewo.ch\/wp-content\/uploads\/2019\/08\/Zewo_Logo_Claim_D.svg","width":1,"height":1,"caption":"Stiftung Zewo"},"image":{"@id":"https:\/\/zewo.ch\/de\/#\/schema\/logo\/image\/"},"sameAs":["https:\/\/www.facebook.com\/Stiftung.ZEWO\/","https:\/\/x.com\/stiftung_zewo","https:\/\/www.linkedin.com\/company\/stiftung-zewo","https:\/\/www.youtube.com\/channel\/UCzjsVJro12OXcvvx1LQP8tw","https:\/\/de.wikipedia.org\/wiki\/Zewo"]}]}},"publishpress_future_action":{"enabled":false,"date":"2026-04-22 04:40:41","action":"change-status","newStatus":"draft","terms":[],"taxonomy":"translation_priority","extraData":[]},"publishpress_future_workflow_manual_trigger":{"enabledWorkflows":[]},"_links":{"self":[{"href":"https:\/\/zewo.ch\/de\/wp-json\/wp\/v2\/pages\/1767","targetHints":{"allow":["GET"]}}],"collection":[{"href":"https:\/\/zewo.ch\/de\/wp-json\/wp\/v2\/pages"}],"about":[{"href":"https:\/\/zewo.ch\/de\/wp-json\/wp\/v2\/types\/page"}],"author":[{"embeddable":true,"href":"https:\/\/zewo.ch\/de\/wp-json\/wp\/v2\/users\/6"}],"replies":[{"embeddable":true,"href":"https:\/\/zewo.ch\/de\/wp-json\/wp\/v2\/comments?post=1767"}],"version-history":[{"count":46,"href":"https:\/\/zewo.ch\/de\/wp-json\/wp\/v2\/pages\/1767\/revisions"}],"predecessor-version":[{"id":5786858,"href":"https:\/\/zewo.ch\/de\/wp-json\/wp\/v2\/pages\/1767\/revisions\/5786858"}],"wp:featuredmedia":[{"embeddable":true,"href":"https:\/\/zewo.ch\/de\/wp-json\/wp\/v2\/media\/666033"}],"wp:attachment":[{"href":"https:\/\/zewo.ch\/de\/wp-json\/wp\/v2\/media?parent=1767"}],"wp:term":[{"taxonomy":"folder","embeddable":true,"href":"https:\/\/zewo.ch\/de\/wp-json\/wp\/v2\/folder?post=1767"}],"curies":[{"name":"wp","href":"https:\/\/api.w.org\/{rel}","templated":true}]}}