{"id":171186,"date":"2019-06-04T14:22:25","date_gmt":"2019-06-04T12:22:25","guid":{"rendered":"https:\/\/www.zewo.ch\/?page_id=171186"},"modified":"2024-12-02T14:14:25","modified_gmt":"2024-12-02T13:14:25","slug":"verguetungsstudie","status":"publish","type":"page","link":"https:\/\/zewo.ch\/de\/verguetungsstudie\/","title":{"rendered":"Verg\u00fctungsstudie"},"content":{"rendered":"\n<h2 class=\"wp-block-heading\" id=\"h-was-npo-ihren-chefinnen-und-chefs-bezahlen\"><strong>Was NPO ihren Chefinnen und Chefs bezahlen<\/strong><\/h2>\n\n\n\n<figure class=\"wp-block-image size-full\"><img loading=\"lazy\" decoding=\"async\" width=\"822\" height=\"639\" src=\"https:\/\/zewo.ch\/wp-content\/uploads\/2024\/09\/Design-ohne-Titel-1-2.png\" alt=\"\" class=\"wp-image-5922401\" srcset=\"https:\/\/zewo.ch\/wp-content\/uploads\/2024\/09\/Design-ohne-Titel-1-2.png 822w, https:\/\/zewo.ch\/wp-content\/uploads\/2024\/09\/Design-ohne-Titel-1-2-300x233.png 300w, https:\/\/zewo.ch\/wp-content\/uploads\/2024\/09\/Design-ohne-Titel-1-2-768x597.png 768w\" sizes=\"auto, (min-width: 960px) 75vw, 100vw\" \/><\/figure>\n\n\n\n<p><strong>Ehrenamtliches Engagement ist im Vorstand oder Stiftungsrat einer gemeinn\u00fctzigen NPO die Regel. Die Verg\u00fctung der operativen Gesch\u00e4ftsleitung von Hilfswerken bleibt auch bei zunehmender Professionalisierung angemessen. Das zeigt die zweite Verg\u00fctungsstudie, welche die Universit\u00e4t Freiburg im Auftrag der Zewo durchgef\u00fchrt hat.<\/strong><\/p>\n\n\n\n<p>Fast&nbsp;zwei Drittel der&nbsp;Stiftungsr\u00e4te und Vorst\u00e4nde von gemeinn\u00fctzigen Organisationen mit Zewo-G\u00fctesiegel arbeiten vollkommen ehrenamtlich. Sie erhalten weder Amtspauschalen&nbsp;noch Sitzungsgelder oder andere Pauschalen.&nbsp;37 Prozent&nbsp;der Non-Profit-Organisationen&nbsp;verg\u00fcten die T\u00e4tigkeit in&nbsp;ihrem obersten Leitungsorgan. Der zeitliche Aufwand, der mit dem Amt verbunden ist, und die Gr\u00f6sse der Organisation beeinflussen die Verg\u00fctung am st\u00e4rksten. Die durchschnittlichen L\u00f6hne&nbsp;der operativen   Gesch\u00e4ftsleiterinnen und Gesch\u00e4ftsleiter haben sich seit der ersten Studie im Jahr 2012 vor allem in unteren Bereich ver\u00e4ndert, was auf die zunehmende Professionalisierung zur\u00fcckzuf\u00fchren ist.<\/p>\n\n\n\n<p>Das Verbandsmanagement Institut der Universit\u00e4t Freiburg, VMI, hat im Auftrag der Zewo untersucht, wieviel die zertifizierten Organisationen verg\u00fcten. 275 Organisationen haben die repr\u00e4sentative Umfrage beantwortet. Die Studie aktualisiert das Gesamtbild der Verg\u00fctung von Vorstand, Stiftungsrat und Gesch\u00e4ftsleitung in Schweizer Hilfswerken.<\/p>\n\n\n\n<ul class=\"wp-block-cgb-block-zewo-block-links container container-columns-1\">\n<li class=\"wp-block-cgb-block-zewo-block-link ab-block-link\"><a href=\"\/de\/die-21-zewo-standards#verguetungen\" class=\"button\"><span>Die 21 Zewo-Standards pr\u00fcfen unter Standard 8 die Verg\u00fctungen.<\/span><span class=\"button-arrow--long\"><\/span><\/a><\/li>\n<\/ul>\n\n\n\n<h2 class=\"wp-block-heading\" id=\"h-studie-bestellen\">Studie bestellen<\/h2>\n\n\n\n<ul class=\"wp-block-list\">\n<li><strong>Spezialpreis f\u00fcr Studienteilnehmer:&nbsp;<\/strong><br>CHF 15.\u2013&nbsp;exkl. MWST und Versandkosten<\/li>\n\n\n\n<li><strong>Preis mit Zewo-G\u00fctesiegel:&nbsp;<\/strong><br>CHF 80.\u2013&nbsp;exkl. MWST und Versandkosten<\/li>\n\n\n\n<li><strong>Regul\u00e4rer Preis:&nbsp;<\/strong><br>CHF 120.\u2013 exkl. MWST und Versandkosten<\/li>\n<\/ul>\n\n\n\n<div class=\"wpcf7 no-js\" id=\"wpcf7-f224152-o1\" lang=\"de-DE\" dir=\"ltr\" data-wpcf7-id=\"224152\">\n<div class=\"screen-reader-response\"><p role=\"status\" aria-live=\"polite\" aria-atomic=\"true\"><\/p> <ul><\/ul><\/div>\n<form action=\"\/de\/wp-json\/wp\/v2\/pages\/171186#wpcf7-f224152-o1\" method=\"post\" class=\"wpcf7-form init\" aria-label=\"Kontaktformular\" novalidate=\"novalidate\" data-status=\"init\">\n<fieldset class=\"hidden-fields-container\"><input type=\"hidden\" name=\"_wpcf7\" value=\"224152\" \/><input type=\"hidden\" name=\"_wpcf7_version\" value=\"6.1.2\" \/><input type=\"hidden\" name=\"_wpcf7_locale\" value=\"de_DE\" \/><input type=\"hidden\" name=\"_wpcf7_unit_tag\" value=\"wpcf7-f224152-o1\" \/><input type=\"hidden\" name=\"_wpcf7_container_post\" value=\"0\" \/><input type=\"hidden\" name=\"_wpcf7_posted_data_hash\" value=\"\" \/><input type=\"hidden\" name=\"_wpcf7_recaptcha_response\" value=\"\" \/>\n<\/fieldset>\n<div class=\"custom-field\">\n\t<p><label for=\"gender\"> Anrede: <\/label><br \/>\n<span class=\"wpcf7-form-control-wrap\" data-name=\"id:gender\"><span class=\"wpcf7-form-control wpcf7-radio\"><span class=\"wpcf7-list-item first\"><label><input type=\"radio\" name=\"id:gender\" value=\"Frau\" \/><span class=\"wpcf7-list-item-label\">Frau<\/span><\/label><\/span><span class=\"wpcf7-list-item last\"><label><input type=\"radio\" name=\"id:gender\" value=\"Herr\" \/><span class=\"wpcf7-list-item-label\">Herr<\/span><\/label><\/span><\/span><\/span>\n\t<\/p>\n<\/div>\n<div class=\"form-field\">\n\t<p><label> Vorname* <\/label><br \/>\n<span class=\"wpcf7-form-control-wrap\" data-name=\"f-name\"><input size=\"40\" maxlength=\"400\" class=\"wpcf7-form-control wpcf7-text wpcf7-validates-as-required\" aria-required=\"true\" aria-invalid=\"false\" value=\"\" type=\"text\" name=\"f-name\" \/><\/span>\n\t<\/p>\n<\/div>\n<div class=\"form-field\">\n\t<p><label> Name* <\/label><br \/>\n<span class=\"wpcf7-form-control-wrap\" data-name=\"f-surname\"><input size=\"40\" maxlength=\"400\" class=\"wpcf7-form-control wpcf7-text wpcf7-validates-as-required\" aria-required=\"true\" aria-invalid=\"false\" value=\"\" type=\"text\" name=\"f-surname\" \/><\/span>\n\t<\/p>\n<\/div>\n<div class=\"form-field\">\n\t<p><label> E-Mail* <\/label><br \/>\n<span class=\"wpcf7-form-control-wrap\" data-name=\"f-email\"><input size=\"40\" maxlength=\"400\" class=\"wpcf7-form-control wpcf7-email wpcf7-validates-as-required wpcf7-text wpcf7-validates-as-email\" aria-required=\"true\" aria-invalid=\"false\" value=\"\" type=\"email\" name=\"f-email\" \/><\/span>\n\t<\/p>\n<\/div>\n<div class=\"form-field\">\n\t<p><label> Telefon <\/label><br \/>\n<span class=\"wpcf7-form-control-wrap\" data-name=\"f-phone\"><input size=\"40\" maxlength=\"400\" class=\"wpcf7-form-control wpcf7-text\" aria-invalid=\"false\" value=\"\" type=\"text\" name=\"f-phone\" \/><\/span>\n\t<\/p>\n<\/div>\n<div class=\"form-field\">\n\t<p><label> Firma \/ Organisation <\/label><br \/>\n<span class=\"wpcf7-form-control-wrap\" data-name=\"f-company\"><input size=\"40\" maxlength=\"400\" class=\"wpcf7-form-control wpcf7-text\" aria-invalid=\"false\" value=\"\" type=\"text\" name=\"f-company\" \/><\/span>\n\t<\/p>\n<\/div>\n<div class=\"form-field\">\n\t<p><label> Adresse* <\/label><br \/>\n<span class=\"wpcf7-form-control-wrap\" data-name=\"f-strasse\"><input size=\"40\" maxlength=\"400\" class=\"wpcf7-form-control wpcf7-text wpcf7-validates-as-required\" aria-required=\"true\" aria-invalid=\"false\" value=\"\" type=\"text\" name=\"f-strasse\" \/><\/span>\n\t<\/p>\n<\/div>\n<div class=\"form-field\">\n\t<p><label> PLZ \/ Ort* <\/label><br \/>\n<span class=\"wpcf7-form-control-wrap\" data-name=\"f-address\"><input size=\"40\" maxlength=\"400\" class=\"wpcf7-form-control wpcf7-text wpcf7-validates-as-required\" aria-required=\"true\" aria-invalid=\"false\" value=\"\" type=\"text\" name=\"f-address\" \/><\/span>\n\t<\/p>\n<\/div>\n<div class=\"custom-field\">\n\t<p><span class=\"wpcf7-form-control-wrap\" data-name=\"id:group\"><span class=\"wpcf7-form-control wpcf7-radio\"><span class=\"wpcf7-list-item first last\"><label><input type=\"radio\" name=\"id:group\" value=\"Bestellung mit Spezialpreis f\u00fcr Studienteilnehmer: 1 Exemplar \u00e0 CHF 15.\u2013 exkl. MWST und Versandkosten\" \/><span class=\"wpcf7-list-item-label\">Bestellung mit Spezialpreis f\u00fcr Studienteilnehmer: 1 Exemplar \u00e0 CHF 15.\u2013 exkl. MWST und Versandkosten<\/span><\/label><\/span><\/span><\/span>\n\t<\/p>\n<\/div>\n<div class=\"custom-field\">\n\t<p><span class=\"wpcf7-form-control-wrap\" data-name=\"id:group\"><span class=\"wpcf7-form-control wpcf7-radio\"><span class=\"wpcf7-list-item first last\"><label><input type=\"radio\" name=\"id:group\" value=\"Preis mit Zewo-G\u00fctesiegel: 1 Exemplar \u00e0 CHF 80.\u2013 exkl. MWST und Versandkosten\" \/><span class=\"wpcf7-list-item-label\">Preis mit Zewo-G\u00fctesiegel: 1 Exemplar \u00e0 CHF 80.\u2013 exkl. MWST und Versandkosten<\/span><\/label><\/span><\/span><\/span>\n\t<\/p>\n<\/div>\n<div class=\"custom-field\">\n\t<p><span class=\"wpcf7-form-control-wrap\" data-name=\"id:group\"><span class=\"wpcf7-form-control wpcf7-radio\"><span class=\"wpcf7-list-item first last\"><label><input type=\"radio\" name=\"id:group\" value=\"Regul\u00e4rer Preis: 1 Exemplar \u00e0 CHF 120.\u2013 exkl. MWST und Versandkosten\" \/><span class=\"wpcf7-list-item-label\">Regul\u00e4rer Preis: 1 Exemplar \u00e0 CHF 120.\u2013 exkl. MWST und Versandkosten<\/span><\/label><\/span><\/span><\/span>\n\t<\/p>\n<\/div>\n<div class=\"form-field\">\n\t<p><label> Nachricht <\/label><br \/>\n<span class=\"wpcf7-form-control-wrap\" data-name=\"f-message\"><textarea cols=\"40\" rows=\"10\" maxlength=\"2000\" class=\"wpcf7-form-control wpcf7-textarea\" aria-invalid=\"false\" name=\"f-message\"><\/textarea><\/span>\n\t<\/p>\n<\/div>\n<p><button id='submit' class='wpcf7-form-control wpcf7-submit button is--transparent'><span class=\"button-arrow\"><\/span>Mitteilung absenden<\/button>\n<\/p><div class=\"wpcf7-response-output\" aria-hidden=\"true\"><\/div>\n<\/form>\n<\/div>\n\n\n\n\n<p><\/p>\n\n\n\n<h2 class=\"wp-block-heading\" id=\"Verg\u00fctungsrechner:-Angebot-f\u00fcr-zertifizierte-Hilfswerke\">Zewo Verg\u00fctungsrechner: Angebot f\u00fcr zertifizierte Hilfswerke<\/h2>\n\n\n\n<p>\u00dcberarbeiten Sie Ihr Verg\u00fctungsreglement, steht eine Neubesetzung von Pr\u00e4sidium oder Gesch\u00e4ftsleitung bevor oder m\u00f6chten Sie die Verg\u00fctungspolitik Ihrer Organisation \u00fcberpr\u00fcfen? Nutzen Sie die M\u00f6glichkeit, um zu erfahren, welche Verg\u00fctungen vergleichbare Organisationen bezahlen und lassen Sie die Verg\u00fctung Ihrer Organisation anhand der neuen Zewo-Verg\u00fctungsrechner einsch\u00e4tzen.<\/p>\n\n\n\n<p>F\u00fcr Zewo-zertifizierte Hilfswerke ist die Berechnung der Verg\u00fctungen <strong>kostenlos<\/strong>. <\/p>\n\n\n\n<p><strong>F\u00fcr die Berechnung der Verg\u00fctungen von Pr\u00e4sidium und\/oder Gesch\u00e4ftsleitung von nicht zertifizierten Hilfswerken verrechnet die Zewo Fr. 80.- exkl. MWST.<\/strong><\/p>\n\n\n\n<p>Bitte tragen Sie die ben\u00f6tigten Angaben in die Tabelle ein und senden Sie diese ausgef\u00fcllt per E-Mail an <a href=\"mailto:info@zewo.ch\" target=\"_blank\" rel=\"noreferrer noopener\">info@zewo.ch<\/a> oder per Post an: <strong>Stiftung Zewo, Pfingstweidstrasse 10, 8005 Z\u00fcrich.<\/strong><\/p>\n\n\n\n<div class=\"wp-block-cgb-block-zewo-block-button ab-block-button\"><a href=\"https:\/\/zewo.ch\/wp-content\/uploads\/2023\/10\/Verguetungsrechner_Webseite_Deutsch_Formular-1.pdf\" target=\"_blank\" rel=\"noopener noreferrer\" class=\"button secondary\"><span class=\"button-arrow\"><\/span>Verg\u00fctungsrechner <\/a><\/div>\n","protected":false},"excerpt":{"rendered":"<p>Was NPO ihren Chefinnen und Chefs bezahlen Ehrenamtliches Engagement ist im Vorstand oder Stiftungsrat einer gemeinn\u00fctzigen NPO die Regel. Die Verg\u00fctung der operativen Gesch\u00e4ftsleitung von Hilfswerken bleibt auch bei zunehmender Professionalisierung angemessen. Das zeigt die zweite Verg\u00fctungsstudie, welche die Universit\u00e4t Freiburg im Auftrag der Zewo durchgef\u00fchrt hat. Fast&nbsp;zwei Drittel der&nbsp;Stiftungsr\u00e4te und Vorst\u00e4nde von gemeinn\u00fctzigen Organisationen [&hellip;]<\/p>\n","protected":false},"author":38,"featured_media":666044,"parent":0,"menu_order":303,"comment_status":"closed","ping_status":"closed","template":"","meta":{"_acf_changed":false,"footnotes":""},"folder":[6639],"class_list":["post-171186","page","type-page","status-publish","has-post-thumbnail","hentry"],"acf":[],"yoast_head":"<!-- This site is optimized with the Yoast SEO Premium plugin v26.0 (Yoast SEO v26.0) - https:\/\/yoast.com\/wordpress\/plugins\/seo\/ -->\n<title>Zewo<\/title>\n<meta name=\"description\" content=\"Verg\u00fctungsstudie der Zewo-Hilfswerke\" \/>\n<meta name=\"robots\" content=\"index, follow, max-snippet:-1, max-image-preview:large, max-video-preview:-1\" \/>\n<link rel=\"canonical\" href=\"https:\/\/zewo.ch\/de\/verguetungsstudie\/\" \/>\n<meta property=\"og:locale\" content=\"de_DE\" \/>\n<meta property=\"og:type\" content=\"article\" \/>\n<meta property=\"og:description\" content=\"Verg\u00fctungsstudie der Zewo-Hilfswerke\" \/>\n<meta property=\"og:url\" content=\"https:\/\/zewo.ch\/de\/verguetungsstudie\/\" \/>\n<meta property=\"og:site_name\" content=\"Zewo\" \/>\n<meta property=\"article:publisher\" content=\"https:\/\/www.facebook.com\/Stiftung.ZEWO\/\" \/>\n<meta property=\"article:modified_time\" content=\"2024-12-02T13:14:25+00:00\" \/>\n<meta property=\"og:image\" content=\"https:\/\/zewo.ch\/wp-content\/uploads\/2019\/11\/shutterstock_407666296_WP.jpg\" \/>\n\t<meta property=\"og:image:width\" content=\"2200\" \/>\n\t<meta property=\"og:image:height\" content=\"440\" \/>\n\t<meta property=\"og:image:type\" content=\"image\/jpeg\" \/>\n<meta name=\"twitter:card\" content=\"summary_large_image\" \/>\n<meta name=\"twitter:site\" content=\"@stiftung_zewo\" \/>\n<meta name=\"twitter:label1\" content=\"Gesch\u00e4tzte Lesezeit\" \/>\n\t<meta name=\"twitter:data1\" content=\"3\u00a0Minuten\" \/>\n<script type=\"application\/ld+json\" class=\"yoast-schema-graph\">{\"@context\":\"https:\/\/schema.org\",\"@graph\":[{\"@type\":\"WebPage\",\"@id\":\"https:\/\/zewo.ch\/de\/verguetungsstudie\/#webpage\",\"url\":\"https:\/\/zewo.ch\/de\/verguetungsstudie\/#webpage\",\"name\":\"\",\"isPartOf\":{\"@id\":\"https:\/\/zewo.ch\/de\/#website\"},\"primaryImageOfPage\":{\"@id\":\"https:\/\/zewo.ch\/de\/verguetungsstudie\/#primaryimage\"},\"image\":{\"@id\":\"https:\/\/zewo.ch\/de\/verguetungsstudie\/#primaryimage\"},\"thumbnailUrl\":\"https:\/\/zewo.ch\/wp-content\/uploads\/2019\/11\/shutterstock_407666296_WP.jpg\",\"datePublished\":\"2019-06-04T12:22:25+00:00\",\"dateModified\":\"2024-12-02T13:14:25+00:00\",\"description\":\"Verg\u00fctungsstudie der Zewo-Hilfswerke\",\"breadcrumb\":{\"@id\":\"https:\/\/zewo.ch\/de\/verguetungsstudie\/#breadcrumb\"},\"inLanguage\":\"de\",\"potentialAction\":[{\"@type\":\"ReadAction\",\"target\":[\"https:\/\/zewo.ch\/de\/verguetungsstudie\/\"]}]},{\"@type\":\"ImageObject\",\"inLanguage\":\"de\",\"@id\":\"https:\/\/zewo.ch\/de\/verguetungsstudie\/#primaryimage\",\"url\":\"https:\/\/zewo.ch\/wp-content\/uploads\/2019\/11\/shutterstock_407666296_WP.jpg\",\"contentUrl\":\"https:\/\/zewo.ch\/wp-content\/uploads\/2019\/11\/shutterstock_407666296_WP.jpg\",\"width\":2200,\"height\":440},{\"@type\":\"BreadcrumbList\",\"@id\":\"https:\/\/zewo.ch\/de\/verguetungsstudie\/#breadcrumb\",\"itemListElement\":[{\"@type\":\"ListItem\",\"position\":1,\"name\":\"Home\",\"item\":\"https:\/\/zewo.ch\/de\/\"},{\"@type\":\"ListItem\",\"position\":2,\"name\":\"Verg\u00fctungsstudie\"}]},{\"@type\":\"WebSite\",\"@id\":\"https:\/\/zewo.ch\/de\/#website\",\"url\":\"https:\/\/zewo.ch\/de\/\",\"name\":\"Zewo\",\"description\":\"Ihre Spende in guten H\u00e4nden.\",\"publisher\":{\"@id\":\"https:\/\/zewo.ch\/de\/#organization\"},\"potentialAction\":[{\"@type\":\"SearchAction\",\"target\":{\"@type\":\"EntryPoint\",\"urlTemplate\":\"https:\/\/zewo.ch\/de\/?s={search_term_string}\"},\"query-input\":{\"@type\":\"PropertyValueSpecification\",\"valueRequired\":true,\"valueName\":\"search_term_string\"}}],\"inLanguage\":\"de\"},{\"@type\":\"Organization\",\"@id\":\"https:\/\/zewo.ch\/de\/#organization\",\"name\":\"Stiftung Zewo\",\"url\":\"https:\/\/zewo.ch\/de\/\",\"logo\":{\"@type\":\"ImageObject\",\"inLanguage\":\"de\",\"@id\":\"https:\/\/zewo.ch\/de\/#\/schema\/logo\/image\/\",\"url\":\"https:\/\/zewo.ch\/wp-content\/uploads\/2019\/08\/Zewo_Logo_Claim_D.svg\",\"contentUrl\":\"https:\/\/zewo.ch\/wp-content\/uploads\/2019\/08\/Zewo_Logo_Claim_D.svg\",\"width\":1,\"height\":1,\"caption\":\"Stiftung Zewo\"},\"image\":{\"@id\":\"https:\/\/zewo.ch\/de\/#\/schema\/logo\/image\/\"},\"sameAs\":[\"https:\/\/www.facebook.com\/Stiftung.ZEWO\/\",\"https:\/\/x.com\/stiftung_zewo\",\"https:\/\/www.linkedin.com\/company\/stiftung-zewo\",\"https:\/\/www.youtube.com\/channel\/UCzjsVJro12OXcvvx1LQP8tw\",\"https:\/\/de.wikipedia.org\/wiki\/Zewo\"]}]}<\/script>\n<!-- \/ Yoast SEO Premium plugin. -->","yoast_head_json":{"title":"Zewo","description":"Verg\u00fctungsstudie der Zewo-Hilfswerke","robots":{"index":"index","follow":"follow","max-snippet":"max-snippet:-1","max-image-preview":"max-image-preview:large","max-video-preview":"max-video-preview:-1"},"canonical":"https:\/\/zewo.ch\/de\/verguetungsstudie\/","og_locale":"de_DE","og_type":"article","og_description":"Verg\u00fctungsstudie der Zewo-Hilfswerke","og_url":"https:\/\/zewo.ch\/de\/verguetungsstudie\/","og_site_name":"Zewo","article_publisher":"https:\/\/www.facebook.com\/Stiftung.ZEWO\/","article_modified_time":"2024-12-02T13:14:25+00:00","og_image":[{"width":2200,"height":440,"url":"https:\/\/zewo.ch\/wp-content\/uploads\/2019\/11\/shutterstock_407666296_WP.jpg","type":"image\/jpeg"}],"twitter_card":"summary_large_image","twitter_site":"@stiftung_zewo","twitter_misc":{"Gesch\u00e4tzte Lesezeit":"3\u00a0Minuten"},"schema":{"@context":"https:\/\/schema.org","@graph":[{"@type":"WebPage","@id":"https:\/\/zewo.ch\/de\/verguetungsstudie\/#webpage","url":"https:\/\/zewo.ch\/de\/verguetungsstudie\/#webpage","name":"","isPartOf":{"@id":"https:\/\/zewo.ch\/de\/#website"},"primaryImageOfPage":{"@id":"https:\/\/zewo.ch\/de\/verguetungsstudie\/#primaryimage"},"image":{"@id":"https:\/\/zewo.ch\/de\/verguetungsstudie\/#primaryimage"},"thumbnailUrl":"https:\/\/zewo.ch\/wp-content\/uploads\/2019\/11\/shutterstock_407666296_WP.jpg","datePublished":"2019-06-04T12:22:25+00:00","dateModified":"2024-12-02T13:14:25+00:00","description":"Verg\u00fctungsstudie der Zewo-Hilfswerke","breadcrumb":{"@id":"https:\/\/zewo.ch\/de\/verguetungsstudie\/#breadcrumb"},"inLanguage":"de","potentialAction":[{"@type":"ReadAction","target":["https:\/\/zewo.ch\/de\/verguetungsstudie\/"]}]},{"@type":"ImageObject","inLanguage":"de","@id":"https:\/\/zewo.ch\/de\/verguetungsstudie\/#primaryimage","url":"https:\/\/zewo.ch\/wp-content\/uploads\/2019\/11\/shutterstock_407666296_WP.jpg","contentUrl":"https:\/\/zewo.ch\/wp-content\/uploads\/2019\/11\/shutterstock_407666296_WP.jpg","width":2200,"height":440},{"@type":"BreadcrumbList","@id":"https:\/\/zewo.ch\/de\/verguetungsstudie\/#breadcrumb","itemListElement":[{"@type":"ListItem","position":1,"name":"Home","item":"https:\/\/zewo.ch\/de\/"},{"@type":"ListItem","position":2,"name":"Verg\u00fctungsstudie"}]},{"@type":"WebSite","@id":"https:\/\/zewo.ch\/de\/#website","url":"https:\/\/zewo.ch\/de\/","name":"Zewo","description":"Ihre Spende in guten H\u00e4nden.","publisher":{"@id":"https:\/\/zewo.ch\/de\/#organization"},"potentialAction":[{"@type":"SearchAction","target":{"@type":"EntryPoint","urlTemplate":"https:\/\/zewo.ch\/de\/?s={search_term_string}"},"query-input":{"@type":"PropertyValueSpecification","valueRequired":true,"valueName":"search_term_string"}}],"inLanguage":"de"},{"@type":"Organization","@id":"https:\/\/zewo.ch\/de\/#organization","name":"Stiftung Zewo","url":"https:\/\/zewo.ch\/de\/","logo":{"@type":"ImageObject","inLanguage":"de","@id":"https:\/\/zewo.ch\/de\/#\/schema\/logo\/image\/","url":"https:\/\/zewo.ch\/wp-content\/uploads\/2019\/08\/Zewo_Logo_Claim_D.svg","contentUrl":"https:\/\/zewo.ch\/wp-content\/uploads\/2019\/08\/Zewo_Logo_Claim_D.svg","width":1,"height":1,"caption":"Stiftung Zewo"},"image":{"@id":"https:\/\/zewo.ch\/de\/#\/schema\/logo\/image\/"},"sameAs":["https:\/\/www.facebook.com\/Stiftung.ZEWO\/","https:\/\/x.com\/stiftung_zewo","https:\/\/www.linkedin.com\/company\/stiftung-zewo","https:\/\/www.youtube.com\/channel\/UCzjsVJro12OXcvvx1LQP8tw","https:\/\/de.wikipedia.org\/wiki\/Zewo"]}]}},"publishpress_future_action":{"enabled":false,"date":"2026-04-21 18:54:13","action":"change-status","newStatus":"draft","terms":[],"taxonomy":"translation_priority","extraData":[]},"publishpress_future_workflow_manual_trigger":{"enabledWorkflows":[]},"_links":{"self":[{"href":"https:\/\/zewo.ch\/de\/wp-json\/wp\/v2\/pages\/171186","targetHints":{"allow":["GET"]}}],"collection":[{"href":"https:\/\/zewo.ch\/de\/wp-json\/wp\/v2\/pages"}],"about":[{"href":"https:\/\/zewo.ch\/de\/wp-json\/wp\/v2\/types\/page"}],"author":[{"embeddable":true,"href":"https:\/\/zewo.ch\/de\/wp-json\/wp\/v2\/users\/38"}],"replies":[{"embeddable":true,"href":"https:\/\/zewo.ch\/de\/wp-json\/wp\/v2\/comments?post=171186"}],"version-history":[{"count":43,"href":"https:\/\/zewo.ch\/de\/wp-json\/wp\/v2\/pages\/171186\/revisions"}],"predecessor-version":[{"id":5925693,"href":"https:\/\/zewo.ch\/de\/wp-json\/wp\/v2\/pages\/171186\/revisions\/5925693"}],"wp:featuredmedia":[{"embeddable":true,"href":"https:\/\/zewo.ch\/de\/wp-json\/wp\/v2\/media\/666044"}],"wp:attachment":[{"href":"https:\/\/zewo.ch\/de\/wp-json\/wp\/v2\/media?parent=171186"}],"wp:term":[{"taxonomy":"folder","embeddable":true,"href":"https:\/\/zewo.ch\/de\/wp-json\/wp\/v2\/folder?post=171186"}],"curies":[{"name":"wp","href":"https:\/\/api.w.org\/{rel}","templated":true}]}}