{"id":171179,"date":"2019-06-04T14:13:53","date_gmt":"2019-06-04T12:13:53","guid":{"rendered":"https:\/\/www.zewo.ch\/?page_id=171179"},"modified":"2026-04-02T14:53:57","modified_gmt":"2026-04-02T12:53:57","slug":"spendenstatistik","status":"publish","type":"page","link":"https:\/\/zewo.ch\/de\/spendenstatistik\/","title":{"rendered":"Spendenstatistik"},"content":{"rendered":"\n<h2 class=\"wp-block-heading\" id=\"h-spendenprognose-2025-stabiles-spendenvolumen-verandertes-umfeld\"><strong>Spendenprognose 2025: Stabiles Spendenvolumen \u2013 ver\u00e4ndertes Umfeld<\/strong><\/h2>\n\n\n\n<p><em>Die Spenden in der Schweiz bleiben auf hohem Niveau. F\u00fcr 2025 rechnet die Zewo-Prognose mit insgesamt rund 2,3 Milliarden Franken \u2013 leicht mehr als im Vorjahr. Gleichzeitig ver\u00e4ndert sich die Zusammensetzung der Spenden: W\u00e4hrend Beitr\u00e4ge aus privaten Haushalten und Legate leicht zur\u00fcckgehen, nehmen institutionelle Spenden deutlich zu.<\/em><\/p>\n\n\n\n<figure class=\"wp-block-image size-large\"><img loading=\"lazy\" decoding=\"async\" width=\"1024\" height=\"646\" src=\"https:\/\/zewo.ch\/wp-content\/uploads\/2026\/04\/Grafik_Prognose_2025_D-1024x646.png\" alt=\"\" class=\"wp-image-5939138\" srcset=\"https:\/\/zewo.ch\/wp-content\/uploads\/2026\/04\/Grafik_Prognose_2025_D-1024x646.png 1024w, https:\/\/zewo.ch\/wp-content\/uploads\/2026\/04\/Grafik_Prognose_2025_D-300x189.png 300w, https:\/\/zewo.ch\/wp-content\/uploads\/2026\/04\/Grafik_Prognose_2025_D-768x484.png 768w, https:\/\/zewo.ch\/wp-content\/uploads\/2026\/04\/Grafik_Prognose_2025_D-1536x968.png 1536w, https:\/\/zewo.ch\/wp-content\/uploads\/2026\/04\/Grafik_Prognose_2025_D.png 2040w\" sizes=\"auto, (min-width: 960px) 75vw, 100vw\" \/><\/figure>\n\n\n\n<ul class=\"wp-block-list\">\n<li><strong>Anhaltend hohes Spendenvolumen:<\/strong> F\u00fcr das Jahr 2025 werden Gesamtspenden von rund 2,3 Milliarden Franken erwartet. Damit wird die Marke von zwei Milliarden bereits zum sechsten Mal in Folge \u00fcberschritten.<\/li>\n\n\n\n<li><strong>Stabile Spenden f\u00fcr NPO mit Zewo-G\u00fctesiegel:<\/strong> Zewo-zertifizierte Organisationen d\u00fcrften 2025 insgesamt rund 1,47 Milliarden Franken erhalten. Ihr Spendenvolumen bleibt damit insgesamt stabil.<\/li>\n\n\n\n<li><strong>Verschiebung bei den Spendenquellen:<\/strong> Spenden aus privaten Haushalten gehen voraussichtlich leicht zur\u00fcck, bleiben mit rund 760 Millionen Franken aber weiterhin die wichtigste Einnahmequelle. Auch Legate aus Erbschaften d\u00fcrften geringf\u00fcgig abnehmen. Demgegen\u00fcber nehmen institutionelle Beitr\u00e4ge deutlich zu \u2013 etwa von F\u00f6rderstiftungen, Sammelgef\u00e4ssen oder Gemeinden. Sie gleichen die R\u00fcckg\u00e4nge weitgehend aus.<\/li>\n\n\n\n<li><strong>Unterschiedliche Entwicklung f\u00fcr In- und Ausland:<\/strong> International t\u00e4tige Organisationen verzeichnen h\u00e4ufiger Zuw\u00e4chse als solche mit Fokus auf die Schweiz. Dies k\u00f6nnte darauf hindeuten, dass Organisationen der Entwicklungszusammenarbeit ihr Fundraising angesichts unsicherer \u00f6ffentlicher Beitr\u00e4ge verst\u00e4rkt haben.<\/li>\n\n\n\n<li><strong>Definitive Zahlen im 3. Quartal 2026:<\/strong> Die Zewo-Prognose basiert auf Daten von 44 ausgew\u00e4hlten zertifizierten Hilfswerken, die rund 27 Prozent der gesamten Spendeneinnahmen von Zewo-Organisationen abdecken. Auf dieser Grundlage wurde vom <a href=\"https:\/\/www.vmi.ch\/de\/\">Verbandsmanagement Institut der Universit\u00e4t Freiburg (VMI)<\/a> im Auftrag der Zewo eine Hochrechnung erstellt. Die definitiven Zahlen f\u00fcr das Spendenjahr 2025 werden im September 2026 ver\u00f6ffentlicht und basieren auf revidierten Jahresrechnungen.<\/li>\n<\/ul>\n\n\n\n<h2 class=\"wp-block-heading\" id=\"h-spendenstatistik-2024-die-hohe-spendenbereitschaft-halt-an\">Spendenstatistik 2024 &#8211; Die hohe Spendenbereitschaft h\u00e4lt an<\/h2>\n\n\n\n<p>Das Spendenvolumen in der Schweiz blieb 2024 stabil und erreichte erneut <strong>2,25 Milliarden Franken<\/strong>. Damit wurde die Zwei-Milliarden-Marke zum f\u00fcnften Mal in Folge \u00fcberschritten \u2013 ein Niveau, das sich in den letzten 20 Jahren verdoppelt hat. <\/p>\n\n\n\n<h2 class=\"wp-block-heading\">Spenden in der Schweiz \u2013 die Highlights:<\/h2>\n\n\n\n<ul class=\"wp-block-list\">\n<li><strong>2,25 Milliarden Franken<\/strong>: Spendenvolumen in der Schweiz bleibt 2024 stabil und liegt somit zum f\u00fcnften Mal in Folge \u00fcber 2 Milliarden Franken.<\/li>\n\n\n\n<li><strong>Langfristiger Trend<\/strong>: Spendenvolumen hat sich in den letzten 20 Jahren verdoppelt.<\/li>\n\n\n\n<li><strong>Zewo-zertifizierte Organisationen<\/strong>: 2 Mio. Franken mehr Spenden als im Vorjahr erhalten.<\/li>\n\n\n\n<li><strong>Treiber<\/strong>: H\u00f6here Durchschnittsspenden und mehr Beitr\u00e4ge von F\u00f6rderstiftungen.<\/li>\n\n\n\n<li><strong>Herausforderung<\/strong>: R\u00fcckgang der aktiven Spenderbasis belastet die Einnahmen.<\/li>\n\n\n\n<li><strong>International t\u00e4tige Hilfswerke<\/strong>: Von K\u00fcrzungen staatlicher Gelder f\u00fcr die Entwicklungszusammenarbeit stark betroffen \u2013 reagieren mit Projektabbau und Stellenreduktionen und setzen zur Kompensation auf intensiviertes Fundraising sowie bessere Effizienz.<\/li>\n\n\n\n<li><strong>Digitale Spenden verbreiten sich weiter:<\/strong> Twint bleibt meistgenutztes Zahlungsmittel, aber die Durchschnittsbetr\u00e4ge sinken.<\/li>\n\n\n\n<li><strong>H\u00f6he einer Durchschnittsspende<\/strong>: Spenden per Post- oder Bank\u00fcberweisung betragen 198 Franken, bei digitalen Zahlungsmitteln hingegen nur 95 Franken.<\/li>\n<\/ul>\n\n\n\n<p>M\u00f6chten Sie mehr Details erfahren zur aktuellen Zewo-Spendenstatistik? Dann lesen Sie hier unser <strong>Online-Magazin<\/strong> oder laden Sie die vollst\u00e4ndige Spendenstatistik als <strong>PDF<\/strong> herunter.<\/p>\n\n\n\n<div style=\"position:relative;overflow:hidden;height:410px;max-width:100%;\" data-page-width=\"452\" data-page-height=\"640\"><iframe style=\"position:absolute;top:0;left:0;width:100%;height:100%;\"   src=\"https:\/\/www.yumpu.com\/de\/embed\/view\/JYLNbIOimokdUlRX\" frameborder=\"0\" allowfullscreen=\"true\"  allowtransparency=\"true\"><\/iframe><\/div>\n\n\n\n<div style=\"height:31px\" aria-hidden=\"true\" class=\"wp-block-spacer\"><\/div>\n\n\n\n<h2 class=\"wp-block-heading\" id=\"h-download-zewo-spendenstatistik-2024\">Download Zewo Spendenstatistik 2024<\/h2>\n\n\n\n<p>Laden Sie jetzt die aktuelle Spendenstatistik der Zewo zu den Spenden an Hilfswerke in der Schweiz herunter (Ausgabe September 2025):<\/p>\n\n\n\n<div class=\"wp-block-cgb-block-zewo-block-button ab-block-button\"><a href=\"https:\/\/zewo.ch\/wp-content\/uploads\/2025\/09\/Spendenstatistik_Zewo_2024-DE.pdf\" class=\"button primary\"><span class=\"button-arrow\"><\/span>Spendenstatistik 2024<\/a><\/div>\n\n\n\n<div style=\"height:59px\" aria-hidden=\"true\" class=\"wp-block-spacer\"><\/div>\n\n\n\n<h2 class=\"wp-block-heading\" id=\"Archiv-Spendenstatistik\">Archiv Spendenstatistik<\/h2>\n\n\n\n<div class=\"cell small-12 medium-6\"><div class=\"wp-block-cgb-block-zewo-block-image-text-teaser ab-block-cta\"><div class=\"ab-cta-image-wrap bg-color-secondary\"><img decoding=\"async\" class=\"ab-cta-image\" src=\"https:\/\/zewo.ch\/wp-content\/uploads\/2023\/10\/headerarchiv-1.png\" alt=\"\"\/><\/div><div class=\"ab-cta-content\"><h2 class=\"ab-cta-title\">Ausgaben ab 2004<\/h2><div class=\"ab-cta-text\">\n<p><\/p>\n<\/div><\/div><div class=\"ab-cta-button\"><a href=\"\/de\/archiv-spendenstatistik\/\" target=\"_self\" rel=\"noopener noreferrer\" class=\"button primary button-teaser\"><span class=\"button-arrow\"><\/span>Hier geht es zu den fr\u00fcheren Ausgaben<\/a><\/div><a href=\"\/de\/archiv-spendenstatistik\/\" target=\"_self\" rel=\"noopener noreferrer\" class=\"button-teaser--is-full\"><\/a><\/div><\/div>\n\n\n\n<div class=\"wp-block-cgb-block-zewo-block-columns-container container bg-color-light-gray\"><div class=\"grid-x grid-margin-x\" data-columns=\"2\">\n<div class=\"wp-block-columns is-layout-flex wp-container-core-columns-is-layout-9d6595d7 wp-block-columns-is-layout-flex\">\n<div class=\"wp-block-column is-layout-flow wp-block-column-is-layout-flow\" style=\"flex-basis:100%\">\n<div class=\"wp-block-columns is-layout-flex wp-container-core-columns-is-layout-9d6595d7 wp-block-columns-is-layout-flex\">\n<div class=\"wp-block-column is-layout-flow wp-block-column-is-layout-flow\" style=\"flex-basis:100%\">\n<div class=\"wp-block-group is-nowrap is-layout-flex wp-container-core-group-is-layout-ad2f72ca wp-block-group-is-layout-flex\">\n<div class=\"cell small-12 medium-6\"><div class=\"wp-block-cgb-block-zewo-block-image-teaser ab-block-cta bg-color-secondary\"><div class=\"ab-cta-image-wrap bg-color-secondary\"><img decoding=\"async\" class=\"ab-cta-image\" src=\"https:\/\/zewo.ch\/wp-content\/uploads\/2019\/05\/21-zewo-standards-1.png\" alt=\"Die 21 Zewo-Standards f\u00fcr Spenden sammelnde NPO\"\/><\/div><div class=\"ab-cta-content\"><h2 class=\"ab-cta-title\">Die 21 Zewo-Standards<\/h2><\/div><div class=\"ab-cta-button\"><a href=\"\/de\/die-21-zewo-standards\/\" target=\"_self\" rel=\"noopener noreferrer\" class=\"button primary button-teaser\"><span class=\"button-arrow\"><\/span>Mehr erfahren<\/a><\/div><a href=\"\/de\/die-21-zewo-standards\/\" target=\"_self\" rel=\"noopener noreferrer\" class=\"button-teaser--is-full\"><\/a><\/div><\/div>\n<\/div>\n<\/div>\n<\/div>\n<\/div>\n<\/div>\n\n\n\n<div class=\"wp-block-columns is-layout-flex wp-container-core-columns-is-layout-9d6595d7 wp-block-columns-is-layout-flex\">\n<div class=\"wp-block-column is-layout-flow wp-block-column-is-layout-flow\" style=\"flex-basis:100%\"><\/div>\n<\/div>\n\n\n\n<div class=\"cell small-12 medium-6\"><div class=\"wp-block-cgb-block-zewo-block-image-teaser ab-block-cta bg-color-secondary\"><div class=\"ab-cta-image-wrap bg-color-secondary\"><img decoding=\"async\" class=\"ab-cta-image\" src=\"https:\/\/zewo.ch\/wp-content\/uploads\/2019\/11\/shutterstock_1463233415_2_WP.jpg\" alt=\"Header Pr\u00fcfung beantragen\"\/><\/div><div class=\"ab-cta-content\"><h2 class=\"ab-cta-title\">Sie m\u00f6chten Ihre NPO zertifizieren lassen?<\/h2><\/div><div class=\"ab-cta-button\"><a href=\"\/de\/der-weg-zum-zewo-guetesiegel\/pruefung-beantragen\/\" target=\"_self\" rel=\"noopener noreferrer\" class=\"button primary button-teaser\"><span class=\"button-arrow\"><\/span>Pr\u00fcfung beantragen<\/a><\/div><a href=\"\/de\/der-weg-zum-zewo-guetesiegel\/pruefung-beantragen\/\" target=\"_self\" rel=\"noopener noreferrer\" class=\"button-teaser--is-full\"><\/a><\/div><\/div>\n<\/div><\/div>\n","protected":false},"excerpt":{"rendered":"<p>Spendenprognose 2025: Stabiles Spendenvolumen \u2013 ver\u00e4ndertes Umfeld Die Spenden in der Schweiz bleiben auf hohem Niveau. F\u00fcr 2025 rechnet die Zewo-Prognose mit insgesamt rund 2,3 Milliarden Franken \u2013 leicht mehr als im Vorjahr. Gleichzeitig ver\u00e4ndert sich die Zusammensetzung der Spenden: W\u00e4hrend Beitr\u00e4ge aus privaten Haushalten und Legate leicht zur\u00fcckgehen, nehmen institutionelle Spenden deutlich zu. Spendenstatistik [&hellip;]<\/p>\n","protected":false},"author":38,"featured_media":666051,"parent":0,"menu_order":255,"comment_status":"closed","ping_status":"closed","template":"","meta":{"_acf_changed":false,"footnotes":""},"folder":[],"class_list":["post-171179","page","type-page","status-publish","has-post-thumbnail","hentry"],"acf":[],"yoast_head":"<!-- This site is optimized with the Yoast SEO Premium plugin v26.0 (Yoast SEO v26.0) - https:\/\/yoast.com\/wordpress\/plugins\/seo\/ -->\n<title>Zewo<\/title>\n<meta name=\"description\" content=\"Die Solidarit\u00e4t bei den Spenden blieb auch im 2. Corona-Jahr gross. Die Hilfswerke erhielten erneut \u00fcber 2 Milliarden Franken Spenden.\" \/>\n<meta name=\"robots\" content=\"index, follow, max-snippet:-1, max-image-preview:large, max-video-preview:-1\" \/>\n<link rel=\"canonical\" href=\"https:\/\/zewo.ch\/de\/spendenstatistik\/\" \/>\n<meta property=\"og:locale\" content=\"de_DE\" \/>\n<meta property=\"og:type\" content=\"article\" \/>\n<meta property=\"og:description\" content=\"Die Solidarit\u00e4t bei den Spenden blieb auch im 2. Corona-Jahr gross. Die Hilfswerke erhielten erneut \u00fcber 2 Milliarden Franken Spenden.\" \/>\n<meta property=\"og:url\" content=\"https:\/\/zewo.ch\/de\/spendenstatistik\/\" \/>\n<meta property=\"og:site_name\" content=\"Zewo\" \/>\n<meta property=\"article:publisher\" content=\"https:\/\/www.facebook.com\/Stiftung.ZEWO\/\" \/>\n<meta property=\"article:modified_time\" content=\"2026-04-02T12:53:57+00:00\" \/>\n<meta property=\"og:image\" content=\"https:\/\/zewo.ch\/wp-content\/uploads\/2019\/11\/shutterstock_699875911_1_WP.jpg\" \/>\n\t<meta property=\"og:image:width\" content=\"2200\" \/>\n\t<meta property=\"og:image:height\" content=\"440\" \/>\n\t<meta property=\"og:image:type\" content=\"image\/jpeg\" \/>\n<meta name=\"twitter:card\" content=\"summary_large_image\" \/>\n<meta name=\"twitter:site\" content=\"@stiftung_zewo\" \/>\n<meta name=\"twitter:label1\" content=\"Gesch\u00e4tzte Lesezeit\" \/>\n\t<meta name=\"twitter:data1\" content=\"10\u00a0Minuten\" \/>\n<script type=\"application\/ld+json\" class=\"yoast-schema-graph\">{\"@context\":\"https:\/\/schema.org\",\"@graph\":[{\"@type\":\"WebPage\",\"@id\":\"https:\/\/zewo.ch\/de\/spendenstatistik\/#webpage\",\"url\":\"https:\/\/zewo.ch\/de\/spendenstatistik\/#webpage\",\"name\":\"\",\"isPartOf\":{\"@id\":\"https:\/\/zewo.ch\/de\/#website\"},\"primaryImageOfPage\":{\"@id\":\"https:\/\/zewo.ch\/de\/spendenstatistik\/#primaryimage\"},\"image\":{\"@id\":\"https:\/\/zewo.ch\/de\/spendenstatistik\/#primaryimage\"},\"thumbnailUrl\":\"https:\/\/zewo.ch\/wp-content\/uploads\/2019\/11\/shutterstock_699875911_1_WP.jpg\",\"datePublished\":\"2019-06-04T12:13:53+00:00\",\"dateModified\":\"2026-04-02T12:53:57+00:00\",\"description\":\"Die Solidarit\u00e4t bei den Spenden blieb auch im 2. Corona-Jahr gross. Die Hilfswerke erhielten erneut \u00fcber 2 Milliarden Franken Spenden.\",\"breadcrumb\":{\"@id\":\"https:\/\/zewo.ch\/de\/spendenstatistik\/#breadcrumb\"},\"inLanguage\":\"de\",\"potentialAction\":[{\"@type\":\"ReadAction\",\"target\":[\"https:\/\/zewo.ch\/de\/spendenstatistik\/\"]}]},{\"@type\":\"ImageObject\",\"inLanguage\":\"de\",\"@id\":\"https:\/\/zewo.ch\/de\/spendenstatistik\/#primaryimage\",\"url\":\"https:\/\/zewo.ch\/wp-content\/uploads\/2019\/11\/shutterstock_699875911_1_WP.jpg\",\"contentUrl\":\"https:\/\/zewo.ch\/wp-content\/uploads\/2019\/11\/shutterstock_699875911_1_WP.jpg\",\"width\":2200,\"height\":440},{\"@type\":\"BreadcrumbList\",\"@id\":\"https:\/\/zewo.ch\/de\/spendenstatistik\/#breadcrumb\",\"itemListElement\":[{\"@type\":\"ListItem\",\"position\":1,\"name\":\"Home\",\"item\":\"https:\/\/zewo.ch\/de\/\"},{\"@type\":\"ListItem\",\"position\":2,\"name\":\"Spendenstatistik\"}]},{\"@type\":\"WebSite\",\"@id\":\"https:\/\/zewo.ch\/de\/#website\",\"url\":\"https:\/\/zewo.ch\/de\/\",\"name\":\"Zewo\",\"description\":\"Ihre Spende in guten H\u00e4nden.\",\"publisher\":{\"@id\":\"https:\/\/zewo.ch\/de\/#organization\"},\"potentialAction\":[{\"@type\":\"SearchAction\",\"target\":{\"@type\":\"EntryPoint\",\"urlTemplate\":\"https:\/\/zewo.ch\/de\/?s={search_term_string}\"},\"query-input\":{\"@type\":\"PropertyValueSpecification\",\"valueRequired\":true,\"valueName\":\"search_term_string\"}}],\"inLanguage\":\"de\"},{\"@type\":\"Organization\",\"@id\":\"https:\/\/zewo.ch\/de\/#organization\",\"name\":\"Stiftung Zewo\",\"url\":\"https:\/\/zewo.ch\/de\/\",\"logo\":{\"@type\":\"ImageObject\",\"inLanguage\":\"de\",\"@id\":\"https:\/\/zewo.ch\/de\/#\/schema\/logo\/image\/\",\"url\":\"https:\/\/zewo.ch\/wp-content\/uploads\/2019\/08\/Zewo_Logo_Claim_D.svg\",\"contentUrl\":\"https:\/\/zewo.ch\/wp-content\/uploads\/2019\/08\/Zewo_Logo_Claim_D.svg\",\"width\":1,\"height\":1,\"caption\":\"Stiftung Zewo\"},\"image\":{\"@id\":\"https:\/\/zewo.ch\/de\/#\/schema\/logo\/image\/\"},\"sameAs\":[\"https:\/\/www.facebook.com\/Stiftung.ZEWO\/\",\"https:\/\/x.com\/stiftung_zewo\",\"https:\/\/www.linkedin.com\/company\/stiftung-zewo\",\"https:\/\/www.youtube.com\/channel\/UCzjsVJro12OXcvvx1LQP8tw\",\"https:\/\/de.wikipedia.org\/wiki\/Zewo\"]}]}<\/script>\n<!-- \/ Yoast SEO Premium plugin. -->","yoast_head_json":{"title":"Zewo","description":"Die Solidarit\u00e4t bei den Spenden blieb auch im 2. Corona-Jahr gross. Die Hilfswerke erhielten erneut \u00fcber 2 Milliarden Franken Spenden.","robots":{"index":"index","follow":"follow","max-snippet":"max-snippet:-1","max-image-preview":"max-image-preview:large","max-video-preview":"max-video-preview:-1"},"canonical":"https:\/\/zewo.ch\/de\/spendenstatistik\/","og_locale":"de_DE","og_type":"article","og_description":"Die Solidarit\u00e4t bei den Spenden blieb auch im 2. Corona-Jahr gross. Die Hilfswerke erhielten erneut \u00fcber 2 Milliarden Franken Spenden.","og_url":"https:\/\/zewo.ch\/de\/spendenstatistik\/","og_site_name":"Zewo","article_publisher":"https:\/\/www.facebook.com\/Stiftung.ZEWO\/","article_modified_time":"2026-04-02T12:53:57+00:00","og_image":[{"width":2200,"height":440,"url":"https:\/\/zewo.ch\/wp-content\/uploads\/2019\/11\/shutterstock_699875911_1_WP.jpg","type":"image\/jpeg"}],"twitter_card":"summary_large_image","twitter_site":"@stiftung_zewo","twitter_misc":{"Gesch\u00e4tzte Lesezeit":"10\u00a0Minuten"},"schema":{"@context":"https:\/\/schema.org","@graph":[{"@type":"WebPage","@id":"https:\/\/zewo.ch\/de\/spendenstatistik\/#webpage","url":"https:\/\/zewo.ch\/de\/spendenstatistik\/#webpage","name":"","isPartOf":{"@id":"https:\/\/zewo.ch\/de\/#website"},"primaryImageOfPage":{"@id":"https:\/\/zewo.ch\/de\/spendenstatistik\/#primaryimage"},"image":{"@id":"https:\/\/zewo.ch\/de\/spendenstatistik\/#primaryimage"},"thumbnailUrl":"https:\/\/zewo.ch\/wp-content\/uploads\/2019\/11\/shutterstock_699875911_1_WP.jpg","datePublished":"2019-06-04T12:13:53+00:00","dateModified":"2026-04-02T12:53:57+00:00","description":"Die Solidarit\u00e4t bei den Spenden blieb auch im 2. Corona-Jahr gross. Die Hilfswerke erhielten erneut \u00fcber 2 Milliarden Franken Spenden.","breadcrumb":{"@id":"https:\/\/zewo.ch\/de\/spendenstatistik\/#breadcrumb"},"inLanguage":"de","potentialAction":[{"@type":"ReadAction","target":["https:\/\/zewo.ch\/de\/spendenstatistik\/"]}]},{"@type":"ImageObject","inLanguage":"de","@id":"https:\/\/zewo.ch\/de\/spendenstatistik\/#primaryimage","url":"https:\/\/zewo.ch\/wp-content\/uploads\/2019\/11\/shutterstock_699875911_1_WP.jpg","contentUrl":"https:\/\/zewo.ch\/wp-content\/uploads\/2019\/11\/shutterstock_699875911_1_WP.jpg","width":2200,"height":440},{"@type":"BreadcrumbList","@id":"https:\/\/zewo.ch\/de\/spendenstatistik\/#breadcrumb","itemListElement":[{"@type":"ListItem","position":1,"name":"Home","item":"https:\/\/zewo.ch\/de\/"},{"@type":"ListItem","position":2,"name":"Spendenstatistik"}]},{"@type":"WebSite","@id":"https:\/\/zewo.ch\/de\/#website","url":"https:\/\/zewo.ch\/de\/","name":"Zewo","description":"Ihre Spende in guten H\u00e4nden.","publisher":{"@id":"https:\/\/zewo.ch\/de\/#organization"},"potentialAction":[{"@type":"SearchAction","target":{"@type":"EntryPoint","urlTemplate":"https:\/\/zewo.ch\/de\/?s={search_term_string}"},"query-input":{"@type":"PropertyValueSpecification","valueRequired":true,"valueName":"search_term_string"}}],"inLanguage":"de"},{"@type":"Organization","@id":"https:\/\/zewo.ch\/de\/#organization","name":"Stiftung Zewo","url":"https:\/\/zewo.ch\/de\/","logo":{"@type":"ImageObject","inLanguage":"de","@id":"https:\/\/zewo.ch\/de\/#\/schema\/logo\/image\/","url":"https:\/\/zewo.ch\/wp-content\/uploads\/2019\/08\/Zewo_Logo_Claim_D.svg","contentUrl":"https:\/\/zewo.ch\/wp-content\/uploads\/2019\/08\/Zewo_Logo_Claim_D.svg","width":1,"height":1,"caption":"Stiftung Zewo"},"image":{"@id":"https:\/\/zewo.ch\/de\/#\/schema\/logo\/image\/"},"sameAs":["https:\/\/www.facebook.com\/Stiftung.ZEWO\/","https:\/\/x.com\/stiftung_zewo","https:\/\/www.linkedin.com\/company\/stiftung-zewo","https:\/\/www.youtube.com\/channel\/UCzjsVJro12OXcvvx1LQP8tw","https:\/\/de.wikipedia.org\/wiki\/Zewo"]}]}},"publishpress_future_action":{"enabled":false,"date":"2026-04-22 21:33:24","action":"change-status","newStatus":"draft","terms":[],"taxonomy":"translation_priority","extraData":[]},"publishpress_future_workflow_manual_trigger":{"enabledWorkflows":[]},"_links":{"self":[{"href":"https:\/\/zewo.ch\/de\/wp-json\/wp\/v2\/pages\/171179","targetHints":{"allow":["GET"]}}],"collection":[{"href":"https:\/\/zewo.ch\/de\/wp-json\/wp\/v2\/pages"}],"about":[{"href":"https:\/\/zewo.ch\/de\/wp-json\/wp\/v2\/types\/page"}],"author":[{"embeddable":true,"href":"https:\/\/zewo.ch\/de\/wp-json\/wp\/v2\/users\/38"}],"replies":[{"embeddable":true,"href":"https:\/\/zewo.ch\/de\/wp-json\/wp\/v2\/comments?post=171179"}],"version-history":[{"count":69,"href":"https:\/\/zewo.ch\/de\/wp-json\/wp\/v2\/pages\/171179\/revisions"}],"predecessor-version":[{"id":5939146,"href":"https:\/\/zewo.ch\/de\/wp-json\/wp\/v2\/pages\/171179\/revisions\/5939146"}],"wp:featuredmedia":[{"embeddable":true,"href":"https:\/\/zewo.ch\/de\/wp-json\/wp\/v2\/media\/666051"}],"wp:attachment":[{"href":"https:\/\/zewo.ch\/de\/wp-json\/wp\/v2\/media?parent=171179"}],"wp:term":[{"taxonomy":"folder","embeddable":true,"href":"https:\/\/zewo.ch\/de\/wp-json\/wp\/v2\/folder?post=171179"}],"curies":[{"name":"wp","href":"https:\/\/api.w.org\/{rel}","templated":true}]}}