{"id":165187,"date":"2019-06-03T09:37:20","date_gmt":"2019-06-03T07:37:20","guid":{"rendered":"https:\/\/www.zewo.ch\/?page_id=165187"},"modified":"2025-11-21T13:45:02","modified_gmt":"2025-11-21T12:45:02","slug":"tamedia","status":"publish","type":"page","link":"https:\/\/zewo.ch\/de\/tamedia\/","title":{"rendered":"Tamedia"},"content":{"rendered":"\n<h2 class=\"wp-block-heading\" id=\"h-rabatt-fur-npo-mit-zewo-gutesiegel\">Rabatt f\u00fcr NPO mit Zewo-G\u00fctesiegel<\/h2>\n\n\n\n<figure class=\"wp-block-image is-resized\"><img loading=\"lazy\" decoding=\"async\" width=\"787\" height=\"473\" src=\"https:\/\/zewo.ch\/wp-content\/uploads\/2019\/06\/Tamedia_tamedia_beside_Logo_Red_CMYK-1.png\" alt=\"Tamedia Logo Transparent\" class=\"wp-image-165188\" style=\"width:394px;height:237px\" srcset=\"https:\/\/zewo.ch\/wp-content\/uploads\/2019\/06\/Tamedia_tamedia_beside_Logo_Red_CMYK-1.png 787w, https:\/\/zewo.ch\/wp-content\/uploads\/2019\/06\/Tamedia_tamedia_beside_Logo_Red_CMYK-1-300x180.png 300w, https:\/\/zewo.ch\/wp-content\/uploads\/2019\/06\/Tamedia_tamedia_beside_Logo_Red_CMYK-1-768x462.png 768w\" sizes=\"auto, (min-width: 960px) 75vw, 100vw\" \/><\/figure>\n\n\n\n<p>S\u00e4mtliche Medien der Mediengruppe Tamedia gew\u00e4hren Organisationen mit Zewo-G\u00fctesiegel einen einheitlichen <strong>Rabatt von 50%<\/strong> auf Print- sowie Digital-Werbung (mit Ausnahme von Performance-Buchungen CPC).<\/p>\n\n\n\n<h2 class=\"wp-block-heading\" id=\"h-kontakt\">Kontakt<\/h2>\n\n\n\n<p>Anzeigen Print<br><strong>Tamedia Advertising AG<\/strong><br>Werdstrasse 21<br>Postfach<br>8021 Z\u00fcrich<br>Tel. 044 248 40 30<br><a aria-label=\" (\u00f6ffnet in neuem Tab)\" href=\"https:\/\/www.tamedia.ch\/de\/\" target=\"_blank\" rel=\"noreferrer noopener\">www.tamedia.ch<\/a><br><a href=\"mailto:inserate.zeitungen@tamedia.ch\" target=\"_blank\" rel=\"noreferrer noopener\">inserate.zeitungen@tamedia.ch<\/a><\/p>\n\n\n\n<p><\/p>\n\n\n\n<p>Anzeigen Digital<br><strong>Goldbach Audience AG<\/strong><br>Seestrasse 39<br>8700 K\u00fcsnacht<br>Tel. 044 914 93 30<br><a aria-label=\" (\u00f6ffnet in neuem Tab)\" href=\"http:\/\/www.tamedia.ch\" target=\"_blank\" rel=\"noreferrer noopener\">www.tamedia.ch<\/a><br><a href=\"mailto:digitalnext@goldbach.com\" target=\"_blank\" rel=\"noreferrer noopener\">digitalnext@goldbach.com<\/a><\/p>\n\n\n\n<div class=\"wp-block-cgb-block-zewo-block-button ab-block-button\"><a href=\"\/de\/vorteile-und-rabatte\/\" class=\"button primary\"><span class=\"button-arrow\"><\/span>Zur\u00fcck zur \u00dcbersicht<\/a><\/div>\n","protected":false},"excerpt":{"rendered":"<p>Rabatt f\u00fcr NPO mit Zewo-G\u00fctesiegel S\u00e4mtliche Medien der Mediengruppe Tamedia gew\u00e4hren Organisationen mit Zewo-G\u00fctesiegel einen einheitlichen Rabatt von 50% auf Print- sowie Digital-Werbung (mit Ausnahme von Performance-Buchungen CPC). Kontakt Anzeigen PrintTamedia Advertising AGWerdstrasse 21Postfach8021 Z\u00fcrichTel. 044 248 40 30www.tamedia.chinserate.zeitungen@tamedia.ch Anzeigen DigitalGoldbach Audience AGSeestrasse 398700 K\u00fcsnachtTel. 044 914 93 30www.tamedia.chdigitalnext@goldbach.com<\/p>\n","protected":false},"author":38,"featured_media":0,"parent":0,"menu_order":287,"comment_status":"closed","ping_status":"closed","template":"","meta":{"_acf_changed":false,"footnotes":""},"folder":[6639],"class_list":["post-165187","page","type-page","status-publish","hentry"],"acf":[],"yoast_head":"<!-- This site is optimized with the Yoast SEO Premium plugin v26.0 (Yoast SEO v26.0) - https:\/\/yoast.com\/wordpress\/plugins\/seo\/ -->\n<title>Zewo<\/title>\n<meta name=\"description\" content=\"S\u00e4mtliche Medien der Mediengruppe Tamedia gew\u00e4hren Organisationen mit Zewo-G\u00fctesiegel einen abatt von 50 % auf Zeitungsinserate bzw. Werbung\" \/>\n<meta name=\"robots\" content=\"index, follow, max-snippet:-1, max-image-preview:large, max-video-preview:-1\" \/>\n<link rel=\"canonical\" href=\"https:\/\/zewo.ch\/de\/tamedia\/\" \/>\n<meta property=\"og:locale\" content=\"de_DE\" \/>\n<meta property=\"og:type\" content=\"article\" \/>\n<meta property=\"og:description\" content=\"S\u00e4mtliche Medien der Mediengruppe Tamedia gew\u00e4hren Organisationen mit Zewo-G\u00fctesiegel einen abatt von 50 % auf Zeitungsinserate bzw. Werbung\" \/>\n<meta property=\"og:url\" content=\"https:\/\/zewo.ch\/de\/tamedia\/\" \/>\n<meta property=\"og:site_name\" content=\"Zewo\" \/>\n<meta property=\"article:publisher\" content=\"https:\/\/www.facebook.com\/Stiftung.ZEWO\/\" \/>\n<meta property=\"article:modified_time\" content=\"2025-11-21T12:45:02+00:00\" \/>\n<meta property=\"og:image\" content=\"https:\/\/zewo.ch\/wp-content\/uploads\/2019\/06\/Tamedia_tamedia_beside_Logo_Red_CMYK-1.png\" \/>\n\t<meta property=\"og:image:width\" content=\"787\" \/>\n\t<meta property=\"og:image:height\" content=\"473\" \/>\n\t<meta property=\"og:image:type\" content=\"image\/png\" \/>\n<meta name=\"twitter:card\" content=\"summary_large_image\" \/>\n<meta name=\"twitter:site\" content=\"@stiftung_zewo\" \/>\n<meta name=\"twitter:label1\" content=\"Gesch\u00e4tzte Lesezeit\" \/>\n\t<meta name=\"twitter:data1\" content=\"1\u00a0Minute\" \/>\n<script type=\"application\/ld+json\" class=\"yoast-schema-graph\">{\"@context\":\"https:\/\/schema.org\",\"@graph\":[{\"@type\":\"WebPage\",\"@id\":\"https:\/\/zewo.ch\/de\/tamedia\/#webpage\",\"url\":\"https:\/\/zewo.ch\/de\/tamedia\/#webpage\",\"name\":\"\",\"isPartOf\":{\"@id\":\"https:\/\/zewo.ch\/de\/#website\"},\"primaryImageOfPage\":{\"@id\":\"https:\/\/zewo.ch\/de\/tamedia\/#primaryimage\"},\"image\":{\"@id\":\"https:\/\/zewo.ch\/de\/tamedia\/#primaryimage\"},\"thumbnailUrl\":\"https:\/\/zewo.ch\/wp-content\/uploads\/2019\/06\/Tamedia_tamedia_beside_Logo_Red_CMYK-1.png\",\"datePublished\":\"2019-06-03T07:37:20+00:00\",\"dateModified\":\"2025-11-21T12:45:02+00:00\",\"description\":\"S\u00e4mtliche Medien der Mediengruppe Tamedia gew\u00e4hren Organisationen mit Zewo-G\u00fctesiegel einen abatt von 50 % auf Zeitungsinserate bzw. Werbung\",\"breadcrumb\":{\"@id\":\"https:\/\/zewo.ch\/de\/tamedia\/#breadcrumb\"},\"inLanguage\":\"de\",\"potentialAction\":[{\"@type\":\"ReadAction\",\"target\":[\"https:\/\/zewo.ch\/de\/tamedia\/\"]}]},{\"@type\":\"ImageObject\",\"inLanguage\":\"de\",\"@id\":\"https:\/\/zewo.ch\/de\/tamedia\/#primaryimage\",\"url\":\"https:\/\/zewo.ch\/wp-content\/uploads\/2019\/06\/Tamedia_tamedia_beside_Logo_Red_CMYK-1.png\",\"contentUrl\":\"https:\/\/zewo.ch\/wp-content\/uploads\/2019\/06\/Tamedia_tamedia_beside_Logo_Red_CMYK-1.png\"},{\"@type\":\"BreadcrumbList\",\"@id\":\"https:\/\/zewo.ch\/de\/tamedia\/#breadcrumb\",\"itemListElement\":[{\"@type\":\"ListItem\",\"position\":1,\"name\":\"Home\",\"item\":\"https:\/\/zewo.ch\/de\/\"},{\"@type\":\"ListItem\",\"position\":2,\"name\":\"Tamedia\"}]},{\"@type\":\"WebSite\",\"@id\":\"https:\/\/zewo.ch\/de\/#website\",\"url\":\"https:\/\/zewo.ch\/de\/\",\"name\":\"Zewo\",\"description\":\"Ihre Spende in guten H\u00e4nden.\",\"publisher\":{\"@id\":\"https:\/\/zewo.ch\/de\/#organization\"},\"potentialAction\":[{\"@type\":\"SearchAction\",\"target\":{\"@type\":\"EntryPoint\",\"urlTemplate\":\"https:\/\/zewo.ch\/de\/?s={search_term_string}\"},\"query-input\":{\"@type\":\"PropertyValueSpecification\",\"valueRequired\":true,\"valueName\":\"search_term_string\"}}],\"inLanguage\":\"de\"},{\"@type\":\"Organization\",\"@id\":\"https:\/\/zewo.ch\/de\/#organization\",\"name\":\"Stiftung Zewo\",\"url\":\"https:\/\/zewo.ch\/de\/\",\"logo\":{\"@type\":\"ImageObject\",\"inLanguage\":\"de\",\"@id\":\"https:\/\/zewo.ch\/de\/#\/schema\/logo\/image\/\",\"url\":\"https:\/\/zewo.ch\/wp-content\/uploads\/2019\/08\/Zewo_Logo_Claim_D.svg\",\"contentUrl\":\"https:\/\/zewo.ch\/wp-content\/uploads\/2019\/08\/Zewo_Logo_Claim_D.svg\",\"width\":1,\"height\":1,\"caption\":\"Stiftung Zewo\"},\"image\":{\"@id\":\"https:\/\/zewo.ch\/de\/#\/schema\/logo\/image\/\"},\"sameAs\":[\"https:\/\/www.facebook.com\/Stiftung.ZEWO\/\",\"https:\/\/x.com\/stiftung_zewo\",\"https:\/\/www.linkedin.com\/company\/stiftung-zewo\",\"https:\/\/www.youtube.com\/channel\/UCzjsVJro12OXcvvx1LQP8tw\",\"https:\/\/de.wikipedia.org\/wiki\/Zewo\"]}]}<\/script>\n<!-- \/ Yoast SEO Premium plugin. -->","yoast_head_json":{"title":"Zewo","description":"S\u00e4mtliche Medien der Mediengruppe Tamedia gew\u00e4hren Organisationen mit Zewo-G\u00fctesiegel einen abatt von 50 % auf Zeitungsinserate bzw. Werbung","robots":{"index":"index","follow":"follow","max-snippet":"max-snippet:-1","max-image-preview":"max-image-preview:large","max-video-preview":"max-video-preview:-1"},"canonical":"https:\/\/zewo.ch\/de\/tamedia\/","og_locale":"de_DE","og_type":"article","og_description":"S\u00e4mtliche Medien der Mediengruppe Tamedia gew\u00e4hren Organisationen mit Zewo-G\u00fctesiegel einen abatt von 50 % auf Zeitungsinserate bzw. Werbung","og_url":"https:\/\/zewo.ch\/de\/tamedia\/","og_site_name":"Zewo","article_publisher":"https:\/\/www.facebook.com\/Stiftung.ZEWO\/","article_modified_time":"2025-11-21T12:45:02+00:00","og_image":[{"width":787,"height":473,"url":"https:\/\/zewo.ch\/wp-content\/uploads\/2019\/06\/Tamedia_tamedia_beside_Logo_Red_CMYK-1.png","type":"image\/png"}],"twitter_card":"summary_large_image","twitter_site":"@stiftung_zewo","twitter_misc":{"Gesch\u00e4tzte Lesezeit":"1\u00a0Minute"},"schema":{"@context":"https:\/\/schema.org","@graph":[{"@type":"WebPage","@id":"https:\/\/zewo.ch\/de\/tamedia\/#webpage","url":"https:\/\/zewo.ch\/de\/tamedia\/#webpage","name":"","isPartOf":{"@id":"https:\/\/zewo.ch\/de\/#website"},"primaryImageOfPage":{"@id":"https:\/\/zewo.ch\/de\/tamedia\/#primaryimage"},"image":{"@id":"https:\/\/zewo.ch\/de\/tamedia\/#primaryimage"},"thumbnailUrl":"https:\/\/zewo.ch\/wp-content\/uploads\/2019\/06\/Tamedia_tamedia_beside_Logo_Red_CMYK-1.png","datePublished":"2019-06-03T07:37:20+00:00","dateModified":"2025-11-21T12:45:02+00:00","description":"S\u00e4mtliche Medien der Mediengruppe Tamedia gew\u00e4hren Organisationen mit Zewo-G\u00fctesiegel einen abatt von 50 % auf Zeitungsinserate bzw. Werbung","breadcrumb":{"@id":"https:\/\/zewo.ch\/de\/tamedia\/#breadcrumb"},"inLanguage":"de","potentialAction":[{"@type":"ReadAction","target":["https:\/\/zewo.ch\/de\/tamedia\/"]}]},{"@type":"ImageObject","inLanguage":"de","@id":"https:\/\/zewo.ch\/de\/tamedia\/#primaryimage","url":"https:\/\/zewo.ch\/wp-content\/uploads\/2019\/06\/Tamedia_tamedia_beside_Logo_Red_CMYK-1.png","contentUrl":"https:\/\/zewo.ch\/wp-content\/uploads\/2019\/06\/Tamedia_tamedia_beside_Logo_Red_CMYK-1.png"},{"@type":"BreadcrumbList","@id":"https:\/\/zewo.ch\/de\/tamedia\/#breadcrumb","itemListElement":[{"@type":"ListItem","position":1,"name":"Home","item":"https:\/\/zewo.ch\/de\/"},{"@type":"ListItem","position":2,"name":"Tamedia"}]},{"@type":"WebSite","@id":"https:\/\/zewo.ch\/de\/#website","url":"https:\/\/zewo.ch\/de\/","name":"Zewo","description":"Ihre Spende in guten H\u00e4nden.","publisher":{"@id":"https:\/\/zewo.ch\/de\/#organization"},"potentialAction":[{"@type":"SearchAction","target":{"@type":"EntryPoint","urlTemplate":"https:\/\/zewo.ch\/de\/?s={search_term_string}"},"query-input":{"@type":"PropertyValueSpecification","valueRequired":true,"valueName":"search_term_string"}}],"inLanguage":"de"},{"@type":"Organization","@id":"https:\/\/zewo.ch\/de\/#organization","name":"Stiftung Zewo","url":"https:\/\/zewo.ch\/de\/","logo":{"@type":"ImageObject","inLanguage":"de","@id":"https:\/\/zewo.ch\/de\/#\/schema\/logo\/image\/","url":"https:\/\/zewo.ch\/wp-content\/uploads\/2019\/08\/Zewo_Logo_Claim_D.svg","contentUrl":"https:\/\/zewo.ch\/wp-content\/uploads\/2019\/08\/Zewo_Logo_Claim_D.svg","width":1,"height":1,"caption":"Stiftung Zewo"},"image":{"@id":"https:\/\/zewo.ch\/de\/#\/schema\/logo\/image\/"},"sameAs":["https:\/\/www.facebook.com\/Stiftung.ZEWO\/","https:\/\/x.com\/stiftung_zewo","https:\/\/www.linkedin.com\/company\/stiftung-zewo","https:\/\/www.youtube.com\/channel\/UCzjsVJro12OXcvvx1LQP8tw","https:\/\/de.wikipedia.org\/wiki\/Zewo"]}]}},"publishpress_future_action":{"enabled":false,"date":"2026-04-25 12:31:27","action":"change-status","newStatus":"draft","terms":[],"taxonomy":"translation_priority","extraData":[]},"publishpress_future_workflow_manual_trigger":{"enabledWorkflows":[]},"_links":{"self":[{"href":"https:\/\/zewo.ch\/de\/wp-json\/wp\/v2\/pages\/165187","targetHints":{"allow":["GET"]}}],"collection":[{"href":"https:\/\/zewo.ch\/de\/wp-json\/wp\/v2\/pages"}],"about":[{"href":"https:\/\/zewo.ch\/de\/wp-json\/wp\/v2\/types\/page"}],"author":[{"embeddable":true,"href":"https:\/\/zewo.ch\/de\/wp-json\/wp\/v2\/users\/38"}],"replies":[{"embeddable":true,"href":"https:\/\/zewo.ch\/de\/wp-json\/wp\/v2\/comments?post=165187"}],"version-history":[{"count":21,"href":"https:\/\/zewo.ch\/de\/wp-json\/wp\/v2\/pages\/165187\/revisions"}],"predecessor-version":[{"id":5934579,"href":"https:\/\/zewo.ch\/de\/wp-json\/wp\/v2\/pages\/165187\/revisions\/5934579"}],"wp:attachment":[{"href":"https:\/\/zewo.ch\/de\/wp-json\/wp\/v2\/media?parent=165187"}],"wp:term":[{"taxonomy":"folder","embeddable":true,"href":"https:\/\/zewo.ch\/de\/wp-json\/wp\/v2\/folder?post=165187"}],"curies":[{"name":"wp","href":"https:\/\/api.w.org\/{rel}","templated":true}]}}