{"id":158,"date":"2019-04-01T14:40:06","date_gmt":"2019-04-01T12:40:06","guid":{"rendered":"https:\/\/www.zewo.ch\/?page_id=158"},"modified":"2024-05-21T11:19:21","modified_gmt":"2024-05-21T09:19:21","slug":"erbe-fuer-einen-guten-zweck","status":"publish","type":"page","link":"https:\/\/zewo.ch\/de\/erbe-fuer-einen-guten-zweck\/","title":{"rendered":"Erbe f\u00fcr einen guten Zweck"},"content":{"rendered":"\n<h2 class=\"wp-block-heading\">NPO im Nachlass ber\u00fccksichtigen<\/h2>\n\n\n\n<p><strong>Interessieren Sie sich daf\u00fcr, mit Ihrem Erbe eine gute Sache zu unterst\u00fctzen? Sie k\u00f6nnen dies in Ihrem Testament festhalten. Folgende Punkte sind dabei zu beachten<\/strong><\/p>\n\n\n\n<p>Um \u00fcber Ihr Erbe selber zu bestimmen, m\u00fcssen Sie es regeln. Das gilt insbesondere, wenn ihr Erbe einem guten Zweck dienen soll. Ein Testament h\u00e4lt fest, wer was bekommt. Es kann den Beg\u00fcnstigten fixe Betr\u00e4ge, bestimmte Sachwerte oder einen gewissen Teil des Verm\u00f6gens zuweisen. Allerdings d\u00fcrfen Pflichtteile, die der Familie zustehen, nicht verletzt werden. Eine im Testament bezeichnete Vertrauensperson setzt Ihren Willen um.<\/p>\n\n\n\n<h3 class=\"wp-block-heading\" id=\"1\">Testament selber schreiben oder aufsetzen lassen?<\/h3>\n\n\n\n<p>Das eigenh\u00e4ndige Testament ist die einfachste und g\u00fcnstigste Form einer letztwilligen Verf\u00fcgung. Damit es g\u00fcltig ist, m\u00fcssen Sie ein paar Punkte beachten\u200a:<\/p>\n\n\n\n<ul class=\"wp-block-list\">\n<li>Das Testament muss von Anfang bis Ende von Hand geschrieben sein.<\/li>\n\n\n\n<li>Der Ort und das Datum d\u00fcrfen nicht fehlen. Es gilt die letzte Version\u200a. <\/li>\n\n\n\n<li>Das Testament muss unterschrieben sein.  <\/li>\n\n\n\n<li>Bei einem allf\u00e4lligen Nachtrag geh\u00f6ren Ort, Datum und Unterschrift ebenfalls dazu.<\/li>\n<\/ul>\n\n\n\n<p>Es gibt auch die M\u00f6glichkeit, das Testament von einer Amtsperson aufsetzen zu lassen. Dies empfiehlt sich bei Unsicherheit oder bei komplizierten Verh\u00e4ltnissen. Ein \u00f6ffentliches Testament wird in Anwesenheit von zwei Zeugen unterzeichnet.\u00a0<\/p>\n\n\n\n<h3 class=\"wp-block-heading\" id=\"2\">Fixer Betrag oder Anteil?<\/h3>\n\n\n\n<p>Es gibt verschiedene Formen, einer gemeinn\u00fctzigen NPO etwas zu vererben. Wird sie mit einem bestimmten Betrag bedacht, handelt es sich um ein Verm\u00e4chtnis mittels Verf\u00fcgung. Ist die NPO mit einem bestimmten Anteil als Erbin eingesetzt, wird sie Teil der Erbengemeinschaft. In diesem Fall erh\u00e4lt sie zusammen mit den anderen Erben Einblick in den gesamten Nachlass. In der Regel ist einer NPO ein fester Betrag lieber.<\/p>\n\n\n\n<p>Ein Verm\u00e4chtnis kann an Bedingungen gekn\u00fcpft werden. Beispielsweise k\u00f6nnen Sie einschr\u00e4nken, dass das Erbe f\u00fcr einen ganz bestimmten guten Zweck verwendet werden soll. Er sollte aber nicht zu eng formuliert sein, denn die Verh\u00e4ltnisse \u00e4ndern sich. Es empfiehlt sich, einen realistischen Wortlaut mit der NPO abzusprechen. <\/p>\n\n\n\n<p>Schliesslich sollte das Testament an einem sicheren Ort aufbewahrt werden. Zum Beispiel bei der zust\u00e4ndigen Amtsstelle, dem Willensvollstrecker, der Bank oder bei einer Vertrauensperson. NPO sind froh, wenn sie wissen, dass sie im Testament bedacht sind. Idealerweise sind die anderen Erben ebenfalls dar\u00fcber im Bild und damit einverstanden.<\/p>\n\n\n\n<h3 class=\"wp-block-heading\" id=\"3\">Mustertext f\u00fcr ein einfaches Testament&nbsp;<\/h3>\n\n\n\n<p><em>Ich, Anna Muster-Meier, geb. am &#8230;&#8230;, verf\u00fcge letztwillig:<\/em><br><em>Meine Hinterlassenschaft soll an meine gesetzlichen Erben, n\u00e4mlich meinen Ehemann Peter Muster und meine Kinder Lena Muster und Christian Muster nach Massgabe des Gesetzes gehen.<\/em><br><em>Meiner Schwester Susanne Meier hinterlasse ich mein Tafelsilber.&nbsp;<\/em><br><em>Der gemeinn\u00fctzigen Organisation xyz vermache ich den Betrag von 100&#8217;000<\/em> <em>Franken.<\/em><br><em>Als Willensvollstrecker setze ich meinen Ehemann Peter Muster ein.&nbsp;<\/em><br><em>Z\u00fcrich, den 10. Januar 2019<\/em><br><em>Anna Muster-Meier<\/em><\/p>\n\n\n\n<h3 class=\"wp-block-heading\">Eigene Stiftung: Nur f\u00fcr Multi-Million\u00e4re <\/h3>\n\n\n\n<p>Eine Stiftung verschafft dem eigenen Willen besondere Nachhaltigkeit. Der Stiftungsrat und die Stiftungsaufsicht wachen dar\u00fcber, dass die Mittel zweckbestimmt eingesetzt werden. Der damit verbundene Aufwand rechtfertigt sich allerdings erst, wenn es um ein Verm\u00f6gen von mehreren Millionen Franken geht. <\/p>\n\n\n\n<h3 class=\"wp-block-heading 5\">Fachleute beraten gerne<\/h3>\n\n\n\n<p>Sind die Verh\u00e4ltnisse kompliziert oder ist eine Beratung gew\u00fcnscht? In diesem Fall empfiehlt es sich, Fachleute beizuziehen. In Frage kommen zum Beispiel eine Anwaltskanzlei, ein Notariat oder eine Bank. F\u00fcr die \u00f6ffentliche Beurkundung von erbrechtlichen Dokumenten sind die Notare zust\u00e4ndig. <\/p>\n\n\n\n<p><br><\/p>\n\n\n\n<div class=\"wp-block-cgb-block-zewo-block-columns-container container bg-color-light-gray\"><div class=\"grid-x grid-margin-x\" data-columns=\"3\">\n\n\n<div class=\"cell small-12 medium-6\"><div class=\"wp-block-cgb-block-zewo-block-image-text-teaser ab-block-cta\"><div class=\"ab-cta-image-wrap bg-color-secondary\"><img decoding=\"async\" class=\"ab-cta-image\" src=\"https:\/\/zewo.ch\/wp-content\/uploads\/2019\/08\/spendentyp-d.png\" alt=\"Spendentyp-Test\"\/><\/div><div class=\"ab-cta-content\"><h2 class=\"ab-cta-title\">Welcher Spendentyp bin ich? <\/h2><div class=\"ab-cta-text\">\n<p>Es gibt viele Wege, eine gute Sache zu unterst\u00fctzen. Welche Art zu helfen passt zu Ihnen? Finden Sie heraus, welcher Spendentyp Sie sind. <\/p>\n<\/div><\/div><div class=\"ab-cta-button\"><a href=\"https:\/\/zewo.ch\/de\/welcher-spendentyp-bin-ich\/\" target=\"_self\" rel=\"noopener noreferrer\" class=\"button primary button-teaser\"><span class=\"button-arrow\"><\/span>Quiz zum Spenden machen<\/a><\/div><a href=\"https:\/\/zewo.ch\/de\/welcher-spendentyp-bin-ich\/\" target=\"_self\" rel=\"noopener noreferrer\" class=\"button-teaser--is-full\"><\/a><\/div><\/div>\n\n\n\n<div class=\"cell small-12 medium-6\"><div class=\"wp-block-cgb-block-zewo-block-image-text-teaser ab-block-cta\"><div class=\"ab-cta-image-wrap bg-color-secondary\"><img decoding=\"async\" class=\"ab-cta-image\" src=\"https:\/\/zewo.ch\/wp-content\/uploads\/2019\/05\/ha\u0308ufige-fragen-7.png\" alt=\"H\u00e4ufige Fragen und Antworten rund ums Spenden\"\/><\/div><div class=\"ab-cta-content\"><h2 class=\"ab-cta-title\">H\u00e4ufige Fragen rund ums Spenden<\/h2><div class=\"ab-cta-text\">\n<p>Der Spenden-Ratgeber der Zewo gibt Ihnen Auskunft zu den wichtigsten Fragen rund ums Spenden.<\/p>\n<\/div><\/div><div class=\"ab-cta-button\"><a href=\"\/de\/fragen-und-antworten-rund-ums-spenden\/\" target=\"_self\" rel=\"noopener noreferrer\" class=\"button primary button-teaser\"><span class=\"button-arrow\"><\/span>Jetzt ansehen<\/a><\/div><a href=\"\/de\/fragen-und-antworten-rund-ums-spenden\/\" target=\"_self\" rel=\"noopener noreferrer\" class=\"button-teaser--is-full\"><\/a><\/div><\/div>\n<\/div><\/div>\n","protected":false},"excerpt":{"rendered":"<p>NPO im Nachlass ber\u00fccksichtigen Interessieren Sie sich daf\u00fcr, mit Ihrem Erbe eine gute Sache zu unterst\u00fctzen? Sie k\u00f6nnen dies in Ihrem Testament festhalten. Folgende Punkte sind dabei zu beachten Um \u00fcber Ihr Erbe selber zu bestimmen, m\u00fcssen Sie es regeln. Das gilt insbesondere, wenn ihr Erbe einem guten Zweck dienen soll. Ein Testament h\u00e4lt fest, [&hellip;]<\/p>\n","protected":false},"author":7,"featured_media":58954,"parent":0,"menu_order":116,"comment_status":"closed","ping_status":"closed","template":"","meta":{"_acf_changed":false,"footnotes":""},"folder":[6639],"class_list":["post-158","page","type-page","status-publish","has-post-thumbnail","hentry"],"acf":[],"yoast_head":"<!-- This site is optimized with the Yoast SEO Premium plugin v26.0 (Yoast SEO v26.0) - https:\/\/yoast.com\/wordpress\/plugins\/seo\/ -->\n<title>Zewo<\/title>\n<meta name=\"description\" content=\"Immer mehr Menschen m\u00f6chten mit ihrem Erbe eine gute Sache unterst\u00fctzen. Sie halten dies in einem Testament fest. Dabei gibt es einige Punkte zu beachten..\" \/>\n<meta name=\"robots\" content=\"index, follow, max-snippet:-1, max-image-preview:large, max-video-preview:-1\" \/>\n<link rel=\"canonical\" href=\"https:\/\/zewo.ch\/de\/erbe-fuer-einen-guten-zweck\/\" \/>\n<meta property=\"og:locale\" content=\"de_DE\" \/>\n<meta property=\"og:type\" content=\"article\" \/>\n<meta property=\"og:description\" content=\"Immer mehr Menschen m\u00f6chten mit ihrem Erbe eine gute Sache unterst\u00fctzen. Sie halten dies in einem Testament fest. Dabei gibt es einige Punkte zu beachten..\" \/>\n<meta property=\"og:url\" content=\"https:\/\/zewo.ch\/de\/erbe-fuer-einen-guten-zweck\/\" \/>\n<meta property=\"og:site_name\" content=\"Zewo\" \/>\n<meta property=\"article:publisher\" content=\"https:\/\/www.facebook.com\/Stiftung.ZEWO\/\" \/>\n<meta property=\"article:modified_time\" content=\"2024-05-21T09:19:21+00:00\" \/>\n<meta property=\"og:image\" content=\"https:\/\/zewo.ch\/wp-content\/uploads\/2019\/05\/verma\u0308chtnis.jpg\" \/>\n\t<meta property=\"og:image:width\" content=\"2200\" \/>\n\t<meta property=\"og:image:height\" content=\"650\" \/>\n\t<meta property=\"og:image:type\" content=\"image\/jpeg\" \/>\n<meta name=\"twitter:card\" content=\"summary_large_image\" \/>\n<meta name=\"twitter:site\" content=\"@stiftung_zewo\" \/>\n<meta name=\"twitter:label1\" content=\"Gesch\u00e4tzte Lesezeit\" \/>\n\t<meta name=\"twitter:data1\" content=\"12\u00a0Minuten\" \/>\n<script type=\"application\/ld+json\" class=\"yoast-schema-graph\">{\"@context\":\"https:\/\/schema.org\",\"@graph\":[{\"@type\":\"WebPage\",\"@id\":\"https:\/\/zewo.ch\/de\/erbe-fuer-einen-guten-zweck\/#webpage\",\"url\":\"https:\/\/zewo.ch\/de\/erbe-fuer-einen-guten-zweck\/#webpage\",\"name\":\"\",\"isPartOf\":{\"@id\":\"https:\/\/zewo.ch\/de\/#website\"},\"primaryImageOfPage\":{\"@id\":\"https:\/\/zewo.ch\/de\/erbe-fuer-einen-guten-zweck\/#primaryimage\"},\"image\":{\"@id\":\"https:\/\/zewo.ch\/de\/erbe-fuer-einen-guten-zweck\/#primaryimage\"},\"thumbnailUrl\":\"https:\/\/zewo.ch\/wp-content\/uploads\/2019\/05\/verma\u0308chtnis.jpg\",\"datePublished\":\"2019-04-01T12:40:06+00:00\",\"dateModified\":\"2024-05-21T09:19:21+00:00\",\"description\":\"Immer mehr Menschen m\u00f6chten mit ihrem Erbe eine gute Sache unterst\u00fctzen. Sie halten dies in einem Testament fest. Dabei gibt es einige Punkte zu beachten..\",\"breadcrumb\":{\"@id\":\"https:\/\/zewo.ch\/de\/erbe-fuer-einen-guten-zweck\/#breadcrumb\"},\"inLanguage\":\"de\",\"potentialAction\":[{\"@type\":\"ReadAction\",\"target\":[\"https:\/\/zewo.ch\/de\/erbe-fuer-einen-guten-zweck\/\"]}]},{\"@type\":\"ImageObject\",\"inLanguage\":\"de\",\"@id\":\"https:\/\/zewo.ch\/de\/erbe-fuer-einen-guten-zweck\/#primaryimage\",\"url\":\"https:\/\/zewo.ch\/wp-content\/uploads\/2019\/05\/verma\u0308chtnis.jpg\",\"contentUrl\":\"https:\/\/zewo.ch\/wp-content\/uploads\/2019\/05\/verma\u0308chtnis.jpg\",\"width\":2200,\"height\":650,\"caption\":\"Verm\u00e4chtnis \u2013 Frau mit Pusteblume\"},{\"@type\":\"BreadcrumbList\",\"@id\":\"https:\/\/zewo.ch\/de\/erbe-fuer-einen-guten-zweck\/#breadcrumb\",\"itemListElement\":[{\"@type\":\"ListItem\",\"position\":1,\"name\":\"Home\",\"item\":\"https:\/\/zewo.ch\/de\/\"},{\"@type\":\"ListItem\",\"position\":2,\"name\":\"Erbe f\u00fcr einen guten Zweck\"}]},{\"@type\":\"WebSite\",\"@id\":\"https:\/\/zewo.ch\/de\/#website\",\"url\":\"https:\/\/zewo.ch\/de\/\",\"name\":\"Zewo\",\"description\":\"Ihre Spende in guten H\u00e4nden.\",\"publisher\":{\"@id\":\"https:\/\/zewo.ch\/de\/#organization\"},\"potentialAction\":[{\"@type\":\"SearchAction\",\"target\":{\"@type\":\"EntryPoint\",\"urlTemplate\":\"https:\/\/zewo.ch\/de\/?s={search_term_string}\"},\"query-input\":{\"@type\":\"PropertyValueSpecification\",\"valueRequired\":true,\"valueName\":\"search_term_string\"}}],\"inLanguage\":\"de\"},{\"@type\":\"Organization\",\"@id\":\"https:\/\/zewo.ch\/de\/#organization\",\"name\":\"Stiftung Zewo\",\"url\":\"https:\/\/zewo.ch\/de\/\",\"logo\":{\"@type\":\"ImageObject\",\"inLanguage\":\"de\",\"@id\":\"https:\/\/zewo.ch\/de\/#\/schema\/logo\/image\/\",\"url\":\"https:\/\/zewo.ch\/wp-content\/uploads\/2019\/08\/Zewo_Logo_Claim_D.svg\",\"contentUrl\":\"https:\/\/zewo.ch\/wp-content\/uploads\/2019\/08\/Zewo_Logo_Claim_D.svg\",\"width\":1,\"height\":1,\"caption\":\"Stiftung Zewo\"},\"image\":{\"@id\":\"https:\/\/zewo.ch\/de\/#\/schema\/logo\/image\/\"},\"sameAs\":[\"https:\/\/www.facebook.com\/Stiftung.ZEWO\/\",\"https:\/\/x.com\/stiftung_zewo\",\"https:\/\/www.linkedin.com\/company\/stiftung-zewo\",\"https:\/\/www.youtube.com\/channel\/UCzjsVJro12OXcvvx1LQP8tw\",\"https:\/\/de.wikipedia.org\/wiki\/Zewo\"]}]}<\/script>\n<!-- \/ Yoast SEO Premium plugin. -->","yoast_head_json":{"title":"Zewo","description":"Immer mehr Menschen m\u00f6chten mit ihrem Erbe eine gute Sache unterst\u00fctzen. Sie halten dies in einem Testament fest. Dabei gibt es einige Punkte zu beachten..","robots":{"index":"index","follow":"follow","max-snippet":"max-snippet:-1","max-image-preview":"max-image-preview:large","max-video-preview":"max-video-preview:-1"},"canonical":"https:\/\/zewo.ch\/de\/erbe-fuer-einen-guten-zweck\/","og_locale":"de_DE","og_type":"article","og_description":"Immer mehr Menschen m\u00f6chten mit ihrem Erbe eine gute Sache unterst\u00fctzen. Sie halten dies in einem Testament fest. Dabei gibt es einige Punkte zu beachten..","og_url":"https:\/\/zewo.ch\/de\/erbe-fuer-einen-guten-zweck\/","og_site_name":"Zewo","article_publisher":"https:\/\/www.facebook.com\/Stiftung.ZEWO\/","article_modified_time":"2024-05-21T09:19:21+00:00","og_image":[{"width":2200,"height":650,"url":"https:\/\/zewo.ch\/wp-content\/uploads\/2019\/05\/verma\u0308chtnis.jpg","type":"image\/jpeg"}],"twitter_card":"summary_large_image","twitter_site":"@stiftung_zewo","twitter_misc":{"Gesch\u00e4tzte Lesezeit":"12\u00a0Minuten"},"schema":{"@context":"https:\/\/schema.org","@graph":[{"@type":"WebPage","@id":"https:\/\/zewo.ch\/de\/erbe-fuer-einen-guten-zweck\/#webpage","url":"https:\/\/zewo.ch\/de\/erbe-fuer-einen-guten-zweck\/#webpage","name":"","isPartOf":{"@id":"https:\/\/zewo.ch\/de\/#website"},"primaryImageOfPage":{"@id":"https:\/\/zewo.ch\/de\/erbe-fuer-einen-guten-zweck\/#primaryimage"},"image":{"@id":"https:\/\/zewo.ch\/de\/erbe-fuer-einen-guten-zweck\/#primaryimage"},"thumbnailUrl":"https:\/\/zewo.ch\/wp-content\/uploads\/2019\/05\/verma\u0308chtnis.jpg","datePublished":"2019-04-01T12:40:06+00:00","dateModified":"2024-05-21T09:19:21+00:00","description":"Immer mehr Menschen m\u00f6chten mit ihrem Erbe eine gute Sache unterst\u00fctzen. Sie halten dies in einem Testament fest. Dabei gibt es einige Punkte zu beachten..","breadcrumb":{"@id":"https:\/\/zewo.ch\/de\/erbe-fuer-einen-guten-zweck\/#breadcrumb"},"inLanguage":"de","potentialAction":[{"@type":"ReadAction","target":["https:\/\/zewo.ch\/de\/erbe-fuer-einen-guten-zweck\/"]}]},{"@type":"ImageObject","inLanguage":"de","@id":"https:\/\/zewo.ch\/de\/erbe-fuer-einen-guten-zweck\/#primaryimage","url":"https:\/\/zewo.ch\/wp-content\/uploads\/2019\/05\/verma\u0308chtnis.jpg","contentUrl":"https:\/\/zewo.ch\/wp-content\/uploads\/2019\/05\/verma\u0308chtnis.jpg","width":2200,"height":650,"caption":"Verm\u00e4chtnis \u2013 Frau mit Pusteblume"},{"@type":"BreadcrumbList","@id":"https:\/\/zewo.ch\/de\/erbe-fuer-einen-guten-zweck\/#breadcrumb","itemListElement":[{"@type":"ListItem","position":1,"name":"Home","item":"https:\/\/zewo.ch\/de\/"},{"@type":"ListItem","position":2,"name":"Erbe f\u00fcr einen guten Zweck"}]},{"@type":"WebSite","@id":"https:\/\/zewo.ch\/de\/#website","url":"https:\/\/zewo.ch\/de\/","name":"Zewo","description":"Ihre Spende in guten H\u00e4nden.","publisher":{"@id":"https:\/\/zewo.ch\/de\/#organization"},"potentialAction":[{"@type":"SearchAction","target":{"@type":"EntryPoint","urlTemplate":"https:\/\/zewo.ch\/de\/?s={search_term_string}"},"query-input":{"@type":"PropertyValueSpecification","valueRequired":true,"valueName":"search_term_string"}}],"inLanguage":"de"},{"@type":"Organization","@id":"https:\/\/zewo.ch\/de\/#organization","name":"Stiftung Zewo","url":"https:\/\/zewo.ch\/de\/","logo":{"@type":"ImageObject","inLanguage":"de","@id":"https:\/\/zewo.ch\/de\/#\/schema\/logo\/image\/","url":"https:\/\/zewo.ch\/wp-content\/uploads\/2019\/08\/Zewo_Logo_Claim_D.svg","contentUrl":"https:\/\/zewo.ch\/wp-content\/uploads\/2019\/08\/Zewo_Logo_Claim_D.svg","width":1,"height":1,"caption":"Stiftung Zewo"},"image":{"@id":"https:\/\/zewo.ch\/de\/#\/schema\/logo\/image\/"},"sameAs":["https:\/\/www.facebook.com\/Stiftung.ZEWO\/","https:\/\/x.com\/stiftung_zewo","https:\/\/www.linkedin.com\/company\/stiftung-zewo","https:\/\/www.youtube.com\/channel\/UCzjsVJro12OXcvvx1LQP8tw","https:\/\/de.wikipedia.org\/wiki\/Zewo"]}]}},"publishpress_future_action":{"enabled":false,"date":"2026-04-21 12:23:12","action":"change-status","newStatus":"draft","terms":[],"taxonomy":"translation_priority","extraData":[]},"publishpress_future_workflow_manual_trigger":{"enabledWorkflows":[]},"_links":{"self":[{"href":"https:\/\/zewo.ch\/de\/wp-json\/wp\/v2\/pages\/158","targetHints":{"allow":["GET"]}}],"collection":[{"href":"https:\/\/zewo.ch\/de\/wp-json\/wp\/v2\/pages"}],"about":[{"href":"https:\/\/zewo.ch\/de\/wp-json\/wp\/v2\/types\/page"}],"author":[{"embeddable":true,"href":"https:\/\/zewo.ch\/de\/wp-json\/wp\/v2\/users\/7"}],"replies":[{"embeddable":true,"href":"https:\/\/zewo.ch\/de\/wp-json\/wp\/v2\/comments?post=158"}],"version-history":[{"count":41,"href":"https:\/\/zewo.ch\/de\/wp-json\/wp\/v2\/pages\/158\/revisions"}],"predecessor-version":[{"id":5918395,"href":"https:\/\/zewo.ch\/de\/wp-json\/wp\/v2\/pages\/158\/revisions\/5918395"}],"wp:featuredmedia":[{"embeddable":true,"href":"https:\/\/zewo.ch\/de\/wp-json\/wp\/v2\/media\/58954"}],"wp:attachment":[{"href":"https:\/\/zewo.ch\/de\/wp-json\/wp\/v2\/media?parent=158"}],"wp:term":[{"taxonomy":"folder","embeddable":true,"href":"https:\/\/zewo.ch\/de\/wp-json\/wp\/v2\/folder?post=158"}],"curies":[{"name":"wp","href":"https:\/\/api.w.org\/{rel}","templated":true}]}}