{"id":147550,"date":"2019-05-31T11:05:13","date_gmt":"2019-05-31T09:05:13","guid":{"rendered":"https:\/\/www.zewo.ch\/?page_id=147550"},"modified":"2026-03-06T17:19:51","modified_gmt":"2026-03-06T16:19:51","slug":"spenden-bei-einer-katastrophe","status":"publish","type":"page","link":"https:\/\/zewo.ch\/de\/spenden-bei-einer-katastrophe\/","title":{"rendered":"Spenden bei einer Katastrophe"},"content":{"rendered":"\n<h2 class=\"wp-block-heading\">So helfen Sie Menschen in Not<\/h2>\n\n\n\n<p><strong>Unwetter, Erdbeben, Kriege und D\u00fcrren haben fatale Folgen f\u00fcr die Menschen. Zurzeit sammeln mehrere NPO Spenden f\u00fcr die Opfer von aktuellen Katastrophen. Erfahren Sie hier, wer wo t\u00e4tig ist. <\/strong><\/p>\n\n\n\n<p>Erbeben, \u00dcberschwemmungen und Wirbelst\u00fcrme bringen das Leben von Menschen in Gefahr. Sie ben\u00f6tigen medizinische Versorgung, eine sichere Unterkunft und sauberes Trinkwasser. Dank Ihrer Spende versorgen NPO Opfer von Katastrophen mit dem N\u00f6tigsten und beugen Epidemien vor. Sie stellen zerst\u00f6rte Verkehrswege in Stand und bauen eingest\u00fcrzte H\u00e4user wieder auf. <\/p>\n\n\n\n<p>Die Bev\u00f6lkerung in der Schweiz ist solidarisch. Bei einer aktuellen Katastrophe spenden viele Menschen grossz\u00fcgig und helfen gerne. Die Medien und NPO rufen zum Spenden auf. Manchmal organisieren private Initiativen spontan eine Sammelaktion. F\u00fcr Spenderinnen und Spender ist es nicht einfach, den \u00dcberblick zu behalten. Achten Sie darauf, dass Ihre Spende am richtigen Ort ankommt. <\/p>\n\n\n\n<h3 class=\"wp-block-heading\" id=\"1\">Aktuell: F\u00fcr diese Krisen sammeln NPO Spenden<\/h3>\n\n\n\n<p>Hier sehen Sie auf einen Blick, welche zertifizierten NPO zurzeit in welchem Krisengebiet t\u00e4tig sind. Bei diesen NPO ist Ihre Spende in guten H\u00e4nden. Helfen Sie jetzt den Opfern von Katastrophen. <\/p>\n\n\n\n<div class=\"wp-block-cgb-block-zewo-block-columns-container container bg-color-light-gray\"><div class=\"grid-x grid-margin-x\" data-columns=\"2\"><\/div><\/div>\n\n\n\n<div class=\"wp-block-cgb-block-zewo-block-columns-container container bg-color-light-gray\"><div class=\"grid-x grid-margin-x\" data-columns=\"3\">\n<p><\/p>\n\n\n\n<div class=\"cell small-12 medium-6\"><div class=\"wp-block-cgb-block-zewo-block-image-teaser ab-block-cta bg-color-secondary\"><div class=\"ab-cta-image-wrap bg-color-secondary\"><img decoding=\"async\" class=\"ab-cta-image\" src=\"https:\/\/zewo.ch\/wp-content\/uploads\/2026\/03\/Bild_Nahost_Konflikt.png\" alt=\"\"\/><\/div><div class=\"ab-cta-content\"><h2 class=\"ab-cta-title\"><strong>M\u00e4rz 2026: Nothilfe <\/strong>Konflikt im Nahen Osten<\/h2><\/div><div class=\"ab-cta-button\"><a href=\"https:\/\/zewo.ch\/de\/konflikt-im-nahen-osten-nothilfe-fuer-die-bevoelkerung\/\" target=\"_blank\" rel=\"noopener noreferrer\" class=\"button primary button-teaser\"><span class=\"button-arrow\"><\/span>Mehr erfahren<\/a><\/div><a href=\"https:\/\/zewo.ch\/de\/konflikt-im-nahen-osten-nothilfe-fuer-die-bevoelkerung\/\" target=\"_blank\" rel=\"noopener noreferrer\" class=\"button-teaser--is-full\"><\/a><\/div><\/div>\n\n\n\n<div class=\"cell small-12 medium-6\"><div class=\"wp-block-cgb-block-zewo-block-image-teaser ab-block-cta bg-color-secondary\"><div class=\"ab-cta-image-wrap bg-color-secondary\"><img decoding=\"async\" class=\"ab-cta-image\" src=\"https:\/\/zewo.ch\/wp-content\/uploads\/2025\/05\/bergsturzloetschental-1.png\" alt=\"Symbolbild Bergsturz L\u00f6tschental\"\/><\/div><div class=\"ab-cta-content\"><h2 class=\"ab-cta-title\"><strong>Mai 2025: Nothilfe <\/strong>Bergsturz L\u00f6tschental<\/h2><\/div><div class=\"ab-cta-button\"><a href=\"https:\/\/zewo.ch\/de\/nothilfe-bergsturz-im-loetschental\/\" target=\"_blank\" rel=\"noopener noreferrer\" class=\"button primary button-teaser\"><span class=\"button-arrow\"><\/span>Mehr erfahren<\/a><\/div><a href=\"https:\/\/zewo.ch\/de\/nothilfe-bergsturz-im-loetschental\/\" target=\"_blank\" rel=\"noopener noreferrer\" class=\"button-teaser--is-full\"><\/a><\/div><\/div>\n\n\n\n<div class=\"cell small-12 medium-6\"><div class=\"wp-block-cgb-block-zewo-block-image-teaser ab-block-cta bg-color-secondary\"><div class=\"ab-cta-image-wrap bg-color-secondary\"><img decoding=\"async\" class=\"ab-cta-image\" src=\"https:\/\/zewo.ch\/wp-content\/uploads\/2025\/03\/Erdbeben_Myanmar_Teaserbild.jpg\" alt=\"Bild Erdbeben Myanmar\"\/><\/div><div class=\"ab-cta-content\"><h2 class=\"ab-cta-title\"><strong>M\u00e4rz 2025: Nothilfe Erdbeben S\u00fcdostasien<\/strong><\/h2><\/div><div class=\"ab-cta-button\"><a href=\"https:\/\/zewo.ch\/de\/nothilfe-erdbeben-in-suedostasien\/\" target=\"_blank\" rel=\"noopener noreferrer\" class=\"button primary button-teaser\"><span class=\"button-arrow\"><\/span>Mehr erfahren<\/a><\/div><a href=\"https:\/\/zewo.ch\/de\/nothilfe-erdbeben-in-suedostasien\/\" target=\"_blank\" rel=\"noopener noreferrer\" class=\"button-teaser--is-full\"><\/a><\/div><\/div>\n\n\n\n<div class=\"cell small-12 medium-6\"><div class=\"wp-block-cgb-block-zewo-block-image-teaser ab-block-cta bg-color-secondary\"><div class=\"ab-cta-image-wrap bg-color-secondary\"><img decoding=\"async\" class=\"ab-cta-image\" src=\"https:\/\/zewo.ch\/wp-content\/uploads\/2024\/07\/lightning-1158027_1280.jpg\" alt=\"Bild Unwetter Schweiz\"\/><\/div><div class=\"ab-cta-content\"><h2 class=\"ab-cta-title\"><strong>Juli 2024: Nothilfe Unwetter Schweiz<\/strong><\/h2><\/div><div class=\"ab-cta-button\"><a href=\"\/de\/nothilfe-unwetter-schweiz\/\" target=\"_blank\" rel=\"noopener noreferrer\" class=\"button primary button-teaser\"><span class=\"button-arrow\"><\/span>Mehr erfahren<\/a><\/div><a href=\"\/de\/nothilfe-unwetter-schweiz\/\" target=\"_blank\" rel=\"noopener noreferrer\" class=\"button-teaser--is-full\"><\/a><\/div><\/div>\n\n\n\n<div class=\"cell small-12 medium-6\"><div class=\"wp-block-cgb-block-zewo-block-image-teaser ab-block-cta bg-color-secondary\"><div class=\"ab-cta-image-wrap bg-color-secondary\"><img decoding=\"async\" class=\"ab-cta-image\" src=\"https:\/\/zewo.ch\/wp-content\/uploads\/2023\/10\/Nahost-Konflikt-Okt23-1.jpg\" alt=\"Foto_Nahost_Konflikt\"\/><\/div><div class=\"ab-cta-content\"><h2 class=\"ab-cta-title\"><strong>Oktober 2023: Nothilfe Gaza\/Pal\u00e4stina\/ Israel<\/strong><\/h2><\/div><div class=\"ab-cta-button\"><a href=\"https:\/\/zewo.ch\/de\/humanitaere-hilfe-gaza-palaestina-israel\/\" target=\"_self\" rel=\"noopener noreferrer\" class=\"button primary button-teaser\"><span class=\"button-arrow\"><\/span>Mehr erfahren<\/a><\/div><a href=\"https:\/\/zewo.ch\/de\/humanitaere-hilfe-gaza-palaestina-israel\/\" target=\"_self\" rel=\"noopener noreferrer\" class=\"button-teaser--is-full\"><\/a><\/div><\/div>\n\n\n\n<div class=\"cell small-12 medium-6\"><div class=\"wp-block-cgb-block-zewo-block-image-teaser ab-block-cta bg-color-secondary\"><div class=\"ab-cta-image-wrap bg-color-secondary\"><img decoding=\"async\" class=\"ab-cta-image\" src=\"https:\/\/zewo.ch\/wp-content\/uploads\/2023\/02\/kleineseismographerdbeben.jpg\" alt=\"Erdbeben Seismograph klein\"\/><\/div><div class=\"ab-cta-content\"><h2 class=\"ab-cta-title\"><strong>Februar 2023: Erdbeben T\u00fcrkei und Syrien <\/strong><\/h2><\/div><div class=\"ab-cta-button\"><a href=\"\/de\/spenden-fuer-die-erdbebenopfer-in-der-tuerkei-und-syrien\/\" target=\"_self\" rel=\"noopener noreferrer\" class=\"button primary button-teaser\"><span class=\"button-arrow\"><\/span>Jetzt helfen<\/a><\/div><a href=\"\/de\/spenden-fuer-die-erdbebenopfer-in-der-tuerkei-und-syrien\/\" target=\"_self\" rel=\"noopener noreferrer\" class=\"button-teaser--is-full\"><\/a><\/div><\/div>\n\n\n\n<div class=\"cell small-12 medium-6\"><div class=\"wp-block-cgb-block-zewo-block-image-teaser ab-block-cta bg-color-secondary\"><div class=\"ab-cta-image-wrap bg-color-secondary\"><img decoding=\"async\" class=\"ab-cta-image\" src=\"https:\/\/zewo.ch\/wp-content\/uploads\/2022\/02\/taube_ukraine_2022.png\" alt=\"Spenden f\u00fcr die Ukraine\"\/><\/div><div class=\"ab-cta-content\"><h2 class=\"ab-cta-title\"><strong>F<\/strong>ebruar<strong> 2022<\/strong>: <br\/>Krieg in der Ukraine<\/h2><\/div><div class=\"ab-cta-button\"><a href=\"\/de\/spenden-ukraine\" target=\"_self\" rel=\"noopener noreferrer\" class=\"button primary button-teaser\"><span class=\"button-arrow\"><\/span>Jetzt helfen<\/a><\/div><a href=\"\/de\/spenden-ukraine\" target=\"_self\" rel=\"noopener noreferrer\" class=\"button-teaser--is-full\"><\/a><\/div><\/div>\n<\/div><\/div>\n\n\n\n<h3 class=\"wp-block-heading\">Katastrophen treiben Menschen in die Flucht<\/h3>\n\n\n\n<p>Kriege, Hungersn\u00f6te und D\u00fcrren zwingen Millionen von Menschen, ihr Zuhause zu verlassen. Viele leben in einem Fl\u00fcchtlingslager auf engem Raum. Das Essen ist knapp und die sanit\u00e4ren Anlagen sind d\u00fcrftig<strong>.<\/strong> Dazu kommen die Strapazen der Flucht und traumatische Erlebnisse. Mit Ihrer Spende leisten Schweizer NPO humanit\u00e4re Hilfe f\u00fcr Menschen in Not. <\/p>\n\n\n\n<div class=\"wp-block-cgb-block-zewo-block-columns-container container bg-color-light-gray\"><div class=\"grid-x grid-margin-x\" data-columns=\"3\">\n<div class=\"cell small-12 medium-6\"><div class=\"wp-block-cgb-block-zewo-block-image-text-teaser ab-block-cta\"><div class=\"ab-cta-image-wrap bg-color-secondary\"><img decoding=\"async\" class=\"ab-cta-image\" src=\"https:\/\/zewo.ch\/wp-content\/uploads\/2019\/05\/kleiderspende-teaserbox.jpg\" alt=\"Sachspende\"\/><\/div><div class=\"ab-cta-content\"><h2 class=\"ab-cta-title\">Zeit- und Sachspenden<\/h2><div class=\"ab-cta-text\">\n<p>Wenn Hilfswerke konkret um Sachspenden bitten, so hat dies Hand und Fuss. Was ist zu beachten?<\/p>\n<\/div><\/div><div class=\"ab-cta-button\"><a href=\"\/de\/zeit-oder-sachen-spenden\/\" target=\"_self\" rel=\"noopener noreferrer\" class=\"button primary button-teaser\"><span class=\"button-arrow\"><\/span>Statt Geld spenden<\/a><\/div><a href=\"\/de\/zeit-oder-sachen-spenden\/\" target=\"_self\" rel=\"noopener noreferrer\" class=\"button-teaser--is-full\"><\/a><\/div><\/div>\n\n\n\n\n\n<div class=\"cell small-12 medium-6\"><div class=\"wp-block-cgb-block-zewo-block-image-text-teaser ab-block-cta\"><div class=\"ab-cta-image-wrap bg-color-secondary\"><img decoding=\"async\" class=\"ab-cta-image\" src=\"https:\/\/zewo.ch\/wp-content\/uploads\/2019\/08\/Zewo-Hilfswerksuche-2.jpg\" alt=\"Zewo-Hilfswerksuche\"\/><\/div><div class=\"ab-cta-content\"><h2 class=\"ab-cta-title\">Suchen Sie eine zertifizierte NPO?<\/h2><div class=\"ab-cta-text\">\n<p>Mit der Online-Suche finden Sie alle NPO, die das Zewo-G\u00fctesiegel tragen. Das Suchergebnis zeigt, wem sie helfen, wo sie t\u00e4tig sind und wie Sie die NPO unterst\u00fctzen k\u00f6nnen. <\/p>\n<\/div><\/div><div class=\"ab-cta-button\"><a href=\"\/de\/npo-suche\/\" target=\"_self\" rel=\"noopener noreferrer\" class=\"button primary button-teaser\"><span class=\"button-arrow\"><\/span>NPO finden<\/a><\/div><a href=\"\/de\/npo-suche\/\" target=\"_self\" rel=\"noopener noreferrer\" class=\"button-teaser--is-full\"><\/a><\/div><\/div>\n<\/div><\/div>\n","protected":false},"excerpt":{"rendered":"<p>So helfen Sie Menschen in Not Unwetter, Erdbeben, Kriege und D\u00fcrren haben fatale Folgen f\u00fcr die Menschen. Zurzeit sammeln mehrere NPO Spenden f\u00fcr die Opfer von aktuellen Katastrophen. Erfahren Sie hier, wer wo t\u00e4tig ist. Erbeben, \u00dcberschwemmungen und Wirbelst\u00fcrme bringen das Leben von Menschen in Gefahr. Sie ben\u00f6tigen medizinische Versorgung, eine sichere Unterkunft und sauberes [&hellip;]<\/p>\n","protected":false},"author":7,"featured_media":511782,"parent":0,"menu_order":84,"comment_status":"closed","ping_status":"closed","template":"","meta":{"_acf_changed":false,"footnotes":""},"folder":[6639],"class_list":["post-147550","page","type-page","status-publish","has-post-thumbnail","hentry"],"acf":[],"yoast_head":"<!-- This site is optimized with the Yoast SEO Premium plugin v26.0 (Yoast SEO v26.0) - https:\/\/yoast.com\/wordpress\/plugins\/seo\/ -->\n<title>Zewo<\/title>\n<meta name=\"description\" content=\"Unwetter, Erdbeben, D\u00fcrren und Kriege zerst\u00f6ren Leben und treiben Menschen in die Flucht. Zertifizierte NPO sammeln Spenden f\u00fcr die Opfer der Katastrophen.\" \/>\n<meta name=\"robots\" content=\"index, follow, max-snippet:-1, max-image-preview:large, max-video-preview:-1\" \/>\n<link rel=\"canonical\" href=\"https:\/\/zewo.ch\/de\/spenden-bei-einer-katastrophe\/\" \/>\n<meta property=\"og:locale\" content=\"de_DE\" \/>\n<meta property=\"og:type\" content=\"article\" \/>\n<meta property=\"og:description\" content=\"Unwetter, Erdbeben, D\u00fcrren und Kriege zerst\u00f6ren Leben und treiben Menschen in die Flucht. Zertifizierte NPO sammeln Spenden f\u00fcr die Opfer der Katastrophen.\" \/>\n<meta property=\"og:url\" content=\"https:\/\/zewo.ch\/de\/spenden-bei-einer-katastrophe\/\" \/>\n<meta property=\"og:site_name\" content=\"Zewo\" \/>\n<meta property=\"article:publisher\" content=\"https:\/\/www.facebook.com\/Stiftung.ZEWO\/\" \/>\n<meta property=\"article:modified_time\" content=\"2026-03-06T16:19:51+00:00\" \/>\n<meta property=\"og:image\" content=\"https:\/\/zewo.ch\/wp-content\/uploads\/2019\/09\/372669359.jpg\" \/>\n\t<meta property=\"og:image:width\" content=\"2200\" \/>\n\t<meta property=\"og:image:height\" content=\"440\" \/>\n\t<meta property=\"og:image:type\" content=\"image\/jpeg\" \/>\n<meta name=\"twitter:card\" content=\"summary_large_image\" \/>\n<meta name=\"twitter:site\" content=\"@stiftung_zewo\" \/>\n<meta name=\"twitter:label1\" content=\"Gesch\u00e4tzte Lesezeit\" \/>\n\t<meta name=\"twitter:data1\" content=\"13\u00a0Minuten\" \/>\n<script type=\"application\/ld+json\" class=\"yoast-schema-graph\">{\"@context\":\"https:\/\/schema.org\",\"@graph\":[{\"@type\":\"WebPage\",\"@id\":\"https:\/\/zewo.ch\/de\/spenden-bei-einer-katastrophe\/#webpage\",\"url\":\"https:\/\/zewo.ch\/de\/spenden-bei-einer-katastrophe\/#webpage\",\"name\":\"\",\"isPartOf\":{\"@id\":\"https:\/\/zewo.ch\/de\/#website\"},\"primaryImageOfPage\":{\"@id\":\"https:\/\/zewo.ch\/de\/spenden-bei-einer-katastrophe\/#primaryimage\"},\"image\":{\"@id\":\"https:\/\/zewo.ch\/de\/spenden-bei-einer-katastrophe\/#primaryimage\"},\"thumbnailUrl\":\"https:\/\/zewo.ch\/wp-content\/uploads\/2019\/09\/372669359.jpg\",\"datePublished\":\"2019-05-31T09:05:13+00:00\",\"dateModified\":\"2026-03-06T16:19:51+00:00\",\"description\":\"Unwetter, Erdbeben, D\u00fcrren und Kriege zerst\u00f6ren Leben und treiben Menschen in die Flucht. Zertifizierte NPO sammeln Spenden f\u00fcr die Opfer der Katastrophen.\",\"breadcrumb\":{\"@id\":\"https:\/\/zewo.ch\/de\/spenden-bei-einer-katastrophe\/#breadcrumb\"},\"inLanguage\":\"de\",\"potentialAction\":[{\"@type\":\"ReadAction\",\"target\":[\"https:\/\/zewo.ch\/de\/spenden-bei-einer-katastrophe\/\"]}]},{\"@type\":\"ImageObject\",\"inLanguage\":\"de\",\"@id\":\"https:\/\/zewo.ch\/de\/spenden-bei-einer-katastrophe\/#primaryimage\",\"url\":\"https:\/\/zewo.ch\/wp-content\/uploads\/2019\/09\/372669359.jpg\",\"contentUrl\":\"https:\/\/zewo.ch\/wp-content\/uploads\/2019\/09\/372669359.jpg\",\"width\":2200,\"height\":440,\"caption\":\"Mehrere Rettungspersonen in orangen Vesten und mit H\u00f6rschutz stehen um einen Koffer mit elektronischen Ger\u00e4ten.\"},{\"@type\":\"BreadcrumbList\",\"@id\":\"https:\/\/zewo.ch\/de\/spenden-bei-einer-katastrophe\/#breadcrumb\",\"itemListElement\":[{\"@type\":\"ListItem\",\"position\":1,\"name\":\"Home\",\"item\":\"https:\/\/zewo.ch\/de\/\"},{\"@type\":\"ListItem\",\"position\":2,\"name\":\"Spenden bei einer Katastrophe\"}]},{\"@type\":\"WebSite\",\"@id\":\"https:\/\/zewo.ch\/de\/#website\",\"url\":\"https:\/\/zewo.ch\/de\/\",\"name\":\"Zewo\",\"description\":\"Ihre Spende in guten H\u00e4nden.\",\"publisher\":{\"@id\":\"https:\/\/zewo.ch\/de\/#organization\"},\"potentialAction\":[{\"@type\":\"SearchAction\",\"target\":{\"@type\":\"EntryPoint\",\"urlTemplate\":\"https:\/\/zewo.ch\/de\/?s={search_term_string}\"},\"query-input\":{\"@type\":\"PropertyValueSpecification\",\"valueRequired\":true,\"valueName\":\"search_term_string\"}}],\"inLanguage\":\"de\"},{\"@type\":\"Organization\",\"@id\":\"https:\/\/zewo.ch\/de\/#organization\",\"name\":\"Stiftung Zewo\",\"url\":\"https:\/\/zewo.ch\/de\/\",\"logo\":{\"@type\":\"ImageObject\",\"inLanguage\":\"de\",\"@id\":\"https:\/\/zewo.ch\/de\/#\/schema\/logo\/image\/\",\"url\":\"https:\/\/zewo.ch\/wp-content\/uploads\/2019\/08\/Zewo_Logo_Claim_D.svg\",\"contentUrl\":\"https:\/\/zewo.ch\/wp-content\/uploads\/2019\/08\/Zewo_Logo_Claim_D.svg\",\"width\":1,\"height\":1,\"caption\":\"Stiftung Zewo\"},\"image\":{\"@id\":\"https:\/\/zewo.ch\/de\/#\/schema\/logo\/image\/\"},\"sameAs\":[\"https:\/\/www.facebook.com\/Stiftung.ZEWO\/\",\"https:\/\/x.com\/stiftung_zewo\",\"https:\/\/www.linkedin.com\/company\/stiftung-zewo\",\"https:\/\/www.youtube.com\/channel\/UCzjsVJro12OXcvvx1LQP8tw\",\"https:\/\/de.wikipedia.org\/wiki\/Zewo\"]}]}<\/script>\n<!-- \/ Yoast SEO Premium plugin. -->","yoast_head_json":{"title":"Zewo","description":"Unwetter, Erdbeben, D\u00fcrren und Kriege zerst\u00f6ren Leben und treiben Menschen in die Flucht. Zertifizierte NPO sammeln Spenden f\u00fcr die Opfer der Katastrophen.","robots":{"index":"index","follow":"follow","max-snippet":"max-snippet:-1","max-image-preview":"max-image-preview:large","max-video-preview":"max-video-preview:-1"},"canonical":"https:\/\/zewo.ch\/de\/spenden-bei-einer-katastrophe\/","og_locale":"de_DE","og_type":"article","og_description":"Unwetter, Erdbeben, D\u00fcrren und Kriege zerst\u00f6ren Leben und treiben Menschen in die Flucht. Zertifizierte NPO sammeln Spenden f\u00fcr die Opfer der Katastrophen.","og_url":"https:\/\/zewo.ch\/de\/spenden-bei-einer-katastrophe\/","og_site_name":"Zewo","article_publisher":"https:\/\/www.facebook.com\/Stiftung.ZEWO\/","article_modified_time":"2026-03-06T16:19:51+00:00","og_image":[{"width":2200,"height":440,"url":"https:\/\/zewo.ch\/wp-content\/uploads\/2019\/09\/372669359.jpg","type":"image\/jpeg"}],"twitter_card":"summary_large_image","twitter_site":"@stiftung_zewo","twitter_misc":{"Gesch\u00e4tzte Lesezeit":"13\u00a0Minuten"},"schema":{"@context":"https:\/\/schema.org","@graph":[{"@type":"WebPage","@id":"https:\/\/zewo.ch\/de\/spenden-bei-einer-katastrophe\/#webpage","url":"https:\/\/zewo.ch\/de\/spenden-bei-einer-katastrophe\/#webpage","name":"","isPartOf":{"@id":"https:\/\/zewo.ch\/de\/#website"},"primaryImageOfPage":{"@id":"https:\/\/zewo.ch\/de\/spenden-bei-einer-katastrophe\/#primaryimage"},"image":{"@id":"https:\/\/zewo.ch\/de\/spenden-bei-einer-katastrophe\/#primaryimage"},"thumbnailUrl":"https:\/\/zewo.ch\/wp-content\/uploads\/2019\/09\/372669359.jpg","datePublished":"2019-05-31T09:05:13+00:00","dateModified":"2026-03-06T16:19:51+00:00","description":"Unwetter, Erdbeben, D\u00fcrren und Kriege zerst\u00f6ren Leben und treiben Menschen in die Flucht. Zertifizierte NPO sammeln Spenden f\u00fcr die Opfer der Katastrophen.","breadcrumb":{"@id":"https:\/\/zewo.ch\/de\/spenden-bei-einer-katastrophe\/#breadcrumb"},"inLanguage":"de","potentialAction":[{"@type":"ReadAction","target":["https:\/\/zewo.ch\/de\/spenden-bei-einer-katastrophe\/"]}]},{"@type":"ImageObject","inLanguage":"de","@id":"https:\/\/zewo.ch\/de\/spenden-bei-einer-katastrophe\/#primaryimage","url":"https:\/\/zewo.ch\/wp-content\/uploads\/2019\/09\/372669359.jpg","contentUrl":"https:\/\/zewo.ch\/wp-content\/uploads\/2019\/09\/372669359.jpg","width":2200,"height":440,"caption":"Mehrere Rettungspersonen in orangen Vesten und mit H\u00f6rschutz stehen um einen Koffer mit elektronischen Ger\u00e4ten."},{"@type":"BreadcrumbList","@id":"https:\/\/zewo.ch\/de\/spenden-bei-einer-katastrophe\/#breadcrumb","itemListElement":[{"@type":"ListItem","position":1,"name":"Home","item":"https:\/\/zewo.ch\/de\/"},{"@type":"ListItem","position":2,"name":"Spenden bei einer Katastrophe"}]},{"@type":"WebSite","@id":"https:\/\/zewo.ch\/de\/#website","url":"https:\/\/zewo.ch\/de\/","name":"Zewo","description":"Ihre Spende in guten H\u00e4nden.","publisher":{"@id":"https:\/\/zewo.ch\/de\/#organization"},"potentialAction":[{"@type":"SearchAction","target":{"@type":"EntryPoint","urlTemplate":"https:\/\/zewo.ch\/de\/?s={search_term_string}"},"query-input":{"@type":"PropertyValueSpecification","valueRequired":true,"valueName":"search_term_string"}}],"inLanguage":"de"},{"@type":"Organization","@id":"https:\/\/zewo.ch\/de\/#organization","name":"Stiftung Zewo","url":"https:\/\/zewo.ch\/de\/","logo":{"@type":"ImageObject","inLanguage":"de","@id":"https:\/\/zewo.ch\/de\/#\/schema\/logo\/image\/","url":"https:\/\/zewo.ch\/wp-content\/uploads\/2019\/08\/Zewo_Logo_Claim_D.svg","contentUrl":"https:\/\/zewo.ch\/wp-content\/uploads\/2019\/08\/Zewo_Logo_Claim_D.svg","width":1,"height":1,"caption":"Stiftung Zewo"},"image":{"@id":"https:\/\/zewo.ch\/de\/#\/schema\/logo\/image\/"},"sameAs":["https:\/\/www.facebook.com\/Stiftung.ZEWO\/","https:\/\/x.com\/stiftung_zewo","https:\/\/www.linkedin.com\/company\/stiftung-zewo","https:\/\/www.youtube.com\/channel\/UCzjsVJro12OXcvvx1LQP8tw","https:\/\/de.wikipedia.org\/wiki\/Zewo"]}]}},"publishpress_future_action":{"enabled":false,"date":"2026-04-26 10:37:31","action":"change-status","newStatus":"draft","terms":[],"taxonomy":"translation_priority","extraData":[]},"publishpress_future_workflow_manual_trigger":{"enabledWorkflows":[]},"_links":{"self":[{"href":"https:\/\/zewo.ch\/de\/wp-json\/wp\/v2\/pages\/147550","targetHints":{"allow":["GET"]}}],"collection":[{"href":"https:\/\/zewo.ch\/de\/wp-json\/wp\/v2\/pages"}],"about":[{"href":"https:\/\/zewo.ch\/de\/wp-json\/wp\/v2\/types\/page"}],"author":[{"embeddable":true,"href":"https:\/\/zewo.ch\/de\/wp-json\/wp\/v2\/users\/7"}],"replies":[{"embeddable":true,"href":"https:\/\/zewo.ch\/de\/wp-json\/wp\/v2\/comments?post=147550"}],"version-history":[{"count":123,"href":"https:\/\/zewo.ch\/de\/wp-json\/wp\/v2\/pages\/147550\/revisions"}],"predecessor-version":[{"id":5938707,"href":"https:\/\/zewo.ch\/de\/wp-json\/wp\/v2\/pages\/147550\/revisions\/5938707"}],"wp:featuredmedia":[{"embeddable":true,"href":"https:\/\/zewo.ch\/de\/wp-json\/wp\/v2\/media\/511782"}],"wp:attachment":[{"href":"https:\/\/zewo.ch\/de\/wp-json\/wp\/v2\/media?parent=147550"}],"wp:term":[{"taxonomy":"folder","embeddable":true,"href":"https:\/\/zewo.ch\/de\/wp-json\/wp\/v2\/folder?post=147550"}],"curies":[{"name":"wp","href":"https:\/\/api.w.org\/{rel}","templated":true}]}}