{"id":14295,"date":"2019-05-08T16:21:34","date_gmt":"2019-05-08T14:21:34","guid":{"rendered":"https:\/\/www.zewo.ch\/?page_id=14295"},"modified":"2025-07-14T09:09:06","modified_gmt":"2025-07-14T07:09:06","slug":"hier-raet-die-zewo-vom-spenden-ab","status":"publish","type":"page","link":"https:\/\/zewo.ch\/de\/hier-raet-die-zewo-vom-spenden-ab\/","title":{"rendered":"Hier r\u00e4t die Zewo vom Spenden ab"},"content":{"rendered":"\n<h2 class=\"wp-block-heading\">Augen auf beim Spenden<\/h2>\n\n\n\n<p><strong>Spenderinnen und Spender wollen, dass ihre Spende am richtigen Ort ankommt. Die Zewo schaut deshalb auch bei Sammlungen ohne Zewo-G\u00fctesiegel genau hin. Sie r\u00e4t vor Spenden an Organisationen ab, die nicht transparent informieren oder stark von den Zewo-Standards abweichen. <\/strong><\/p>\n\n\n\n<p>Die Zewo erh\u00e4lt regelm\u00e4ssig Anfragen und Hinweise von Spenderinnen und Spendern, die Sammlungen ohne Zewo-G\u00fctesiegel betreffen. Um diese Anfragen zu beantworten, macht sich die Zewo ein Bild von der Organisation. Dazu greift sie auf \u00f6ffentlich zug\u00e4ngliche Unterlagen zur\u00fcck. Wo diese fehlen, bittet die Zewo die Organisation direkt darum.  <\/p>\n\n\n\n<h2 class=\"wp-block-heading\" id=\"1\">Liste der intransparenten Organisationen<\/h2>\n\n\n\n<p>Erh\u00e4lt die Zewo keine aussagekr\u00e4ftigen Unterlagen beantwortet sie die Anfrage mit dem Hinweis, dass die Organisation nicht transparent ist. Zudem f\u00fchrt sie die Organisation auf der nachfolgenden Liste auf. Die Liste zeigt Organisationen, die in der \u00d6ffentlichkeit Spenden sammeln, aber nicht transparent dar\u00fcber informieren, wof\u00fcr sie die Spenden verwenden. Sie erhebt keinen Anspruch auf Vollst\u00e4ndigkeit.<\/p>\n\n\n\n<ul class=\"wp-block-list\">\n<li>Building Skills Welfare Switzerland (vormals Hope and Light Community Welfare Switzerland), letztmals aktualisiert im Juni 2024<\/li>\n\n\n\n<li>Umuntu Movement, Ermatingen, letztmals aktualisiert im Dezember 2020<\/li>\n\n\n\n<li>Stiftung f\u00fcr das Pferd, Bern, letztmals aktualisiert im Juni 2020<\/li>\n<\/ul>\n\n\n\n<h2 class=\"wp-block-heading\" id=\"2\">Diese Sammlungen weichen stark von den Zewo-Standards ab<\/h2>\n\n\n\n<p>Erh\u00e4lt die Zewo aussagekr\u00e4ftige Unterlagen macht sie sich ein Bild davon,  ob die Organisation in wesentlichen Punkten von den <a href=\"\/de\/die-21-zewo-standards\/\">Zewo-Standards<\/a> abweicht. Sie beantwortet anschliessend die Anfragen anhand dieses Befundes. <\/p>\n\n\n\n<p>Stellt die Zewo eine massive Abweichung von ihren Standards fest, informiert sie zudem auf dieser Seite dar\u00fcber. Die Liste erhebt keinen Anspruch auf Vollst\u00e4ndigkeit.<\/p>\n\n\n\n<div class=\"wp-block-cgb-block-zewo-block-columns-container container bg-color-light-gray\"><div class=\"grid-x grid-margin-x\" data-columns=\"3\">\n<div class=\"cell small-12 medium-6\"><div class=\"wp-block-cgb-block-zewo-block-image-teaser ab-block-cta bg-color-secondary\"><div class=\"ab-cta-content\"><h2 class=\"ab-cta-title\"><strong>Association d\u2019Aide aux Enfants Handicap\u00e9s de Suisse (A.A.E.H.S.)<\/strong><\/h2><\/div><div class=\"ab-cta-button\"><a href=\"\/de\/aideauxenfantshandicapes\/\" target=\"_self\" rel=\"noopener noreferrer\" class=\"button primary button-teaser\"><span class=\"button-arrow\"><\/span>Jetzt lesen<\/a><\/div><a href=\"\/de\/aideauxenfantshandicapes\/\" target=\"_self\" rel=\"noopener noreferrer\" class=\"button-teaser--is-full\"><\/a><\/div><\/div>\n\n\n\n<div class=\"cell small-12 medium-6\"><div class=\"wp-block-cgb-block-zewo-block-image-teaser ab-block-cta bg-color-secondary\"><div class=\"ab-cta-content\"><h2 class=\"ab-cta-title\">Falschsammler im Kanton St. Gallen<\/h2><\/div><div class=\"ab-cta-button\"><a href=\"\/de\/falschsammler-im-kanton-st-gallen-festgenommen\" target=\"_self\" rel=\"noopener noreferrer\" class=\"button primary button-teaser\"><span class=\"button-arrow\"><\/span>Jetzt lesen<\/a><\/div><a href=\"\/de\/falschsammler-im-kanton-st-gallen-festgenommen\" target=\"_self\" rel=\"noopener noreferrer\" class=\"button-teaser--is-full\"><\/a><\/div><\/div>\n\n\n\n<div class=\"cell small-12 medium-6\"><div class=\"wp-block-cgb-block-zewo-block-image-teaser ab-block-cta bg-color-secondary\"><div class=\"ab-cta-content\"><h2 class=\"ab-cta-title\">Herz f\u00fcr Kinder &#8211; Schweiz<\/h2><\/div><div class=\"ab-cta-button\"><a href=\"\/de\/herz-fuer-kinder-schweiz\/\" target=\"_self\" rel=\"noopener noreferrer\" class=\"button primary button-teaser\"><span class=\"button-arrow\"><\/span>Jetzt lesen<\/a><\/div><a href=\"\/de\/herz-fuer-kinder-schweiz\/\" target=\"_self\" rel=\"noopener noreferrer\" class=\"button-teaser--is-full\"><\/a><\/div><\/div>\n\n\n\n<div class=\"cell small-12 medium-6\"><div class=\"wp-block-cgb-block-zewo-block-image-teaser ab-block-cta bg-color-secondary\"><div class=\"ab-cta-content\"><h2 class=\"ab-cta-title\">Verein Naturherzen<\/h2><\/div><div class=\"ab-cta-button\"><a href=\"\/de\/verein-naturherzen\/\" target=\"_self\" rel=\"noopener noreferrer\" class=\"button primary button-teaser\"><span class=\"button-arrow\"><\/span>Jetzt lesen<\/a><\/div><a href=\"\/de\/verein-naturherzen\/\" target=\"_self\" rel=\"noopener noreferrer\" class=\"button-teaser--is-full\"><\/a><\/div><\/div>\n<\/div><\/div>\n\n\n\n<h2 class=\"wp-block-heading\" id=\"4\">Organisationen in Liquidation oder aufgel\u00f6st<\/h2>\n\n\n\n<p>Diese Organisationen waren fr\u00fcher auf dieser Seite aufgef\u00fchrt, befinden sich nun aber in Liquidation oder sind bereits aufgel\u00f6st. <\/p>\n\n\n\n<ul class=\"wp-block-list\">\n<li>Association suisse des enfants victimes du cancer-ASEVC<\/li>\n\n\n\n<li>Association Suisse des Donneurs de Sang<\/li>\n\n\n\n<li>Retten Sie Leben<\/li>\n\n\n\n<li>SOS Gerasjuta Stiftung<\/li>\n\n\n\n<li>Stiftung Krebs-Hilfe<\/li>\n\n\n\n<li>Verein Daricheha <\/li>\n<\/ul>\n\n\n\n<h2 class=\"wp-block-heading\" id=\"3\">Informiert spenden<\/h2>\n\n\n\n<p>Informieren Sie sich vor dem Spenden. Bitten Sie NPO, die kein Zewo-G\u00fctesiegel tragen, um Unterlagen. Der Jahresbericht und die vollst\u00e4ndige gepr\u00fcfte Jahresrechnung liefern wichtige Anhaltspunkte. Machen Sie sich ein Bild davon, wof\u00fcr die NPO die Mittel einsetzt.<\/p>\n\n\n\n<p>Allerdings erfordert eine fundierte Analyse viel Zeit und Erfahrung. Die Zewo \u00fcbernimmt diese Arbeit f\u00fcr Spenderinnen und Spender. Sie zertifiziert nur NPO, die die <a href=\"\/de\/die-21-zewo-standards\/\">Zewo-Standards<\/a> erf\u00fcllen. Bei <a href=\"\/de\/npo-suche\/\">zertifizierten NPO<\/a> ist Ihre Spende in guten H\u00e4nden. Am einfachsten ist es also, wenn Sie beim Spenden auf das <a href=\"\/de\/zewo-guetesiegel\/\">G\u00fctesiegel der Zewo<\/a> achten.<\/p>\n\n\n\n<p><\/p>\n","protected":false},"excerpt":{"rendered":"<p>Augen auf beim Spenden Spenderinnen und Spender wollen, dass ihre Spende am richtigen Ort ankommt. Die Zewo schaut deshalb auch bei Sammlungen ohne Zewo-G\u00fctesiegel genau hin. Sie r\u00e4t vor Spenden an Organisationen ab, die nicht transparent informieren oder stark von den Zewo-Standards abweichen. Die Zewo erh\u00e4lt regelm\u00e4ssig Anfragen und Hinweise von Spenderinnen und Spendern, die [&hellip;]<\/p>\n","protected":false},"author":6,"featured_media":501108,"parent":0,"menu_order":161,"comment_status":"closed","ping_status":"closed","template":"","meta":{"_acf_changed":false,"footnotes":""},"folder":[6639],"class_list":["post-14295","page","type-page","status-publish","has-post-thumbnail","hentry"],"acf":[],"yoast_head":"<!-- This site is optimized with the Yoast SEO Premium plugin v26.0 (Yoast SEO v26.0) - https:\/\/yoast.com\/wordpress\/plugins\/seo\/ -->\n<title>Zewo<\/title>\n<meta name=\"description\" content=\"Die Zewo r\u00e4t vor Spenden an intransparente Hilfswerke ab. Hier finden Sie Organisationen, die stark von den Zewo-Standards abweichen.\" \/>\n<meta name=\"robots\" content=\"index, follow, max-snippet:-1, max-image-preview:large, max-video-preview:-1\" \/>\n<link rel=\"canonical\" href=\"https:\/\/zewo.ch\/de\/hier-raet-die-zewo-vom-spenden-ab\/\" \/>\n<meta property=\"og:locale\" content=\"de_DE\" \/>\n<meta property=\"og:type\" content=\"article\" \/>\n<meta property=\"og:description\" content=\"Die Zewo r\u00e4t vor Spenden an intransparente Hilfswerke ab. Hier finden Sie Organisationen, die stark von den Zewo-Standards abweichen.\" \/>\n<meta property=\"og:url\" content=\"https:\/\/zewo.ch\/de\/hier-raet-die-zewo-vom-spenden-ab\/\" \/>\n<meta property=\"og:site_name\" content=\"Zewo\" \/>\n<meta property=\"article:publisher\" content=\"https:\/\/www.facebook.com\/Stiftung.ZEWO\/\" \/>\n<meta property=\"article:modified_time\" content=\"2025-07-14T07:09:06+00:00\" \/>\n<meta property=\"og:image\" content=\"https:\/\/zewo.ch\/wp-content\/uploads\/2019\/08\/watchdog-header.png\" \/>\n\t<meta property=\"og:image:width\" content=\"2200\" \/>\n\t<meta property=\"og:image:height\" content=\"440\" \/>\n\t<meta property=\"og:image:type\" content=\"image\/png\" \/>\n<meta name=\"twitter:card\" content=\"summary_large_image\" \/>\n<meta name=\"twitter:site\" content=\"@stiftung_zewo\" \/>\n<meta name=\"twitter:label1\" content=\"Gesch\u00e4tzte Lesezeit\" \/>\n\t<meta name=\"twitter:data1\" content=\"3\u00a0Minuten\" \/>\n<script type=\"application\/ld+json\" class=\"yoast-schema-graph\">{\"@context\":\"https:\/\/schema.org\",\"@graph\":[{\"@type\":\"WebPage\",\"@id\":\"https:\/\/zewo.ch\/de\/hier-raet-die-zewo-vom-spenden-ab\/#webpage\",\"url\":\"https:\/\/zewo.ch\/de\/hier-raet-die-zewo-vom-spenden-ab\/#webpage\",\"name\":\"\",\"isPartOf\":{\"@id\":\"https:\/\/zewo.ch\/de\/#website\"},\"primaryImageOfPage\":{\"@id\":\"https:\/\/zewo.ch\/de\/hier-raet-die-zewo-vom-spenden-ab\/#primaryimage\"},\"image\":{\"@id\":\"https:\/\/zewo.ch\/de\/hier-raet-die-zewo-vom-spenden-ab\/#primaryimage\"},\"thumbnailUrl\":\"https:\/\/zewo.ch\/wp-content\/uploads\/2019\/08\/watchdog-header.png\",\"datePublished\":\"2019-05-08T14:21:34+00:00\",\"dateModified\":\"2025-07-14T07:09:06+00:00\",\"description\":\"Die Zewo r\u00e4t vor Spenden an intransparente Hilfswerke ab. Hier finden Sie Organisationen, die stark von den Zewo-Standards abweichen.\",\"breadcrumb\":{\"@id\":\"https:\/\/zewo.ch\/de\/hier-raet-die-zewo-vom-spenden-ab\/#breadcrumb\"},\"inLanguage\":\"de\",\"potentialAction\":[{\"@type\":\"ReadAction\",\"target\":[\"https:\/\/zewo.ch\/de\/hier-raet-die-zewo-vom-spenden-ab\/\"]}]},{\"@type\":\"ImageObject\",\"inLanguage\":\"de\",\"@id\":\"https:\/\/zewo.ch\/de\/hier-raet-die-zewo-vom-spenden-ab\/#primaryimage\",\"url\":\"https:\/\/zewo.ch\/wp-content\/uploads\/2019\/08\/watchdog-header.png\",\"contentUrl\":\"https:\/\/zewo.ch\/wp-content\/uploads\/2019\/08\/watchdog-header.png\",\"width\":2200,\"height\":440,\"caption\":\"Hier warnt die Zewo\"},{\"@type\":\"BreadcrumbList\",\"@id\":\"https:\/\/zewo.ch\/de\/hier-raet-die-zewo-vom-spenden-ab\/#breadcrumb\",\"itemListElement\":[{\"@type\":\"ListItem\",\"position\":1,\"name\":\"Home\",\"item\":\"https:\/\/zewo.ch\/de\/\"},{\"@type\":\"ListItem\",\"position\":2,\"name\":\"Hier r\u00e4t die Zewo vom Spenden ab\"}]},{\"@type\":\"WebSite\",\"@id\":\"https:\/\/zewo.ch\/de\/#website\",\"url\":\"https:\/\/zewo.ch\/de\/\",\"name\":\"Zewo\",\"description\":\"Ihre Spende in guten H\u00e4nden.\",\"publisher\":{\"@id\":\"https:\/\/zewo.ch\/de\/#organization\"},\"potentialAction\":[{\"@type\":\"SearchAction\",\"target\":{\"@type\":\"EntryPoint\",\"urlTemplate\":\"https:\/\/zewo.ch\/de\/?s={search_term_string}\"},\"query-input\":{\"@type\":\"PropertyValueSpecification\",\"valueRequired\":true,\"valueName\":\"search_term_string\"}}],\"inLanguage\":\"de\"},{\"@type\":\"Organization\",\"@id\":\"https:\/\/zewo.ch\/de\/#organization\",\"name\":\"Stiftung Zewo\",\"url\":\"https:\/\/zewo.ch\/de\/\",\"logo\":{\"@type\":\"ImageObject\",\"inLanguage\":\"de\",\"@id\":\"https:\/\/zewo.ch\/de\/#\/schema\/logo\/image\/\",\"url\":\"https:\/\/zewo.ch\/wp-content\/uploads\/2019\/08\/Zewo_Logo_Claim_D.svg\",\"contentUrl\":\"https:\/\/zewo.ch\/wp-content\/uploads\/2019\/08\/Zewo_Logo_Claim_D.svg\",\"width\":1,\"height\":1,\"caption\":\"Stiftung Zewo\"},\"image\":{\"@id\":\"https:\/\/zewo.ch\/de\/#\/schema\/logo\/image\/\"},\"sameAs\":[\"https:\/\/www.facebook.com\/Stiftung.ZEWO\/\",\"https:\/\/x.com\/stiftung_zewo\",\"https:\/\/www.linkedin.com\/company\/stiftung-zewo\",\"https:\/\/www.youtube.com\/channel\/UCzjsVJro12OXcvvx1LQP8tw\",\"https:\/\/de.wikipedia.org\/wiki\/Zewo\"]}]}<\/script>\n<!-- \/ Yoast SEO Premium plugin. -->","yoast_head_json":{"title":"Zewo","description":"Die Zewo r\u00e4t vor Spenden an intransparente Hilfswerke ab. Hier finden Sie Organisationen, die stark von den Zewo-Standards abweichen.","robots":{"index":"index","follow":"follow","max-snippet":"max-snippet:-1","max-image-preview":"max-image-preview:large","max-video-preview":"max-video-preview:-1"},"canonical":"https:\/\/zewo.ch\/de\/hier-raet-die-zewo-vom-spenden-ab\/","og_locale":"de_DE","og_type":"article","og_description":"Die Zewo r\u00e4t vor Spenden an intransparente Hilfswerke ab. Hier finden Sie Organisationen, die stark von den Zewo-Standards abweichen.","og_url":"https:\/\/zewo.ch\/de\/hier-raet-die-zewo-vom-spenden-ab\/","og_site_name":"Zewo","article_publisher":"https:\/\/www.facebook.com\/Stiftung.ZEWO\/","article_modified_time":"2025-07-14T07:09:06+00:00","og_image":[{"width":2200,"height":440,"url":"https:\/\/zewo.ch\/wp-content\/uploads\/2019\/08\/watchdog-header.png","type":"image\/png"}],"twitter_card":"summary_large_image","twitter_site":"@stiftung_zewo","twitter_misc":{"Gesch\u00e4tzte Lesezeit":"3\u00a0Minuten"},"schema":{"@context":"https:\/\/schema.org","@graph":[{"@type":"WebPage","@id":"https:\/\/zewo.ch\/de\/hier-raet-die-zewo-vom-spenden-ab\/#webpage","url":"https:\/\/zewo.ch\/de\/hier-raet-die-zewo-vom-spenden-ab\/#webpage","name":"","isPartOf":{"@id":"https:\/\/zewo.ch\/de\/#website"},"primaryImageOfPage":{"@id":"https:\/\/zewo.ch\/de\/hier-raet-die-zewo-vom-spenden-ab\/#primaryimage"},"image":{"@id":"https:\/\/zewo.ch\/de\/hier-raet-die-zewo-vom-spenden-ab\/#primaryimage"},"thumbnailUrl":"https:\/\/zewo.ch\/wp-content\/uploads\/2019\/08\/watchdog-header.png","datePublished":"2019-05-08T14:21:34+00:00","dateModified":"2025-07-14T07:09:06+00:00","description":"Die Zewo r\u00e4t vor Spenden an intransparente Hilfswerke ab. Hier finden Sie Organisationen, die stark von den Zewo-Standards abweichen.","breadcrumb":{"@id":"https:\/\/zewo.ch\/de\/hier-raet-die-zewo-vom-spenden-ab\/#breadcrumb"},"inLanguage":"de","potentialAction":[{"@type":"ReadAction","target":["https:\/\/zewo.ch\/de\/hier-raet-die-zewo-vom-spenden-ab\/"]}]},{"@type":"ImageObject","inLanguage":"de","@id":"https:\/\/zewo.ch\/de\/hier-raet-die-zewo-vom-spenden-ab\/#primaryimage","url":"https:\/\/zewo.ch\/wp-content\/uploads\/2019\/08\/watchdog-header.png","contentUrl":"https:\/\/zewo.ch\/wp-content\/uploads\/2019\/08\/watchdog-header.png","width":2200,"height":440,"caption":"Hier warnt die Zewo"},{"@type":"BreadcrumbList","@id":"https:\/\/zewo.ch\/de\/hier-raet-die-zewo-vom-spenden-ab\/#breadcrumb","itemListElement":[{"@type":"ListItem","position":1,"name":"Home","item":"https:\/\/zewo.ch\/de\/"},{"@type":"ListItem","position":2,"name":"Hier r\u00e4t die Zewo vom Spenden ab"}]},{"@type":"WebSite","@id":"https:\/\/zewo.ch\/de\/#website","url":"https:\/\/zewo.ch\/de\/","name":"Zewo","description":"Ihre Spende in guten H\u00e4nden.","publisher":{"@id":"https:\/\/zewo.ch\/de\/#organization"},"potentialAction":[{"@type":"SearchAction","target":{"@type":"EntryPoint","urlTemplate":"https:\/\/zewo.ch\/de\/?s={search_term_string}"},"query-input":{"@type":"PropertyValueSpecification","valueRequired":true,"valueName":"search_term_string"}}],"inLanguage":"de"},{"@type":"Organization","@id":"https:\/\/zewo.ch\/de\/#organization","name":"Stiftung Zewo","url":"https:\/\/zewo.ch\/de\/","logo":{"@type":"ImageObject","inLanguage":"de","@id":"https:\/\/zewo.ch\/de\/#\/schema\/logo\/image\/","url":"https:\/\/zewo.ch\/wp-content\/uploads\/2019\/08\/Zewo_Logo_Claim_D.svg","contentUrl":"https:\/\/zewo.ch\/wp-content\/uploads\/2019\/08\/Zewo_Logo_Claim_D.svg","width":1,"height":1,"caption":"Stiftung Zewo"},"image":{"@id":"https:\/\/zewo.ch\/de\/#\/schema\/logo\/image\/"},"sameAs":["https:\/\/www.facebook.com\/Stiftung.ZEWO\/","https:\/\/x.com\/stiftung_zewo","https:\/\/www.linkedin.com\/company\/stiftung-zewo","https:\/\/www.youtube.com\/channel\/UCzjsVJro12OXcvvx1LQP8tw","https:\/\/de.wikipedia.org\/wiki\/Zewo"]}]}},"publishpress_future_action":{"enabled":false,"date":"2026-04-22 21:48:45","action":"change-status","newStatus":"draft","terms":[],"taxonomy":"translation_priority","extraData":[]},"publishpress_future_workflow_manual_trigger":{"enabledWorkflows":[]},"_links":{"self":[{"href":"https:\/\/zewo.ch\/de\/wp-json\/wp\/v2\/pages\/14295","targetHints":{"allow":["GET"]}}],"collection":[{"href":"https:\/\/zewo.ch\/de\/wp-json\/wp\/v2\/pages"}],"about":[{"href":"https:\/\/zewo.ch\/de\/wp-json\/wp\/v2\/types\/page"}],"author":[{"embeddable":true,"href":"https:\/\/zewo.ch\/de\/wp-json\/wp\/v2\/users\/6"}],"replies":[{"embeddable":true,"href":"https:\/\/zewo.ch\/de\/wp-json\/wp\/v2\/comments?post=14295"}],"version-history":[{"count":102,"href":"https:\/\/zewo.ch\/de\/wp-json\/wp\/v2\/pages\/14295\/revisions"}],"predecessor-version":[{"id":5930735,"href":"https:\/\/zewo.ch\/de\/wp-json\/wp\/v2\/pages\/14295\/revisions\/5930735"}],"wp:featuredmedia":[{"embeddable":true,"href":"https:\/\/zewo.ch\/de\/wp-json\/wp\/v2\/media\/501108"}],"wp:attachment":[{"href":"https:\/\/zewo.ch\/de\/wp-json\/wp\/v2\/media?parent=14295"}],"wp:term":[{"taxonomy":"folder","embeddable":true,"href":"https:\/\/zewo.ch\/de\/wp-json\/wp\/v2\/folder?post=14295"}],"curies":[{"name":"wp","href":"https:\/\/api.w.org\/{rel}","templated":true}]}}