{"id":130,"date":"2019-04-01T14:39:13","date_gmt":"2019-04-01T12:39:13","guid":{"rendered":"https:\/\/www.zewo.ch\/?page_id=130"},"modified":"2025-07-31T14:59:47","modified_gmt":"2025-07-31T12:59:47","slug":"die-wichtigsten-tipps-furs-spenden","status":"publish","type":"page","link":"https:\/\/zewo.ch\/de\/die-wichtigsten-tipps-furs-spenden\/","title":{"rendered":"10 Tipps, damit Ihre Spende ankommt"},"content":{"rendered":"\n<p><strong>Worauf man achten muss. Welche Hilfeleistungen sinnvoll sind. Und warum das Zewo-G\u00fctesiegel wichtig ist.<\/strong><\/p>\n\n\n\n<h2 class=\"wp-block-heading\" id=\"h-wahlen-sie-jene-art-zu-spenden-die-am-besten-zu-ihnen-passt\">W\u00e4hlen Sie jene Art zu spenden, die am besten zu Ihnen passt.<\/h2>\n\n\n\n<p>Sie k\u00f6nnen sich auf unterschiedliche Weise f\u00fcr eine gute Sache einsetzen. Zum Beispiel mit einem freiwilligen Engagement, indem Sie Ihre Zeit regelm\u00e4ssig einem gemeinn\u00fctzigen Zweck widmen. Mit einer Sachspende, wenn Hilfswerke ausdr\u00fccklich um bestimmte G\u00fcter bitten. Oder mit einer Geldspende, die es gemeinn\u00fctzigen Organisationen erm\u00f6glicht, dort zu helfen, wo es dringend n\u00f6tig ist. <\/p>\n\n\n\n<p>Mit der <a href=\"https:\/\/zewo.ch\/de\/npo-suche\/\" target=\"_blank\" rel=\"noreferrer noopener\">Hilfswerksuche auf zewo.ch<\/a> finden Sie mit wenigen Klicks heraus, welches Hilfswerk um welche Art von Spenden froh ist.<\/p>\n\n\n\n<h2 class=\"wp-block-heading\" id=\"h-uberlegen-sie-was-ihnen-besonders-wichtig-ist\">\u00dcberlegen Sie, was Ihnen besonders wichtig ist.<\/h2>\n\n\n\n<p>Lassen Sie sich beim Spenden nicht nur von Emotionen leiten. Achten Sie bei der Auswahl auch auf sachliche Information. Schauen Sie auf unserer Webseite nach zewo.ch nach, wo die <a href=\"https:\/\/zewo.ch\/de\/hier-raet-die-zewo-vom-spenden-ab\/\">Zewo vom Spenden abr\u00e4t<\/a>. Und informieren Sie sich vor dem Spenden \u00fcber Hilfsorganisationen, die Sie nicht kennen.<\/p>\n\n\n\n<h2 class=\"wp-block-heading\" id=\"h-unterstutzen-sie-nur-vertrauenswurdige-hilfsorganisationen\">Unterst\u00fctzen Sie nur vertrauensw\u00fcrdige Hilfsorganisationen.<\/h2>\n\n\n\n<p>Achten Sie beim Spenden immer auf das Zewo-G\u00fctesiegel. Hilfsorganisationen, die es tragen, sind vertrauensw\u00fcrdig. Sie werden von der Zewo regelm\u00e4ssig auf den gewissenhaften Umgang mit Spenden kontrolliert und erf\u00fcllen strenge Anforderungen.<\/p>\n\n\n\n<h2 class=\"wp-block-heading\" id=\"h-ermoglichen-sie-echte-veranderung\">Erm\u00f6glichen Sie echte Ver\u00e4nderung.<\/h2>\n\n\n\n<p>Ihr Spendenfranken bewirkt am meisten, wenn Sie Ihr Spendenbudget auf wenige, daf\u00fcr sorgf\u00e4ltig ausgew\u00e4hlte Hilfsorganisationen verteilen. Unterst\u00fctzen Sie diese regelm\u00e4ssig. Denn Ver\u00e4nderungen brauchen Zeit. Wer h\u00e4ufig wechselt, erh\u00e4lt besonders viele Sammlungsaufrufe. Denn viele Hilfsorganisationen wissen, dass Sie grossz\u00fcgig sind und gerne spenden. Verzetteln Sie sich also nicht beim Spenden. Das reduziert auch die Post in Ihrem Briefkasten und in Ihrer Mailbox.<\/p>\n\n\n\n<h2 class=\"wp-block-heading\" id=\"h-uberweisen-sie-ihre-spende-ohne-abzuge\">\u00dcberweisen Sie Ihre Spende ohne Abz\u00fcge.<\/h2>\n\n\n\n<p>Die meisten Menschen spenden so, wie sie sonst ihre Zahlungen machen, mittels E-Banking, per Zahlungsauftrag oder am Postschalter. F\u00fcr regelm\u00e4ssige Beitr\u00e4ge richten sie einen Dauerauftrag oder ein Lastschriftverfahren ein. Viele haben mittlerweile auch eine Bezahl-App auf ihrem Mobiltelefon installiert. Damit k\u00f6nnen Sie Zahlungen erfassen und Geldbetr\u00e4ge \u00fcberweisen. Kreditkarten kommen beim Spenden im Internet zum Zug und SMS wird manchmal f\u00fcr spontane Spenden genutzt. Achten Sie insbesondere beim Einsatz von Kreditkarten, Bezahl-Apps, Zahlungsauftr\u00e4gen oder Einzahlungen am Postschalter darauf, welche Geb\u00fchren, Kommissionen oder Spesen f\u00fcr Ihre \u00dcberweisung anfallen<em>.&nbsp;<\/em><\/p>\n\n\n\n<h2 class=\"wp-block-heading\" id=\"h-spenden-sie-im-internet-direkt-auf-der-website-der-hilfsorganisation\">Spenden Sie im Internet direkt auf der Website der Hilfsorganisation.<\/h2>\n\n\n\n<p>Die meisten Hilfsorganisationen haben eine Website, auf der Sie direkt spenden k\u00f6nnen. So gelangt Ihre Spende ohne Umwege zum Hilfswerk. Bei Internetplattformen von Dritten bleibt oft ein Teil Ihrer Spende bei den Betreibern zur\u00fcck. Seien Sie sich bewusst, dass die Betreiber von Internetplattformen kaum kontrollieren k\u00f6nnen, ob eine Hilfsorganisation seri\u00f6s ist und ob sie Ihre Spenden f\u00fcr den angegebenen Zweck verwendet. Achten Sie auch beim Spenden im Internet darauf, ob eine Organisation sich an die Standards der Zewo h\u00e4lt und das G\u00fctesiegel tr\u00e4gt.<\/p>\n\n\n\n<h2 class=\"wp-block-heading\" id=\"h-spenden-sie-mit-dem-neuen-qr-code-wie-gewohnt\">Spenden Sie mit dem neuen QR-Code wie gewohnt.<\/h2>\n\n\n\n<p>Die Banken und die Post verarbeiten nach dem 30. September 2022 die herk\u00f6mmlichen Einzahlungsscheine nicht mehr. Die roten und orangen Einzahlungsscheine werden jetzt nach und nach durch einen schwarzweissen QR-Code im Zahlteil einer QR-Rechnung abgel\u00f6st. Der neue QR-Code funktioniert auch zum Spenden. Er enth\u00e4lt alle Informationen, die n\u00f6tig sind, um Ihre Spende zu \u00fcberweisen. Sie k\u00f6nnen damit wie gewohnt spenden.<\/p>\n\n\n\n<h2 class=\"wp-block-heading\" id=\"h-achten-sie-auf-den-datenschutz\">Achten Sie auf den Datenschutz.<\/h2>\n\n\n\n<p>Zertifizierte Hilfsorganisationen respektieren den Datenschutz und geben Ihre Daten nicht an andere Hilfswerke weiter. Als Spenderin oder Spender erhalten Sie einmal im Jahr eine Spendenbest\u00e4tigung f\u00fcr Ihre Steuerkl\u00e4rung. Zudem erfahren Sie regelm\u00e4ssig, welche Fortschritte dank Ihrer Spende gemacht wurden und wo weitere Hilfe n\u00f6tig ist. Kontaktieren Sie das Hilfswerk, wenn Sie zu viel Post erhalten. Zertifizierte Hilfswerke werden Ihre W\u00fcnsche ber\u00fccksichtigen. Bei Spenden im Internet bestimmen Sie selber, wer Ihre Daten nutzen darf. Lesen Sie den Datenschutzerkl\u00e4rung auf der Website des Hilfswerks und w\u00e4hlen Sie jene Einstellungen, die f\u00fcr Sie passen.<\/p>\n\n\n\n<h2 class=\"wp-block-heading\" id=\"h-ein-geschenk-verpflichtet-nicht\">Ein Geschenk verpflichtet nicht.<\/h2>\n\n\n\n<p>Manche Spenderinnen und Spender freuen sich \u00fcber kleine Geschenke, vor allem wenn sie n\u00fctzlich sind. Andere \u00e4rgern sich \u00fcber unn\u00fctze Beilagen. Wichtig ist zu wissen: Ein Geschenk verpflichtet Sie nicht zu einer Spende. Behalten Sie es oder geben Sie es weiter, wenn Sie keine Verwendung daf\u00fcr haben.Teilen Sie dem Hilfswerk mit, wenn Sie keine Geschenke mehr erhalten m\u00f6chten. Zertifizierte Organisationen ber\u00fccksichtigen Ihre W\u00fcnsche gerne.<strong><br><\/strong><\/p>\n\n\n\n<h2 class=\"wp-block-heading\" id=\"h-ubernehmen-sie-keine-patenschaften-fur-ein-einzelnes-kind\">\u00dcbernehmen Sie keine Patenschaften f\u00fcr ein einzelnes Kind.<\/h2>\n\n\n\n<p>Patenschaften f\u00fcr ein pers\u00f6nliches Patenkind, das Ihnen Briefe schreibt und das Sie besuchen k\u00f6nnen, sind <a href=\"\/de\/augen-auf-bei-patenschaften\/\" target=\"_blank\" rel=\"noreferrer noopener\">problematische Marketinginstrumente<\/a>. Denn sie vermitteln ein falsches Bild. Die Hilfe kommt nicht direkt Ihrem pers\u00f6nlichen Patenkind zu Gute. Sie k\u00f6nnen weder auf seine Entwicklung Einfluss nehmen, noch k\u00f6nnen Sie bei einem Besuch beurteilen, wie Ihre Spende wirkt. Seien Sie also konsequent. \u00dcbernehmen Sie lieber eine Patenschaft f\u00fcr eine Projekt, das einer ganzen Gemeinschaft zu Gute kommt. Denn Kinder brauchen f\u00fcr ihre Entwicklung ein intaktes Umfeld, medizinische Grundversorgung, sauberes Trinkwasser, gesunde Nahrung und Bildungsm\u00f6glichkeiten.<\/p>\n\n\n\n<div class=\"wp-block-cgb-block-zewo-block-columns-container container bg-color-light-gray\"><div class=\"grid-x grid-margin-x\" data-columns=\"3\">\n<div class=\"cell small-12 medium-6\"><div class=\"wp-block-cgb-block-zewo-block-image-text-teaser ab-block-cta\"><div class=\"ab-cta-image-wrap bg-color-secondary\"><img decoding=\"async\" class=\"ab-cta-image\" src=\"https:\/\/zewo.ch\/wp-content\/uploads\/2019\/05\/ha\u0308ufige-fragen-7.png\" alt=\"H\u00e4ufige Fragen und Antworten rund ums Spenden\"\/><\/div><div class=\"ab-cta-content\"><h2 class=\"ab-cta-title\">H\u00e4ufige Fragen rund ums Spenden<\/h2><div class=\"ab-cta-text\">\n<p>Der Spenden-Ratgeber der Zewo gibt Ihnen Auskunft zu den wichtigsten Fragen rund ums Spenden.<\/p>\n<\/div><\/div><div class=\"ab-cta-button\"><a href=\"\/de\/fragen-und-antworten-rund-ums-spenden\/\" target=\"_self\" rel=\"noopener noreferrer\" class=\"button primary button-teaser\"><span class=\"button-arrow\"><\/span>Jetzt ansehen<\/a><\/div><a href=\"\/de\/fragen-und-antworten-rund-ums-spenden\/\" target=\"_self\" rel=\"noopener noreferrer\" class=\"button-teaser--is-full\"><\/a><\/div><\/div>\n\n\n\n\n\n<div class=\"cell small-12 medium-6\"><div class=\"wp-block-cgb-block-zewo-block-image-text-teaser ab-block-cta\"><div class=\"ab-cta-image-wrap bg-color-secondary\"><img decoding=\"async\" class=\"ab-cta-image\" src=\"https:\/\/zewo.ch\/wp-content\/uploads\/2019\/08\/spendentyp-d.png\" alt=\"Spendentyp-Test\"\/><\/div><div class=\"ab-cta-content\"><h2 class=\"ab-cta-title\">Welcher Spendentyp bin ich? <\/h2><div class=\"ab-cta-text\">\n<p>Es gibt viele Wege, eine gute Sache zu unterst\u00fctzen. Welche Art zu helfen passt zu Ihnen? Finden Sie heraus, welcher Spendentyp Sie sind. <\/p>\n<\/div><\/div><div class=\"ab-cta-button\"><a href=\"https:\/\/zewo.ch\/de\/welcher-spendentyp-bin-ich\/\" target=\"_self\" rel=\"noopener noreferrer\" class=\"button primary button-teaser\"><span class=\"button-arrow\"><\/span>Quiz zum Spenden machen<\/a><\/div><a href=\"https:\/\/zewo.ch\/de\/welcher-spendentyp-bin-ich\/\" target=\"_self\" rel=\"noopener noreferrer\" class=\"button-teaser--is-full\"><\/a><\/div><\/div>\n<\/div><\/div>\n","protected":false},"excerpt":{"rendered":"<p>Worauf man achten muss. Welche Hilfeleistungen sinnvoll sind. Und warum das Zewo-G\u00fctesiegel wichtig ist. W\u00e4hlen Sie jene Art zu spenden, die am besten zu Ihnen passt. Sie k\u00f6nnen sich auf unterschiedliche Weise f\u00fcr eine gute Sache einsetzen. Zum Beispiel mit einem freiwilligen Engagement, indem Sie Ihre Zeit regelm\u00e4ssig einem gemeinn\u00fctzigen Zweck widmen. Mit einer Sachspende, [&hellip;]<\/p>\n","protected":false},"author":7,"featured_media":2096,"parent":0,"menu_order":111,"comment_status":"closed","ping_status":"closed","template":"","meta":{"_acf_changed":false,"footnotes":""},"folder":[6639],"class_list":["post-130","page","type-page","status-publish","has-post-thumbnail","hentry"],"acf":[],"yoast_head":"<!-- This site is optimized with the Yoast SEO Premium plugin v26.0 (Yoast SEO v26.0) - https:\/\/yoast.com\/wordpress\/plugins\/seo\/ -->\n<title>Zewo<\/title>\n<meta name=\"description\" content=\"Richtig spenden. Das sind die wichtigsten Regeln beim Spenden. Wenn Sie diese Tipps beherzigen, ist Ihre Spende in guten H\u00e4nden.\" \/>\n<meta name=\"robots\" content=\"index, follow, max-snippet:-1, max-image-preview:large, max-video-preview:-1\" \/>\n<link rel=\"canonical\" href=\"https:\/\/zewo.ch\/de\/die-wichtigsten-tipps-furs-spenden\/\" \/>\n<meta property=\"og:locale\" content=\"de_DE\" \/>\n<meta property=\"og:type\" content=\"article\" \/>\n<meta property=\"og:description\" content=\"Richtig spenden. Das sind die wichtigsten Regeln beim Spenden. Wenn Sie diese Tipps beherzigen, ist Ihre Spende in guten H\u00e4nden.\" \/>\n<meta property=\"og:url\" content=\"https:\/\/zewo.ch\/de\/die-wichtigsten-tipps-furs-spenden\/\" \/>\n<meta property=\"og:site_name\" content=\"Zewo\" \/>\n<meta property=\"article:publisher\" content=\"https:\/\/www.facebook.com\/Stiftung.ZEWO\/\" \/>\n<meta property=\"article:modified_time\" content=\"2025-07-31T12:59:47+00:00\" \/>\n<meta property=\"og:image\" content=\"https:\/\/zewo.ch\/wp-content\/uploads\/2019\/05\/shutterstock_1129526438-2200-1.jpg\" \/>\n\t<meta property=\"og:image:width\" content=\"2200\" \/>\n\t<meta property=\"og:image:height\" content=\"650\" \/>\n\t<meta property=\"og:image:type\" content=\"image\/jpeg\" \/>\n<meta name=\"twitter:card\" content=\"summary_large_image\" \/>\n<meta name=\"twitter:site\" content=\"@stiftung_zewo\" \/>\n<meta name=\"twitter:label1\" content=\"Gesch\u00e4tzte Lesezeit\" \/>\n\t<meta name=\"twitter:data1\" content=\"18\u00a0Minuten\" \/>\n<script type=\"application\/ld+json\" class=\"yoast-schema-graph\">{\"@context\":\"https:\/\/schema.org\",\"@graph\":[{\"@type\":\"WebPage\",\"@id\":\"https:\/\/zewo.ch\/de\/die-wichtigsten-tipps-furs-spenden\/#webpage\",\"url\":\"https:\/\/zewo.ch\/de\/die-wichtigsten-tipps-furs-spenden\/#webpage\",\"name\":\"\",\"isPartOf\":{\"@id\":\"https:\/\/zewo.ch\/de\/#website\"},\"primaryImageOfPage\":{\"@id\":\"https:\/\/zewo.ch\/de\/die-wichtigsten-tipps-furs-spenden\/#primaryimage\"},\"image\":{\"@id\":\"https:\/\/zewo.ch\/de\/die-wichtigsten-tipps-furs-spenden\/#primaryimage\"},\"thumbnailUrl\":\"https:\/\/zewo.ch\/wp-content\/uploads\/2019\/05\/shutterstock_1129526438-2200-1.jpg\",\"datePublished\":\"2019-04-01T12:39:13+00:00\",\"dateModified\":\"2025-07-31T12:59:47+00:00\",\"description\":\"Richtig spenden. Das sind die wichtigsten Regeln beim Spenden. Wenn Sie diese Tipps beherzigen, ist Ihre Spende in guten H\u00e4nden.\",\"breadcrumb\":{\"@id\":\"https:\/\/zewo.ch\/de\/die-wichtigsten-tipps-furs-spenden\/#breadcrumb\"},\"inLanguage\":\"de\",\"potentialAction\":[{\"@type\":\"ReadAction\",\"target\":[\"https:\/\/zewo.ch\/de\/die-wichtigsten-tipps-furs-spenden\/\"]}]},{\"@type\":\"ImageObject\",\"inLanguage\":\"de\",\"@id\":\"https:\/\/zewo.ch\/de\/die-wichtigsten-tipps-furs-spenden\/#primaryimage\",\"url\":\"https:\/\/zewo.ch\/wp-content\/uploads\/2019\/05\/shutterstock_1129526438-2200-1.jpg\",\"contentUrl\":\"https:\/\/zewo.ch\/wp-content\/uploads\/2019\/05\/shutterstock_1129526438-2200-1.jpg\",\"width\":2200,\"height\":650,\"caption\":\"fr\u00f6hliches Kind mit Teddyb\u00e4r\"},{\"@type\":\"BreadcrumbList\",\"@id\":\"https:\/\/zewo.ch\/de\/die-wichtigsten-tipps-furs-spenden\/#breadcrumb\",\"itemListElement\":[{\"@type\":\"ListItem\",\"position\":1,\"name\":\"Home\",\"item\":\"https:\/\/zewo.ch\/de\/\"},{\"@type\":\"ListItem\",\"position\":2,\"name\":\"10 Tipps, damit Ihre Spende ankommt\"}]},{\"@type\":\"WebSite\",\"@id\":\"https:\/\/zewo.ch\/de\/#website\",\"url\":\"https:\/\/zewo.ch\/de\/\",\"name\":\"Zewo\",\"description\":\"Ihre Spende in guten H\u00e4nden.\",\"publisher\":{\"@id\":\"https:\/\/zewo.ch\/de\/#organization\"},\"potentialAction\":[{\"@type\":\"SearchAction\",\"target\":{\"@type\":\"EntryPoint\",\"urlTemplate\":\"https:\/\/zewo.ch\/de\/?s={search_term_string}\"},\"query-input\":{\"@type\":\"PropertyValueSpecification\",\"valueRequired\":true,\"valueName\":\"search_term_string\"}}],\"inLanguage\":\"de\"},{\"@type\":\"Organization\",\"@id\":\"https:\/\/zewo.ch\/de\/#organization\",\"name\":\"Stiftung Zewo\",\"url\":\"https:\/\/zewo.ch\/de\/\",\"logo\":{\"@type\":\"ImageObject\",\"inLanguage\":\"de\",\"@id\":\"https:\/\/zewo.ch\/de\/#\/schema\/logo\/image\/\",\"url\":\"https:\/\/zewo.ch\/wp-content\/uploads\/2019\/08\/Zewo_Logo_Claim_D.svg\",\"contentUrl\":\"https:\/\/zewo.ch\/wp-content\/uploads\/2019\/08\/Zewo_Logo_Claim_D.svg\",\"width\":1,\"height\":1,\"caption\":\"Stiftung Zewo\"},\"image\":{\"@id\":\"https:\/\/zewo.ch\/de\/#\/schema\/logo\/image\/\"},\"sameAs\":[\"https:\/\/www.facebook.com\/Stiftung.ZEWO\/\",\"https:\/\/x.com\/stiftung_zewo\",\"https:\/\/www.linkedin.com\/company\/stiftung-zewo\",\"https:\/\/www.youtube.com\/channel\/UCzjsVJro12OXcvvx1LQP8tw\",\"https:\/\/de.wikipedia.org\/wiki\/Zewo\"]}]}<\/script>\n<!-- \/ Yoast SEO Premium plugin. -->","yoast_head_json":{"title":"Zewo","description":"Richtig spenden. Das sind die wichtigsten Regeln beim Spenden. Wenn Sie diese Tipps beherzigen, ist Ihre Spende in guten H\u00e4nden.","robots":{"index":"index","follow":"follow","max-snippet":"max-snippet:-1","max-image-preview":"max-image-preview:large","max-video-preview":"max-video-preview:-1"},"canonical":"https:\/\/zewo.ch\/de\/die-wichtigsten-tipps-furs-spenden\/","og_locale":"de_DE","og_type":"article","og_description":"Richtig spenden. Das sind die wichtigsten Regeln beim Spenden. Wenn Sie diese Tipps beherzigen, ist Ihre Spende in guten H\u00e4nden.","og_url":"https:\/\/zewo.ch\/de\/die-wichtigsten-tipps-furs-spenden\/","og_site_name":"Zewo","article_publisher":"https:\/\/www.facebook.com\/Stiftung.ZEWO\/","article_modified_time":"2025-07-31T12:59:47+00:00","og_image":[{"width":2200,"height":650,"url":"https:\/\/zewo.ch\/wp-content\/uploads\/2019\/05\/shutterstock_1129526438-2200-1.jpg","type":"image\/jpeg"}],"twitter_card":"summary_large_image","twitter_site":"@stiftung_zewo","twitter_misc":{"Gesch\u00e4tzte Lesezeit":"18\u00a0Minuten"},"schema":{"@context":"https:\/\/schema.org","@graph":[{"@type":"WebPage","@id":"https:\/\/zewo.ch\/de\/die-wichtigsten-tipps-furs-spenden\/#webpage","url":"https:\/\/zewo.ch\/de\/die-wichtigsten-tipps-furs-spenden\/#webpage","name":"","isPartOf":{"@id":"https:\/\/zewo.ch\/de\/#website"},"primaryImageOfPage":{"@id":"https:\/\/zewo.ch\/de\/die-wichtigsten-tipps-furs-spenden\/#primaryimage"},"image":{"@id":"https:\/\/zewo.ch\/de\/die-wichtigsten-tipps-furs-spenden\/#primaryimage"},"thumbnailUrl":"https:\/\/zewo.ch\/wp-content\/uploads\/2019\/05\/shutterstock_1129526438-2200-1.jpg","datePublished":"2019-04-01T12:39:13+00:00","dateModified":"2025-07-31T12:59:47+00:00","description":"Richtig spenden. Das sind die wichtigsten Regeln beim Spenden. Wenn Sie diese Tipps beherzigen, ist Ihre Spende in guten H\u00e4nden.","breadcrumb":{"@id":"https:\/\/zewo.ch\/de\/die-wichtigsten-tipps-furs-spenden\/#breadcrumb"},"inLanguage":"de","potentialAction":[{"@type":"ReadAction","target":["https:\/\/zewo.ch\/de\/die-wichtigsten-tipps-furs-spenden\/"]}]},{"@type":"ImageObject","inLanguage":"de","@id":"https:\/\/zewo.ch\/de\/die-wichtigsten-tipps-furs-spenden\/#primaryimage","url":"https:\/\/zewo.ch\/wp-content\/uploads\/2019\/05\/shutterstock_1129526438-2200-1.jpg","contentUrl":"https:\/\/zewo.ch\/wp-content\/uploads\/2019\/05\/shutterstock_1129526438-2200-1.jpg","width":2200,"height":650,"caption":"fr\u00f6hliches Kind mit Teddyb\u00e4r"},{"@type":"BreadcrumbList","@id":"https:\/\/zewo.ch\/de\/die-wichtigsten-tipps-furs-spenden\/#breadcrumb","itemListElement":[{"@type":"ListItem","position":1,"name":"Home","item":"https:\/\/zewo.ch\/de\/"},{"@type":"ListItem","position":2,"name":"10 Tipps, damit Ihre Spende ankommt"}]},{"@type":"WebSite","@id":"https:\/\/zewo.ch\/de\/#website","url":"https:\/\/zewo.ch\/de\/","name":"Zewo","description":"Ihre Spende in guten H\u00e4nden.","publisher":{"@id":"https:\/\/zewo.ch\/de\/#organization"},"potentialAction":[{"@type":"SearchAction","target":{"@type":"EntryPoint","urlTemplate":"https:\/\/zewo.ch\/de\/?s={search_term_string}"},"query-input":{"@type":"PropertyValueSpecification","valueRequired":true,"valueName":"search_term_string"}}],"inLanguage":"de"},{"@type":"Organization","@id":"https:\/\/zewo.ch\/de\/#organization","name":"Stiftung Zewo","url":"https:\/\/zewo.ch\/de\/","logo":{"@type":"ImageObject","inLanguage":"de","@id":"https:\/\/zewo.ch\/de\/#\/schema\/logo\/image\/","url":"https:\/\/zewo.ch\/wp-content\/uploads\/2019\/08\/Zewo_Logo_Claim_D.svg","contentUrl":"https:\/\/zewo.ch\/wp-content\/uploads\/2019\/08\/Zewo_Logo_Claim_D.svg","width":1,"height":1,"caption":"Stiftung Zewo"},"image":{"@id":"https:\/\/zewo.ch\/de\/#\/schema\/logo\/image\/"},"sameAs":["https:\/\/www.facebook.com\/Stiftung.ZEWO\/","https:\/\/x.com\/stiftung_zewo","https:\/\/www.linkedin.com\/company\/stiftung-zewo","https:\/\/www.youtube.com\/channel\/UCzjsVJro12OXcvvx1LQP8tw","https:\/\/de.wikipedia.org\/wiki\/Zewo"]}]}},"publishpress_future_action":{"enabled":false,"date":"2026-04-23 12:37:46","action":"change-status","newStatus":"draft","terms":[],"taxonomy":"translation_priority","extraData":[]},"publishpress_future_workflow_manual_trigger":{"enabledWorkflows":[]},"_links":{"self":[{"href":"https:\/\/zewo.ch\/de\/wp-json\/wp\/v2\/pages\/130","targetHints":{"allow":["GET"]}}],"collection":[{"href":"https:\/\/zewo.ch\/de\/wp-json\/wp\/v2\/pages"}],"about":[{"href":"https:\/\/zewo.ch\/de\/wp-json\/wp\/v2\/types\/page"}],"author":[{"embeddable":true,"href":"https:\/\/zewo.ch\/de\/wp-json\/wp\/v2\/users\/7"}],"replies":[{"embeddable":true,"href":"https:\/\/zewo.ch\/de\/wp-json\/wp\/v2\/comments?post=130"}],"version-history":[{"count":78,"href":"https:\/\/zewo.ch\/de\/wp-json\/wp\/v2\/pages\/130\/revisions"}],"predecessor-version":[{"id":5931556,"href":"https:\/\/zewo.ch\/de\/wp-json\/wp\/v2\/pages\/130\/revisions\/5931556"}],"wp:featuredmedia":[{"embeddable":true,"href":"https:\/\/zewo.ch\/de\/wp-json\/wp\/v2\/media\/2096"}],"wp:attachment":[{"href":"https:\/\/zewo.ch\/de\/wp-json\/wp\/v2\/media?parent=130"}],"wp:term":[{"taxonomy":"folder","embeddable":true,"href":"https:\/\/zewo.ch\/de\/wp-json\/wp\/v2\/folder?post=130"}],"curies":[{"name":"wp","href":"https:\/\/api.w.org\/{rel}","templated":true}]}}