{"id":129887,"date":"2019-05-28T11:13:16","date_gmt":"2019-05-28T09:13:16","guid":{"rendered":"https:\/\/www.zewo.ch\/?page_id=129887"},"modified":"2025-01-23T11:31:42","modified_gmt":"2025-01-23T10:31:42","slug":"ringier","status":"publish","type":"page","link":"https:\/\/zewo.ch\/de\/ringier\/","title":{"rendered":"Ringier Advertising"},"content":{"rendered":"\n<h2 class=\"wp-block-heading\" id=\"h-rabatt-f-r-npo-mit-zewo-g-tesiegel\">Rabatt f\u00fcr NPO mit Zewo-G\u00fctesiegel<\/h2>\n\n\n\n<figure class=\"wp-block-image size-full\"><img loading=\"lazy\" decoding=\"async\" width=\"437\" height=\"61\" src=\"https:\/\/zewo.ch\/wp-content\/uploads\/2023\/07\/riad-logo-org.jpg\" alt=\"Logo Ringier Advertising\" class=\"wp-image-5798948\" srcset=\"https:\/\/zewo.ch\/wp-content\/uploads\/2023\/07\/riad-logo-org.jpg 437w, https:\/\/zewo.ch\/wp-content\/uploads\/2023\/07\/riad-logo-org-300x42.jpg 300w\" sizes=\"auto, (min-width: 960px) 75vw, 100vw\" \/><\/figure>\n\n\n\n<p>Organisationen mit Zewo-G\u00fctesiegel erhalten auf Buchungen des Print- sowie Digital-Portfolio von Ringier und Ringier Axel Springer Schweiz einen Rabatt von 50% (ohne politische Werbung).<\/p>\n\n\n\n<p>Dieses Angebot umfasst u.a. nachfolgende Titel und Sites:<\/p>\n\n\n\n<ul class=\"wp-block-list\"><li>Beobachter<\/li><li>Bilanz<\/li><li>Blick<\/li><li>Bolero<\/li><li>Caminada<\/li><li>Gl\u00fccksPost<\/li><li>Handelszeitung<\/li><li>Homes<\/li><li>Interview<\/li><li>L&#8217;illustr\u00e9<\/li><li>Million\u00e4r<\/li><li>PME Magazin<\/li><li>Schweizer Illustrierte<\/li><li>Schweizer Landliebe<\/li><li>SonntagsBlick<\/li><li>TELE<\/li><li>TV Land&amp;L\u00fct<\/li><li>TV-Star<\/li><li>TVvier<\/li><li>und viele mehr<\/li><\/ul>\n\n\n\n<h2 class=\"wp-block-heading\">Kontakt (Print)<\/h2>\n\n\n\n<p><strong>Ringier Advertising<\/strong><br>044 259 88 44<\/p>\n\n\n\n<p><a href=\"mailto:mediaserviceprint@ringier.ch\">mediaserviceprint@ringier.ch<\/a><br><a href=\"https:\/\/www.ringier-advertising.ch\/de\/print\/\">www.ringier-advertising.ch\/de\/print\/<\/a><br><\/p>\n\n\n\n<h2 class=\"wp-block-heading\">Kontakt (Digital)<\/h2>\n\n\n\n<p><strong>Ringier Advertising<\/strong><br>058 909 99 63<\/p>\n\n\n\n<p><a href=\"mailto:digitalservices@ringier.ch\">digitalservices@ringier.ch<\/a><br><a href=\"https:\/\/www.ringier-advertising.ch\/de\/digital\/\">www.ringier-advertising.ch\/de\/digital\/<\/a><\/p>\n\n\n\n<div class=\"wp-block-cgb-block-zewo-block-button ab-block-button\"><a href=\"\/de\/vorteile-und-rabatte\/\" class=\"button primary\"><span class=\"button-arrow\"><\/span>Zur\u00fcck zur \u00dcbersicht<\/a><\/div>\n","protected":false},"excerpt":{"rendered":"<p>Rabatt f\u00fcr NPO mit Zewo-G\u00fctesiegel Organisationen mit Zewo-G\u00fctesiegel erhalten auf Buchungen des Print- sowie Digital-Portfolio von Ringier und Ringier Axel Springer Schweiz einen Rabatt von 50% (ohne politische Werbung). Dieses Angebot umfasst u.a. nachfolgende Titel und Sites: Beobachter Bilanz Blick Bolero Caminada Gl\u00fccksPost Handelszeitung Homes Interview L&#8217;illustr\u00e9 Million\u00e4r PME Magazin Schweizer Illustrierte Schweizer Landliebe SonntagsBlick [&hellip;]<\/p>\n","protected":false},"author":38,"featured_media":0,"parent":0,"menu_order":276,"comment_status":"closed","ping_status":"closed","template":"","meta":{"_acf_changed":false,"footnotes":""},"folder":[6639],"class_list":["post-129887","page","type-page","status-publish","hentry"],"acf":[],"yoast_head":"<!-- This site is optimized with the Yoast SEO Premium plugin v26.0 (Yoast SEO v26.0) - https:\/\/yoast.com\/wordpress\/plugins\/seo\/ -->\n<title>Zewo<\/title>\n<meta name=\"description\" content=\"Ringier unterst\u00fctzt Zewo-zertifizierte Hilfswerke mit Rabatten auf Anzeigen und Werbeleistungen. Erfahren Sie mehr \u00fcber dieses exklusive Angebot.\" \/>\n<meta name=\"robots\" content=\"index, follow, max-snippet:-1, max-image-preview:large, max-video-preview:-1\" \/>\n<link rel=\"canonical\" href=\"https:\/\/zewo.ch\/de\/ringier\/\" \/>\n<meta property=\"og:locale\" content=\"de_DE\" \/>\n<meta property=\"og:type\" content=\"article\" \/>\n<meta property=\"og:description\" content=\"Ringier unterst\u00fctzt Zewo-zertifizierte Hilfswerke mit Rabatten auf Anzeigen und Werbeleistungen. Erfahren Sie mehr \u00fcber dieses exklusive Angebot.\" \/>\n<meta property=\"og:url\" content=\"https:\/\/zewo.ch\/de\/ringier\/\" \/>\n<meta property=\"og:site_name\" content=\"Zewo\" \/>\n<meta property=\"article:publisher\" content=\"https:\/\/www.facebook.com\/Stiftung.ZEWO\/\" \/>\n<meta property=\"article:modified_time\" content=\"2025-01-23T10:31:42+00:00\" \/>\n<meta property=\"og:image\" content=\"https:\/\/zewo.ch\/wp-content\/uploads\/2023\/07\/riad-logo-org.jpg\" \/>\n<meta name=\"twitter:card\" content=\"summary_large_image\" \/>\n<meta name=\"twitter:site\" content=\"@stiftung_zewo\" \/>\n<meta name=\"twitter:label1\" content=\"Gesch\u00e4tzte Lesezeit\" \/>\n\t<meta name=\"twitter:data1\" content=\"1\u00a0Minute\" \/>\n<script type=\"application\/ld+json\" class=\"yoast-schema-graph\">{\"@context\":\"https:\/\/schema.org\",\"@graph\":[{\"@type\":\"WebPage\",\"@id\":\"https:\/\/zewo.ch\/de\/ringier\/#webpage\",\"url\":\"https:\/\/zewo.ch\/de\/ringier\/#webpage\",\"name\":\"\",\"isPartOf\":{\"@id\":\"https:\/\/zewo.ch\/de\/#website\"},\"primaryImageOfPage\":{\"@id\":\"https:\/\/zewo.ch\/de\/ringier\/#primaryimage\"},\"image\":{\"@id\":\"https:\/\/zewo.ch\/de\/ringier\/#primaryimage\"},\"thumbnailUrl\":\"https:\/\/zewo.ch\/wp-content\/uploads\/2023\/07\/riad-logo-org.jpg\",\"datePublished\":\"2019-05-28T09:13:16+00:00\",\"dateModified\":\"2025-01-23T10:31:42+00:00\",\"description\":\"Ringier unterst\u00fctzt Zewo-zertifizierte Hilfswerke mit Rabatten auf Anzeigen und Werbeleistungen. Erfahren Sie mehr \u00fcber dieses exklusive Angebot.\",\"breadcrumb\":{\"@id\":\"https:\/\/zewo.ch\/de\/ringier\/#breadcrumb\"},\"inLanguage\":\"de\",\"potentialAction\":[{\"@type\":\"ReadAction\",\"target\":[\"https:\/\/zewo.ch\/de\/ringier\/\"]}]},{\"@type\":\"ImageObject\",\"inLanguage\":\"de\",\"@id\":\"https:\/\/zewo.ch\/de\/ringier\/#primaryimage\",\"url\":\"https:\/\/zewo.ch\/wp-content\/uploads\/2023\/07\/riad-logo-org.jpg\",\"contentUrl\":\"https:\/\/zewo.ch\/wp-content\/uploads\/2023\/07\/riad-logo-org.jpg\"},{\"@type\":\"BreadcrumbList\",\"@id\":\"https:\/\/zewo.ch\/de\/ringier\/#breadcrumb\",\"itemListElement\":[{\"@type\":\"ListItem\",\"position\":1,\"name\":\"Home\",\"item\":\"https:\/\/zewo.ch\/de\/\"},{\"@type\":\"ListItem\",\"position\":2,\"name\":\"Ringier Advertising\"}]},{\"@type\":\"WebSite\",\"@id\":\"https:\/\/zewo.ch\/de\/#website\",\"url\":\"https:\/\/zewo.ch\/de\/\",\"name\":\"Zewo\",\"description\":\"Ihre Spende in guten H\u00e4nden.\",\"publisher\":{\"@id\":\"https:\/\/zewo.ch\/de\/#organization\"},\"potentialAction\":[{\"@type\":\"SearchAction\",\"target\":{\"@type\":\"EntryPoint\",\"urlTemplate\":\"https:\/\/zewo.ch\/de\/?s={search_term_string}\"},\"query-input\":{\"@type\":\"PropertyValueSpecification\",\"valueRequired\":true,\"valueName\":\"search_term_string\"}}],\"inLanguage\":\"de\"},{\"@type\":\"Organization\",\"@id\":\"https:\/\/zewo.ch\/de\/#organization\",\"name\":\"Stiftung Zewo\",\"url\":\"https:\/\/zewo.ch\/de\/\",\"logo\":{\"@type\":\"ImageObject\",\"inLanguage\":\"de\",\"@id\":\"https:\/\/zewo.ch\/de\/#\/schema\/logo\/image\/\",\"url\":\"https:\/\/zewo.ch\/wp-content\/uploads\/2019\/08\/Zewo_Logo_Claim_D.svg\",\"contentUrl\":\"https:\/\/zewo.ch\/wp-content\/uploads\/2019\/08\/Zewo_Logo_Claim_D.svg\",\"width\":1,\"height\":1,\"caption\":\"Stiftung Zewo\"},\"image\":{\"@id\":\"https:\/\/zewo.ch\/de\/#\/schema\/logo\/image\/\"},\"sameAs\":[\"https:\/\/www.facebook.com\/Stiftung.ZEWO\/\",\"https:\/\/x.com\/stiftung_zewo\",\"https:\/\/www.linkedin.com\/company\/stiftung-zewo\",\"https:\/\/www.youtube.com\/channel\/UCzjsVJro12OXcvvx1LQP8tw\",\"https:\/\/de.wikipedia.org\/wiki\/Zewo\"]}]}<\/script>\n<!-- \/ Yoast SEO Premium plugin. -->","yoast_head_json":{"title":"Zewo","description":"Ringier unterst\u00fctzt Zewo-zertifizierte Hilfswerke mit Rabatten auf Anzeigen und Werbeleistungen. Erfahren Sie mehr \u00fcber dieses exklusive Angebot.","robots":{"index":"index","follow":"follow","max-snippet":"max-snippet:-1","max-image-preview":"max-image-preview:large","max-video-preview":"max-video-preview:-1"},"canonical":"https:\/\/zewo.ch\/de\/ringier\/","og_locale":"de_DE","og_type":"article","og_description":"Ringier unterst\u00fctzt Zewo-zertifizierte Hilfswerke mit Rabatten auf Anzeigen und Werbeleistungen. Erfahren Sie mehr \u00fcber dieses exklusive Angebot.","og_url":"https:\/\/zewo.ch\/de\/ringier\/","og_site_name":"Zewo","article_publisher":"https:\/\/www.facebook.com\/Stiftung.ZEWO\/","article_modified_time":"2025-01-23T10:31:42+00:00","og_image":[{"url":"https:\/\/zewo.ch\/wp-content\/uploads\/2023\/07\/riad-logo-org.jpg","type":"","width":"","height":""}],"twitter_card":"summary_large_image","twitter_site":"@stiftung_zewo","twitter_misc":{"Gesch\u00e4tzte Lesezeit":"1\u00a0Minute"},"schema":{"@context":"https:\/\/schema.org","@graph":[{"@type":"WebPage","@id":"https:\/\/zewo.ch\/de\/ringier\/#webpage","url":"https:\/\/zewo.ch\/de\/ringier\/#webpage","name":"","isPartOf":{"@id":"https:\/\/zewo.ch\/de\/#website"},"primaryImageOfPage":{"@id":"https:\/\/zewo.ch\/de\/ringier\/#primaryimage"},"image":{"@id":"https:\/\/zewo.ch\/de\/ringier\/#primaryimage"},"thumbnailUrl":"https:\/\/zewo.ch\/wp-content\/uploads\/2023\/07\/riad-logo-org.jpg","datePublished":"2019-05-28T09:13:16+00:00","dateModified":"2025-01-23T10:31:42+00:00","description":"Ringier unterst\u00fctzt Zewo-zertifizierte Hilfswerke mit Rabatten auf Anzeigen und Werbeleistungen. Erfahren Sie mehr \u00fcber dieses exklusive Angebot.","breadcrumb":{"@id":"https:\/\/zewo.ch\/de\/ringier\/#breadcrumb"},"inLanguage":"de","potentialAction":[{"@type":"ReadAction","target":["https:\/\/zewo.ch\/de\/ringier\/"]}]},{"@type":"ImageObject","inLanguage":"de","@id":"https:\/\/zewo.ch\/de\/ringier\/#primaryimage","url":"https:\/\/zewo.ch\/wp-content\/uploads\/2023\/07\/riad-logo-org.jpg","contentUrl":"https:\/\/zewo.ch\/wp-content\/uploads\/2023\/07\/riad-logo-org.jpg"},{"@type":"BreadcrumbList","@id":"https:\/\/zewo.ch\/de\/ringier\/#breadcrumb","itemListElement":[{"@type":"ListItem","position":1,"name":"Home","item":"https:\/\/zewo.ch\/de\/"},{"@type":"ListItem","position":2,"name":"Ringier Advertising"}]},{"@type":"WebSite","@id":"https:\/\/zewo.ch\/de\/#website","url":"https:\/\/zewo.ch\/de\/","name":"Zewo","description":"Ihre Spende in guten H\u00e4nden.","publisher":{"@id":"https:\/\/zewo.ch\/de\/#organization"},"potentialAction":[{"@type":"SearchAction","target":{"@type":"EntryPoint","urlTemplate":"https:\/\/zewo.ch\/de\/?s={search_term_string}"},"query-input":{"@type":"PropertyValueSpecification","valueRequired":true,"valueName":"search_term_string"}}],"inLanguage":"de"},{"@type":"Organization","@id":"https:\/\/zewo.ch\/de\/#organization","name":"Stiftung Zewo","url":"https:\/\/zewo.ch\/de\/","logo":{"@type":"ImageObject","inLanguage":"de","@id":"https:\/\/zewo.ch\/de\/#\/schema\/logo\/image\/","url":"https:\/\/zewo.ch\/wp-content\/uploads\/2019\/08\/Zewo_Logo_Claim_D.svg","contentUrl":"https:\/\/zewo.ch\/wp-content\/uploads\/2019\/08\/Zewo_Logo_Claim_D.svg","width":1,"height":1,"caption":"Stiftung Zewo"},"image":{"@id":"https:\/\/zewo.ch\/de\/#\/schema\/logo\/image\/"},"sameAs":["https:\/\/www.facebook.com\/Stiftung.ZEWO\/","https:\/\/x.com\/stiftung_zewo","https:\/\/www.linkedin.com\/company\/stiftung-zewo","https:\/\/www.youtube.com\/channel\/UCzjsVJro12OXcvvx1LQP8tw","https:\/\/de.wikipedia.org\/wiki\/Zewo"]}]}},"publishpress_future_action":{"enabled":false,"date":"2026-04-29 10:40:33","action":"change-status","newStatus":"draft","terms":[],"taxonomy":"translation_priority","extraData":[]},"publishpress_future_workflow_manual_trigger":{"enabledWorkflows":[]},"_links":{"self":[{"href":"https:\/\/zewo.ch\/de\/wp-json\/wp\/v2\/pages\/129887","targetHints":{"allow":["GET"]}}],"collection":[{"href":"https:\/\/zewo.ch\/de\/wp-json\/wp\/v2\/pages"}],"about":[{"href":"https:\/\/zewo.ch\/de\/wp-json\/wp\/v2\/types\/page"}],"author":[{"embeddable":true,"href":"https:\/\/zewo.ch\/de\/wp-json\/wp\/v2\/users\/38"}],"replies":[{"embeddable":true,"href":"https:\/\/zewo.ch\/de\/wp-json\/wp\/v2\/comments?post=129887"}],"version-history":[{"count":35,"href":"https:\/\/zewo.ch\/de\/wp-json\/wp\/v2\/pages\/129887\/revisions"}],"predecessor-version":[{"id":5799294,"href":"https:\/\/zewo.ch\/de\/wp-json\/wp\/v2\/pages\/129887\/revisions\/5799294"}],"wp:attachment":[{"href":"https:\/\/zewo.ch\/de\/wp-json\/wp\/v2\/media?parent=129887"}],"wp:term":[{"taxonomy":"folder","embeddable":true,"href":"https:\/\/zewo.ch\/de\/wp-json\/wp\/v2\/folder?post=129887"}],"curies":[{"name":"wp","href":"https:\/\/api.w.org\/{rel}","templated":true}]}}