{"id":129834,"date":"2019-05-28T09:35:39","date_gmt":"2019-05-28T07:35:39","guid":{"rendered":"https:\/\/www.zewo.ch\/?page_id=129834"},"modified":"2024-03-27T09:39:36","modified_gmt":"2024-03-27T08:39:36","slug":"promopost-die-schweizerische-post","status":"publish","type":"page","link":"https:\/\/zewo.ch\/de\/promopost-die-schweizerische-post\/","title":{"rendered":"PromoPost \u2013 Die Schweizerische Post"},"content":{"rendered":"\n<h2 class=\"wp-block-heading\" id=\"h-besonderes-angebot-fur-npo-mit-zewo-gutesiegel\">Besonderes Angebot f\u00fcr NPO mit Zewo-G\u00fctesiegel<\/h2>\n\n\n\n<figure class=\"wp-block-image size-full\"><img loading=\"lazy\" decoding=\"async\" width=\"300\" height=\"300\" src=\"https:\/\/zewo.ch\/wp-content\/uploads\/2023\/11\/Post_Logo_digital_RGB-002.png\" alt=\"Logo Post\" class=\"wp-image-5801713\" srcset=\"https:\/\/zewo.ch\/wp-content\/uploads\/2023\/11\/Post_Logo_digital_RGB-002.png 300w, https:\/\/zewo.ch\/wp-content\/uploads\/2023\/11\/Post_Logo_digital_RGB-002-150x150.png 150w\" sizes=\"auto, (min-width: 960px) 75vw, 100vw\" \/><\/figure>\n\n\n\n<p>Organisationen mit Zewo-G\u00fctesiegel haben die M\u00f6glichkeit, ihre nicht adressierten Sendungen mit PromoPost <strong>in alle Briefk\u00e4sten<\/strong> (mit und ohne Stopp-Werbung Kleber ) zustellen zu lassen. So erreichen Sie bei Spendensammlungen auch werbearme Haushalte. <\/p>\n\n\n\n<p>Davon ausgenommen sind Sendungen mit kommerziellen Inhalten (z. B . Shopangebote).<br>Sie k\u00f6nnen die Kriterien <a href=\"https:\/\/www.post.ch\/de\/briefe-versenden\/flyer\/promopost?shortcut=promopost#kommerzielle-offizielle-sendungen\">hier<\/a> nachlesen. <\/p>\n\n\n\n<h2 class=\"wp-block-heading\" id=\"h-kontakt\">Kontakt<\/h2>\n\n\n\n<p><strong>Die Schweizerische Post<\/strong><br>Service-Nummer Tel. 058 667 85 91<br><a href=\"mailto:promopost@post.ch\">promopost@post.ch<\/a><br><a aria-label=\" (\u00f6ffnet in neuem Tab)\" href=\"http:\/\/www.post.ch\/promopost\" target=\"_blank\" rel=\"noreferrer noopener\">www.post.ch\/promopost<\/a><\/p>\n\n\n\n<div class=\"wp-block-cgb-block-zewo-block-button ab-block-button\"><a href=\"\/de\/vorteile-und-rabatte\/\" class=\"button primary\"><span class=\"button-arrow\"><\/span>Zur\u00fcck zur \u00dcbersicht<\/a><\/div>\n","protected":false},"excerpt":{"rendered":"<p>Besonderes Angebot f\u00fcr NPO mit Zewo-G\u00fctesiegel Organisationen mit Zewo-G\u00fctesiegel haben die M\u00f6glichkeit, ihre nicht adressierten Sendungen mit PromoPost in alle Briefk\u00e4sten (mit und ohne Stopp-Werbung Kleber ) zustellen zu lassen. So erreichen Sie bei Spendensammlungen auch werbearme Haushalte. Davon ausgenommen sind Sendungen mit kommerziellen Inhalten (z. B . Shopangebote).Sie k\u00f6nnen die Kriterien hier nachlesen. Kontakt [&hellip;]<\/p>\n","protected":false},"author":38,"featured_media":0,"parent":0,"menu_order":273,"comment_status":"closed","ping_status":"closed","template":"","meta":{"_acf_changed":false,"footnotes":""},"folder":[6639],"class_list":["post-129834","page","type-page","status-publish","hentry"],"acf":[],"yoast_head":"<!-- This site is optimized with the Yoast SEO Premium plugin v26.0 (Yoast SEO v26.0) - https:\/\/yoast.com\/wordpress\/plugins\/seo\/ -->\n<title>Zewo<\/title>\n<meta name=\"description\" content=\"Organisationen mit Zewo-G\u00fctesiegel haben die M\u00f6glichkeit, ihre nicht adressierten Sendungen in alle Briefk\u00e4sten (mit und ohne Stopp-Werbung Kleber ) zustellen zu lassen.\" \/>\n<meta name=\"robots\" content=\"index, follow, max-snippet:-1, max-image-preview:large, max-video-preview:-1\" \/>\n<link rel=\"canonical\" href=\"https:\/\/zewo.ch\/de\/promopost-die-schweizerische-post\/\" \/>\n<meta property=\"og:locale\" content=\"de_DE\" \/>\n<meta property=\"og:type\" content=\"article\" \/>\n<meta property=\"og:description\" content=\"Organisationen mit Zewo-G\u00fctesiegel haben die M\u00f6glichkeit, ihre nicht adressierten Sendungen in alle Briefk\u00e4sten (mit und ohne Stopp-Werbung Kleber ) zustellen zu lassen.\" \/>\n<meta property=\"og:url\" content=\"https:\/\/zewo.ch\/de\/promopost-die-schweizerische-post\/\" \/>\n<meta property=\"og:site_name\" content=\"Zewo\" \/>\n<meta property=\"article:publisher\" content=\"https:\/\/www.facebook.com\/Stiftung.ZEWO\/\" \/>\n<meta property=\"article:modified_time\" content=\"2024-03-27T08:39:36+00:00\" \/>\n<meta property=\"og:image\" content=\"https:\/\/zewo.ch\/wp-content\/uploads\/2023\/11\/Post_Logo_digital_RGB-002.png\" \/>\n<meta name=\"twitter:card\" content=\"summary_large_image\" \/>\n<meta name=\"twitter:site\" content=\"@stiftung_zewo\" \/>\n<meta name=\"twitter:label1\" content=\"Gesch\u00e4tzte Lesezeit\" \/>\n\t<meta name=\"twitter:data1\" content=\"1\u00a0Minute\" \/>\n<script type=\"application\/ld+json\" class=\"yoast-schema-graph\">{\"@context\":\"https:\/\/schema.org\",\"@graph\":[{\"@type\":\"WebPage\",\"@id\":\"https:\/\/zewo.ch\/de\/promopost-die-schweizerische-post\/#webpage\",\"url\":\"https:\/\/zewo.ch\/de\/promopost-die-schweizerische-post\/#webpage\",\"name\":\"\",\"isPartOf\":{\"@id\":\"https:\/\/zewo.ch\/de\/#website\"},\"primaryImageOfPage\":{\"@id\":\"https:\/\/zewo.ch\/de\/promopost-die-schweizerische-post\/#primaryimage\"},\"image\":{\"@id\":\"https:\/\/zewo.ch\/de\/promopost-die-schweizerische-post\/#primaryimage\"},\"thumbnailUrl\":\"https:\/\/zewo.ch\/wp-content\/uploads\/2023\/11\/Post_Logo_digital_RGB-002.png\",\"datePublished\":\"2019-05-28T07:35:39+00:00\",\"dateModified\":\"2024-03-27T08:39:36+00:00\",\"description\":\"Organisationen mit Zewo-G\u00fctesiegel haben die M\u00f6glichkeit, ihre nicht adressierten Sendungen in alle Briefk\u00e4sten (mit und ohne Stopp-Werbung Kleber ) zustellen zu lassen.\",\"breadcrumb\":{\"@id\":\"https:\/\/zewo.ch\/de\/promopost-die-schweizerische-post\/#breadcrumb\"},\"inLanguage\":\"de\",\"potentialAction\":[{\"@type\":\"ReadAction\",\"target\":[\"https:\/\/zewo.ch\/de\/promopost-die-schweizerische-post\/\"]}]},{\"@type\":\"ImageObject\",\"inLanguage\":\"de\",\"@id\":\"https:\/\/zewo.ch\/de\/promopost-die-schweizerische-post\/#primaryimage\",\"url\":\"https:\/\/zewo.ch\/wp-content\/uploads\/2023\/11\/Post_Logo_digital_RGB-002.png\",\"contentUrl\":\"https:\/\/zewo.ch\/wp-content\/uploads\/2023\/11\/Post_Logo_digital_RGB-002.png\"},{\"@type\":\"BreadcrumbList\",\"@id\":\"https:\/\/zewo.ch\/de\/promopost-die-schweizerische-post\/#breadcrumb\",\"itemListElement\":[{\"@type\":\"ListItem\",\"position\":1,\"name\":\"Home\",\"item\":\"https:\/\/zewo.ch\/de\/\"},{\"@type\":\"ListItem\",\"position\":2,\"name\":\"PromoPost \u2013 Die Schweizerische Post\"}]},{\"@type\":\"WebSite\",\"@id\":\"https:\/\/zewo.ch\/de\/#website\",\"url\":\"https:\/\/zewo.ch\/de\/\",\"name\":\"Zewo\",\"description\":\"Ihre Spende in guten H\u00e4nden.\",\"publisher\":{\"@id\":\"https:\/\/zewo.ch\/de\/#organization\"},\"potentialAction\":[{\"@type\":\"SearchAction\",\"target\":{\"@type\":\"EntryPoint\",\"urlTemplate\":\"https:\/\/zewo.ch\/de\/?s={search_term_string}\"},\"query-input\":{\"@type\":\"PropertyValueSpecification\",\"valueRequired\":true,\"valueName\":\"search_term_string\"}}],\"inLanguage\":\"de\"},{\"@type\":\"Organization\",\"@id\":\"https:\/\/zewo.ch\/de\/#organization\",\"name\":\"Stiftung Zewo\",\"url\":\"https:\/\/zewo.ch\/de\/\",\"logo\":{\"@type\":\"ImageObject\",\"inLanguage\":\"de\",\"@id\":\"https:\/\/zewo.ch\/de\/#\/schema\/logo\/image\/\",\"url\":\"https:\/\/zewo.ch\/wp-content\/uploads\/2019\/08\/Zewo_Logo_Claim_D.svg\",\"contentUrl\":\"https:\/\/zewo.ch\/wp-content\/uploads\/2019\/08\/Zewo_Logo_Claim_D.svg\",\"width\":1,\"height\":1,\"caption\":\"Stiftung Zewo\"},\"image\":{\"@id\":\"https:\/\/zewo.ch\/de\/#\/schema\/logo\/image\/\"},\"sameAs\":[\"https:\/\/www.facebook.com\/Stiftung.ZEWO\/\",\"https:\/\/x.com\/stiftung_zewo\",\"https:\/\/www.linkedin.com\/company\/stiftung-zewo\",\"https:\/\/www.youtube.com\/channel\/UCzjsVJro12OXcvvx1LQP8tw\",\"https:\/\/de.wikipedia.org\/wiki\/Zewo\"]}]}<\/script>\n<!-- \/ Yoast SEO Premium plugin. -->","yoast_head_json":{"title":"Zewo","description":"Organisationen mit Zewo-G\u00fctesiegel haben die M\u00f6glichkeit, ihre nicht adressierten Sendungen in alle Briefk\u00e4sten (mit und ohne Stopp-Werbung Kleber ) zustellen zu lassen.","robots":{"index":"index","follow":"follow","max-snippet":"max-snippet:-1","max-image-preview":"max-image-preview:large","max-video-preview":"max-video-preview:-1"},"canonical":"https:\/\/zewo.ch\/de\/promopost-die-schweizerische-post\/","og_locale":"de_DE","og_type":"article","og_description":"Organisationen mit Zewo-G\u00fctesiegel haben die M\u00f6glichkeit, ihre nicht adressierten Sendungen in alle Briefk\u00e4sten (mit und ohne Stopp-Werbung Kleber ) zustellen zu lassen.","og_url":"https:\/\/zewo.ch\/de\/promopost-die-schweizerische-post\/","og_site_name":"Zewo","article_publisher":"https:\/\/www.facebook.com\/Stiftung.ZEWO\/","article_modified_time":"2024-03-27T08:39:36+00:00","og_image":[{"url":"https:\/\/zewo.ch\/wp-content\/uploads\/2023\/11\/Post_Logo_digital_RGB-002.png","type":"","width":"","height":""}],"twitter_card":"summary_large_image","twitter_site":"@stiftung_zewo","twitter_misc":{"Gesch\u00e4tzte Lesezeit":"1\u00a0Minute"},"schema":{"@context":"https:\/\/schema.org","@graph":[{"@type":"WebPage","@id":"https:\/\/zewo.ch\/de\/promopost-die-schweizerische-post\/#webpage","url":"https:\/\/zewo.ch\/de\/promopost-die-schweizerische-post\/#webpage","name":"","isPartOf":{"@id":"https:\/\/zewo.ch\/de\/#website"},"primaryImageOfPage":{"@id":"https:\/\/zewo.ch\/de\/promopost-die-schweizerische-post\/#primaryimage"},"image":{"@id":"https:\/\/zewo.ch\/de\/promopost-die-schweizerische-post\/#primaryimage"},"thumbnailUrl":"https:\/\/zewo.ch\/wp-content\/uploads\/2023\/11\/Post_Logo_digital_RGB-002.png","datePublished":"2019-05-28T07:35:39+00:00","dateModified":"2024-03-27T08:39:36+00:00","description":"Organisationen mit Zewo-G\u00fctesiegel haben die M\u00f6glichkeit, ihre nicht adressierten Sendungen in alle Briefk\u00e4sten (mit und ohne Stopp-Werbung Kleber ) zustellen zu lassen.","breadcrumb":{"@id":"https:\/\/zewo.ch\/de\/promopost-die-schweizerische-post\/#breadcrumb"},"inLanguage":"de","potentialAction":[{"@type":"ReadAction","target":["https:\/\/zewo.ch\/de\/promopost-die-schweizerische-post\/"]}]},{"@type":"ImageObject","inLanguage":"de","@id":"https:\/\/zewo.ch\/de\/promopost-die-schweizerische-post\/#primaryimage","url":"https:\/\/zewo.ch\/wp-content\/uploads\/2023\/11\/Post_Logo_digital_RGB-002.png","contentUrl":"https:\/\/zewo.ch\/wp-content\/uploads\/2023\/11\/Post_Logo_digital_RGB-002.png"},{"@type":"BreadcrumbList","@id":"https:\/\/zewo.ch\/de\/promopost-die-schweizerische-post\/#breadcrumb","itemListElement":[{"@type":"ListItem","position":1,"name":"Home","item":"https:\/\/zewo.ch\/de\/"},{"@type":"ListItem","position":2,"name":"PromoPost \u2013 Die Schweizerische Post"}]},{"@type":"WebSite","@id":"https:\/\/zewo.ch\/de\/#website","url":"https:\/\/zewo.ch\/de\/","name":"Zewo","description":"Ihre Spende in guten H\u00e4nden.","publisher":{"@id":"https:\/\/zewo.ch\/de\/#organization"},"potentialAction":[{"@type":"SearchAction","target":{"@type":"EntryPoint","urlTemplate":"https:\/\/zewo.ch\/de\/?s={search_term_string}"},"query-input":{"@type":"PropertyValueSpecification","valueRequired":true,"valueName":"search_term_string"}}],"inLanguage":"de"},{"@type":"Organization","@id":"https:\/\/zewo.ch\/de\/#organization","name":"Stiftung Zewo","url":"https:\/\/zewo.ch\/de\/","logo":{"@type":"ImageObject","inLanguage":"de","@id":"https:\/\/zewo.ch\/de\/#\/schema\/logo\/image\/","url":"https:\/\/zewo.ch\/wp-content\/uploads\/2019\/08\/Zewo_Logo_Claim_D.svg","contentUrl":"https:\/\/zewo.ch\/wp-content\/uploads\/2019\/08\/Zewo_Logo_Claim_D.svg","width":1,"height":1,"caption":"Stiftung Zewo"},"image":{"@id":"https:\/\/zewo.ch\/de\/#\/schema\/logo\/image\/"},"sameAs":["https:\/\/www.facebook.com\/Stiftung.ZEWO\/","https:\/\/x.com\/stiftung_zewo","https:\/\/www.linkedin.com\/company\/stiftung-zewo","https:\/\/www.youtube.com\/channel\/UCzjsVJro12OXcvvx1LQP8tw","https:\/\/de.wikipedia.org\/wiki\/Zewo"]}]}},"publishpress_future_action":{"enabled":false,"date":"2026-05-01 01:51:12","action":"change-status","newStatus":"draft","terms":[],"taxonomy":"translation_priority","extraData":[]},"publishpress_future_workflow_manual_trigger":{"enabledWorkflows":[]},"_links":{"self":[{"href":"https:\/\/zewo.ch\/de\/wp-json\/wp\/v2\/pages\/129834","targetHints":{"allow":["GET"]}}],"collection":[{"href":"https:\/\/zewo.ch\/de\/wp-json\/wp\/v2\/pages"}],"about":[{"href":"https:\/\/zewo.ch\/de\/wp-json\/wp\/v2\/types\/page"}],"author":[{"embeddable":true,"href":"https:\/\/zewo.ch\/de\/wp-json\/wp\/v2\/users\/38"}],"replies":[{"embeddable":true,"href":"https:\/\/zewo.ch\/de\/wp-json\/wp\/v2\/comments?post=129834"}],"version-history":[{"count":15,"href":"https:\/\/zewo.ch\/de\/wp-json\/wp\/v2\/pages\/129834\/revisions"}],"predecessor-version":[{"id":5917213,"href":"https:\/\/zewo.ch\/de\/wp-json\/wp\/v2\/pages\/129834\/revisions\/5917213"}],"wp:attachment":[{"href":"https:\/\/zewo.ch\/de\/wp-json\/wp\/v2\/media?parent=129834"}],"wp:term":[{"taxonomy":"folder","embeddable":true,"href":"https:\/\/zewo.ch\/de\/wp-json\/wp\/v2\/folder?post=129834"}],"curies":[{"name":"wp","href":"https:\/\/api.w.org\/{rel}","templated":true}]}}