{"id":123996,"date":"2019-05-27T17:06:12","date_gmt":"2019-05-27T15:06:12","guid":{"rendered":"https:\/\/www.zewo.ch\/?page_id=123996"},"modified":"2026-01-27T16:43:28","modified_gmt":"2026-01-27T15:43:28","slug":"swiss-post-advertising","status":"publish","type":"page","link":"https:\/\/zewo.ch\/de\/swiss-post-advertising\/","title":{"rendered":"Swiss Post Advertising"},"content":{"rendered":"\n<h2 class=\"wp-block-heading\">Rabatt und Angebot f\u00fcr NPO mit Zewo-G\u00fctesiegel:<\/h2>\n\n\n\n<figure class=\"wp-block-image size-full\"><img loading=\"lazy\" decoding=\"async\" width=\"300\" height=\"300\" src=\"https:\/\/zewo.ch\/wp-content\/uploads\/2023\/11\/Post_Logo_digital_RGB-002.png\" alt=\"Logo Post\" class=\"wp-image-5801713\" srcset=\"https:\/\/zewo.ch\/wp-content\/uploads\/2023\/11\/Post_Logo_digital_RGB-002.png 300w, https:\/\/zewo.ch\/wp-content\/uploads\/2023\/11\/Post_Logo_digital_RGB-002-150x150.png 150w\" sizes=\"auto, (min-width: 960px) 75vw, 100vw\" \/><\/figure>\n\n\n\n<p>Organisationen mit Zewo-G\u00fctesiegel erhalten auf Werbebuchungen einen Rabatt. Dies gilt f\u00fcr folgende Produkte:<\/p>\n\n\n\n<h3 class=\"wp-block-heading\">Postcard Creator Business<\/h3>\n\n\n\n<p>Postkartenmailings einfach und schnell realisieren mit dem Online-Kreationstool von Swiss Post Advertising. Organisationen mit Zewo-G\u00fctesiegel erhalten&nbsp;<strong>10 % Rabatt<\/strong>&nbsp;auf den Produktionspreis von PostCard Creator-Mailings mit folgendem Code:&nbsp;<strong>zewo311226.<\/strong> <\/p>\n\n\n\n<p>Der Aktionscode ist bis am 31. Dezember 2026 g\u00fcltig.<\/p>\n\n\n\n<p><a href=\"https:\/\/advertising.post.ch\/de\/angebote\/direct-mailing\/postkarten-mailings\" target=\"_blank\" rel=\"noreferrer noopener\"><\/a><a href=\"https:\/\/advertising.post.ch\/de\/angebote\/direct-mailing\/postkarten-mailings\">Mailings online erstellen und drucken: PostCard Creator Business<\/a><br><\/p>\n\n\n\n<h3 class=\"wp-block-heading\">Flyer-Service<\/h3>\n\n\n\n<p>Flyer einfach und schnell drucken sowie verteilen lassen mit dem Online-Tool von Swiss Post Advertising. Organisationen mit Zewo-G\u00fctesiegel erhalten&nbsp;<strong>10 % Rabatt&nbsp;<\/strong>auf den Produktionspreis von Flyer-Mailings mit folgendem Code:&nbsp;<strong>zewo311226. <\/strong><\/p>\n\n\n\n<p>Der Aktionscode ist bis am 31. Dezember 2026 g\u00fcltig.<\/p>\n\n\n\n<p><a href=\"https:\/\/advertising.post.ch\/de\/angebote\/direct-mailing\/flyer-service\" target=\"_blank\" rel=\"noreferrer noopener\">Flyer drucken und zielgruppengerecht verteilen lassen<\/a><br><\/p>\n\n\n\n<h3 class=\"wp-block-heading\">PromoPost<\/h3>\n\n\n\n<p>Organisationen mit Zewo-G\u00fctesiegel haben die M\u00f6glichkeit, ihre nicht adressierten Sendungen mit PromoPost&nbsp;in alle Briefk\u00e4sten&nbsp;(mit und ohne Stopp-Werbung Kleber ) zustellen zu lassen. So erreichen Sie bei Spendensammlungen auch werbearme Haushalte. Davon ausgenommen sind Sendungen mit kommerziellen Inhalten (z. B . Shopangebote). Sie k\u00f6nnen die Kriterien <a href=\"https:\/\/www.post.ch\/de\/briefe-versenden\/flyer\/promopost?shortcut=promopost#kommerzielle-offizielle-sendungen\">hier<\/a>&nbsp;nachlesen.<\/p>\n\n\n\n<p><a href=\"https:\/\/advertising.post.ch\/de\/angebote\/direct-mailing\/promopost\" target=\"_blank\" rel=\"noreferrer noopener\">PromoPost: F\u00fcr zielgruppengenaue Streuwerbung in Briefk\u00e4sten<\/a><\/p>\n\n\n\n<p><\/p>\n\n\n\n<h2 class=\"wp-block-heading\">Kontakt<\/h2>\n\n\n\n<p>Swiss Post Advertising<br><a href=\"mailto:advertising@post.ch\">advertising@post.ch<\/a><br>+41 58 667 85 91<br><a href=\"https:\/\/advertising.post.ch\/de\" target=\"_blank\" rel=\"noreferrer noopener\">Swiss Post Advertising: Werbung f\u00fcr die Schweiz, die ankommt<\/a><\/p>\n\n\n\n<div class=\"wp-block-cgb-block-zewo-block-button ab-block-button\"><a href=\"\/de\/vorteile-und-rabatte\/\" class=\"button primary\"><span class=\"button-arrow\"><\/span>Zur\u00fcck zur \u00dcbersicht<\/a><\/div>\n","protected":false},"excerpt":{"rendered":"<p>Rabatt und Angebot f\u00fcr NPO mit Zewo-G\u00fctesiegel: Organisationen mit Zewo-G\u00fctesiegel erhalten auf Werbebuchungen einen Rabatt. Dies gilt f\u00fcr folgende Produkte: Postcard Creator Business Postkartenmailings einfach und schnell realisieren mit dem Online-Kreationstool von Swiss Post Advertising. Organisationen mit Zewo-G\u00fctesiegel erhalten&nbsp;10 % Rabatt&nbsp;auf den Produktionspreis von PostCard Creator-Mailings mit folgendem Code:&nbsp;zewo311226. Der Aktionscode ist bis am 31. [&hellip;]<\/p>\n","protected":false},"author":38,"featured_media":0,"parent":0,"menu_order":273,"comment_status":"closed","ping_status":"closed","template":"","meta":{"_acf_changed":false,"footnotes":""},"folder":[6639],"class_list":["post-123996","page","type-page","status-publish","hentry"],"acf":[],"yoast_head":"<!-- This site is optimized with the Yoast SEO Premium plugin v26.0 (Yoast SEO v26.0) - https:\/\/yoast.com\/wordpress\/plugins\/seo\/ -->\n<title>Zewo<\/title>\n<meta name=\"description\" content=\"Die Schweizerische Post unterst\u00fctzt Zewo-zertifizierte Hilfswerke mit Rabatten bei der effektiven Spendenkommunikation. Jetzt mehr erfahren!\" \/>\n<meta name=\"robots\" content=\"index, follow, max-snippet:-1, max-image-preview:large, max-video-preview:-1\" \/>\n<link rel=\"canonical\" href=\"https:\/\/zewo.ch\/de\/swiss-post-advertising\/\" \/>\n<meta property=\"og:locale\" content=\"de_DE\" \/>\n<meta property=\"og:type\" content=\"article\" \/>\n<meta property=\"og:description\" content=\"Die Schweizerische Post unterst\u00fctzt Zewo-zertifizierte Hilfswerke mit Rabatten bei der effektiven Spendenkommunikation. Jetzt mehr erfahren!\" \/>\n<meta property=\"og:url\" content=\"https:\/\/zewo.ch\/de\/swiss-post-advertising\/\" \/>\n<meta property=\"og:site_name\" content=\"Zewo\" \/>\n<meta property=\"article:publisher\" content=\"https:\/\/www.facebook.com\/Stiftung.ZEWO\/\" \/>\n<meta property=\"article:modified_time\" content=\"2026-01-27T15:43:28+00:00\" \/>\n<meta property=\"og:image\" content=\"https:\/\/zewo.ch\/wp-content\/uploads\/2023\/11\/Post_Logo_digital_RGB-002.png\" \/>\n\t<meta property=\"og:image:width\" content=\"300\" \/>\n\t<meta property=\"og:image:height\" content=\"300\" \/>\n\t<meta property=\"og:image:type\" content=\"image\/png\" \/>\n<meta name=\"twitter:card\" content=\"summary_large_image\" \/>\n<meta name=\"twitter:site\" content=\"@stiftung_zewo\" \/>\n<meta name=\"twitter:label1\" content=\"Gesch\u00e4tzte Lesezeit\" \/>\n\t<meta name=\"twitter:data1\" content=\"2\u00a0Minuten\" \/>\n<script type=\"application\/ld+json\" class=\"yoast-schema-graph\">{\"@context\":\"https:\/\/schema.org\",\"@graph\":[{\"@type\":\"WebPage\",\"@id\":\"https:\/\/zewo.ch\/de\/swiss-post-advertising\/#webpage\",\"url\":\"https:\/\/zewo.ch\/de\/swiss-post-advertising\/#webpage\",\"name\":\"\",\"isPartOf\":{\"@id\":\"https:\/\/zewo.ch\/de\/#website\"},\"primaryImageOfPage\":{\"@id\":\"https:\/\/zewo.ch\/de\/swiss-post-advertising\/#primaryimage\"},\"image\":{\"@id\":\"https:\/\/zewo.ch\/de\/swiss-post-advertising\/#primaryimage\"},\"thumbnailUrl\":\"https:\/\/zewo.ch\/wp-content\/uploads\/2023\/11\/Post_Logo_digital_RGB-002.png\",\"datePublished\":\"2019-05-27T15:06:12+00:00\",\"dateModified\":\"2026-01-27T15:43:28+00:00\",\"description\":\"Die Schweizerische Post unterst\u00fctzt Zewo-zertifizierte Hilfswerke mit Rabatten bei der effektiven Spendenkommunikation. Jetzt mehr erfahren!\",\"breadcrumb\":{\"@id\":\"https:\/\/zewo.ch\/de\/swiss-post-advertising\/#breadcrumb\"},\"inLanguage\":\"de\",\"potentialAction\":[{\"@type\":\"ReadAction\",\"target\":[\"https:\/\/zewo.ch\/de\/swiss-post-advertising\/\"]}]},{\"@type\":\"ImageObject\",\"inLanguage\":\"de\",\"@id\":\"https:\/\/zewo.ch\/de\/swiss-post-advertising\/#primaryimage\",\"url\":\"https:\/\/zewo.ch\/wp-content\/uploads\/2023\/11\/Post_Logo_digital_RGB-002.png\",\"contentUrl\":\"https:\/\/zewo.ch\/wp-content\/uploads\/2023\/11\/Post_Logo_digital_RGB-002.png\"},{\"@type\":\"BreadcrumbList\",\"@id\":\"https:\/\/zewo.ch\/de\/swiss-post-advertising\/#breadcrumb\",\"itemListElement\":[{\"@type\":\"ListItem\",\"position\":1,\"name\":\"Home\",\"item\":\"https:\/\/zewo.ch\/de\/\"},{\"@type\":\"ListItem\",\"position\":2,\"name\":\"Swiss Post Advertising\"}]},{\"@type\":\"WebSite\",\"@id\":\"https:\/\/zewo.ch\/de\/#website\",\"url\":\"https:\/\/zewo.ch\/de\/\",\"name\":\"Zewo\",\"description\":\"Ihre Spende in guten H\u00e4nden.\",\"publisher\":{\"@id\":\"https:\/\/zewo.ch\/de\/#organization\"},\"potentialAction\":[{\"@type\":\"SearchAction\",\"target\":{\"@type\":\"EntryPoint\",\"urlTemplate\":\"https:\/\/zewo.ch\/de\/?s={search_term_string}\"},\"query-input\":{\"@type\":\"PropertyValueSpecification\",\"valueRequired\":true,\"valueName\":\"search_term_string\"}}],\"inLanguage\":\"de\"},{\"@type\":\"Organization\",\"@id\":\"https:\/\/zewo.ch\/de\/#organization\",\"name\":\"Stiftung Zewo\",\"url\":\"https:\/\/zewo.ch\/de\/\",\"logo\":{\"@type\":\"ImageObject\",\"inLanguage\":\"de\",\"@id\":\"https:\/\/zewo.ch\/de\/#\/schema\/logo\/image\/\",\"url\":\"https:\/\/zewo.ch\/wp-content\/uploads\/2019\/08\/Zewo_Logo_Claim_D.svg\",\"contentUrl\":\"https:\/\/zewo.ch\/wp-content\/uploads\/2019\/08\/Zewo_Logo_Claim_D.svg\",\"width\":1,\"height\":1,\"caption\":\"Stiftung Zewo\"},\"image\":{\"@id\":\"https:\/\/zewo.ch\/de\/#\/schema\/logo\/image\/\"},\"sameAs\":[\"https:\/\/www.facebook.com\/Stiftung.ZEWO\/\",\"https:\/\/x.com\/stiftung_zewo\",\"https:\/\/www.linkedin.com\/company\/stiftung-zewo\",\"https:\/\/www.youtube.com\/channel\/UCzjsVJro12OXcvvx1LQP8tw\",\"https:\/\/de.wikipedia.org\/wiki\/Zewo\"]}]}<\/script>\n<!-- \/ Yoast SEO Premium plugin. -->","yoast_head_json":{"title":"Zewo","description":"Die Schweizerische Post unterst\u00fctzt Zewo-zertifizierte Hilfswerke mit Rabatten bei der effektiven Spendenkommunikation. Jetzt mehr erfahren!","robots":{"index":"index","follow":"follow","max-snippet":"max-snippet:-1","max-image-preview":"max-image-preview:large","max-video-preview":"max-video-preview:-1"},"canonical":"https:\/\/zewo.ch\/de\/swiss-post-advertising\/","og_locale":"de_DE","og_type":"article","og_description":"Die Schweizerische Post unterst\u00fctzt Zewo-zertifizierte Hilfswerke mit Rabatten bei der effektiven Spendenkommunikation. Jetzt mehr erfahren!","og_url":"https:\/\/zewo.ch\/de\/swiss-post-advertising\/","og_site_name":"Zewo","article_publisher":"https:\/\/www.facebook.com\/Stiftung.ZEWO\/","article_modified_time":"2026-01-27T15:43:28+00:00","og_image":[{"width":300,"height":300,"url":"https:\/\/zewo.ch\/wp-content\/uploads\/2023\/11\/Post_Logo_digital_RGB-002.png","type":"image\/png"}],"twitter_card":"summary_large_image","twitter_site":"@stiftung_zewo","twitter_misc":{"Gesch\u00e4tzte Lesezeit":"2\u00a0Minuten"},"schema":{"@context":"https:\/\/schema.org","@graph":[{"@type":"WebPage","@id":"https:\/\/zewo.ch\/de\/swiss-post-advertising\/#webpage","url":"https:\/\/zewo.ch\/de\/swiss-post-advertising\/#webpage","name":"","isPartOf":{"@id":"https:\/\/zewo.ch\/de\/#website"},"primaryImageOfPage":{"@id":"https:\/\/zewo.ch\/de\/swiss-post-advertising\/#primaryimage"},"image":{"@id":"https:\/\/zewo.ch\/de\/swiss-post-advertising\/#primaryimage"},"thumbnailUrl":"https:\/\/zewo.ch\/wp-content\/uploads\/2023\/11\/Post_Logo_digital_RGB-002.png","datePublished":"2019-05-27T15:06:12+00:00","dateModified":"2026-01-27T15:43:28+00:00","description":"Die Schweizerische Post unterst\u00fctzt Zewo-zertifizierte Hilfswerke mit Rabatten bei der effektiven Spendenkommunikation. Jetzt mehr erfahren!","breadcrumb":{"@id":"https:\/\/zewo.ch\/de\/swiss-post-advertising\/#breadcrumb"},"inLanguage":"de","potentialAction":[{"@type":"ReadAction","target":["https:\/\/zewo.ch\/de\/swiss-post-advertising\/"]}]},{"@type":"ImageObject","inLanguage":"de","@id":"https:\/\/zewo.ch\/de\/swiss-post-advertising\/#primaryimage","url":"https:\/\/zewo.ch\/wp-content\/uploads\/2023\/11\/Post_Logo_digital_RGB-002.png","contentUrl":"https:\/\/zewo.ch\/wp-content\/uploads\/2023\/11\/Post_Logo_digital_RGB-002.png"},{"@type":"BreadcrumbList","@id":"https:\/\/zewo.ch\/de\/swiss-post-advertising\/#breadcrumb","itemListElement":[{"@type":"ListItem","position":1,"name":"Home","item":"https:\/\/zewo.ch\/de\/"},{"@type":"ListItem","position":2,"name":"Swiss Post Advertising"}]},{"@type":"WebSite","@id":"https:\/\/zewo.ch\/de\/#website","url":"https:\/\/zewo.ch\/de\/","name":"Zewo","description":"Ihre Spende in guten H\u00e4nden.","publisher":{"@id":"https:\/\/zewo.ch\/de\/#organization"},"potentialAction":[{"@type":"SearchAction","target":{"@type":"EntryPoint","urlTemplate":"https:\/\/zewo.ch\/de\/?s={search_term_string}"},"query-input":{"@type":"PropertyValueSpecification","valueRequired":true,"valueName":"search_term_string"}}],"inLanguage":"de"},{"@type":"Organization","@id":"https:\/\/zewo.ch\/de\/#organization","name":"Stiftung Zewo","url":"https:\/\/zewo.ch\/de\/","logo":{"@type":"ImageObject","inLanguage":"de","@id":"https:\/\/zewo.ch\/de\/#\/schema\/logo\/image\/","url":"https:\/\/zewo.ch\/wp-content\/uploads\/2019\/08\/Zewo_Logo_Claim_D.svg","contentUrl":"https:\/\/zewo.ch\/wp-content\/uploads\/2019\/08\/Zewo_Logo_Claim_D.svg","width":1,"height":1,"caption":"Stiftung Zewo"},"image":{"@id":"https:\/\/zewo.ch\/de\/#\/schema\/logo\/image\/"},"sameAs":["https:\/\/www.facebook.com\/Stiftung.ZEWO\/","https:\/\/x.com\/stiftung_zewo","https:\/\/www.linkedin.com\/company\/stiftung-zewo","https:\/\/www.youtube.com\/channel\/UCzjsVJro12OXcvvx1LQP8tw","https:\/\/de.wikipedia.org\/wiki\/Zewo"]}]}},"publishpress_future_action":{"enabled":false,"date":"2026-04-23 14:19:17","action":"change-status","newStatus":"draft","terms":[],"taxonomy":"translation_priority","extraData":[]},"publishpress_future_workflow_manual_trigger":{"enabledWorkflows":[]},"_links":{"self":[{"href":"https:\/\/zewo.ch\/de\/wp-json\/wp\/v2\/pages\/123996","targetHints":{"allow":["GET"]}}],"collection":[{"href":"https:\/\/zewo.ch\/de\/wp-json\/wp\/v2\/pages"}],"about":[{"href":"https:\/\/zewo.ch\/de\/wp-json\/wp\/v2\/types\/page"}],"author":[{"embeddable":true,"href":"https:\/\/zewo.ch\/de\/wp-json\/wp\/v2\/users\/38"}],"replies":[{"embeddable":true,"href":"https:\/\/zewo.ch\/de\/wp-json\/wp\/v2\/comments?post=123996"}],"version-history":[{"count":22,"href":"https:\/\/zewo.ch\/de\/wp-json\/wp\/v2\/pages\/123996\/revisions"}],"predecessor-version":[{"id":5937785,"href":"https:\/\/zewo.ch\/de\/wp-json\/wp\/v2\/pages\/123996\/revisions\/5937785"}],"wp:attachment":[{"href":"https:\/\/zewo.ch\/de\/wp-json\/wp\/v2\/media?parent=123996"}],"wp:term":[{"taxonomy":"folder","embeddable":true,"href":"https:\/\/zewo.ch\/de\/wp-json\/wp\/v2\/folder?post=123996"}],"curies":[{"name":"wp","href":"https:\/\/api.w.org\/{rel}","templated":true}]}}