{"id":123968,"date":"2019-05-27T16:23:40","date_gmt":"2019-05-27T14:23:40","guid":{"rendered":"https:\/\/www.zewo.ch\/?page_id=123968"},"modified":"2025-11-12T16:34:19","modified_gmt":"2025-11-12T15:34:19","slug":"walliser-bote","status":"publish","type":"page","link":"https:\/\/zewo.ch\/de\/walliser-bote\/","title":{"rendered":"Walliser Bote"},"content":{"rendered":"\n<h2 class=\"wp-block-heading\" id=\"h-rabatt-fur-npo-mit-zewo-gutesiegel\">Rabatt f\u00fcr NPO mit Zewo-G\u00fctesiegel<\/h2>\n\n\n\n<figure class=\"wp-block-image size-large is-resized\"><img loading=\"lazy\" decoding=\"async\" width=\"150\" height=\"150\" src=\"https:\/\/zewo.ch\/wp-content\/uploads\/2022\/03\/walliser-bote-500px-150x150.png\" alt=\"Walliser Bote\" class=\"wp-image-5787454\" style=\"width:563px;height:375px\"\/><\/figure>\n\n\n\n<p>Allen Zewo-zertifizierten Hilfswerken wird nach Vereinbarung mit den Mengis Medien ein einheitlicher <strong>Rabatt von 50%<\/strong> auf den offiziellen Anzeigentarifen gew\u00e4hrt. <\/p>\n\n\n\n<p>Anfragen k\u00f6nnen an die untenstehende Emailadresse gestellt werden.<\/p>\n\n\n\n<h2 class=\"wp-block-heading\" id=\"h-kontakt\">Kontakt<\/h2>\n\n\n\n<p><strong>Pomona Media AG<\/strong><br>Pomonastrasse 12b<br>CH-3930 Visp<br><a href=\"mailto:inserate@pomona.ch\" target=\"_blank\" rel=\"noreferrer noopener\">inserate@pomona.ch<\/a><br><a href=\"https:\/\/pomonamedia.ch\/\">pomonamedia.ch<\/a><\/p>\n\n\n\n<div class=\"wp-block-cgb-block-zewo-block-button ab-block-button\"><a href=\"\/de\/vorteile-und-rabatte\/\" class=\"button primary\"><span class=\"button-arrow\"><\/span>Zur\u00fcck zur \u00dcbersicht<\/a><\/div>\n","protected":false},"excerpt":{"rendered":"<p>Rabatt f\u00fcr NPO mit Zewo-G\u00fctesiegel Allen Zewo-zertifizierten Hilfswerken wird nach Vereinbarung mit den Mengis Medien ein einheitlicher Rabatt von 50% auf den offiziellen Anzeigentarifen gew\u00e4hrt. Anfragen k\u00f6nnen an die untenstehende Emailadresse gestellt werden. Kontakt Pomona Media AGPomonastrasse 12bCH-3930 Vispinserate@pomona.chpomonamedia.ch<\/p>\n","protected":false},"author":38,"featured_media":0,"parent":0,"menu_order":293,"comment_status":"closed","ping_status":"closed","template":"","meta":{"_acf_changed":false,"footnotes":""},"folder":[6639],"class_list":["post-123968","page","type-page","status-publish","hentry"],"acf":[],"yoast_head":"<!-- This site is optimized with the Yoast SEO Premium plugin v26.0 (Yoast SEO v26.0) - https:\/\/yoast.com\/wordpress\/plugins\/seo\/ -->\n<title>Zewo<\/title>\n<meta name=\"description\" content=\"Der Walliser Bote bietet Zewo-zertifizierten Hilfswerken verg\u00fcnstigte Konditionen f\u00fcr Anzeigen. Nutzen Sie dieses Angebot f\u00fcr Ihre Kommunikation.\" \/>\n<meta name=\"robots\" content=\"index, follow, max-snippet:-1, max-image-preview:large, max-video-preview:-1\" \/>\n<link rel=\"canonical\" href=\"https:\/\/zewo.ch\/de\/walliser-bote\/\" \/>\n<meta property=\"og:locale\" content=\"de_DE\" \/>\n<meta property=\"og:type\" content=\"article\" \/>\n<meta property=\"og:description\" content=\"Der Walliser Bote bietet Zewo-zertifizierten Hilfswerken verg\u00fcnstigte Konditionen f\u00fcr Anzeigen. Nutzen Sie dieses Angebot f\u00fcr Ihre Kommunikation.\" \/>\n<meta property=\"og:url\" content=\"https:\/\/zewo.ch\/de\/walliser-bote\/\" \/>\n<meta property=\"og:site_name\" content=\"Zewo\" \/>\n<meta property=\"article:publisher\" content=\"https:\/\/www.facebook.com\/Stiftung.ZEWO\/\" \/>\n<meta property=\"article:modified_time\" content=\"2025-11-12T15:34:19+00:00\" \/>\n<meta property=\"og:image\" content=\"https:\/\/zewo.ch\/wp-content\/uploads\/2022\/03\/walliser-bote-500px.png\" \/>\n\t<meta property=\"og:image:width\" content=\"500\" \/>\n\t<meta property=\"og:image:height\" content=\"334\" \/>\n\t<meta property=\"og:image:type\" content=\"image\/png\" \/>\n<meta name=\"twitter:card\" content=\"summary_large_image\" \/>\n<meta name=\"twitter:site\" content=\"@stiftung_zewo\" \/>\n<meta name=\"twitter:label1\" content=\"Gesch\u00e4tzte Lesezeit\" \/>\n\t<meta name=\"twitter:data1\" content=\"1\u00a0Minute\" \/>\n<script type=\"application\/ld+json\" class=\"yoast-schema-graph\">{\"@context\":\"https:\/\/schema.org\",\"@graph\":[{\"@type\":\"WebPage\",\"@id\":\"https:\/\/zewo.ch\/de\/walliser-bote\/#webpage\",\"url\":\"https:\/\/zewo.ch\/de\/walliser-bote\/#webpage\",\"name\":\"\",\"isPartOf\":{\"@id\":\"https:\/\/zewo.ch\/de\/#website\"},\"primaryImageOfPage\":{\"@id\":\"https:\/\/zewo.ch\/de\/walliser-bote\/#primaryimage\"},\"image\":{\"@id\":\"https:\/\/zewo.ch\/de\/walliser-bote\/#primaryimage\"},\"thumbnailUrl\":\"https:\/\/zewo.ch\/wp-content\/uploads\/2022\/03\/walliser-bote-500px-150x150.png\",\"datePublished\":\"2019-05-27T14:23:40+00:00\",\"dateModified\":\"2025-11-12T15:34:19+00:00\",\"description\":\"Der Walliser Bote bietet Zewo-zertifizierten Hilfswerken verg\u00fcnstigte Konditionen f\u00fcr Anzeigen. Nutzen Sie dieses Angebot f\u00fcr Ihre Kommunikation.\",\"breadcrumb\":{\"@id\":\"https:\/\/zewo.ch\/de\/walliser-bote\/#breadcrumb\"},\"inLanguage\":\"de\",\"potentialAction\":[{\"@type\":\"ReadAction\",\"target\":[\"https:\/\/zewo.ch\/de\/walliser-bote\/\"]}]},{\"@type\":\"ImageObject\",\"inLanguage\":\"de\",\"@id\":\"https:\/\/zewo.ch\/de\/walliser-bote\/#primaryimage\",\"url\":\"https:\/\/zewo.ch\/wp-content\/uploads\/2022\/03\/walliser-bote-500px-150x150.png\",\"contentUrl\":\"https:\/\/zewo.ch\/wp-content\/uploads\/2022\/03\/walliser-bote-500px-150x150.png\"},{\"@type\":\"BreadcrumbList\",\"@id\":\"https:\/\/zewo.ch\/de\/walliser-bote\/#breadcrumb\",\"itemListElement\":[{\"@type\":\"ListItem\",\"position\":1,\"name\":\"Home\",\"item\":\"https:\/\/zewo.ch\/de\/\"},{\"@type\":\"ListItem\",\"position\":2,\"name\":\"Walliser Bote\"}]},{\"@type\":\"WebSite\",\"@id\":\"https:\/\/zewo.ch\/de\/#website\",\"url\":\"https:\/\/zewo.ch\/de\/\",\"name\":\"Zewo\",\"description\":\"Ihre Spende in guten H\u00e4nden.\",\"publisher\":{\"@id\":\"https:\/\/zewo.ch\/de\/#organization\"},\"potentialAction\":[{\"@type\":\"SearchAction\",\"target\":{\"@type\":\"EntryPoint\",\"urlTemplate\":\"https:\/\/zewo.ch\/de\/?s={search_term_string}\"},\"query-input\":{\"@type\":\"PropertyValueSpecification\",\"valueRequired\":true,\"valueName\":\"search_term_string\"}}],\"inLanguage\":\"de\"},{\"@type\":\"Organization\",\"@id\":\"https:\/\/zewo.ch\/de\/#organization\",\"name\":\"Stiftung Zewo\",\"url\":\"https:\/\/zewo.ch\/de\/\",\"logo\":{\"@type\":\"ImageObject\",\"inLanguage\":\"de\",\"@id\":\"https:\/\/zewo.ch\/de\/#\/schema\/logo\/image\/\",\"url\":\"https:\/\/zewo.ch\/wp-content\/uploads\/2019\/08\/Zewo_Logo_Claim_D.svg\",\"contentUrl\":\"https:\/\/zewo.ch\/wp-content\/uploads\/2019\/08\/Zewo_Logo_Claim_D.svg\",\"width\":1,\"height\":1,\"caption\":\"Stiftung Zewo\"},\"image\":{\"@id\":\"https:\/\/zewo.ch\/de\/#\/schema\/logo\/image\/\"},\"sameAs\":[\"https:\/\/www.facebook.com\/Stiftung.ZEWO\/\",\"https:\/\/x.com\/stiftung_zewo\",\"https:\/\/www.linkedin.com\/company\/stiftung-zewo\",\"https:\/\/www.youtube.com\/channel\/UCzjsVJro12OXcvvx1LQP8tw\",\"https:\/\/de.wikipedia.org\/wiki\/Zewo\"]}]}<\/script>\n<!-- \/ Yoast SEO Premium plugin. -->","yoast_head_json":{"title":"Zewo","description":"Der Walliser Bote bietet Zewo-zertifizierten Hilfswerken verg\u00fcnstigte Konditionen f\u00fcr Anzeigen. Nutzen Sie dieses Angebot f\u00fcr Ihre Kommunikation.","robots":{"index":"index","follow":"follow","max-snippet":"max-snippet:-1","max-image-preview":"max-image-preview:large","max-video-preview":"max-video-preview:-1"},"canonical":"https:\/\/zewo.ch\/de\/walliser-bote\/","og_locale":"de_DE","og_type":"article","og_description":"Der Walliser Bote bietet Zewo-zertifizierten Hilfswerken verg\u00fcnstigte Konditionen f\u00fcr Anzeigen. Nutzen Sie dieses Angebot f\u00fcr Ihre Kommunikation.","og_url":"https:\/\/zewo.ch\/de\/walliser-bote\/","og_site_name":"Zewo","article_publisher":"https:\/\/www.facebook.com\/Stiftung.ZEWO\/","article_modified_time":"2025-11-12T15:34:19+00:00","og_image":[{"width":500,"height":334,"url":"https:\/\/zewo.ch\/wp-content\/uploads\/2022\/03\/walliser-bote-500px.png","type":"image\/png"}],"twitter_card":"summary_large_image","twitter_site":"@stiftung_zewo","twitter_misc":{"Gesch\u00e4tzte Lesezeit":"1\u00a0Minute"},"schema":{"@context":"https:\/\/schema.org","@graph":[{"@type":"WebPage","@id":"https:\/\/zewo.ch\/de\/walliser-bote\/#webpage","url":"https:\/\/zewo.ch\/de\/walliser-bote\/#webpage","name":"","isPartOf":{"@id":"https:\/\/zewo.ch\/de\/#website"},"primaryImageOfPage":{"@id":"https:\/\/zewo.ch\/de\/walliser-bote\/#primaryimage"},"image":{"@id":"https:\/\/zewo.ch\/de\/walliser-bote\/#primaryimage"},"thumbnailUrl":"https:\/\/zewo.ch\/wp-content\/uploads\/2022\/03\/walliser-bote-500px-150x150.png","datePublished":"2019-05-27T14:23:40+00:00","dateModified":"2025-11-12T15:34:19+00:00","description":"Der Walliser Bote bietet Zewo-zertifizierten Hilfswerken verg\u00fcnstigte Konditionen f\u00fcr Anzeigen. Nutzen Sie dieses Angebot f\u00fcr Ihre Kommunikation.","breadcrumb":{"@id":"https:\/\/zewo.ch\/de\/walliser-bote\/#breadcrumb"},"inLanguage":"de","potentialAction":[{"@type":"ReadAction","target":["https:\/\/zewo.ch\/de\/walliser-bote\/"]}]},{"@type":"ImageObject","inLanguage":"de","@id":"https:\/\/zewo.ch\/de\/walliser-bote\/#primaryimage","url":"https:\/\/zewo.ch\/wp-content\/uploads\/2022\/03\/walliser-bote-500px-150x150.png","contentUrl":"https:\/\/zewo.ch\/wp-content\/uploads\/2022\/03\/walliser-bote-500px-150x150.png"},{"@type":"BreadcrumbList","@id":"https:\/\/zewo.ch\/de\/walliser-bote\/#breadcrumb","itemListElement":[{"@type":"ListItem","position":1,"name":"Home","item":"https:\/\/zewo.ch\/de\/"},{"@type":"ListItem","position":2,"name":"Walliser Bote"}]},{"@type":"WebSite","@id":"https:\/\/zewo.ch\/de\/#website","url":"https:\/\/zewo.ch\/de\/","name":"Zewo","description":"Ihre Spende in guten H\u00e4nden.","publisher":{"@id":"https:\/\/zewo.ch\/de\/#organization"},"potentialAction":[{"@type":"SearchAction","target":{"@type":"EntryPoint","urlTemplate":"https:\/\/zewo.ch\/de\/?s={search_term_string}"},"query-input":{"@type":"PropertyValueSpecification","valueRequired":true,"valueName":"search_term_string"}}],"inLanguage":"de"},{"@type":"Organization","@id":"https:\/\/zewo.ch\/de\/#organization","name":"Stiftung Zewo","url":"https:\/\/zewo.ch\/de\/","logo":{"@type":"ImageObject","inLanguage":"de","@id":"https:\/\/zewo.ch\/de\/#\/schema\/logo\/image\/","url":"https:\/\/zewo.ch\/wp-content\/uploads\/2019\/08\/Zewo_Logo_Claim_D.svg","contentUrl":"https:\/\/zewo.ch\/wp-content\/uploads\/2019\/08\/Zewo_Logo_Claim_D.svg","width":1,"height":1,"caption":"Stiftung Zewo"},"image":{"@id":"https:\/\/zewo.ch\/de\/#\/schema\/logo\/image\/"},"sameAs":["https:\/\/www.facebook.com\/Stiftung.ZEWO\/","https:\/\/x.com\/stiftung_zewo","https:\/\/www.linkedin.com\/company\/stiftung-zewo","https:\/\/www.youtube.com\/channel\/UCzjsVJro12OXcvvx1LQP8tw","https:\/\/de.wikipedia.org\/wiki\/Zewo"]}]}},"publishpress_future_action":{"enabled":false,"date":"2026-04-22 07:20:55","action":"change-status","newStatus":"draft","terms":[],"taxonomy":"translation_priority","extraData":[]},"publishpress_future_workflow_manual_trigger":{"enabledWorkflows":[]},"_links":{"self":[{"href":"https:\/\/zewo.ch\/de\/wp-json\/wp\/v2\/pages\/123968","targetHints":{"allow":["GET"]}}],"collection":[{"href":"https:\/\/zewo.ch\/de\/wp-json\/wp\/v2\/pages"}],"about":[{"href":"https:\/\/zewo.ch\/de\/wp-json\/wp\/v2\/types\/page"}],"author":[{"embeddable":true,"href":"https:\/\/zewo.ch\/de\/wp-json\/wp\/v2\/users\/38"}],"replies":[{"embeddable":true,"href":"https:\/\/zewo.ch\/de\/wp-json\/wp\/v2\/comments?post=123968"}],"version-history":[{"count":12,"href":"https:\/\/zewo.ch\/de\/wp-json\/wp\/v2\/pages\/123968\/revisions"}],"predecessor-version":[{"id":5938616,"href":"https:\/\/zewo.ch\/de\/wp-json\/wp\/v2\/pages\/123968\/revisions\/5938616"}],"wp:attachment":[{"href":"https:\/\/zewo.ch\/de\/wp-json\/wp\/v2\/media?parent=123968"}],"wp:term":[{"taxonomy":"folder","embeddable":true,"href":"https:\/\/zewo.ch\/de\/wp-json\/wp\/v2\/folder?post=123968"}],"curies":[{"name":"wp","href":"https:\/\/api.w.org\/{rel}","templated":true}]}}