{"id":123894,"date":"2019-05-27T13:19:00","date_gmt":"2019-05-27T11:19:00","guid":{"rendered":"https:\/\/www.zewo.ch\/?page_id=123894"},"modified":"2025-01-14T09:18:25","modified_gmt":"2025-01-14T08:18:25","slug":"goldbach-group","status":"publish","type":"page","link":"https:\/\/zewo.ch\/de\/goldbach-group\/","title":{"rendered":"Goldbach Group AG"},"content":{"rendered":"\n<h2 class=\"wp-block-heading\" id=\"h-rabatt-fur-npo-mit-zewo-gutesiegel\">Rabatt f\u00fcr NPO mit Zewo-G\u00fctesiegel<\/h2>\n\n\n\n<figure class=\"wp-block-image is-resized\"><img loading=\"lazy\" decoding=\"async\" width=\"1024\" height=\"790\" src=\"https:\/\/zewo.ch\/wp-content\/uploads\/2019\/05\/d223a1850a4413c4c42b.jpg-1024x790.png\" alt=\"Logo Goldbach\" class=\"wp-image-123899\" style=\"width:512px;height:395px\" srcset=\"https:\/\/zewo.ch\/wp-content\/uploads\/2019\/05\/d223a1850a4413c4c42b.jpg-1024x790.png 1024w, https:\/\/zewo.ch\/wp-content\/uploads\/2019\/05\/d223a1850a4413c4c42b.jpg-300x231.png 300w, https:\/\/zewo.ch\/wp-content\/uploads\/2019\/05\/d223a1850a4413c4c42b.jpg-768x592.png 768w, https:\/\/zewo.ch\/wp-content\/uploads\/2019\/05\/d223a1850a4413c4c42b.jpg.png 1481w\" sizes=\"auto, (min-width: 960px) 75vw, 100vw\" \/><\/figure>\n\n\n\n<p>Die Goldbach Group AG bietet gemeinn\u00fctzigen Organisationen mit Zewo-G\u00fctesiegel eine <strong>Preisreduktion von 50%<\/strong> auf Werbung.<\/p>\n\n\n\n<p>Von diesem Rabatt profitieren k\u00f6nnen Sie bei folgenden Produkten:<\/p>\n\n\n\n<ul class=\"wp-block-list\">\n<li>TV-Werbung<\/li>\n\n\n\n<li>OOH- &amp; DOOH Netzwerk (Digitale Aussenwerbung)<\/li>\n\n\n\n<li>Radio-Werbung<\/li>\n\n\n\n<li>Online-Werbung<\/li>\n<\/ul>\n\n\n\n<h2 class=\"wp-block-heading\" id=\"h-kontakt\">Kontakt<\/h2>\n\n\n\n<p><strong>Goldbach Group AG<\/strong><br>Seestrasse 39<br>8700 K\u00fcsnacht<br>Tel. 044 914 91 00<br><a href=\"mailto:info.ch@goldbach.com\" target=\"_blank\" rel=\"noreferrer noopener\">info.ch@goldbach.com<\/a><br><a href=\"https:\/\/goldbach.com\/ch\/de\/home\" rel=\"sponsored nofollow\">goldbach.com<\/a><\/p>\n\n\n\n<div class=\"wp-block-cgb-block-zewo-block-button ab-block-button\"><a href=\"\/de\/vorteile-und-rabatte\/\" class=\"button primary\"><span class=\"button-arrow\"><\/span>Zur\u00fcck zur \u00dcbersicht<\/a><\/div>\n","protected":false},"excerpt":{"rendered":"<p>Rabatt f\u00fcr NPO mit Zewo-G\u00fctesiegel Die Goldbach Group AG bietet gemeinn\u00fctzigen Organisationen mit Zewo-G\u00fctesiegel eine Preisreduktion von 50% auf Werbung. Von diesem Rabatt profitieren k\u00f6nnen Sie bei folgenden Produkten: Kontakt Goldbach Group AGSeestrasse 398700 K\u00fcsnachtTel. 044 914 91 00info.ch@goldbach.comgoldbach.com<\/p>\n","protected":false},"author":38,"featured_media":0,"parent":0,"menu_order":265,"comment_status":"closed","ping_status":"closed","template":"","meta":{"_acf_changed":false,"footnotes":""},"folder":[6639],"class_list":["post-123894","page","type-page","status-publish","hentry"],"acf":[],"yoast_head":"<!-- This site is optimized with the Yoast SEO Premium plugin v26.0 (Yoast SEO v26.0) - https:\/\/yoast.com\/wordpress\/plugins\/seo\/ -->\n<title>Zewo<\/title>\n<meta name=\"description\" content=\"Organisationen mit Zewo-G\u00fctesiegel eine Preisreduktion von 50% von Goldbach Media\" \/>\n<meta name=\"robots\" content=\"index, follow, max-snippet:-1, max-image-preview:large, max-video-preview:-1\" \/>\n<link rel=\"canonical\" href=\"https:\/\/zewo.ch\/de\/goldbach-group\/\" \/>\n<meta property=\"og:locale\" content=\"de_DE\" \/>\n<meta property=\"og:type\" content=\"article\" \/>\n<meta property=\"og:description\" content=\"Organisationen mit Zewo-G\u00fctesiegel eine Preisreduktion von 50% von Goldbach Media\" \/>\n<meta property=\"og:url\" content=\"https:\/\/zewo.ch\/de\/goldbach-group\/\" \/>\n<meta property=\"og:site_name\" content=\"Zewo\" \/>\n<meta property=\"article:publisher\" content=\"https:\/\/www.facebook.com\/Stiftung.ZEWO\/\" \/>\n<meta property=\"article:modified_time\" content=\"2025-01-14T08:18:25+00:00\" \/>\n<meta property=\"og:image\" content=\"https:\/\/zewo.ch\/wp-content\/uploads\/2019\/05\/d223a1850a4413c4c42b.jpg-1024x790.png\" \/>\n<meta name=\"twitter:card\" content=\"summary_large_image\" \/>\n<meta name=\"twitter:site\" content=\"@stiftung_zewo\" \/>\n<meta name=\"twitter:label1\" content=\"Gesch\u00e4tzte Lesezeit\" \/>\n\t<meta name=\"twitter:data1\" content=\"1\u00a0Minute\" \/>\n<script type=\"application\/ld+json\" class=\"yoast-schema-graph\">{\"@context\":\"https:\/\/schema.org\",\"@graph\":[{\"@type\":\"WebPage\",\"@id\":\"https:\/\/zewo.ch\/de\/goldbach-group\/#webpage\",\"url\":\"https:\/\/zewo.ch\/de\/goldbach-group\/#webpage\",\"name\":\"\",\"isPartOf\":{\"@id\":\"https:\/\/zewo.ch\/de\/#website\"},\"primaryImageOfPage\":{\"@id\":\"https:\/\/zewo.ch\/de\/goldbach-group\/#primaryimage\"},\"image\":{\"@id\":\"https:\/\/zewo.ch\/de\/goldbach-group\/#primaryimage\"},\"thumbnailUrl\":\"https:\/\/zewo.ch\/wp-content\/uploads\/2019\/05\/d223a1850a4413c4c42b.jpg-1024x790.png\",\"datePublished\":\"2019-05-27T11:19:00+00:00\",\"dateModified\":\"2025-01-14T08:18:25+00:00\",\"description\":\"Organisationen mit Zewo-G\u00fctesiegel eine Preisreduktion von 50% von Goldbach Media\",\"breadcrumb\":{\"@id\":\"https:\/\/zewo.ch\/de\/goldbach-group\/#breadcrumb\"},\"inLanguage\":\"de\",\"potentialAction\":[{\"@type\":\"ReadAction\",\"target\":[\"https:\/\/zewo.ch\/de\/goldbach-group\/\"]}]},{\"@type\":\"ImageObject\",\"inLanguage\":\"de\",\"@id\":\"https:\/\/zewo.ch\/de\/goldbach-group\/#primaryimage\",\"url\":\"https:\/\/zewo.ch\/wp-content\/uploads\/2019\/05\/d223a1850a4413c4c42b.jpg-1024x790.png\",\"contentUrl\":\"https:\/\/zewo.ch\/wp-content\/uploads\/2019\/05\/d223a1850a4413c4c42b.jpg-1024x790.png\"},{\"@type\":\"BreadcrumbList\",\"@id\":\"https:\/\/zewo.ch\/de\/goldbach-group\/#breadcrumb\",\"itemListElement\":[{\"@type\":\"ListItem\",\"position\":1,\"name\":\"Home\",\"item\":\"https:\/\/zewo.ch\/de\/\"},{\"@type\":\"ListItem\",\"position\":2,\"name\":\"Goldbach Group AG\"}]},{\"@type\":\"WebSite\",\"@id\":\"https:\/\/zewo.ch\/de\/#website\",\"url\":\"https:\/\/zewo.ch\/de\/\",\"name\":\"Zewo\",\"description\":\"Ihre Spende in guten H\u00e4nden.\",\"publisher\":{\"@id\":\"https:\/\/zewo.ch\/de\/#organization\"},\"potentialAction\":[{\"@type\":\"SearchAction\",\"target\":{\"@type\":\"EntryPoint\",\"urlTemplate\":\"https:\/\/zewo.ch\/de\/?s={search_term_string}\"},\"query-input\":{\"@type\":\"PropertyValueSpecification\",\"valueRequired\":true,\"valueName\":\"search_term_string\"}}],\"inLanguage\":\"de\"},{\"@type\":\"Organization\",\"@id\":\"https:\/\/zewo.ch\/de\/#organization\",\"name\":\"Stiftung Zewo\",\"url\":\"https:\/\/zewo.ch\/de\/\",\"logo\":{\"@type\":\"ImageObject\",\"inLanguage\":\"de\",\"@id\":\"https:\/\/zewo.ch\/de\/#\/schema\/logo\/image\/\",\"url\":\"https:\/\/zewo.ch\/wp-content\/uploads\/2019\/08\/Zewo_Logo_Claim_D.svg\",\"contentUrl\":\"https:\/\/zewo.ch\/wp-content\/uploads\/2019\/08\/Zewo_Logo_Claim_D.svg\",\"width\":1,\"height\":1,\"caption\":\"Stiftung Zewo\"},\"image\":{\"@id\":\"https:\/\/zewo.ch\/de\/#\/schema\/logo\/image\/\"},\"sameAs\":[\"https:\/\/www.facebook.com\/Stiftung.ZEWO\/\",\"https:\/\/x.com\/stiftung_zewo\",\"https:\/\/www.linkedin.com\/company\/stiftung-zewo\",\"https:\/\/www.youtube.com\/channel\/UCzjsVJro12OXcvvx1LQP8tw\",\"https:\/\/de.wikipedia.org\/wiki\/Zewo\"]}]}<\/script>\n<!-- \/ Yoast SEO Premium plugin. -->","yoast_head_json":{"title":"Zewo","description":"Organisationen mit Zewo-G\u00fctesiegel eine Preisreduktion von 50% von Goldbach Media","robots":{"index":"index","follow":"follow","max-snippet":"max-snippet:-1","max-image-preview":"max-image-preview:large","max-video-preview":"max-video-preview:-1"},"canonical":"https:\/\/zewo.ch\/de\/goldbach-group\/","og_locale":"de_DE","og_type":"article","og_description":"Organisationen mit Zewo-G\u00fctesiegel eine Preisreduktion von 50% von Goldbach Media","og_url":"https:\/\/zewo.ch\/de\/goldbach-group\/","og_site_name":"Zewo","article_publisher":"https:\/\/www.facebook.com\/Stiftung.ZEWO\/","article_modified_time":"2025-01-14T08:18:25+00:00","og_image":[{"url":"https:\/\/zewo.ch\/wp-content\/uploads\/2019\/05\/d223a1850a4413c4c42b.jpg-1024x790.png","type":"","width":"","height":""}],"twitter_card":"summary_large_image","twitter_site":"@stiftung_zewo","twitter_misc":{"Gesch\u00e4tzte Lesezeit":"1\u00a0Minute"},"schema":{"@context":"https:\/\/schema.org","@graph":[{"@type":"WebPage","@id":"https:\/\/zewo.ch\/de\/goldbach-group\/#webpage","url":"https:\/\/zewo.ch\/de\/goldbach-group\/#webpage","name":"","isPartOf":{"@id":"https:\/\/zewo.ch\/de\/#website"},"primaryImageOfPage":{"@id":"https:\/\/zewo.ch\/de\/goldbach-group\/#primaryimage"},"image":{"@id":"https:\/\/zewo.ch\/de\/goldbach-group\/#primaryimage"},"thumbnailUrl":"https:\/\/zewo.ch\/wp-content\/uploads\/2019\/05\/d223a1850a4413c4c42b.jpg-1024x790.png","datePublished":"2019-05-27T11:19:00+00:00","dateModified":"2025-01-14T08:18:25+00:00","description":"Organisationen mit Zewo-G\u00fctesiegel eine Preisreduktion von 50% von Goldbach Media","breadcrumb":{"@id":"https:\/\/zewo.ch\/de\/goldbach-group\/#breadcrumb"},"inLanguage":"de","potentialAction":[{"@type":"ReadAction","target":["https:\/\/zewo.ch\/de\/goldbach-group\/"]}]},{"@type":"ImageObject","inLanguage":"de","@id":"https:\/\/zewo.ch\/de\/goldbach-group\/#primaryimage","url":"https:\/\/zewo.ch\/wp-content\/uploads\/2019\/05\/d223a1850a4413c4c42b.jpg-1024x790.png","contentUrl":"https:\/\/zewo.ch\/wp-content\/uploads\/2019\/05\/d223a1850a4413c4c42b.jpg-1024x790.png"},{"@type":"BreadcrumbList","@id":"https:\/\/zewo.ch\/de\/goldbach-group\/#breadcrumb","itemListElement":[{"@type":"ListItem","position":1,"name":"Home","item":"https:\/\/zewo.ch\/de\/"},{"@type":"ListItem","position":2,"name":"Goldbach Group AG"}]},{"@type":"WebSite","@id":"https:\/\/zewo.ch\/de\/#website","url":"https:\/\/zewo.ch\/de\/","name":"Zewo","description":"Ihre Spende in guten H\u00e4nden.","publisher":{"@id":"https:\/\/zewo.ch\/de\/#organization"},"potentialAction":[{"@type":"SearchAction","target":{"@type":"EntryPoint","urlTemplate":"https:\/\/zewo.ch\/de\/?s={search_term_string}"},"query-input":{"@type":"PropertyValueSpecification","valueRequired":true,"valueName":"search_term_string"}}],"inLanguage":"de"},{"@type":"Organization","@id":"https:\/\/zewo.ch\/de\/#organization","name":"Stiftung Zewo","url":"https:\/\/zewo.ch\/de\/","logo":{"@type":"ImageObject","inLanguage":"de","@id":"https:\/\/zewo.ch\/de\/#\/schema\/logo\/image\/","url":"https:\/\/zewo.ch\/wp-content\/uploads\/2019\/08\/Zewo_Logo_Claim_D.svg","contentUrl":"https:\/\/zewo.ch\/wp-content\/uploads\/2019\/08\/Zewo_Logo_Claim_D.svg","width":1,"height":1,"caption":"Stiftung Zewo"},"image":{"@id":"https:\/\/zewo.ch\/de\/#\/schema\/logo\/image\/"},"sameAs":["https:\/\/www.facebook.com\/Stiftung.ZEWO\/","https:\/\/x.com\/stiftung_zewo","https:\/\/www.linkedin.com\/company\/stiftung-zewo","https:\/\/www.youtube.com\/channel\/UCzjsVJro12OXcvvx1LQP8tw","https:\/\/de.wikipedia.org\/wiki\/Zewo"]}]}},"publishpress_future_action":{"enabled":false,"date":"2026-04-25 12:34:31","action":"change-status","newStatus":"draft","terms":[],"taxonomy":"translation_priority","extraData":[]},"publishpress_future_workflow_manual_trigger":{"enabledWorkflows":[]},"_links":{"self":[{"href":"https:\/\/zewo.ch\/de\/wp-json\/wp\/v2\/pages\/123894","targetHints":{"allow":["GET"]}}],"collection":[{"href":"https:\/\/zewo.ch\/de\/wp-json\/wp\/v2\/pages"}],"about":[{"href":"https:\/\/zewo.ch\/de\/wp-json\/wp\/v2\/types\/page"}],"author":[{"embeddable":true,"href":"https:\/\/zewo.ch\/de\/wp-json\/wp\/v2\/users\/38"}],"replies":[{"embeddable":true,"href":"https:\/\/zewo.ch\/de\/wp-json\/wp\/v2\/comments?post=123894"}],"version-history":[{"count":20,"href":"https:\/\/zewo.ch\/de\/wp-json\/wp\/v2\/pages\/123894\/revisions"}],"predecessor-version":[{"id":5926221,"href":"https:\/\/zewo.ch\/de\/wp-json\/wp\/v2\/pages\/123894\/revisions\/5926221"}],"wp:attachment":[{"href":"https:\/\/zewo.ch\/de\/wp-json\/wp\/v2\/media?parent=123894"}],"wp:term":[{"taxonomy":"folder","embeddable":true,"href":"https:\/\/zewo.ch\/de\/wp-json\/wp\/v2\/folder?post=123894"}],"curies":[{"name":"wp","href":"https:\/\/api.w.org\/{rel}","templated":true}]}}