{"id":106389,"date":"2019-05-24T14:20:43","date_gmt":"2019-05-24T12:20:43","guid":{"rendered":"https:\/\/www.zewo.ch\/?page_id=106389"},"modified":"2021-04-26T14:15:05","modified_gmt":"2021-04-26T12:15:05","slug":"vereindaricheha","status":"publish","type":"page","link":"https:\/\/zewo.ch\/de\/vereindaricheha\/","title":{"rendered":"Verein Daricheha"},"content":{"rendered":"\n<p><strong>7. Oktober 2009<\/strong><\/p>\n\n\n\n<p><strong>Die Organisation \u00abVerein Daricheha\u00bb f\u00fchrt das Zewo-G\u00fctesiegel nicht und untersteht somit nicht unserer Kontrolle. Der \u00abVerein Daricheha\u00bb ist uns aber bekannt.<\/strong><\/p>\n\n\n\n<p>Er erf\u00fcllt die Kriterien der Zewo nicht. Folgende Punkte weichen erheblich von den Zewo-Standards ab (Stand Oktober 2008):<\/p>\n\n\n\n<p>Spenderinnen und Spender beklagen sich, dass sie mit aggressiven Sammlungsmethoden unter Druck gesetzt und um ungew\u00f6hnlich hohe Geldsummen gebeten werden. Dabei werden&nbsp;auch zwischenmenschliche Tricks angewendet oder falsche Informationen weitergegeben. In gewissen Kantonen, z.B. im Kanton Basel-Land, ist es zu Beschwerden gekommen.<\/p>\n\n\n\n<p>Die Organisation verf\u00fcgt nicht \u00fcber eine aussagekr\u00e4ftige Jahresrechnung nach den Rechnungslegungsgrunds\u00e4tzen Swiss GAAP FER.&nbsp;<\/p>\n\n\n\n<p>Die Organisation publiziert ihren Jahresbericht und die Jahresrechnung nicht auf der Website, so dass diese Informationen allen Interessierten auch nicht zug\u00e4nglich sind. Zudem wird&nbsp;im Jahresbericht die Jahresrechnung nicht abgedruckt.&nbsp;<\/p>\n\n\n\n<p>Der Vorstand als leitendes Organ ist zu wenig breit abgest\u00fctzt. Er besteht nur aus drei Mitgliedern, nicht wie von den Zewo-Standards vorgeschrieben aus mindestens f\u00fcnf Mitgliedern.<\/p>\n\n\n\n<p><em>Nachtrag 2021: Der Verein Daricheha befindet sich aktuell in Liquidation.<\/em><\/p>\n\n\n\n<div class=\"wp-block-cgb-block-zewo-block-button ab-block-button\"><a href=\"\/de\/hier-raet-die-zewo-vom-spenden-ab\/\" class=\"button primary\"><span class=\"button-arrow\"><\/span>Zur\u00fcck zur \u00dcbersicht<\/a><\/div>\n","protected":false},"excerpt":{"rendered":"<p>7. Oktober 2009 Die Organisation \u00abVerein Daricheha\u00bb f\u00fchrt das Zewo-G\u00fctesiegel nicht und untersteht somit nicht unserer Kontrolle. Der \u00abVerein Daricheha\u00bb ist uns aber bekannt. Er erf\u00fcllt die Kriterien der Zewo nicht. Folgende Punkte weichen erheblich von den Zewo-Standards ab (Stand Oktober 2008): Spenderinnen und Spender beklagen sich, dass sie mit aggressiven Sammlungsmethoden unter Druck gesetzt [&hellip;]<\/p>\n","protected":false},"author":6,"featured_media":501108,"parent":0,"menu_order":176,"comment_status":"closed","ping_status":"closed","template":"","meta":{"_acf_changed":false,"footnotes":""},"folder":[6639],"class_list":["post-106389","page","type-page","status-publish","has-post-thumbnail","hentry"],"acf":[],"yoast_head":"<!-- This site is optimized with the Yoast SEO Premium plugin v26.0 (Yoast SEO v26.0) - https:\/\/yoast.com\/wordpress\/plugins\/seo\/ -->\n<title>Zewo<\/title>\n<meta name=\"description\" content=\"Die Stiftung Zewo r\u00e4t ab vor Spenden an Verein Daricheha.\" \/>\n<meta name=\"robots\" content=\"index, follow, max-snippet:-1, max-image-preview:large, max-video-preview:-1\" \/>\n<link rel=\"canonical\" href=\"https:\/\/zewo.ch\/de\/vereindaricheha\/\" \/>\n<meta property=\"og:locale\" content=\"de_DE\" \/>\n<meta property=\"og:type\" content=\"article\" \/>\n<meta property=\"og:description\" content=\"Die Stiftung Zewo r\u00e4t ab vor Spenden an Verein Daricheha.\" \/>\n<meta property=\"og:url\" content=\"https:\/\/zewo.ch\/de\/vereindaricheha\/\" \/>\n<meta property=\"og:site_name\" content=\"Zewo\" \/>\n<meta property=\"article:publisher\" content=\"https:\/\/www.facebook.com\/Stiftung.ZEWO\/\" \/>\n<meta property=\"article:modified_time\" content=\"2021-04-26T12:15:05+00:00\" \/>\n<meta property=\"og:image\" content=\"https:\/\/zewo.ch\/wp-content\/uploads\/2019\/08\/watchdog-header.png\" \/>\n\t<meta property=\"og:image:width\" content=\"2200\" \/>\n\t<meta property=\"og:image:height\" content=\"440\" \/>\n\t<meta property=\"og:image:type\" content=\"image\/png\" \/>\n<meta name=\"twitter:card\" content=\"summary_large_image\" \/>\n<meta name=\"twitter:site\" content=\"@stiftung_zewo\" \/>\n<meta name=\"twitter:label1\" content=\"Gesch\u00e4tzte Lesezeit\" \/>\n\t<meta name=\"twitter:data1\" content=\"1\u00a0Minute\" \/>\n<script type=\"application\/ld+json\" class=\"yoast-schema-graph\">{\"@context\":\"https:\/\/schema.org\",\"@graph\":[{\"@type\":\"WebPage\",\"@id\":\"https:\/\/zewo.ch\/de\/vereindaricheha\/#webpage\",\"url\":\"https:\/\/zewo.ch\/de\/vereindaricheha\/#webpage\",\"name\":\"\",\"isPartOf\":{\"@id\":\"https:\/\/zewo.ch\/de\/#website\"},\"primaryImageOfPage\":{\"@id\":\"https:\/\/zewo.ch\/de\/vereindaricheha\/#primaryimage\"},\"image\":{\"@id\":\"https:\/\/zewo.ch\/de\/vereindaricheha\/#primaryimage\"},\"thumbnailUrl\":\"https:\/\/zewo.ch\/wp-content\/uploads\/2019\/08\/watchdog-header.png\",\"datePublished\":\"2019-05-24T12:20:43+00:00\",\"dateModified\":\"2021-04-26T12:15:05+00:00\",\"description\":\"Die Stiftung Zewo r\u00e4t ab vor Spenden an Verein Daricheha.\",\"breadcrumb\":{\"@id\":\"https:\/\/zewo.ch\/de\/vereindaricheha\/#breadcrumb\"},\"inLanguage\":\"de\",\"potentialAction\":[{\"@type\":\"ReadAction\",\"target\":[\"https:\/\/zewo.ch\/de\/vereindaricheha\/\"]}]},{\"@type\":\"ImageObject\",\"inLanguage\":\"de\",\"@id\":\"https:\/\/zewo.ch\/de\/vereindaricheha\/#primaryimage\",\"url\":\"https:\/\/zewo.ch\/wp-content\/uploads\/2019\/08\/watchdog-header.png\",\"contentUrl\":\"https:\/\/zewo.ch\/wp-content\/uploads\/2019\/08\/watchdog-header.png\",\"width\":2200,\"height\":440,\"caption\":\"Hier warnt die Zewo\"},{\"@type\":\"BreadcrumbList\",\"@id\":\"https:\/\/zewo.ch\/de\/vereindaricheha\/#breadcrumb\",\"itemListElement\":[{\"@type\":\"ListItem\",\"position\":1,\"name\":\"Home\",\"item\":\"https:\/\/zewo.ch\/de\/\"},{\"@type\":\"ListItem\",\"position\":2,\"name\":\"Verein Daricheha\"}]},{\"@type\":\"WebSite\",\"@id\":\"https:\/\/zewo.ch\/de\/#website\",\"url\":\"https:\/\/zewo.ch\/de\/\",\"name\":\"Zewo\",\"description\":\"Ihre Spende in guten H\u00e4nden.\",\"publisher\":{\"@id\":\"https:\/\/zewo.ch\/de\/#organization\"},\"potentialAction\":[{\"@type\":\"SearchAction\",\"target\":{\"@type\":\"EntryPoint\",\"urlTemplate\":\"https:\/\/zewo.ch\/de\/?s={search_term_string}\"},\"query-input\":{\"@type\":\"PropertyValueSpecification\",\"valueRequired\":true,\"valueName\":\"search_term_string\"}}],\"inLanguage\":\"de\"},{\"@type\":\"Organization\",\"@id\":\"https:\/\/zewo.ch\/de\/#organization\",\"name\":\"Stiftung Zewo\",\"url\":\"https:\/\/zewo.ch\/de\/\",\"logo\":{\"@type\":\"ImageObject\",\"inLanguage\":\"de\",\"@id\":\"https:\/\/zewo.ch\/de\/#\/schema\/logo\/image\/\",\"url\":\"https:\/\/zewo.ch\/wp-content\/uploads\/2019\/08\/Zewo_Logo_Claim_D.svg\",\"contentUrl\":\"https:\/\/zewo.ch\/wp-content\/uploads\/2019\/08\/Zewo_Logo_Claim_D.svg\",\"width\":1,\"height\":1,\"caption\":\"Stiftung Zewo\"},\"image\":{\"@id\":\"https:\/\/zewo.ch\/de\/#\/schema\/logo\/image\/\"},\"sameAs\":[\"https:\/\/www.facebook.com\/Stiftung.ZEWO\/\",\"https:\/\/x.com\/stiftung_zewo\",\"https:\/\/www.linkedin.com\/company\/stiftung-zewo\",\"https:\/\/www.youtube.com\/channel\/UCzjsVJro12OXcvvx1LQP8tw\",\"https:\/\/de.wikipedia.org\/wiki\/Zewo\"]}]}<\/script>\n<!-- \/ Yoast SEO Premium plugin. -->","yoast_head_json":{"title":"Zewo","description":"Die Stiftung Zewo r\u00e4t ab vor Spenden an Verein Daricheha.","robots":{"index":"index","follow":"follow","max-snippet":"max-snippet:-1","max-image-preview":"max-image-preview:large","max-video-preview":"max-video-preview:-1"},"canonical":"https:\/\/zewo.ch\/de\/vereindaricheha\/","og_locale":"de_DE","og_type":"article","og_description":"Die Stiftung Zewo r\u00e4t ab vor Spenden an Verein Daricheha.","og_url":"https:\/\/zewo.ch\/de\/vereindaricheha\/","og_site_name":"Zewo","article_publisher":"https:\/\/www.facebook.com\/Stiftung.ZEWO\/","article_modified_time":"2021-04-26T12:15:05+00:00","og_image":[{"width":2200,"height":440,"url":"https:\/\/zewo.ch\/wp-content\/uploads\/2019\/08\/watchdog-header.png","type":"image\/png"}],"twitter_card":"summary_large_image","twitter_site":"@stiftung_zewo","twitter_misc":{"Gesch\u00e4tzte Lesezeit":"1\u00a0Minute"},"schema":{"@context":"https:\/\/schema.org","@graph":[{"@type":"WebPage","@id":"https:\/\/zewo.ch\/de\/vereindaricheha\/#webpage","url":"https:\/\/zewo.ch\/de\/vereindaricheha\/#webpage","name":"","isPartOf":{"@id":"https:\/\/zewo.ch\/de\/#website"},"primaryImageOfPage":{"@id":"https:\/\/zewo.ch\/de\/vereindaricheha\/#primaryimage"},"image":{"@id":"https:\/\/zewo.ch\/de\/vereindaricheha\/#primaryimage"},"thumbnailUrl":"https:\/\/zewo.ch\/wp-content\/uploads\/2019\/08\/watchdog-header.png","datePublished":"2019-05-24T12:20:43+00:00","dateModified":"2021-04-26T12:15:05+00:00","description":"Die Stiftung Zewo r\u00e4t ab vor Spenden an Verein Daricheha.","breadcrumb":{"@id":"https:\/\/zewo.ch\/de\/vereindaricheha\/#breadcrumb"},"inLanguage":"de","potentialAction":[{"@type":"ReadAction","target":["https:\/\/zewo.ch\/de\/vereindaricheha\/"]}]},{"@type":"ImageObject","inLanguage":"de","@id":"https:\/\/zewo.ch\/de\/vereindaricheha\/#primaryimage","url":"https:\/\/zewo.ch\/wp-content\/uploads\/2019\/08\/watchdog-header.png","contentUrl":"https:\/\/zewo.ch\/wp-content\/uploads\/2019\/08\/watchdog-header.png","width":2200,"height":440,"caption":"Hier warnt die Zewo"},{"@type":"BreadcrumbList","@id":"https:\/\/zewo.ch\/de\/vereindaricheha\/#breadcrumb","itemListElement":[{"@type":"ListItem","position":1,"name":"Home","item":"https:\/\/zewo.ch\/de\/"},{"@type":"ListItem","position":2,"name":"Verein Daricheha"}]},{"@type":"WebSite","@id":"https:\/\/zewo.ch\/de\/#website","url":"https:\/\/zewo.ch\/de\/","name":"Zewo","description":"Ihre Spende in guten H\u00e4nden.","publisher":{"@id":"https:\/\/zewo.ch\/de\/#organization"},"potentialAction":[{"@type":"SearchAction","target":{"@type":"EntryPoint","urlTemplate":"https:\/\/zewo.ch\/de\/?s={search_term_string}"},"query-input":{"@type":"PropertyValueSpecification","valueRequired":true,"valueName":"search_term_string"}}],"inLanguage":"de"},{"@type":"Organization","@id":"https:\/\/zewo.ch\/de\/#organization","name":"Stiftung Zewo","url":"https:\/\/zewo.ch\/de\/","logo":{"@type":"ImageObject","inLanguage":"de","@id":"https:\/\/zewo.ch\/de\/#\/schema\/logo\/image\/","url":"https:\/\/zewo.ch\/wp-content\/uploads\/2019\/08\/Zewo_Logo_Claim_D.svg","contentUrl":"https:\/\/zewo.ch\/wp-content\/uploads\/2019\/08\/Zewo_Logo_Claim_D.svg","width":1,"height":1,"caption":"Stiftung Zewo"},"image":{"@id":"https:\/\/zewo.ch\/de\/#\/schema\/logo\/image\/"},"sameAs":["https:\/\/www.facebook.com\/Stiftung.ZEWO\/","https:\/\/x.com\/stiftung_zewo","https:\/\/www.linkedin.com\/company\/stiftung-zewo","https:\/\/www.youtube.com\/channel\/UCzjsVJro12OXcvvx1LQP8tw","https:\/\/de.wikipedia.org\/wiki\/Zewo"]}]}},"publishpress_future_action":{"enabled":false,"date":"2026-04-23 22:14:25","action":"change-status","newStatus":"draft","terms":[],"taxonomy":"translation_priority","extraData":[]},"publishpress_future_workflow_manual_trigger":{"enabledWorkflows":[]},"_links":{"self":[{"href":"https:\/\/zewo.ch\/de\/wp-json\/wp\/v2\/pages\/106389","targetHints":{"allow":["GET"]}}],"collection":[{"href":"https:\/\/zewo.ch\/de\/wp-json\/wp\/v2\/pages"}],"about":[{"href":"https:\/\/zewo.ch\/de\/wp-json\/wp\/v2\/types\/page"}],"author":[{"embeddable":true,"href":"https:\/\/zewo.ch\/de\/wp-json\/wp\/v2\/users\/6"}],"replies":[{"embeddable":true,"href":"https:\/\/zewo.ch\/de\/wp-json\/wp\/v2\/comments?post=106389"}],"version-history":[{"count":14,"href":"https:\/\/zewo.ch\/de\/wp-json\/wp\/v2\/pages\/106389\/revisions"}],"predecessor-version":[{"id":5793857,"href":"https:\/\/zewo.ch\/de\/wp-json\/wp\/v2\/pages\/106389\/revisions\/5793857"}],"wp:featuredmedia":[{"embeddable":true,"href":"https:\/\/zewo.ch\/de\/wp-json\/wp\/v2\/media\/501108"}],"wp:attachment":[{"href":"https:\/\/zewo.ch\/de\/wp-json\/wp\/v2\/media?parent=106389"}],"wp:term":[{"taxonomy":"folder","embeddable":true,"href":"https:\/\/zewo.ch\/de\/wp-json\/wp\/v2\/folder?post=106389"}],"curies":[{"name":"wp","href":"https:\/\/api.w.org\/{rel}","templated":true}]}}