{"id":106350,"date":"2019-05-24T14:01:30","date_gmt":"2019-05-24T12:01:30","guid":{"rendered":"https:\/\/www.zewo.ch\/?page_id=106350"},"modified":"2024-04-25T17:24:38","modified_gmt":"2024-04-25T15:24:38","slug":"aideauxenfantshandicapes","status":"publish","type":"page","link":"https:\/\/zewo.ch\/de\/aideauxenfantshandicapes\/","title":{"rendered":"Association d&#8217;Aide aux Enfants Handicap\u00e9s de Suisse (A.A.E.H.S.)"},"content":{"rendered":"\n<p><strong>2. Januar 2018<\/strong><\/p>\n\n\n\n<p><strong>Wir haben zur Organisation Hinweise und Beschwerden erhalten. Unsere Abkl\u00e4rungen haben ergeben, dass sie in wesentlichen Sachverhalten stark von den Zewo-Standards abweicht. <\/strong><\/p>\n\n\n\n<p>Die \u00abAssociation d&#8217;Aide aux Enfants Handicap\u00e9s de Suisse (A.A.E.H.S.)\u00bb f\u00fchrt das Zewo-G\u00fctesiegel nicht und untersteht somit nicht unserer Kontrolle. Aufgrund vermehrter Anfragen und Beschwerden von verunsicherten Spenderinnen und Spendern sind sie uns besonders aufgefallen. Darum informieren wir die \u00d6ffentlichkeit \u00fcber diese Organisation. Aufgrund der uns vorliegenden Unterlagen und Informationen (Stand M\u00e4rz 2017) haben wir festgestellt, dass die Organisation mindestens in den folgenden Punkten die Zewo-Standards nicht erf\u00fcllt:<\/p>\n\n\n\n<p>Spenderinnen und Spender beklagen sich, dass die Organisation auf aufdringliche Weise per Telefon symbolische Armb\u00e4nder f\u00fcr den sehr hohen Preis von 100 Franken das St\u00fcck zu verkaufen sucht. Die Spenderinnen und Spender erhalten von den Organisationen Unterlagen, die nicht aussagekr\u00e4ftig und wenig vertrauenerweckend sind. Das gilt auch f\u00fcr die Website asevc-cancer.ch, die keinerlei Angaben zu allf\u00e4lligen von der Organisation unterst\u00fctzten Projekten enth\u00e4lt. Gem\u00e4ss den Zewo-Standards d\u00fcrfen Spendensammlungen per Telefon keine aufdringliche Wirkung haben, und den Spenderinnen und Spendern m\u00fcssen transparente Informationen \u00fcber die sammelnde Organisation zukommen.<\/p>\n\n\n\n<p>Gem\u00e4ss Handelsregister ist Herr Thierry Ellezam Mitglied des Vorstands in den beiden Organisation. Herr Ellezam hat gegen\u00fcber der Zewo per Mail best\u00e4tigt, dass er diese und die <strong>Association suisse des enfants victimes du cancer-ASEVC <\/strong> gegr\u00fcndet hat. Herr Ellezam hat festgehalten, dass er der Zewo keine Unterlagen (insbesondere Jahresbericht und Jahresrechnung) der beiden Organisationen zukommen lassen will. Auch auf der Website asevc-cancer.ch sind Jahresbericht und Jahresrechnung der Organisation nicht aufgeschaltet. Gem\u00e4ss den Zewo-Standards sollten Spenden sammelnde Organisationen einen aussagekr\u00e4ftigen Jahresbericht und eine transparente Jahresrechnung ver\u00f6ffentlichen und diese allen Interessierten auf Anfrage zukommen lassen.<\/p>\n\n\n\n<p>Der Vorstand der Organisationen besteht gem\u00e4ss Handelsregistereintrag je aus nur zwei Personen. Diese verf\u00fcgen \u00fcber Einzelunterschriftsberechtigungen. Um die interne Kontrolle sicher zu stellen, sollte der Vorstand gem\u00e4ss den Zewo-Standards aus mindestens f\u00fcnf unabh\u00e4ngigen Personen bestehen und generell Kollektivunterschrift gelten.<\/p>\n\n\n\n<div class=\"wp-block-cgb-block-zewo-block-button ab-block-button\"><a href=\"\/de\/hier-raet-die-zewo-vom-spenden-ab\/\" class=\"button primary\"><span class=\"button-arrow\"><\/span>Zur\u00fcck zur \u00dcbersicht<\/a><\/div>\n","protected":false},"excerpt":{"rendered":"<p>2. Januar 2018 Wir haben zur Organisation Hinweise und Beschwerden erhalten. Unsere Abkl\u00e4rungen haben ergeben, dass sie in wesentlichen Sachverhalten stark von den Zewo-Standards abweicht. Die \u00abAssociation d&#8217;Aide aux Enfants Handicap\u00e9s de Suisse (A.A.E.H.S.)\u00bb f\u00fchrt das Zewo-G\u00fctesiegel nicht und untersteht somit nicht unserer Kontrolle. Aufgrund vermehrter Anfragen und Beschwerden von verunsicherten Spenderinnen und Spendern sind [&hellip;]<\/p>\n","protected":false},"author":6,"featured_media":501108,"parent":0,"menu_order":173,"comment_status":"closed","ping_status":"closed","template":"","meta":{"_acf_changed":false,"footnotes":""},"folder":[6639],"class_list":["post-106350","page","type-page","status-publish","has-post-thumbnail","hentry"],"acf":[],"yoast_head":"<!-- This site is optimized with the Yoast SEO Premium plugin v26.0 (Yoast SEO v26.0) - https:\/\/yoast.com\/wordpress\/plugins\/seo\/ -->\n<title>Zewo<\/title>\n<meta name=\"description\" content=\"Die Stiftung Zewo r\u00e4t ab vor Spenden an Association d&#039;Aide aux Enfants Handicap\u00e9s de Suisse (A.A.E.H.S.).\" \/>\n<meta name=\"robots\" content=\"index, follow, max-snippet:-1, max-image-preview:large, max-video-preview:-1\" \/>\n<link rel=\"canonical\" href=\"https:\/\/zewo.ch\/de\/aideauxenfantshandicapes\/\" \/>\n<meta property=\"og:locale\" content=\"de_DE\" \/>\n<meta property=\"og:type\" content=\"article\" \/>\n<meta property=\"og:description\" content=\"Die Stiftung Zewo r\u00e4t ab vor Spenden an Association d&#039;Aide aux Enfants Handicap\u00e9s de Suisse (A.A.E.H.S.).\" \/>\n<meta property=\"og:url\" content=\"https:\/\/zewo.ch\/de\/aideauxenfantshandicapes\/\" \/>\n<meta property=\"og:site_name\" content=\"Zewo\" \/>\n<meta property=\"article:publisher\" content=\"https:\/\/www.facebook.com\/Stiftung.ZEWO\/\" \/>\n<meta property=\"article:modified_time\" content=\"2024-04-25T15:24:38+00:00\" \/>\n<meta property=\"og:image\" content=\"https:\/\/zewo.ch\/wp-content\/uploads\/2019\/08\/watchdog-header.png\" \/>\n\t<meta property=\"og:image:width\" content=\"2200\" \/>\n\t<meta property=\"og:image:height\" content=\"440\" \/>\n\t<meta property=\"og:image:type\" content=\"image\/png\" \/>\n<meta name=\"twitter:card\" content=\"summary_large_image\" \/>\n<meta name=\"twitter:site\" content=\"@stiftung_zewo\" \/>\n<meta name=\"twitter:label1\" content=\"Gesch\u00e4tzte Lesezeit\" \/>\n\t<meta name=\"twitter:data1\" content=\"2\u00a0Minuten\" \/>\n<script type=\"application\/ld+json\" class=\"yoast-schema-graph\">{\"@context\":\"https:\/\/schema.org\",\"@graph\":[{\"@type\":\"WebPage\",\"@id\":\"https:\/\/zewo.ch\/de\/aideauxenfantshandicapes\/#webpage\",\"url\":\"https:\/\/zewo.ch\/de\/aideauxenfantshandicapes\/#webpage\",\"name\":\"\",\"isPartOf\":{\"@id\":\"https:\/\/zewo.ch\/de\/#website\"},\"primaryImageOfPage\":{\"@id\":\"https:\/\/zewo.ch\/de\/aideauxenfantshandicapes\/#primaryimage\"},\"image\":{\"@id\":\"https:\/\/zewo.ch\/de\/aideauxenfantshandicapes\/#primaryimage\"},\"thumbnailUrl\":\"https:\/\/zewo.ch\/wp-content\/uploads\/2019\/08\/watchdog-header.png\",\"datePublished\":\"2019-05-24T12:01:30+00:00\",\"dateModified\":\"2024-04-25T15:24:38+00:00\",\"description\":\"Die Stiftung Zewo r\u00e4t ab vor Spenden an Association d'Aide aux Enfants Handicap\u00e9s de Suisse (A.A.E.H.S.).\",\"breadcrumb\":{\"@id\":\"https:\/\/zewo.ch\/de\/aideauxenfantshandicapes\/#breadcrumb\"},\"inLanguage\":\"de\",\"potentialAction\":[{\"@type\":\"ReadAction\",\"target\":[\"https:\/\/zewo.ch\/de\/aideauxenfantshandicapes\/\"]}]},{\"@type\":\"ImageObject\",\"inLanguage\":\"de\",\"@id\":\"https:\/\/zewo.ch\/de\/aideauxenfantshandicapes\/#primaryimage\",\"url\":\"https:\/\/zewo.ch\/wp-content\/uploads\/2019\/08\/watchdog-header.png\",\"contentUrl\":\"https:\/\/zewo.ch\/wp-content\/uploads\/2019\/08\/watchdog-header.png\",\"width\":2200,\"height\":440,\"caption\":\"Hier warnt die Zewo\"},{\"@type\":\"BreadcrumbList\",\"@id\":\"https:\/\/zewo.ch\/de\/aideauxenfantshandicapes\/#breadcrumb\",\"itemListElement\":[{\"@type\":\"ListItem\",\"position\":1,\"name\":\"Home\",\"item\":\"https:\/\/zewo.ch\/de\/\"},{\"@type\":\"ListItem\",\"position\":2,\"name\":\"Association d&#8217;Aide aux Enfants Handicap\u00e9s de Suisse (A.A.E.H.S.)\"}]},{\"@type\":\"WebSite\",\"@id\":\"https:\/\/zewo.ch\/de\/#website\",\"url\":\"https:\/\/zewo.ch\/de\/\",\"name\":\"Zewo\",\"description\":\"Ihre Spende in guten H\u00e4nden.\",\"publisher\":{\"@id\":\"https:\/\/zewo.ch\/de\/#organization\"},\"potentialAction\":[{\"@type\":\"SearchAction\",\"target\":{\"@type\":\"EntryPoint\",\"urlTemplate\":\"https:\/\/zewo.ch\/de\/?s={search_term_string}\"},\"query-input\":{\"@type\":\"PropertyValueSpecification\",\"valueRequired\":true,\"valueName\":\"search_term_string\"}}],\"inLanguage\":\"de\"},{\"@type\":\"Organization\",\"@id\":\"https:\/\/zewo.ch\/de\/#organization\",\"name\":\"Stiftung Zewo\",\"url\":\"https:\/\/zewo.ch\/de\/\",\"logo\":{\"@type\":\"ImageObject\",\"inLanguage\":\"de\",\"@id\":\"https:\/\/zewo.ch\/de\/#\/schema\/logo\/image\/\",\"url\":\"https:\/\/zewo.ch\/wp-content\/uploads\/2019\/08\/Zewo_Logo_Claim_D.svg\",\"contentUrl\":\"https:\/\/zewo.ch\/wp-content\/uploads\/2019\/08\/Zewo_Logo_Claim_D.svg\",\"width\":1,\"height\":1,\"caption\":\"Stiftung Zewo\"},\"image\":{\"@id\":\"https:\/\/zewo.ch\/de\/#\/schema\/logo\/image\/\"},\"sameAs\":[\"https:\/\/www.facebook.com\/Stiftung.ZEWO\/\",\"https:\/\/x.com\/stiftung_zewo\",\"https:\/\/www.linkedin.com\/company\/stiftung-zewo\",\"https:\/\/www.youtube.com\/channel\/UCzjsVJro12OXcvvx1LQP8tw\",\"https:\/\/de.wikipedia.org\/wiki\/Zewo\"]}]}<\/script>\n<!-- \/ Yoast SEO Premium plugin. -->","yoast_head_json":{"title":"Zewo","description":"Die Stiftung Zewo r\u00e4t ab vor Spenden an Association d'Aide aux Enfants Handicap\u00e9s de Suisse (A.A.E.H.S.).","robots":{"index":"index","follow":"follow","max-snippet":"max-snippet:-1","max-image-preview":"max-image-preview:large","max-video-preview":"max-video-preview:-1"},"canonical":"https:\/\/zewo.ch\/de\/aideauxenfantshandicapes\/","og_locale":"de_DE","og_type":"article","og_description":"Die Stiftung Zewo r\u00e4t ab vor Spenden an Association d'Aide aux Enfants Handicap\u00e9s de Suisse (A.A.E.H.S.).","og_url":"https:\/\/zewo.ch\/de\/aideauxenfantshandicapes\/","og_site_name":"Zewo","article_publisher":"https:\/\/www.facebook.com\/Stiftung.ZEWO\/","article_modified_time":"2024-04-25T15:24:38+00:00","og_image":[{"width":2200,"height":440,"url":"https:\/\/zewo.ch\/wp-content\/uploads\/2019\/08\/watchdog-header.png","type":"image\/png"}],"twitter_card":"summary_large_image","twitter_site":"@stiftung_zewo","twitter_misc":{"Gesch\u00e4tzte Lesezeit":"2\u00a0Minuten"},"schema":{"@context":"https:\/\/schema.org","@graph":[{"@type":"WebPage","@id":"https:\/\/zewo.ch\/de\/aideauxenfantshandicapes\/#webpage","url":"https:\/\/zewo.ch\/de\/aideauxenfantshandicapes\/#webpage","name":"","isPartOf":{"@id":"https:\/\/zewo.ch\/de\/#website"},"primaryImageOfPage":{"@id":"https:\/\/zewo.ch\/de\/aideauxenfantshandicapes\/#primaryimage"},"image":{"@id":"https:\/\/zewo.ch\/de\/aideauxenfantshandicapes\/#primaryimage"},"thumbnailUrl":"https:\/\/zewo.ch\/wp-content\/uploads\/2019\/08\/watchdog-header.png","datePublished":"2019-05-24T12:01:30+00:00","dateModified":"2024-04-25T15:24:38+00:00","description":"Die Stiftung Zewo r\u00e4t ab vor Spenden an Association d'Aide aux Enfants Handicap\u00e9s de Suisse (A.A.E.H.S.).","breadcrumb":{"@id":"https:\/\/zewo.ch\/de\/aideauxenfantshandicapes\/#breadcrumb"},"inLanguage":"de","potentialAction":[{"@type":"ReadAction","target":["https:\/\/zewo.ch\/de\/aideauxenfantshandicapes\/"]}]},{"@type":"ImageObject","inLanguage":"de","@id":"https:\/\/zewo.ch\/de\/aideauxenfantshandicapes\/#primaryimage","url":"https:\/\/zewo.ch\/wp-content\/uploads\/2019\/08\/watchdog-header.png","contentUrl":"https:\/\/zewo.ch\/wp-content\/uploads\/2019\/08\/watchdog-header.png","width":2200,"height":440,"caption":"Hier warnt die Zewo"},{"@type":"BreadcrumbList","@id":"https:\/\/zewo.ch\/de\/aideauxenfantshandicapes\/#breadcrumb","itemListElement":[{"@type":"ListItem","position":1,"name":"Home","item":"https:\/\/zewo.ch\/de\/"},{"@type":"ListItem","position":2,"name":"Association d&#8217;Aide aux Enfants Handicap\u00e9s de Suisse (A.A.E.H.S.)"}]},{"@type":"WebSite","@id":"https:\/\/zewo.ch\/de\/#website","url":"https:\/\/zewo.ch\/de\/","name":"Zewo","description":"Ihre Spende in guten H\u00e4nden.","publisher":{"@id":"https:\/\/zewo.ch\/de\/#organization"},"potentialAction":[{"@type":"SearchAction","target":{"@type":"EntryPoint","urlTemplate":"https:\/\/zewo.ch\/de\/?s={search_term_string}"},"query-input":{"@type":"PropertyValueSpecification","valueRequired":true,"valueName":"search_term_string"}}],"inLanguage":"de"},{"@type":"Organization","@id":"https:\/\/zewo.ch\/de\/#organization","name":"Stiftung Zewo","url":"https:\/\/zewo.ch\/de\/","logo":{"@type":"ImageObject","inLanguage":"de","@id":"https:\/\/zewo.ch\/de\/#\/schema\/logo\/image\/","url":"https:\/\/zewo.ch\/wp-content\/uploads\/2019\/08\/Zewo_Logo_Claim_D.svg","contentUrl":"https:\/\/zewo.ch\/wp-content\/uploads\/2019\/08\/Zewo_Logo_Claim_D.svg","width":1,"height":1,"caption":"Stiftung Zewo"},"image":{"@id":"https:\/\/zewo.ch\/de\/#\/schema\/logo\/image\/"},"sameAs":["https:\/\/www.facebook.com\/Stiftung.ZEWO\/","https:\/\/x.com\/stiftung_zewo","https:\/\/www.linkedin.com\/company\/stiftung-zewo","https:\/\/www.youtube.com\/channel\/UCzjsVJro12OXcvvx1LQP8tw","https:\/\/de.wikipedia.org\/wiki\/Zewo"]}]}},"publishpress_future_action":{"enabled":false,"date":"2026-04-22 23:06:54","action":"change-status","newStatus":"draft","terms":[],"taxonomy":"translation_priority","extraData":[]},"publishpress_future_workflow_manual_trigger":{"enabledWorkflows":[]},"_links":{"self":[{"href":"https:\/\/zewo.ch\/de\/wp-json\/wp\/v2\/pages\/106350","targetHints":{"allow":["GET"]}}],"collection":[{"href":"https:\/\/zewo.ch\/de\/wp-json\/wp\/v2\/pages"}],"about":[{"href":"https:\/\/zewo.ch\/de\/wp-json\/wp\/v2\/types\/page"}],"author":[{"embeddable":true,"href":"https:\/\/zewo.ch\/de\/wp-json\/wp\/v2\/users\/6"}],"replies":[{"embeddable":true,"href":"https:\/\/zewo.ch\/de\/wp-json\/wp\/v2\/comments?post=106350"}],"version-history":[{"count":14,"href":"https:\/\/zewo.ch\/de\/wp-json\/wp\/v2\/pages\/106350\/revisions"}],"predecessor-version":[{"id":4667530,"href":"https:\/\/zewo.ch\/de\/wp-json\/wp\/v2\/pages\/106350\/revisions\/4667530"}],"wp:featuredmedia":[{"embeddable":true,"href":"https:\/\/zewo.ch\/de\/wp-json\/wp\/v2\/media\/501108"}],"wp:attachment":[{"href":"https:\/\/zewo.ch\/de\/wp-json\/wp\/v2\/media?parent=106350"}],"wp:term":[{"taxonomy":"folder","embeddable":true,"href":"https:\/\/zewo.ch\/de\/wp-json\/wp\/v2\/folder?post=106350"}],"curies":[{"name":"wp","href":"https:\/\/api.w.org\/{rel}","templated":true}]}}