{"id":100529,"date":"2019-05-23T13:37:19","date_gmt":"2019-05-23T11:37:19","guid":{"rendered":"https:\/\/www.zewo.ch\/?page_id=100529"},"modified":"2025-01-23T11:40:49","modified_gmt":"2025-01-23T10:40:49","slug":"google","status":"publish","type":"page","link":"https:\/\/zewo.ch\/de\/google\/","title":{"rendered":"Google Ad Grants"},"content":{"rendered":"\n<h2 class=\"wp-block-heading\" id=\"h-attraktives-angebot-f-r-npo-mit-zewo-g-tesiegel\">Attraktives Angebot f\u00fcr NPO mit Zewo-G\u00fctesiegel<\/h2>\n\n\n\n<figure class=\"wp-block-image\"><img loading=\"lazy\" decoding=\"async\" width=\"1024\" height=\"285\" src=\"https:\/\/zewo.ch\/wp-content\/uploads\/2019\/05\/google-ad-grants-1024x285-1024x285.png\" alt=\"\" class=\"wp-image-123867\" srcset=\"https:\/\/zewo.ch\/wp-content\/uploads\/2019\/05\/google-ad-grants-1024x285.png 1024w, https:\/\/zewo.ch\/wp-content\/uploads\/2019\/05\/google-ad-grants-1024x285-300x83.png 300w, https:\/\/zewo.ch\/wp-content\/uploads\/2019\/05\/google-ad-grants-1024x285-768x214.png 768w\" sizes=\"auto, (min-width: 960px) 75vw, 100vw\" \/><\/figure>\n\n\n\n<p>Google, die beliebteste Suchmaschine des Webs, bietet mit ihrem Google Ad Grants Programm Non-Profit Organisationen eine unentgeltliche Werbeplattform an. Schweizer NPO platzieren Ihre Werbung  f\u00fcr die Dauer von mindestens drei Monaten auf Google.ch. <\/p>\n\n\n\n<p>Die Auswahl beruht auf einem Anmeldeverfahren von Google Ad Grants. Die Kriterien zur Teilnahmeberechtigung, die Vorteile von Google Ad Grants sowie den Link zur Online-Registrierung finden sie hier.<\/p>\n\n\n\n<ul class=\"wp-block-cgb-block-zewo-block-links container container-columns-1\">\n<li class=\"wp-block-cgb-block-zewo-block-link ab-block-link\"><a href=\"https:\/\/www.google.ch\/grants\/eligibility\/\" target=\"_blank\" rel=\"noopener noreferrer\" class=\"button\"><span>Teilnahmebedingungen und Registrierung<\/span><span class=\"button-arrow--long\"><\/span><\/a><\/li>\n\n\n\n<li class=\"wp-block-cgb-block-zewo-block-link ab-block-link\"><a href=\"https:\/\/www.google.ch\/grants\/benefits\/\" target=\"_blank\" rel=\"noopener noreferrer\" class=\"button\"><span>Vorteile<\/span><span class=\"button-arrow--long\"><\/span><\/a><\/li>\n\n\n\n<p>&nbsp;&nbsp;&nbsp;&nbsp;<\/p>\n\n\n\n<div class=\"wp-block-cgb-block-zewo-block-button ab-block-button\"><a href=\"\/de\/vorteile-und-rabatte\/\" class=\"button primary\"><span class=\"button-arrow\"><\/span>Zur\u00fcck zur \u00dcbersicht<\/a><\/div>\n<\/ul>\n","protected":false},"excerpt":{"rendered":"<p>Attraktives Angebot f\u00fcr NPO mit Zewo-G\u00fctesiegel Google, die beliebteste Suchmaschine des Webs, bietet mit ihrem Google Ad Grants Programm Non-Profit Organisationen eine unentgeltliche Werbeplattform an. Schweizer NPO platzieren Ihre Werbung f\u00fcr die Dauer von mindestens drei Monaten auf Google.ch. Die Auswahl beruht auf einem Anmeldeverfahren von Google Ad Grants. Die Kriterien zur Teilnahmeberechtigung, die Vorteile [&hellip;]<\/p>\n","protected":false},"author":6,"featured_media":0,"parent":0,"menu_order":266,"comment_status":"closed","ping_status":"closed","template":"","meta":{"_acf_changed":false,"footnotes":""},"folder":[6639],"class_list":["post-100529","page","type-page","status-publish","hentry"],"acf":[],"yoast_head":"<!-- This site is optimized with the Yoast SEO Premium plugin v26.0 (Yoast SEO v26.0) - https:\/\/yoast.com\/wordpress\/plugins\/seo\/ -->\n<title>Zewo<\/title>\n<meta name=\"description\" content=\"Google unterst\u00fctzt Zewo-zertifizierte Hilfswerke mit kostenlosem Anzeigenguthaben \u00fcber Google Ad Grants. Nutzen Sie diese Chance f\u00fcr Ihre Online-Pr\u00e4senz.\" \/>\n<meta name=\"robots\" content=\"index, follow, max-snippet:-1, max-image-preview:large, max-video-preview:-1\" \/>\n<link rel=\"canonical\" href=\"https:\/\/zewo.ch\/de\/google\/\" \/>\n<meta property=\"og:locale\" content=\"de_DE\" \/>\n<meta property=\"og:type\" content=\"article\" \/>\n<meta property=\"og:description\" content=\"Google unterst\u00fctzt Zewo-zertifizierte Hilfswerke mit kostenlosem Anzeigenguthaben \u00fcber Google Ad Grants. Nutzen Sie diese Chance f\u00fcr Ihre Online-Pr\u00e4senz.\" \/>\n<meta property=\"og:url\" content=\"https:\/\/zewo.ch\/de\/google\/\" \/>\n<meta property=\"og:site_name\" content=\"Zewo\" \/>\n<meta property=\"article:publisher\" content=\"https:\/\/www.facebook.com\/Stiftung.ZEWO\/\" \/>\n<meta property=\"article:modified_time\" content=\"2025-01-23T10:40:49+00:00\" \/>\n<meta property=\"og:image\" content=\"https:\/\/zewo.ch\/wp-content\/uploads\/2019\/05\/google-ad-grants-1024x285-1024x285.png\" \/>\n<meta name=\"twitter:card\" content=\"summary_large_image\" \/>\n<meta name=\"twitter:site\" content=\"@stiftung_zewo\" \/>\n<meta name=\"twitter:label1\" content=\"Gesch\u00e4tzte Lesezeit\" \/>\n\t<meta name=\"twitter:data1\" content=\"1\u00a0Minute\" \/>\n<script type=\"application\/ld+json\" class=\"yoast-schema-graph\">{\"@context\":\"https:\/\/schema.org\",\"@graph\":[{\"@type\":\"WebPage\",\"@id\":\"https:\/\/zewo.ch\/de\/google\/#webpage\",\"url\":\"https:\/\/zewo.ch\/de\/google\/#webpage\",\"name\":\"\",\"isPartOf\":{\"@id\":\"https:\/\/zewo.ch\/de\/#website\"},\"primaryImageOfPage\":{\"@id\":\"https:\/\/zewo.ch\/de\/google\/#primaryimage\"},\"image\":{\"@id\":\"https:\/\/zewo.ch\/de\/google\/#primaryimage\"},\"thumbnailUrl\":\"https:\/\/zewo.ch\/wp-content\/uploads\/2019\/05\/google-ad-grants-1024x285-1024x285.png\",\"datePublished\":\"2019-05-23T11:37:19+00:00\",\"dateModified\":\"2025-01-23T10:40:49+00:00\",\"description\":\"Google unterst\u00fctzt Zewo-zertifizierte Hilfswerke mit kostenlosem Anzeigenguthaben \u00fcber Google Ad Grants. Nutzen Sie diese Chance f\u00fcr Ihre Online-Pr\u00e4senz.\",\"breadcrumb\":{\"@id\":\"https:\/\/zewo.ch\/de\/google\/#breadcrumb\"},\"inLanguage\":\"de\",\"potentialAction\":[{\"@type\":\"ReadAction\",\"target\":[\"https:\/\/zewo.ch\/de\/google\/\"]}]},{\"@type\":\"ImageObject\",\"inLanguage\":\"de\",\"@id\":\"https:\/\/zewo.ch\/de\/google\/#primaryimage\",\"url\":\"https:\/\/zewo.ch\/wp-content\/uploads\/2019\/05\/google-ad-grants-1024x285-1024x285.png\",\"contentUrl\":\"https:\/\/zewo.ch\/wp-content\/uploads\/2019\/05\/google-ad-grants-1024x285-1024x285.png\"},{\"@type\":\"BreadcrumbList\",\"@id\":\"https:\/\/zewo.ch\/de\/google\/#breadcrumb\",\"itemListElement\":[{\"@type\":\"ListItem\",\"position\":1,\"name\":\"Home\",\"item\":\"https:\/\/zewo.ch\/de\/\"},{\"@type\":\"ListItem\",\"position\":2,\"name\":\"Google Ad Grants\"}]},{\"@type\":\"WebSite\",\"@id\":\"https:\/\/zewo.ch\/de\/#website\",\"url\":\"https:\/\/zewo.ch\/de\/\",\"name\":\"Zewo\",\"description\":\"Ihre Spende in guten H\u00e4nden.\",\"publisher\":{\"@id\":\"https:\/\/zewo.ch\/de\/#organization\"},\"potentialAction\":[{\"@type\":\"SearchAction\",\"target\":{\"@type\":\"EntryPoint\",\"urlTemplate\":\"https:\/\/zewo.ch\/de\/?s={search_term_string}\"},\"query-input\":{\"@type\":\"PropertyValueSpecification\",\"valueRequired\":true,\"valueName\":\"search_term_string\"}}],\"inLanguage\":\"de\"},{\"@type\":\"Organization\",\"@id\":\"https:\/\/zewo.ch\/de\/#organization\",\"name\":\"Stiftung Zewo\",\"url\":\"https:\/\/zewo.ch\/de\/\",\"logo\":{\"@type\":\"ImageObject\",\"inLanguage\":\"de\",\"@id\":\"https:\/\/zewo.ch\/de\/#\/schema\/logo\/image\/\",\"url\":\"https:\/\/zewo.ch\/wp-content\/uploads\/2019\/08\/Zewo_Logo_Claim_D.svg\",\"contentUrl\":\"https:\/\/zewo.ch\/wp-content\/uploads\/2019\/08\/Zewo_Logo_Claim_D.svg\",\"width\":1,\"height\":1,\"caption\":\"Stiftung Zewo\"},\"image\":{\"@id\":\"https:\/\/zewo.ch\/de\/#\/schema\/logo\/image\/\"},\"sameAs\":[\"https:\/\/www.facebook.com\/Stiftung.ZEWO\/\",\"https:\/\/x.com\/stiftung_zewo\",\"https:\/\/www.linkedin.com\/company\/stiftung-zewo\",\"https:\/\/www.youtube.com\/channel\/UCzjsVJro12OXcvvx1LQP8tw\",\"https:\/\/de.wikipedia.org\/wiki\/Zewo\"]}]}<\/script>\n<!-- \/ Yoast SEO Premium plugin. -->","yoast_head_json":{"title":"Zewo","description":"Google unterst\u00fctzt Zewo-zertifizierte Hilfswerke mit kostenlosem Anzeigenguthaben \u00fcber Google Ad Grants. Nutzen Sie diese Chance f\u00fcr Ihre Online-Pr\u00e4senz.","robots":{"index":"index","follow":"follow","max-snippet":"max-snippet:-1","max-image-preview":"max-image-preview:large","max-video-preview":"max-video-preview:-1"},"canonical":"https:\/\/zewo.ch\/de\/google\/","og_locale":"de_DE","og_type":"article","og_description":"Google unterst\u00fctzt Zewo-zertifizierte Hilfswerke mit kostenlosem Anzeigenguthaben \u00fcber Google Ad Grants. Nutzen Sie diese Chance f\u00fcr Ihre Online-Pr\u00e4senz.","og_url":"https:\/\/zewo.ch\/de\/google\/","og_site_name":"Zewo","article_publisher":"https:\/\/www.facebook.com\/Stiftung.ZEWO\/","article_modified_time":"2025-01-23T10:40:49+00:00","og_image":[{"url":"https:\/\/zewo.ch\/wp-content\/uploads\/2019\/05\/google-ad-grants-1024x285-1024x285.png","type":"","width":"","height":""}],"twitter_card":"summary_large_image","twitter_site":"@stiftung_zewo","twitter_misc":{"Gesch\u00e4tzte Lesezeit":"1\u00a0Minute"},"schema":{"@context":"https:\/\/schema.org","@graph":[{"@type":"WebPage","@id":"https:\/\/zewo.ch\/de\/google\/#webpage","url":"https:\/\/zewo.ch\/de\/google\/#webpage","name":"","isPartOf":{"@id":"https:\/\/zewo.ch\/de\/#website"},"primaryImageOfPage":{"@id":"https:\/\/zewo.ch\/de\/google\/#primaryimage"},"image":{"@id":"https:\/\/zewo.ch\/de\/google\/#primaryimage"},"thumbnailUrl":"https:\/\/zewo.ch\/wp-content\/uploads\/2019\/05\/google-ad-grants-1024x285-1024x285.png","datePublished":"2019-05-23T11:37:19+00:00","dateModified":"2025-01-23T10:40:49+00:00","description":"Google unterst\u00fctzt Zewo-zertifizierte Hilfswerke mit kostenlosem Anzeigenguthaben \u00fcber Google Ad Grants. Nutzen Sie diese Chance f\u00fcr Ihre Online-Pr\u00e4senz.","breadcrumb":{"@id":"https:\/\/zewo.ch\/de\/google\/#breadcrumb"},"inLanguage":"de","potentialAction":[{"@type":"ReadAction","target":["https:\/\/zewo.ch\/de\/google\/"]}]},{"@type":"ImageObject","inLanguage":"de","@id":"https:\/\/zewo.ch\/de\/google\/#primaryimage","url":"https:\/\/zewo.ch\/wp-content\/uploads\/2019\/05\/google-ad-grants-1024x285-1024x285.png","contentUrl":"https:\/\/zewo.ch\/wp-content\/uploads\/2019\/05\/google-ad-grants-1024x285-1024x285.png"},{"@type":"BreadcrumbList","@id":"https:\/\/zewo.ch\/de\/google\/#breadcrumb","itemListElement":[{"@type":"ListItem","position":1,"name":"Home","item":"https:\/\/zewo.ch\/de\/"},{"@type":"ListItem","position":2,"name":"Google Ad Grants"}]},{"@type":"WebSite","@id":"https:\/\/zewo.ch\/de\/#website","url":"https:\/\/zewo.ch\/de\/","name":"Zewo","description":"Ihre Spende in guten H\u00e4nden.","publisher":{"@id":"https:\/\/zewo.ch\/de\/#organization"},"potentialAction":[{"@type":"SearchAction","target":{"@type":"EntryPoint","urlTemplate":"https:\/\/zewo.ch\/de\/?s={search_term_string}"},"query-input":{"@type":"PropertyValueSpecification","valueRequired":true,"valueName":"search_term_string"}}],"inLanguage":"de"},{"@type":"Organization","@id":"https:\/\/zewo.ch\/de\/#organization","name":"Stiftung Zewo","url":"https:\/\/zewo.ch\/de\/","logo":{"@type":"ImageObject","inLanguage":"de","@id":"https:\/\/zewo.ch\/de\/#\/schema\/logo\/image\/","url":"https:\/\/zewo.ch\/wp-content\/uploads\/2019\/08\/Zewo_Logo_Claim_D.svg","contentUrl":"https:\/\/zewo.ch\/wp-content\/uploads\/2019\/08\/Zewo_Logo_Claim_D.svg","width":1,"height":1,"caption":"Stiftung Zewo"},"image":{"@id":"https:\/\/zewo.ch\/de\/#\/schema\/logo\/image\/"},"sameAs":["https:\/\/www.facebook.com\/Stiftung.ZEWO\/","https:\/\/x.com\/stiftung_zewo","https:\/\/www.linkedin.com\/company\/stiftung-zewo","https:\/\/www.youtube.com\/channel\/UCzjsVJro12OXcvvx1LQP8tw","https:\/\/de.wikipedia.org\/wiki\/Zewo"]}]}},"publishpress_future_action":{"enabled":false,"date":"2026-04-29 12:53:45","action":"change-status","newStatus":"draft","terms":[],"taxonomy":"translation_priority","extraData":[]},"publishpress_future_workflow_manual_trigger":{"enabledWorkflows":[]},"_links":{"self":[{"href":"https:\/\/zewo.ch\/de\/wp-json\/wp\/v2\/pages\/100529","targetHints":{"allow":["GET"]}}],"collection":[{"href":"https:\/\/zewo.ch\/de\/wp-json\/wp\/v2\/pages"}],"about":[{"href":"https:\/\/zewo.ch\/de\/wp-json\/wp\/v2\/types\/page"}],"author":[{"embeddable":true,"href":"https:\/\/zewo.ch\/de\/wp-json\/wp\/v2\/users\/6"}],"replies":[{"embeddable":true,"href":"https:\/\/zewo.ch\/de\/wp-json\/wp\/v2\/comments?post=100529"}],"version-history":[{"count":16,"href":"https:\/\/zewo.ch\/de\/wp-json\/wp\/v2\/pages\/100529\/revisions"}],"predecessor-version":[{"id":5787415,"href":"https:\/\/zewo.ch\/de\/wp-json\/wp\/v2\/pages\/100529\/revisions\/5787415"}],"wp:attachment":[{"href":"https:\/\/zewo.ch\/de\/wp-json\/wp\/v2\/media?parent=100529"}],"wp:term":[{"taxonomy":"folder","embeddable":true,"href":"https:\/\/zewo.ch\/de\/wp-json\/wp\/v2\/folder?post=100529"}],"curies":[{"name":"wp","href":"https:\/\/api.w.org\/{rel}","templated":true}]}}