{"id":100,"date":"2019-04-01T11:39:55","date_gmt":"2019-04-01T09:39:55","guid":{"rendered":"https:\/\/www.zewo.ch\/?page_id=100"},"modified":"2025-02-19T16:35:48","modified_gmt":"2025-02-19T15:35:48","slug":"fuer-npo","status":"publish","type":"page","link":"https:\/\/zewo.ch\/de\/fuer-npo\/","title":{"rendered":"F\u00fcr NPO"},"content":{"rendered":"\n<h2 class=\"wp-block-heading\" id=\"h-das-zewo-gutesiegel-unterstutzt-ihre-npo-beim-spenden-sammeln\">Das Zewo-G\u00fctesiegel unterst\u00fctzt Ihre NPO beim Spenden sammeln<\/h2>\n\n\n\n<p><strong>Gemeinn\u00fctzige NPO sind auf das Vertrauen von Spenderinnen und Spendern angewiesen. Das G\u00fctesiegel der Zewo bescheinigt, dass Ihre NPO dieses Vertrauen verdient und unterst\u00fctzt sie beim Spenden sammeln. Zudem erhalten NPO mit dem Zewo-G\u00fctesiegel attraktive Rabatte und k\u00f6nnen zahlreiche Dienstleistungen nutzen.  <\/strong><\/p>\n\n\n\n<p>Nur NPO, die sich von der Zewo auf  Herz und Nieren pr\u00fcfen lassen und die <a href=\"\/de\/die-21-zewo-standards\/\">21 Zewo-Standards<\/a> erf\u00fcllen, erhalten das begehrte G\u00fctezeichen. Der Effort lohnt sich. Denn NPO, die sich auf die Einhaltung der Zewo-Standards pr\u00fcfen lassen, sind glaubw\u00fcrdig. <\/p>\n\n\n\n<p>Wie weit der Weg zum G\u00fctesiegel f\u00fcr Ihre NPO noch ist, erfahren NPO aus dem <a href=\"\/de\/der-weg-zum-zewo-guetesiegel\/eignungstest\/\">Eignungstest<\/a> und einer <a href=\"\/de\/der-weg-zum-zewo-guetesiegel\/unverbindliche-einschaetzung\/\">unverbindlichen Einsch\u00e4tzung<\/a>. Sie bereiten sich so optimal auf eine Zertifizierung vor, was eine schlanke Pr\u00fcfung erm\u00f6glicht. Die Dauer vom Zeitpunkt, an dem eine NPO das <a href=\"\/de\/der-weg-zum-zewo-guetesiegel\/pruefung-beantragen\/\">Gesuch zur Zertifizierung<\/a> einreicht bis zum erfolgreichen Abschluss der Pr\u00fcfung verringert sich dadurch. <\/p>\n\n\n\n<h2 class=\"wp-block-heading\" id=\"h-der-weg-zum-zewo-gutesiegel\">Der Weg zum Zewo-G\u00fctesiegel<\/h2>\n\n\n\n<div class=\"wp-block-cgb-block-zewo-block-columns-container container bg-color-light-gray\"><div class=\"grid-x grid-margin-x\" data-columns=\"3\">\n<div class=\"cell small-12 medium-6\"><div class=\"wp-block-cgb-block-zewo-block-image-teaser ab-block-cta bg-color-secondary\"><div class=\"ab-cta-image-wrap bg-color-secondary\"><img decoding=\"async\" class=\"ab-cta-image\" src=\"https:\/\/zewo.ch\/wp-content\/uploads\/2019\/10\/frau-am-bildschirm-1.png\" alt=\"Finden Sie heraus, ob sich Ihre NPO pr\u00fcfen lassen kann.\"\/><\/div><div class=\"ab-cta-content\"><h2 class=\"ab-cta-title\">Kann sich Ihre NPO pr\u00fcfen lassen?<\/h2><\/div><div class=\"ab-cta-button\"><a href=\"\/de\/der-weg-zum-zewo-guetesiegel\/eignungstest\/\" target=\"_self\" rel=\"noopener noreferrer\" class=\"button primary button-teaser\"><span class=\"button-arrow\"><\/span>Eignungstest machen<\/a><\/div><a href=\"\/de\/der-weg-zum-zewo-guetesiegel\/eignungstest\/\" target=\"_self\" rel=\"noopener noreferrer\" class=\"button-teaser--is-full\"><\/a><\/div><\/div>\n\n\n\n\n\n<div class=\"cell small-12 medium-6\"><div class=\"wp-block-cgb-block-zewo-block-image-teaser ab-block-cta bg-color-secondary\"><div class=\"ab-cta-image-wrap bg-color-secondary\"><img decoding=\"async\" class=\"ab-cta-image\" src=\"https:\/\/zewo.ch\/wp-content\/uploads\/2019\/07\/Pokal-1.png\" alt=\"Der Weg zum Zewo-G\u00fctesiegel\"\/><\/div><div class=\"ab-cta-content\"><h2 class=\"ab-cta-title\">Der Weg zum Zewo-G\u00fctesiegel<\/h2><\/div><div class=\"ab-cta-button\"><a href=\"\/de\/der-weg-zum-zewo-guetesiegel\/\" target=\"_self\" rel=\"noopener noreferrer\" class=\"button primary button-teaser\"><span class=\"button-arrow\"><\/span>Jetzt informieren<\/a><\/div><a href=\"\/de\/der-weg-zum-zewo-guetesiegel\/\" target=\"_self\" rel=\"noopener noreferrer\" class=\"button-teaser--is-full\"><\/a><\/div><\/div>\n\n\n\n<p><\/p>\n<\/div><\/div>\n\n\n\n<h2 class=\"wp-block-heading\" id=\"h-vorteile-rabatte-und-services-fur-npo\">Vorteile, Rabatte und Services f\u00fcr NPO<\/h2>\n\n\n\n<p>Zertifizierte NPO erhalten attraktive Angebote, k\u00f6nnen zahlreiche Dienstleistungen nutzen und bleiben rund um die Standards der Zewo und das Spendenwesen auf dem Laufenden.<\/p>\n\n\n\n<div class=\"wp-block-cgb-block-zewo-block-columns-container container bg-color-light-gray\"><div class=\"grid-x grid-margin-x\" data-columns=\"3\">\n<div class=\"cell small-12 medium-6\"><div class=\"wp-block-cgb-block-zewo-block-image-text-teaser ab-block-cta\"><div class=\"ab-cta-image-wrap bg-color-secondary\"><img decoding=\"async\" class=\"ab-cta-image\" src=\"https:\/\/zewo.ch\/wp-content\/uploads\/2019\/09\/Gu\u0308tesiegel-1.png\" alt=\"Zewo-G\u00fctesiegel\"\/><\/div><div class=\"ab-cta-content\"><h2 class=\"ab-cta-title\">Das G\u00fctesiegel lohnt sich<\/h2><div class=\"ab-cta-text\">\n<p>Das Zewo-G\u00fctesiegel bietet nicht nur eine Orientierungshilfe beim Spenden. Zertifizierte NPO profitieren auch von zahlreichen Vorteilen und Rabatten. Durchklicken lohnt sich.<\/p>\n<\/div><\/div><div class=\"ab-cta-button\"><a href=\"\/de\/vorteile-und-rabatte\/\" target=\"_self\" rel=\"noopener noreferrer\" class=\"button primary button-teaser\"><span class=\"button-arrow\"><\/span>Angebote ansehen<\/a><\/div><a href=\"\/de\/vorteile-und-rabatte\/\" target=\"_self\" rel=\"noopener noreferrer\" class=\"button-teaser--is-full\"><\/a><\/div><\/div>\n\n\n\n<div class=\"cell small-12 medium-6\"><div class=\"wp-block-cgb-block-zewo-block-image-text-teaser ab-block-cta\"><div class=\"ab-cta-image-wrap bg-color-secondary\"><img decoding=\"async\" class=\"ab-cta-image\" src=\"https:\/\/zewo.ch\/wp-content\/uploads\/2024\/06\/Bild_Tagung_24_D.png\" alt=\"Bild Zewo Tagung 2024\"\/><\/div><div class=\"ab-cta-content\"><h2 class=\"ab-cta-title\">Zewo-Tagung<\/h2><div class=\"ab-cta-text\">\n<p>Die Zewo-Jahrestagung informiert NPO \u00fcber aktuelle Trends aus dem NPO-Bereich. Tauschen Sie sich mit Kolleginnen und Kollegen von anderen NPO aus. Die Zewo-Tagung bietet eine einzigartige Plattform dazu.<\/p>\n<\/div><\/div><div class=\"ab-cta-button\"><a href=\"\/de\/zewo-tagung\/\" target=\"_self\" rel=\"noopener noreferrer\" class=\"button primary button-teaser\"><span class=\"button-arrow\"><\/span>Informieren Sie sich<\/a><\/div><a href=\"\/de\/zewo-tagung\/\" target=\"_self\" rel=\"noopener noreferrer\" class=\"button-teaser--is-full\"><\/a><\/div><\/div>\n\n\n\n<div class=\"cell small-12 medium-6\"><div class=\"wp-block-cgb-block-zewo-block-image-text-teaser ab-block-cta\"><div class=\"ab-cta-image-wrap bg-color-secondary\"><img decoding=\"async\" class=\"ab-cta-image\" src=\"https:\/\/zewo.ch\/wp-content\/uploads\/2019\/08\/Spendenland-CH-2017-900px.png\" alt=\"Spendenland Schweiz\"\/><\/div><div class=\"ab-cta-content\"><h2 class=\"ab-cta-title\">Spendenstatistik<\/h2><div class=\"ab-cta-text\">\n<p>Erfahren Sie wer in der Schweiz spendet und wieviel Zuwendungen gemeinn\u00fctzige NPO erhalten. <\/p>\n<\/div><\/div><div class=\"ab-cta-button\"><a href=\"\/de\/spendenstatistik\/\" target=\"_self\" rel=\"noopener noreferrer\" class=\"button primary button-teaser\"><span class=\"button-arrow\"><\/span>So spendet die Schweiz   <\/a><\/div><a href=\"\/de\/spendenstatistik\/\" target=\"_self\" rel=\"noopener noreferrer\" class=\"button-teaser--is-full\"><\/a><\/div><\/div>\n<\/div><\/div>\n\n\n\n<h2 class=\"wp-block-heading\" id=\"h-aus-den-news-fur-npo\">Aus den News f\u00fcr NPO<\/h2>\n\n\n<div class=\"wp-block-cgb-block-zewo-block-columns-container container bg-color-light-gray margin-top-3 margin-bottom-2 wp-block--latest-posts\"><div class=\"grid-x grid-margin-x\"><div class=\"cell small-12 medium-6 large-4\"><div class=\"wp-block-cgb-block-zewo-block-image-text-teaser ab-block-cta\"><div class=\"ab-cta-image-wrap bg-color-secondary\"><img loading=\"lazy\" decoding=\"async\" width=\"600\" height=\"400\" src=\"https:\/\/zewo.ch\/wp-content\/uploads\/2026\/04\/Spendenprognose_2025_D.png\" class=\"alm-thumbnail ab-cta-image wp-post-image\" alt=\"\" srcset=\"https:\/\/zewo.ch\/wp-content\/uploads\/2026\/04\/Spendenprognose_2025_D.png 600w, https:\/\/zewo.ch\/wp-content\/uploads\/2026\/04\/Spendenprognose_2025_D-300x200.png 300w\" sizes=\"auto, (min-width: 960px) 75vw, 100vw\" \/><\/div><div class=\"ab-cta-content\"><h2 class=\"ab-cta-title\">Spendenprognose 2025: Stabiles Spendenvolumen \u2013 ver\u00e4ndertes Umfeld<\/h2><div class=\"ab-cta-text\">Die Spenden in der Schweiz bleiben auf hohem Niveau. F\u00fcr 2025 rechnet die Zewo-Prognose mit insgesamt rund 2,3 Milliarden Franken \u2013 leicht mehr als im Vorjahr. Gleichzeitig ver\u00e4ndert sich die Zusammensetzung der Spenden. W\u00e4hrend Beitr\u00e4ge aus privaten Haushalten und Legate leicht zur\u00fcckgehen, nehmen institutionelle Spenden deutlich zu.<\/div><\/div><div class=\"ab-cta-button\"><a href=\"https:\/\/zewo.ch\/de\/news-spendenprognose-2025-stabiles-spendenvolumen-verandertes-umfeld\/\" target=\"_self\" rel=\"noopener noreferrer\" class=\"button primary button-teaser\"><span class=\"button-arrow\"><\/span>Mehr <\/a><span class=\"entry-meta\">7.4.26<\/span><\/div><a href=\"https:\/\/zewo.ch\/de\/news-spendenprognose-2025-stabiles-spendenvolumen-verandertes-umfeld\/\" target=\"_self\" rel=\"noopener noreferrer\" class=\"button-teaser--is-full\"><\/a><\/div><\/div><div class=\"cell small-12 medium-6 large-4\"><div class=\"wp-block-cgb-block-zewo-block-image-text-teaser ab-block-cta\"><div class=\"ab-cta-image-wrap bg-color-secondary\"><img loading=\"lazy\" decoding=\"async\" width=\"600\" height=\"400\" src=\"https:\/\/zewo.ch\/wp-content\/uploads\/2026\/01\/Bild_QA-Expert_Suisse_DE.png?ver=1768232388\" class=\"alm-thumbnail ab-cta-image wp-post-image\" alt=\"Bild Q&amp;A Expert Suisse\" srcset=\"https:\/\/zewo.ch\/wp-content\/uploads\/2026\/01\/Bild_QA-Expert_Suisse_DE.png 600w, https:\/\/zewo.ch\/wp-content\/uploads\/2026\/01\/Bild_QA-Expert_Suisse_DE-300x200.png 300w\" sizes=\"auto, (min-width: 960px) 75vw, 100vw\" \/><\/div><div class=\"ab-cta-content\"><h2 class=\"ab-cta-title\">Jahresrechnung sicher erstellen und pr\u00fcfen: Aktualisiertes Q&amp;A zu Swiss GAAP FER 21<\/h2><div class=\"ab-cta-text\">Die Stiftung Zewo und EXPERTsuisse haben das Q&#038;A zur Rechnungslegung und Pr\u00fcfung von Jahresrechnungen nach Swiss GAAP FER 21 \u00fcberarbeitet und aktualisiert (Version Januar 2026).\n\nDas Dokument enth\u00e4lt praxisorientierte Fragen und Antworten zur Erstellung und Pr\u00fcfung der Jahresrechnung gemeinn\u00fctziger Organisationen nach Swiss GAAP FER 21. Es dient als aktuelle und verl\u00e4ssliche Arbeitshilfe zur Erstellung und \u00dcberpr\u00fcfung Ihrer Jahresrechnung 2025.<\/div><\/div><div class=\"ab-cta-button\"><a href=\"https:\/\/zewo.ch\/de\/news-neue-qas-zu-zewo-standard-13-rechnungslegung\/\" target=\"_self\" rel=\"noopener noreferrer\" class=\"button primary button-teaser\"><span class=\"button-arrow\"><\/span>Mehr <\/a><span class=\"entry-meta\">13.1.26<\/span><\/div><a href=\"https:\/\/zewo.ch\/de\/news-neue-qas-zu-zewo-standard-13-rechnungslegung\/\" target=\"_self\" rel=\"noopener noreferrer\" class=\"button-teaser--is-full\"><\/a><\/div><\/div><div class=\"cell small-12 medium-6 large-4\"><div class=\"wp-block-cgb-block-zewo-block-image-text-teaser ab-block-cta\"><div class=\"ab-cta-image-wrap bg-color-secondary\"><img loading=\"lazy\" decoding=\"async\" width=\"550\" height=\"400\" src=\"https:\/\/zewo.ch\/wp-content\/uploads\/2025\/11\/Spendenreport-2025-DE_Komm.png\" class=\"alm-thumbnail ab-cta-image wp-post-image\" alt=\"Bild Spendenreport 2025\" srcset=\"https:\/\/zewo.ch\/wp-content\/uploads\/2025\/11\/Spendenreport-2025-DE_Komm.png 550w, https:\/\/zewo.ch\/wp-content\/uploads\/2025\/11\/Spendenreport-2025-DE_Komm-300x218.png 300w\" sizes=\"auto, (min-width: 960px) 75vw, 100vw\" \/><\/div><div class=\"ab-cta-content\"><h2 class=\"ab-cta-title\">Der Spendenreport 2025 ist da \u2013 die Trends, Herausforderungen und Chancen<\/h2><div class=\"ab-cta-text\">Die Spendenbereitschaft in der Schweiz bleibt hoch \u2013 zugleich stehen Hilfswerke vor neuen Herausforderungen. Der Spendenreport 2025 zeigt, wie Organisationen dem Gegenwind begegnen und den R\u00fcckenwind der Solidarit\u00e4t nutzen. <\/div><\/div><div class=\"ab-cta-button\"><a href=\"https:\/\/zewo.ch\/de\/news-der-spendenreport-2025-ist-da-die-trends-herausforderungen-und-chancen\/\" target=\"_self\" rel=\"noopener noreferrer\" class=\"button primary button-teaser\"><span class=\"button-arrow\"><\/span>Mehr <\/a><span class=\"entry-meta\">27.11.25<\/span><\/div><a href=\"https:\/\/zewo.ch\/de\/news-der-spendenreport-2025-ist-da-die-trends-herausforderungen-und-chancen\/\" target=\"_self\" rel=\"noopener noreferrer\" class=\"button-teaser--is-full\"><\/a><\/div><\/div><\/div><\/div>\n\n\n<h2 class=\"wp-block-heading\" id=\"h-fur-sie-auch-interessant\">F\u00fcr Sie auch interessant<\/h2>\n\n\n\n<ul class=\"wp-block-cgb-block-zewo-block-links container container-columns-1\">\n<li class=\"wp-block-cgb-block-zewo-block-link ab-block-link\"><a href=\"\/de\/die-21-zewo-standards\/\" class=\"button\"><span>Die 21 Zewo-Standards<\/span><span class=\"button-arrow--long\"><\/span><\/a><\/li>\n\n\n\n<li class=\"wp-block-cgb-block-zewo-block-link ab-block-link\"><a href=\"\/de\/der-weg-zum-zewo-guetesiegel\/fragen-und-antworten-zur-zertifizierung\/\" class=\"button\"><span>Fragen und Antworten zur Zertifizierung<\/span><span class=\"button-arrow--long\"><\/span><\/a><\/li>\n\n\n\n<li class=\"wp-block-cgb-block-zewo-block-link ab-block-link\"><a href=\"\/de\/anlasse-und-kurse\/\" class=\"button\"><span>Anl\u00e4sse und Kurse<\/span><span class=\"button-arrow--long\"><\/span><\/a><\/li>\n\n\n\n<li class=\"wp-block-cgb-block-zewo-block-link ab-block-link\"><a href=\"\/de\/spendenstatistik\/\" class=\"button\"><span>Zewo Spendenstatistik<\/span><span class=\"button-arrow--long\"><\/span><\/a><\/li>\n<\/ul>\n","protected":false},"excerpt":{"rendered":"<p>Das Zewo-G\u00fctesiegel unterst\u00fctzt Ihre NPO beim Spenden sammeln Gemeinn\u00fctzige NPO sind auf das Vertrauen von Spenderinnen und Spendern angewiesen. Das G\u00fctesiegel der Zewo bescheinigt, dass Ihre NPO dieses Vertrauen verdient und unterst\u00fctzt sie beim Spenden sammeln. Zudem erhalten NPO mit dem Zewo-G\u00fctesiegel attraktive Rabatte und k\u00f6nnen zahlreiche Dienstleistungen nutzen. Nur NPO, die sich von der [&hellip;]<\/p>\n","protected":false},"author":6,"featured_media":666077,"parent":0,"menu_order":180,"comment_status":"closed","ping_status":"closed","template":"","meta":{"_acf_changed":false,"footnotes":""},"folder":[6639],"class_list":["post-100","page","type-page","status-publish","has-post-thumbnail","hentry"],"acf":[],"yoast_head":"<!-- This site is optimized with the Yoast SEO Premium plugin v26.0 (Yoast SEO v26.0) - https:\/\/yoast.com\/wordpress\/plugins\/seo\/ -->\n<title>Zewo<\/title>\n<meta name=\"description\" content=\"Zewo-Informationen f\u00fcr NPO\" \/>\n<meta name=\"robots\" content=\"index, follow, max-snippet:-1, max-image-preview:large, max-video-preview:-1\" \/>\n<link rel=\"canonical\" href=\"https:\/\/zewo.ch\/de\/fuer-npo\/\" \/>\n<meta property=\"og:locale\" content=\"de_DE\" \/>\n<meta property=\"og:type\" content=\"article\" \/>\n<meta property=\"og:description\" content=\"Zewo-Informationen f\u00fcr NPO\" \/>\n<meta property=\"og:url\" content=\"https:\/\/zewo.ch\/de\/fuer-npo\/\" \/>\n<meta property=\"og:site_name\" content=\"Zewo\" \/>\n<meta property=\"article:publisher\" content=\"https:\/\/www.facebook.com\/Stiftung.ZEWO\/\" \/>\n<meta property=\"article:modified_time\" content=\"2025-02-19T15:35:48+00:00\" \/>\n<meta property=\"og:image\" content=\"https:\/\/zewo.ch\/wp-content\/uploads\/2019\/11\/shutterstock_327359792_WP.jpg\" \/>\n\t<meta property=\"og:image:width\" content=\"2200\" \/>\n\t<meta property=\"og:image:height\" content=\"440\" \/>\n\t<meta property=\"og:image:type\" content=\"image\/jpeg\" \/>\n<meta name=\"twitter:card\" content=\"summary_large_image\" \/>\n<meta name=\"twitter:site\" content=\"@stiftung_zewo\" \/>\n<meta name=\"twitter:label1\" content=\"Gesch\u00e4tzte Lesezeit\" \/>\n\t<meta name=\"twitter:data1\" content=\"10\u00a0Minuten\" \/>\n<script type=\"application\/ld+json\" class=\"yoast-schema-graph\">{\"@context\":\"https:\/\/schema.org\",\"@graph\":[{\"@type\":\"WebPage\",\"@id\":\"https:\/\/zewo.ch\/de\/fuer-npo\/#webpage\",\"url\":\"https:\/\/zewo.ch\/de\/fuer-npo\/#webpage\",\"name\":\"\",\"isPartOf\":{\"@id\":\"https:\/\/zewo.ch\/de\/#website\"},\"primaryImageOfPage\":{\"@id\":\"https:\/\/zewo.ch\/de\/fuer-npo\/#primaryimage\"},\"image\":{\"@id\":\"https:\/\/zewo.ch\/de\/fuer-npo\/#primaryimage\"},\"thumbnailUrl\":\"https:\/\/zewo.ch\/wp-content\/uploads\/2019\/11\/shutterstock_327359792_WP.jpg\",\"datePublished\":\"2019-04-01T09:39:55+00:00\",\"dateModified\":\"2025-02-19T15:35:48+00:00\",\"description\":\"Zewo-Informationen f\u00fcr NPO\",\"breadcrumb\":{\"@id\":\"https:\/\/zewo.ch\/de\/fuer-npo\/#breadcrumb\"},\"inLanguage\":\"de\",\"potentialAction\":[{\"@type\":\"ReadAction\",\"target\":[\"https:\/\/zewo.ch\/de\/fuer-npo\/\"]}]},{\"@type\":\"ImageObject\",\"inLanguage\":\"de\",\"@id\":\"https:\/\/zewo.ch\/de\/fuer-npo\/#primaryimage\",\"url\":\"https:\/\/zewo.ch\/wp-content\/uploads\/2019\/11\/shutterstock_327359792_WP.jpg\",\"contentUrl\":\"https:\/\/zewo.ch\/wp-content\/uploads\/2019\/11\/shutterstock_327359792_WP.jpg\",\"width\":2200,\"height\":440},{\"@type\":\"BreadcrumbList\",\"@id\":\"https:\/\/zewo.ch\/de\/fuer-npo\/#breadcrumb\",\"itemListElement\":[{\"@type\":\"ListItem\",\"position\":1,\"name\":\"Home\",\"item\":\"https:\/\/zewo.ch\/de\/\"},{\"@type\":\"ListItem\",\"position\":2,\"name\":\"F\u00fcr NPO\"}]},{\"@type\":\"WebSite\",\"@id\":\"https:\/\/zewo.ch\/de\/#website\",\"url\":\"https:\/\/zewo.ch\/de\/\",\"name\":\"Zewo\",\"description\":\"Ihre Spende in guten H\u00e4nden.\",\"publisher\":{\"@id\":\"https:\/\/zewo.ch\/de\/#organization\"},\"potentialAction\":[{\"@type\":\"SearchAction\",\"target\":{\"@type\":\"EntryPoint\",\"urlTemplate\":\"https:\/\/zewo.ch\/de\/?s={search_term_string}\"},\"query-input\":{\"@type\":\"PropertyValueSpecification\",\"valueRequired\":true,\"valueName\":\"search_term_string\"}}],\"inLanguage\":\"de\"},{\"@type\":\"Organization\",\"@id\":\"https:\/\/zewo.ch\/de\/#organization\",\"name\":\"Stiftung Zewo\",\"url\":\"https:\/\/zewo.ch\/de\/\",\"logo\":{\"@type\":\"ImageObject\",\"inLanguage\":\"de\",\"@id\":\"https:\/\/zewo.ch\/de\/#\/schema\/logo\/image\/\",\"url\":\"https:\/\/zewo.ch\/wp-content\/uploads\/2019\/08\/Zewo_Logo_Claim_D.svg\",\"contentUrl\":\"https:\/\/zewo.ch\/wp-content\/uploads\/2019\/08\/Zewo_Logo_Claim_D.svg\",\"width\":1,\"height\":1,\"caption\":\"Stiftung Zewo\"},\"image\":{\"@id\":\"https:\/\/zewo.ch\/de\/#\/schema\/logo\/image\/\"},\"sameAs\":[\"https:\/\/www.facebook.com\/Stiftung.ZEWO\/\",\"https:\/\/x.com\/stiftung_zewo\",\"https:\/\/www.linkedin.com\/company\/stiftung-zewo\",\"https:\/\/www.youtube.com\/channel\/UCzjsVJro12OXcvvx1LQP8tw\",\"https:\/\/de.wikipedia.org\/wiki\/Zewo\"]}]}<\/script>\n<!-- \/ Yoast SEO Premium plugin. -->","yoast_head_json":{"title":"Zewo","description":"Zewo-Informationen f\u00fcr NPO","robots":{"index":"index","follow":"follow","max-snippet":"max-snippet:-1","max-image-preview":"max-image-preview:large","max-video-preview":"max-video-preview:-1"},"canonical":"https:\/\/zewo.ch\/de\/fuer-npo\/","og_locale":"de_DE","og_type":"article","og_description":"Zewo-Informationen f\u00fcr NPO","og_url":"https:\/\/zewo.ch\/de\/fuer-npo\/","og_site_name":"Zewo","article_publisher":"https:\/\/www.facebook.com\/Stiftung.ZEWO\/","article_modified_time":"2025-02-19T15:35:48+00:00","og_image":[{"width":2200,"height":440,"url":"https:\/\/zewo.ch\/wp-content\/uploads\/2019\/11\/shutterstock_327359792_WP.jpg","type":"image\/jpeg"}],"twitter_card":"summary_large_image","twitter_site":"@stiftung_zewo","twitter_misc":{"Gesch\u00e4tzte Lesezeit":"10\u00a0Minuten"},"schema":{"@context":"https:\/\/schema.org","@graph":[{"@type":"WebPage","@id":"https:\/\/zewo.ch\/de\/fuer-npo\/#webpage","url":"https:\/\/zewo.ch\/de\/fuer-npo\/#webpage","name":"","isPartOf":{"@id":"https:\/\/zewo.ch\/de\/#website"},"primaryImageOfPage":{"@id":"https:\/\/zewo.ch\/de\/fuer-npo\/#primaryimage"},"image":{"@id":"https:\/\/zewo.ch\/de\/fuer-npo\/#primaryimage"},"thumbnailUrl":"https:\/\/zewo.ch\/wp-content\/uploads\/2019\/11\/shutterstock_327359792_WP.jpg","datePublished":"2019-04-01T09:39:55+00:00","dateModified":"2025-02-19T15:35:48+00:00","description":"Zewo-Informationen f\u00fcr NPO","breadcrumb":{"@id":"https:\/\/zewo.ch\/de\/fuer-npo\/#breadcrumb"},"inLanguage":"de","potentialAction":[{"@type":"ReadAction","target":["https:\/\/zewo.ch\/de\/fuer-npo\/"]}]},{"@type":"ImageObject","inLanguage":"de","@id":"https:\/\/zewo.ch\/de\/fuer-npo\/#primaryimage","url":"https:\/\/zewo.ch\/wp-content\/uploads\/2019\/11\/shutterstock_327359792_WP.jpg","contentUrl":"https:\/\/zewo.ch\/wp-content\/uploads\/2019\/11\/shutterstock_327359792_WP.jpg","width":2200,"height":440},{"@type":"BreadcrumbList","@id":"https:\/\/zewo.ch\/de\/fuer-npo\/#breadcrumb","itemListElement":[{"@type":"ListItem","position":1,"name":"Home","item":"https:\/\/zewo.ch\/de\/"},{"@type":"ListItem","position":2,"name":"F\u00fcr NPO"}]},{"@type":"WebSite","@id":"https:\/\/zewo.ch\/de\/#website","url":"https:\/\/zewo.ch\/de\/","name":"Zewo","description":"Ihre Spende in guten H\u00e4nden.","publisher":{"@id":"https:\/\/zewo.ch\/de\/#organization"},"potentialAction":[{"@type":"SearchAction","target":{"@type":"EntryPoint","urlTemplate":"https:\/\/zewo.ch\/de\/?s={search_term_string}"},"query-input":{"@type":"PropertyValueSpecification","valueRequired":true,"valueName":"search_term_string"}}],"inLanguage":"de"},{"@type":"Organization","@id":"https:\/\/zewo.ch\/de\/#organization","name":"Stiftung Zewo","url":"https:\/\/zewo.ch\/de\/","logo":{"@type":"ImageObject","inLanguage":"de","@id":"https:\/\/zewo.ch\/de\/#\/schema\/logo\/image\/","url":"https:\/\/zewo.ch\/wp-content\/uploads\/2019\/08\/Zewo_Logo_Claim_D.svg","contentUrl":"https:\/\/zewo.ch\/wp-content\/uploads\/2019\/08\/Zewo_Logo_Claim_D.svg","width":1,"height":1,"caption":"Stiftung Zewo"},"image":{"@id":"https:\/\/zewo.ch\/de\/#\/schema\/logo\/image\/"},"sameAs":["https:\/\/www.facebook.com\/Stiftung.ZEWO\/","https:\/\/x.com\/stiftung_zewo","https:\/\/www.linkedin.com\/company\/stiftung-zewo","https:\/\/www.youtube.com\/channel\/UCzjsVJro12OXcvvx1LQP8tw","https:\/\/de.wikipedia.org\/wiki\/Zewo"]}]}},"publishpress_future_action":{"enabled":false,"date":"2026-04-21 18:48:39","action":"change-status","newStatus":"draft","terms":[],"taxonomy":"translation_priority","extraData":[]},"publishpress_future_workflow_manual_trigger":{"enabledWorkflows":[]},"_links":{"self":[{"href":"https:\/\/zewo.ch\/de\/wp-json\/wp\/v2\/pages\/100","targetHints":{"allow":["GET"]}}],"collection":[{"href":"https:\/\/zewo.ch\/de\/wp-json\/wp\/v2\/pages"}],"about":[{"href":"https:\/\/zewo.ch\/de\/wp-json\/wp\/v2\/types\/page"}],"author":[{"embeddable":true,"href":"https:\/\/zewo.ch\/de\/wp-json\/wp\/v2\/users\/6"}],"replies":[{"embeddable":true,"href":"https:\/\/zewo.ch\/de\/wp-json\/wp\/v2\/comments?post=100"}],"version-history":[{"count":76,"href":"https:\/\/zewo.ch\/de\/wp-json\/wp\/v2\/pages\/100\/revisions"}],"predecessor-version":[{"id":5926568,"href":"https:\/\/zewo.ch\/de\/wp-json\/wp\/v2\/pages\/100\/revisions\/5926568"}],"wp:featuredmedia":[{"embeddable":true,"href":"https:\/\/zewo.ch\/de\/wp-json\/wp\/v2\/media\/666077"}],"wp:attachment":[{"href":"https:\/\/zewo.ch\/de\/wp-json\/wp\/v2\/media?parent=100"}],"wp:term":[{"taxonomy":"folder","embeddable":true,"href":"https:\/\/zewo.ch\/de\/wp-json\/wp\/v2\/folder?post=100"}],"curies":[{"name":"wp","href":"https:\/\/api.w.org\/{rel}","templated":true}]}}